{"id":13420,"date":"2025-05-24T09:35:34","date_gmt":"2025-05-24T09:35:34","guid":{"rendered":"https:\/\/www.cinesouk.ma\/?post_type=product&#038;p=13420"},"modified":"2026-02-05T13:01:08","modified_gmt":"2026-02-05T13:01:08","slug":"godox-knowled-ms60r-k2-rgb-led-2-light-kit-dedolight-alternative","status":"publish","type":"product","link":"https:\/\/www.cinesouk.ma\/fr\/produit\/godox-knowled-ms60r-k2-rgb-led-2-light-kit-dedolight-alternative\/","title":{"rendered":"Godox Knowled MS60R K2 RGB LED 2 Light Kit (Dedolight alternative)"},"content":{"rendered":"<p data-start=\"232\" data-end=\"664\">Le Godox KNOWLED MS60R K2 est un kit professionnel \u00e0 deux lumi\u00e8res qui offre un \u00e9clairage puissant et flexible dans un format compact. Chaque projecteur LED RVB de 60W offre un contr\u00f4le total des couleurs, ce qui le rend id\u00e9al pour un \u00e9clairage cr\u00e9atif dans les films, la t\u00e9l\u00e9vision, les studios photo, les \u00e9v\u00e9nements en direct et les tournages sur place. Malgr\u00e9 sa petite taille, le MS60R offre une pr\u00e9cision, une polyvalence et un rendement comparables \u00e0 ceux des syst\u00e8mes compacts classiques tels que Dedolight.<\/p>\n<h3 data-start=\"671\" data-end=\"691\"><strong data-start=\"675\" data-end=\"691\">Caract\u00e9ristiques principales du Godox KNOWLED MS60R K2 :<\/strong><\/h3>\n<ul data-start=\"693\" data-end=\"1670\">\n<li data-start=\"693\" data-end=\"791\">\n<p data-start=\"695\" data-end=\"791\"><strong data-start=\"695\" data-end=\"720\">Sortie couleur RVB compl\u00e8te<\/strong><br data-start=\"720\" data-end=\"723\" \/>Ajustez la teinte, la saturation et l'intensit\u00e9 pour un \u00e9clairage couleur cr\u00e9atif.<\/p>\n<\/li>\n<li data-start=\"793\" data-end=\"913\">\n<p data-start=\"795\" data-end=\"913\"><strong data-start=\"795\" data-end=\"813\">Large gamme CCT<\/strong><br data-start=\"813\" data-end=\"816\" \/>Temp\u00e9rature de couleur r\u00e9glable de <strong data-start=\"849\" data-end=\"869\">1800K \u00e0 10 000K<\/strong> pour s'adapter \u00e0 la lumi\u00e8re ambiante ou \u00e0 l'aspect souhait\u00e9.<\/p>\n<\/li>\n<li data-start=\"915\" data-end=\"1054\">\n<p data-start=\"917\" data-end=\"1054\"><strong data-start=\"917\" data-end=\"948\">Un rendement \u00e9lev\u00e9 dans un format r\u00e9duit<\/strong><br data-start=\"948\" data-end=\"951\" \/>D\u00e9livre jusqu'\u00e0 <strong data-start=\"968\" data-end=\"993\">11 000 lux \u00e0 1 m\u00e8tre<\/strong> avec l'objectif fourni, ce qui lui conf\u00e8re une grande force de frappe dans les environnements restreints.<\/p>\n<\/li>\n<li data-start=\"1056\" data-end=\"1197\">\n<p data-start=\"1058\" data-end=\"1197\"><strong data-start=\"1058\" data-end=\"1086\">Options de contr\u00f4le multiples<\/strong><br data-start=\"1086\" data-end=\"1089\" \/>Contr\u00f4le par <strong data-start=\"1103\" data-end=\"1113\">DMX512<\/strong>, <strong data-start=\"1115\" data-end=\"1122\">RDM<\/strong>, <strong data-start=\"1124\" data-end=\"1137\">Bluetooth<\/strong> (application Godox), <strong data-start=\"1151\" data-end=\"1170\">LumenRadio CRMX<\/strong>ou <strong data-start=\"1175\" data-end=\"1196\">Appairage rapide NFC<\/strong>.<\/p>\n<\/li>\n<li data-start=\"1199\" data-end=\"1315\">\n<p data-start=\"1201\" data-end=\"1315\"><strong data-start=\"1201\" data-end=\"1224\">Quatre courbes de gradation<\/strong><br data-start=\"1224\" data-end=\"1227\" \/>Choisissez la gradation lin\u00e9aire, la courbe en S, la gradation exponentielle ou la gradation logarithmique pour un contr\u00f4le pr\u00e9cis.<\/p>\n<\/li>\n<li data-start=\"1317\" data-end=\"1434\">\n<p data-start=\"1319\" data-end=\"1434\"><strong data-start=\"1319\" data-end=\"1343\">14 modes d'effets int\u00e9gr\u00e9s<\/strong><br data-start=\"1343\" data-end=\"1346\" \/>Inclut le feu, la bougie, la t\u00e9l\u00e9vision, la foudre, les feux d'artifice, et plus encore pour des configurations d'\u00e9clairage dynamiques.<\/p>\n<\/li>\n<li data-start=\"1436\" data-end=\"1545\">\n<p data-start=\"1438\" data-end=\"1545\"><strong data-start=\"1438\" data-end=\"1463\">Alimentation flexible<\/strong><br data-start=\"1463\" data-end=\"1466\" \/>Fonctionne <strong data-start=\"1476\" data-end=\"1488\">Alimentation en courant alternatif<\/strong>, <strong data-start=\"1490\" data-end=\"1499\">USB-C<\/strong>ou <strong data-start=\"1504\" data-end=\"1522\">Batteries NP-F<\/strong> (avec support optionnel).<\/p>\n<\/li>\n<li data-start=\"1547\" data-end=\"1670\">\n<p data-start=\"1549\" data-end=\"1670\"><strong data-start=\"1549\" data-end=\"1576\">Compact et l\u00e9ger<\/strong><br data-start=\"1576\" data-end=\"1579\" \/>P\u00e8se environ <strong data-start=\"1596\" data-end=\"1614\">311 g par t\u00eate<\/strong>Il est donc facile de le ranger, de le monter ou de l'installer dans des espaces restreints.<\/p>\n<\/li>\n<\/ul>\n<h3 data-start=\"1677\" data-end=\"1711\"><strong data-start=\"1681\" data-end=\"1711\">Sp\u00e9cifications (par lumi\u00e8re)<\/strong><\/h3>\n<ul data-start=\"1713\" data-end=\"1997\">\n<li data-start=\"1713\" data-end=\"1738\">\n<p data-start=\"1715\" data-end=\"1738\"><strong data-start=\"1715\" data-end=\"1731\">Puissance de sortie<\/strong>: 60W<\/p>\n<\/li>\n<li data-start=\"1739\" data-end=\"1779\">\n<p data-start=\"1741\" data-end=\"1779\"><strong data-start=\"1741\" data-end=\"1762\">Temp\u00e9rature de couleur<\/strong>: 1800K-10,000K<\/p>\n<\/li>\n<li data-start=\"1780\" data-end=\"1814\">\n<p data-start=\"1782\" data-end=\"1814\"><strong data-start=\"1782\" data-end=\"1797\">Modes de couleur<\/strong>: RGB, CCT, HSI<\/p>\n<\/li>\n<li data-start=\"1815\" data-end=\"1838\">\n<p data-start=\"1817\" data-end=\"1838\"><strong data-start=\"1817\" data-end=\"1831\">CRI \/ TLCI<\/strong>: \u226595<\/p>\n<\/li>\n<li data-start=\"1839\" data-end=\"1882\">\n<p data-start=\"1841\" data-end=\"1882\"><strong data-start=\"1841\" data-end=\"1855\">Luminosit\u00e9<\/strong>: Jusqu'\u00e0 11 000 lux \u00e0 1 m<\/p>\n<\/li>\n<li data-start=\"1883\" data-end=\"1931\">\n<p data-start=\"1885\" data-end=\"1931\"><strong data-start=\"1885\" data-end=\"1896\">Contr\u00f4le<\/strong>: DMX, CRMX, App (Bluetooth), NFC<\/p>\n<\/li>\n<li data-start=\"1932\" data-end=\"1961\">\n<p data-start=\"1934\" data-end=\"1961\"><strong data-start=\"1934\" data-end=\"1944\">Poids<\/strong>: Environ 311 g<\/p>\n<\/li>\n<li data-start=\"1962\" data-end=\"1997\">\n<p data-start=\"1964\" data-end=\"1997\"><strong data-start=\"1964\" data-end=\"1978\">Dimensions<\/strong>77 \u00d7 77 \u00d7 91 mm<\/p>\n<\/li>\n<\/ul>\n<h3 data-start=\"2004\" data-end=\"2034\"><strong data-start=\"2008\" data-end=\"2034\">Inclus dans le kit K2<\/strong><\/h3>\n<ul data-start=\"2036\" data-end=\"2400\">\n<li data-start=\"2036\" data-end=\"2064\">\n<p data-start=\"2038\" data-end=\"2064\">2 \u00d7 MS60R RGB LED Lights<\/p>\n<\/li>\n<li data-start=\"2065\" data-end=\"2092\">\n<p data-start=\"2067\" data-end=\"2092\">2 \u00d7 Objectifs zoom (SZ-L2)<\/p>\n<\/li>\n<li data-start=\"2093\" data-end=\"2111\">\n<p data-start=\"2095\" data-end=\"2111\">2 \u00d7 R\u00e9flecteurs<\/p>\n<\/li>\n<li data-start=\"2112\" data-end=\"2142\">\n<p data-start=\"2114\" data-end=\"2142\">2 \u00d7 kits de modification magn\u00e9tique<\/p>\n<\/li>\n<li data-start=\"2143\" data-end=\"2165\">\n<p data-start=\"2145\" data-end=\"2165\">2 \u00d7 Adaptateurs d'alimentation<\/p>\n<\/li>\n<li data-start=\"2166\" data-end=\"2195\">\n<p data-start=\"2168\" data-end=\"2195\">2 \u00d7 c\u00e2bles de charge USB-C<\/p>\n<\/li>\n<li data-start=\"2196\" data-end=\"2216\">\n<p data-start=\"2198\" data-end=\"2216\">2 \u00d7 c\u00e2bles d'alimentation<\/p>\n<\/li>\n<li data-start=\"2217\" data-end=\"2237\">\n<p data-start=\"2219\" data-end=\"2237\">2 \u00d7 adaptateurs E27<\/p>\n<\/li>\n<li data-start=\"2238\" data-end=\"2262\">\n<p data-start=\"2240\" data-end=\"2262\">2 \u00d7 supports (AD-E2)<\/p>\n<\/li>\n<li data-start=\"2263\" data-end=\"2294\">\n<p data-start=\"2265\" data-end=\"2294\">1 \u00d7 Bo\u00eete \u00e0 lumi\u00e8re parabolique (SP1)<\/p>\n<\/li>\n<li data-start=\"2295\" data-end=\"2323\">\n<p data-start=\"2297\" data-end=\"2323\">1 \u00d7 1'x1\u2032 Bo\u00eete \u00e0 lumi\u00e8re (SS11)<\/p>\n<\/li>\n<li data-start=\"2324\" data-end=\"2354\">\n<p data-start=\"2326\" data-end=\"2354\">4 \u00d7 piles rechargeables<\/p>\n<\/li>\n<li data-start=\"2355\" data-end=\"2380\">\n<p data-start=\"2357\" data-end=\"2380\">1 \u00d7 C\u00e2ble d'alimentation divis\u00e9<\/p>\n<\/li>\n<li data-start=\"2381\" data-end=\"2400\">\n<p data-start=\"2383\" data-end=\"2400\">1 \u00d7 \u00c9tui de transport<\/p>\n<\/li>\n<\/ul>\n<p>Louez-le maintenant sur <a href=\"https:\/\/www.cinesouk.ma\/fr\">CINESOUK<\/a> - une marque de <a href=\"https:\/\/www.broadway.ma\/\">BROADWAY PRODUCTIONS SARL.<\/a><\/p>","protected":false},"excerpt":{"rendered":"<p><strong>Sp\u00e9cifications :<\/strong><\/p>\n<p>&nbsp;<\/p>\n<ul>\n<li data-start=\"1715\" data-end=\"1738\"><strong data-start=\"1715\" data-end=\"1731\">Puissance de sortie<\/strong>: 60W<\/li>\n<li data-start=\"1739\" data-end=\"1779\">\n<p data-start=\"1741\" data-end=\"1779\"><strong data-start=\"1741\" data-end=\"1762\">Temp\u00e9rature de couleur<\/strong>: 1800K-10,000K<\/p>\n<\/li>\n<li data-start=\"1739\" data-end=\"1779\">\n<p data-start=\"1741\" data-end=\"1779\"><strong data-start=\"1782\" data-end=\"1797\">Modes de couleur<\/strong>: RGB, CCT, HSI<\/p>\n<\/li>\n<li data-start=\"1815\" data-end=\"1838\">\n<p data-start=\"1817\" data-end=\"1838\"><strong data-start=\"1817\" data-end=\"1831\">CRI \/ TLCI<\/strong>: \u226595<\/p>\n<\/li>\n<li data-start=\"1839\" data-end=\"1882\">\n<p data-start=\"1841\" data-end=\"1882\"><strong data-start=\"1841\" data-end=\"1855\">Luminosit\u00e9<\/strong>: Jusqu'\u00e0 11 000 lux \u00e0 1 m<\/p>\n<\/li>\n<li data-start=\"1883\" data-end=\"1931\">\n<p data-start=\"1885\" data-end=\"1931\"><strong data-start=\"1885\" data-end=\"1896\">Contr\u00f4le<\/strong>: DMX, CRMX, App (Bluetooth), NFC<\/p>\n<\/li>\n<li data-start=\"1932\" data-end=\"1961\">\n<p data-start=\"1934\" data-end=\"1961\"><strong data-start=\"1934\" data-end=\"1944\">Poids<\/strong>: Environ 311 g<\/p>\n<\/li>\n<li data-start=\"1962\" data-end=\"1997\">\n<p data-start=\"1964\" data-end=\"1997\"><strong data-start=\"1964\" data-end=\"1978\">Dimensions<\/strong>77 \u00d7 77 \u00d7 91 mm<\/p>\n<\/li>\n<\/ul>\n<p>&nbsp;<\/p>","protected":false},"featured_media":13431,"template":"","meta":{"om_disable_all_campaigns":false,"_monsterinsights_skip_tracking":false,"_monsterinsights_sitenote_active":false,"_monsterinsights_sitenote_note":"","_monsterinsights_sitenote_category":0,"_uf_show_specific_survey":0,"_uf_disable_surveys":false},"product_brand":[],"product_cat":[76,20],"product_tag":[],"class_list":{"0":"post-13420","1":"product","2":"type-product","3":"status-publish","4":"has-post-thumbnail","6":"product_cat-bundles-and-kits-cinesouk","7":"product_cat-light-cinesouk","9":"entry","10":"has-media","12":"first","13":"instock","14":"taxable","15":"shipping-taxable","16":"purchasable","17":"product-type-variable","18":"has-product-nav","19":"col","20":"span_1_of_3","21":"owp-content-center","22":"owp-thumbs-layout-horizontal","23":"owp-btn-normal","24":"owp-tabs-layout-horizontal","25":"has-no-thumbnails"},"yoast_head":"<!-- This site is optimized with the Yoast SEO Premium plugin v26.0 (Yoast SEO v26.0) - https:\/\/yoast.com\/wordpress\/plugins\/seo\/ -->\n<title>Godox Knowled MS60R K2 RGB LED 2 Light Kit (Dedolight alternative) - CineSouk - For rent<\/title>\n<meta name=\"description\" content=\"Godox KNOWLED MS60R K2 RGB LED 2-Light Kit with full-color control, wide CCT range, and multi-platform connectivity. A compact and powerful lighting solution for film, photography, and content creation.\" \/>\n<meta name=\"robots\" content=\"index, follow, max-snippet:-1, max-image-preview:large, max-video-preview:-1\" \/>\n<link rel=\"canonical\" href=\"https:\/\/www.cinesouk.ma\/fr\/produit\/godox-knowled-ms60r-k2-rgb-led-2-light-kit-dedolight-alternative\/\" \/>\n<meta property=\"og:locale\" content=\"fr_FR\" \/>\n<meta property=\"og:type\" content=\"article\" \/>\n<meta property=\"og:title\" content=\"Godox Knowled MS60R K2 RGB LED 2 Light Kit (Dedolight alternative)\" \/>\n<meta property=\"og:description\" content=\"Godox KNOWLED MS60R K2 RGB LED 2-Light Kit with full-color control, wide CCT range, and multi-platform connectivity. A compact and powerful lighting solution for film, photography, and content creation.\" \/>\n<meta property=\"og:url\" content=\"https:\/\/www.cinesouk.ma\/fr\/produit\/godox-knowled-ms60r-k2-rgb-led-2-light-kit-dedolight-alternative\/\" \/>\n<meta property=\"og:site_name\" content=\"CineSouk\" \/>\n<meta property=\"article:modified_time\" content=\"2026-02-05T13:01:08+00:00\" \/>\n<meta property=\"og:image\" content=\"https:\/\/www.cinesouk.ma\/wp-content\/uploads\/2025\/05\/Godox-Knowled-MS60R-K2-RGB-LED-2-Light-Kit-Dedolight-alternative.jpg\" \/>\n\t<meta property=\"og:image:width\" content=\"300\" \/>\n\t<meta property=\"og:image:height\" content=\"238\" \/>\n\t<meta property=\"og:image:type\" content=\"image\/jpeg\" \/>\n<meta name=\"twitter:card\" content=\"summary_large_image\" \/>\n<meta name=\"twitter:description\" content=\"Godox KNOWLED MS60R K2 RGB LED 2-Light Kit with full-color control, wide CCT range, and multi-platform connectivity. A compact and powerful lighting solution for film, photography, and content creation.\" \/>\n<meta name=\"twitter:label1\" content=\"Dur\u00e9e de lecture estim\u00e9e\" \/>\n\t<meta name=\"twitter:data1\" content=\"2 minutes\" \/>\n<script type=\"application\/ld+json\" class=\"yoast-schema-graph\">{\"@context\":\"https:\/\/schema.org\",\"@graph\":[{\"@type\":\"WebPage\",\"@id\":\"https:\/\/www.cinesouk.ma\/product\/godox-knowled-ms60r-k2-rgb-led-2-light-kit-dedolight-alternative\/\",\"url\":\"https:\/\/www.cinesouk.ma\/product\/godox-knowled-ms60r-k2-rgb-led-2-light-kit-dedolight-alternative\/\",\"name\":\"Godox Knowled MS60R K2 RGB LED 2 Light Kit (Dedolight alternative) - CineSouk - For rent\",\"isPartOf\":{\"@id\":\"https:\/\/www.cinesouk.ma\/#website\"},\"primaryImageOfPage\":{\"@id\":\"https:\/\/www.cinesouk.ma\/product\/godox-knowled-ms60r-k2-rgb-led-2-light-kit-dedolight-alternative\/#primaryimage\"},\"image\":{\"@id\":\"https:\/\/www.cinesouk.ma\/product\/godox-knowled-ms60r-k2-rgb-led-2-light-kit-dedolight-alternative\/#primaryimage\"},\"thumbnailUrl\":\"https:\/\/www.cinesouk.ma\/wp-content\/uploads\/2025\/05\/Godox-Knowled-MS60R-K2-RGB-LED-2-Light-Kit-Dedolight-alternative.jpg\",\"datePublished\":\"2025-05-24T09:35:34+00:00\",\"dateModified\":\"2026-02-05T13:01:08+00:00\",\"description\":\"Godox KNOWLED MS60R K2 RGB LED 2-Light Kit with full-color control, wide CCT range, and multi-platform connectivity. A compact and powerful lighting solution for film, photography, and content creation.\",\"breadcrumb\":{\"@id\":\"https:\/\/www.cinesouk.ma\/product\/godox-knowled-ms60r-k2-rgb-led-2-light-kit-dedolight-alternative\/#breadcrumb\"},\"inLanguage\":\"fr-FR\",\"potentialAction\":[{\"@type\":\"ReadAction\",\"target\":[\"https:\/\/www.cinesouk.ma\/product\/godox-knowled-ms60r-k2-rgb-led-2-light-kit-dedolight-alternative\/\"]}]},{\"@type\":\"ImageObject\",\"inLanguage\":\"fr-FR\",\"@id\":\"https:\/\/www.cinesouk.ma\/product\/godox-knowled-ms60r-k2-rgb-led-2-light-kit-dedolight-alternative\/#primaryimage\",\"url\":\"https:\/\/www.cinesouk.ma\/wp-content\/uploads\/2025\/05\/Godox-Knowled-MS60R-K2-RGB-LED-2-Light-Kit-Dedolight-alternative.jpg\",\"contentUrl\":\"https:\/\/www.cinesouk.ma\/wp-content\/uploads\/2025\/05\/Godox-Knowled-MS60R-K2-RGB-LED-2-Light-Kit-Dedolight-alternative.jpg\",\"width\":300,\"height\":238,\"caption\":\"Godox Knowled MS60R K2 RGB LED 2 Light Kit (Dedolight alternative)\"},{\"@type\":\"BreadcrumbList\",\"@id\":\"https:\/\/www.cinesouk.ma\/product\/godox-knowled-ms60r-k2-rgb-led-2-light-kit-dedolight-alternative\/#breadcrumb\",\"itemListElement\":[{\"@type\":\"ListItem\",\"position\":1,\"name\":\"Home\",\"item\":\"https:\/\/www.cinesouk.ma\/\"},{\"@type\":\"ListItem\",\"position\":2,\"name\":\"Shop\",\"item\":\"https:\/\/www.cinesouk.ma\/shop\/\"},{\"@type\":\"ListItem\",\"position\":3,\"name\":\"Godox Knowled MS60R K2 RGB LED 2 Light Kit (Dedolight alternative)\"}]},{\"@type\":\"WebSite\",\"@id\":\"https:\/\/www.cinesouk.ma\/#website\",\"url\":\"https:\/\/www.cinesouk.ma\/\",\"name\":\"CineSouk\",\"description\":\"\",\"publisher\":{\"@id\":\"https:\/\/www.cinesouk.ma\/#organization\"},\"potentialAction\":[{\"@type\":\"SearchAction\",\"target\":{\"@type\":\"EntryPoint\",\"urlTemplate\":\"https:\/\/www.cinesouk.ma\/?s={search_term_string}\"},\"query-input\":{\"@type\":\"PropertyValueSpecification\",\"valueRequired\":true,\"valueName\":\"search_term_string\"}}],\"inLanguage\":\"fr-FR\"},{\"@type\":\"Organization\",\"@id\":\"https:\/\/www.cinesouk.ma\/#organization\",\"name\":\"CineSouk\",\"url\":\"https:\/\/www.cinesouk.ma\/\",\"logo\":{\"@type\":\"ImageObject\",\"inLanguage\":\"fr-FR\",\"@id\":\"https:\/\/www.cinesouk.ma\/#\/schema\/logo\/image\/\",\"url\":\"https:\/\/www.cinesouk.ma\/wp-content\/uploads\/2024\/01\/CineSouk-logo-v01-alpha-alligned-left.png\",\"contentUrl\":\"https:\/\/www.cinesouk.ma\/wp-content\/uploads\/2024\/01\/CineSouk-logo-v01-alpha-alligned-left.png\",\"width\":3204,\"height\":889,\"caption\":\"CineSouk\"},\"image\":{\"@id\":\"https:\/\/www.cinesouk.ma\/#\/schema\/logo\/image\/\"}}]}<\/script>\n<!-- \/ Yoast SEO Premium plugin. -->","yoast_head_json":{"title":"Godox Knowled MS60R K2 RGB LED 2 Light Kit (Dedolight alternative) - CineSouk - For rent","description":"Godox KNOWLED MS60R K2 RGB LED 2-Light Kit with full-color control, wide CCT range, and multi-platform connectivity. A compact and powerful lighting solution for film, photography, and content creation.","robots":{"index":"index","follow":"follow","max-snippet":"max-snippet:-1","max-image-preview":"max-image-preview:large","max-video-preview":"max-video-preview:-1"},"canonical":"https:\/\/www.cinesouk.ma\/fr\/produit\/godox-knowled-ms60r-k2-rgb-led-2-light-kit-dedolight-alternative\/","og_locale":"fr_FR","og_type":"article","og_title":"Godox Knowled MS60R K2 RGB LED 2 Light Kit (Dedolight alternative)","og_description":"Godox KNOWLED MS60R K2 RGB LED 2-Light Kit with full-color control, wide CCT range, and multi-platform connectivity. A compact and powerful lighting solution for film, photography, and content creation.","og_url":"https:\/\/www.cinesouk.ma\/fr\/produit\/godox-knowled-ms60r-k2-rgb-led-2-light-kit-dedolight-alternative\/","og_site_name":"CineSouk","article_modified_time":"2026-02-05T13:01:08+00:00","og_image":[{"width":300,"height":238,"url":"https:\/\/www.cinesouk.ma\/wp-content\/uploads\/2025\/05\/Godox-Knowled-MS60R-K2-RGB-LED-2-Light-Kit-Dedolight-alternative.jpg","type":"image\/jpeg"}],"twitter_card":"summary_large_image","twitter_description":"Godox KNOWLED MS60R K2 RGB LED 2-Light Kit with full-color control, wide CCT range, and multi-platform connectivity. A compact and powerful lighting solution for film, photography, and content creation.","twitter_misc":{"Dur\u00e9e de lecture estim\u00e9e":"2 minutes"},"schema":{"@context":"https:\/\/schema.org","@graph":[{"@type":"WebPage","@id":"https:\/\/www.cinesouk.ma\/product\/godox-knowled-ms60r-k2-rgb-led-2-light-kit-dedolight-alternative\/","url":"https:\/\/www.cinesouk.ma\/product\/godox-knowled-ms60r-k2-rgb-led-2-light-kit-dedolight-alternative\/","name":"Godox Knowled MS60R K2 RGB LED 2 Light Kit (Dedolight alternative) - CineSouk - For rent","isPartOf":{"@id":"https:\/\/www.cinesouk.ma\/#website"},"primaryImageOfPage":{"@id":"https:\/\/www.cinesouk.ma\/product\/godox-knowled-ms60r-k2-rgb-led-2-light-kit-dedolight-alternative\/#primaryimage"},"image":{"@id":"https:\/\/www.cinesouk.ma\/product\/godox-knowled-ms60r-k2-rgb-led-2-light-kit-dedolight-alternative\/#primaryimage"},"thumbnailUrl":"https:\/\/www.cinesouk.ma\/wp-content\/uploads\/2025\/05\/Godox-Knowled-MS60R-K2-RGB-LED-2-Light-Kit-Dedolight-alternative.jpg","datePublished":"2025-05-24T09:35:34+00:00","dateModified":"2026-02-05T13:01:08+00:00","description":"Godox KNOWLED MS60R K2 RGB LED 2-Light Kit with full-color control, wide CCT range, and multi-platform connectivity. A compact and powerful lighting solution for film, photography, and content creation.","breadcrumb":{"@id":"https:\/\/www.cinesouk.ma\/product\/godox-knowled-ms60r-k2-rgb-led-2-light-kit-dedolight-alternative\/#breadcrumb"},"inLanguage":"fr-FR","potentialAction":[{"@type":"ReadAction","target":["https:\/\/www.cinesouk.ma\/product\/godox-knowled-ms60r-k2-rgb-led-2-light-kit-dedolight-alternative\/"]}]},{"@type":"ImageObject","inLanguage":"fr-FR","@id":"https:\/\/www.cinesouk.ma\/product\/godox-knowled-ms60r-k2-rgb-led-2-light-kit-dedolight-alternative\/#primaryimage","url":"https:\/\/www.cinesouk.ma\/wp-content\/uploads\/2025\/05\/Godox-Knowled-MS60R-K2-RGB-LED-2-Light-Kit-Dedolight-alternative.jpg","contentUrl":"https:\/\/www.cinesouk.ma\/wp-content\/uploads\/2025\/05\/Godox-Knowled-MS60R-K2-RGB-LED-2-Light-Kit-Dedolight-alternative.jpg","width":300,"height":238,"caption":"Godox Knowled MS60R K2 RGB LED 2 Light Kit (Dedolight alternative)"},{"@type":"BreadcrumbList","@id":"https:\/\/www.cinesouk.ma\/product\/godox-knowled-ms60r-k2-rgb-led-2-light-kit-dedolight-alternative\/#breadcrumb","itemListElement":[{"@type":"ListItem","position":1,"name":"Home","item":"https:\/\/www.cinesouk.ma\/"},{"@type":"ListItem","position":2,"name":"Shop","item":"https:\/\/www.cinesouk.ma\/shop\/"},{"@type":"ListItem","position":3,"name":"Godox Knowled MS60R K2 RGB LED 2 Light Kit (Dedolight alternative)"}]},{"@type":"WebSite","@id":"https:\/\/www.cinesouk.ma\/#website","url":"https:\/\/www.cinesouk.ma\/","name":"CineSouk","description":"","publisher":{"@id":"https:\/\/www.cinesouk.ma\/#organization"},"potentialAction":[{"@type":"SearchAction","target":{"@type":"EntryPoint","urlTemplate":"https:\/\/www.cinesouk.ma\/?s={search_term_string}"},"query-input":{"@type":"PropertyValueSpecification","valueRequired":true,"valueName":"search_term_string"}}],"inLanguage":"fr-FR"},{"@type":"Organization","@id":"https:\/\/www.cinesouk.ma\/#organization","name":"CineSouk","url":"https:\/\/www.cinesouk.ma\/","logo":{"@type":"ImageObject","inLanguage":"fr-FR","@id":"https:\/\/www.cinesouk.ma\/#\/schema\/logo\/image\/","url":"https:\/\/www.cinesouk.ma\/wp-content\/uploads\/2024\/01\/CineSouk-logo-v01-alpha-alligned-left.png","contentUrl":"https:\/\/www.cinesouk.ma\/wp-content\/uploads\/2024\/01\/CineSouk-logo-v01-alpha-alligned-left.png","width":3204,"height":889,"caption":"CineSouk"},"image":{"@id":"https:\/\/www.cinesouk.ma\/#\/schema\/logo\/image\/"}}]}},"_links":{"self":[{"href":"https:\/\/www.cinesouk.ma\/fr\/wp-json\/wp\/v2\/product\/13420","targetHints":{"allow":["GET"]}}],"collection":[{"href":"https:\/\/www.cinesouk.ma\/fr\/wp-json\/wp\/v2\/product"}],"about":[{"href":"https:\/\/www.cinesouk.ma\/fr\/wp-json\/wp\/v2\/types\/product"}],"wp:featuredmedia":[{"embeddable":true,"href":"https:\/\/www.cinesouk.ma\/fr\/wp-json\/wp\/v2\/media\/13431"}],"wp:attachment":[{"href":"https:\/\/www.cinesouk.ma\/fr\/wp-json\/wp\/v2\/media?parent=13420"}],"wp:term":[{"taxonomy":"product_brand","embeddable":true,"href":"https:\/\/www.cinesouk.ma\/fr\/wp-json\/wp\/v2\/product_brand?post=13420"},{"taxonomy":"product_cat","embeddable":true,"href":"https:\/\/www.cinesouk.ma\/fr\/wp-json\/wp\/v2\/product_cat?post=13420"},{"taxonomy":"product_tag","embeddable":true,"href":"https:\/\/www.cinesouk.ma\/fr\/wp-json\/wp\/v2\/product_tag?post=13420"}],"curies":[{"name":"wp","href":"https:\/\/api.w.org\/{rel}","templated":true}]}}