{"id":13446,"date":"2025-05-24T10:45:48","date_gmt":"2025-05-24T10:45:48","guid":{"rendered":"https:\/\/www.cinesouk.ma\/?post_type=product&#038;p=13446"},"modified":"2026-02-05T13:00:52","modified_gmt":"2026-02-05T13:00:52","slug":"godox-knowled-ms60r-k4-rgb-led-4-light-kit-dedolight-alternative","status":"publish","type":"product","link":"https:\/\/www.cinesouk.ma\/fr\/produit\/godox-knowled-ms60r-k4-rgb-led-4-light-kit-dedolight-alternative\/","title":{"rendered":"Godox Knowled MS60R K4 RGB LED 4 Light Kit (Dedolight alternative)"},"content":{"rendered":"<p data-start=\"307\" data-end=\"729\">Le Godox KNOWLED MS60R K4 est un kit LED RVB \u00e0 quatre lumi\u00e8res con\u00e7u pour les applications professionnelles de la vid\u00e9o, de la photo et du broadcast. Chaque lumi\u00e8re offre une sortie RVB de 60W, un facteur de forme compact et de multiples options de contr\u00f4le. Le syst\u00e8me offre un contr\u00f4le pr\u00e9cis des couleurs, un spectre complet et une intensit\u00e9 de sortie \u00e9lev\u00e9e dans une configuration l\u00e9g\u00e8re, ce qui en fait une alternative moderne et \u00e9conomique aux kits Dedolight traditionnels.<\/p>\n<h3 data-start=\"736\" data-end=\"756\"><strong data-start=\"740\" data-end=\"756\">Caract\u00e9ristiques principales du Godox Knowled MS60R K4 :<\/strong><\/h3>\n<ul data-start=\"758\" data-end=\"1635\">\n<li data-start=\"758\" data-end=\"865\">\n<p data-start=\"760\" data-end=\"865\"><strong data-start=\"760\" data-end=\"785\">Sortie couleur RVB compl\u00e8te<\/strong><br data-start=\"785\" data-end=\"788\" \/>Contr\u00f4lez la teinte, la saturation et l'intensit\u00e9 pour vous adapter \u00e0 n'importe quel aspect cr\u00e9atif ou sc\u00e8ne.<\/p>\n<\/li>\n<li data-start=\"867\" data-end=\"974\">\n<p data-start=\"869\" data-end=\"974\"><strong data-start=\"869\" data-end=\"901\">Large gamme de temp\u00e9ratures de couleur<\/strong><br data-start=\"901\" data-end=\"904\" \/>R\u00e9glable de <strong data-start=\"922\" data-end=\"942\">1800K \u00e0 10 000K<\/strong>y compris le passage au vert\/magenta.<\/p>\n<\/li>\n<li data-start=\"976\" data-end=\"1085\">\n<p data-start=\"978\" data-end=\"1085\"><strong data-start=\"978\" data-end=\"1006\">Rendement \u00e9lev\u00e9 pour sa taille<\/strong><br data-start=\"1006\" data-end=\"1009\" \/>Chaque t\u00eate d\u00e9livre jusqu'\u00e0 <strong data-start=\"1036\" data-end=\"1061\">11 000 lux \u00e0 1 m\u00e8tre<\/strong> avec l'objectif fourni.<\/p>\n<\/li>\n<li data-start=\"1087\" data-end=\"1232\">\n<p data-start=\"1089\" data-end=\"1232\"><strong data-start=\"1089\" data-end=\"1117\">Options de contr\u00f4le multiples<\/strong><br data-start=\"1117\" data-end=\"1120\" \/>Soutien <strong data-start=\"1131\" data-end=\"1141\">DMX512<\/strong>, <strong data-start=\"1143\" data-end=\"1150\">RDM<\/strong>, <strong data-start=\"1152\" data-end=\"1171\">LumenRadio CRMX<\/strong>, <strong data-start=\"1173\" data-end=\"1204\">Bluetooth (Godox Light App)<\/strong>et <strong data-start=\"1210\" data-end=\"1231\">Appairage rapide NFC<\/strong>.<\/p>\n<\/li>\n<li data-start=\"1234\" data-end=\"1337\">\n<p data-start=\"1236\" data-end=\"1337\"><strong data-start=\"1236\" data-end=\"1262\">Modes de gradation avanc\u00e9s<\/strong><br data-start=\"1262\" data-end=\"1265\" \/>Comprend des courbes de gradation lin\u00e9aires, en S, exponentielles et logarithmiques.<\/p>\n<\/li>\n<li data-start=\"1339\" data-end=\"1439\">\n<p data-start=\"1341\" data-end=\"1439\"><strong data-start=\"1341\" data-end=\"1364\">14 effets int\u00e9gr\u00e9s<\/strong><br data-start=\"1364\" data-end=\"1367\" \/>Simulez la foudre, la t\u00e9l\u00e9vision, le feu, les feux d'artifice, la lumi\u00e8re des bougies, les \u00e9clairs, etc.<\/p>\n<\/li>\n<li data-start=\"1441\" data-end=\"1541\">\n<p data-start=\"1443\" data-end=\"1541\"><strong data-start=\"1443\" data-end=\"1469\">Options d'alimentation flexibles<\/strong><br data-start=\"1469\" data-end=\"1472\" \/>Peut fonctionner sur <strong data-start=\"1485\" data-end=\"1491\">AC<\/strong>, <strong data-start=\"1493\" data-end=\"1502\">USB-C<\/strong>ou <strong data-start=\"1507\" data-end=\"1525\">Batteries NP-F<\/strong> (avec adaptateur).<\/p>\n<\/li>\n<li data-start=\"1543\" data-end=\"1635\">\n<p data-start=\"1545\" data-end=\"1635\"><strong data-start=\"1545\" data-end=\"1567\">Refroidissement par ventilateur silencieux<\/strong><br data-start=\"1567\" data-end=\"1570\" \/>Maintient la performance sans interf\u00e9rer avec l'enregistrement du son.<\/p>\n<\/li>\n<\/ul>\n<h3 data-start=\"1642\" data-end=\"1676\"><strong data-start=\"1646\" data-end=\"1676\">Sp\u00e9cifications (par lumi\u00e8re)<\/strong><\/h3>\n<ul data-start=\"1678\" data-end=\"2000\">\n<li data-start=\"1678\" data-end=\"1697\">\n<p data-start=\"1680\" data-end=\"1697\"><strong data-start=\"1680\" data-end=\"1690\">Sortie<\/strong>: 60W<\/p>\n<\/li>\n<li data-start=\"1698\" data-end=\"1738\">\n<p data-start=\"1700\" data-end=\"1738\"><strong data-start=\"1700\" data-end=\"1721\">Temp\u00e9rature de couleur<\/strong>: 1800K-10,000K<\/p>\n<\/li>\n<li data-start=\"1739\" data-end=\"1762\">\n<p data-start=\"1741\" data-end=\"1762\"><strong data-start=\"1741\" data-end=\"1755\">CRI \/ TLCI<\/strong>: \u226595<\/p>\n<\/li>\n<li data-start=\"1763\" data-end=\"1812\">\n<p data-start=\"1765\" data-end=\"1812\"><strong data-start=\"1765\" data-end=\"1780\">L'intensit\u00e9 lumineuse<\/strong>: 11 000 lux \u00e0 1 m (avec objectif)<\/p>\n<\/li>\n<li data-start=\"1813\" data-end=\"1876\">\n<p data-start=\"1815\" data-end=\"1876\"><strong data-start=\"1815\" data-end=\"1834\">M\u00e9thodes de contr\u00f4le<\/strong>: Onboard, DMX, CRMX, Bluetooth App, NFC<\/p>\n<\/li>\n<li data-start=\"1877\" data-end=\"1936\">\n<p data-start=\"1879\" data-end=\"1936\"><strong data-start=\"1879\" data-end=\"1891\">Montage<\/strong>: Filetage standard 1\/4\u2033-20, support inclus<\/p>\n<\/li>\n<li data-start=\"1937\" data-end=\"1972\">\n<p data-start=\"1939\" data-end=\"1972\"><strong data-start=\"1939\" data-end=\"1953\">Dimensions<\/strong>77 \u00d7 77 \u00d7 91 mm<\/p>\n<\/li>\n<li data-start=\"1973\" data-end=\"2000\">\n<p data-start=\"1975\" data-end=\"2000\"><strong data-start=\"1975\" data-end=\"1985\">Poids<\/strong>: Environ 311 g<\/p>\n<\/li>\n<\/ul>\n<h3 data-start=\"2007\" data-end=\"2044\"><strong data-start=\"2011\" data-end=\"2044\">Ce qui est inclus dans le kit K4<\/strong><\/h3>\n<ul data-start=\"2046\" data-end=\"2469\">\n<li data-start=\"2046\" data-end=\"2079\">\n<p data-start=\"2048\" data-end=\"2079\">4 \u00d7 unit\u00e9s d'\u00e9clairage LED MS60R RGB<\/p>\n<\/li>\n<li data-start=\"2080\" data-end=\"2103\">\n<p data-start=\"2082\" data-end=\"2103\">4 \u00d7 R\u00e9flecteurs de lentilles<\/p>\n<\/li>\n<li data-start=\"2104\" data-end=\"2132\">\n<p data-start=\"2106\" data-end=\"2132\">4 \u00d7 adaptateurs d'alimentation secteur<\/p>\n<\/li>\n<li data-start=\"2133\" data-end=\"2163\">\n<p data-start=\"2135\" data-end=\"2163\">8 \u00d7 piles rechargeables<\/p>\n<\/li>\n<li data-start=\"2164\" data-end=\"2188\">\n<p data-start=\"2166\" data-end=\"2188\">4 \u00d7 supports (AD-E2)<\/p>\n<\/li>\n<li data-start=\"2189\" data-end=\"2218\">\n<p data-start=\"2191\" data-end=\"2218\">4 \u00d7 C\u00e2bles de charge USB-C<\/p>\n<\/li>\n<li data-start=\"2219\" data-end=\"2239\">\n<p data-start=\"2221\" data-end=\"2239\">4 \u00d7 c\u00e2bles d'alimentation<\/p>\n<\/li>\n<li data-start=\"2240\" data-end=\"2266\">\n<p data-start=\"2242\" data-end=\"2266\">4 \u00d7 adaptateurs de montage E27<\/p>\n<\/li>\n<li data-start=\"2267\" data-end=\"2297\">\n<p data-start=\"2269\" data-end=\"2297\">2 \u00d7 kits de modification magn\u00e9tique<\/p>\n<\/li>\n<li data-start=\"2298\" data-end=\"2323\">\n<p data-start=\"2300\" data-end=\"2323\">2 \u00d7 objectifs zoom SZ-L2<\/p>\n<\/li>\n<li data-start=\"2324\" data-end=\"2358\">\n<p data-start=\"2326\" data-end=\"2358\">2 \u00d7 DL5 Parallel Beam Boosters (amplificateurs \u00e0 faisceau parall\u00e8le)<\/p>\n<\/li>\n<li data-start=\"2359\" data-end=\"2388\">\n<p data-start=\"2361\" data-end=\"2388\">1 \u00d7 SP1 Bo\u00eete \u00e0 lumi\u00e8re parabolique<\/p>\n<\/li>\n<li data-start=\"2389\" data-end=\"2415\">\n<p data-start=\"2391\" data-end=\"2415\">1 \u00d7 SS11 1'x1\u2032 Bo\u00eete \u00e0 lumi\u00e8re<\/p>\n<\/li>\n<li data-start=\"2416\" data-end=\"2448\">\n<p data-start=\"2418\" data-end=\"2448\">1 \u00d7 C\u00e2ble d'alimentation divis\u00e9 de 1 \u00e0 4<\/p>\n<\/li>\n<li data-start=\"2449\" data-end=\"2469\">\n<p data-start=\"2451\" data-end=\"2469\">2 \u00d7 \u00c9tuis de transport<\/p>\n<\/li>\n<\/ul>\n<p>Louez-le maintenant sur <a href=\"https:\/\/www.cinesouk.ma\/fr\">CINESOUK<\/a> - une marque de <a href=\"https:\/\/www.broadway.ma\/\">BROADWAY PRODUCTIONS SARL.<\/a><\/p>","protected":false},"excerpt":{"rendered":"<p><strong>Sp\u00e9cifications :<\/strong><\/p>\n<ul>\n<li data-start=\"1678\" data-end=\"1697\">\n<p data-start=\"1680\" data-end=\"1697\"><strong data-start=\"1680\" data-end=\"1690\">Sortie<\/strong>: 60W<\/p>\n<\/li>\n<li data-start=\"1698\" data-end=\"1738\">\n<p data-start=\"1700\" data-end=\"1738\"><strong data-start=\"1700\" data-end=\"1721\">Temp\u00e9rature de couleur<\/strong>: 1800K-10,000K<\/p>\n<\/li>\n<li data-start=\"1739\" data-end=\"1762\">\n<p data-start=\"1741\" data-end=\"1762\"><strong data-start=\"1741\" data-end=\"1755\">CRI \/ TLCI<\/strong>: \u226595<\/p>\n<\/li>\n<li data-start=\"1763\" data-end=\"1812\">\n<p data-start=\"1765\" data-end=\"1812\"><strong data-start=\"1765\" data-end=\"1780\">L'intensit\u00e9 lumineuse<\/strong>: 11 000 lux \u00e0 1 m (avec objectif)<\/p>\n<\/li>\n<li data-start=\"1813\" data-end=\"1876\">\n<p data-start=\"1815\" data-end=\"1876\"><strong data-start=\"1815\" data-end=\"1834\">M\u00e9thodes de contr\u00f4le<\/strong>: Onboard, DMX, CRMX, Bluetooth App, NFC<\/p>\n<\/li>\n<li data-start=\"1877\" data-end=\"1936\">\n<p data-start=\"1879\" data-end=\"1936\"><strong data-start=\"1879\" data-end=\"1891\">Montage<\/strong>: Filetage standard 1\/4\u2033-20, support inclus<\/p>\n<\/li>\n<li data-start=\"1937\" data-end=\"1972\">\n<p data-start=\"1939\" data-end=\"1972\"><strong data-start=\"1939\" data-end=\"1953\">Dimensions<\/strong>77 \u00d7 77 \u00d7 91 mm<\/p>\n<\/li>\n<li data-start=\"1973\" data-end=\"2000\">\n<p data-start=\"1975\" data-end=\"2000\"><strong data-start=\"1975\" data-end=\"1985\">Poids<\/strong>: Environ 311 g<\/p>\n<\/li>\n<\/ul>","protected":false},"featured_media":13457,"template":"","meta":{"om_disable_all_campaigns":false,"_monsterinsights_skip_tracking":false,"_monsterinsights_sitenote_active":false,"_monsterinsights_sitenote_note":"","_monsterinsights_sitenote_category":0,"_uf_show_specific_survey":0,"_uf_disable_surveys":false},"product_brand":[],"product_cat":[76,20],"product_tag":[],"class_list":{"0":"post-13446","1":"product","2":"type-product","3":"status-publish","4":"has-post-thumbnail","6":"product_cat-bundles-and-kits-cinesouk","7":"product_cat-light-cinesouk","9":"entry","10":"has-media","12":"first","13":"instock","14":"taxable","15":"shipping-taxable","16":"purchasable","17":"product-type-variable","18":"has-product-nav","19":"col","20":"span_1_of_3","21":"owp-content-center","22":"owp-thumbs-layout-horizontal","23":"owp-btn-normal","24":"owp-tabs-layout-horizontal","25":"has-no-thumbnails"},"yoast_head":"<!-- This site is optimized with the Yoast SEO Premium plugin v26.0 (Yoast SEO v26.0) - https:\/\/yoast.com\/wordpress\/plugins\/seo\/ -->\n<title>Godox Knowled MS60R K4 RGB LED 4 Light Kit (Dedolight alternative) - CineSouk - For rent<\/title>\n<meta name=\"description\" content=\"Godox KNOWLED MS60R K4 RGB LED 4-Light Kit with 60W output per head, RGBWW control, 1800K\u201310,000K range, and multi-platform wireless and DMX compatibility. A powerful, lightweight alternative to Dedolight systems.\" \/>\n<meta name=\"robots\" content=\"index, follow, max-snippet:-1, max-image-preview:large, max-video-preview:-1\" \/>\n<link rel=\"canonical\" href=\"https:\/\/www.cinesouk.ma\/fr\/produit\/godox-knowled-ms60r-k4-rgb-led-4-light-kit-dedolight-alternative\/\" \/>\n<meta property=\"og:locale\" content=\"fr_FR\" \/>\n<meta property=\"og:type\" content=\"article\" \/>\n<meta property=\"og:title\" content=\"Godox Knowled MS60R K4 RGB LED 4 Light Kit (Dedolight alternative)\" \/>\n<meta property=\"og:description\" content=\"Godox KNOWLED MS60R K4 RGB LED 4-Light Kit with 60W output per head, RGBWW control, 1800K\u201310,000K range, and multi-platform wireless and DMX compatibility. A powerful, lightweight alternative to Dedolight systems.\" \/>\n<meta property=\"og:url\" content=\"https:\/\/www.cinesouk.ma\/fr\/produit\/godox-knowled-ms60r-k4-rgb-led-4-light-kit-dedolight-alternative\/\" \/>\n<meta property=\"og:site_name\" content=\"CineSouk\" \/>\n<meta property=\"article:modified_time\" content=\"2026-02-05T13:00:52+00:00\" \/>\n<meta property=\"og:image\" content=\"https:\/\/www.cinesouk.ma\/wp-content\/uploads\/2025\/05\/Godox-Knowled-MS60R-K4-RGB-LED-4-Light-Kit-Dedolight-alternative.jpg\" \/>\n\t<meta property=\"og:image:width\" content=\"300\" \/>\n\t<meta property=\"og:image:height\" content=\"238\" \/>\n\t<meta property=\"og:image:type\" content=\"image\/jpeg\" \/>\n<meta name=\"twitter:card\" content=\"summary_large_image\" \/>\n<meta name=\"twitter:description\" content=\"Godox KNOWLED MS60R K4 RGB LED 4-Light Kit with 60W output per head, RGBWW control, 1800K\u201310,000K range, and multi-platform wireless and DMX compatibility. A powerful, lightweight alternative to Dedolight systems.\" \/>\n<meta name=\"twitter:label1\" content=\"Dur\u00e9e de lecture estim\u00e9e\" \/>\n\t<meta name=\"twitter:data1\" content=\"2 minutes\" \/>\n<script type=\"application\/ld+json\" class=\"yoast-schema-graph\">{\"@context\":\"https:\/\/schema.org\",\"@graph\":[{\"@type\":\"WebPage\",\"@id\":\"https:\/\/www.cinesouk.ma\/product\/godox-knowled-ms60r-k4-rgb-led-4-light-kit-dedolight-alternative\/\",\"url\":\"https:\/\/www.cinesouk.ma\/product\/godox-knowled-ms60r-k4-rgb-led-4-light-kit-dedolight-alternative\/\",\"name\":\"Godox Knowled MS60R K4 RGB LED 4 Light Kit (Dedolight alternative) - CineSouk - For rent\",\"isPartOf\":{\"@id\":\"https:\/\/www.cinesouk.ma\/#website\"},\"primaryImageOfPage\":{\"@id\":\"https:\/\/www.cinesouk.ma\/product\/godox-knowled-ms60r-k4-rgb-led-4-light-kit-dedolight-alternative\/#primaryimage\"},\"image\":{\"@id\":\"https:\/\/www.cinesouk.ma\/product\/godox-knowled-ms60r-k4-rgb-led-4-light-kit-dedolight-alternative\/#primaryimage\"},\"thumbnailUrl\":\"https:\/\/www.cinesouk.ma\/wp-content\/uploads\/2025\/05\/Godox-Knowled-MS60R-K4-RGB-LED-4-Light-Kit-Dedolight-alternative.jpg\",\"datePublished\":\"2025-05-24T10:45:48+00:00\",\"dateModified\":\"2026-02-05T13:00:52+00:00\",\"description\":\"Godox KNOWLED MS60R K4 RGB LED 4-Light Kit with 60W output per head, RGBWW control, 1800K\u201310,000K range, and multi-platform wireless and DMX compatibility. A powerful, lightweight alternative to Dedolight systems.\",\"breadcrumb\":{\"@id\":\"https:\/\/www.cinesouk.ma\/product\/godox-knowled-ms60r-k4-rgb-led-4-light-kit-dedolight-alternative\/#breadcrumb\"},\"inLanguage\":\"fr-FR\",\"potentialAction\":[{\"@type\":\"ReadAction\",\"target\":[\"https:\/\/www.cinesouk.ma\/product\/godox-knowled-ms60r-k4-rgb-led-4-light-kit-dedolight-alternative\/\"]}]},{\"@type\":\"ImageObject\",\"inLanguage\":\"fr-FR\",\"@id\":\"https:\/\/www.cinesouk.ma\/product\/godox-knowled-ms60r-k4-rgb-led-4-light-kit-dedolight-alternative\/#primaryimage\",\"url\":\"https:\/\/www.cinesouk.ma\/wp-content\/uploads\/2025\/05\/Godox-Knowled-MS60R-K4-RGB-LED-4-Light-Kit-Dedolight-alternative.jpg\",\"contentUrl\":\"https:\/\/www.cinesouk.ma\/wp-content\/uploads\/2025\/05\/Godox-Knowled-MS60R-K4-RGB-LED-4-Light-Kit-Dedolight-alternative.jpg\",\"width\":300,\"height\":238,\"caption\":\"Godox Knowled MS60R K4 RGB LED 4 Light Kit (Dedolight alternative)\"},{\"@type\":\"BreadcrumbList\",\"@id\":\"https:\/\/www.cinesouk.ma\/product\/godox-knowled-ms60r-k4-rgb-led-4-light-kit-dedolight-alternative\/#breadcrumb\",\"itemListElement\":[{\"@type\":\"ListItem\",\"position\":1,\"name\":\"Home\",\"item\":\"https:\/\/www.cinesouk.ma\/\"},{\"@type\":\"ListItem\",\"position\":2,\"name\":\"Shop\",\"item\":\"https:\/\/www.cinesouk.ma\/shop\/\"},{\"@type\":\"ListItem\",\"position\":3,\"name\":\"Godox Knowled MS60R K4 RGB LED 4 Light Kit (Dedolight alternative)\"}]},{\"@type\":\"WebSite\",\"@id\":\"https:\/\/www.cinesouk.ma\/#website\",\"url\":\"https:\/\/www.cinesouk.ma\/\",\"name\":\"CineSouk\",\"description\":\"\",\"publisher\":{\"@id\":\"https:\/\/www.cinesouk.ma\/#organization\"},\"potentialAction\":[{\"@type\":\"SearchAction\",\"target\":{\"@type\":\"EntryPoint\",\"urlTemplate\":\"https:\/\/www.cinesouk.ma\/?s={search_term_string}\"},\"query-input\":{\"@type\":\"PropertyValueSpecification\",\"valueRequired\":true,\"valueName\":\"search_term_string\"}}],\"inLanguage\":\"fr-FR\"},{\"@type\":\"Organization\",\"@id\":\"https:\/\/www.cinesouk.ma\/#organization\",\"name\":\"CineSouk\",\"url\":\"https:\/\/www.cinesouk.ma\/\",\"logo\":{\"@type\":\"ImageObject\",\"inLanguage\":\"fr-FR\",\"@id\":\"https:\/\/www.cinesouk.ma\/#\/schema\/logo\/image\/\",\"url\":\"https:\/\/www.cinesouk.ma\/wp-content\/uploads\/2024\/01\/CineSouk-logo-v01-alpha-alligned-left.png\",\"contentUrl\":\"https:\/\/www.cinesouk.ma\/wp-content\/uploads\/2024\/01\/CineSouk-logo-v01-alpha-alligned-left.png\",\"width\":3204,\"height\":889,\"caption\":\"CineSouk\"},\"image\":{\"@id\":\"https:\/\/www.cinesouk.ma\/#\/schema\/logo\/image\/\"}}]}<\/script>\n<!-- \/ Yoast SEO Premium plugin. -->","yoast_head_json":{"title":"Godox Knowled MS60R K4 RGB LED 4 Light Kit (Dedolight alternative) - CineSouk - For rent","description":"Godox KNOWLED MS60R K4 RGB LED 4-Light Kit with 60W output per head, RGBWW control, 1800K\u201310,000K range, and multi-platform wireless and DMX compatibility. A powerful, lightweight alternative to Dedolight systems.","robots":{"index":"index","follow":"follow","max-snippet":"max-snippet:-1","max-image-preview":"max-image-preview:large","max-video-preview":"max-video-preview:-1"},"canonical":"https:\/\/www.cinesouk.ma\/fr\/produit\/godox-knowled-ms60r-k4-rgb-led-4-light-kit-dedolight-alternative\/","og_locale":"fr_FR","og_type":"article","og_title":"Godox Knowled MS60R K4 RGB LED 4 Light Kit (Dedolight alternative)","og_description":"Godox KNOWLED MS60R K4 RGB LED 4-Light Kit with 60W output per head, RGBWW control, 1800K\u201310,000K range, and multi-platform wireless and DMX compatibility. A powerful, lightweight alternative to Dedolight systems.","og_url":"https:\/\/www.cinesouk.ma\/fr\/produit\/godox-knowled-ms60r-k4-rgb-led-4-light-kit-dedolight-alternative\/","og_site_name":"CineSouk","article_modified_time":"2026-02-05T13:00:52+00:00","og_image":[{"width":300,"height":238,"url":"https:\/\/www.cinesouk.ma\/wp-content\/uploads\/2025\/05\/Godox-Knowled-MS60R-K4-RGB-LED-4-Light-Kit-Dedolight-alternative.jpg","type":"image\/jpeg"}],"twitter_card":"summary_large_image","twitter_description":"Godox KNOWLED MS60R K4 RGB LED 4-Light Kit with 60W output per head, RGBWW control, 1800K\u201310,000K range, and multi-platform wireless and DMX compatibility. A powerful, lightweight alternative to Dedolight systems.","twitter_misc":{"Dur\u00e9e de lecture estim\u00e9e":"2 minutes"},"schema":{"@context":"https:\/\/schema.org","@graph":[{"@type":"WebPage","@id":"https:\/\/www.cinesouk.ma\/product\/godox-knowled-ms60r-k4-rgb-led-4-light-kit-dedolight-alternative\/","url":"https:\/\/www.cinesouk.ma\/product\/godox-knowled-ms60r-k4-rgb-led-4-light-kit-dedolight-alternative\/","name":"Godox Knowled MS60R K4 RGB LED 4 Light Kit (Dedolight alternative) - CineSouk - For rent","isPartOf":{"@id":"https:\/\/www.cinesouk.ma\/#website"},"primaryImageOfPage":{"@id":"https:\/\/www.cinesouk.ma\/product\/godox-knowled-ms60r-k4-rgb-led-4-light-kit-dedolight-alternative\/#primaryimage"},"image":{"@id":"https:\/\/www.cinesouk.ma\/product\/godox-knowled-ms60r-k4-rgb-led-4-light-kit-dedolight-alternative\/#primaryimage"},"thumbnailUrl":"https:\/\/www.cinesouk.ma\/wp-content\/uploads\/2025\/05\/Godox-Knowled-MS60R-K4-RGB-LED-4-Light-Kit-Dedolight-alternative.jpg","datePublished":"2025-05-24T10:45:48+00:00","dateModified":"2026-02-05T13:00:52+00:00","description":"Godox KNOWLED MS60R K4 RGB LED 4-Light Kit with 60W output per head, RGBWW control, 1800K\u201310,000K range, and multi-platform wireless and DMX compatibility. A powerful, lightweight alternative to Dedolight systems.","breadcrumb":{"@id":"https:\/\/www.cinesouk.ma\/product\/godox-knowled-ms60r-k4-rgb-led-4-light-kit-dedolight-alternative\/#breadcrumb"},"inLanguage":"fr-FR","potentialAction":[{"@type":"ReadAction","target":["https:\/\/www.cinesouk.ma\/product\/godox-knowled-ms60r-k4-rgb-led-4-light-kit-dedolight-alternative\/"]}]},{"@type":"ImageObject","inLanguage":"fr-FR","@id":"https:\/\/www.cinesouk.ma\/product\/godox-knowled-ms60r-k4-rgb-led-4-light-kit-dedolight-alternative\/#primaryimage","url":"https:\/\/www.cinesouk.ma\/wp-content\/uploads\/2025\/05\/Godox-Knowled-MS60R-K4-RGB-LED-4-Light-Kit-Dedolight-alternative.jpg","contentUrl":"https:\/\/www.cinesouk.ma\/wp-content\/uploads\/2025\/05\/Godox-Knowled-MS60R-K4-RGB-LED-4-Light-Kit-Dedolight-alternative.jpg","width":300,"height":238,"caption":"Godox Knowled MS60R K4 RGB LED 4 Light Kit (Dedolight alternative)"},{"@type":"BreadcrumbList","@id":"https:\/\/www.cinesouk.ma\/product\/godox-knowled-ms60r-k4-rgb-led-4-light-kit-dedolight-alternative\/#breadcrumb","itemListElement":[{"@type":"ListItem","position":1,"name":"Home","item":"https:\/\/www.cinesouk.ma\/"},{"@type":"ListItem","position":2,"name":"Shop","item":"https:\/\/www.cinesouk.ma\/shop\/"},{"@type":"ListItem","position":3,"name":"Godox Knowled MS60R K4 RGB LED 4 Light Kit (Dedolight alternative)"}]},{"@type":"WebSite","@id":"https:\/\/www.cinesouk.ma\/#website","url":"https:\/\/www.cinesouk.ma\/","name":"CineSouk","description":"","publisher":{"@id":"https:\/\/www.cinesouk.ma\/#organization"},"potentialAction":[{"@type":"SearchAction","target":{"@type":"EntryPoint","urlTemplate":"https:\/\/www.cinesouk.ma\/?s={search_term_string}"},"query-input":{"@type":"PropertyValueSpecification","valueRequired":true,"valueName":"search_term_string"}}],"inLanguage":"fr-FR"},{"@type":"Organization","@id":"https:\/\/www.cinesouk.ma\/#organization","name":"CineSouk","url":"https:\/\/www.cinesouk.ma\/","logo":{"@type":"ImageObject","inLanguage":"fr-FR","@id":"https:\/\/www.cinesouk.ma\/#\/schema\/logo\/image\/","url":"https:\/\/www.cinesouk.ma\/wp-content\/uploads\/2024\/01\/CineSouk-logo-v01-alpha-alligned-left.png","contentUrl":"https:\/\/www.cinesouk.ma\/wp-content\/uploads\/2024\/01\/CineSouk-logo-v01-alpha-alligned-left.png","width":3204,"height":889,"caption":"CineSouk"},"image":{"@id":"https:\/\/www.cinesouk.ma\/#\/schema\/logo\/image\/"}}]}},"_links":{"self":[{"href":"https:\/\/www.cinesouk.ma\/fr\/wp-json\/wp\/v2\/product\/13446","targetHints":{"allow":["GET"]}}],"collection":[{"href":"https:\/\/www.cinesouk.ma\/fr\/wp-json\/wp\/v2\/product"}],"about":[{"href":"https:\/\/www.cinesouk.ma\/fr\/wp-json\/wp\/v2\/types\/product"}],"wp:featuredmedia":[{"embeddable":true,"href":"https:\/\/www.cinesouk.ma\/fr\/wp-json\/wp\/v2\/media\/13457"}],"wp:attachment":[{"href":"https:\/\/www.cinesouk.ma\/fr\/wp-json\/wp\/v2\/media?parent=13446"}],"wp:term":[{"taxonomy":"product_brand","embeddable":true,"href":"https:\/\/www.cinesouk.ma\/fr\/wp-json\/wp\/v2\/product_brand?post=13446"},{"taxonomy":"product_cat","embeddable":true,"href":"https:\/\/www.cinesouk.ma\/fr\/wp-json\/wp\/v2\/product_cat?post=13446"},{"taxonomy":"product_tag","embeddable":true,"href":"https:\/\/www.cinesouk.ma\/fr\/wp-json\/wp\/v2\/product_tag?post=13446"}],"curies":[{"name":"wp","href":"https:\/\/api.w.org\/{rel}","templated":true}]}}