{"id":13471,"date":"2025-03-08T09:57:53","date_gmt":"2025-03-08T09:57:53","guid":{"rendered":"https:\/\/www.cinesouk.ma\/?post_type=product&#038;p=13471"},"modified":"2026-01-28T09:03:48","modified_gmt":"2026-01-28T09:03:48","slug":"projection-screen-169-for-frame-180-3922m","status":"publish","type":"product","link":"https:\/\/www.cinesouk.ma\/fr\/produit\/projection-screen-169-for-frame-180-3922m\/","title":{"rendered":"\u00c9cran de projection 16:9 pour cadre - 180\" (3,9*2,2m)"},"content":{"rendered":"<p data-start=\"223\" data-end=\"588\">Cet \u00e9cran de projection 180\" est con\u00e7u pour \u00eatre mont\u00e9 sur un syst\u00e8me de cadre, offrant une surface tendue et sans raccord, id\u00e9ale pour une projection professionnelle dans les salles de cin\u00e9ma, les \u00e9v\u00e9nements et les conf\u00e9rences. Avec une surface de visualisation de 3,9 m\u00e8tres de large sur 2,2 m\u00e8tres de haut, il offre une image \u00e9tendue adapt\u00e9e aux grandes audiences et au contenu haute d\u00e9finition.<\/p>\n<h3 data-start=\"595\" data-end=\"615\"><strong data-start=\"599\" data-end=\"615\">Caract\u00e9ristiques principales de l'\u00e9cran de projection 180\" :<\/strong><\/h3>\n<ul data-start=\"617\" data-end=\"1190\">\n<li data-start=\"617\" data-end=\"661\">\n<p data-start=\"619\" data-end=\"661\"><strong data-start=\"619\" data-end=\"635\">Rapport d'aspect<\/strong>: Format \u00e9cran large 16:9<\/p>\n<\/li>\n<li data-start=\"662\" data-end=\"702\">\n<p data-start=\"664\" data-end=\"702\"><strong data-start=\"664\" data-end=\"679\">Taille de l'\u00e9cran<\/strong>: 180 pouces de diagonale<\/p>\n<\/li>\n<li data-start=\"703\" data-end=\"749\">\n<p data-start=\"705\" data-end=\"749\"><strong data-start=\"705\" data-end=\"721\">Zone de visualisation<\/strong>: 3,9 x 2,2 m\u00e8tres (L x H)<\/p>\n<\/li>\n<li data-start=\"750\" data-end=\"834\">\n<p data-start=\"752\" data-end=\"834\"><strong data-start=\"752\" data-end=\"764\">Mat\u00e9riau<\/strong>: Surface blanche mate \u00e0 gain \u00e9lev\u00e9 pour une lumi\u00e8re brillante et uniform\u00e9ment r\u00e9partie<\/p>\n<\/li>\n<li data-start=\"835\" data-end=\"901\">\n<p data-start=\"837\" data-end=\"901\"><strong data-start=\"837\" data-end=\"849\">Montage<\/strong>: Con\u00e7u pour \u00eatre utilis\u00e9 avec des structures \u00e0 cadre tendu<\/p>\n<\/li>\n<li data-start=\"902\" data-end=\"1024\">\n<p data-start=\"904\" data-end=\"1024\"><strong data-start=\"904\" data-end=\"919\">Finition des bords<\/strong>: P\u00e9rim\u00e8tre renforc\u00e9 avec \u0153illets ou velcro (selon le mod\u00e8le) pour faciliter l'\u00e9tirement et l'installation.<\/p>\n<\/li>\n<li data-start=\"1025\" data-end=\"1110\">\n<p data-start=\"1027\" data-end=\"1110\"><strong data-start=\"1027\" data-end=\"1055\">Surface de projection frontale<\/strong>: Id\u00e9al pour les projecteurs utilisant des distances de projection standard<\/p>\n<\/li>\n<li data-start=\"1111\" data-end=\"1190\">\n<p data-start=\"1113\" data-end=\"1190\"><strong data-start=\"1113\" data-end=\"1134\">R\u00e9sistant aux plis<\/strong>: L'ajustement tendu garantit une zone de visualisation plane et sans plis.<\/p>\n<\/li>\n<\/ul>\n<h3 data-start=\"1197\" data-end=\"1217\"><strong data-start=\"1201\" data-end=\"1217\">Applications<\/strong><\/h3>\n<ul data-start=\"1219\" data-end=\"1394\">\n<li data-start=\"1219\" data-end=\"1259\">\n<p data-start=\"1221\" data-end=\"1259\">Cadres de projection int\u00e9rieurs et ext\u00e9rieurs<\/p>\n<\/li>\n<li data-start=\"1260\" data-end=\"1295\">\n<p data-start=\"1262\" data-end=\"1295\">Mise en place d'\u00e9v\u00e9nements et de locations<\/p>\n<\/li>\n<li data-start=\"1296\" data-end=\"1343\">\n<p data-start=\"1298\" data-end=\"1343\">Projections de films et pr\u00e9sentations d'entreprises<\/p>\n<\/li>\n<li data-start=\"1344\" data-end=\"1394\">\n<p data-start=\"1346\" data-end=\"1394\">Installations audiovisuelles dans les auditoriums et les grandes salles<\/p>\n<\/li>\n<\/ul>\n<p>Cet \u00e9cran de projection de 180 pouces offre des images de haute qualit\u00e9 sur une surface large et homog\u00e8ne, ce qui en fait un excellent choix pour les installations de projection professionnelles. Qu'il s'agisse d'\u00e9v\u00e9nements en direct, d'exp\u00e9riences cin\u00e9matographiques ou de pr\u00e9sentations d'entreprise, sa construction robuste et sa large zone de visualisation garantissent des performances fiables et une clart\u00e9 visuelle dans n'importe quel environnement.<\/p>\n<p>Louez-le maintenant sur <a href=\"https:\/\/www.cinesouk.ma\/fr\">CINESOUK<\/a> - une marque de <a href=\"https:\/\/www.broadway.ma\/\">BROADWAY PRODUCTIONS SARL.<\/a><\/p>","protected":false},"excerpt":{"rendered":"<h3>Sp\u00e9cifications :<\/h3>\n<ul>\n<li data-start=\"617\" data-end=\"661\">\n<p data-start=\"619\" data-end=\"661\"><strong data-start=\"619\" data-end=\"635\">Rapport d'aspect<\/strong>: Format \u00e9cran large 16:9<\/p>\n<\/li>\n<li data-start=\"662\" data-end=\"702\">\n<p data-start=\"664\" data-end=\"702\"><strong data-start=\"664\" data-end=\"679\">Taille de l'\u00e9cran<\/strong>: 180 pouces de diagonale<\/p>\n<\/li>\n<li data-start=\"703\" data-end=\"749\">\n<p data-start=\"705\" data-end=\"749\"><strong data-start=\"705\" data-end=\"721\">Zone de visualisation<\/strong>: 3,9 x 2,2 m\u00e8tres (L x H)<\/p>\n<\/li>\n<li data-start=\"750\" data-end=\"834\">\n<p data-start=\"752\" data-end=\"834\"><strong data-start=\"752\" data-end=\"764\">Mat\u00e9riau<\/strong>: Surface blanche mate \u00e0 gain \u00e9lev\u00e9 pour une lumi\u00e8re brillante et uniform\u00e9ment r\u00e9partie<\/p>\n<\/li>\n<li data-start=\"835\" data-end=\"901\">\n<p data-start=\"837\" data-end=\"901\"><strong data-start=\"837\" data-end=\"849\">Montage<\/strong>: Con\u00e7u pour \u00eatre utilis\u00e9 avec des structures \u00e0 cadre tendu<\/p>\n<\/li>\n<li data-start=\"902\" data-end=\"1024\">\n<p data-start=\"904\" data-end=\"1024\"><strong data-start=\"904\" data-end=\"919\">Finition des bords<\/strong>: P\u00e9rim\u00e8tre renforc\u00e9 avec \u0153illets ou velcro (selon le mod\u00e8le) pour faciliter l'\u00e9tirement et l'installation.<\/p>\n<\/li>\n<li data-start=\"1025\" data-end=\"1110\">\n<p data-start=\"1027\" data-end=\"1110\"><strong data-start=\"1027\" data-end=\"1055\">Surface de projection frontale<\/strong>: Id\u00e9al pour les projecteurs utilisant des distances de projection standard<\/p>\n<\/li>\n<li data-start=\"1111\" data-end=\"1190\">\n<p data-start=\"1113\" data-end=\"1190\"><strong data-start=\"1113\" data-end=\"1134\">R\u00e9sistant aux plis<\/strong>: L'ajustement tendu garantit une zone de visualisation plane et sans plis.<\/p>\n<\/li>\n<\/ul>","protected":false},"featured_media":13482,"template":"","meta":{"om_disable_all_campaigns":false,"_monsterinsights_skip_tracking":false,"_monsterinsights_sitenote_active":false,"_monsterinsights_sitenote_note":"","_monsterinsights_sitenote_category":0,"_uf_show_specific_survey":0,"_uf_disable_surveys":false},"product_brand":[],"product_cat":[123,38,30,109,110,112],"product_tag":[],"class_list":{"0":"post-13471","1":"product","2":"type-product","3":"status-publish","4":"has-post-thumbnail","6":"product_cat-featured-eventsouk","7":"product_cat-grip-cinesouk","8":"product_cat-monitors-and-screens-cinesouk","9":"product_cat-projectors-eventsouk","10":"product_cat-projectors-cinesouk","11":"product_cat-screens-and-tv-eventsouk","13":"entry","14":"has-media","16":"first","17":"instock","18":"taxable","19":"shipping-taxable","20":"purchasable","21":"product-type-variable","22":"has-product-nav","23":"col","24":"span_1_of_3","25":"owp-content-center","26":"owp-thumbs-layout-horizontal","27":"owp-btn-normal","28":"owp-tabs-layout-horizontal","29":"has-no-thumbnails"},"yoast_head":"<!-- This site is optimized with the Yoast SEO Premium plugin v26.0 (Yoast SEO v26.0) - https:\/\/yoast.com\/wordpress\/plugins\/seo\/ -->\n<title>Projection Screen 16:9 for frame - 180\u201d (3,9*2,2m) - CineSouk - For rent<\/title>\n<meta name=\"description\" content=\"Projection Screen 180\u201d for frame mounting. Matte white surface, ideal for professional video, event use, and HD projection with a tensioned, seamless viewing area.\" \/>\n<meta name=\"robots\" content=\"index, follow, max-snippet:-1, max-image-preview:large, max-video-preview:-1\" \/>\n<link rel=\"canonical\" href=\"https:\/\/www.cinesouk.ma\/fr\/produit\/projection-screen-169-for-frame-180-3922m\/\" \/>\n<meta property=\"og:locale\" content=\"fr_FR\" \/>\n<meta property=\"og:type\" content=\"article\" \/>\n<meta property=\"og:title\" content=\"Projection Screen 16:9 for frame - 180\u201d (3,9*2,2m)\" \/>\n<meta property=\"og:description\" content=\"Projection Screen 180\u201d for frame mounting. Matte white surface, ideal for professional video, event use, and HD projection with a tensioned, seamless viewing area.\" \/>\n<meta property=\"og:url\" content=\"https:\/\/www.cinesouk.ma\/fr\/produit\/projection-screen-169-for-frame-180-3922m\/\" \/>\n<meta property=\"og:site_name\" content=\"CineSouk\" \/>\n<meta property=\"article:modified_time\" content=\"2026-01-28T09:03:48+00:00\" \/>\n<meta property=\"og:image\" content=\"https:\/\/www.cinesouk.ma\/wp-content\/uploads\/2025\/05\/Projection-Screen-16-9-for-frame-180-39_22m.jpg\" \/>\n\t<meta property=\"og:image:width\" content=\"300\" \/>\n\t<meta property=\"og:image:height\" content=\"238\" \/>\n\t<meta property=\"og:image:type\" content=\"image\/jpeg\" \/>\n<meta name=\"twitter:card\" content=\"summary_large_image\" \/>\n<meta name=\"twitter:description\" content=\"Projection Screen 180\u201d for frame mounting. Matte white surface, ideal for professional video, event use, and HD projection with a tensioned, seamless viewing area.\" \/>\n<meta name=\"twitter:label1\" content=\"Dur\u00e9e de lecture estim\u00e9e\" \/>\n\t<meta name=\"twitter:data1\" content=\"2 minutes\" \/>\n<script type=\"application\/ld+json\" class=\"yoast-schema-graph\">{\"@context\":\"https:\/\/schema.org\",\"@graph\":[{\"@type\":\"WebPage\",\"@id\":\"https:\/\/www.cinesouk.ma\/product\/projection-screen-169-for-frame-180-3922m\/\",\"url\":\"https:\/\/www.cinesouk.ma\/product\/projection-screen-169-for-frame-180-3922m\/\",\"name\":\"Projection Screen 16:9 for frame - 180\u201d (3,9*2,2m) - CineSouk - For rent\",\"isPartOf\":{\"@id\":\"https:\/\/www.cinesouk.ma\/#website\"},\"primaryImageOfPage\":{\"@id\":\"https:\/\/www.cinesouk.ma\/product\/projection-screen-169-for-frame-180-3922m\/#primaryimage\"},\"image\":{\"@id\":\"https:\/\/www.cinesouk.ma\/product\/projection-screen-169-for-frame-180-3922m\/#primaryimage\"},\"thumbnailUrl\":\"https:\/\/www.cinesouk.ma\/wp-content\/uploads\/2025\/05\/Projection-Screen-16-9-for-frame-180-39_22m.jpg\",\"datePublished\":\"2025-03-08T09:57:53+00:00\",\"dateModified\":\"2026-01-28T09:03:48+00:00\",\"description\":\"Projection Screen 180\u201d for frame mounting. Matte white surface, ideal for professional video, event use, and HD projection with a tensioned, seamless viewing area.\",\"breadcrumb\":{\"@id\":\"https:\/\/www.cinesouk.ma\/product\/projection-screen-169-for-frame-180-3922m\/#breadcrumb\"},\"inLanguage\":\"fr-FR\",\"potentialAction\":[{\"@type\":\"ReadAction\",\"target\":[\"https:\/\/www.cinesouk.ma\/product\/projection-screen-169-for-frame-180-3922m\/\"]}]},{\"@type\":\"ImageObject\",\"inLanguage\":\"fr-FR\",\"@id\":\"https:\/\/www.cinesouk.ma\/product\/projection-screen-169-for-frame-180-3922m\/#primaryimage\",\"url\":\"https:\/\/www.cinesouk.ma\/wp-content\/uploads\/2025\/05\/Projection-Screen-16-9-for-frame-180-39_22m.jpg\",\"contentUrl\":\"https:\/\/www.cinesouk.ma\/wp-content\/uploads\/2025\/05\/Projection-Screen-16-9-for-frame-180-39_22m.jpg\",\"width\":300,\"height\":238,\"caption\":\"Projection Screen 16-9 for frame - 180\u201d (3,9_2,2m)\"},{\"@type\":\"BreadcrumbList\",\"@id\":\"https:\/\/www.cinesouk.ma\/product\/projection-screen-169-for-frame-180-3922m\/#breadcrumb\",\"itemListElement\":[{\"@type\":\"ListItem\",\"position\":1,\"name\":\"Home\",\"item\":\"https:\/\/www.cinesouk.ma\/\"},{\"@type\":\"ListItem\",\"position\":2,\"name\":\"Shop\",\"item\":\"https:\/\/www.cinesouk.ma\/shop\/\"},{\"@type\":\"ListItem\",\"position\":3,\"name\":\"Projection Screen 16:9 for frame &#8211; 180\u201d (3,9*2,2m)\"}]},{\"@type\":\"WebSite\",\"@id\":\"https:\/\/www.cinesouk.ma\/#website\",\"url\":\"https:\/\/www.cinesouk.ma\/\",\"name\":\"CineSouk\",\"description\":\"\",\"publisher\":{\"@id\":\"https:\/\/www.cinesouk.ma\/#organization\"},\"potentialAction\":[{\"@type\":\"SearchAction\",\"target\":{\"@type\":\"EntryPoint\",\"urlTemplate\":\"https:\/\/www.cinesouk.ma\/?s={search_term_string}\"},\"query-input\":{\"@type\":\"PropertyValueSpecification\",\"valueRequired\":true,\"valueName\":\"search_term_string\"}}],\"inLanguage\":\"fr-FR\"},{\"@type\":\"Organization\",\"@id\":\"https:\/\/www.cinesouk.ma\/#organization\",\"name\":\"CineSouk\",\"url\":\"https:\/\/www.cinesouk.ma\/\",\"logo\":{\"@type\":\"ImageObject\",\"inLanguage\":\"fr-FR\",\"@id\":\"https:\/\/www.cinesouk.ma\/#\/schema\/logo\/image\/\",\"url\":\"https:\/\/www.cinesouk.ma\/wp-content\/uploads\/2024\/01\/CineSouk-logo-v01-alpha-alligned-left.png\",\"contentUrl\":\"https:\/\/www.cinesouk.ma\/wp-content\/uploads\/2024\/01\/CineSouk-logo-v01-alpha-alligned-left.png\",\"width\":3204,\"height\":889,\"caption\":\"CineSouk\"},\"image\":{\"@id\":\"https:\/\/www.cinesouk.ma\/#\/schema\/logo\/image\/\"}}]}<\/script>\n<!-- \/ Yoast SEO Premium plugin. -->","yoast_head_json":{"title":"Projection Screen 16:9 for frame - 180\u201d (3,9*2,2m) - CineSouk - For rent","description":"Projection Screen 180\u201d for frame mounting. Matte white surface, ideal for professional video, event use, and HD projection with a tensioned, seamless viewing area.","robots":{"index":"index","follow":"follow","max-snippet":"max-snippet:-1","max-image-preview":"max-image-preview:large","max-video-preview":"max-video-preview:-1"},"canonical":"https:\/\/www.cinesouk.ma\/fr\/produit\/projection-screen-169-for-frame-180-3922m\/","og_locale":"fr_FR","og_type":"article","og_title":"Projection Screen 16:9 for frame - 180\u201d (3,9*2,2m)","og_description":"Projection Screen 180\u201d for frame mounting. Matte white surface, ideal for professional video, event use, and HD projection with a tensioned, seamless viewing area.","og_url":"https:\/\/www.cinesouk.ma\/fr\/produit\/projection-screen-169-for-frame-180-3922m\/","og_site_name":"CineSouk","article_modified_time":"2026-01-28T09:03:48+00:00","og_image":[{"width":300,"height":238,"url":"https:\/\/www.cinesouk.ma\/wp-content\/uploads\/2025\/05\/Projection-Screen-16-9-for-frame-180-39_22m.jpg","type":"image\/jpeg"}],"twitter_card":"summary_large_image","twitter_description":"Projection Screen 180\u201d for frame mounting. Matte white surface, ideal for professional video, event use, and HD projection with a tensioned, seamless viewing area.","twitter_misc":{"Dur\u00e9e de lecture estim\u00e9e":"2 minutes"},"schema":{"@context":"https:\/\/schema.org","@graph":[{"@type":"WebPage","@id":"https:\/\/www.cinesouk.ma\/product\/projection-screen-169-for-frame-180-3922m\/","url":"https:\/\/www.cinesouk.ma\/product\/projection-screen-169-for-frame-180-3922m\/","name":"Projection Screen 16:9 for frame - 180\u201d (3,9*2,2m) - CineSouk - For rent","isPartOf":{"@id":"https:\/\/www.cinesouk.ma\/#website"},"primaryImageOfPage":{"@id":"https:\/\/www.cinesouk.ma\/product\/projection-screen-169-for-frame-180-3922m\/#primaryimage"},"image":{"@id":"https:\/\/www.cinesouk.ma\/product\/projection-screen-169-for-frame-180-3922m\/#primaryimage"},"thumbnailUrl":"https:\/\/www.cinesouk.ma\/wp-content\/uploads\/2025\/05\/Projection-Screen-16-9-for-frame-180-39_22m.jpg","datePublished":"2025-03-08T09:57:53+00:00","dateModified":"2026-01-28T09:03:48+00:00","description":"Projection Screen 180\u201d for frame mounting. Matte white surface, ideal for professional video, event use, and HD projection with a tensioned, seamless viewing area.","breadcrumb":{"@id":"https:\/\/www.cinesouk.ma\/product\/projection-screen-169-for-frame-180-3922m\/#breadcrumb"},"inLanguage":"fr-FR","potentialAction":[{"@type":"ReadAction","target":["https:\/\/www.cinesouk.ma\/product\/projection-screen-169-for-frame-180-3922m\/"]}]},{"@type":"ImageObject","inLanguage":"fr-FR","@id":"https:\/\/www.cinesouk.ma\/product\/projection-screen-169-for-frame-180-3922m\/#primaryimage","url":"https:\/\/www.cinesouk.ma\/wp-content\/uploads\/2025\/05\/Projection-Screen-16-9-for-frame-180-39_22m.jpg","contentUrl":"https:\/\/www.cinesouk.ma\/wp-content\/uploads\/2025\/05\/Projection-Screen-16-9-for-frame-180-39_22m.jpg","width":300,"height":238,"caption":"Projection Screen 16-9 for frame - 180\u201d (3,9_2,2m)"},{"@type":"BreadcrumbList","@id":"https:\/\/www.cinesouk.ma\/product\/projection-screen-169-for-frame-180-3922m\/#breadcrumb","itemListElement":[{"@type":"ListItem","position":1,"name":"Home","item":"https:\/\/www.cinesouk.ma\/"},{"@type":"ListItem","position":2,"name":"Shop","item":"https:\/\/www.cinesouk.ma\/shop\/"},{"@type":"ListItem","position":3,"name":"Projection Screen 16:9 for frame &#8211; 180\u201d (3,9*2,2m)"}]},{"@type":"WebSite","@id":"https:\/\/www.cinesouk.ma\/#website","url":"https:\/\/www.cinesouk.ma\/","name":"CineSouk","description":"","publisher":{"@id":"https:\/\/www.cinesouk.ma\/#organization"},"potentialAction":[{"@type":"SearchAction","target":{"@type":"EntryPoint","urlTemplate":"https:\/\/www.cinesouk.ma\/?s={search_term_string}"},"query-input":{"@type":"PropertyValueSpecification","valueRequired":true,"valueName":"search_term_string"}}],"inLanguage":"fr-FR"},{"@type":"Organization","@id":"https:\/\/www.cinesouk.ma\/#organization","name":"CineSouk","url":"https:\/\/www.cinesouk.ma\/","logo":{"@type":"ImageObject","inLanguage":"fr-FR","@id":"https:\/\/www.cinesouk.ma\/#\/schema\/logo\/image\/","url":"https:\/\/www.cinesouk.ma\/wp-content\/uploads\/2024\/01\/CineSouk-logo-v01-alpha-alligned-left.png","contentUrl":"https:\/\/www.cinesouk.ma\/wp-content\/uploads\/2024\/01\/CineSouk-logo-v01-alpha-alligned-left.png","width":3204,"height":889,"caption":"CineSouk"},"image":{"@id":"https:\/\/www.cinesouk.ma\/#\/schema\/logo\/image\/"}}]}},"_links":{"self":[{"href":"https:\/\/www.cinesouk.ma\/fr\/wp-json\/wp\/v2\/product\/13471","targetHints":{"allow":["GET"]}}],"collection":[{"href":"https:\/\/www.cinesouk.ma\/fr\/wp-json\/wp\/v2\/product"}],"about":[{"href":"https:\/\/www.cinesouk.ma\/fr\/wp-json\/wp\/v2\/types\/product"}],"wp:featuredmedia":[{"embeddable":true,"href":"https:\/\/www.cinesouk.ma\/fr\/wp-json\/wp\/v2\/media\/13482"}],"wp:attachment":[{"href":"https:\/\/www.cinesouk.ma\/fr\/wp-json\/wp\/v2\/media?parent=13471"}],"wp:term":[{"taxonomy":"product_brand","embeddable":true,"href":"https:\/\/www.cinesouk.ma\/fr\/wp-json\/wp\/v2\/product_brand?post=13471"},{"taxonomy":"product_cat","embeddable":true,"href":"https:\/\/www.cinesouk.ma\/fr\/wp-json\/wp\/v2\/product_cat?post=13471"},{"taxonomy":"product_tag","embeddable":true,"href":"https:\/\/www.cinesouk.ma\/fr\/wp-json\/wp\/v2\/product_tag?post=13471"}],"curies":[{"name":"wp","href":"https:\/\/api.w.org\/{rel}","templated":true}]}}