{"id":13483,"date":"2025-05-26T11:04:29","date_gmt":"2025-05-26T11:04:29","guid":{"rendered":"https:\/\/www.cinesouk.ma\/?post_type=product&#038;p=13483"},"modified":"2025-08-22T15:10:19","modified_gmt":"2025-08-22T15:10:19","slug":"db-technologies-b-hype-8-2x-in-1-kit","status":"publish","type":"product","link":"https:\/\/www.cinesouk.ma\/fr\/produit\/db-technologies-b-hype-8-2x-in-1-kit\/","title":{"rendered":"dB Technologies B-Hype 8 - Kit 2x en 1"},"content":{"rendered":"<p data-start=\"235\" data-end=\"641\">Le kit dB Technologies B-Hype 8 - 2x en 1 comprend deux haut-parleurs actifs compacts con\u00e7us pour offrir un son clair et coh\u00e9rent dans les installations mobiles ou les petites salles. Avec une puissance de cr\u00eate combin\u00e9e de 520 W, ce kit est bien adapt\u00e9 aux performances en direct, \u00e0 la prise de parole en public et \u00e0 la musique d'ambiance lors d'\u00e9v\u00e9nements. Chaque unit\u00e9 est l\u00e9g\u00e8re, facile \u00e0 transporter et construite avec des mat\u00e9riaux durables pour une utilisation quotidienne.<\/p>\n<h3 data-start=\"648\" data-end=\"668\"><strong data-start=\"652\" data-end=\"668\">Caract\u00e9ristiques principales :<\/strong><\/h3>\n<ul data-start=\"670\" data-end=\"1323\">\n<li data-start=\"670\" data-end=\"726\">\n<p data-start=\"672\" data-end=\"726\"><strong data-start=\"672\" data-end=\"702\">Puissance de sortie (par enceinte)<\/strong>: 130W RMS \/ 260W Peak<\/p>\n<\/li>\n<li data-start=\"727\" data-end=\"750\">\n<p data-start=\"729\" data-end=\"750\"><strong data-start=\"729\" data-end=\"740\">SPL max.<\/strong>: 120 dB<\/p>\n<\/li>\n<li data-start=\"751\" data-end=\"803\">\n<p data-start=\"753\" data-end=\"803\"><strong data-start=\"753\" data-end=\"775\">R\u00e9ponse en fr\u00e9quence<\/strong>70 Hz - 19,6 kHz (-6 dB)<\/p>\n<\/li>\n<li data-start=\"804\" data-end=\"874\">\n<p data-start=\"806\" data-end=\"874\"><strong data-start=\"806\" data-end=\"817\">Conducteurs<\/strong>: woofer de 8\u2033 avec bobine mobile de 1,5\u2033 ; haut-parleur de compression de 1\u2033.<\/p>\n<\/li>\n<li data-start=\"875\" data-end=\"958\">\n<p data-start=\"877\" data-end=\"958\"><strong data-start=\"877\" data-end=\"891\">Dispersion<\/strong>: Asym\u00e9trique vertical (85\u00b0), horizontal (85\u00b0 en haut \/ 120\u00b0 en bas)<\/p>\n<\/li>\n<li data-start=\"959\" data-end=\"1031\">\n<p data-start=\"961\" data-end=\"1031\"><strong data-start=\"961\" data-end=\"979\">Type d'amplificateur<\/strong>: Classe D avec DSP 28\/56 bits, taux d'\u00e9chantillonnage de 48 kHz<\/p>\n<\/li>\n<li data-start=\"1032\" data-end=\"1098\">\n<p data-start=\"1034\" data-end=\"1098\"><strong data-start=\"1034\" data-end=\"1047\">Enceinte<\/strong>: Polypropyl\u00e8ne l\u00e9ger avec poign\u00e9es int\u00e9gr\u00e9es<\/p>\n<\/li>\n<li data-start=\"1099\" data-end=\"1168\">\n<p data-start=\"1101\" data-end=\"1168\"><strong data-start=\"1101\" data-end=\"1121\">Options de montage<\/strong>: Montage sur poteau de 35 mm et position de calage du moniteur<\/p>\n<\/li>\n<li data-start=\"1169\" data-end=\"1229\">\n<p data-start=\"1171\" data-end=\"1229\"><strong data-start=\"1171\" data-end=\"1187\">Connectivit\u00e9<\/strong>: Entr\u00e9e combo XLR\/Jack + sortie link XLR<\/p>\n<\/li>\n<li data-start=\"1230\" data-end=\"1274\">\n<p data-start=\"1232\" data-end=\"1274\"><strong data-start=\"1232\" data-end=\"1256\">Poids (par enceinte)<\/strong>: Environ 6,6 kg<\/p>\n<\/li>\n<li data-start=\"1275\" data-end=\"1323\">\n<p data-start=\"1277\" data-end=\"1323\"><strong data-start=\"1277\" data-end=\"1303\">Dimensions (L x H x P)<\/strong>243 \u00d7 443 \u00d7 232 mm<\/p>\n<\/li>\n<\/ul>\n<h3 data-start=\"1330\" data-end=\"1350\"><strong data-start=\"1334\" data-end=\"1350\">Le kit comprend<\/strong><\/h3>\n<ul data-start=\"1352\" data-end=\"1515\">\n<li data-start=\"1352\" data-end=\"1400\">\n<p data-start=\"1354\" data-end=\"1400\">2 \u00d7 dB Technologies B-Hype 8 Haut-parleurs actifs<\/p>\n<\/li>\n<li data-start=\"1401\" data-end=\"1421\">\n<p data-start=\"1403\" data-end=\"1421\">2 \u00d7 c\u00e2bles d'alimentation<\/p>\n<\/li>\n<li data-start=\"1422\" data-end=\"1485\">\n<p data-start=\"1424\" data-end=\"1485\">2 \u00d7 Supports de haut-parleurs <em data-start=\"1443\" data-end=\"1483\">(en option, selon la configuration)<\/em><\/p>\n<\/li>\n<li data-start=\"1486\" data-end=\"1515\">\n<p data-start=\"1488\" data-end=\"1515\">2 \u00d7 sacs de transport <em data-start=\"1503\" data-end=\"1515\">(facultatif)<\/em><\/p>\n<\/li>\n<\/ul>\n<p>Le B-Hype 8 de dB Technologies est un syst\u00e8me de sonorisation puissant et compact qui s'int\u00e8gre facilement dans les flux de production mobiles. Il offre clart\u00e9, portabilit\u00e9 et facilit\u00e9 d'utilisation, ce qui en fait une option fiable pour les professionnels qui ont besoin d'un son coh\u00e9rent dans un environnement rapide.<\/p>\n<p>Louez-le maintenant sur <a href=\"https:\/\/www.cinesouk.ma\/fr\">CINESOUK<\/a> - une marque de <a href=\"https:\/\/www.broadway.ma\/\">BROADWAY PRODUCTIONS SARL.<\/a><\/p>","protected":false},"excerpt":{"rendered":"<p><strong>Sp\u00e9cifications<\/strong><\/p>\n<ul>\n<li data-start=\"670\" data-end=\"726\">\n<p data-start=\"672\" data-end=\"726\"><strong data-start=\"672\" data-end=\"702\">Puissance de sortie (par enceinte)<\/strong>: 130W RMS \/ 260W Peak<\/p>\n<\/li>\n<li data-start=\"727\" data-end=\"750\">\n<p data-start=\"729\" data-end=\"750\"><strong data-start=\"729\" data-end=\"740\">SPL max.<\/strong>: 120 dB<\/p>\n<\/li>\n<li data-start=\"751\" data-end=\"803\">\n<p data-start=\"753\" data-end=\"803\"><strong data-start=\"753\" data-end=\"775\">R\u00e9ponse en fr\u00e9quence<\/strong>70 Hz - 19,6 kHz (-6 dB)<\/p>\n<\/li>\n<li data-start=\"804\" data-end=\"874\">\n<p data-start=\"806\" data-end=\"874\"><strong data-start=\"806\" data-end=\"817\">Conducteurs<\/strong>: woofer de 8\u2033 avec bobine mobile de 1,5\u2033 ; haut-parleur de compression de 1\u2033.<\/p>\n<\/li>\n<li data-start=\"875\" data-end=\"958\">\n<p data-start=\"877\" data-end=\"958\"><strong data-start=\"877\" data-end=\"891\">Dispersion<\/strong>: Asym\u00e9trique vertical (85\u00b0), horizontal (85\u00b0 en haut \/ 120\u00b0 en bas)<\/p>\n<\/li>\n<li data-start=\"959\" data-end=\"1031\">\n<p data-start=\"961\" data-end=\"1031\"><strong data-start=\"961\" data-end=\"979\">Type d'amplificateur<\/strong>: Classe D avec DSP 28\/56 bits, taux d'\u00e9chantillonnage de 48 kHz<\/p>\n<\/li>\n<li data-start=\"1032\" data-end=\"1098\">\n<p data-start=\"1034\" data-end=\"1098\"><strong data-start=\"1034\" data-end=\"1047\">Enceinte<\/strong>: Polypropyl\u00e8ne l\u00e9ger avec poign\u00e9es int\u00e9gr\u00e9es<\/p>\n<\/li>\n<li data-start=\"1099\" data-end=\"1168\">\n<p data-start=\"1101\" data-end=\"1168\"><strong data-start=\"1101\" data-end=\"1121\">Options de montage<\/strong>: Montage sur poteau de 35 mm et position de calage du moniteur<\/p>\n<\/li>\n<li data-start=\"1169\" data-end=\"1229\">\n<p data-start=\"1171\" data-end=\"1229\"><strong data-start=\"1171\" data-end=\"1187\">Connectivit\u00e9<\/strong>: Entr\u00e9e combo XLR\/Jack + sortie link XLR<\/p>\n<\/li>\n<li data-start=\"1230\" data-end=\"1274\">\n<p data-start=\"1232\" data-end=\"1274\"><strong data-start=\"1232\" data-end=\"1256\">Poids (par enceinte)<\/strong>: Environ 6,6 kg<\/p>\n<\/li>\n<li data-start=\"1275\" data-end=\"1323\">\n<p data-start=\"1277\" data-end=\"1323\"><strong data-start=\"1277\" data-end=\"1303\">Dimensions (L x H x P)<\/strong>243 \u00d7 443 \u00d7 232 mm<\/p>\n<\/li>\n<\/ul>","protected":false},"featured_media":13494,"template":"","meta":{"om_disable_all_campaigns":false,"_monsterinsights_skip_tracking":false,"_monsterinsights_sitenote_active":false,"_monsterinsights_sitenote_note":"","_monsterinsights_sitenote_category":0,"_uf_show_specific_survey":0,"_uf_disable_surveys":false},"product_brand":[],"product_cat":[90,98,86,92,35],"product_tag":[],"class_list":{"0":"post-13483","1":"product","2":"type-product","3":"status-publish","4":"has-post-thumbnail","6":"product_cat-djparty-cinesouk","7":"product_cat-dj-sound-systems-eventsouk","8":"product_cat-foh-cinesouk","9":"product_cat-pa-systems-eventsouk","10":"product_cat-sound-cinesouk","12":"entry","13":"has-media","15":"first","16":"instock","17":"taxable","18":"shipping-taxable","19":"purchasable","20":"product-type-variable","21":"has-product-nav","22":"col","23":"span_1_of_3","24":"owp-content-center","25":"owp-thumbs-layout-horizontal","26":"owp-btn-normal","27":"owp-tabs-layout-horizontal","28":"has-no-thumbnails"},"yoast_head":"<!-- This site is optimized with the Yoast SEO Premium plugin v26.0 (Yoast SEO v26.0) - https:\/\/yoast.com\/wordpress\/plugins\/seo\/ -->\n<title>dB Technologies B-Hype 8 - 2x In 1 kit - CineSouk - Marrakech | Morocco<\/title>\n<meta name=\"description\" content=\"dB Technologies B-Hype 8 \u2013 2x active speaker kit with 260W peak power per unit, compact design, and wide dispersion, ideal for portable sound reinforcement.\" \/>\n<meta name=\"robots\" content=\"index, follow, max-snippet:-1, max-image-preview:large, max-video-preview:-1\" \/>\n<link rel=\"canonical\" href=\"https:\/\/www.cinesouk.ma\/fr\/produit\/db-technologies-b-hype-8-2x-in-1-kit\/\" \/>\n<meta property=\"og:locale\" content=\"fr_FR\" \/>\n<meta property=\"og:type\" content=\"article\" \/>\n<meta property=\"og:title\" content=\"dB Technologies B-Hype 8 - 2x In 1 kit\" \/>\n<meta property=\"og:description\" content=\"dB Technologies B-Hype 8 \u2013 2x active speaker kit with 260W peak power per unit, compact design, and wide dispersion, ideal for portable sound reinforcement.\" \/>\n<meta property=\"og:url\" content=\"https:\/\/www.cinesouk.ma\/fr\/produit\/db-technologies-b-hype-8-2x-in-1-kit\/\" \/>\n<meta property=\"og:site_name\" content=\"CineSouk\" \/>\n<meta property=\"article:modified_time\" content=\"2025-08-22T15:10:19+00:00\" \/>\n<meta property=\"og:image\" content=\"https:\/\/www.cinesouk.ma\/wp-content\/uploads\/2025\/05\/dB-Technologies-B-Hype-8-2x-In-1-kit.jpg\" \/>\n\t<meta property=\"og:image:width\" content=\"300\" \/>\n\t<meta property=\"og:image:height\" content=\"238\" \/>\n\t<meta property=\"og:image:type\" content=\"image\/jpeg\" \/>\n<meta name=\"twitter:card\" content=\"summary_large_image\" \/>\n<meta name=\"twitter:description\" content=\"dB Technologies B-Hype 8 \u2013 2x active speaker kit with 260W peak power per unit, compact design, and wide dispersion, ideal for portable sound reinforcement.\" \/>\n<meta name=\"twitter:label1\" content=\"Dur\u00e9e de lecture estim\u00e9e\" \/>\n\t<meta name=\"twitter:data1\" content=\"2 minutes\" \/>\n<script type=\"application\/ld+json\" class=\"yoast-schema-graph\">{\"@context\":\"https:\/\/schema.org\",\"@graph\":[{\"@type\":\"WebPage\",\"@id\":\"https:\/\/www.cinesouk.ma\/product\/db-technologies-b-hype-8-2x-in-1-kit\/\",\"url\":\"https:\/\/www.cinesouk.ma\/product\/db-technologies-b-hype-8-2x-in-1-kit\/\",\"name\":\"dB Technologies B-Hype 8 - 2x In 1 kit - CineSouk - Marrakech | Morocco\",\"isPartOf\":{\"@id\":\"https:\/\/www.cinesouk.ma\/#website\"},\"primaryImageOfPage\":{\"@id\":\"https:\/\/www.cinesouk.ma\/product\/db-technologies-b-hype-8-2x-in-1-kit\/#primaryimage\"},\"image\":{\"@id\":\"https:\/\/www.cinesouk.ma\/product\/db-technologies-b-hype-8-2x-in-1-kit\/#primaryimage\"},\"thumbnailUrl\":\"https:\/\/www.cinesouk.ma\/wp-content\/uploads\/2025\/05\/dB-Technologies-B-Hype-8-2x-In-1-kit.jpg\",\"datePublished\":\"2025-05-26T11:04:29+00:00\",\"dateModified\":\"2025-08-22T15:10:19+00:00\",\"description\":\"dB Technologies B-Hype 8 \u2013 2x active speaker kit with 260W peak power per unit, compact design, and wide dispersion, ideal for portable sound reinforcement.\",\"breadcrumb\":{\"@id\":\"https:\/\/www.cinesouk.ma\/product\/db-technologies-b-hype-8-2x-in-1-kit\/#breadcrumb\"},\"inLanguage\":\"fr-FR\",\"potentialAction\":[{\"@type\":\"ReadAction\",\"target\":[\"https:\/\/www.cinesouk.ma\/product\/db-technologies-b-hype-8-2x-in-1-kit\/\"]}]},{\"@type\":\"ImageObject\",\"inLanguage\":\"fr-FR\",\"@id\":\"https:\/\/www.cinesouk.ma\/product\/db-technologies-b-hype-8-2x-in-1-kit\/#primaryimage\",\"url\":\"https:\/\/www.cinesouk.ma\/wp-content\/uploads\/2025\/05\/dB-Technologies-B-Hype-8-2x-In-1-kit.jpg\",\"contentUrl\":\"https:\/\/www.cinesouk.ma\/wp-content\/uploads\/2025\/05\/dB-Technologies-B-Hype-8-2x-In-1-kit.jpg\",\"width\":300,\"height\":238,\"caption\":\"dB Technologies B-Hype 8 - 2x In 1 kit\"},{\"@type\":\"BreadcrumbList\",\"@id\":\"https:\/\/www.cinesouk.ma\/product\/db-technologies-b-hype-8-2x-in-1-kit\/#breadcrumb\",\"itemListElement\":[{\"@type\":\"ListItem\",\"position\":1,\"name\":\"Home\",\"item\":\"https:\/\/www.cinesouk.ma\/\"},{\"@type\":\"ListItem\",\"position\":2,\"name\":\"Shop\",\"item\":\"https:\/\/www.cinesouk.ma\/shop\/\"},{\"@type\":\"ListItem\",\"position\":3,\"name\":\"dB Technologies B-Hype 8 &#8211; 2x In 1 kit\"}]},{\"@type\":\"WebSite\",\"@id\":\"https:\/\/www.cinesouk.ma\/#website\",\"url\":\"https:\/\/www.cinesouk.ma\/\",\"name\":\"CineSouk\",\"description\":\"\",\"publisher\":{\"@id\":\"https:\/\/www.cinesouk.ma\/#organization\"},\"potentialAction\":[{\"@type\":\"SearchAction\",\"target\":{\"@type\":\"EntryPoint\",\"urlTemplate\":\"https:\/\/www.cinesouk.ma\/?s={search_term_string}\"},\"query-input\":{\"@type\":\"PropertyValueSpecification\",\"valueRequired\":true,\"valueName\":\"search_term_string\"}}],\"inLanguage\":\"fr-FR\"},{\"@type\":\"Organization\",\"@id\":\"https:\/\/www.cinesouk.ma\/#organization\",\"name\":\"CineSouk\",\"url\":\"https:\/\/www.cinesouk.ma\/\",\"logo\":{\"@type\":\"ImageObject\",\"inLanguage\":\"fr-FR\",\"@id\":\"https:\/\/www.cinesouk.ma\/#\/schema\/logo\/image\/\",\"url\":\"https:\/\/www.cinesouk.ma\/wp-content\/uploads\/2024\/01\/CineSouk-logo-v01-alpha-alligned-left.png\",\"contentUrl\":\"https:\/\/www.cinesouk.ma\/wp-content\/uploads\/2024\/01\/CineSouk-logo-v01-alpha-alligned-left.png\",\"width\":3204,\"height\":889,\"caption\":\"CineSouk\"},\"image\":{\"@id\":\"https:\/\/www.cinesouk.ma\/#\/schema\/logo\/image\/\"}}]}<\/script>\n<!-- \/ Yoast SEO Premium plugin. -->","yoast_head_json":{"title":"dB Technologies B-Hype 8 - 2x In 1 kit - CineSouk - Marrakech | Morocco","description":"dB Technologies B-Hype 8 \u2013 2x active speaker kit with 260W peak power per unit, compact design, and wide dispersion, ideal for portable sound reinforcement.","robots":{"index":"index","follow":"follow","max-snippet":"max-snippet:-1","max-image-preview":"max-image-preview:large","max-video-preview":"max-video-preview:-1"},"canonical":"https:\/\/www.cinesouk.ma\/fr\/produit\/db-technologies-b-hype-8-2x-in-1-kit\/","og_locale":"fr_FR","og_type":"article","og_title":"dB Technologies B-Hype 8 - 2x In 1 kit","og_description":"dB Technologies B-Hype 8 \u2013 2x active speaker kit with 260W peak power per unit, compact design, and wide dispersion, ideal for portable sound reinforcement.","og_url":"https:\/\/www.cinesouk.ma\/fr\/produit\/db-technologies-b-hype-8-2x-in-1-kit\/","og_site_name":"CineSouk","article_modified_time":"2025-08-22T15:10:19+00:00","og_image":[{"width":300,"height":238,"url":"https:\/\/www.cinesouk.ma\/wp-content\/uploads\/2025\/05\/dB-Technologies-B-Hype-8-2x-In-1-kit.jpg","type":"image\/jpeg"}],"twitter_card":"summary_large_image","twitter_description":"dB Technologies B-Hype 8 \u2013 2x active speaker kit with 260W peak power per unit, compact design, and wide dispersion, ideal for portable sound reinforcement.","twitter_misc":{"Dur\u00e9e de lecture estim\u00e9e":"2 minutes"},"schema":{"@context":"https:\/\/schema.org","@graph":[{"@type":"WebPage","@id":"https:\/\/www.cinesouk.ma\/product\/db-technologies-b-hype-8-2x-in-1-kit\/","url":"https:\/\/www.cinesouk.ma\/product\/db-technologies-b-hype-8-2x-in-1-kit\/","name":"dB Technologies B-Hype 8 - 2x In 1 kit - CineSouk - Marrakech | Morocco","isPartOf":{"@id":"https:\/\/www.cinesouk.ma\/#website"},"primaryImageOfPage":{"@id":"https:\/\/www.cinesouk.ma\/product\/db-technologies-b-hype-8-2x-in-1-kit\/#primaryimage"},"image":{"@id":"https:\/\/www.cinesouk.ma\/product\/db-technologies-b-hype-8-2x-in-1-kit\/#primaryimage"},"thumbnailUrl":"https:\/\/www.cinesouk.ma\/wp-content\/uploads\/2025\/05\/dB-Technologies-B-Hype-8-2x-In-1-kit.jpg","datePublished":"2025-05-26T11:04:29+00:00","dateModified":"2025-08-22T15:10:19+00:00","description":"dB Technologies B-Hype 8 \u2013 2x active speaker kit with 260W peak power per unit, compact design, and wide dispersion, ideal for portable sound reinforcement.","breadcrumb":{"@id":"https:\/\/www.cinesouk.ma\/product\/db-technologies-b-hype-8-2x-in-1-kit\/#breadcrumb"},"inLanguage":"fr-FR","potentialAction":[{"@type":"ReadAction","target":["https:\/\/www.cinesouk.ma\/product\/db-technologies-b-hype-8-2x-in-1-kit\/"]}]},{"@type":"ImageObject","inLanguage":"fr-FR","@id":"https:\/\/www.cinesouk.ma\/product\/db-technologies-b-hype-8-2x-in-1-kit\/#primaryimage","url":"https:\/\/www.cinesouk.ma\/wp-content\/uploads\/2025\/05\/dB-Technologies-B-Hype-8-2x-In-1-kit.jpg","contentUrl":"https:\/\/www.cinesouk.ma\/wp-content\/uploads\/2025\/05\/dB-Technologies-B-Hype-8-2x-In-1-kit.jpg","width":300,"height":238,"caption":"dB Technologies B-Hype 8 - 2x In 1 kit"},{"@type":"BreadcrumbList","@id":"https:\/\/www.cinesouk.ma\/product\/db-technologies-b-hype-8-2x-in-1-kit\/#breadcrumb","itemListElement":[{"@type":"ListItem","position":1,"name":"Home","item":"https:\/\/www.cinesouk.ma\/"},{"@type":"ListItem","position":2,"name":"Shop","item":"https:\/\/www.cinesouk.ma\/shop\/"},{"@type":"ListItem","position":3,"name":"dB Technologies B-Hype 8 &#8211; 2x In 1 kit"}]},{"@type":"WebSite","@id":"https:\/\/www.cinesouk.ma\/#website","url":"https:\/\/www.cinesouk.ma\/","name":"CineSouk","description":"","publisher":{"@id":"https:\/\/www.cinesouk.ma\/#organization"},"potentialAction":[{"@type":"SearchAction","target":{"@type":"EntryPoint","urlTemplate":"https:\/\/www.cinesouk.ma\/?s={search_term_string}"},"query-input":{"@type":"PropertyValueSpecification","valueRequired":true,"valueName":"search_term_string"}}],"inLanguage":"fr-FR"},{"@type":"Organization","@id":"https:\/\/www.cinesouk.ma\/#organization","name":"CineSouk","url":"https:\/\/www.cinesouk.ma\/","logo":{"@type":"ImageObject","inLanguage":"fr-FR","@id":"https:\/\/www.cinesouk.ma\/#\/schema\/logo\/image\/","url":"https:\/\/www.cinesouk.ma\/wp-content\/uploads\/2024\/01\/CineSouk-logo-v01-alpha-alligned-left.png","contentUrl":"https:\/\/www.cinesouk.ma\/wp-content\/uploads\/2024\/01\/CineSouk-logo-v01-alpha-alligned-left.png","width":3204,"height":889,"caption":"CineSouk"},"image":{"@id":"https:\/\/www.cinesouk.ma\/#\/schema\/logo\/image\/"}}]}},"_links":{"self":[{"href":"https:\/\/www.cinesouk.ma\/fr\/wp-json\/wp\/v2\/product\/13483","targetHints":{"allow":["GET"]}}],"collection":[{"href":"https:\/\/www.cinesouk.ma\/fr\/wp-json\/wp\/v2\/product"}],"about":[{"href":"https:\/\/www.cinesouk.ma\/fr\/wp-json\/wp\/v2\/types\/product"}],"wp:featuredmedia":[{"embeddable":true,"href":"https:\/\/www.cinesouk.ma\/fr\/wp-json\/wp\/v2\/media\/13494"}],"wp:attachment":[{"href":"https:\/\/www.cinesouk.ma\/fr\/wp-json\/wp\/v2\/media?parent=13483"}],"wp:term":[{"taxonomy":"product_brand","embeddable":true,"href":"https:\/\/www.cinesouk.ma\/fr\/wp-json\/wp\/v2\/product_brand?post=13483"},{"taxonomy":"product_cat","embeddable":true,"href":"https:\/\/www.cinesouk.ma\/fr\/wp-json\/wp\/v2\/product_cat?post=13483"},{"taxonomy":"product_tag","embeddable":true,"href":"https:\/\/www.cinesouk.ma\/fr\/wp-json\/wp\/v2\/product_tag?post=13483"}],"curies":[{"name":"wp","href":"https:\/\/api.w.org\/{rel}","templated":true}]}}