{"id":13507,"date":"2025-05-26T14:31:58","date_gmt":"2025-05-26T14:31:58","guid":{"rendered":"https:\/\/www.cinesouk.ma\/?post_type=product&#038;p=13507"},"modified":"2025-08-26T13:00:52","modified_gmt":"2025-08-26T13:00:52","slug":"xlr-power-multi-cable-10m","status":"publish","type":"product","link":"https:\/\/www.cinesouk.ma\/fr\/produit\/xlr-power-multi-cable-10m\/","title":{"rendered":"XLR &amp; c\u00e2ble multi puissance 10m"},"content":{"rendered":"<p data-start=\"212\" data-end=\"555\">Ce c\u00e2ble multi XLR et alimentation de 10 m combine un signal audio sym\u00e9trique et une ligne d'alimentation secteur en un seul c\u00e2ble efficace. Con\u00e7u pour les environnements de production sc\u00e9nique, \u00e9v\u00e9nementielle et mobile, il permet de r\u00e9duire l'encombrement des c\u00e2bles et d'acc\u00e9l\u00e9rer l'installation en acheminant \u00e0 la fois l'alimentation et le signal vers des appareils tels que des enceintes amplifi\u00e9es ou des \u00e9clairages LED.<\/p>\n<h3 data-start=\"562\" data-end=\"582\"><strong data-start=\"566\" data-end=\"582\">Caract\u00e9ristiques principales du c\u00e2ble XLR &amp; power multi cable 10m :<\/strong><\/h3>\n<ul data-start=\"584\" data-end=\"1121\">\n<li data-start=\"584\" data-end=\"609\">\n<p data-start=\"586\" data-end=\"609\"><strong data-start=\"586\" data-end=\"596\">Longueur<\/strong>: 10 m\u00e8tres<\/p>\n<\/li>\n<li data-start=\"610\" data-end=\"704\">\n<p data-start=\"612\" data-end=\"704\"><strong data-start=\"612\" data-end=\"624\">Fonction<\/strong>: Combin\u00e9 audio (XLR) et alimentation (IEC ou PowerCON, selon la configuration)<\/p>\n<\/li>\n<li data-start=\"705\" data-end=\"819\">\n<p data-start=\"707\" data-end=\"724\"><strong data-start=\"707\" data-end=\"721\">Connecteurs<\/strong>:<\/p>\n<ul data-start=\"727\" data-end=\"819\">\n<li data-start=\"727\" data-end=\"779\">\n<p data-start=\"729\" data-end=\"779\">1 x XLR m\u00e2le + 1 x entr\u00e9e d'alimentation (IEC ou PowerCON)<\/p>\n<\/li>\n<li data-start=\"782\" data-end=\"819\">\n<p data-start=\"784\" data-end=\"819\">1 x XLR femelle + 1 x sortie d'alimentation<\/p>\n<\/li>\n<\/ul>\n<\/li>\n<li data-start=\"820\" data-end=\"898\">\n<p data-start=\"822\" data-end=\"898\"><strong data-start=\"822\" data-end=\"838\">Gaine du c\u00e2ble<\/strong>: Gaine ext\u00e9rieure durable et flexible pour la sc\u00e8ne et les tourn\u00e9es<\/p>\n<\/li>\n<li data-start=\"899\" data-end=\"1034\">\n<p data-start=\"901\" data-end=\"1034\"><strong data-start=\"901\" data-end=\"913\">Cas d'utilisation<\/strong>: Id\u00e9al pour alimenter des haut-parleurs actifs, des LED ou des appareils n\u00e9cessitant \u00e0 la fois un signal et une alimentation en courant alternatif.<\/p>\n<\/li>\n<li data-start=\"1035\" data-end=\"1121\">\n<p data-start=\"1037\" data-end=\"1121\"><strong data-start=\"1037\" data-end=\"1047\">Conception<\/strong>: Deux c\u00e2bles ind\u00e9pendants reli\u00e9s entre eux pour une manipulation et un d\u00e9ploiement ais\u00e9s<\/p>\n<\/li>\n<\/ul>\n<h3 data-start=\"1128\" data-end=\"1148\"><strong data-start=\"1132\" data-end=\"1148\">Applications<\/strong><\/h3>\n<ul data-start=\"1150\" data-end=\"1299\">\n<li data-start=\"1150\" data-end=\"1187\">\n<p data-start=\"1152\" data-end=\"1187\">\u00c9v\u00e9nements en direct et productions sc\u00e9niques<\/p>\n<\/li>\n<li data-start=\"1188\" data-end=\"1210\">\n<p data-start=\"1190\" data-end=\"1210\">Syst\u00e8mes de sonorisation de tourn\u00e9e<\/p>\n<\/li>\n<li data-start=\"1211\" data-end=\"1262\">\n<p data-start=\"1213\" data-end=\"1262\">Installations d'\u00e9clairage avec DMX et exigences en mati\u00e8re d'alimentation<\/p>\n<\/li>\n<li data-start=\"1263\" data-end=\"1299\">\n<p data-start=\"1265\" data-end=\"1299\">Installations et montages audiovisuels mobiles<\/p>\n<\/li>\n<\/ul>\n<p>Ce c\u00e2ble combin\u00e9 XLR et alimentation de 10 m\u00e8tres est une solution pratique pour simplifier l'installation de votre \u00e9v\u00e9nement en direct ou de votre sc\u00e8ne. En combinant le signal et l'alimentation dans un seul c\u00e2ble rationalis\u00e9, il r\u00e9duit le d\u00e9sordre, acc\u00e9l\u00e8re le d\u00e9ploiement et garantit des performances fiables, ce qui en fait un outil essentiel pour les techniciens, les soci\u00e9t\u00e9s de location et les professionnels des tourn\u00e9es.<\/p>\n<p>Louez-le maintenant \u00e0 <a href=\"https:\/\/www.cinesouk.ma\/fr\">CINESOUK<\/a> - une marque de <a href=\"https:\/\/www.broadway.ma\/\">BROADWAY PRODUCTIONS SARL.<\/a><\/p>\n<p>&nbsp;<\/p>","protected":false},"excerpt":{"rendered":"<p><strong>Sp\u00e9cifications<\/strong><\/p>\n<ul>\n<li data-start=\"584\" data-end=\"609\">\n<p data-start=\"586\" data-end=\"609\"><strong data-start=\"586\" data-end=\"596\">Longueur<\/strong>: 10 m\u00e8tres<\/p>\n<\/li>\n<li data-start=\"610\" data-end=\"704\">\n<p data-start=\"612\" data-end=\"704\"><strong data-start=\"612\" data-end=\"624\">Fonction<\/strong>: Combin\u00e9 audio (XLR) et alimentation (IEC ou PowerCON, selon la configuration)<\/p>\n<\/li>\n<li data-start=\"705\" data-end=\"819\">\n<p data-start=\"707\" data-end=\"724\"><strong data-start=\"707\" data-end=\"721\">Connecteurs<\/strong>:<\/p>\n<ul data-start=\"727\" data-end=\"819\">\n<li data-start=\"727\" data-end=\"779\">\n<p data-start=\"729\" data-end=\"779\">1 x XLR m\u00e2le + 1 x entr\u00e9e d'alimentation (IEC ou PowerCON)<\/p>\n<\/li>\n<li data-start=\"782\" data-end=\"819\">\n<p data-start=\"784\" data-end=\"819\">1 x XLR femelle + 1 x sortie d'alimentation<\/p>\n<\/li>\n<\/ul>\n<\/li>\n<li data-start=\"820\" data-end=\"898\">\n<p data-start=\"822\" data-end=\"898\"><strong data-start=\"822\" data-end=\"838\">Gaine du c\u00e2ble<\/strong>: Gaine ext\u00e9rieure durable et flexible pour la sc\u00e8ne et les tourn\u00e9es<\/p>\n<\/li>\n<li data-start=\"899\" data-end=\"1034\">\n<p data-start=\"901\" data-end=\"1034\"><strong data-start=\"901\" data-end=\"913\">Cas d'utilisation<\/strong>: Id\u00e9al pour alimenter des haut-parleurs actifs, des LED ou des appareils n\u00e9cessitant \u00e0 la fois un signal et une alimentation en courant alternatif.<\/p>\n<\/li>\n<li data-start=\"1035\" data-end=\"1121\">\n<p data-start=\"1037\" data-end=\"1121\"><strong data-start=\"1037\" data-end=\"1047\">Conception<\/strong>: Deux c\u00e2bles ind\u00e9pendants reli\u00e9s entre eux pour une manipulation et un d\u00e9ploiement ais\u00e9s<\/p>\n<\/li>\n<\/ul>","protected":false},"featured_media":13518,"template":"","meta":{"om_disable_all_campaigns":false,"_monsterinsights_skip_tracking":false,"_monsterinsights_sitenote_active":false,"_monsterinsights_sitenote_note":"","_monsterinsights_sitenote_category":0,"_uf_show_specific_survey":0,"_uf_disable_surveys":false},"product_brand":[],"product_cat":[37,120,55,83,86],"product_tag":[],"class_list":{"0":"post-13507","1":"product","2":"type-product","3":"status-publish","4":"has-post-thumbnail","6":"product_cat-accessories-cinesouk","7":"product_cat-cables-eventsouk","8":"product_cat-cables-cinesouk","9":"product_cat-efp-eng-cinesouk","10":"product_cat-foh-cinesouk","12":"entry","13":"has-media","15":"first","16":"instock","17":"taxable","18":"shipping-taxable","19":"purchasable","20":"product-type-variable","21":"has-product-nav","22":"col","23":"span_1_of_3","24":"owp-content-center","25":"owp-thumbs-layout-horizontal","26":"owp-btn-normal","27":"owp-tabs-layout-horizontal","28":"has-no-thumbnails"},"yoast_head":"<!-- This site is optimized with the Yoast SEO Premium plugin v26.0 (Yoast SEO v26.0) - https:\/\/yoast.com\/wordpress\/plugins\/seo\/ -->\n<title>XLR &amp; power multi cable 10m - CineSouk - Marrakech l Morocco- For rent<\/title>\n<meta name=\"description\" content=\"XLR &amp; power multi cable 10m for stage and event use. Simplifies setup by combining balanced audio and AC power in one run. Suitable for powered speakers and lighting fixtures.\" \/>\n<meta name=\"robots\" content=\"index, follow, max-snippet:-1, max-image-preview:large, max-video-preview:-1\" \/>\n<link rel=\"canonical\" href=\"https:\/\/www.cinesouk.ma\/fr\/produit\/xlr-power-multi-cable-10m\/\" \/>\n<meta property=\"og:locale\" content=\"fr_FR\" \/>\n<meta property=\"og:type\" content=\"article\" \/>\n<meta property=\"og:title\" content=\"XLR &amp; power multi cable 10m\" \/>\n<meta property=\"og:description\" content=\"XLR &amp; power multi cable 10m for stage and event use. Simplifies setup by combining balanced audio and AC power in one run. Suitable for powered speakers and lighting fixtures.\" \/>\n<meta property=\"og:url\" content=\"https:\/\/www.cinesouk.ma\/fr\/produit\/xlr-power-multi-cable-10m\/\" \/>\n<meta property=\"og:site_name\" content=\"CineSouk\" \/>\n<meta property=\"article:modified_time\" content=\"2025-08-26T13:00:52+00:00\" \/>\n<meta property=\"og:image\" content=\"https:\/\/www.cinesouk.ma\/wp-content\/uploads\/2025\/05\/XLR-power-multi-cable-10m.jpg\" \/>\n\t<meta property=\"og:image:width\" content=\"300\" \/>\n\t<meta property=\"og:image:height\" content=\"238\" \/>\n\t<meta property=\"og:image:type\" content=\"image\/jpeg\" \/>\n<meta name=\"twitter:card\" content=\"summary_large_image\" \/>\n<meta name=\"twitter:description\" content=\"XLR &amp; power multi cable 10m for stage and event use. Simplifies setup by combining balanced audio and AC power in one run. Suitable for powered speakers and lighting fixtures.\" \/>\n<meta name=\"twitter:label1\" content=\"Dur\u00e9e de lecture estim\u00e9e\" \/>\n\t<meta name=\"twitter:data1\" content=\"2 minutes\" \/>\n<script type=\"application\/ld+json\" class=\"yoast-schema-graph\">{\"@context\":\"https:\/\/schema.org\",\"@graph\":[{\"@type\":\"WebPage\",\"@id\":\"https:\/\/www.cinesouk.ma\/product\/xlr-power-multi-cable-10m\/\",\"url\":\"https:\/\/www.cinesouk.ma\/product\/xlr-power-multi-cable-10m\/\",\"name\":\"XLR & power multi cable 10m - CineSouk - Marrakech l Morocco- For rent\",\"isPartOf\":{\"@id\":\"https:\/\/www.cinesouk.ma\/#website\"},\"primaryImageOfPage\":{\"@id\":\"https:\/\/www.cinesouk.ma\/product\/xlr-power-multi-cable-10m\/#primaryimage\"},\"image\":{\"@id\":\"https:\/\/www.cinesouk.ma\/product\/xlr-power-multi-cable-10m\/#primaryimage\"},\"thumbnailUrl\":\"https:\/\/www.cinesouk.ma\/wp-content\/uploads\/2025\/05\/XLR-power-multi-cable-10m.jpg\",\"datePublished\":\"2025-05-26T14:31:58+00:00\",\"dateModified\":\"2025-08-26T13:00:52+00:00\",\"description\":\"XLR & power multi cable 10m for stage and event use. Simplifies setup by combining balanced audio and AC power in one run. Suitable for powered speakers and lighting fixtures.\",\"breadcrumb\":{\"@id\":\"https:\/\/www.cinesouk.ma\/product\/xlr-power-multi-cable-10m\/#breadcrumb\"},\"inLanguage\":\"fr-FR\",\"potentialAction\":[{\"@type\":\"ReadAction\",\"target\":[\"https:\/\/www.cinesouk.ma\/product\/xlr-power-multi-cable-10m\/\"]}]},{\"@type\":\"ImageObject\",\"inLanguage\":\"fr-FR\",\"@id\":\"https:\/\/www.cinesouk.ma\/product\/xlr-power-multi-cable-10m\/#primaryimage\",\"url\":\"https:\/\/www.cinesouk.ma\/wp-content\/uploads\/2025\/05\/XLR-power-multi-cable-10m.jpg\",\"contentUrl\":\"https:\/\/www.cinesouk.ma\/wp-content\/uploads\/2025\/05\/XLR-power-multi-cable-10m.jpg\",\"width\":300,\"height\":238,\"caption\":\"XLR & power multi cable 10m\"},{\"@type\":\"BreadcrumbList\",\"@id\":\"https:\/\/www.cinesouk.ma\/product\/xlr-power-multi-cable-10m\/#breadcrumb\",\"itemListElement\":[{\"@type\":\"ListItem\",\"position\":1,\"name\":\"Home\",\"item\":\"https:\/\/www.cinesouk.ma\/\"},{\"@type\":\"ListItem\",\"position\":2,\"name\":\"Shop\",\"item\":\"https:\/\/www.cinesouk.ma\/shop\/\"},{\"@type\":\"ListItem\",\"position\":3,\"name\":\"XLR &#038; power multi cable 10m\"}]},{\"@type\":\"WebSite\",\"@id\":\"https:\/\/www.cinesouk.ma\/#website\",\"url\":\"https:\/\/www.cinesouk.ma\/\",\"name\":\"CineSouk\",\"description\":\"\",\"publisher\":{\"@id\":\"https:\/\/www.cinesouk.ma\/#organization\"},\"potentialAction\":[{\"@type\":\"SearchAction\",\"target\":{\"@type\":\"EntryPoint\",\"urlTemplate\":\"https:\/\/www.cinesouk.ma\/?s={search_term_string}\"},\"query-input\":{\"@type\":\"PropertyValueSpecification\",\"valueRequired\":true,\"valueName\":\"search_term_string\"}}],\"inLanguage\":\"fr-FR\"},{\"@type\":\"Organization\",\"@id\":\"https:\/\/www.cinesouk.ma\/#organization\",\"name\":\"CineSouk\",\"url\":\"https:\/\/www.cinesouk.ma\/\",\"logo\":{\"@type\":\"ImageObject\",\"inLanguage\":\"fr-FR\",\"@id\":\"https:\/\/www.cinesouk.ma\/#\/schema\/logo\/image\/\",\"url\":\"https:\/\/www.cinesouk.ma\/wp-content\/uploads\/2024\/01\/CineSouk-logo-v01-alpha-alligned-left.png\",\"contentUrl\":\"https:\/\/www.cinesouk.ma\/wp-content\/uploads\/2024\/01\/CineSouk-logo-v01-alpha-alligned-left.png\",\"width\":3204,\"height\":889,\"caption\":\"CineSouk\"},\"image\":{\"@id\":\"https:\/\/www.cinesouk.ma\/#\/schema\/logo\/image\/\"}}]}<\/script>\n<!-- \/ Yoast SEO Premium plugin. -->","yoast_head_json":{"title":"XLR & power multi cable 10m - CineSouk - Marrakech l Morocco- For rent","description":"XLR & power multi cable 10m for stage and event use. Simplifies setup by combining balanced audio and AC power in one run. Suitable for powered speakers and lighting fixtures.","robots":{"index":"index","follow":"follow","max-snippet":"max-snippet:-1","max-image-preview":"max-image-preview:large","max-video-preview":"max-video-preview:-1"},"canonical":"https:\/\/www.cinesouk.ma\/fr\/produit\/xlr-power-multi-cable-10m\/","og_locale":"fr_FR","og_type":"article","og_title":"XLR & power multi cable 10m","og_description":"XLR & power multi cable 10m for stage and event use. Simplifies setup by combining balanced audio and AC power in one run. Suitable for powered speakers and lighting fixtures.","og_url":"https:\/\/www.cinesouk.ma\/fr\/produit\/xlr-power-multi-cable-10m\/","og_site_name":"CineSouk","article_modified_time":"2025-08-26T13:00:52+00:00","og_image":[{"width":300,"height":238,"url":"https:\/\/www.cinesouk.ma\/wp-content\/uploads\/2025\/05\/XLR-power-multi-cable-10m.jpg","type":"image\/jpeg"}],"twitter_card":"summary_large_image","twitter_description":"XLR & power multi cable 10m for stage and event use. Simplifies setup by combining balanced audio and AC power in one run. Suitable for powered speakers and lighting fixtures.","twitter_misc":{"Dur\u00e9e de lecture estim\u00e9e":"2 minutes"},"schema":{"@context":"https:\/\/schema.org","@graph":[{"@type":"WebPage","@id":"https:\/\/www.cinesouk.ma\/product\/xlr-power-multi-cable-10m\/","url":"https:\/\/www.cinesouk.ma\/product\/xlr-power-multi-cable-10m\/","name":"XLR & power multi cable 10m - CineSouk - Marrakech l Morocco- For rent","isPartOf":{"@id":"https:\/\/www.cinesouk.ma\/#website"},"primaryImageOfPage":{"@id":"https:\/\/www.cinesouk.ma\/product\/xlr-power-multi-cable-10m\/#primaryimage"},"image":{"@id":"https:\/\/www.cinesouk.ma\/product\/xlr-power-multi-cable-10m\/#primaryimage"},"thumbnailUrl":"https:\/\/www.cinesouk.ma\/wp-content\/uploads\/2025\/05\/XLR-power-multi-cable-10m.jpg","datePublished":"2025-05-26T14:31:58+00:00","dateModified":"2025-08-26T13:00:52+00:00","description":"XLR & power multi cable 10m for stage and event use. Simplifies setup by combining balanced audio and AC power in one run. Suitable for powered speakers and lighting fixtures.","breadcrumb":{"@id":"https:\/\/www.cinesouk.ma\/product\/xlr-power-multi-cable-10m\/#breadcrumb"},"inLanguage":"fr-FR","potentialAction":[{"@type":"ReadAction","target":["https:\/\/www.cinesouk.ma\/product\/xlr-power-multi-cable-10m\/"]}]},{"@type":"ImageObject","inLanguage":"fr-FR","@id":"https:\/\/www.cinesouk.ma\/product\/xlr-power-multi-cable-10m\/#primaryimage","url":"https:\/\/www.cinesouk.ma\/wp-content\/uploads\/2025\/05\/XLR-power-multi-cable-10m.jpg","contentUrl":"https:\/\/www.cinesouk.ma\/wp-content\/uploads\/2025\/05\/XLR-power-multi-cable-10m.jpg","width":300,"height":238,"caption":"XLR & power multi cable 10m"},{"@type":"BreadcrumbList","@id":"https:\/\/www.cinesouk.ma\/product\/xlr-power-multi-cable-10m\/#breadcrumb","itemListElement":[{"@type":"ListItem","position":1,"name":"Home","item":"https:\/\/www.cinesouk.ma\/"},{"@type":"ListItem","position":2,"name":"Shop","item":"https:\/\/www.cinesouk.ma\/shop\/"},{"@type":"ListItem","position":3,"name":"XLR &#038; power multi cable 10m"}]},{"@type":"WebSite","@id":"https:\/\/www.cinesouk.ma\/#website","url":"https:\/\/www.cinesouk.ma\/","name":"CineSouk","description":"","publisher":{"@id":"https:\/\/www.cinesouk.ma\/#organization"},"potentialAction":[{"@type":"SearchAction","target":{"@type":"EntryPoint","urlTemplate":"https:\/\/www.cinesouk.ma\/?s={search_term_string}"},"query-input":{"@type":"PropertyValueSpecification","valueRequired":true,"valueName":"search_term_string"}}],"inLanguage":"fr-FR"},{"@type":"Organization","@id":"https:\/\/www.cinesouk.ma\/#organization","name":"CineSouk","url":"https:\/\/www.cinesouk.ma\/","logo":{"@type":"ImageObject","inLanguage":"fr-FR","@id":"https:\/\/www.cinesouk.ma\/#\/schema\/logo\/image\/","url":"https:\/\/www.cinesouk.ma\/wp-content\/uploads\/2024\/01\/CineSouk-logo-v01-alpha-alligned-left.png","contentUrl":"https:\/\/www.cinesouk.ma\/wp-content\/uploads\/2024\/01\/CineSouk-logo-v01-alpha-alligned-left.png","width":3204,"height":889,"caption":"CineSouk"},"image":{"@id":"https:\/\/www.cinesouk.ma\/#\/schema\/logo\/image\/"}}]}},"_links":{"self":[{"href":"https:\/\/www.cinesouk.ma\/fr\/wp-json\/wp\/v2\/product\/13507","targetHints":{"allow":["GET"]}}],"collection":[{"href":"https:\/\/www.cinesouk.ma\/fr\/wp-json\/wp\/v2\/product"}],"about":[{"href":"https:\/\/www.cinesouk.ma\/fr\/wp-json\/wp\/v2\/types\/product"}],"wp:featuredmedia":[{"embeddable":true,"href":"https:\/\/www.cinesouk.ma\/fr\/wp-json\/wp\/v2\/media\/13518"}],"wp:attachment":[{"href":"https:\/\/www.cinesouk.ma\/fr\/wp-json\/wp\/v2\/media?parent=13507"}],"wp:term":[{"taxonomy":"product_brand","embeddable":true,"href":"https:\/\/www.cinesouk.ma\/fr\/wp-json\/wp\/v2\/product_brand?post=13507"},{"taxonomy":"product_cat","embeddable":true,"href":"https:\/\/www.cinesouk.ma\/fr\/wp-json\/wp\/v2\/product_cat?post=13507"},{"taxonomy":"product_tag","embeddable":true,"href":"https:\/\/www.cinesouk.ma\/fr\/wp-json\/wp\/v2\/product_tag?post=13507"}],"curies":[{"name":"wp","href":"https:\/\/api.w.org\/{rel}","templated":true}]}}