{"id":13519,"date":"2025-05-26T14:42:15","date_gmt":"2025-05-26T14:42:15","guid":{"rendered":"https:\/\/www.cinesouk.ma\/?post_type=product&#038;p=13519"},"modified":"2025-08-26T13:00:51","modified_gmt":"2025-08-26T13:00:51","slug":"xlr-power-multi-cable-15m","status":"publish","type":"product","link":"https:\/\/www.cinesouk.ma\/fr\/produit\/xlr-power-multi-cable-15m\/","title":{"rendered":"C\u00e2ble multi XLR et alimentation 15m"},"content":{"rendered":"<p data-start=\"247\" data-end=\"602\">Le c\u00e2ble XLR &amp; power multi 15m est con\u00e7u pour des installations efficaces et sans encombrement sur sc\u00e8ne, lors d'\u00e9v\u00e9nements et de tourn\u00e9es. En combinant un c\u00e2ble audio XLR sym\u00e9trique et une ligne d'alimentation en courant alternatif en un seul c\u00e2ble, il simplifie le montage d'enceintes amplifi\u00e9es, de luminaires \u00e0 LED et d'autres \u00e9quipements n\u00e9cessitant \u00e0 la fois une alimentation et un signal.<\/p>\n<h3 data-start=\"609\" data-end=\"629\"><strong data-start=\"613\" data-end=\"629\">Caract\u00e9ristiques principales du c\u00e2ble XLR &amp; power multi cable 15m :<\/strong><\/h3>\n<ul data-start=\"631\" data-end=\"1080\">\n<li data-start=\"631\" data-end=\"656\">\n<p data-start=\"633\" data-end=\"656\"><strong data-start=\"633\" data-end=\"643\">Longueur<\/strong>: 15 m\u00e8tres<\/p>\n<\/li>\n<li data-start=\"657\" data-end=\"710\">\n<p data-start=\"659\" data-end=\"710\"><strong data-start=\"659\" data-end=\"671\">Fonction<\/strong>: C\u00e2ble combin\u00e9 de signal et d'alimentation XLR<\/p>\n<\/li>\n<li data-start=\"711\" data-end=\"829\">\n<p data-start=\"713\" data-end=\"730\"><strong data-start=\"713\" data-end=\"727\">Connecteurs<\/strong>:<\/p>\n<ul data-start=\"733\" data-end=\"829\">\n<li data-start=\"733\" data-end=\"786\">\n<p data-start=\"735\" data-end=\"786\">Une extr\u00e9mit\u00e9 : XLR m\u00e2le + entr\u00e9e d'alimentation (IEC ou PowerCON)<\/p>\n<\/li>\n<li data-start=\"789\" data-end=\"829\">\n<p data-start=\"791\" data-end=\"829\">Autre extr\u00e9mit\u00e9 : XLR femelle + sortie d'alimentation<\/p>\n<\/li>\n<\/ul>\n<\/li>\n<li data-start=\"830\" data-end=\"927\">\n<p data-start=\"832\" data-end=\"927\"><strong data-start=\"832\" data-end=\"850\">Fourreau durable<\/strong>: Gaine robuste et flexible con\u00e7ue pour une utilisation r\u00e9p\u00e9t\u00e9e dans des environnements r\u00e9els<\/p>\n<\/li>\n<li data-start=\"928\" data-end=\"998\">\n<p data-start=\"930\" data-end=\"998\"><strong data-start=\"930\" data-end=\"951\">Mise en place simplifi\u00e9e<\/strong>: R\u00e9duit le nombre de c\u00e2bles et acc\u00e9l\u00e8re le d\u00e9ploiement<\/p>\n<\/li>\n<li data-start=\"999\" data-end=\"1080\">\n<p data-start=\"1001\" data-end=\"1080\"><strong data-start=\"1001\" data-end=\"1017\">La construction<\/strong>: Construction \u00e0 double noyau avec chemins de signal et d'alimentation clairement s\u00e9par\u00e9s<\/p>\n<\/li>\n<\/ul>\n<h3 data-start=\"1087\" data-end=\"1107\"><strong data-start=\"1091\" data-end=\"1107\">Applications<\/strong><\/h3>\n<ul data-start=\"1109\" data-end=\"1249\">\n<li data-start=\"1109\" data-end=\"1147\">\n<p data-start=\"1111\" data-end=\"1147\">Concerts en direct et production d'\u00e9v\u00e9nements<\/p>\n<\/li>\n<li data-start=\"1148\" data-end=\"1181\">\n<p data-start=\"1150\" data-end=\"1181\">Installations mobiles de sonorisation et d'\u00e9clairage<\/p>\n<\/li>\n<li data-start=\"1182\" data-end=\"1214\">\n<p data-start=\"1184\" data-end=\"1214\">Installations th\u00e9\u00e2trales et audiovisuelles<\/p>\n<\/li>\n<li data-start=\"1215\" data-end=\"1249\">\n<p data-start=\"1217\" data-end=\"1249\">Plates-formes de tourn\u00e9e et sc\u00e8nes de festival<\/p>\n<\/li>\n<\/ul>\n<p>Ce c\u00e2ble combin\u00e9 XLR et alimentation de 15 m\u00e8tres offre un moyen propre et fiable de connecter des appareils aliment\u00e9s tout en minimisant le d\u00e9sordre des c\u00e2bles et le temps d'installation. Id\u00e9al pour les professionnels du son en direct, des tourn\u00e9es ou de la production d'\u00e9v\u00e9nements, c'est un outil pratique pour tous ceux qui appr\u00e9cient l'efficacit\u00e9 et la durabilit\u00e9 dans les environnements exigeants.<\/p>\n<p><strong>Louez-le maintenant sur <a href=\"https:\/\/www.cinesouk.ma\/fr\">CINESOUK<\/a> - une marque de <a href=\"https:\/\/www.broadway.ma\/\">BROADWAY PRODUCTIONS SARL.<\/a><\/strong><\/p>","protected":false},"excerpt":{"rendered":"<h3>Sp\u00e9cifications :<\/h3>\n<ul>\n<li data-start=\"631\" data-end=\"656\">\n<p data-start=\"633\" data-end=\"656\"><strong data-start=\"633\" data-end=\"643\">Longueur<\/strong>: 15 m\u00e8tres<\/p>\n<\/li>\n<li data-start=\"657\" data-end=\"710\">\n<p data-start=\"659\" data-end=\"710\"><strong data-start=\"659\" data-end=\"671\">Fonction<\/strong>: C\u00e2ble combin\u00e9 de signal et d'alimentation XLR<\/p>\n<\/li>\n<li data-start=\"711\" data-end=\"829\">\n<p data-start=\"713\" data-end=\"730\"><strong data-start=\"713\" data-end=\"727\">Connecteurs<\/strong>:<\/p>\n<ul data-start=\"733\" data-end=\"829\">\n<li data-start=\"733\" data-end=\"786\">\n<p data-start=\"735\" data-end=\"786\">Une extr\u00e9mit\u00e9 : XLR m\u00e2le + entr\u00e9e d'alimentation (IEC ou PowerCON)<\/p>\n<\/li>\n<li data-start=\"789\" data-end=\"829\">\n<p data-start=\"791\" data-end=\"829\">Autre extr\u00e9mit\u00e9 : XLR femelle + sortie d'alimentation<\/p>\n<\/li>\n<\/ul>\n<\/li>\n<li data-start=\"830\" data-end=\"927\">\n<p data-start=\"832\" data-end=\"927\"><strong data-start=\"832\" data-end=\"850\">Fourreau durable<\/strong>: Gaine robuste et flexible con\u00e7ue pour une utilisation r\u00e9p\u00e9t\u00e9e dans des environnements r\u00e9els<\/p>\n<\/li>\n<li data-start=\"928\" data-end=\"998\">\n<p data-start=\"930\" data-end=\"998\"><strong data-start=\"930\" data-end=\"951\">Mise en place simplifi\u00e9e<\/strong>: R\u00e9duit le nombre de c\u00e2bles et acc\u00e9l\u00e8re le d\u00e9ploiement<\/p>\n<\/li>\n<li data-start=\"999\" data-end=\"1080\">\n<p data-start=\"1001\" data-end=\"1080\"><strong data-start=\"1001\" data-end=\"1017\">La construction<\/strong>: Construction \u00e0 double noyau avec chemins de signal et d'alimentation clairement s\u00e9par\u00e9s<\/p>\n<\/li>\n<\/ul>","protected":false},"featured_media":13530,"template":"","meta":{"om_disable_all_campaigns":false,"_monsterinsights_skip_tracking":false,"_monsterinsights_sitenote_active":false,"_monsterinsights_sitenote_note":"","_monsterinsights_sitenote_category":0,"_uf_show_specific_survey":0,"_uf_disable_surveys":false},"product_brand":[],"product_cat":[37,83,86,35,100],"product_tag":[],"class_list":{"0":"post-13519","1":"product","2":"type-product","3":"status-publish","4":"has-post-thumbnail","6":"product_cat-accessories-cinesouk","7":"product_cat-efp-eng-cinesouk","8":"product_cat-foh-cinesouk","9":"product_cat-sound-cinesouk","10":"product_cat-sound-accessories-eventsouk","12":"entry","13":"has-media","15":"first","16":"instock","17":"taxable","18":"shipping-taxable","19":"purchasable","20":"product-type-variable","21":"has-product-nav","22":"col","23":"span_1_of_3","24":"owp-content-center","25":"owp-thumbs-layout-horizontal","26":"owp-btn-normal","27":"owp-tabs-layout-horizontal","28":"has-no-thumbnails"},"yoast_head":"<!-- This site is optimized with the Yoast SEO Premium plugin v26.0 (Yoast SEO v26.0) - https:\/\/yoast.com\/wordpress\/plugins\/seo\/ -->\n<title>XLR &amp; power multi cable 15m - CineSouk - Marrakech | Morocco - For rent<\/title>\n<meta name=\"description\" content=\"The XLR &amp; power multi cable 15m combining balanced audio and AC power in one run. Perfect for powered speakers and lighting fixtures in stage and live setups.\" \/>\n<meta name=\"robots\" content=\"index, follow, max-snippet:-1, max-image-preview:large, max-video-preview:-1\" \/>\n<link rel=\"canonical\" href=\"https:\/\/www.cinesouk.ma\/fr\/produit\/xlr-power-multi-cable-15m\/\" \/>\n<meta property=\"og:locale\" content=\"fr_FR\" \/>\n<meta property=\"og:type\" content=\"article\" \/>\n<meta property=\"og:title\" content=\"XLR &amp; power multi cable 15m\" \/>\n<meta property=\"og:description\" content=\"The XLR &amp; power multi cable 15m combining balanced audio and AC power in one run. Perfect for powered speakers and lighting fixtures in stage and live setups.\" \/>\n<meta property=\"og:url\" content=\"https:\/\/www.cinesouk.ma\/fr\/produit\/xlr-power-multi-cable-15m\/\" \/>\n<meta property=\"og:site_name\" content=\"CineSouk\" \/>\n<meta property=\"article:modified_time\" content=\"2025-08-26T13:00:51+00:00\" \/>\n<meta property=\"og:image\" content=\"https:\/\/www.cinesouk.ma\/wp-content\/uploads\/2025\/05\/XLR-power-multi-cable-15m.jpg\" \/>\n\t<meta property=\"og:image:width\" content=\"300\" \/>\n\t<meta property=\"og:image:height\" content=\"238\" \/>\n\t<meta property=\"og:image:type\" content=\"image\/jpeg\" \/>\n<meta name=\"twitter:card\" content=\"summary_large_image\" \/>\n<meta name=\"twitter:description\" content=\"The XLR &amp; power multi cable 15m combining balanced audio and AC power in one run. Perfect for powered speakers and lighting fixtures in stage and live setups.\" \/>\n<meta name=\"twitter:label1\" content=\"Dur\u00e9e de lecture estim\u00e9e\" \/>\n\t<meta name=\"twitter:data1\" content=\"2 minutes\" \/>\n<script type=\"application\/ld+json\" class=\"yoast-schema-graph\">{\"@context\":\"https:\/\/schema.org\",\"@graph\":[{\"@type\":\"WebPage\",\"@id\":\"https:\/\/www.cinesouk.ma\/product\/xlr-power-multi-cable-15m\/\",\"url\":\"https:\/\/www.cinesouk.ma\/product\/xlr-power-multi-cable-15m\/\",\"name\":\"XLR & power multi cable 15m - CineSouk - Marrakech | Morocco - For rent\",\"isPartOf\":{\"@id\":\"https:\/\/www.cinesouk.ma\/#website\"},\"primaryImageOfPage\":{\"@id\":\"https:\/\/www.cinesouk.ma\/product\/xlr-power-multi-cable-15m\/#primaryimage\"},\"image\":{\"@id\":\"https:\/\/www.cinesouk.ma\/product\/xlr-power-multi-cable-15m\/#primaryimage\"},\"thumbnailUrl\":\"https:\/\/www.cinesouk.ma\/wp-content\/uploads\/2025\/05\/XLR-power-multi-cable-15m.jpg\",\"datePublished\":\"2025-05-26T14:42:15+00:00\",\"dateModified\":\"2025-08-26T13:00:51+00:00\",\"description\":\"The XLR & power multi cable 15m combining balanced audio and AC power in one run. Perfect for powered speakers and lighting fixtures in stage and live setups.\",\"breadcrumb\":{\"@id\":\"https:\/\/www.cinesouk.ma\/product\/xlr-power-multi-cable-15m\/#breadcrumb\"},\"inLanguage\":\"fr-FR\",\"potentialAction\":[{\"@type\":\"ReadAction\",\"target\":[\"https:\/\/www.cinesouk.ma\/product\/xlr-power-multi-cable-15m\/\"]}]},{\"@type\":\"ImageObject\",\"inLanguage\":\"fr-FR\",\"@id\":\"https:\/\/www.cinesouk.ma\/product\/xlr-power-multi-cable-15m\/#primaryimage\",\"url\":\"https:\/\/www.cinesouk.ma\/wp-content\/uploads\/2025\/05\/XLR-power-multi-cable-15m.jpg\",\"contentUrl\":\"https:\/\/www.cinesouk.ma\/wp-content\/uploads\/2025\/05\/XLR-power-multi-cable-15m.jpg\",\"width\":300,\"height\":238,\"caption\":\"XLR & power multi cable 15m\"},{\"@type\":\"BreadcrumbList\",\"@id\":\"https:\/\/www.cinesouk.ma\/product\/xlr-power-multi-cable-15m\/#breadcrumb\",\"itemListElement\":[{\"@type\":\"ListItem\",\"position\":1,\"name\":\"Home\",\"item\":\"https:\/\/www.cinesouk.ma\/\"},{\"@type\":\"ListItem\",\"position\":2,\"name\":\"Shop\",\"item\":\"https:\/\/www.cinesouk.ma\/shop\/\"},{\"@type\":\"ListItem\",\"position\":3,\"name\":\"XLR &#038; power multi cable 15m\"}]},{\"@type\":\"WebSite\",\"@id\":\"https:\/\/www.cinesouk.ma\/#website\",\"url\":\"https:\/\/www.cinesouk.ma\/\",\"name\":\"CineSouk\",\"description\":\"\",\"publisher\":{\"@id\":\"https:\/\/www.cinesouk.ma\/#organization\"},\"potentialAction\":[{\"@type\":\"SearchAction\",\"target\":{\"@type\":\"EntryPoint\",\"urlTemplate\":\"https:\/\/www.cinesouk.ma\/?s={search_term_string}\"},\"query-input\":{\"@type\":\"PropertyValueSpecification\",\"valueRequired\":true,\"valueName\":\"search_term_string\"}}],\"inLanguage\":\"fr-FR\"},{\"@type\":\"Organization\",\"@id\":\"https:\/\/www.cinesouk.ma\/#organization\",\"name\":\"CineSouk\",\"url\":\"https:\/\/www.cinesouk.ma\/\",\"logo\":{\"@type\":\"ImageObject\",\"inLanguage\":\"fr-FR\",\"@id\":\"https:\/\/www.cinesouk.ma\/#\/schema\/logo\/image\/\",\"url\":\"https:\/\/www.cinesouk.ma\/wp-content\/uploads\/2024\/01\/CineSouk-logo-v01-alpha-alligned-left.png\",\"contentUrl\":\"https:\/\/www.cinesouk.ma\/wp-content\/uploads\/2024\/01\/CineSouk-logo-v01-alpha-alligned-left.png\",\"width\":3204,\"height\":889,\"caption\":\"CineSouk\"},\"image\":{\"@id\":\"https:\/\/www.cinesouk.ma\/#\/schema\/logo\/image\/\"}}]}<\/script>\n<!-- \/ Yoast SEO Premium plugin. -->","yoast_head_json":{"title":"XLR & power multi cable 15m - CineSouk - Marrakech | Morocco - For rent","description":"The XLR & power multi cable 15m combining balanced audio and AC power in one run. Perfect for powered speakers and lighting fixtures in stage and live setups.","robots":{"index":"index","follow":"follow","max-snippet":"max-snippet:-1","max-image-preview":"max-image-preview:large","max-video-preview":"max-video-preview:-1"},"canonical":"https:\/\/www.cinesouk.ma\/fr\/produit\/xlr-power-multi-cable-15m\/","og_locale":"fr_FR","og_type":"article","og_title":"XLR & power multi cable 15m","og_description":"The XLR & power multi cable 15m combining balanced audio and AC power in one run. Perfect for powered speakers and lighting fixtures in stage and live setups.","og_url":"https:\/\/www.cinesouk.ma\/fr\/produit\/xlr-power-multi-cable-15m\/","og_site_name":"CineSouk","article_modified_time":"2025-08-26T13:00:51+00:00","og_image":[{"width":300,"height":238,"url":"https:\/\/www.cinesouk.ma\/wp-content\/uploads\/2025\/05\/XLR-power-multi-cable-15m.jpg","type":"image\/jpeg"}],"twitter_card":"summary_large_image","twitter_description":"The XLR & power multi cable 15m combining balanced audio and AC power in one run. Perfect for powered speakers and lighting fixtures in stage and live setups.","twitter_misc":{"Dur\u00e9e de lecture estim\u00e9e":"2 minutes"},"schema":{"@context":"https:\/\/schema.org","@graph":[{"@type":"WebPage","@id":"https:\/\/www.cinesouk.ma\/product\/xlr-power-multi-cable-15m\/","url":"https:\/\/www.cinesouk.ma\/product\/xlr-power-multi-cable-15m\/","name":"XLR & power multi cable 15m - CineSouk - Marrakech | Morocco - For rent","isPartOf":{"@id":"https:\/\/www.cinesouk.ma\/#website"},"primaryImageOfPage":{"@id":"https:\/\/www.cinesouk.ma\/product\/xlr-power-multi-cable-15m\/#primaryimage"},"image":{"@id":"https:\/\/www.cinesouk.ma\/product\/xlr-power-multi-cable-15m\/#primaryimage"},"thumbnailUrl":"https:\/\/www.cinesouk.ma\/wp-content\/uploads\/2025\/05\/XLR-power-multi-cable-15m.jpg","datePublished":"2025-05-26T14:42:15+00:00","dateModified":"2025-08-26T13:00:51+00:00","description":"The XLR & power multi cable 15m combining balanced audio and AC power in one run. Perfect for powered speakers and lighting fixtures in stage and live setups.","breadcrumb":{"@id":"https:\/\/www.cinesouk.ma\/product\/xlr-power-multi-cable-15m\/#breadcrumb"},"inLanguage":"fr-FR","potentialAction":[{"@type":"ReadAction","target":["https:\/\/www.cinesouk.ma\/product\/xlr-power-multi-cable-15m\/"]}]},{"@type":"ImageObject","inLanguage":"fr-FR","@id":"https:\/\/www.cinesouk.ma\/product\/xlr-power-multi-cable-15m\/#primaryimage","url":"https:\/\/www.cinesouk.ma\/wp-content\/uploads\/2025\/05\/XLR-power-multi-cable-15m.jpg","contentUrl":"https:\/\/www.cinesouk.ma\/wp-content\/uploads\/2025\/05\/XLR-power-multi-cable-15m.jpg","width":300,"height":238,"caption":"XLR & power multi cable 15m"},{"@type":"BreadcrumbList","@id":"https:\/\/www.cinesouk.ma\/product\/xlr-power-multi-cable-15m\/#breadcrumb","itemListElement":[{"@type":"ListItem","position":1,"name":"Home","item":"https:\/\/www.cinesouk.ma\/"},{"@type":"ListItem","position":2,"name":"Shop","item":"https:\/\/www.cinesouk.ma\/shop\/"},{"@type":"ListItem","position":3,"name":"XLR &#038; power multi cable 15m"}]},{"@type":"WebSite","@id":"https:\/\/www.cinesouk.ma\/#website","url":"https:\/\/www.cinesouk.ma\/","name":"CineSouk","description":"","publisher":{"@id":"https:\/\/www.cinesouk.ma\/#organization"},"potentialAction":[{"@type":"SearchAction","target":{"@type":"EntryPoint","urlTemplate":"https:\/\/www.cinesouk.ma\/?s={search_term_string}"},"query-input":{"@type":"PropertyValueSpecification","valueRequired":true,"valueName":"search_term_string"}}],"inLanguage":"fr-FR"},{"@type":"Organization","@id":"https:\/\/www.cinesouk.ma\/#organization","name":"CineSouk","url":"https:\/\/www.cinesouk.ma\/","logo":{"@type":"ImageObject","inLanguage":"fr-FR","@id":"https:\/\/www.cinesouk.ma\/#\/schema\/logo\/image\/","url":"https:\/\/www.cinesouk.ma\/wp-content\/uploads\/2024\/01\/CineSouk-logo-v01-alpha-alligned-left.png","contentUrl":"https:\/\/www.cinesouk.ma\/wp-content\/uploads\/2024\/01\/CineSouk-logo-v01-alpha-alligned-left.png","width":3204,"height":889,"caption":"CineSouk"},"image":{"@id":"https:\/\/www.cinesouk.ma\/#\/schema\/logo\/image\/"}}]}},"_links":{"self":[{"href":"https:\/\/www.cinesouk.ma\/fr\/wp-json\/wp\/v2\/product\/13519","targetHints":{"allow":["GET"]}}],"collection":[{"href":"https:\/\/www.cinesouk.ma\/fr\/wp-json\/wp\/v2\/product"}],"about":[{"href":"https:\/\/www.cinesouk.ma\/fr\/wp-json\/wp\/v2\/types\/product"}],"wp:featuredmedia":[{"embeddable":true,"href":"https:\/\/www.cinesouk.ma\/fr\/wp-json\/wp\/v2\/media\/13530"}],"wp:attachment":[{"href":"https:\/\/www.cinesouk.ma\/fr\/wp-json\/wp\/v2\/media?parent=13519"}],"wp:term":[{"taxonomy":"product_brand","embeddable":true,"href":"https:\/\/www.cinesouk.ma\/fr\/wp-json\/wp\/v2\/product_brand?post=13519"},{"taxonomy":"product_cat","embeddable":true,"href":"https:\/\/www.cinesouk.ma\/fr\/wp-json\/wp\/v2\/product_cat?post=13519"},{"taxonomy":"product_tag","embeddable":true,"href":"https:\/\/www.cinesouk.ma\/fr\/wp-json\/wp\/v2\/product_tag?post=13519"}],"curies":[{"name":"wp","href":"https:\/\/api.w.org\/{rel}","templated":true}]}}