{"id":13531,"date":"2025-05-26T15:08:41","date_gmt":"2025-05-26T15:08:41","guid":{"rendered":"https:\/\/www.cinesouk.ma\/?post_type=product&#038;p=13531"},"modified":"2025-08-22T10:33:56","modified_gmt":"2025-08-22T10:33:56","slug":"4x5-65-allure-white-mist-1-4","status":"publish","type":"product","link":"https:\/\/www.cinesouk.ma\/fr\/produit\/4x5-65-allure-white-mist-1-4\/","title":{"rendered":"4\u00d75.65\" Allure White Mist 1\/4"},"content":{"rendered":"<p data-start=\"225\" data-end=\"627\">Le 4\u00d75.65\" Allure White Mist 1\/4 est un filtre de diffusion de haute qualit\u00e9 utilis\u00e9 pour r\u00e9duire le contraste et adoucir les hautes lumi\u00e8res d'une mani\u00e8re contr\u00f4l\u00e9e et cin\u00e9matographique. Con\u00e7u pour les productions professionnelles de films et de vid\u00e9os, il introduit un effet de brume subtil qui adoucit les tons de la peau et att\u00e9nue l'aspect num\u00e9rique des s\u00e9quences haute r\u00e9solution, sans compromettre la nettet\u00e9 ou l'int\u00e9grit\u00e9 globale de l'image.<\/p>\n<h3 data-start=\"634\" data-end=\"654\"><strong data-start=\"638\" data-end=\"654\">Principales caract\u00e9ristiques de 4\u00d75.65\" Allure White Mist 1\/4 :<\/strong><\/h3>\n<ul data-start=\"656\" data-end=\"1213\">\n<li data-start=\"656\" data-end=\"745\">\n<p data-start=\"658\" data-end=\"745\"><strong data-start=\"658\" data-end=\"673\">Effet de brume<\/strong>: Ajoute un halo doux et lumineux aux hautes lumi\u00e8res pour une image plus atmosph\u00e9rique.<\/p>\n<\/li>\n<li data-start=\"746\" data-end=\"835\">\n<p data-start=\"748\" data-end=\"835\"><strong data-start=\"748\" data-end=\"770\">R\u00e9duction du contraste<\/strong>: Diminue l\u00e9g\u00e8rement le contraste pour cr\u00e9er des transitions tonales plus douces.<\/p>\n<\/li>\n<li data-start=\"836\" data-end=\"937\">\n<p data-start=\"838\" data-end=\"937\"><strong data-start=\"838\" data-end=\"855\">Qualit\u00e9 du verre<\/strong>: Fabriqu\u00e9 \u00e0 partir de verre optique de pr\u00e9cision pour maintenir la r\u00e9solution et la pr\u00e9cision des couleurs.<\/p>\n<\/li>\n<li data-start=\"938\" data-end=\"1037\">\n<p data-start=\"940\" data-end=\"1037\"><strong data-start=\"940\" data-end=\"957\">Taille standard<\/strong>: Format 4\u00d75.65\" avec une \u00e9paisseur de 4mm, compatible avec la plupart des bo\u00eetes mattes de l'industrie<\/p>\n<\/li>\n<li data-start=\"1038\" data-end=\"1131\">\n<p data-start=\"1040\" data-end=\"1131\"><strong data-start=\"1040\" data-end=\"1051\">Rev\u00eatement<\/strong>: Rev\u00eatement antireflet et r\u00e9sistant \u00e0 l'eau pour une durabilit\u00e9 et un nettoyage facile<\/p>\n<\/li>\n<li data-start=\"1132\" data-end=\"1213\">\n<p data-start=\"1134\" data-end=\"1213\"><strong data-start=\"1134\" data-end=\"1147\">Niveau d'utilisation<\/strong>: 1\/4 de force - subtil et adapt\u00e9 \u00e0 une utilisation g\u00e9n\u00e9rale dans tous les genres<\/p>\n<\/li>\n<\/ul>\n<p>Louez-le maintenant sur <a href=\"https:\/\/www.cinesouk.ma\/fr\">CINESOUK<\/a> - une marque de <a href=\"https:\/\/www.broadway.ma\/\">BROADWAY PRODUCTIONS SARL.<\/a><\/p>","protected":false},"excerpt":{"rendered":"<p><strong>Sp\u00e9cifications :<\/strong><\/p>\n<div class=\"group\/conversation-turn relative flex w-full min-w-0 flex-col agent-turn\">\n<div class=\"flex-col gap-1 md:gap-3\">\n<div class=\"flex max-w-full flex-col flex-grow\">\n<div class=\"min-h-8 text-message flex w-full flex-col items-end gap-2 whitespace-normal break-words [.text-message+&amp;]:mt-5\" dir=\"auto\" data-message-author-role=\"assistant\" data-message-id=\"e18a99b3-cf7b-4ecd-bc21-990f899c3de7\" data-message-model-slug=\"gpt-4o\">\n<div class=\"flex w-full flex-col gap-1 empty:hidden first:pt-[3px]\">\n<div class=\"markdown prose w-full break-words dark:prose-invert light\">\n<ul>\n<li><strong data-start=\"143\" data-end=\"151\">Taille<\/strong>: 4 x 5.65 pouces<\/li>\n<li><strong data-start=\"171\" data-end=\"190\">Effet Force<\/strong>: 1\/4 (diffusion de brume subtile)<\/li>\n<li><strong data-start=\"222\" data-end=\"234\" data-is-only-node=\"\">Mat\u00e9riau<\/strong>: Verre optique de haute qualit\u00e9<\/li>\n<li><strong data-start=\"265\" data-end=\"277\">Fonction<\/strong>: adoucit les hautes lumi\u00e8res et r\u00e9duit le contraste sans perdre de d\u00e9tails<\/li>\n<li><strong data-start=\"343\" data-end=\"354\">Rev\u00eatement<\/strong>: R\u00e9sistant \u00e0 l'eau et antireflet<\/li>\n<li><strong data-start=\"394\" data-end=\"411\">Compatibilit\u00e9<\/strong>: Convient \u00e0 la plupart des syst\u00e8mes de bo\u00eetes mattes standard de 4 x 5,65 pouces<\/li>\n<li><strong data-start=\"466\" data-end=\"482\">Applications<\/strong>: Productions cin\u00e9matographiques, plans de beaut\u00e9, interviews et images stylis\u00e9es.<\/li>\n<\/ul>\n<\/div>\n<\/div>\n<\/div>\n<\/div>\n<\/div>\n<\/div>","protected":false},"featured_media":13542,"template":"","meta":{"om_disable_all_campaigns":false,"_monsterinsights_skip_tracking":false,"_monsterinsights_sitenote_active":false,"_monsterinsights_sitenote_note":"","_monsterinsights_sitenote_category":0,"_uf_show_specific_survey":0,"_uf_disable_surveys":false},"product_brand":[],"product_cat":[133,58],"product_tag":[],"class_list":{"0":"post-13531","1":"product","2":"type-product","3":"status-publish","4":"has-post-thumbnail","6":"product_cat-filters-eventsouk","7":"product_cat-filters-cinesouk","9":"entry","10":"has-media","12":"first","13":"instock","14":"taxable","15":"shipping-taxable","16":"purchasable","17":"product-type-variable","18":"has-product-nav","19":"col","20":"span_1_of_3","21":"owp-content-center","22":"owp-thumbs-layout-horizontal","23":"owp-btn-normal","24":"owp-tabs-layout-horizontal","25":"has-no-thumbnails"},"yoast_head":"<!-- This site is optimized with the Yoast SEO Premium plugin v26.0 (Yoast SEO v26.0) - https:\/\/yoast.com\/wordpress\/plugins\/seo\/ -->\n<title>4x5.65\u201d Allure White Mist 1\/4 - CineSouk - For rent<\/title>\n<meta name=\"description\" content=\"4x5.65\u201d Allure White Mist 1\/4 filter for soft contrast and highlight diffusion. Adds subtle glow and atmosphere for a refined cinematic image.\" \/>\n<meta name=\"robots\" content=\"index, follow, max-snippet:-1, max-image-preview:large, max-video-preview:-1\" \/>\n<link rel=\"canonical\" href=\"https:\/\/www.cinesouk.ma\/fr\/produit\/4x5-65-allure-white-mist-1-4\/\" \/>\n<meta property=\"og:locale\" content=\"fr_FR\" \/>\n<meta property=\"og:type\" content=\"article\" \/>\n<meta property=\"og:title\" content=\"4x5.65\u201d Allure White Mist 1\/4\" \/>\n<meta property=\"og:description\" content=\"4x5.65\u201d Allure White Mist 1\/4 filter for soft contrast and highlight diffusion. Adds subtle glow and atmosphere for a refined cinematic image.\" \/>\n<meta property=\"og:url\" content=\"https:\/\/www.cinesouk.ma\/fr\/produit\/4x5-65-allure-white-mist-1-4\/\" \/>\n<meta property=\"og:site_name\" content=\"CineSouk\" \/>\n<meta property=\"article:modified_time\" content=\"2025-08-22T10:33:56+00:00\" \/>\n<meta property=\"og:image\" content=\"https:\/\/www.cinesouk.ma\/wp-content\/uploads\/2025\/05\/4x5.65-Allure-White-Mist-14.jpg\" \/>\n\t<meta property=\"og:image:width\" content=\"300\" \/>\n\t<meta property=\"og:image:height\" content=\"238\" \/>\n\t<meta property=\"og:image:type\" content=\"image\/jpeg\" \/>\n<meta name=\"twitter:card\" content=\"summary_large_image\" \/>\n<meta name=\"twitter:description\" content=\"4x5.65\u201d Allure White Mist 1\/4 filter for soft contrast and highlight diffusion. Adds subtle glow and atmosphere for a refined cinematic image.\" \/>\n<meta name=\"twitter:label1\" content=\"Dur\u00e9e de lecture estim\u00e9e\" \/>\n\t<meta name=\"twitter:data1\" content=\"1 minute\" \/>\n<script type=\"application\/ld+json\" class=\"yoast-schema-graph\">{\"@context\":\"https:\/\/schema.org\",\"@graph\":[{\"@type\":\"WebPage\",\"@id\":\"https:\/\/www.cinesouk.ma\/product\/4x5-65-allure-white-mist-1-4\/\",\"url\":\"https:\/\/www.cinesouk.ma\/product\/4x5-65-allure-white-mist-1-4\/\",\"name\":\"4x5.65\u201d Allure White Mist 1\/4 - CineSouk - For rent\",\"isPartOf\":{\"@id\":\"https:\/\/www.cinesouk.ma\/#website\"},\"primaryImageOfPage\":{\"@id\":\"https:\/\/www.cinesouk.ma\/product\/4x5-65-allure-white-mist-1-4\/#primaryimage\"},\"image\":{\"@id\":\"https:\/\/www.cinesouk.ma\/product\/4x5-65-allure-white-mist-1-4\/#primaryimage\"},\"thumbnailUrl\":\"https:\/\/www.cinesouk.ma\/wp-content\/uploads\/2025\/05\/4x5.65-Allure-White-Mist-14.jpg\",\"datePublished\":\"2025-05-26T15:08:41+00:00\",\"dateModified\":\"2025-08-22T10:33:56+00:00\",\"description\":\"4x5.65\u201d Allure White Mist 1\/4 filter for soft contrast and highlight diffusion. Adds subtle glow and atmosphere for a refined cinematic image.\",\"breadcrumb\":{\"@id\":\"https:\/\/www.cinesouk.ma\/product\/4x5-65-allure-white-mist-1-4\/#breadcrumb\"},\"inLanguage\":\"fr-FR\",\"potentialAction\":[{\"@type\":\"ReadAction\",\"target\":[\"https:\/\/www.cinesouk.ma\/product\/4x5-65-allure-white-mist-1-4\/\"]}]},{\"@type\":\"ImageObject\",\"inLanguage\":\"fr-FR\",\"@id\":\"https:\/\/www.cinesouk.ma\/product\/4x5-65-allure-white-mist-1-4\/#primaryimage\",\"url\":\"https:\/\/www.cinesouk.ma\/wp-content\/uploads\/2025\/05\/4x5.65-Allure-White-Mist-14.jpg\",\"contentUrl\":\"https:\/\/www.cinesouk.ma\/wp-content\/uploads\/2025\/05\/4x5.65-Allure-White-Mist-14.jpg\",\"width\":300,\"height\":238,\"caption\":\"4x5.65\u201d Allure White Mist 1:4\"},{\"@type\":\"BreadcrumbList\",\"@id\":\"https:\/\/www.cinesouk.ma\/product\/4x5-65-allure-white-mist-1-4\/#breadcrumb\",\"itemListElement\":[{\"@type\":\"ListItem\",\"position\":1,\"name\":\"Home\",\"item\":\"https:\/\/www.cinesouk.ma\/\"},{\"@type\":\"ListItem\",\"position\":2,\"name\":\"Shop\",\"item\":\"https:\/\/www.cinesouk.ma\/shop\/\"},{\"@type\":\"ListItem\",\"position\":3,\"name\":\"4&#215;5.65\u201d Allure White Mist 1\/4\"}]},{\"@type\":\"WebSite\",\"@id\":\"https:\/\/www.cinesouk.ma\/#website\",\"url\":\"https:\/\/www.cinesouk.ma\/\",\"name\":\"CineSouk\",\"description\":\"\",\"publisher\":{\"@id\":\"https:\/\/www.cinesouk.ma\/#organization\"},\"potentialAction\":[{\"@type\":\"SearchAction\",\"target\":{\"@type\":\"EntryPoint\",\"urlTemplate\":\"https:\/\/www.cinesouk.ma\/?s={search_term_string}\"},\"query-input\":{\"@type\":\"PropertyValueSpecification\",\"valueRequired\":true,\"valueName\":\"search_term_string\"}}],\"inLanguage\":\"fr-FR\"},{\"@type\":\"Organization\",\"@id\":\"https:\/\/www.cinesouk.ma\/#organization\",\"name\":\"CineSouk\",\"url\":\"https:\/\/www.cinesouk.ma\/\",\"logo\":{\"@type\":\"ImageObject\",\"inLanguage\":\"fr-FR\",\"@id\":\"https:\/\/www.cinesouk.ma\/#\/schema\/logo\/image\/\",\"url\":\"https:\/\/www.cinesouk.ma\/wp-content\/uploads\/2024\/01\/CineSouk-logo-v01-alpha-alligned-left.png\",\"contentUrl\":\"https:\/\/www.cinesouk.ma\/wp-content\/uploads\/2024\/01\/CineSouk-logo-v01-alpha-alligned-left.png\",\"width\":3204,\"height\":889,\"caption\":\"CineSouk\"},\"image\":{\"@id\":\"https:\/\/www.cinesouk.ma\/#\/schema\/logo\/image\/\"}}]}<\/script>\n<!-- \/ Yoast SEO Premium plugin. -->","yoast_head_json":{"title":"4x5.65\u201d Allure White Mist 1\/4 - CineSouk - For rent","description":"4x5.65\u201d Allure White Mist 1\/4 filter for soft contrast and highlight diffusion. Adds subtle glow and atmosphere for a refined cinematic image.","robots":{"index":"index","follow":"follow","max-snippet":"max-snippet:-1","max-image-preview":"max-image-preview:large","max-video-preview":"max-video-preview:-1"},"canonical":"https:\/\/www.cinesouk.ma\/fr\/produit\/4x5-65-allure-white-mist-1-4\/","og_locale":"fr_FR","og_type":"article","og_title":"4x5.65\u201d Allure White Mist 1\/4","og_description":"4x5.65\u201d Allure White Mist 1\/4 filter for soft contrast and highlight diffusion. Adds subtle glow and atmosphere for a refined cinematic image.","og_url":"https:\/\/www.cinesouk.ma\/fr\/produit\/4x5-65-allure-white-mist-1-4\/","og_site_name":"CineSouk","article_modified_time":"2025-08-22T10:33:56+00:00","og_image":[{"width":300,"height":238,"url":"https:\/\/www.cinesouk.ma\/wp-content\/uploads\/2025\/05\/4x5.65-Allure-White-Mist-14.jpg","type":"image\/jpeg"}],"twitter_card":"summary_large_image","twitter_description":"4x5.65\u201d Allure White Mist 1\/4 filter for soft contrast and highlight diffusion. Adds subtle glow and atmosphere for a refined cinematic image.","twitter_misc":{"Dur\u00e9e de lecture estim\u00e9e":"1 minute"},"schema":{"@context":"https:\/\/schema.org","@graph":[{"@type":"WebPage","@id":"https:\/\/www.cinesouk.ma\/product\/4x5-65-allure-white-mist-1-4\/","url":"https:\/\/www.cinesouk.ma\/product\/4x5-65-allure-white-mist-1-4\/","name":"4x5.65\u201d Allure White Mist 1\/4 - CineSouk - For rent","isPartOf":{"@id":"https:\/\/www.cinesouk.ma\/#website"},"primaryImageOfPage":{"@id":"https:\/\/www.cinesouk.ma\/product\/4x5-65-allure-white-mist-1-4\/#primaryimage"},"image":{"@id":"https:\/\/www.cinesouk.ma\/product\/4x5-65-allure-white-mist-1-4\/#primaryimage"},"thumbnailUrl":"https:\/\/www.cinesouk.ma\/wp-content\/uploads\/2025\/05\/4x5.65-Allure-White-Mist-14.jpg","datePublished":"2025-05-26T15:08:41+00:00","dateModified":"2025-08-22T10:33:56+00:00","description":"4x5.65\u201d Allure White Mist 1\/4 filter for soft contrast and highlight diffusion. Adds subtle glow and atmosphere for a refined cinematic image.","breadcrumb":{"@id":"https:\/\/www.cinesouk.ma\/product\/4x5-65-allure-white-mist-1-4\/#breadcrumb"},"inLanguage":"fr-FR","potentialAction":[{"@type":"ReadAction","target":["https:\/\/www.cinesouk.ma\/product\/4x5-65-allure-white-mist-1-4\/"]}]},{"@type":"ImageObject","inLanguage":"fr-FR","@id":"https:\/\/www.cinesouk.ma\/product\/4x5-65-allure-white-mist-1-4\/#primaryimage","url":"https:\/\/www.cinesouk.ma\/wp-content\/uploads\/2025\/05\/4x5.65-Allure-White-Mist-14.jpg","contentUrl":"https:\/\/www.cinesouk.ma\/wp-content\/uploads\/2025\/05\/4x5.65-Allure-White-Mist-14.jpg","width":300,"height":238,"caption":"4x5.65\u201d Allure White Mist 1:4"},{"@type":"BreadcrumbList","@id":"https:\/\/www.cinesouk.ma\/product\/4x5-65-allure-white-mist-1-4\/#breadcrumb","itemListElement":[{"@type":"ListItem","position":1,"name":"Home","item":"https:\/\/www.cinesouk.ma\/"},{"@type":"ListItem","position":2,"name":"Shop","item":"https:\/\/www.cinesouk.ma\/shop\/"},{"@type":"ListItem","position":3,"name":"4&#215;5.65\u201d Allure White Mist 1\/4"}]},{"@type":"WebSite","@id":"https:\/\/www.cinesouk.ma\/#website","url":"https:\/\/www.cinesouk.ma\/","name":"CineSouk","description":"","publisher":{"@id":"https:\/\/www.cinesouk.ma\/#organization"},"potentialAction":[{"@type":"SearchAction","target":{"@type":"EntryPoint","urlTemplate":"https:\/\/www.cinesouk.ma\/?s={search_term_string}"},"query-input":{"@type":"PropertyValueSpecification","valueRequired":true,"valueName":"search_term_string"}}],"inLanguage":"fr-FR"},{"@type":"Organization","@id":"https:\/\/www.cinesouk.ma\/#organization","name":"CineSouk","url":"https:\/\/www.cinesouk.ma\/","logo":{"@type":"ImageObject","inLanguage":"fr-FR","@id":"https:\/\/www.cinesouk.ma\/#\/schema\/logo\/image\/","url":"https:\/\/www.cinesouk.ma\/wp-content\/uploads\/2024\/01\/CineSouk-logo-v01-alpha-alligned-left.png","contentUrl":"https:\/\/www.cinesouk.ma\/wp-content\/uploads\/2024\/01\/CineSouk-logo-v01-alpha-alligned-left.png","width":3204,"height":889,"caption":"CineSouk"},"image":{"@id":"https:\/\/www.cinesouk.ma\/#\/schema\/logo\/image\/"}}]}},"_links":{"self":[{"href":"https:\/\/www.cinesouk.ma\/fr\/wp-json\/wp\/v2\/product\/13531","targetHints":{"allow":["GET"]}}],"collection":[{"href":"https:\/\/www.cinesouk.ma\/fr\/wp-json\/wp\/v2\/product"}],"about":[{"href":"https:\/\/www.cinesouk.ma\/fr\/wp-json\/wp\/v2\/types\/product"}],"wp:featuredmedia":[{"embeddable":true,"href":"https:\/\/www.cinesouk.ma\/fr\/wp-json\/wp\/v2\/media\/13542"}],"wp:attachment":[{"href":"https:\/\/www.cinesouk.ma\/fr\/wp-json\/wp\/v2\/media?parent=13531"}],"wp:term":[{"taxonomy":"product_brand","embeddable":true,"href":"https:\/\/www.cinesouk.ma\/fr\/wp-json\/wp\/v2\/product_brand?post=13531"},{"taxonomy":"product_cat","embeddable":true,"href":"https:\/\/www.cinesouk.ma\/fr\/wp-json\/wp\/v2\/product_cat?post=13531"},{"taxonomy":"product_tag","embeddable":true,"href":"https:\/\/www.cinesouk.ma\/fr\/wp-json\/wp\/v2\/product_tag?post=13531"}],"curies":[{"name":"wp","href":"https:\/\/api.w.org\/{rel}","templated":true}]}}