{"id":13543,"date":"2025-05-26T15:31:02","date_gmt":"2025-05-26T15:31:02","guid":{"rendered":"https:\/\/www.cinesouk.ma\/?post_type=product&#038;p=13543"},"modified":"2025-08-22T10:33:55","modified_gmt":"2025-08-22T10:33:55","slug":"4x5-65-allure-white-mist-1-8","status":"publish","type":"product","link":"https:\/\/www.cinesouk.ma\/fr\/produit\/4x5-65-allure-white-mist-1-8\/","title":{"rendered":"4\u00d75.65\" Allure White Mist 1\/8"},"content":{"rendered":"<p data-start=\"182\" data-end=\"547\">Le filtre 4\u00d75,65\" Allure White Mist 1\/8 est un filtre de diffusion de la lumi\u00e8re qui r\u00e9duit doucement le contraste et ajoute une douce lueur aux points forts. Il adoucit l\u00e9g\u00e8rement les textures de la peau et att\u00e9nue les d\u00e9tails trop marqu\u00e9s, tout en conservant la nettet\u00e9 de l'image. Ce filtre convient parfaitement au cin\u00e9ma num\u00e9rique lorsque vous souhaitez obtenir un effet atmosph\u00e9rique subtil sans modifier sensiblement l'ensemble de l'image.<\/p>\n<h3 data-start=\"554\" data-end=\"570\">Caract\u00e9ristiques principales 4\u00d75.65\" Allure White Mist 1\/8 :<\/h3>\n<ul data-start=\"572\" data-end=\"1051\">\n<li data-start=\"572\" data-end=\"654\">\n<p data-start=\"574\" data-end=\"654\"><strong data-start=\"574\" data-end=\"589\">Effet de brume<\/strong>: Cr\u00e9e une lueur douce dans les hautes lumi\u00e8res pour un look propre et cin\u00e9matographique.<\/p>\n<\/li>\n<li data-start=\"655\" data-end=\"740\">\n<p data-start=\"657\" data-end=\"740\"><strong data-start=\"657\" data-end=\"677\">Contr\u00f4le du contraste<\/strong>: Diminue doucement le contraste tout en gardant les d\u00e9tails des ombres visibles.<\/p>\n<\/li>\n<li data-start=\"741\" data-end=\"830\">\n<p data-start=\"743\" data-end=\"830\"><strong data-start=\"743\" data-end=\"760\">Qualit\u00e9 du verre<\/strong>: Fabriqu\u00e9 en verre optique de haute qualit\u00e9 pour pr\u00e9server les couleurs et la nettet\u00e9.<\/p>\n<\/li>\n<li data-start=\"831\" data-end=\"901\">\n<p data-start=\"833\" data-end=\"901\"><strong data-start=\"833\" data-end=\"841\">Taille<\/strong>: 4 x 5.65 pouces (4mm d'\u00e9paisseur), convient \u00e0 la plupart des syst\u00e8mes de bo\u00eetes mates<\/p>\n<\/li>\n<li data-start=\"902\" data-end=\"976\">\n<p data-start=\"904\" data-end=\"976\"><strong data-start=\"904\" data-end=\"915\">Rev\u00eatement<\/strong>: Hydrofuge et antireflet pour une utilisation plus facile sur le plateau de tournage<\/p>\n<\/li>\n<li data-start=\"977\" data-end=\"1051\">\n<p data-start=\"979\" data-end=\"1051\"><strong data-start=\"979\" data-end=\"998\">Effet Force<\/strong>: 1\/8 - le niveau le plus l\u00e9ger de la s\u00e9rie White Mist<\/p>\n<\/li>\n<\/ul>\n<p>L'Allure White Mist 1\/8 est parfait pour les cin\u00e9astes et les directeurs de la photographie qui souhaitent une touche de douceur sans perdre en clart\u00e9. Il permet de cr\u00e9er un look cin\u00e9matographique raffin\u00e9 qui flatte la peau et lisse les reflets, ce qui en fait un choix fiable pour les travaux de beaut\u00e9, les films narratifs et les tournages commerciaux stylis\u00e9s.<\/p>\n<p data-start=\"205\" data-end=\"594\">Louez-le maintenant sur <a href=\"https:\/\/www.cinesouk.ma\/fr\">CINESOUK<\/a> - une marque de <a href=\"https:\/\/www.broadway.ma\/\">BROADWAY PRODUCTIONS SARL.<\/a><\/p>","protected":false},"excerpt":{"rendered":"<p><strong>Sp\u00e9cifications :<\/strong><\/p>\n<div class=\"group\/conversation-turn relative flex w-full min-w-0 flex-col agent-turn\">\n<div class=\"flex-col gap-1 md:gap-3\">\n<div class=\"flex max-w-full flex-col flex-grow\">\n<div class=\"min-h-8 text-message flex w-full flex-col items-end gap-2 whitespace-normal break-words [.text-message+&amp;]:mt-5\" dir=\"auto\" data-message-author-role=\"assistant\" data-message-id=\"e18a99b3-cf7b-4ecd-bc21-990f899c3de7\" data-message-model-slug=\"gpt-4o\">\n<div class=\"flex w-full flex-col gap-1 empty:hidden first:pt-[3px]\">\n<div class=\"markdown prose w-full break-words dark:prose-invert light\">\n<ul>\n<li><strong data-start=\"110\" data-end=\"118\">Taille<\/strong>: 4 x 5.65 pouces<\/li>\n<li><strong data-start=\"138\" data-end=\"157\">Effet Force<\/strong>: 1\/8 (diffusion tr\u00e8s subtile de la brume)<\/li>\n<li><strong data-start=\"194\" data-end=\"206\" data-is-only-node=\"\">Mat\u00e9riau<\/strong>: Verre optique de haute qualit\u00e9<\/li>\n<li><strong data-start=\"237\" data-end=\"249\">Fonction<\/strong>: Adoucit doucement les hautes lumi\u00e8res et r\u00e9duit le contraste avec une alt\u00e9ration minimale de l'image.<\/li>\n<li><strong data-start=\"329\" data-end=\"340\">Rev\u00eatement<\/strong>: Surface r\u00e9sistante \u00e0 l'eau et antireflet<\/li>\n<li><strong data-start=\"388\" data-end=\"405\">Compatibilit\u00e9<\/strong>: Convient aux syst\u00e8mes de bo\u00eetes mattes standard de 4 x 5,65 pouces<\/li>\n<li><strong data-start=\"455\" data-end=\"471\">Applications<\/strong>: Longs m\u00e9trages, publicit\u00e9s, photos de beaut\u00e9 et vid\u00e9o num\u00e9rique o\u00f9 une l\u00e9g\u00e8re diffusion est souhait\u00e9e.<\/li>\n<\/ul>\n<\/div>\n<\/div>\n<\/div>\n<\/div>\n<\/div>\n<\/div>","protected":false},"featured_media":13554,"template":"","meta":{"om_disable_all_campaigns":false,"_monsterinsights_skip_tracking":false,"_monsterinsights_sitenote_active":false,"_monsterinsights_sitenote_note":"","_monsterinsights_sitenote_category":0,"_uf_show_specific_survey":0,"_uf_disable_surveys":false},"product_brand":[],"product_cat":[133,58],"product_tag":[],"class_list":{"0":"post-13543","1":"product","2":"type-product","3":"status-publish","4":"has-post-thumbnail","6":"product_cat-filters-eventsouk","7":"product_cat-filters-cinesouk","9":"entry","10":"has-media","12":"first","13":"instock","14":"taxable","15":"shipping-taxable","16":"purchasable","17":"product-type-variable","18":"has-product-nav","19":"col","20":"span_1_of_3","21":"owp-content-center","22":"owp-thumbs-layout-horizontal","23":"owp-btn-normal","24":"owp-tabs-layout-horizontal","25":"has-no-thumbnails"},"yoast_head":"<!-- This site is optimized with the Yoast SEO Premium plugin v26.0 (Yoast SEO v26.0) - https:\/\/yoast.com\/wordpress\/plugins\/seo\/ -->\n<title>4x5.65\u201d Allure White Mist 1\/8 - CineSouk - For rent<\/title>\n<meta name=\"description\" content=\"4x5.65\u201d Allure White Mist 1\/8 filter offers subtle highlight diffusion and soft contrast control. Ideal for polished, cinematic images with minimal softness.\" \/>\n<meta name=\"robots\" content=\"index, follow, max-snippet:-1, max-image-preview:large, max-video-preview:-1\" \/>\n<link rel=\"canonical\" href=\"https:\/\/www.cinesouk.ma\/fr\/produit\/4x5-65-allure-white-mist-1-8\/\" \/>\n<meta property=\"og:locale\" content=\"fr_FR\" \/>\n<meta property=\"og:type\" content=\"article\" \/>\n<meta property=\"og:title\" content=\"4x5.65\u201d Allure White Mist 1\/8\" \/>\n<meta property=\"og:description\" content=\"4x5.65\u201d Allure White Mist 1\/8 filter offers subtle highlight diffusion and soft contrast control. Ideal for polished, cinematic images with minimal softness.\" \/>\n<meta property=\"og:url\" content=\"https:\/\/www.cinesouk.ma\/fr\/produit\/4x5-65-allure-white-mist-1-8\/\" \/>\n<meta property=\"og:site_name\" content=\"CineSouk\" \/>\n<meta property=\"article:modified_time\" content=\"2025-08-22T10:33:55+00:00\" \/>\n<meta property=\"og:image\" content=\"https:\/\/www.cinesouk.ma\/wp-content\/uploads\/2025\/05\/4x5.65-Allure-White-Mist-18.jpg\" \/>\n\t<meta property=\"og:image:width\" content=\"300\" \/>\n\t<meta property=\"og:image:height\" content=\"238\" \/>\n\t<meta property=\"og:image:type\" content=\"image\/jpeg\" \/>\n<meta name=\"twitter:card\" content=\"summary_large_image\" \/>\n<meta name=\"twitter:description\" content=\"4x5.65\u201d Allure White Mist 1\/8 filter offers subtle highlight diffusion and soft contrast control. Ideal for polished, cinematic images with minimal softness.\" \/>\n<meta name=\"twitter:label1\" content=\"Dur\u00e9e de lecture estim\u00e9e\" \/>\n\t<meta name=\"twitter:data1\" content=\"2 minutes\" \/>\n<script type=\"application\/ld+json\" class=\"yoast-schema-graph\">{\"@context\":\"https:\/\/schema.org\",\"@graph\":[{\"@type\":\"WebPage\",\"@id\":\"https:\/\/www.cinesouk.ma\/product\/4x5-65-allure-white-mist-1-8\/\",\"url\":\"https:\/\/www.cinesouk.ma\/product\/4x5-65-allure-white-mist-1-8\/\",\"name\":\"4x5.65\u201d Allure White Mist 1\/8 - CineSouk - For rent\",\"isPartOf\":{\"@id\":\"https:\/\/www.cinesouk.ma\/#website\"},\"primaryImageOfPage\":{\"@id\":\"https:\/\/www.cinesouk.ma\/product\/4x5-65-allure-white-mist-1-8\/#primaryimage\"},\"image\":{\"@id\":\"https:\/\/www.cinesouk.ma\/product\/4x5-65-allure-white-mist-1-8\/#primaryimage\"},\"thumbnailUrl\":\"https:\/\/www.cinesouk.ma\/wp-content\/uploads\/2025\/05\/4x5.65-Allure-White-Mist-18.jpg\",\"datePublished\":\"2025-05-26T15:31:02+00:00\",\"dateModified\":\"2025-08-22T10:33:55+00:00\",\"description\":\"4x5.65\u201d Allure White Mist 1\/8 filter offers subtle highlight diffusion and soft contrast control. Ideal for polished, cinematic images with minimal softness.\",\"breadcrumb\":{\"@id\":\"https:\/\/www.cinesouk.ma\/product\/4x5-65-allure-white-mist-1-8\/#breadcrumb\"},\"inLanguage\":\"fr-FR\",\"potentialAction\":[{\"@type\":\"ReadAction\",\"target\":[\"https:\/\/www.cinesouk.ma\/product\/4x5-65-allure-white-mist-1-8\/\"]}]},{\"@type\":\"ImageObject\",\"inLanguage\":\"fr-FR\",\"@id\":\"https:\/\/www.cinesouk.ma\/product\/4x5-65-allure-white-mist-1-8\/#primaryimage\",\"url\":\"https:\/\/www.cinesouk.ma\/wp-content\/uploads\/2025\/05\/4x5.65-Allure-White-Mist-18.jpg\",\"contentUrl\":\"https:\/\/www.cinesouk.ma\/wp-content\/uploads\/2025\/05\/4x5.65-Allure-White-Mist-18.jpg\",\"width\":300,\"height\":238,\"caption\":\"4x5.65\u201d Allure White Mist 1\/8\"},{\"@type\":\"BreadcrumbList\",\"@id\":\"https:\/\/www.cinesouk.ma\/product\/4x5-65-allure-white-mist-1-8\/#breadcrumb\",\"itemListElement\":[{\"@type\":\"ListItem\",\"position\":1,\"name\":\"Home\",\"item\":\"https:\/\/www.cinesouk.ma\/\"},{\"@type\":\"ListItem\",\"position\":2,\"name\":\"Shop\",\"item\":\"https:\/\/www.cinesouk.ma\/shop\/\"},{\"@type\":\"ListItem\",\"position\":3,\"name\":\"4&#215;5.65\u201d Allure White Mist 1\/8\"}]},{\"@type\":\"WebSite\",\"@id\":\"https:\/\/www.cinesouk.ma\/#website\",\"url\":\"https:\/\/www.cinesouk.ma\/\",\"name\":\"CineSouk\",\"description\":\"\",\"publisher\":{\"@id\":\"https:\/\/www.cinesouk.ma\/#organization\"},\"potentialAction\":[{\"@type\":\"SearchAction\",\"target\":{\"@type\":\"EntryPoint\",\"urlTemplate\":\"https:\/\/www.cinesouk.ma\/?s={search_term_string}\"},\"query-input\":{\"@type\":\"PropertyValueSpecification\",\"valueRequired\":true,\"valueName\":\"search_term_string\"}}],\"inLanguage\":\"fr-FR\"},{\"@type\":\"Organization\",\"@id\":\"https:\/\/www.cinesouk.ma\/#organization\",\"name\":\"CineSouk\",\"url\":\"https:\/\/www.cinesouk.ma\/\",\"logo\":{\"@type\":\"ImageObject\",\"inLanguage\":\"fr-FR\",\"@id\":\"https:\/\/www.cinesouk.ma\/#\/schema\/logo\/image\/\",\"url\":\"https:\/\/www.cinesouk.ma\/wp-content\/uploads\/2024\/01\/CineSouk-logo-v01-alpha-alligned-left.png\",\"contentUrl\":\"https:\/\/www.cinesouk.ma\/wp-content\/uploads\/2024\/01\/CineSouk-logo-v01-alpha-alligned-left.png\",\"width\":3204,\"height\":889,\"caption\":\"CineSouk\"},\"image\":{\"@id\":\"https:\/\/www.cinesouk.ma\/#\/schema\/logo\/image\/\"}}]}<\/script>\n<!-- \/ Yoast SEO Premium plugin. -->","yoast_head_json":{"title":"4x5.65\u201d Allure White Mist 1\/8 - CineSouk - For rent","description":"4x5.65\u201d Allure White Mist 1\/8 filter offers subtle highlight diffusion and soft contrast control. Ideal for polished, cinematic images with minimal softness.","robots":{"index":"index","follow":"follow","max-snippet":"max-snippet:-1","max-image-preview":"max-image-preview:large","max-video-preview":"max-video-preview:-1"},"canonical":"https:\/\/www.cinesouk.ma\/fr\/produit\/4x5-65-allure-white-mist-1-8\/","og_locale":"fr_FR","og_type":"article","og_title":"4x5.65\u201d Allure White Mist 1\/8","og_description":"4x5.65\u201d Allure White Mist 1\/8 filter offers subtle highlight diffusion and soft contrast control. Ideal for polished, cinematic images with minimal softness.","og_url":"https:\/\/www.cinesouk.ma\/fr\/produit\/4x5-65-allure-white-mist-1-8\/","og_site_name":"CineSouk","article_modified_time":"2025-08-22T10:33:55+00:00","og_image":[{"width":300,"height":238,"url":"https:\/\/www.cinesouk.ma\/wp-content\/uploads\/2025\/05\/4x5.65-Allure-White-Mist-18.jpg","type":"image\/jpeg"}],"twitter_card":"summary_large_image","twitter_description":"4x5.65\u201d Allure White Mist 1\/8 filter offers subtle highlight diffusion and soft contrast control. Ideal for polished, cinematic images with minimal softness.","twitter_misc":{"Dur\u00e9e de lecture estim\u00e9e":"2 minutes"},"schema":{"@context":"https:\/\/schema.org","@graph":[{"@type":"WebPage","@id":"https:\/\/www.cinesouk.ma\/product\/4x5-65-allure-white-mist-1-8\/","url":"https:\/\/www.cinesouk.ma\/product\/4x5-65-allure-white-mist-1-8\/","name":"4x5.65\u201d Allure White Mist 1\/8 - CineSouk - For rent","isPartOf":{"@id":"https:\/\/www.cinesouk.ma\/#website"},"primaryImageOfPage":{"@id":"https:\/\/www.cinesouk.ma\/product\/4x5-65-allure-white-mist-1-8\/#primaryimage"},"image":{"@id":"https:\/\/www.cinesouk.ma\/product\/4x5-65-allure-white-mist-1-8\/#primaryimage"},"thumbnailUrl":"https:\/\/www.cinesouk.ma\/wp-content\/uploads\/2025\/05\/4x5.65-Allure-White-Mist-18.jpg","datePublished":"2025-05-26T15:31:02+00:00","dateModified":"2025-08-22T10:33:55+00:00","description":"4x5.65\u201d Allure White Mist 1\/8 filter offers subtle highlight diffusion and soft contrast control. Ideal for polished, cinematic images with minimal softness.","breadcrumb":{"@id":"https:\/\/www.cinesouk.ma\/product\/4x5-65-allure-white-mist-1-8\/#breadcrumb"},"inLanguage":"fr-FR","potentialAction":[{"@type":"ReadAction","target":["https:\/\/www.cinesouk.ma\/product\/4x5-65-allure-white-mist-1-8\/"]}]},{"@type":"ImageObject","inLanguage":"fr-FR","@id":"https:\/\/www.cinesouk.ma\/product\/4x5-65-allure-white-mist-1-8\/#primaryimage","url":"https:\/\/www.cinesouk.ma\/wp-content\/uploads\/2025\/05\/4x5.65-Allure-White-Mist-18.jpg","contentUrl":"https:\/\/www.cinesouk.ma\/wp-content\/uploads\/2025\/05\/4x5.65-Allure-White-Mist-18.jpg","width":300,"height":238,"caption":"4x5.65\u201d Allure White Mist 1\/8"},{"@type":"BreadcrumbList","@id":"https:\/\/www.cinesouk.ma\/product\/4x5-65-allure-white-mist-1-8\/#breadcrumb","itemListElement":[{"@type":"ListItem","position":1,"name":"Home","item":"https:\/\/www.cinesouk.ma\/"},{"@type":"ListItem","position":2,"name":"Shop","item":"https:\/\/www.cinesouk.ma\/shop\/"},{"@type":"ListItem","position":3,"name":"4&#215;5.65\u201d Allure White Mist 1\/8"}]},{"@type":"WebSite","@id":"https:\/\/www.cinesouk.ma\/#website","url":"https:\/\/www.cinesouk.ma\/","name":"CineSouk","description":"","publisher":{"@id":"https:\/\/www.cinesouk.ma\/#organization"},"potentialAction":[{"@type":"SearchAction","target":{"@type":"EntryPoint","urlTemplate":"https:\/\/www.cinesouk.ma\/?s={search_term_string}"},"query-input":{"@type":"PropertyValueSpecification","valueRequired":true,"valueName":"search_term_string"}}],"inLanguage":"fr-FR"},{"@type":"Organization","@id":"https:\/\/www.cinesouk.ma\/#organization","name":"CineSouk","url":"https:\/\/www.cinesouk.ma\/","logo":{"@type":"ImageObject","inLanguage":"fr-FR","@id":"https:\/\/www.cinesouk.ma\/#\/schema\/logo\/image\/","url":"https:\/\/www.cinesouk.ma\/wp-content\/uploads\/2024\/01\/CineSouk-logo-v01-alpha-alligned-left.png","contentUrl":"https:\/\/www.cinesouk.ma\/wp-content\/uploads\/2024\/01\/CineSouk-logo-v01-alpha-alligned-left.png","width":3204,"height":889,"caption":"CineSouk"},"image":{"@id":"https:\/\/www.cinesouk.ma\/#\/schema\/logo\/image\/"}}]}},"_links":{"self":[{"href":"https:\/\/www.cinesouk.ma\/fr\/wp-json\/wp\/v2\/product\/13543","targetHints":{"allow":["GET"]}}],"collection":[{"href":"https:\/\/www.cinesouk.ma\/fr\/wp-json\/wp\/v2\/product"}],"about":[{"href":"https:\/\/www.cinesouk.ma\/fr\/wp-json\/wp\/v2\/types\/product"}],"wp:featuredmedia":[{"embeddable":true,"href":"https:\/\/www.cinesouk.ma\/fr\/wp-json\/wp\/v2\/media\/13554"}],"wp:attachment":[{"href":"https:\/\/www.cinesouk.ma\/fr\/wp-json\/wp\/v2\/media?parent=13543"}],"wp:term":[{"taxonomy":"product_brand","embeddable":true,"href":"https:\/\/www.cinesouk.ma\/fr\/wp-json\/wp\/v2\/product_brand?post=13543"},{"taxonomy":"product_cat","embeddable":true,"href":"https:\/\/www.cinesouk.ma\/fr\/wp-json\/wp\/v2\/product_cat?post=13543"},{"taxonomy":"product_tag","embeddable":true,"href":"https:\/\/www.cinesouk.ma\/fr\/wp-json\/wp\/v2\/product_tag?post=13543"}],"curies":[{"name":"wp","href":"https:\/\/api.w.org\/{rel}","templated":true}]}}