{"id":13555,"date":"2025-05-27T08:14:52","date_gmt":"2025-05-27T08:14:52","guid":{"rendered":"https:\/\/www.cinesouk.ma\/?post_type=product&#038;p=13555"},"modified":"2025-08-18T08:28:51","modified_gmt":"2025-08-18T08:28:51","slug":"vct-plate","status":"publish","type":"product","link":"https:\/\/www.cinesouk.ma\/fr\/produit\/vct-plate\/","title":{"rendered":"Plaque de tr\u00e9pied \u00e0 d\u00e9gagement rapide pour vid\u00e9o VCT"},"content":{"rendered":"<p data-start=\"225\" data-end=\"686\">La plaque VCT est un syst\u00e8me de fixation rapide couramment utilis\u00e9 dans les environnements professionnels du cin\u00e9ma et de la t\u00e9l\u00e9diffusion. Con\u00e7ue pour s'adapter aux cales de tr\u00e9pieds VCT-14 standard, cette plaque permet des transitions rapides entre la prise de vue \u00e0 la main, \u00e0 l'\u00e9paule et sur tr\u00e9pied. Elle assure une connexion stable et s\u00fbre entre les cam\u00e9ras et les t\u00eates de tr\u00e9pieds compatibles VCT, ce qui en fait un outil essentiel pour les productions ENG, les documentaires et les productions au pas de course.<\/p>\n<h3 data-start=\"693\" data-end=\"713\"><strong data-start=\"697\" data-end=\"713\">Caract\u00e9ristiques principales<\/strong><\/h3>\n<ul data-start=\"715\" data-end=\"1336\">\n<li data-start=\"715\" data-end=\"793\">\n<p data-start=\"717\" data-end=\"793\"><strong data-start=\"717\" data-end=\"734\">Lib\u00e9ration rapide<\/strong>: Permet un montage et un d\u00e9montage rapide de la cam\u00e9ra.<\/p>\n<\/li>\n<li data-start=\"794\" data-end=\"887\">\n<p data-start=\"796\" data-end=\"887\"><strong data-start=\"796\" data-end=\"813\">Compatibilit\u00e9<\/strong>: Fonctionne avec toutes les cales de tr\u00e9pieds standard VCT-14 et les plaques VCT de type Sony<\/p>\n<\/li>\n<li data-start=\"888\" data-end=\"984\">\n<p data-start=\"890\" data-end=\"984\"><strong data-start=\"890\" data-end=\"920\">Int\u00e9gration de la monture d'\u00e9paule<\/strong>: Comprend souvent une \u00e9pauli\u00e8re rembourr\u00e9e pour l'utilisation \u00e0 la main.<\/p>\n<\/li>\n<li data-start=\"985\" data-end=\"1073\">\n<p data-start=\"987\" data-end=\"1073\"><strong data-start=\"987\" data-end=\"1003\">Adapt\u00e9e \u00e0 l'appareil de forage<\/strong>: Con\u00e7u pour s'adapter aux syst\u00e8mes de tiges de 15 mm ou 19 mm (selon le mod\u00e8le)<\/p>\n<\/li>\n<li data-start=\"1074\" data-end=\"1166\">\n<p data-start=\"1076\" data-end=\"1166\"><strong data-start=\"1076\" data-end=\"1097\">M\u00e9canisme de verrouillage<\/strong>: Le verrouillage arri\u00e8re s\u00e9curis\u00e9 assure une connexion solide aux t\u00eates de tr\u00e9pieds.<\/p>\n<\/li>\n<li data-start=\"1167\" data-end=\"1251\">\n<p data-start=\"1169\" data-end=\"1251\"><strong data-start=\"1169\" data-end=\"1185\">La construction<\/strong>: Fabriqu\u00e9 en alliage d'aluminium durable pour la solidit\u00e9 et la l\u00e9g\u00e8ret\u00e9<\/p>\n<\/li>\n<li data-start=\"1252\" data-end=\"1336\">\n<p data-start=\"1254\" data-end=\"1336\"><strong data-start=\"1254\" data-end=\"1273\">Points de montage<\/strong>: Plusieurs filetages 1\/4\u2033-20 et 3\/8\u2033-16 pour les accessoires et les tiges<\/p>\n<\/li>\n<\/ul>\n<h3 data-start=\"1311\" data-end=\"1333\"><strong data-start=\"1315\" data-end=\"1333\">Sp\u00e9cifications<\/strong><\/h3>\n<ul data-start=\"1335\" data-end=\"1868\">\n<li data-start=\"1335\" data-end=\"1388\">\n<p data-start=\"1337\" data-end=\"1388\"><strong data-start=\"1337\" data-end=\"1351\">Type de plaque<\/strong>: Plaque de base \u00e0 d\u00e9gagement rapide de type VCT<\/p>\n<\/li>\n<li data-start=\"1389\" data-end=\"1428\">\n<p data-start=\"1391\" data-end=\"1428\"><strong data-start=\"1391\" data-end=\"1403\">Mat\u00e9riau<\/strong>: Aluminium usin\u00e9 CNC<\/p>\n<\/li>\n<li data-start=\"1429\" data-end=\"1491\">\n<p data-start=\"1431\" data-end=\"1491\"><strong data-start=\"1431\" data-end=\"1446\">Support de tige<\/strong>: 15mm LWS ou 19mm studio (varie selon le mod\u00e8le)<\/p>\n<\/li>\n<li data-start=\"1492\" data-end=\"1561\">\n<p data-start=\"1494\" data-end=\"1561\"><strong data-start=\"1494\" data-end=\"1518\">Compatibilit\u00e9 avec les tr\u00e9pieds<\/strong>: Sony VCT-14 et plaques de calage \u00e9quivalentes<\/p>\n<\/li>\n<li data-start=\"1562\" data-end=\"1631\">\n<p data-start=\"1564\" data-end=\"1631\"><strong data-start=\"1564\" data-end=\"1584\">Filets de montage<\/strong>: Plusieurs trous filet\u00e9s 1\/4\u2033-20 et 3\/8\u2033-16<\/p>\n<\/li>\n<li data-start=\"1632\" data-end=\"1687\">\n<p data-start=\"1634\" data-end=\"1687\"><strong data-start=\"1634\" data-end=\"1652\">Syst\u00e8me de verrouillage<\/strong>: Verrouillage de l'ar\u00eate arri\u00e8re en V \u00e0 ressort<\/p>\n<\/li>\n<li data-start=\"1688\" data-end=\"1766\">\n<p data-start=\"1690\" data-end=\"1766\"><strong data-start=\"1690\" data-end=\"1706\">Epauli\u00e8re<\/strong>: Coussin en caoutchouc ou en mousse int\u00e9gr\u00e9 (sur les mod\u00e8les \u00e0 monter sur l'\u00e9paule)<\/p>\n<\/li>\n<li data-start=\"1767\" data-end=\"1823\">\n<p data-start=\"1769\" data-end=\"1823\"><strong data-start=\"1769\" data-end=\"1779\">Poids<\/strong>: Environ 500-800 g (selon la version)<\/p>\n<\/li>\n<li data-start=\"1824\" data-end=\"1868\">\n<p data-start=\"1826\" data-end=\"1868\"><strong data-start=\"1826\" data-end=\"1840\">Dimensions<\/strong>: Environ 240 x 85 x 35 mm<\/p>\n<\/li>\n<\/ul>\n<p>La plaque VCT rationalise le flux de travail sur le plateau en permettant des transitions rapides et s\u00fbres de la cam\u00e9ra entre les syst\u00e8mes de support. Que vous filmiez sur le terrain ou sur une sc\u00e8ne, elle offre stabilit\u00e9, rapidit\u00e9 et compatibilit\u00e9, ce qui en fait un \u00e9l\u00e9ment essentiel pour les \u00e9quipes vid\u00e9o professionnelles.<\/p>\n<p>Louez-le maintenant sur <a href=\"https:\/\/www.cinesouk.ma\/fr\">CINESOUK<\/a> - une marque de <a href=\"https:\/\/www.broadway.ma\/\">BROADWAY PRODUCTIONS SARL.<\/a><\/p>","protected":false},"excerpt":{"rendered":"<p><strong>Sp\u00e9cifications :<\/strong><\/p>\n<ul data-start=\"1335\" data-end=\"1868\">\n<li data-start=\"1335\" data-end=\"1388\">\n<p data-start=\"1337\" data-end=\"1388\"><strong data-start=\"1337\" data-end=\"1351\">Type de plaque<\/strong>: Plaque de base \u00e0 d\u00e9gagement rapide de type VCT<\/p>\n<\/li>\n<li data-start=\"1389\" data-end=\"1428\">\n<p data-start=\"1391\" data-end=\"1428\"><strong data-start=\"1391\" data-end=\"1403\">Mat\u00e9riau<\/strong>: Aluminium usin\u00e9 CNC<\/p>\n<\/li>\n<li data-start=\"1429\" data-end=\"1491\">\n<p data-start=\"1431\" data-end=\"1491\"><strong data-start=\"1431\" data-end=\"1446\">Support de tige<\/strong>: 15mm LWS ou 19mm studio (varie selon le mod\u00e8le)<\/p>\n<\/li>\n<li data-start=\"1492\" data-end=\"1561\">\n<p data-start=\"1494\" data-end=\"1561\"><strong data-start=\"1494\" data-end=\"1518\">Compatibilit\u00e9 avec les tr\u00e9pieds<\/strong>: Sony VCT-14 et plaques de calage \u00e9quivalentes<\/p>\n<\/li>\n<li data-start=\"1562\" data-end=\"1631\">\n<p data-start=\"1564\" data-end=\"1631\"><strong data-start=\"1564\" data-end=\"1584\">Filets de montage<\/strong>: Plusieurs trous filet\u00e9s 1\/4\u2033-20 et 3\/8\u2033-16<\/p>\n<\/li>\n<li data-start=\"1632\" data-end=\"1687\">\n<p data-start=\"1634\" data-end=\"1687\"><strong data-start=\"1634\" data-end=\"1652\">Syst\u00e8me de verrouillage<\/strong>: Verrouillage de l'ar\u00eate arri\u00e8re en V \u00e0 ressort<\/p>\n<\/li>\n<li data-start=\"1688\" data-end=\"1766\">\n<p data-start=\"1690\" data-end=\"1766\"><strong data-start=\"1690\" data-end=\"1706\">Epauli\u00e8re<\/strong>: Coussin en caoutchouc ou en mousse int\u00e9gr\u00e9 (sur les mod\u00e8les \u00e0 monter sur l'\u00e9paule)<\/p>\n<\/li>\n<li data-start=\"1767\" data-end=\"1823\">\n<p data-start=\"1769\" data-end=\"1823\"><strong data-start=\"1769\" data-end=\"1779\">Poids<\/strong>: Environ 500-800 g (selon la version)<\/p>\n<\/li>\n<li data-start=\"1824\" data-end=\"1868\">\n<p data-start=\"1826\" data-end=\"1868\"><strong data-start=\"1826\" data-end=\"1840\">Dimensions<\/strong>: Environ 240 x 85 x 35 mm<\/p>\n<\/li>\n<\/ul>","protected":false},"featured_media":13566,"template":"","meta":{"om_disable_all_campaigns":false,"_monsterinsights_skip_tracking":false,"_monsterinsights_sitenote_active":false,"_monsterinsights_sitenote_note":"","_monsterinsights_sitenote_category":0,"_uf_show_specific_survey":0,"_uf_disable_surveys":false},"product_brand":[],"product_cat":[37,75],"product_tag":[],"class_list":{"0":"post-13555","1":"product","2":"type-product","3":"status-publish","4":"has-post-thumbnail","6":"product_cat-accessories-cinesouk","7":"product_cat-tripod-and-support-cinesouk","9":"entry","10":"has-media","12":"first","13":"instock","14":"taxable","15":"shipping-taxable","16":"purchasable","17":"product-type-variable","18":"has-product-nav","19":"col","20":"span_1_of_3","21":"owp-content-center","22":"owp-thumbs-layout-horizontal","23":"owp-btn-normal","24":"owp-tabs-layout-horizontal","25":"has-no-thumbnails"},"yoast_head":"<!-- This site is optimized with the Yoast SEO Premium plugin v26.0 (Yoast SEO v26.0) - https:\/\/yoast.com\/wordpress\/plugins\/seo\/ -->\n<title>VCT Video Quick Release Tripod Plate - CineSouk - For rent<\/title>\n<meta name=\"description\" content=\"VCT Plate for quick-release mounting to VCT-14 tripod systems. Ideal for fast camera transitions between shoulder, tripod, and handheld setups in professional video production.\" \/>\n<meta name=\"robots\" content=\"index, follow, max-snippet:-1, max-image-preview:large, max-video-preview:-1\" \/>\n<link rel=\"canonical\" href=\"https:\/\/www.cinesouk.ma\/fr\/produit\/vct-plate\/\" \/>\n<meta property=\"og:locale\" content=\"fr_FR\" \/>\n<meta property=\"og:type\" content=\"article\" \/>\n<meta property=\"og:title\" content=\"VCT Video Quick Release Tripod Plate\" \/>\n<meta property=\"og:description\" content=\"VCT Plate for quick-release mounting to VCT-14 tripod systems. Ideal for fast camera transitions between shoulder, tripod, and handheld setups in professional video production.\" \/>\n<meta property=\"og:url\" content=\"https:\/\/www.cinesouk.ma\/fr\/produit\/vct-plate\/\" \/>\n<meta property=\"og:site_name\" content=\"CineSouk\" \/>\n<meta property=\"article:modified_time\" content=\"2025-08-18T08:28:51+00:00\" \/>\n<meta property=\"og:image\" content=\"https:\/\/www.cinesouk.ma\/wp-content\/uploads\/2025\/05\/VCT-plate.jpg\" \/>\n\t<meta property=\"og:image:width\" content=\"300\" \/>\n\t<meta property=\"og:image:height\" content=\"238\" \/>\n\t<meta property=\"og:image:type\" content=\"image\/jpeg\" \/>\n<meta name=\"twitter:card\" content=\"summary_large_image\" \/>\n<meta name=\"twitter:description\" content=\"VCT Plate for quick-release mounting to VCT-14 tripod systems. Ideal for fast camera transitions between shoulder, tripod, and handheld setups in professional video production.\" \/>\n<meta name=\"twitter:label1\" content=\"Dur\u00e9e de lecture estim\u00e9e\" \/>\n\t<meta name=\"twitter:data1\" content=\"2 minutes\" \/>\n<script type=\"application\/ld+json\" class=\"yoast-schema-graph\">{\"@context\":\"https:\/\/schema.org\",\"@graph\":[{\"@type\":\"WebPage\",\"@id\":\"https:\/\/www.cinesouk.ma\/product\/vct-plate\/\",\"url\":\"https:\/\/www.cinesouk.ma\/product\/vct-plate\/\",\"name\":\"VCT Video Quick Release Tripod Plate - CineSouk - For rent\",\"isPartOf\":{\"@id\":\"https:\/\/www.cinesouk.ma\/#website\"},\"primaryImageOfPage\":{\"@id\":\"https:\/\/www.cinesouk.ma\/product\/vct-plate\/#primaryimage\"},\"image\":{\"@id\":\"https:\/\/www.cinesouk.ma\/product\/vct-plate\/#primaryimage\"},\"thumbnailUrl\":\"https:\/\/www.cinesouk.ma\/wp-content\/uploads\/2025\/05\/VCT-plate.jpg\",\"datePublished\":\"2025-05-27T08:14:52+00:00\",\"dateModified\":\"2025-08-18T08:28:51+00:00\",\"description\":\"VCT Plate for quick-release mounting to VCT-14 tripod systems. Ideal for fast camera transitions between shoulder, tripod, and handheld setups in professional video production.\",\"breadcrumb\":{\"@id\":\"https:\/\/www.cinesouk.ma\/product\/vct-plate\/#breadcrumb\"},\"inLanguage\":\"fr-FR\",\"potentialAction\":[{\"@type\":\"ReadAction\",\"target\":[\"https:\/\/www.cinesouk.ma\/product\/vct-plate\/\"]}]},{\"@type\":\"ImageObject\",\"inLanguage\":\"fr-FR\",\"@id\":\"https:\/\/www.cinesouk.ma\/product\/vct-plate\/#primaryimage\",\"url\":\"https:\/\/www.cinesouk.ma\/wp-content\/uploads\/2025\/05\/VCT-plate.jpg\",\"contentUrl\":\"https:\/\/www.cinesouk.ma\/wp-content\/uploads\/2025\/05\/VCT-plate.jpg\",\"width\":300,\"height\":238,\"caption\":\"VCT plate\"},{\"@type\":\"BreadcrumbList\",\"@id\":\"https:\/\/www.cinesouk.ma\/product\/vct-plate\/#breadcrumb\",\"itemListElement\":[{\"@type\":\"ListItem\",\"position\":1,\"name\":\"Home\",\"item\":\"https:\/\/www.cinesouk.ma\/\"},{\"@type\":\"ListItem\",\"position\":2,\"name\":\"Shop\",\"item\":\"https:\/\/www.cinesouk.ma\/shop\/\"},{\"@type\":\"ListItem\",\"position\":3,\"name\":\"VCT Video Quick Release Tripod Plate\"}]},{\"@type\":\"WebSite\",\"@id\":\"https:\/\/www.cinesouk.ma\/#website\",\"url\":\"https:\/\/www.cinesouk.ma\/\",\"name\":\"CineSouk\",\"description\":\"\",\"publisher\":{\"@id\":\"https:\/\/www.cinesouk.ma\/#organization\"},\"potentialAction\":[{\"@type\":\"SearchAction\",\"target\":{\"@type\":\"EntryPoint\",\"urlTemplate\":\"https:\/\/www.cinesouk.ma\/?s={search_term_string}\"},\"query-input\":{\"@type\":\"PropertyValueSpecification\",\"valueRequired\":true,\"valueName\":\"search_term_string\"}}],\"inLanguage\":\"fr-FR\"},{\"@type\":\"Organization\",\"@id\":\"https:\/\/www.cinesouk.ma\/#organization\",\"name\":\"CineSouk\",\"url\":\"https:\/\/www.cinesouk.ma\/\",\"logo\":{\"@type\":\"ImageObject\",\"inLanguage\":\"fr-FR\",\"@id\":\"https:\/\/www.cinesouk.ma\/#\/schema\/logo\/image\/\",\"url\":\"https:\/\/www.cinesouk.ma\/wp-content\/uploads\/2024\/01\/CineSouk-logo-v01-alpha-alligned-left.png\",\"contentUrl\":\"https:\/\/www.cinesouk.ma\/wp-content\/uploads\/2024\/01\/CineSouk-logo-v01-alpha-alligned-left.png\",\"width\":3204,\"height\":889,\"caption\":\"CineSouk\"},\"image\":{\"@id\":\"https:\/\/www.cinesouk.ma\/#\/schema\/logo\/image\/\"}}]}<\/script>\n<!-- \/ Yoast SEO Premium plugin. -->","yoast_head_json":{"title":"VCT Video Quick Release Tripod Plate - CineSouk - For rent","description":"VCT Plate for quick-release mounting to VCT-14 tripod systems. Ideal for fast camera transitions between shoulder, tripod, and handheld setups in professional video production.","robots":{"index":"index","follow":"follow","max-snippet":"max-snippet:-1","max-image-preview":"max-image-preview:large","max-video-preview":"max-video-preview:-1"},"canonical":"https:\/\/www.cinesouk.ma\/fr\/produit\/vct-plate\/","og_locale":"fr_FR","og_type":"article","og_title":"VCT Video Quick Release Tripod Plate","og_description":"VCT Plate for quick-release mounting to VCT-14 tripod systems. Ideal for fast camera transitions between shoulder, tripod, and handheld setups in professional video production.","og_url":"https:\/\/www.cinesouk.ma\/fr\/produit\/vct-plate\/","og_site_name":"CineSouk","article_modified_time":"2025-08-18T08:28:51+00:00","og_image":[{"width":300,"height":238,"url":"https:\/\/www.cinesouk.ma\/wp-content\/uploads\/2025\/05\/VCT-plate.jpg","type":"image\/jpeg"}],"twitter_card":"summary_large_image","twitter_description":"VCT Plate for quick-release mounting to VCT-14 tripod systems. Ideal for fast camera transitions between shoulder, tripod, and handheld setups in professional video production.","twitter_misc":{"Dur\u00e9e de lecture estim\u00e9e":"2 minutes"},"schema":{"@context":"https:\/\/schema.org","@graph":[{"@type":"WebPage","@id":"https:\/\/www.cinesouk.ma\/product\/vct-plate\/","url":"https:\/\/www.cinesouk.ma\/product\/vct-plate\/","name":"VCT Video Quick Release Tripod Plate - CineSouk - For rent","isPartOf":{"@id":"https:\/\/www.cinesouk.ma\/#website"},"primaryImageOfPage":{"@id":"https:\/\/www.cinesouk.ma\/product\/vct-plate\/#primaryimage"},"image":{"@id":"https:\/\/www.cinesouk.ma\/product\/vct-plate\/#primaryimage"},"thumbnailUrl":"https:\/\/www.cinesouk.ma\/wp-content\/uploads\/2025\/05\/VCT-plate.jpg","datePublished":"2025-05-27T08:14:52+00:00","dateModified":"2025-08-18T08:28:51+00:00","description":"VCT Plate for quick-release mounting to VCT-14 tripod systems. Ideal for fast camera transitions between shoulder, tripod, and handheld setups in professional video production.","breadcrumb":{"@id":"https:\/\/www.cinesouk.ma\/product\/vct-plate\/#breadcrumb"},"inLanguage":"fr-FR","potentialAction":[{"@type":"ReadAction","target":["https:\/\/www.cinesouk.ma\/product\/vct-plate\/"]}]},{"@type":"ImageObject","inLanguage":"fr-FR","@id":"https:\/\/www.cinesouk.ma\/product\/vct-plate\/#primaryimage","url":"https:\/\/www.cinesouk.ma\/wp-content\/uploads\/2025\/05\/VCT-plate.jpg","contentUrl":"https:\/\/www.cinesouk.ma\/wp-content\/uploads\/2025\/05\/VCT-plate.jpg","width":300,"height":238,"caption":"VCT plate"},{"@type":"BreadcrumbList","@id":"https:\/\/www.cinesouk.ma\/product\/vct-plate\/#breadcrumb","itemListElement":[{"@type":"ListItem","position":1,"name":"Home","item":"https:\/\/www.cinesouk.ma\/"},{"@type":"ListItem","position":2,"name":"Shop","item":"https:\/\/www.cinesouk.ma\/shop\/"},{"@type":"ListItem","position":3,"name":"VCT Video Quick Release Tripod Plate"}]},{"@type":"WebSite","@id":"https:\/\/www.cinesouk.ma\/#website","url":"https:\/\/www.cinesouk.ma\/","name":"CineSouk","description":"","publisher":{"@id":"https:\/\/www.cinesouk.ma\/#organization"},"potentialAction":[{"@type":"SearchAction","target":{"@type":"EntryPoint","urlTemplate":"https:\/\/www.cinesouk.ma\/?s={search_term_string}"},"query-input":{"@type":"PropertyValueSpecification","valueRequired":true,"valueName":"search_term_string"}}],"inLanguage":"fr-FR"},{"@type":"Organization","@id":"https:\/\/www.cinesouk.ma\/#organization","name":"CineSouk","url":"https:\/\/www.cinesouk.ma\/","logo":{"@type":"ImageObject","inLanguage":"fr-FR","@id":"https:\/\/www.cinesouk.ma\/#\/schema\/logo\/image\/","url":"https:\/\/www.cinesouk.ma\/wp-content\/uploads\/2024\/01\/CineSouk-logo-v01-alpha-alligned-left.png","contentUrl":"https:\/\/www.cinesouk.ma\/wp-content\/uploads\/2024\/01\/CineSouk-logo-v01-alpha-alligned-left.png","width":3204,"height":889,"caption":"CineSouk"},"image":{"@id":"https:\/\/www.cinesouk.ma\/#\/schema\/logo\/image\/"}}]}},"_links":{"self":[{"href":"https:\/\/www.cinesouk.ma\/fr\/wp-json\/wp\/v2\/product\/13555","targetHints":{"allow":["GET"]}}],"collection":[{"href":"https:\/\/www.cinesouk.ma\/fr\/wp-json\/wp\/v2\/product"}],"about":[{"href":"https:\/\/www.cinesouk.ma\/fr\/wp-json\/wp\/v2\/types\/product"}],"wp:featuredmedia":[{"embeddable":true,"href":"https:\/\/www.cinesouk.ma\/fr\/wp-json\/wp\/v2\/media\/13566"}],"wp:attachment":[{"href":"https:\/\/www.cinesouk.ma\/fr\/wp-json\/wp\/v2\/media?parent=13555"}],"wp:term":[{"taxonomy":"product_brand","embeddable":true,"href":"https:\/\/www.cinesouk.ma\/fr\/wp-json\/wp\/v2\/product_brand?post=13555"},{"taxonomy":"product_cat","embeddable":true,"href":"https:\/\/www.cinesouk.ma\/fr\/wp-json\/wp\/v2\/product_cat?post=13555"},{"taxonomy":"product_tag","embeddable":true,"href":"https:\/\/www.cinesouk.ma\/fr\/wp-json\/wp\/v2\/product_tag?post=13555"}],"curies":[{"name":"wp","href":"https:\/\/api.w.org\/{rel}","templated":true}]}}