{"id":13592,"date":"2025-05-29T15:15:28","date_gmt":"2025-05-29T15:15:28","guid":{"rendered":"https:\/\/www.cinesouk.ma\/?post_type=product&#038;p=13592"},"modified":"2025-08-18T08:28:44","modified_gmt":"2025-08-18T08:28:44","slug":"atomx-5-7-inch-monitor-mount-for-atomos-ninja-shinobi","status":"publish","type":"product","link":"https:\/\/www.cinesouk.ma\/fr\/produit\/atomx-5-7-inch-monitor-mount-for-atomos-ninja-shinobi\/","title":{"rendered":"Support de moniteur AtomX 5 &amp; 7 pouces pour Atomos Ninja\/Shinobi"},"content":{"rendered":"<p data-start=\"293\" data-end=\"751\">Le support de moniteur AtomX 5\u2033 &amp; 7\u2033 est un support de montage robuste et ajustable sp\u00e9cialement con\u00e7u pour les moniteurs Atomos 5 et 7 pouces, y compris les s\u00e9ries Ninja, Ninja V\/V+ et Shinobi. Fabriqu\u00e9 en aluminium durable, il permet de fixer solidement votre moniteur sur les supports de cam\u00e9ra, les cages ou les poign\u00e9es sup\u00e9rieures \u00e0 l'aide d'un rail OTAN ou d'une vis 1\/4\u2033-20. Le support permet une inclinaison de 180\u00b0 et une rotation de 360\u00b0, ce qui facilite l'ajustement des angles de vue pendant les prises de vue.<\/p>\n<h3 data-start=\"758\" data-end=\"778\"><strong data-start=\"762\" data-end=\"778\">Caract\u00e9ristiques principales du support de moniteur AtomX 5\u2033 &amp; 7\u2033 :<\/strong><\/h3>\n<ul data-start=\"780\" data-end=\"1236\">\n<li data-start=\"780\" data-end=\"863\">\n<p data-start=\"782\" data-end=\"863\"><strong data-start=\"782\" data-end=\"796\">Ajustement sur mesure<\/strong>: Adapt\u00e9 aux moniteurs Atomos 5\u2033 et 7\u2033 comme Ninja V et Shinobi<\/p>\n<\/li>\n<li data-start=\"864\" data-end=\"953\">\n<p data-start=\"866\" data-end=\"953\"><strong data-start=\"866\" data-end=\"891\">Ajustement de la gamme compl\u00e8te<\/strong>: Inclinaison de 180\u00b0 et rotation de 360\u00b0 pour des positions de visionnement flexibles<\/p>\n<\/li>\n<li data-start=\"954\" data-end=\"1023\">\n<p data-start=\"956\" data-end=\"1023\"><strong data-start=\"956\" data-end=\"978\">Fonctionnement sans outillage<\/strong>: R\u00e9glages rapides gr\u00e2ce \u00e0 la vis de blocage<\/p>\n<\/li>\n<li data-start=\"1024\" data-end=\"1088\">\n<p data-start=\"1026\" data-end=\"1088\"><strong data-start=\"1026\" data-end=\"1044\">Verrouillage s\u00e9curis\u00e9<\/strong>: Des broches anti-torsion emp\u00eachent le moniteur de bouger<\/p>\n<\/li>\n<li data-start=\"1089\" data-end=\"1163\">\n<p data-start=\"1091\" data-end=\"1163\"><strong data-start=\"1091\" data-end=\"1111\">Options de montage<\/strong>: Fixation par rail OTAN ou vis standard 1\/4\u2033-20<\/p>\n<\/li>\n<li data-start=\"1164\" data-end=\"1236\">\n<p data-start=\"1166\" data-end=\"1236\"><strong data-start=\"1166\" data-end=\"1184\">Conception compacte<\/strong>: L\u00e9ger mais suffisamment robuste pour une utilisation quotidienne sur le plateau de tournage<\/p>\n<\/li>\n<\/ul>\n<h3 data-start=\"1243\" data-end=\"1265\"><strong data-start=\"1247\" data-end=\"1265\">Sp\u00e9cifications<\/strong><\/h3>\n<ul data-start=\"1267\" data-end=\"1654\">\n<li data-start=\"1267\" data-end=\"1360\">\n<p data-start=\"1269\" data-end=\"1360\"><strong data-start=\"1269\" data-end=\"1286\">Compatibilit\u00e9<\/strong>: Atomos Ninja V, Ninja V+, Shinobi 5\u2033, Shinobi 7\u2033 et moniteurs similaires.<\/p>\n<\/li>\n<li data-start=\"1361\" data-end=\"1416\">\n<p data-start=\"1363\" data-end=\"1416\"><strong data-start=\"1363\" data-end=\"1385\">Interface de montage<\/strong>: Collier OTAN ou vis 1\/4\u2033-20<\/p>\n<\/li>\n<li data-start=\"1417\" data-end=\"1466\">\n<p data-start=\"1419\" data-end=\"1466\"><strong data-start=\"1419\" data-end=\"1439\">Plage de r\u00e9glage<\/strong>: inclinaison de 180\u00b0 \/ pivotement de 360<\/p>\n<\/li>\n<li data-start=\"1467\" data-end=\"1510\">\n<p data-start=\"1469\" data-end=\"1510\"><strong data-start=\"1469\" data-end=\"1485\">La construction<\/strong>: Aluminium usin\u00e9 CNC<\/p>\n<\/li>\n<li data-start=\"1511\" data-end=\"1540\">\n<p data-start=\"1513\" data-end=\"1540\"><strong data-start=\"1513\" data-end=\"1523\">Poids<\/strong>: Environ 110 g<\/p>\n<\/li>\n<li data-start=\"1541\" data-end=\"1584\">\n<p data-start=\"1543\" data-end=\"1584\"><strong data-start=\"1543\" data-end=\"1557\">Dimensions<\/strong>: Environ 55 x 35 x 30 mm<\/p>\n<\/li>\n<li data-start=\"1585\" data-end=\"1654\">\n<p data-start=\"1587\" data-end=\"1654\"><strong data-start=\"1587\" data-end=\"1605\">Syst\u00e8me de verrouillage<\/strong>: Bouton de verrouillage sans outil avec support anti-torsion<\/p>\n<\/li>\n<\/ul>\n<p>Le support de moniteur AtomX 5\u2033 &amp; 7\u2033 offre une solution de montage solide et ajustable pour les moniteurs Atomos. Son design ergonomique et ses options de mouvement flexibles en font un accessoire indispensable pour tout \u00e9quipement vid\u00e9o professionnel, assurant confort, stabilit\u00e9 et contr\u00f4le sur chaque tournage.<\/p>\n<p>Louez-le maintenant sur <a href=\"https:\/\/www.cinesouk.ma\/fr\">CINESOUK<\/a> - une marque de <a href=\"https:\/\/www.broadway.ma\/\">BROADWAY PRODUCTIONS SARL.<\/a><\/p>","protected":false},"excerpt":{"rendered":"<p><strong>Sp\u00e9cifications<\/strong><\/p>\n<ul>\n<li data-start=\"1267\" data-end=\"1360\">\n<p data-start=\"1269\" data-end=\"1360\"><strong data-start=\"1269\" data-end=\"1286\">Compatibilit\u00e9<\/strong>: Atomos Ninja V, Ninja V+, Shinobi 5\u2033, Shinobi 7\u2033 et moniteurs similaires.<\/p>\n<\/li>\n<li data-start=\"1361\" data-end=\"1416\">\n<p data-start=\"1363\" data-end=\"1416\"><strong data-start=\"1363\" data-end=\"1385\">Interface de montage<\/strong>: Collier OTAN ou vis 1\/4\u2033-20<\/p>\n<\/li>\n<li data-start=\"1417\" data-end=\"1466\">\n<p data-start=\"1419\" data-end=\"1466\"><strong data-start=\"1419\" data-end=\"1439\">Plage de r\u00e9glage<\/strong>: inclinaison de 180\u00b0 \/ pivotement de 360<\/p>\n<\/li>\n<li data-start=\"1467\" data-end=\"1510\">\n<p data-start=\"1469\" data-end=\"1510\"><strong data-start=\"1469\" data-end=\"1485\">La construction<\/strong>: Aluminium usin\u00e9 CNC<\/p>\n<\/li>\n<li data-start=\"1511\" data-end=\"1540\">\n<p data-start=\"1513\" data-end=\"1540\"><strong data-start=\"1513\" data-end=\"1523\">Poids<\/strong>: Environ 110 g<\/p>\n<\/li>\n<li data-start=\"1541\" data-end=\"1584\">\n<p data-start=\"1543\" data-end=\"1584\"><strong data-start=\"1543\" data-end=\"1557\">Dimensions<\/strong>: Environ 55 x 35 x 30 mm<\/p>\n<\/li>\n<li data-start=\"1585\" data-end=\"1654\">\n<p data-start=\"1587\" data-end=\"1654\"><strong data-start=\"1587\" data-end=\"1605\">Syst\u00e8me de verrouillage<\/strong>: Bouton de verrouillage sans outil avec support anti-torsion<\/p>\n<\/li>\n<\/ul>","protected":false},"featured_media":13603,"template":"","meta":{"om_disable_all_campaigns":false,"_monsterinsights_skip_tracking":false,"_monsterinsights_sitenote_active":false,"_monsterinsights_sitenote_note":"","_monsterinsights_sitenote_category":0,"_uf_show_specific_survey":0,"_uf_disable_surveys":false},"product_brand":[],"product_cat":[37],"product_tag":[],"class_list":{"0":"post-13592","1":"product","2":"type-product","3":"status-publish","4":"has-post-thumbnail","6":"product_cat-accessories-cinesouk","8":"entry","9":"has-media","11":"first","12":"instock","13":"taxable","14":"shipping-taxable","15":"purchasable","16":"product-type-variable","17":"has-product-nav","18":"col","19":"span_1_of_3","20":"owp-content-center","21":"owp-thumbs-layout-horizontal","22":"owp-btn-normal","23":"owp-tabs-layout-horizontal","24":"has-no-thumbnails"},"yoast_head":"<!-- This site is optimized with the Yoast SEO Premium plugin v26.0 (Yoast SEO v26.0) - https:\/\/yoast.com\/wordpress\/plugins\/seo\/ -->\n<title>AtomX 5 &amp; 7-inch Monitor Mount for Atomos Ninja\/Shinobi - CineSouk - For rent<\/title>\n<meta name=\"description\" content=\"AtomX 5&quot; &amp; 7&quot; Monitor Mount for Atomos monitors. Offers 180\u00b0 tilt, 360\u00b0 rotation, NATO and 1\/4&quot; mounting options. Ideal for Ninja V and Shinobi series setups.\" \/>\n<meta name=\"robots\" content=\"index, follow, max-snippet:-1, max-image-preview:large, max-video-preview:-1\" \/>\n<link rel=\"canonical\" href=\"https:\/\/www.cinesouk.ma\/fr\/produit\/atomx-5-7-inch-monitor-mount-for-atomos-ninja-shinobi\/\" \/>\n<meta property=\"og:locale\" content=\"fr_FR\" \/>\n<meta property=\"og:type\" content=\"article\" \/>\n<meta property=\"og:title\" content=\"AtomX 5 &amp; 7-inch Monitor Mount for Atomos Ninja\/Shinobi\" \/>\n<meta property=\"og:description\" content=\"AtomX 5&quot; &amp; 7&quot; Monitor Mount for Atomos monitors. Offers 180\u00b0 tilt, 360\u00b0 rotation, NATO and 1\/4&quot; mounting options. Ideal for Ninja V and Shinobi series setups.\" \/>\n<meta property=\"og:url\" content=\"https:\/\/www.cinesouk.ma\/fr\/produit\/atomx-5-7-inch-monitor-mount-for-atomos-ninja-shinobi\/\" \/>\n<meta property=\"og:site_name\" content=\"CineSouk\" \/>\n<meta property=\"article:modified_time\" content=\"2025-08-18T08:28:44+00:00\" \/>\n<meta property=\"og:image\" content=\"https:\/\/www.cinesouk.ma\/wp-content\/uploads\/2025\/05\/Shinobi.jpg\" \/>\n\t<meta property=\"og:image:width\" content=\"300\" \/>\n\t<meta property=\"og:image:height\" content=\"238\" \/>\n\t<meta property=\"og:image:type\" content=\"image\/jpeg\" \/>\n<meta name=\"twitter:card\" content=\"summary_large_image\" \/>\n<meta name=\"twitter:description\" content=\"AtomX 5&quot; &amp; 7&quot; Monitor Mount for Atomos monitors. Offers 180\u00b0 tilt, 360\u00b0 rotation, NATO and 1\/4&quot; mounting options. Ideal for Ninja V and Shinobi series setups.\" \/>\n<meta name=\"twitter:label1\" content=\"Dur\u00e9e de lecture estim\u00e9e\" \/>\n\t<meta name=\"twitter:data1\" content=\"2 minutes\" \/>\n<script type=\"application\/ld+json\" class=\"yoast-schema-graph\">{\"@context\":\"https:\/\/schema.org\",\"@graph\":[{\"@type\":\"WebPage\",\"@id\":\"https:\/\/www.cinesouk.ma\/product\/atomx-5-7-inch-monitor-mount-for-atomos-ninja-shinobi\/\",\"url\":\"https:\/\/www.cinesouk.ma\/product\/atomx-5-7-inch-monitor-mount-for-atomos-ninja-shinobi\/\",\"name\":\"AtomX 5 & 7-inch Monitor Mount for Atomos Ninja\/Shinobi - CineSouk - For rent\",\"isPartOf\":{\"@id\":\"https:\/\/www.cinesouk.ma\/#website\"},\"primaryImageOfPage\":{\"@id\":\"https:\/\/www.cinesouk.ma\/product\/atomx-5-7-inch-monitor-mount-for-atomos-ninja-shinobi\/#primaryimage\"},\"image\":{\"@id\":\"https:\/\/www.cinesouk.ma\/product\/atomx-5-7-inch-monitor-mount-for-atomos-ninja-shinobi\/#primaryimage\"},\"thumbnailUrl\":\"https:\/\/www.cinesouk.ma\/wp-content\/uploads\/2025\/05\/Shinobi.jpg\",\"datePublished\":\"2025-05-29T15:15:28+00:00\",\"dateModified\":\"2025-08-18T08:28:44+00:00\",\"description\":\"AtomX 5\\\" & 7\\\" Monitor Mount for Atomos monitors. Offers 180\u00b0 tilt, 360\u00b0 rotation, NATO and 1\/4\\\" mounting options. Ideal for Ninja V and Shinobi series setups.\",\"breadcrumb\":{\"@id\":\"https:\/\/www.cinesouk.ma\/product\/atomx-5-7-inch-monitor-mount-for-atomos-ninja-shinobi\/#breadcrumb\"},\"inLanguage\":\"fr-FR\",\"potentialAction\":[{\"@type\":\"ReadAction\",\"target\":[\"https:\/\/www.cinesouk.ma\/product\/atomx-5-7-inch-monitor-mount-for-atomos-ninja-shinobi\/\"]}]},{\"@type\":\"ImageObject\",\"inLanguage\":\"fr-FR\",\"@id\":\"https:\/\/www.cinesouk.ma\/product\/atomx-5-7-inch-monitor-mount-for-atomos-ninja-shinobi\/#primaryimage\",\"url\":\"https:\/\/www.cinesouk.ma\/wp-content\/uploads\/2025\/05\/Shinobi.jpg\",\"contentUrl\":\"https:\/\/www.cinesouk.ma\/wp-content\/uploads\/2025\/05\/Shinobi.jpg\",\"width\":300,\"height\":238,\"caption\":\"AtomX 5\\\" & 7\\\" Monitor Mount\"},{\"@type\":\"BreadcrumbList\",\"@id\":\"https:\/\/www.cinesouk.ma\/product\/atomx-5-7-inch-monitor-mount-for-atomos-ninja-shinobi\/#breadcrumb\",\"itemListElement\":[{\"@type\":\"ListItem\",\"position\":1,\"name\":\"Home\",\"item\":\"https:\/\/www.cinesouk.ma\/\"},{\"@type\":\"ListItem\",\"position\":2,\"name\":\"Shop\",\"item\":\"https:\/\/www.cinesouk.ma\/shop\/\"},{\"@type\":\"ListItem\",\"position\":3,\"name\":\"AtomX 5 &#038; 7-inch Monitor Mount for Atomos Ninja\/Shinobi\"}]},{\"@type\":\"WebSite\",\"@id\":\"https:\/\/www.cinesouk.ma\/#website\",\"url\":\"https:\/\/www.cinesouk.ma\/\",\"name\":\"CineSouk\",\"description\":\"\",\"publisher\":{\"@id\":\"https:\/\/www.cinesouk.ma\/#organization\"},\"potentialAction\":[{\"@type\":\"SearchAction\",\"target\":{\"@type\":\"EntryPoint\",\"urlTemplate\":\"https:\/\/www.cinesouk.ma\/?s={search_term_string}\"},\"query-input\":{\"@type\":\"PropertyValueSpecification\",\"valueRequired\":true,\"valueName\":\"search_term_string\"}}],\"inLanguage\":\"fr-FR\"},{\"@type\":\"Organization\",\"@id\":\"https:\/\/www.cinesouk.ma\/#organization\",\"name\":\"CineSouk\",\"url\":\"https:\/\/www.cinesouk.ma\/\",\"logo\":{\"@type\":\"ImageObject\",\"inLanguage\":\"fr-FR\",\"@id\":\"https:\/\/www.cinesouk.ma\/#\/schema\/logo\/image\/\",\"url\":\"https:\/\/www.cinesouk.ma\/wp-content\/uploads\/2024\/01\/CineSouk-logo-v01-alpha-alligned-left.png\",\"contentUrl\":\"https:\/\/www.cinesouk.ma\/wp-content\/uploads\/2024\/01\/CineSouk-logo-v01-alpha-alligned-left.png\",\"width\":3204,\"height\":889,\"caption\":\"CineSouk\"},\"image\":{\"@id\":\"https:\/\/www.cinesouk.ma\/#\/schema\/logo\/image\/\"}}]}<\/script>\n<!-- \/ Yoast SEO Premium plugin. -->","yoast_head_json":{"title":"AtomX 5 & 7-inch Monitor Mount for Atomos Ninja\/Shinobi - CineSouk - For rent","description":"AtomX 5\" & 7\" Monitor Mount for Atomos monitors. Offers 180\u00b0 tilt, 360\u00b0 rotation, NATO and 1\/4\" mounting options. Ideal for Ninja V and Shinobi series setups.","robots":{"index":"index","follow":"follow","max-snippet":"max-snippet:-1","max-image-preview":"max-image-preview:large","max-video-preview":"max-video-preview:-1"},"canonical":"https:\/\/www.cinesouk.ma\/fr\/produit\/atomx-5-7-inch-monitor-mount-for-atomos-ninja-shinobi\/","og_locale":"fr_FR","og_type":"article","og_title":"AtomX 5 & 7-inch Monitor Mount for Atomos Ninja\/Shinobi","og_description":"AtomX 5\" & 7\" Monitor Mount for Atomos monitors. Offers 180\u00b0 tilt, 360\u00b0 rotation, NATO and 1\/4\" mounting options. Ideal for Ninja V and Shinobi series setups.","og_url":"https:\/\/www.cinesouk.ma\/fr\/produit\/atomx-5-7-inch-monitor-mount-for-atomos-ninja-shinobi\/","og_site_name":"CineSouk","article_modified_time":"2025-08-18T08:28:44+00:00","og_image":[{"width":300,"height":238,"url":"https:\/\/www.cinesouk.ma\/wp-content\/uploads\/2025\/05\/Shinobi.jpg","type":"image\/jpeg"}],"twitter_card":"summary_large_image","twitter_description":"AtomX 5\" & 7\" Monitor Mount for Atomos monitors. Offers 180\u00b0 tilt, 360\u00b0 rotation, NATO and 1\/4\" mounting options. Ideal for Ninja V and Shinobi series setups.","twitter_misc":{"Dur\u00e9e de lecture estim\u00e9e":"2 minutes"},"schema":{"@context":"https:\/\/schema.org","@graph":[{"@type":"WebPage","@id":"https:\/\/www.cinesouk.ma\/product\/atomx-5-7-inch-monitor-mount-for-atomos-ninja-shinobi\/","url":"https:\/\/www.cinesouk.ma\/product\/atomx-5-7-inch-monitor-mount-for-atomos-ninja-shinobi\/","name":"AtomX 5 & 7-inch Monitor Mount for Atomos Ninja\/Shinobi - CineSouk - For rent","isPartOf":{"@id":"https:\/\/www.cinesouk.ma\/#website"},"primaryImageOfPage":{"@id":"https:\/\/www.cinesouk.ma\/product\/atomx-5-7-inch-monitor-mount-for-atomos-ninja-shinobi\/#primaryimage"},"image":{"@id":"https:\/\/www.cinesouk.ma\/product\/atomx-5-7-inch-monitor-mount-for-atomos-ninja-shinobi\/#primaryimage"},"thumbnailUrl":"https:\/\/www.cinesouk.ma\/wp-content\/uploads\/2025\/05\/Shinobi.jpg","datePublished":"2025-05-29T15:15:28+00:00","dateModified":"2025-08-18T08:28:44+00:00","description":"AtomX 5\" & 7\" Monitor Mount for Atomos monitors. Offers 180\u00b0 tilt, 360\u00b0 rotation, NATO and 1\/4\" mounting options. Ideal for Ninja V and Shinobi series setups.","breadcrumb":{"@id":"https:\/\/www.cinesouk.ma\/product\/atomx-5-7-inch-monitor-mount-for-atomos-ninja-shinobi\/#breadcrumb"},"inLanguage":"fr-FR","potentialAction":[{"@type":"ReadAction","target":["https:\/\/www.cinesouk.ma\/product\/atomx-5-7-inch-monitor-mount-for-atomos-ninja-shinobi\/"]}]},{"@type":"ImageObject","inLanguage":"fr-FR","@id":"https:\/\/www.cinesouk.ma\/product\/atomx-5-7-inch-monitor-mount-for-atomos-ninja-shinobi\/#primaryimage","url":"https:\/\/www.cinesouk.ma\/wp-content\/uploads\/2025\/05\/Shinobi.jpg","contentUrl":"https:\/\/www.cinesouk.ma\/wp-content\/uploads\/2025\/05\/Shinobi.jpg","width":300,"height":238,"caption":"AtomX 5\" & 7\" Monitor Mount"},{"@type":"BreadcrumbList","@id":"https:\/\/www.cinesouk.ma\/product\/atomx-5-7-inch-monitor-mount-for-atomos-ninja-shinobi\/#breadcrumb","itemListElement":[{"@type":"ListItem","position":1,"name":"Home","item":"https:\/\/www.cinesouk.ma\/"},{"@type":"ListItem","position":2,"name":"Shop","item":"https:\/\/www.cinesouk.ma\/shop\/"},{"@type":"ListItem","position":3,"name":"AtomX 5 &#038; 7-inch Monitor Mount for Atomos Ninja\/Shinobi"}]},{"@type":"WebSite","@id":"https:\/\/www.cinesouk.ma\/#website","url":"https:\/\/www.cinesouk.ma\/","name":"CineSouk","description":"","publisher":{"@id":"https:\/\/www.cinesouk.ma\/#organization"},"potentialAction":[{"@type":"SearchAction","target":{"@type":"EntryPoint","urlTemplate":"https:\/\/www.cinesouk.ma\/?s={search_term_string}"},"query-input":{"@type":"PropertyValueSpecification","valueRequired":true,"valueName":"search_term_string"}}],"inLanguage":"fr-FR"},{"@type":"Organization","@id":"https:\/\/www.cinesouk.ma\/#organization","name":"CineSouk","url":"https:\/\/www.cinesouk.ma\/","logo":{"@type":"ImageObject","inLanguage":"fr-FR","@id":"https:\/\/www.cinesouk.ma\/#\/schema\/logo\/image\/","url":"https:\/\/www.cinesouk.ma\/wp-content\/uploads\/2024\/01\/CineSouk-logo-v01-alpha-alligned-left.png","contentUrl":"https:\/\/www.cinesouk.ma\/wp-content\/uploads\/2024\/01\/CineSouk-logo-v01-alpha-alligned-left.png","width":3204,"height":889,"caption":"CineSouk"},"image":{"@id":"https:\/\/www.cinesouk.ma\/#\/schema\/logo\/image\/"}}]}},"_links":{"self":[{"href":"https:\/\/www.cinesouk.ma\/fr\/wp-json\/wp\/v2\/product\/13592","targetHints":{"allow":["GET"]}}],"collection":[{"href":"https:\/\/www.cinesouk.ma\/fr\/wp-json\/wp\/v2\/product"}],"about":[{"href":"https:\/\/www.cinesouk.ma\/fr\/wp-json\/wp\/v2\/types\/product"}],"wp:featuredmedia":[{"embeddable":true,"href":"https:\/\/www.cinesouk.ma\/fr\/wp-json\/wp\/v2\/media\/13603"}],"wp:attachment":[{"href":"https:\/\/www.cinesouk.ma\/fr\/wp-json\/wp\/v2\/media?parent=13592"}],"wp:term":[{"taxonomy":"product_brand","embeddable":true,"href":"https:\/\/www.cinesouk.ma\/fr\/wp-json\/wp\/v2\/product_brand?post=13592"},{"taxonomy":"product_cat","embeddable":true,"href":"https:\/\/www.cinesouk.ma\/fr\/wp-json\/wp\/v2\/product_cat?post=13592"},{"taxonomy":"product_tag","embeddable":true,"href":"https:\/\/www.cinesouk.ma\/fr\/wp-json\/wp\/v2\/product_tag?post=13592"}],"curies":[{"name":"wp","href":"https:\/\/api.w.org\/{rel}","templated":true}]}}