{"id":13616,"date":"2025-05-29T15:40:19","date_gmt":"2025-05-29T15:40:19","guid":{"rendered":"https:\/\/www.cinesouk.ma\/?post_type=product&#038;p=13616"},"modified":"2025-08-18T08:28:37","modified_gmt":"2025-08-18T08:28:37","slug":"3g-hd-sdi-to-hdmi-converter-generic","status":"publish","type":"product","link":"https:\/\/www.cinesouk.ma\/fr\/produit\/3g-hd-sdi-to-hdmi-converter-generic\/","title":{"rendered":"Convertisseur 3G HD-SDI vers HDMI (g\u00e9n\u00e9rique)"},"content":{"rendered":"<p data-start=\"203\" data-end=\"537\">Le convertisseur 3G HD-SDI vers HDMI offre une solution transparente pour la conversion des signaux SDI vers HDMI, permettant aux sources de diffusion professionnelle d'\u00eatre visionn\u00e9es sur des \u00e9crans HDMI standard. Il prend en charge les formats SD, HD et 3G-SDI et est largement utilis\u00e9 dans les studios, les productions sur le terrain et les \u00e9v\u00e9nements en direct o\u00f9 le monitoring HDMI est n\u00e9cessaire.<\/p>\n<p data-start=\"539\" data-end=\"751\">Ce convertisseur assure une conversion nette du signal avec une latence minimale, pr\u00e9servant ainsi la clart\u00e9 de l'image et la fid\u00e9lit\u00e9 du son. Sa conception compacte et durable le rend id\u00e9al pour les installations mobiles et permanentes.<\/p>\n<h3 data-start=\"758\" data-end=\"778\"><strong data-start=\"762\" data-end=\"778\">Caract\u00e9ristiques principales<\/strong><\/h3>\n<ul data-start=\"780\" data-end=\"1162\">\n<li data-start=\"780\" data-end=\"836\">\n<p data-start=\"782\" data-end=\"836\"><strong data-start=\"782\" data-end=\"803\">Conversion des signaux<\/strong>: Conversion de 3G\/HD\/SD-SDI en HDMI<\/p>\n<\/li>\n<li data-start=\"837\" data-end=\"878\">\n<p data-start=\"839\" data-end=\"878\"><strong data-start=\"839\" data-end=\"861\">Soutien \u00e0 la r\u00e9solution<\/strong>: Jusqu'\u00e0 1080p60<\/p>\n<\/li>\n<li data-start=\"879\" data-end=\"931\">\n<p data-start=\"881\" data-end=\"931\"><strong data-start=\"881\" data-end=\"896\">Plug &amp; Play<\/strong>: Aucune installation de pilote n'est n\u00e9cessaire<\/p>\n<\/li>\n<li data-start=\"932\" data-end=\"1005\">\n<p data-start=\"934\" data-end=\"1005\"><strong data-start=\"934\" data-end=\"960\">Support audio int\u00e9gr\u00e9<\/strong>: Transf\u00e8re l'audio int\u00e9gr\u00e9 de SDI \u00e0 HDMI<\/p>\n<\/li>\n<li data-start=\"1006\" data-end=\"1083\">\n<p data-start=\"1008\" data-end=\"1083\"><strong data-start=\"1008\" data-end=\"1025\">Construction durable<\/strong>: Bo\u00eetier compact en m\u00e9tal ou en ABS dur pour une utilisation professionnelle<\/p>\n<\/li>\n<li data-start=\"1084\" data-end=\"1162\">\n<p data-start=\"1086\" data-end=\"1162\"><strong data-start=\"1086\" data-end=\"1108\">Large compatibilit\u00e9<\/strong>: Fonctionne avec des cam\u00e9ras, des commutateurs et d'autres sources SDI<\/p>\n<\/li>\n<\/ul>\n<h3 data-start=\"1169\" data-end=\"1191\"><strong data-start=\"1173\" data-end=\"1191\">Sp\u00e9cifications<\/strong><\/h3>\n<ul data-start=\"1193\" data-end=\"1598\">\n<li data-start=\"1193\" data-end=\"1234\">\n<p data-start=\"1195\" data-end=\"1234\"><strong data-start=\"1195\" data-end=\"1204\">Entr\u00e9e<\/strong>: 1 x BNC SDI (3G\/HD\/SD-SDI)<\/p>\n<\/li>\n<li data-start=\"1235\" data-end=\"1266\">\n<p data-start=\"1237\" data-end=\"1266\"><strong data-start=\"1237\" data-end=\"1247\">Sortie<\/strong>: 1 x HDMI Type A<\/p>\n<\/li>\n<li data-start=\"1267\" data-end=\"1386\">\n<p data-start=\"1269\" data-end=\"1297\"><strong data-start=\"1269\" data-end=\"1294\">R\u00e9solutions prises en charge<\/strong>:<\/p>\n<ul data-start=\"1300\" data-end=\"1386\">\n<li data-start=\"1300\" data-end=\"1315\">\n<p data-start=\"1302\" data-end=\"1315\">480i \/ 576i<\/p>\n<\/li>\n<li data-start=\"1318\" data-end=\"1335\">\n<p data-start=\"1320\" data-end=\"1335\">720p@50\/60 Hz<\/p>\n<\/li>\n<li data-start=\"1338\" data-end=\"1356\">\n<p data-start=\"1340\" data-end=\"1356\">1080i@50\/60 Hz<\/p>\n<\/li>\n<li data-start=\"1359\" data-end=\"1386\">\n<p data-start=\"1361\" data-end=\"1386\">1080p@24\/25\/30\/50\/60 Hz<\/p>\n<\/li>\n<\/ul>\n<\/li>\n<li data-start=\"1387\" data-end=\"1447\">\n<p data-start=\"1389\" data-end=\"1447\"><strong data-start=\"1389\" data-end=\"1406\">Normes SDI<\/strong>: SMPTE 424M (3G), 292M (HD), 259M (SD)<\/p>\n<\/li>\n<li data-start=\"1448\" data-end=\"1488\">\n<p data-start=\"1450\" data-end=\"1488\"><strong data-start=\"1450\" data-end=\"1465\">Entr\u00e9e d'alimentation<\/strong>: DC 5V (via adaptateur)<\/p>\n<\/li>\n<li data-start=\"1489\" data-end=\"1526\">\n<p data-start=\"1491\" data-end=\"1526\"><strong data-start=\"1491\" data-end=\"1516\">Temp\u00e9rature de fonctionnement<\/strong>: 0-50\u00b0C<\/p>\n<\/li>\n<li data-start=\"1527\" data-end=\"1570\">\n<p data-start=\"1529\" data-end=\"1570\"><strong data-start=\"1529\" data-end=\"1543\">Dimensions<\/strong>: Environ 90 x 60 x 25 mm<\/p>\n<\/li>\n<li data-start=\"1571\" data-end=\"1598\">\n<p data-start=\"1573\" data-end=\"1598\"><strong data-start=\"1573\" data-end=\"1583\">Poids<\/strong>: Environ 120 g<\/p>\n<\/li>\n<\/ul>\n<p>Le convertisseur 3G HD-SDI vers HDMI est un outil pratique et fiable pour relier les \u00e9quipements broadcast et grand public. Qu'il s'agisse de contr\u00f4le sur site ou d'int\u00e9gration de sources SDI dans des flux de travail HDMI, il offre performances et facilit\u00e9 d'utilisation dans un format compact.<\/p>\n<p class=\"\" data-start=\"0\" data-end=\"126\">Louez-le maintenant sur <a href=\"https:\/\/www.cinesouk.ma\/fr\">CINESOUK<\/a> - une marque de <a href=\"https:\/\/www.broadway.ma\/\">BROADWAY PRODUCTIONS SARL.<\/a><\/p>","protected":false},"excerpt":{"rendered":"<p><strong>Sp\u00e9cifications :<\/strong><\/p>\n<ul>\n<li data-start=\"1193\" data-end=\"1234\">\n<p data-start=\"1195\" data-end=\"1234\"><strong data-start=\"1195\" data-end=\"1204\">Entr\u00e9e<\/strong>: 1 x BNC SDI (3G\/HD\/SD-SDI)<\/p>\n<\/li>\n<li data-start=\"1235\" data-end=\"1266\">\n<p data-start=\"1237\" data-end=\"1266\"><strong data-start=\"1237\" data-end=\"1247\">Sortie<\/strong>: 1 x HDMI Type A<\/p>\n<\/li>\n<li data-start=\"1267\" data-end=\"1386\">\n<p data-start=\"1269\" data-end=\"1297\"><strong data-start=\"1269\" data-end=\"1294\">R\u00e9solutions prises en charge<\/strong>:<\/p>\n<ul data-start=\"1300\" data-end=\"1386\">\n<li data-start=\"1300\" data-end=\"1315\">\n<p data-start=\"1302\" data-end=\"1315\">480i \/ 576i<\/p>\n<\/li>\n<li data-start=\"1318\" data-end=\"1335\">\n<p data-start=\"1320\" data-end=\"1335\">720p@50\/60 Hz<\/p>\n<\/li>\n<li data-start=\"1338\" data-end=\"1356\">\n<p data-start=\"1340\" data-end=\"1356\">1080i@50\/60 Hz<\/p>\n<\/li>\n<li data-start=\"1359\" data-end=\"1386\">\n<p data-start=\"1361\" data-end=\"1386\">1080p@24\/25\/30\/50\/60 Hz<\/p>\n<\/li>\n<\/ul>\n<\/li>\n<li data-start=\"1387\" data-end=\"1447\">\n<p data-start=\"1389\" data-end=\"1447\"><strong data-start=\"1389\" data-end=\"1406\">Normes SDI<\/strong>: SMPTE 424M (3G), 292M (HD), 259M (SD)<\/p>\n<\/li>\n<li data-start=\"1448\" data-end=\"1488\">\n<p data-start=\"1450\" data-end=\"1488\"><strong data-start=\"1450\" data-end=\"1465\">Entr\u00e9e d'alimentation<\/strong>: DC 5V (via adaptateur)<\/p>\n<\/li>\n<li data-start=\"1489\" data-end=\"1526\">\n<p data-start=\"1491\" data-end=\"1526\"><strong data-start=\"1491\" data-end=\"1516\">Temp\u00e9rature de fonctionnement<\/strong>: 0-50\u00b0C<\/p>\n<\/li>\n<li data-start=\"1527\" data-end=\"1570\">\n<p data-start=\"1529\" data-end=\"1570\"><strong data-start=\"1529\" data-end=\"1543\">Dimensions<\/strong>: Environ 90 x 60 x 25 mm<\/p>\n<\/li>\n<li data-start=\"1571\" data-end=\"1598\">\n<p data-start=\"1573\" data-end=\"1598\"><strong data-start=\"1573\" data-end=\"1583\">Poids<\/strong>: Environ 120 g<\/p>\n<\/li>\n<\/ul>","protected":false},"featured_media":13627,"template":"","meta":{"om_disable_all_campaigns":false,"_monsterinsights_skip_tracking":false,"_monsterinsights_sitenote_active":false,"_monsterinsights_sitenote_note":"","_monsterinsights_sitenote_category":0,"_uf_show_specific_survey":0,"_uf_disable_surveys":false},"product_brand":[],"product_cat":[37],"product_tag":[],"class_list":{"0":"post-13616","1":"product","2":"type-product","3":"status-publish","4":"has-post-thumbnail","6":"product_cat-accessories-cinesouk","8":"entry","9":"has-media","11":"first","12":"instock","13":"taxable","14":"shipping-taxable","15":"purchasable","16":"product-type-variable","17":"has-product-nav","18":"col","19":"span_1_of_3","20":"owp-content-center","21":"owp-thumbs-layout-horizontal","22":"owp-btn-normal","23":"owp-tabs-layout-horizontal","24":"has-no-thumbnails"},"yoast_head":"<!-- This site is optimized with the Yoast SEO Premium plugin v26.0 (Yoast SEO v26.0) - https:\/\/yoast.com\/wordpress\/plugins\/seo\/ -->\n<title>3G HD-SDI to HDMI converter (generic) - Marrakech | Morocco - CineSouk<\/title>\n<meta name=\"description\" content=\"Generic 3G HD-SDI to HDMI converter for converting professional SDI signals to HDMI. Supports up to 1080p60 with embedded audio and plug-and-play setup.\" \/>\n<meta name=\"robots\" content=\"index, follow, max-snippet:-1, max-image-preview:large, max-video-preview:-1\" \/>\n<link rel=\"canonical\" href=\"https:\/\/www.cinesouk.ma\/fr\/produit\/3g-hd-sdi-to-hdmi-converter-generic\/\" \/>\n<meta property=\"og:locale\" content=\"fr_FR\" \/>\n<meta property=\"og:type\" content=\"article\" \/>\n<meta property=\"og:title\" content=\"3G HD-SDI to HDMI converter (generic)\" \/>\n<meta property=\"og:description\" content=\"Generic 3G HD-SDI to HDMI converter for converting professional SDI signals to HDMI. Supports up to 1080p60 with embedded audio and plug-and-play setup.\" \/>\n<meta property=\"og:url\" content=\"https:\/\/www.cinesouk.ma\/fr\/produit\/3g-hd-sdi-to-hdmi-converter-generic\/\" \/>\n<meta property=\"og:site_name\" content=\"CineSouk\" \/>\n<meta property=\"article:modified_time\" content=\"2025-08-18T08:28:37+00:00\" \/>\n<meta property=\"og:image\" content=\"https:\/\/www.cinesouk.ma\/wp-content\/uploads\/2025\/05\/3G-HD-SDI-to-HDMI-converter-generic.jpg\" \/>\n\t<meta property=\"og:image:width\" content=\"300\" \/>\n\t<meta property=\"og:image:height\" content=\"238\" \/>\n\t<meta property=\"og:image:type\" content=\"image\/jpeg\" \/>\n<meta name=\"twitter:card\" content=\"summary_large_image\" \/>\n<meta name=\"twitter:description\" content=\"Generic 3G HD-SDI to HDMI converter for converting professional SDI signals to HDMI. Supports up to 1080p60 with embedded audio and plug-and-play setup.\" \/>\n<meta name=\"twitter:label1\" content=\"Dur\u00e9e de lecture estim\u00e9e\" \/>\n\t<meta name=\"twitter:data1\" content=\"2 minutes\" \/>\n<script type=\"application\/ld+json\" class=\"yoast-schema-graph\">{\"@context\":\"https:\/\/schema.org\",\"@graph\":[{\"@type\":\"WebPage\",\"@id\":\"https:\/\/www.cinesouk.ma\/product\/3g-hd-sdi-to-hdmi-converter-generic\/\",\"url\":\"https:\/\/www.cinesouk.ma\/product\/3g-hd-sdi-to-hdmi-converter-generic\/\",\"name\":\"3G HD-SDI to HDMI converter (generic) - Marrakech | Morocco - CineSouk\",\"isPartOf\":{\"@id\":\"https:\/\/www.cinesouk.ma\/#website\"},\"primaryImageOfPage\":{\"@id\":\"https:\/\/www.cinesouk.ma\/product\/3g-hd-sdi-to-hdmi-converter-generic\/#primaryimage\"},\"image\":{\"@id\":\"https:\/\/www.cinesouk.ma\/product\/3g-hd-sdi-to-hdmi-converter-generic\/#primaryimage\"},\"thumbnailUrl\":\"https:\/\/www.cinesouk.ma\/wp-content\/uploads\/2025\/05\/3G-HD-SDI-to-HDMI-converter-generic.jpg\",\"datePublished\":\"2025-05-29T15:40:19+00:00\",\"dateModified\":\"2025-08-18T08:28:37+00:00\",\"description\":\"Generic 3G HD-SDI to HDMI converter for converting professional SDI signals to HDMI. Supports up to 1080p60 with embedded audio and plug-and-play setup.\",\"breadcrumb\":{\"@id\":\"https:\/\/www.cinesouk.ma\/product\/3g-hd-sdi-to-hdmi-converter-generic\/#breadcrumb\"},\"inLanguage\":\"fr-FR\",\"potentialAction\":[{\"@type\":\"ReadAction\",\"target\":[\"https:\/\/www.cinesouk.ma\/product\/3g-hd-sdi-to-hdmi-converter-generic\/\"]}]},{\"@type\":\"ImageObject\",\"inLanguage\":\"fr-FR\",\"@id\":\"https:\/\/www.cinesouk.ma\/product\/3g-hd-sdi-to-hdmi-converter-generic\/#primaryimage\",\"url\":\"https:\/\/www.cinesouk.ma\/wp-content\/uploads\/2025\/05\/3G-HD-SDI-to-HDMI-converter-generic.jpg\",\"contentUrl\":\"https:\/\/www.cinesouk.ma\/wp-content\/uploads\/2025\/05\/3G-HD-SDI-to-HDMI-converter-generic.jpg\",\"width\":300,\"height\":238,\"caption\":\"3G HD-SDI to HDMI converter (generic)\"},{\"@type\":\"BreadcrumbList\",\"@id\":\"https:\/\/www.cinesouk.ma\/product\/3g-hd-sdi-to-hdmi-converter-generic\/#breadcrumb\",\"itemListElement\":[{\"@type\":\"ListItem\",\"position\":1,\"name\":\"Home\",\"item\":\"https:\/\/www.cinesouk.ma\/\"},{\"@type\":\"ListItem\",\"position\":2,\"name\":\"Shop\",\"item\":\"https:\/\/www.cinesouk.ma\/shop\/\"},{\"@type\":\"ListItem\",\"position\":3,\"name\":\"3G HD-SDI to HDMI converter (generic)\"}]},{\"@type\":\"WebSite\",\"@id\":\"https:\/\/www.cinesouk.ma\/#website\",\"url\":\"https:\/\/www.cinesouk.ma\/\",\"name\":\"CineSouk\",\"description\":\"\",\"publisher\":{\"@id\":\"https:\/\/www.cinesouk.ma\/#organization\"},\"potentialAction\":[{\"@type\":\"SearchAction\",\"target\":{\"@type\":\"EntryPoint\",\"urlTemplate\":\"https:\/\/www.cinesouk.ma\/?s={search_term_string}\"},\"query-input\":{\"@type\":\"PropertyValueSpecification\",\"valueRequired\":true,\"valueName\":\"search_term_string\"}}],\"inLanguage\":\"fr-FR\"},{\"@type\":\"Organization\",\"@id\":\"https:\/\/www.cinesouk.ma\/#organization\",\"name\":\"CineSouk\",\"url\":\"https:\/\/www.cinesouk.ma\/\",\"logo\":{\"@type\":\"ImageObject\",\"inLanguage\":\"fr-FR\",\"@id\":\"https:\/\/www.cinesouk.ma\/#\/schema\/logo\/image\/\",\"url\":\"https:\/\/www.cinesouk.ma\/wp-content\/uploads\/2024\/01\/CineSouk-logo-v01-alpha-alligned-left.png\",\"contentUrl\":\"https:\/\/www.cinesouk.ma\/wp-content\/uploads\/2024\/01\/CineSouk-logo-v01-alpha-alligned-left.png\",\"width\":3204,\"height\":889,\"caption\":\"CineSouk\"},\"image\":{\"@id\":\"https:\/\/www.cinesouk.ma\/#\/schema\/logo\/image\/\"}}]}<\/script>\n<!-- \/ Yoast SEO Premium plugin. -->","yoast_head_json":{"title":"3G HD-SDI to HDMI converter (generic) - Marrakech | Morocco - CineSouk","description":"Generic 3G HD-SDI to HDMI converter for converting professional SDI signals to HDMI. Supports up to 1080p60 with embedded audio and plug-and-play setup.","robots":{"index":"index","follow":"follow","max-snippet":"max-snippet:-1","max-image-preview":"max-image-preview:large","max-video-preview":"max-video-preview:-1"},"canonical":"https:\/\/www.cinesouk.ma\/fr\/produit\/3g-hd-sdi-to-hdmi-converter-generic\/","og_locale":"fr_FR","og_type":"article","og_title":"3G HD-SDI to HDMI converter (generic)","og_description":"Generic 3G HD-SDI to HDMI converter for converting professional SDI signals to HDMI. Supports up to 1080p60 with embedded audio and plug-and-play setup.","og_url":"https:\/\/www.cinesouk.ma\/fr\/produit\/3g-hd-sdi-to-hdmi-converter-generic\/","og_site_name":"CineSouk","article_modified_time":"2025-08-18T08:28:37+00:00","og_image":[{"width":300,"height":238,"url":"https:\/\/www.cinesouk.ma\/wp-content\/uploads\/2025\/05\/3G-HD-SDI-to-HDMI-converter-generic.jpg","type":"image\/jpeg"}],"twitter_card":"summary_large_image","twitter_description":"Generic 3G HD-SDI to HDMI converter for converting professional SDI signals to HDMI. Supports up to 1080p60 with embedded audio and plug-and-play setup.","twitter_misc":{"Dur\u00e9e de lecture estim\u00e9e":"2 minutes"},"schema":{"@context":"https:\/\/schema.org","@graph":[{"@type":"WebPage","@id":"https:\/\/www.cinesouk.ma\/product\/3g-hd-sdi-to-hdmi-converter-generic\/","url":"https:\/\/www.cinesouk.ma\/product\/3g-hd-sdi-to-hdmi-converter-generic\/","name":"3G HD-SDI to HDMI converter (generic) - Marrakech | Morocco - CineSouk","isPartOf":{"@id":"https:\/\/www.cinesouk.ma\/#website"},"primaryImageOfPage":{"@id":"https:\/\/www.cinesouk.ma\/product\/3g-hd-sdi-to-hdmi-converter-generic\/#primaryimage"},"image":{"@id":"https:\/\/www.cinesouk.ma\/product\/3g-hd-sdi-to-hdmi-converter-generic\/#primaryimage"},"thumbnailUrl":"https:\/\/www.cinesouk.ma\/wp-content\/uploads\/2025\/05\/3G-HD-SDI-to-HDMI-converter-generic.jpg","datePublished":"2025-05-29T15:40:19+00:00","dateModified":"2025-08-18T08:28:37+00:00","description":"Generic 3G HD-SDI to HDMI converter for converting professional SDI signals to HDMI. Supports up to 1080p60 with embedded audio and plug-and-play setup.","breadcrumb":{"@id":"https:\/\/www.cinesouk.ma\/product\/3g-hd-sdi-to-hdmi-converter-generic\/#breadcrumb"},"inLanguage":"fr-FR","potentialAction":[{"@type":"ReadAction","target":["https:\/\/www.cinesouk.ma\/product\/3g-hd-sdi-to-hdmi-converter-generic\/"]}]},{"@type":"ImageObject","inLanguage":"fr-FR","@id":"https:\/\/www.cinesouk.ma\/product\/3g-hd-sdi-to-hdmi-converter-generic\/#primaryimage","url":"https:\/\/www.cinesouk.ma\/wp-content\/uploads\/2025\/05\/3G-HD-SDI-to-HDMI-converter-generic.jpg","contentUrl":"https:\/\/www.cinesouk.ma\/wp-content\/uploads\/2025\/05\/3G-HD-SDI-to-HDMI-converter-generic.jpg","width":300,"height":238,"caption":"3G HD-SDI to HDMI converter (generic)"},{"@type":"BreadcrumbList","@id":"https:\/\/www.cinesouk.ma\/product\/3g-hd-sdi-to-hdmi-converter-generic\/#breadcrumb","itemListElement":[{"@type":"ListItem","position":1,"name":"Home","item":"https:\/\/www.cinesouk.ma\/"},{"@type":"ListItem","position":2,"name":"Shop","item":"https:\/\/www.cinesouk.ma\/shop\/"},{"@type":"ListItem","position":3,"name":"3G HD-SDI to HDMI converter (generic)"}]},{"@type":"WebSite","@id":"https:\/\/www.cinesouk.ma\/#website","url":"https:\/\/www.cinesouk.ma\/","name":"CineSouk","description":"","publisher":{"@id":"https:\/\/www.cinesouk.ma\/#organization"},"potentialAction":[{"@type":"SearchAction","target":{"@type":"EntryPoint","urlTemplate":"https:\/\/www.cinesouk.ma\/?s={search_term_string}"},"query-input":{"@type":"PropertyValueSpecification","valueRequired":true,"valueName":"search_term_string"}}],"inLanguage":"fr-FR"},{"@type":"Organization","@id":"https:\/\/www.cinesouk.ma\/#organization","name":"CineSouk","url":"https:\/\/www.cinesouk.ma\/","logo":{"@type":"ImageObject","inLanguage":"fr-FR","@id":"https:\/\/www.cinesouk.ma\/#\/schema\/logo\/image\/","url":"https:\/\/www.cinesouk.ma\/wp-content\/uploads\/2024\/01\/CineSouk-logo-v01-alpha-alligned-left.png","contentUrl":"https:\/\/www.cinesouk.ma\/wp-content\/uploads\/2024\/01\/CineSouk-logo-v01-alpha-alligned-left.png","width":3204,"height":889,"caption":"CineSouk"},"image":{"@id":"https:\/\/www.cinesouk.ma\/#\/schema\/logo\/image\/"}}]}},"_links":{"self":[{"href":"https:\/\/www.cinesouk.ma\/fr\/wp-json\/wp\/v2\/product\/13616","targetHints":{"allow":["GET"]}}],"collection":[{"href":"https:\/\/www.cinesouk.ma\/fr\/wp-json\/wp\/v2\/product"}],"about":[{"href":"https:\/\/www.cinesouk.ma\/fr\/wp-json\/wp\/v2\/types\/product"}],"wp:featuredmedia":[{"embeddable":true,"href":"https:\/\/www.cinesouk.ma\/fr\/wp-json\/wp\/v2\/media\/13627"}],"wp:attachment":[{"href":"https:\/\/www.cinesouk.ma\/fr\/wp-json\/wp\/v2\/media?parent=13616"}],"wp:term":[{"taxonomy":"product_brand","embeddable":true,"href":"https:\/\/www.cinesouk.ma\/fr\/wp-json\/wp\/v2\/product_brand?post=13616"},{"taxonomy":"product_cat","embeddable":true,"href":"https:\/\/www.cinesouk.ma\/fr\/wp-json\/wp\/v2\/product_cat?post=13616"},{"taxonomy":"product_tag","embeddable":true,"href":"https:\/\/www.cinesouk.ma\/fr\/wp-json\/wp\/v2\/product_tag?post=13616"}],"curies":[{"name":"wp","href":"https:\/\/api.w.org\/{rel}","templated":true}]}}