{"id":13639,"date":"2025-06-04T15:17:10","date_gmt":"2025-06-04T15:17:10","guid":{"rendered":"https:\/\/www.cinesouk.ma\/?post_type=product&#038;p=13639"},"modified":"2025-08-18T08:28:32","modified_gmt":"2025-08-18T08:28:32","slug":"allteq-240w-40gbps-8k-usb-c-cable-1m","status":"publish","type":"product","link":"https:\/\/www.cinesouk.ma\/fr\/produit\/allteq-240w-40gbps-8k-usb-c-cable-1m\/","title":{"rendered":"Allteq 240W 40Gbps 8K USB-C Cable 1m"},"content":{"rendered":"<p class=\"\" data-start=\"132\" data-end=\"395\">Le c\u00e2ble Allteq 240W 40Gbps 8K USB-C est une solution avanc\u00e9e con\u00e7ue pour une charge rapide, un transfert de donn\u00e9es rapide et une sortie vid\u00e9o 8K exceptionnelle. Il prend en charge les derni\u00e8res normes USB4 et Thunderbolt 4, offrant une compatibilit\u00e9 avec une vari\u00e9t\u00e9 d'appareils.<\/p>\n<p class=\"\" data-start=\"397\" data-end=\"709\">Avec 240W Power Delivery (PD), le c\u00e2ble charge rapidement les ordinateurs portables, les smartphones et autres appareils USB-C. En outre, il prend en charge le transfert de donn\u00e9es \u00e0 40 Gbps, ce qui permet des transferts de fichiers volumineux rapides et transparents. En outre, il permet une sortie vid\u00e9o 8K \u00e0 60Hz, ce qui le rend parfait pour les \u00e9crans vid\u00e9o de haute qualit\u00e9.<\/p>\n<h3 class=\"\" data-start=\"711\" data-end=\"732\"><strong data-start=\"715\" data-end=\"732\">Caract\u00e9ristiques principales du c\u00e2ble Allteq 240W 40Gbps 8K USB-C :<\/strong><\/h3>\n<ul data-start=\"734\" data-end=\"1314\">\n<li class=\"\" data-start=\"734\" data-end=\"831\">\n<p class=\"\" data-start=\"736\" data-end=\"831\"><strong data-start=\"736\" data-end=\"768\">240W Power Delivery (PD3.1) :<\/strong> Permet une charge rapide des appareils, offrant jusqu'\u00e0 48V \u00e0 5A.<\/p>\n<\/li>\n<li class=\"\" data-start=\"832\" data-end=\"974\">\n<p class=\"\" data-start=\"834\" data-end=\"974\"><strong data-start=\"834\" data-end=\"865\">40Gbps Vitesse de transfert des donn\u00e9es :<\/strong> Garantit un transfert de donn\u00e9es rapide et fluide, id\u00e9al pour le partage de fichiers volumineux et les connexions rapides d'appareils.<\/p>\n<\/li>\n<li class=\"\" data-start=\"975\" data-end=\"1085\">\n<p class=\"\" data-start=\"977\" data-end=\"1085\"><strong data-start=\"977\" data-end=\"997\">8K Sortie vid\u00e9o :<\/strong> Soutien <strong data-start=\"1007\" data-end=\"1024\">R\u00e9solution 8K<\/strong> \u00e0 60 Hz ou double <strong data-start=\"1041\" data-end=\"1056\">Moniteurs 4K<\/strong> pour une lecture vid\u00e9o de qualit\u00e9 sup\u00e9rieure.<\/p>\n<\/li>\n<li class=\"\" data-start=\"1086\" data-end=\"1209\">\n<p class=\"\" data-start=\"1088\" data-end=\"1209\"><strong data-start=\"1088\" data-end=\"1116\">Compatibilit\u00e9 universelle :<\/strong> Compatible avec divers appareils tels que les ordinateurs portables, les tablettes, les smartphones et les stations d'accueil.<\/p>\n<\/li>\n<li class=\"\" data-start=\"1210\" data-end=\"1314\">\n<p class=\"\" data-start=\"1212\" data-end=\"1314\"><strong data-start=\"1212\" data-end=\"1237\">Construction durable :<\/strong> Fabriqu\u00e9 en nylon tress\u00e9 pour plus de solidit\u00e9 et pour r\u00e9sister \u00e0 l'usure du temps.<\/p>\n<\/li>\n<\/ul>\n<h3 class=\"\" data-start=\"1316\" data-end=\"1339\"><strong data-start=\"1320\" data-end=\"1339\">Sp\u00e9cifications :<\/strong><\/h3>\n<ul data-start=\"1341\" data-end=\"1618\">\n<li class=\"\" data-start=\"1341\" data-end=\"1377\">\n<p class=\"\" data-start=\"1343\" data-end=\"1377\"><strong data-start=\"1343\" data-end=\"1362\">Type de connecteur :<\/strong> USB-C \u00e0 USB-C<\/p>\n<\/li>\n<li class=\"\" data-start=\"1378\" data-end=\"1416\">\n<p class=\"\" data-start=\"1380\" data-end=\"1416\"><strong data-start=\"1380\" data-end=\"1403\">Taux de transfert de donn\u00e9es :<\/strong> Jusqu'\u00e0 40 Gbps<\/p>\n<\/li>\n<li class=\"\" data-start=\"1417\" data-end=\"1458\">\n<p class=\"\" data-start=\"1419\" data-end=\"1458\"><strong data-start=\"1419\" data-end=\"1438\">Alimentation \u00e9lectrique :<\/strong> Jusqu'\u00e0 240W (48V\/5A)<\/p>\n<\/li>\n<li class=\"\" data-start=\"1459\" data-end=\"1517\">\n<p class=\"\" data-start=\"1461\" data-end=\"1517\"><strong data-start=\"1461\" data-end=\"1478\">Sortie vid\u00e9o :<\/strong> Prise en charge du 8K \u00e0 60Hz ou du double 4K \u00e0 60Hz<\/p>\n<\/li>\n<li class=\"\" data-start=\"1518\" data-end=\"1567\">\n<p class=\"\" data-start=\"1520\" data-end=\"1567\"><strong data-start=\"1520\" data-end=\"1537\">Longueur du c\u00e2ble :<\/strong> Disponible en plusieurs longueurs<\/p>\n<\/li>\n<li class=\"\" data-start=\"1568\" data-end=\"1618\">\n<p class=\"\" data-start=\"1570\" data-end=\"1618\"><strong data-start=\"1570\" data-end=\"1583\">Mat\u00e9riau :<\/strong> Nylon tress\u00e9 pour une plus grande durabilit\u00e9<\/p>\n<\/li>\n<\/ul>\n<p class=\"\" data-start=\"1641\" data-end=\"1966\">En conclusion, le c\u00e2ble Allteq 240W 40Gbps 8K USB-C est un outil puissant et polyvalent pour ceux qui ont besoin d'un transfert de donn\u00e9es rapide, d'une charge rapide et d'une sortie vid\u00e9o haute r\u00e9solution. Ses performances, sa durabilit\u00e9 et sa compatibilit\u00e9 avec une gamme d'appareils en font un accessoire essentiel pour les professionnels et les passionn\u00e9s de technologie.<\/p>\n<p>Louez-le maintenant sur <a href=\"https:\/\/www.cinesouk.ma\/fr\">CINESOUK<\/a> - une marque de <a href=\"https:\/\/www.broadway.ma\/\">BROADWAY PRODUCTIONS SARL.<\/a><\/p>","protected":false},"excerpt":{"rendered":"<h3 class=\"\" data-start=\"1198\" data-end=\"1221\"><strong data-start=\"1202\" data-end=\"1221\">Sp\u00e9cifications :<\/strong><\/h3>\n<ul>\n<li class=\"\" data-start=\"1439\" data-end=\"1475\">\n<p class=\"\" data-start=\"1441\" data-end=\"1475\"><strong data-start=\"1441\" data-end=\"1460\">Type de connecteur :<\/strong> USB-C \u00e0 USB-C<\/p>\n<\/li>\n<li class=\"\" data-start=\"1476\" data-end=\"1514\">\n<p class=\"\" data-start=\"1478\" data-end=\"1514\"><strong data-start=\"1478\" data-end=\"1501\">Taux de transfert de donn\u00e9es :<\/strong> Jusqu'\u00e0 40 Gbps<\/p>\n<\/li>\n<li class=\"\" data-start=\"1515\" data-end=\"1556\">\n<p class=\"\" data-start=\"1517\" data-end=\"1556\"><strong data-start=\"1517\" data-end=\"1536\">Alimentation \u00e9lectrique :<\/strong> Jusqu'\u00e0 240W (48V\/5A)<\/p>\n<\/li>\n<li class=\"\" data-start=\"1557\" data-end=\"1615\">\n<p class=\"\" data-start=\"1559\" data-end=\"1615\"><strong data-start=\"1559\" data-end=\"1576\">Sortie vid\u00e9o :<\/strong> Prise en charge du 8K \u00e0 60Hz ou du double 4K \u00e0 60Hz<\/p>\n<\/li>\n<li class=\"\" data-start=\"1616\" data-end=\"1664\">\n<p class=\"\" data-start=\"1618\" data-end=\"1664\"><strong data-start=\"1618\" data-end=\"1635\">Longueur du c\u00e2ble :<\/strong> Disponible en plusieurs longueurs<\/p>\n<\/li>\n<li class=\"\" data-start=\"1665\" data-end=\"1709\">\n<p class=\"\" data-start=\"1667\" data-end=\"1709\"><strong data-start=\"1667\" data-end=\"1680\">Mat\u00e9riau :<\/strong> Nylon tress\u00e9 pour la durabilit\u00e9<\/p>\n<\/li>\n<\/ul>","protected":false},"featured_media":12371,"template":"","meta":{"om_disable_all_campaigns":false,"_monsterinsights_skip_tracking":false,"_monsterinsights_sitenote_active":false,"_monsterinsights_sitenote_note":"","_monsterinsights_sitenote_category":0,"_uf_show_specific_survey":0,"_uf_disable_surveys":false},"product_brand":[],"product_cat":[55],"product_tag":[],"class_list":{"0":"post-13639","1":"product","2":"type-product","3":"status-publish","4":"has-post-thumbnail","6":"product_cat-cables-cinesouk","8":"entry","9":"has-media","11":"first","12":"instock","13":"taxable","14":"shipping-taxable","15":"purchasable","16":"product-type-variable","17":"has-product-nav","18":"col","19":"span_1_of_3","20":"owp-content-center","21":"owp-thumbs-layout-horizontal","22":"owp-btn-normal","23":"owp-tabs-layout-horizontal","24":"has-no-thumbnails"},"yoast_head":"<!-- This site is optimized with the Yoast SEO Premium plugin v26.0 (Yoast SEO v26.0) - https:\/\/yoast.com\/wordpress\/plugins\/seo\/ -->\n<title>Allteq 240W 40Gbps 8K USB-C Cable 1m - CineSouk - Marrakech l Morocco<\/title>\n<meta name=\"description\" content=\"The Allteq 240W 40Gbps 8K USB-C Cable offers fast charging, ultra-fast data transfer, and 8K video output. Compatible with a wide range of devices, it\u2019s the perfect choice for professionals looking for high-performance connectivity.\" \/>\n<meta name=\"robots\" content=\"index, follow, max-snippet:-1, max-image-preview:large, max-video-preview:-1\" \/>\n<link rel=\"canonical\" href=\"https:\/\/www.cinesouk.ma\/fr\/produit\/allteq-240w-40gbps-8k-usb-c-cable-1m\/\" \/>\n<meta property=\"og:locale\" content=\"fr_FR\" \/>\n<meta property=\"og:type\" content=\"article\" \/>\n<meta property=\"og:title\" content=\"Allteq 240W 40Gbps 8K USB-C Cable 1m\" \/>\n<meta property=\"og:description\" content=\"The Allteq 240W 40Gbps 8K USB-C Cable offers fast charging, ultra-fast data transfer, and 8K video output. Compatible with a wide range of devices, it\u2019s the perfect choice for professionals looking for high-performance connectivity.\" \/>\n<meta property=\"og:url\" content=\"https:\/\/www.cinesouk.ma\/fr\/produit\/allteq-240w-40gbps-8k-usb-c-cable-1m\/\" \/>\n<meta property=\"og:site_name\" content=\"CineSouk\" \/>\n<meta property=\"article:modified_time\" content=\"2025-08-18T08:28:32+00:00\" \/>\n<meta property=\"og:image\" content=\"https:\/\/www.cinesouk.ma\/wp-content\/uploads\/2025\/04\/Allteq-240w.jpg\" \/>\n\t<meta property=\"og:image:width\" content=\"300\" \/>\n\t<meta property=\"og:image:height\" content=\"238\" \/>\n\t<meta property=\"og:image:type\" content=\"image\/jpeg\" \/>\n<meta name=\"twitter:card\" content=\"summary_large_image\" \/>\n<meta name=\"twitter:description\" content=\"The Allteq 240W 40Gbps 8K USB-C Cable offers fast charging, ultra-fast data transfer, and 8K video output. Compatible with a wide range of devices, it\u2019s the perfect choice for professionals looking for high-performance connectivity.\" \/>\n<meta name=\"twitter:label1\" content=\"Dur\u00e9e de lecture estim\u00e9e\" \/>\n\t<meta name=\"twitter:data1\" content=\"2 minutes\" \/>\n<script type=\"application\/ld+json\" class=\"yoast-schema-graph\">{\"@context\":\"https:\/\/schema.org\",\"@graph\":[{\"@type\":\"WebPage\",\"@id\":\"https:\/\/www.cinesouk.ma\/product\/allteq-240w-40gbps-8k-usb-c-cable-1m\/\",\"url\":\"https:\/\/www.cinesouk.ma\/product\/allteq-240w-40gbps-8k-usb-c-cable-1m\/\",\"name\":\"Allteq 240W 40Gbps 8K USB-C Cable 1m - CineSouk - Marrakech l Morocco\",\"isPartOf\":{\"@id\":\"https:\/\/www.cinesouk.ma\/#website\"},\"primaryImageOfPage\":{\"@id\":\"https:\/\/www.cinesouk.ma\/product\/allteq-240w-40gbps-8k-usb-c-cable-1m\/#primaryimage\"},\"image\":{\"@id\":\"https:\/\/www.cinesouk.ma\/product\/allteq-240w-40gbps-8k-usb-c-cable-1m\/#primaryimage\"},\"thumbnailUrl\":\"https:\/\/www.cinesouk.ma\/wp-content\/uploads\/2025\/04\/Allteq-240w.jpg\",\"datePublished\":\"2025-06-04T15:17:10+00:00\",\"dateModified\":\"2025-08-18T08:28:32+00:00\",\"description\":\"The Allteq 240W 40Gbps 8K USB-C Cable offers fast charging, ultra-fast data transfer, and 8K video output. Compatible with a wide range of devices, it\u2019s the perfect choice for professionals looking for high-performance connectivity.\",\"breadcrumb\":{\"@id\":\"https:\/\/www.cinesouk.ma\/product\/allteq-240w-40gbps-8k-usb-c-cable-1m\/#breadcrumb\"},\"inLanguage\":\"fr-FR\",\"potentialAction\":[{\"@type\":\"ReadAction\",\"target\":[\"https:\/\/www.cinesouk.ma\/product\/allteq-240w-40gbps-8k-usb-c-cable-1m\/\"]}]},{\"@type\":\"ImageObject\",\"inLanguage\":\"fr-FR\",\"@id\":\"https:\/\/www.cinesouk.ma\/product\/allteq-240w-40gbps-8k-usb-c-cable-1m\/#primaryimage\",\"url\":\"https:\/\/www.cinesouk.ma\/wp-content\/uploads\/2025\/04\/Allteq-240w.jpg\",\"contentUrl\":\"https:\/\/www.cinesouk.ma\/wp-content\/uploads\/2025\/04\/Allteq-240w.jpg\",\"width\":300,\"height\":238,\"caption\":\"Allteq 240W 40Gbps 8K USB-C Cable\"},{\"@type\":\"BreadcrumbList\",\"@id\":\"https:\/\/www.cinesouk.ma\/product\/allteq-240w-40gbps-8k-usb-c-cable-1m\/#breadcrumb\",\"itemListElement\":[{\"@type\":\"ListItem\",\"position\":1,\"name\":\"Home\",\"item\":\"https:\/\/www.cinesouk.ma\/\"},{\"@type\":\"ListItem\",\"position\":2,\"name\":\"Shop\",\"item\":\"https:\/\/www.cinesouk.ma\/shop\/\"},{\"@type\":\"ListItem\",\"position\":3,\"name\":\"Allteq 240W 40Gbps 8K USB-C Cable 1m\"}]},{\"@type\":\"WebSite\",\"@id\":\"https:\/\/www.cinesouk.ma\/#website\",\"url\":\"https:\/\/www.cinesouk.ma\/\",\"name\":\"CineSouk\",\"description\":\"\",\"publisher\":{\"@id\":\"https:\/\/www.cinesouk.ma\/#organization\"},\"potentialAction\":[{\"@type\":\"SearchAction\",\"target\":{\"@type\":\"EntryPoint\",\"urlTemplate\":\"https:\/\/www.cinesouk.ma\/?s={search_term_string}\"},\"query-input\":{\"@type\":\"PropertyValueSpecification\",\"valueRequired\":true,\"valueName\":\"search_term_string\"}}],\"inLanguage\":\"fr-FR\"},{\"@type\":\"Organization\",\"@id\":\"https:\/\/www.cinesouk.ma\/#organization\",\"name\":\"CineSouk\",\"url\":\"https:\/\/www.cinesouk.ma\/\",\"logo\":{\"@type\":\"ImageObject\",\"inLanguage\":\"fr-FR\",\"@id\":\"https:\/\/www.cinesouk.ma\/#\/schema\/logo\/image\/\",\"url\":\"https:\/\/www.cinesouk.ma\/wp-content\/uploads\/2024\/01\/CineSouk-logo-v01-alpha-alligned-left.png\",\"contentUrl\":\"https:\/\/www.cinesouk.ma\/wp-content\/uploads\/2024\/01\/CineSouk-logo-v01-alpha-alligned-left.png\",\"width\":3204,\"height\":889,\"caption\":\"CineSouk\"},\"image\":{\"@id\":\"https:\/\/www.cinesouk.ma\/#\/schema\/logo\/image\/\"}}]}<\/script>\n<!-- \/ Yoast SEO Premium plugin. -->","yoast_head_json":{"title":"Allteq 240W 40Gbps 8K USB-C Cable 1m - CineSouk - Marrakech l Morocco","description":"The Allteq 240W 40Gbps 8K USB-C Cable offers fast charging, ultra-fast data transfer, and 8K video output. Compatible with a wide range of devices, it\u2019s the perfect choice for professionals looking for high-performance connectivity.","robots":{"index":"index","follow":"follow","max-snippet":"max-snippet:-1","max-image-preview":"max-image-preview:large","max-video-preview":"max-video-preview:-1"},"canonical":"https:\/\/www.cinesouk.ma\/fr\/produit\/allteq-240w-40gbps-8k-usb-c-cable-1m\/","og_locale":"fr_FR","og_type":"article","og_title":"Allteq 240W 40Gbps 8K USB-C Cable 1m","og_description":"The Allteq 240W 40Gbps 8K USB-C Cable offers fast charging, ultra-fast data transfer, and 8K video output. Compatible with a wide range of devices, it\u2019s the perfect choice for professionals looking for high-performance connectivity.","og_url":"https:\/\/www.cinesouk.ma\/fr\/produit\/allteq-240w-40gbps-8k-usb-c-cable-1m\/","og_site_name":"CineSouk","article_modified_time":"2025-08-18T08:28:32+00:00","og_image":[{"width":300,"height":238,"url":"https:\/\/www.cinesouk.ma\/wp-content\/uploads\/2025\/04\/Allteq-240w.jpg","type":"image\/jpeg"}],"twitter_card":"summary_large_image","twitter_description":"The Allteq 240W 40Gbps 8K USB-C Cable offers fast charging, ultra-fast data transfer, and 8K video output. Compatible with a wide range of devices, it\u2019s the perfect choice for professionals looking for high-performance connectivity.","twitter_misc":{"Dur\u00e9e de lecture estim\u00e9e":"2 minutes"},"schema":{"@context":"https:\/\/schema.org","@graph":[{"@type":"WebPage","@id":"https:\/\/www.cinesouk.ma\/product\/allteq-240w-40gbps-8k-usb-c-cable-1m\/","url":"https:\/\/www.cinesouk.ma\/product\/allteq-240w-40gbps-8k-usb-c-cable-1m\/","name":"Allteq 240W 40Gbps 8K USB-C Cable 1m - CineSouk - Marrakech l Morocco","isPartOf":{"@id":"https:\/\/www.cinesouk.ma\/#website"},"primaryImageOfPage":{"@id":"https:\/\/www.cinesouk.ma\/product\/allteq-240w-40gbps-8k-usb-c-cable-1m\/#primaryimage"},"image":{"@id":"https:\/\/www.cinesouk.ma\/product\/allteq-240w-40gbps-8k-usb-c-cable-1m\/#primaryimage"},"thumbnailUrl":"https:\/\/www.cinesouk.ma\/wp-content\/uploads\/2025\/04\/Allteq-240w.jpg","datePublished":"2025-06-04T15:17:10+00:00","dateModified":"2025-08-18T08:28:32+00:00","description":"The Allteq 240W 40Gbps 8K USB-C Cable offers fast charging, ultra-fast data transfer, and 8K video output. Compatible with a wide range of devices, it\u2019s the perfect choice for professionals looking for high-performance connectivity.","breadcrumb":{"@id":"https:\/\/www.cinesouk.ma\/product\/allteq-240w-40gbps-8k-usb-c-cable-1m\/#breadcrumb"},"inLanguage":"fr-FR","potentialAction":[{"@type":"ReadAction","target":["https:\/\/www.cinesouk.ma\/product\/allteq-240w-40gbps-8k-usb-c-cable-1m\/"]}]},{"@type":"ImageObject","inLanguage":"fr-FR","@id":"https:\/\/www.cinesouk.ma\/product\/allteq-240w-40gbps-8k-usb-c-cable-1m\/#primaryimage","url":"https:\/\/www.cinesouk.ma\/wp-content\/uploads\/2025\/04\/Allteq-240w.jpg","contentUrl":"https:\/\/www.cinesouk.ma\/wp-content\/uploads\/2025\/04\/Allteq-240w.jpg","width":300,"height":238,"caption":"Allteq 240W 40Gbps 8K USB-C Cable"},{"@type":"BreadcrumbList","@id":"https:\/\/www.cinesouk.ma\/product\/allteq-240w-40gbps-8k-usb-c-cable-1m\/#breadcrumb","itemListElement":[{"@type":"ListItem","position":1,"name":"Home","item":"https:\/\/www.cinesouk.ma\/"},{"@type":"ListItem","position":2,"name":"Shop","item":"https:\/\/www.cinesouk.ma\/shop\/"},{"@type":"ListItem","position":3,"name":"Allteq 240W 40Gbps 8K USB-C Cable 1m"}]},{"@type":"WebSite","@id":"https:\/\/www.cinesouk.ma\/#website","url":"https:\/\/www.cinesouk.ma\/","name":"CineSouk","description":"","publisher":{"@id":"https:\/\/www.cinesouk.ma\/#organization"},"potentialAction":[{"@type":"SearchAction","target":{"@type":"EntryPoint","urlTemplate":"https:\/\/www.cinesouk.ma\/?s={search_term_string}"},"query-input":{"@type":"PropertyValueSpecification","valueRequired":true,"valueName":"search_term_string"}}],"inLanguage":"fr-FR"},{"@type":"Organization","@id":"https:\/\/www.cinesouk.ma\/#organization","name":"CineSouk","url":"https:\/\/www.cinesouk.ma\/","logo":{"@type":"ImageObject","inLanguage":"fr-FR","@id":"https:\/\/www.cinesouk.ma\/#\/schema\/logo\/image\/","url":"https:\/\/www.cinesouk.ma\/wp-content\/uploads\/2024\/01\/CineSouk-logo-v01-alpha-alligned-left.png","contentUrl":"https:\/\/www.cinesouk.ma\/wp-content\/uploads\/2024\/01\/CineSouk-logo-v01-alpha-alligned-left.png","width":3204,"height":889,"caption":"CineSouk"},"image":{"@id":"https:\/\/www.cinesouk.ma\/#\/schema\/logo\/image\/"}}]}},"_links":{"self":[{"href":"https:\/\/www.cinesouk.ma\/fr\/wp-json\/wp\/v2\/product\/13639","targetHints":{"allow":["GET"]}}],"collection":[{"href":"https:\/\/www.cinesouk.ma\/fr\/wp-json\/wp\/v2\/product"}],"about":[{"href":"https:\/\/www.cinesouk.ma\/fr\/wp-json\/wp\/v2\/types\/product"}],"wp:featuredmedia":[{"embeddable":true,"href":"https:\/\/www.cinesouk.ma\/fr\/wp-json\/wp\/v2\/media\/12371"}],"wp:attachment":[{"href":"https:\/\/www.cinesouk.ma\/fr\/wp-json\/wp\/v2\/media?parent=13639"}],"wp:term":[{"taxonomy":"product_brand","embeddable":true,"href":"https:\/\/www.cinesouk.ma\/fr\/wp-json\/wp\/v2\/product_brand?post=13639"},{"taxonomy":"product_cat","embeddable":true,"href":"https:\/\/www.cinesouk.ma\/fr\/wp-json\/wp\/v2\/product_cat?post=13639"},{"taxonomy":"product_tag","embeddable":true,"href":"https:\/\/www.cinesouk.ma\/fr\/wp-json\/wp\/v2\/product_tag?post=13639"}],"curies":[{"name":"wp","href":"https:\/\/api.w.org\/{rel}","templated":true}]}}