{"id":13650,"date":"2025-06-04T15:41:17","date_gmt":"2025-06-04T15:41:17","guid":{"rendered":"https:\/\/www.cinesouk.ma\/?post_type=product&#038;p=13650"},"modified":"2026-02-05T15:53:21","modified_gmt":"2026-02-05T15:53:21","slug":"apple-thunderbolt2-cable-25m","status":"publish","type":"product","link":"https:\/\/www.cinesouk.ma\/fr\/produit\/apple-thunderbolt2-cable-25m\/","title":{"rendered":"C\u00e2ble Apple Thunderbolt2 2,5m"},"content":{"rendered":"<p data-start=\"224\" data-end=\"659\">Le c\u00e2ble Apple Thunderbolt 2 (2,5 m\u00e8tres) est con\u00e7u pour le transfert de donn\u00e9es \u00e0 grande vitesse entre les appareils \u00e9quip\u00e9s de Thunderbolt. Avec la prise en charge de <strong data-start=\"382\" data-end=\"410\">d\u00e9bits de donn\u00e9es jusqu'\u00e0 20 Gbps<\/strong>Il permet des connexions rapides et fiables pour les flux de travail exigeants, notamment le montage vid\u00e9o, les transferts de fichiers volumineux et la sortie d'\u00e9cran haute r\u00e9solution. Ce c\u00e2ble est id\u00e9al pour connecter les Mac \u00e0 des p\u00e9riph\u00e9riques de stockage Thunderbolt, des stations d'accueil, des \u00e9crans, etc.<\/p>\n<h3 data-start=\"666\" data-end=\"686\"><strong data-start=\"670\" data-end=\"686\">Caract\u00e9ristiques principales<\/strong><\/h3>\n<ul data-start=\"688\" data-end=\"1060\">\n<li data-start=\"688\" data-end=\"763\">\n<p data-start=\"690\" data-end=\"763\"><strong data-start=\"690\" data-end=\"718\">Transfert de donn\u00e9es \u00e0 haut d\u00e9bit<\/strong>: Prend en charge jusqu'\u00e0 20 Gbps avec Thunderbolt 2<\/p>\n<\/li>\n<li data-start=\"764\" data-end=\"840\">\n<p data-start=\"766\" data-end=\"840\"><strong data-start=\"766\" data-end=\"783\">Utilisation polyvalente<\/strong>: Connecte les Mac \u00e0 des p\u00e9riph\u00e9riques et \u00e9crans Thunderbolt<\/p>\n<\/li>\n<li data-start=\"841\" data-end=\"915\">\n<p data-start=\"843\" data-end=\"915\"><strong data-start=\"843\" data-end=\"861\">Encha\u00eenement de marguerites<\/strong>: Permet de connecter jusqu'\u00e0 six appareils Thunderbolt<\/p>\n<\/li>\n<li data-start=\"916\" data-end=\"986\">\n<p data-start=\"918\" data-end=\"986\"><strong data-start=\"918\" data-end=\"942\">Connecteur r\u00e9versible<\/strong>: Facile \u00e0 brancher sans probl\u00e8me d'alignement<\/p>\n<\/li>\n<li data-start=\"987\" data-end=\"1060\">\n<p data-start=\"989\" data-end=\"1060\"><strong data-start=\"989\" data-end=\"1008\">Certifi\u00e9 par Apple<\/strong>: Con\u00e7u pour une compatibilit\u00e9 totale avec les appareils Apple<\/p>\n<\/li>\n<\/ul>\n<h3 data-start=\"1067\" data-end=\"1089\"><strong data-start=\"1071\" data-end=\"1089\">Sp\u00e9cifications<\/strong><\/h3>\n<ul data-start=\"1091\" data-end=\"1437\">\n<li data-start=\"1091\" data-end=\"1117\">\n<p data-start=\"1093\" data-end=\"1117\"><strong data-start=\"1093\" data-end=\"1103\">Longueur<\/strong>: 2,5 m\u00e8tres<\/p>\n<\/li>\n<li data-start=\"1118\" data-end=\"1178\">\n<p data-start=\"1120\" data-end=\"1178\"><strong data-start=\"1120\" data-end=\"1134\">Connecteurs<\/strong>: Thunderbolt (m\u00e2le) vers Thunderbolt (m\u00e2le)<\/p>\n<\/li>\n<li data-start=\"1179\" data-end=\"1236\">\n<p data-start=\"1181\" data-end=\"1236\"><strong data-start=\"1181\" data-end=\"1203\">Taux de transfert de donn\u00e9es<\/strong>: Jusqu'\u00e0 20 Gbps (Thunderbolt 2)<\/p>\n<\/li>\n<li data-start=\"1237\" data-end=\"1301\">\n<p data-start=\"1239\" data-end=\"1301\"><strong data-start=\"1239\" data-end=\"1256\">Compatibilit\u00e9<\/strong>: Mac avec port Thunderbolt \/ Thunderbolt 2<\/p>\n<\/li>\n<li data-start=\"1302\" data-end=\"1322\">\n<p data-start=\"1304\" data-end=\"1322\"><strong data-start=\"1304\" data-end=\"1313\">Couleur<\/strong>: Blanc<\/p>\n<\/li>\n<li data-start=\"1323\" data-end=\"1365\">\n<p data-start=\"1325\" data-end=\"1365\"><strong data-start=\"1325\" data-end=\"1337\">Mat\u00e9riau<\/strong>: Enveloppe ext\u00e9rieure en PVC durable<\/p>\n<\/li>\n<li data-start=\"1366\" data-end=\"1437\">\n<p data-start=\"1368\" data-end=\"1437\"><strong data-start=\"1368\" data-end=\"1380\">Cas d'utilisation<\/strong>: Transfert de donn\u00e9es, sortie vid\u00e9o, cha\u00eenage de p\u00e9riph\u00e9riques<\/p>\n<\/li>\n<\/ul>\n<p>Le c\u00e2ble Apple Thunderbolt 2 de 2,5 m offre des connexions rapides, stables et flexibles aux utilisateurs professionnels et cr\u00e9atifs. Gr\u00e2ce \u00e0 ses hautes performances et \u00e0 sa fiabilit\u00e9 certifi\u00e9e par Apple, il est parfaitement adapt\u00e9 aux flux de travail qui requi\u00e8rent rapidit\u00e9 et pr\u00e9cision.<\/p>\n<p>Louez-le maintenant sur <a href=\"https:\/\/www.cinesouk.ma\/fr\">CINESOUK<\/a> - une marque de <a href=\"https:\/\/www.broadway.ma\/\">BROADWAY PRODUCTIONS SARL.<\/a><\/p>","protected":false},"excerpt":{"rendered":"<h3 class=\"\" data-start=\"1198\" data-end=\"1221\"><strong data-start=\"1202\" data-end=\"1221\">Sp\u00e9cifications :<\/strong><\/h3>\n<ul>\n<li data-start=\"1240\" data-end=\"1305\">\n<p data-start=\"1242\" data-end=\"1305\"><strong data-start=\"1242\" data-end=\"1261\">Type de connecteur :<\/strong> Thunderbolt (Mini DisplayPort) m\u00e2le vers m\u00e2le<\/p>\n<\/li>\n<li data-start=\"1306\" data-end=\"1330\">\n<p data-start=\"1308\" data-end=\"1330\"><strong data-start=\"1308\" data-end=\"1319\">Longueur :<\/strong> 2,5 m\u00e8tres<\/p>\n<\/li>\n<li data-start=\"1331\" data-end=\"1370\">\n<p data-start=\"1333\" data-end=\"1370\"><strong data-start=\"1333\" data-end=\"1356\">Taux de transfert de donn\u00e9es :<\/strong> Jusqu'\u00e0 20 Gbps<\/p>\n<\/li>\n<li data-start=\"1371\" data-end=\"1395\">\n<p data-start=\"1373\" data-end=\"1395\"><strong data-start=\"1373\" data-end=\"1388\">Type de c\u00e2ble :<\/strong> Actif<\/p>\n<\/li>\n<li data-start=\"1396\" data-end=\"1454\">\n<p data-start=\"1398\" data-end=\"1454\"><strong data-start=\"1398\" data-end=\"1416\">Compatibilit\u00e9 :<\/strong> Appareils Thunderbolt et Thunderbolt 2<\/p>\n<\/li>\n<\/ul>","protected":false},"featured_media":13661,"template":"","meta":{"om_disable_all_campaigns":false,"_monsterinsights_skip_tracking":false,"_monsterinsights_sitenote_active":false,"_monsterinsights_sitenote_note":"","_monsterinsights_sitenote_category":0,"_uf_show_specific_survey":0,"_uf_disable_surveys":false},"product_brand":[],"product_cat":[37,120,55],"product_tag":[],"class_list":{"0":"post-13650","1":"product","2":"type-product","3":"status-publish","4":"has-post-thumbnail","6":"product_cat-accessories-cinesouk","7":"product_cat-cables-eventsouk","8":"product_cat-cables-cinesouk","10":"entry","11":"has-media","13":"first","14":"instock","15":"taxable","16":"shipping-taxable","17":"purchasable","18":"product-type-variable","19":"has-product-nav","20":"col","21":"span_1_of_3","22":"owp-content-center","23":"owp-thumbs-layout-horizontal","24":"owp-btn-normal","25":"owp-tabs-layout-horizontal"},"yoast_head":"<!-- This site is optimized with the Yoast SEO Premium plugin v26.0 (Yoast SEO v26.0) - https:\/\/yoast.com\/wordpress\/plugins\/seo\/ -->\n<title>Apple Thunderbolt2 cable 2,5m - CineSouk<\/title>\n<meta name=\"description\" content=\"Rent the Apple Thunderbolt 2 Cable 2.5m at CINESOUK. High-speed, active cable for reliable data transfer and video output. Ideal for professional Mac setups.\" \/>\n<meta name=\"robots\" content=\"index, follow, max-snippet:-1, max-image-preview:large, max-video-preview:-1\" \/>\n<link rel=\"canonical\" href=\"https:\/\/www.cinesouk.ma\/fr\/produit\/apple-thunderbolt2-cable-25m\/\" \/>\n<meta property=\"og:locale\" content=\"fr_FR\" \/>\n<meta property=\"og:type\" content=\"article\" \/>\n<meta property=\"og:title\" content=\"Apple Thunderbolt2 cable 2,5m\" \/>\n<meta property=\"og:description\" content=\"Rent the Apple Thunderbolt 2 Cable 2.5m at CINESOUK. High-speed, active cable for reliable data transfer and video output. Ideal for professional Mac setups.\" \/>\n<meta property=\"og:url\" content=\"https:\/\/www.cinesouk.ma\/fr\/produit\/apple-thunderbolt2-cable-25m\/\" \/>\n<meta property=\"og:site_name\" content=\"CineSouk\" \/>\n<meta property=\"article:modified_time\" content=\"2026-02-05T15:53:21+00:00\" \/>\n<meta property=\"og:image\" content=\"https:\/\/www.cinesouk.ma\/wp-content\/uploads\/2025\/06\/Apple-Thunderbolt2-cable-25m_2.jpg\" \/>\n\t<meta property=\"og:image:width\" content=\"300\" \/>\n\t<meta property=\"og:image:height\" content=\"238\" \/>\n\t<meta property=\"og:image:type\" content=\"image\/jpeg\" \/>\n<meta name=\"twitter:card\" content=\"summary_large_image\" \/>\n<meta name=\"twitter:description\" content=\"Rent the Apple Thunderbolt 2 Cable 2.5m at CINESOUK. High-speed, active cable for reliable data transfer and video output. Ideal for professional Mac setups.\" \/>\n<meta name=\"twitter:label1\" content=\"Dur\u00e9e de lecture estim\u00e9e\" \/>\n\t<meta name=\"twitter:data1\" content=\"2 minutes\" \/>\n<script type=\"application\/ld+json\" class=\"yoast-schema-graph\">{\"@context\":\"https:\/\/schema.org\",\"@graph\":[{\"@type\":\"WebPage\",\"@id\":\"https:\/\/www.cinesouk.ma\/product\/apple-thunderbolt2-cable-25m\/\",\"url\":\"https:\/\/www.cinesouk.ma\/product\/apple-thunderbolt2-cable-25m\/\",\"name\":\"Apple Thunderbolt2 cable 2,5m - CineSouk\",\"isPartOf\":{\"@id\":\"https:\/\/www.cinesouk.ma\/#website\"},\"primaryImageOfPage\":{\"@id\":\"https:\/\/www.cinesouk.ma\/product\/apple-thunderbolt2-cable-25m\/#primaryimage\"},\"image\":{\"@id\":\"https:\/\/www.cinesouk.ma\/product\/apple-thunderbolt2-cable-25m\/#primaryimage\"},\"thumbnailUrl\":\"https:\/\/www.cinesouk.ma\/wp-content\/uploads\/2025\/06\/Apple-Thunderbolt2-cable-25m_2.jpg\",\"datePublished\":\"2025-06-04T15:41:17+00:00\",\"dateModified\":\"2026-02-05T15:53:21+00:00\",\"description\":\"Rent the Apple Thunderbolt 2 Cable 2.5m at CINESOUK. High-speed, active cable for reliable data transfer and video output. Ideal for professional Mac setups.\",\"breadcrumb\":{\"@id\":\"https:\/\/www.cinesouk.ma\/product\/apple-thunderbolt2-cable-25m\/#breadcrumb\"},\"inLanguage\":\"fr-FR\",\"potentialAction\":[{\"@type\":\"ReadAction\",\"target\":[\"https:\/\/www.cinesouk.ma\/product\/apple-thunderbolt2-cable-25m\/\"]}]},{\"@type\":\"ImageObject\",\"inLanguage\":\"fr-FR\",\"@id\":\"https:\/\/www.cinesouk.ma\/product\/apple-thunderbolt2-cable-25m\/#primaryimage\",\"url\":\"https:\/\/www.cinesouk.ma\/wp-content\/uploads\/2025\/06\/Apple-Thunderbolt2-cable-25m_2.jpg\",\"contentUrl\":\"https:\/\/www.cinesouk.ma\/wp-content\/uploads\/2025\/06\/Apple-Thunderbolt2-cable-25m_2.jpg\",\"width\":300,\"height\":238,\"caption\":\"Apple Thunderbolt2 cable 2,5m_2\"},{\"@type\":\"BreadcrumbList\",\"@id\":\"https:\/\/www.cinesouk.ma\/product\/apple-thunderbolt2-cable-25m\/#breadcrumb\",\"itemListElement\":[{\"@type\":\"ListItem\",\"position\":1,\"name\":\"Home\",\"item\":\"https:\/\/www.cinesouk.ma\/\"},{\"@type\":\"ListItem\",\"position\":2,\"name\":\"Shop\",\"item\":\"https:\/\/www.cinesouk.ma\/shop\/\"},{\"@type\":\"ListItem\",\"position\":3,\"name\":\"Apple Thunderbolt2 cable 2,5m\"}]},{\"@type\":\"WebSite\",\"@id\":\"https:\/\/www.cinesouk.ma\/#website\",\"url\":\"https:\/\/www.cinesouk.ma\/\",\"name\":\"CineSouk\",\"description\":\"\",\"publisher\":{\"@id\":\"https:\/\/www.cinesouk.ma\/#organization\"},\"potentialAction\":[{\"@type\":\"SearchAction\",\"target\":{\"@type\":\"EntryPoint\",\"urlTemplate\":\"https:\/\/www.cinesouk.ma\/?s={search_term_string}\"},\"query-input\":{\"@type\":\"PropertyValueSpecification\",\"valueRequired\":true,\"valueName\":\"search_term_string\"}}],\"inLanguage\":\"fr-FR\"},{\"@type\":\"Organization\",\"@id\":\"https:\/\/www.cinesouk.ma\/#organization\",\"name\":\"CineSouk\",\"url\":\"https:\/\/www.cinesouk.ma\/\",\"logo\":{\"@type\":\"ImageObject\",\"inLanguage\":\"fr-FR\",\"@id\":\"https:\/\/www.cinesouk.ma\/#\/schema\/logo\/image\/\",\"url\":\"https:\/\/www.cinesouk.ma\/wp-content\/uploads\/2024\/01\/CineSouk-logo-v01-alpha-alligned-left.png\",\"contentUrl\":\"https:\/\/www.cinesouk.ma\/wp-content\/uploads\/2024\/01\/CineSouk-logo-v01-alpha-alligned-left.png\",\"width\":3204,\"height\":889,\"caption\":\"CineSouk\"},\"image\":{\"@id\":\"https:\/\/www.cinesouk.ma\/#\/schema\/logo\/image\/\"}}]}<\/script>\n<!-- \/ Yoast SEO Premium plugin. -->","yoast_head_json":{"title":"Apple Thunderbolt2 cable 2,5m - CineSouk","description":"Rent the Apple Thunderbolt 2 Cable 2.5m at CINESOUK. High-speed, active cable for reliable data transfer and video output. Ideal for professional Mac setups.","robots":{"index":"index","follow":"follow","max-snippet":"max-snippet:-1","max-image-preview":"max-image-preview:large","max-video-preview":"max-video-preview:-1"},"canonical":"https:\/\/www.cinesouk.ma\/fr\/produit\/apple-thunderbolt2-cable-25m\/","og_locale":"fr_FR","og_type":"article","og_title":"Apple Thunderbolt2 cable 2,5m","og_description":"Rent the Apple Thunderbolt 2 Cable 2.5m at CINESOUK. High-speed, active cable for reliable data transfer and video output. Ideal for professional Mac setups.","og_url":"https:\/\/www.cinesouk.ma\/fr\/produit\/apple-thunderbolt2-cable-25m\/","og_site_name":"CineSouk","article_modified_time":"2026-02-05T15:53:21+00:00","og_image":[{"width":300,"height":238,"url":"https:\/\/www.cinesouk.ma\/wp-content\/uploads\/2025\/06\/Apple-Thunderbolt2-cable-25m_2.jpg","type":"image\/jpeg"}],"twitter_card":"summary_large_image","twitter_description":"Rent the Apple Thunderbolt 2 Cable 2.5m at CINESOUK. High-speed, active cable for reliable data transfer and video output. Ideal for professional Mac setups.","twitter_misc":{"Dur\u00e9e de lecture estim\u00e9e":"2 minutes"},"schema":{"@context":"https:\/\/schema.org","@graph":[{"@type":"WebPage","@id":"https:\/\/www.cinesouk.ma\/product\/apple-thunderbolt2-cable-25m\/","url":"https:\/\/www.cinesouk.ma\/product\/apple-thunderbolt2-cable-25m\/","name":"Apple Thunderbolt2 cable 2,5m - CineSouk","isPartOf":{"@id":"https:\/\/www.cinesouk.ma\/#website"},"primaryImageOfPage":{"@id":"https:\/\/www.cinesouk.ma\/product\/apple-thunderbolt2-cable-25m\/#primaryimage"},"image":{"@id":"https:\/\/www.cinesouk.ma\/product\/apple-thunderbolt2-cable-25m\/#primaryimage"},"thumbnailUrl":"https:\/\/www.cinesouk.ma\/wp-content\/uploads\/2025\/06\/Apple-Thunderbolt2-cable-25m_2.jpg","datePublished":"2025-06-04T15:41:17+00:00","dateModified":"2026-02-05T15:53:21+00:00","description":"Rent the Apple Thunderbolt 2 Cable 2.5m at CINESOUK. High-speed, active cable for reliable data transfer and video output. Ideal for professional Mac setups.","breadcrumb":{"@id":"https:\/\/www.cinesouk.ma\/product\/apple-thunderbolt2-cable-25m\/#breadcrumb"},"inLanguage":"fr-FR","potentialAction":[{"@type":"ReadAction","target":["https:\/\/www.cinesouk.ma\/product\/apple-thunderbolt2-cable-25m\/"]}]},{"@type":"ImageObject","inLanguage":"fr-FR","@id":"https:\/\/www.cinesouk.ma\/product\/apple-thunderbolt2-cable-25m\/#primaryimage","url":"https:\/\/www.cinesouk.ma\/wp-content\/uploads\/2025\/06\/Apple-Thunderbolt2-cable-25m_2.jpg","contentUrl":"https:\/\/www.cinesouk.ma\/wp-content\/uploads\/2025\/06\/Apple-Thunderbolt2-cable-25m_2.jpg","width":300,"height":238,"caption":"Apple Thunderbolt2 cable 2,5m_2"},{"@type":"BreadcrumbList","@id":"https:\/\/www.cinesouk.ma\/product\/apple-thunderbolt2-cable-25m\/#breadcrumb","itemListElement":[{"@type":"ListItem","position":1,"name":"Home","item":"https:\/\/www.cinesouk.ma\/"},{"@type":"ListItem","position":2,"name":"Shop","item":"https:\/\/www.cinesouk.ma\/shop\/"},{"@type":"ListItem","position":3,"name":"Apple Thunderbolt2 cable 2,5m"}]},{"@type":"WebSite","@id":"https:\/\/www.cinesouk.ma\/#website","url":"https:\/\/www.cinesouk.ma\/","name":"CineSouk","description":"","publisher":{"@id":"https:\/\/www.cinesouk.ma\/#organization"},"potentialAction":[{"@type":"SearchAction","target":{"@type":"EntryPoint","urlTemplate":"https:\/\/www.cinesouk.ma\/?s={search_term_string}"},"query-input":{"@type":"PropertyValueSpecification","valueRequired":true,"valueName":"search_term_string"}}],"inLanguage":"fr-FR"},{"@type":"Organization","@id":"https:\/\/www.cinesouk.ma\/#organization","name":"CineSouk","url":"https:\/\/www.cinesouk.ma\/","logo":{"@type":"ImageObject","inLanguage":"fr-FR","@id":"https:\/\/www.cinesouk.ma\/#\/schema\/logo\/image\/","url":"https:\/\/www.cinesouk.ma\/wp-content\/uploads\/2024\/01\/CineSouk-logo-v01-alpha-alligned-left.png","contentUrl":"https:\/\/www.cinesouk.ma\/wp-content\/uploads\/2024\/01\/CineSouk-logo-v01-alpha-alligned-left.png","width":3204,"height":889,"caption":"CineSouk"},"image":{"@id":"https:\/\/www.cinesouk.ma\/#\/schema\/logo\/image\/"}}]}},"_links":{"self":[{"href":"https:\/\/www.cinesouk.ma\/fr\/wp-json\/wp\/v2\/product\/13650","targetHints":{"allow":["GET"]}}],"collection":[{"href":"https:\/\/www.cinesouk.ma\/fr\/wp-json\/wp\/v2\/product"}],"about":[{"href":"https:\/\/www.cinesouk.ma\/fr\/wp-json\/wp\/v2\/types\/product"}],"wp:featuredmedia":[{"embeddable":true,"href":"https:\/\/www.cinesouk.ma\/fr\/wp-json\/wp\/v2\/media\/13661"}],"wp:attachment":[{"href":"https:\/\/www.cinesouk.ma\/fr\/wp-json\/wp\/v2\/media?parent=13650"}],"wp:term":[{"taxonomy":"product_brand","embeddable":true,"href":"https:\/\/www.cinesouk.ma\/fr\/wp-json\/wp\/v2\/product_brand?post=13650"},{"taxonomy":"product_cat","embeddable":true,"href":"https:\/\/www.cinesouk.ma\/fr\/wp-json\/wp\/v2\/product_cat?post=13650"},{"taxonomy":"product_tag","embeddable":true,"href":"https:\/\/www.cinesouk.ma\/fr\/wp-json\/wp\/v2\/product_tag?post=13650"}],"curies":[{"name":"wp","href":"https:\/\/api.w.org\/{rel}","templated":true}]}}