{"id":13697,"date":"2025-06-06T14:49:45","date_gmt":"2025-06-06T14:49:45","guid":{"rendered":"https:\/\/www.cinesouk.ma\/?post_type=product&#038;p=13697"},"modified":"2025-08-26T13:00:48","modified_gmt":"2025-08-26T13:00:48","slug":"ethernet-cable-rj45-3m","status":"publish","type":"product","link":"https:\/\/www.cinesouk.ma\/fr\/produit\/ethernet-cable-rj45-3m\/","title":{"rendered":"C\u00e2ble Ethernet RJ45 3m"},"content":{"rendered":"<p data-start=\"123\" data-end=\"374\">Le c\u00e2ble Ethernet RJ45 3m est une solution compacte et efficace pour des connexions r\u00e9seau stables et \u00e0 haut d\u00e9bit dans des installations proches. D'une longueur de 3 m\u00e8tres, il est parfait pour connecter des appareils dans un espace de travail, une station de production ou un environnement de bureau.<\/p>\n<p data-start=\"376\" data-end=\"592\">Prenant en charge des vitesses de donn\u00e9es de l'ordre du gigabit, ce c\u00e2ble garantit des performances rapides et fiables. Ses connecteurs RJ45 sont compatibles avec les c\u00e2bles Cat5, Cat5e, Cat6 et Cat7, ce qui en fait un choix polyvalent pour divers besoins de mise en r\u00e9seau.<\/p>\n<p data-start=\"594\" data-end=\"611\"><strong data-start=\"594\" data-end=\"611\">Caract\u00e9ristiques principales :<\/strong><\/p>\n<ul data-start=\"613\" data-end=\"1019\">\n<li data-start=\"613\" data-end=\"689\">\n<p data-start=\"615\" data-end=\"689\"><strong data-start=\"615\" data-end=\"634\">3 m\u00e8tres Longueur :<\/strong> Id\u00e9al pour les connexions \u00e0 courte distance et les installations bien rang\u00e9es<\/p>\n<\/li>\n<li data-start=\"690\" data-end=\"766\">\n<p data-start=\"692\" data-end=\"766\"><strong data-start=\"692\" data-end=\"715\">Transfert de donn\u00e9es rapide :<\/strong> Prise en charge des vitesses gigabit pour des performances sans faille<\/p>\n<\/li>\n<li data-start=\"767\" data-end=\"853\">\n<p data-start=\"769\" data-end=\"853\"><strong data-start=\"769\" data-end=\"799\">Connecteurs universels RJ45 :<\/strong> Fonctionne avec une large gamme d'appareils compatibles Ethernet<\/p>\n<\/li>\n<li data-start=\"854\" data-end=\"933\">\n<p data-start=\"856\" data-end=\"933\"><strong data-start=\"856\" data-end=\"884\">Compatibilit\u00e9 multi-chats :<\/strong> Prend en charge les normes Cat5, Cat5e, Cat6 et Cat7<\/p>\n<\/li>\n<li data-start=\"934\" data-end=\"1019\">\n<p data-start=\"936\" data-end=\"1019\"><strong data-start=\"936\" data-end=\"954\">Construction durable :<\/strong> Isolation et connecteurs solides pour une utilisation professionnelle quotidienne<\/p>\n<\/li>\n<\/ul>\n<p data-start=\"1021\" data-end=\"1040\"><strong data-start=\"1021\" data-end=\"1040\">Sp\u00e9cifications :<\/strong><\/p>\n<ul data-start=\"1042\" data-end=\"1261\">\n<li data-start=\"1042\" data-end=\"1075\">\n<p data-start=\"1044\" data-end=\"1075\"><strong data-start=\"1044\" data-end=\"1059\">Type de c\u00e2ble :<\/strong> Ethernet RJ45<\/p>\n<\/li>\n<li data-start=\"1076\" data-end=\"1100\">\n<p data-start=\"1078\" data-end=\"1100\"><strong data-start=\"1078\" data-end=\"1089\">Longueur :<\/strong> 3 m\u00e8tres<\/p>\n<\/li>\n<li data-start=\"1101\" data-end=\"1137\">\n<p data-start=\"1103\" data-end=\"1137\"><strong data-start=\"1103\" data-end=\"1117\">Connecteur :<\/strong> RJ45 m\u00e2le-m\u00e2le<\/p>\n<\/li>\n<li data-start=\"1138\" data-end=\"1180\">\n<p data-start=\"1140\" data-end=\"1180\"><strong data-start=\"1140\" data-end=\"1158\">Compatibilit\u00e9 :<\/strong> C\u00e2bles Cat5 \u00e0 Cat7<\/p>\n<\/li>\n<li data-start=\"1181\" data-end=\"1261\">\n<p data-start=\"1183\" data-end=\"1261\"><strong data-start=\"1183\" data-end=\"1196\">Cas d'utilisation :<\/strong> Mise en r\u00e9seau pour les postes de travail, les petites installations ou les bureaux de production<\/p>\n<\/li>\n<\/ul>\n<p data-start=\"1263\" data-end=\"1354\">Louez le c\u00e2ble Ethernet RJ45 3m \u00e0 <strong data-start=\"1298\" data-end=\"1310\">CINESOUK<\/strong> - une marque de <strong data-start=\"1324\" data-end=\"1353\">BROADWAY PRODUCTIONS SARL<\/strong>.<\/p>","protected":false},"excerpt":{"rendered":"<h3 class=\"\" data-start=\"1198\" data-end=\"1221\"><strong data-start=\"1202\" data-end=\"1221\">Sp\u00e9cifications :<\/strong><\/h3>\n<ul>\n<li data-start=\"1042\" data-end=\"1075\">\n<p data-start=\"1044\" data-end=\"1075\"><strong data-start=\"1044\" data-end=\"1059\">Type de c\u00e2ble :<\/strong> Ethernet RJ45<\/p>\n<\/li>\n<li data-start=\"1076\" data-end=\"1100\">\n<p data-start=\"1078\" data-end=\"1100\"><strong data-start=\"1078\" data-end=\"1089\">Longueur :<\/strong> 3 m\u00e8tres<\/p>\n<\/li>\n<li data-start=\"1101\" data-end=\"1137\">\n<p data-start=\"1103\" data-end=\"1137\"><strong data-start=\"1103\" data-end=\"1117\">Connecteur :<\/strong> RJ45 m\u00e2le-m\u00e2le<\/p>\n<\/li>\n<li data-start=\"1138\" data-end=\"1180\">\n<p data-start=\"1140\" data-end=\"1180\"><strong data-start=\"1140\" data-end=\"1158\">Compatibilit\u00e9 :<\/strong> C\u00e2bles Cat5 \u00e0 Cat7<\/p>\n<\/li>\n<li data-start=\"1181\" data-end=\"1261\">\n<p data-start=\"1183\" data-end=\"1261\"><strong data-start=\"1183\" data-end=\"1196\">Cas d'utilisation :<\/strong> Mise en r\u00e9seau pour les postes de travail, les petites installations ou les bureaux de production<\/p>\n<\/li>\n<\/ul>","protected":false},"featured_media":13772,"template":"","meta":{"om_disable_all_campaigns":false,"_monsterinsights_skip_tracking":false,"_monsterinsights_sitenote_active":false,"_monsterinsights_sitenote_note":"","_monsterinsights_sitenote_category":0,"_uf_show_specific_survey":0,"_uf_disable_surveys":false},"product_brand":[],"product_cat":[37,120,55,83],"product_tag":[],"class_list":{"0":"post-13697","1":"product","2":"type-product","3":"status-publish","4":"has-post-thumbnail","6":"product_cat-accessories-cinesouk","7":"product_cat-cables-eventsouk","8":"product_cat-cables-cinesouk","9":"product_cat-efp-eng-cinesouk","11":"entry","12":"has-media","14":"first","15":"instock","16":"taxable","17":"shipping-taxable","18":"purchasable","19":"product-type-variable","20":"has-product-nav","21":"col","22":"span_1_of_3","23":"owp-content-center","24":"owp-thumbs-layout-horizontal","25":"owp-btn-normal","26":"owp-tabs-layout-horizontal","27":"has-no-thumbnails"},"yoast_head":"<!-- This site is optimized with the Yoast SEO Premium plugin v26.0 (Yoast SEO v26.0) - https:\/\/yoast.com\/wordpress\/plugins\/seo\/ -->\n<title>Ethernet Cable RJ45 3m - CineSouk - Marrakech l Morocco - For rent<\/title>\n<meta name=\"description\" content=\"Rent the Ethernet Cable RJ45 3m at CINESOUK. Compact 3m RJ45 cable for fast, stable network connections. Ideal for production desks and office setups.\" \/>\n<meta name=\"robots\" content=\"index, follow, max-snippet:-1, max-image-preview:large, max-video-preview:-1\" \/>\n<link rel=\"canonical\" href=\"https:\/\/www.cinesouk.ma\/fr\/produit\/ethernet-cable-rj45-3m\/\" \/>\n<meta property=\"og:locale\" content=\"fr_FR\" \/>\n<meta property=\"og:type\" content=\"article\" \/>\n<meta property=\"og:title\" content=\"Ethernet Cable RJ45 3m\" \/>\n<meta property=\"og:description\" content=\"Rent the Ethernet Cable RJ45 3m at CINESOUK. Compact 3m RJ45 cable for fast, stable network connections. Ideal for production desks and office setups.\" \/>\n<meta property=\"og:url\" content=\"https:\/\/www.cinesouk.ma\/fr\/produit\/ethernet-cable-rj45-3m\/\" \/>\n<meta property=\"og:site_name\" content=\"CineSouk\" \/>\n<meta property=\"article:modified_time\" content=\"2025-08-26T13:00:48+00:00\" \/>\n<meta property=\"og:image\" content=\"https:\/\/www.cinesouk.ma\/wp-content\/uploads\/2025\/06\/Ethernet-Cable-RJ45.jpg\" \/>\n\t<meta property=\"og:image:width\" content=\"300\" \/>\n\t<meta property=\"og:image:height\" content=\"238\" \/>\n\t<meta property=\"og:image:type\" content=\"image\/jpeg\" \/>\n<meta name=\"twitter:card\" content=\"summary_large_image\" \/>\n<meta name=\"twitter:description\" content=\"Rent the Ethernet Cable RJ45 3m at CINESOUK. Compact 3m RJ45 cable for fast, stable network connections. Ideal for production desks and office setups.\" \/>\n<meta name=\"twitter:label1\" content=\"Dur\u00e9e de lecture estim\u00e9e\" \/>\n\t<meta name=\"twitter:data1\" content=\"1 minute\" \/>\n<script type=\"application\/ld+json\" class=\"yoast-schema-graph\">{\"@context\":\"https:\/\/schema.org\",\"@graph\":[{\"@type\":\"WebPage\",\"@id\":\"https:\/\/www.cinesouk.ma\/product\/ethernet-cable-rj45-3m\/\",\"url\":\"https:\/\/www.cinesouk.ma\/product\/ethernet-cable-rj45-3m\/\",\"name\":\"Ethernet Cable RJ45 3m - CineSouk - Marrakech l Morocco - For rent\",\"isPartOf\":{\"@id\":\"https:\/\/www.cinesouk.ma\/#website\"},\"primaryImageOfPage\":{\"@id\":\"https:\/\/www.cinesouk.ma\/product\/ethernet-cable-rj45-3m\/#primaryimage\"},\"image\":{\"@id\":\"https:\/\/www.cinesouk.ma\/product\/ethernet-cable-rj45-3m\/#primaryimage\"},\"thumbnailUrl\":\"https:\/\/www.cinesouk.ma\/wp-content\/uploads\/2025\/06\/Ethernet-Cable-RJ45.jpg\",\"datePublished\":\"2025-06-06T14:49:45+00:00\",\"dateModified\":\"2025-08-26T13:00:48+00:00\",\"description\":\"Rent the Ethernet Cable RJ45 3m at CINESOUK. Compact 3m RJ45 cable for fast, stable network connections. Ideal for production desks and office setups.\",\"breadcrumb\":{\"@id\":\"https:\/\/www.cinesouk.ma\/product\/ethernet-cable-rj45-3m\/#breadcrumb\"},\"inLanguage\":\"fr-FR\",\"potentialAction\":[{\"@type\":\"ReadAction\",\"target\":[\"https:\/\/www.cinesouk.ma\/product\/ethernet-cable-rj45-3m\/\"]}]},{\"@type\":\"ImageObject\",\"inLanguage\":\"fr-FR\",\"@id\":\"https:\/\/www.cinesouk.ma\/product\/ethernet-cable-rj45-3m\/#primaryimage\",\"url\":\"https:\/\/www.cinesouk.ma\/wp-content\/uploads\/2025\/06\/Ethernet-Cable-RJ45.jpg\",\"contentUrl\":\"https:\/\/www.cinesouk.ma\/wp-content\/uploads\/2025\/06\/Ethernet-Cable-RJ45.jpg\",\"width\":300,\"height\":238},{\"@type\":\"BreadcrumbList\",\"@id\":\"https:\/\/www.cinesouk.ma\/product\/ethernet-cable-rj45-3m\/#breadcrumb\",\"itemListElement\":[{\"@type\":\"ListItem\",\"position\":1,\"name\":\"Home\",\"item\":\"https:\/\/www.cinesouk.ma\/\"},{\"@type\":\"ListItem\",\"position\":2,\"name\":\"Shop\",\"item\":\"https:\/\/www.cinesouk.ma\/shop\/\"},{\"@type\":\"ListItem\",\"position\":3,\"name\":\"Ethernet Cable RJ45 3m\"}]},{\"@type\":\"WebSite\",\"@id\":\"https:\/\/www.cinesouk.ma\/#website\",\"url\":\"https:\/\/www.cinesouk.ma\/\",\"name\":\"CineSouk\",\"description\":\"\",\"publisher\":{\"@id\":\"https:\/\/www.cinesouk.ma\/#organization\"},\"potentialAction\":[{\"@type\":\"SearchAction\",\"target\":{\"@type\":\"EntryPoint\",\"urlTemplate\":\"https:\/\/www.cinesouk.ma\/?s={search_term_string}\"},\"query-input\":{\"@type\":\"PropertyValueSpecification\",\"valueRequired\":true,\"valueName\":\"search_term_string\"}}],\"inLanguage\":\"fr-FR\"},{\"@type\":\"Organization\",\"@id\":\"https:\/\/www.cinesouk.ma\/#organization\",\"name\":\"CineSouk\",\"url\":\"https:\/\/www.cinesouk.ma\/\",\"logo\":{\"@type\":\"ImageObject\",\"inLanguage\":\"fr-FR\",\"@id\":\"https:\/\/www.cinesouk.ma\/#\/schema\/logo\/image\/\",\"url\":\"https:\/\/www.cinesouk.ma\/wp-content\/uploads\/2024\/01\/CineSouk-logo-v01-alpha-alligned-left.png\",\"contentUrl\":\"https:\/\/www.cinesouk.ma\/wp-content\/uploads\/2024\/01\/CineSouk-logo-v01-alpha-alligned-left.png\",\"width\":3204,\"height\":889,\"caption\":\"CineSouk\"},\"image\":{\"@id\":\"https:\/\/www.cinesouk.ma\/#\/schema\/logo\/image\/\"}}]}<\/script>\n<!-- \/ Yoast SEO Premium plugin. -->","yoast_head_json":{"title":"Ethernet Cable RJ45 3m - CineSouk - Marrakech l Morocco - For rent","description":"Rent the Ethernet Cable RJ45 3m at CINESOUK. Compact 3m RJ45 cable for fast, stable network connections. Ideal for production desks and office setups.","robots":{"index":"index","follow":"follow","max-snippet":"max-snippet:-1","max-image-preview":"max-image-preview:large","max-video-preview":"max-video-preview:-1"},"canonical":"https:\/\/www.cinesouk.ma\/fr\/produit\/ethernet-cable-rj45-3m\/","og_locale":"fr_FR","og_type":"article","og_title":"Ethernet Cable RJ45 3m","og_description":"Rent the Ethernet Cable RJ45 3m at CINESOUK. Compact 3m RJ45 cable for fast, stable network connections. Ideal for production desks and office setups.","og_url":"https:\/\/www.cinesouk.ma\/fr\/produit\/ethernet-cable-rj45-3m\/","og_site_name":"CineSouk","article_modified_time":"2025-08-26T13:00:48+00:00","og_image":[{"width":300,"height":238,"url":"https:\/\/www.cinesouk.ma\/wp-content\/uploads\/2025\/06\/Ethernet-Cable-RJ45.jpg","type":"image\/jpeg"}],"twitter_card":"summary_large_image","twitter_description":"Rent the Ethernet Cable RJ45 3m at CINESOUK. Compact 3m RJ45 cable for fast, stable network connections. Ideal for production desks and office setups.","twitter_misc":{"Dur\u00e9e de lecture estim\u00e9e":"1 minute"},"schema":{"@context":"https:\/\/schema.org","@graph":[{"@type":"WebPage","@id":"https:\/\/www.cinesouk.ma\/product\/ethernet-cable-rj45-3m\/","url":"https:\/\/www.cinesouk.ma\/product\/ethernet-cable-rj45-3m\/","name":"Ethernet Cable RJ45 3m - CineSouk - Marrakech l Morocco - For rent","isPartOf":{"@id":"https:\/\/www.cinesouk.ma\/#website"},"primaryImageOfPage":{"@id":"https:\/\/www.cinesouk.ma\/product\/ethernet-cable-rj45-3m\/#primaryimage"},"image":{"@id":"https:\/\/www.cinesouk.ma\/product\/ethernet-cable-rj45-3m\/#primaryimage"},"thumbnailUrl":"https:\/\/www.cinesouk.ma\/wp-content\/uploads\/2025\/06\/Ethernet-Cable-RJ45.jpg","datePublished":"2025-06-06T14:49:45+00:00","dateModified":"2025-08-26T13:00:48+00:00","description":"Rent the Ethernet Cable RJ45 3m at CINESOUK. Compact 3m RJ45 cable for fast, stable network connections. Ideal for production desks and office setups.","breadcrumb":{"@id":"https:\/\/www.cinesouk.ma\/product\/ethernet-cable-rj45-3m\/#breadcrumb"},"inLanguage":"fr-FR","potentialAction":[{"@type":"ReadAction","target":["https:\/\/www.cinesouk.ma\/product\/ethernet-cable-rj45-3m\/"]}]},{"@type":"ImageObject","inLanguage":"fr-FR","@id":"https:\/\/www.cinesouk.ma\/product\/ethernet-cable-rj45-3m\/#primaryimage","url":"https:\/\/www.cinesouk.ma\/wp-content\/uploads\/2025\/06\/Ethernet-Cable-RJ45.jpg","contentUrl":"https:\/\/www.cinesouk.ma\/wp-content\/uploads\/2025\/06\/Ethernet-Cable-RJ45.jpg","width":300,"height":238},{"@type":"BreadcrumbList","@id":"https:\/\/www.cinesouk.ma\/product\/ethernet-cable-rj45-3m\/#breadcrumb","itemListElement":[{"@type":"ListItem","position":1,"name":"Home","item":"https:\/\/www.cinesouk.ma\/"},{"@type":"ListItem","position":2,"name":"Shop","item":"https:\/\/www.cinesouk.ma\/shop\/"},{"@type":"ListItem","position":3,"name":"Ethernet Cable RJ45 3m"}]},{"@type":"WebSite","@id":"https:\/\/www.cinesouk.ma\/#website","url":"https:\/\/www.cinesouk.ma\/","name":"CineSouk","description":"","publisher":{"@id":"https:\/\/www.cinesouk.ma\/#organization"},"potentialAction":[{"@type":"SearchAction","target":{"@type":"EntryPoint","urlTemplate":"https:\/\/www.cinesouk.ma\/?s={search_term_string}"},"query-input":{"@type":"PropertyValueSpecification","valueRequired":true,"valueName":"search_term_string"}}],"inLanguage":"fr-FR"},{"@type":"Organization","@id":"https:\/\/www.cinesouk.ma\/#organization","name":"CineSouk","url":"https:\/\/www.cinesouk.ma\/","logo":{"@type":"ImageObject","inLanguage":"fr-FR","@id":"https:\/\/www.cinesouk.ma\/#\/schema\/logo\/image\/","url":"https:\/\/www.cinesouk.ma\/wp-content\/uploads\/2024\/01\/CineSouk-logo-v01-alpha-alligned-left.png","contentUrl":"https:\/\/www.cinesouk.ma\/wp-content\/uploads\/2024\/01\/CineSouk-logo-v01-alpha-alligned-left.png","width":3204,"height":889,"caption":"CineSouk"},"image":{"@id":"https:\/\/www.cinesouk.ma\/#\/schema\/logo\/image\/"}}]}},"_links":{"self":[{"href":"https:\/\/www.cinesouk.ma\/fr\/wp-json\/wp\/v2\/product\/13697","targetHints":{"allow":["GET"]}}],"collection":[{"href":"https:\/\/www.cinesouk.ma\/fr\/wp-json\/wp\/v2\/product"}],"about":[{"href":"https:\/\/www.cinesouk.ma\/fr\/wp-json\/wp\/v2\/types\/product"}],"wp:featuredmedia":[{"embeddable":true,"href":"https:\/\/www.cinesouk.ma\/fr\/wp-json\/wp\/v2\/media\/13772"}],"wp:attachment":[{"href":"https:\/\/www.cinesouk.ma\/fr\/wp-json\/wp\/v2\/media?parent=13697"}],"wp:term":[{"taxonomy":"product_brand","embeddable":true,"href":"https:\/\/www.cinesouk.ma\/fr\/wp-json\/wp\/v2\/product_brand?post=13697"},{"taxonomy":"product_cat","embeddable":true,"href":"https:\/\/www.cinesouk.ma\/fr\/wp-json\/wp\/v2\/product_cat?post=13697"},{"taxonomy":"product_tag","embeddable":true,"href":"https:\/\/www.cinesouk.ma\/fr\/wp-json\/wp\/v2\/product_tag?post=13697"}],"curies":[{"name":"wp","href":"https:\/\/api.w.org\/{rel}","templated":true}]}}