{"id":13710,"date":"2025-06-06T15:31:46","date_gmt":"2025-06-06T15:31:46","guid":{"rendered":"https:\/\/www.cinesouk.ma\/?post_type=product&#038;p=13710"},"modified":"2025-08-18T08:28:11","modified_gmt":"2025-08-18T08:28:11","slug":"delock-thunderbolt-3-cable-1m-2","status":"publish","type":"product","link":"https:\/\/www.cinesouk.ma\/fr\/produit\/delock-thunderbolt-3-cable-1m-2\/","title":{"rendered":"C\u00e2ble Delock Thunderbolt 3 1m"},"content":{"rendered":"<p data-start=\"137\" data-end=\"441\">Le c\u00e2ble Delock Thunderbolt 3 1m est un c\u00e2ble passif haute performance con\u00e7u pour le transfert rapide de donn\u00e9es, la sortie vid\u00e9o et la recharge entre les appareils compatibles Thunderbolt 3. D'une longueur de 1 m\u00e8tre, il offre une grande flexibilit\u00e9 pour connecter des appareils dans diverses configurations sans compromettre la vitesse ou la fiabilit\u00e9.<\/p>\n<p data-start=\"443\" data-end=\"655\">Ce c\u00e2ble prend en charge la technologie Thunderbolt 3, offrant des taux de transfert de donn\u00e9es allant jusqu'\u00e0 20 Gbps. Il est id\u00e9al pour connecter des appareils compatibles Thunderbolt 3 tels que des disques durs externes, des stations d'accueil et des \u00e9crans.<\/p>\n<p data-start=\"657\" data-end=\"674\"><strong data-start=\"657\" data-end=\"674\">Caract\u00e9ristiques principales :<\/strong><\/p>\n<ul data-start=\"676\" data-end=\"1023\">\n<li data-start=\"676\" data-end=\"768\">\n<p data-start=\"678\" data-end=\"768\"><strong data-start=\"678\" data-end=\"707\">Transfert de donn\u00e9es \u00e0 grande vitesse :<\/strong> Prend en charge jusqu'\u00e0 20 Gbps pour une circulation rapide et efficace des donn\u00e9es.<\/p>\n<\/li>\n<li data-start=\"769\" data-end=\"832\">\n<p data-start=\"771\" data-end=\"832\"><strong data-start=\"771\" data-end=\"790\">1 m\u00e8tre Longueur :<\/strong> Permet une flexibilit\u00e9 dans l'emplacement des appareils.<\/p>\n<\/li>\n<li data-start=\"833\" data-end=\"919\">\n<p data-start=\"835\" data-end=\"919\"><strong data-start=\"835\" data-end=\"853\">Compatibilit\u00e9 :<\/strong> Fonctionne avec les appareils Thunderbolt 3 ; r\u00e9trocompatible avec l'USB-C.<\/p>\n<\/li>\n<li data-start=\"920\" data-end=\"1023\">\n<p data-start=\"922\" data-end=\"1023\"><strong data-start=\"922\" data-end=\"940\">Utilisation polyvalente :<\/strong> Id\u00e9al pour le montage vid\u00e9o, la sauvegarde de donn\u00e9es et la connexion de p\u00e9riph\u00e9riques haute performance.<\/p>\n<\/li>\n<\/ul>\n<p data-start=\"1025\" data-end=\"1044\"><strong data-start=\"1025\" data-end=\"1044\">Sp\u00e9cifications :<\/strong><\/p>\n<ul data-start=\"1046\" data-end=\"1207\">\n<li data-start=\"1046\" data-end=\"1092\">\n<p data-start=\"1048\" data-end=\"1092\"><strong data-start=\"1048\" data-end=\"1067\">Type de connecteur :<\/strong> USB-C m\u00e2le vers USB-C m\u00e2le<\/p>\n<\/li>\n<li data-start=\"1093\" data-end=\"1114\">\n<p data-start=\"1095\" data-end=\"1114\"><strong data-start=\"1095\" data-end=\"1106\">Longueur :<\/strong> 1 m\u00e8tre<\/p>\n<\/li>\n<li data-start=\"1115\" data-end=\"1154\">\n<p data-start=\"1117\" data-end=\"1154\"><strong data-start=\"1117\" data-end=\"1140\">Taux de transfert de donn\u00e9es :<\/strong> Jusqu'\u00e0 20 Gbps<\/p>\n<\/li>\n<li data-start=\"1155\" data-end=\"1207\">\n<p data-start=\"1157\" data-end=\"1207\"><strong data-start=\"1157\" data-end=\"1175\">Compatibilit\u00e9 :<\/strong> Appareils Thunderbolt 3 et USB-C<\/p>\n<\/li>\n<\/ul>\n<p>Que vous travailliez avec des vid\u00e9os haute r\u00e9solution, transf\u00e9riez des fichiers volumineux ou mettiez vos appareils sous tension, le c\u00e2ble Delock Thunderbolt 3 1m offre la vitesse et la fiabilit\u00e9 n\u00e9cessaires aux environnements professionnels.<\/p>\n<p data-start=\"1209\" data-end=\"1307\">Louez le c\u00e2ble Delock Thunderbolt 3 1m \u00e0 <strong data-start=\"1251\" data-end=\"1263\">CINESOUK<\/strong> - une marque de <strong data-start=\"1277\" data-end=\"1306\">BROADWAY PRODUCTIONS SARL<\/strong>.<\/p>","protected":false},"excerpt":{"rendered":"<h3 class=\"\" data-start=\"1198\" data-end=\"1221\"><strong data-start=\"1202\" data-end=\"1221\">Sp\u00e9cifications :<\/strong><\/h3>\n<ul>\n<li data-start=\"1046\" data-end=\"1092\">\n<p data-start=\"1048\" data-end=\"1092\"><strong data-start=\"1048\" data-end=\"1067\">Type de connecteur :<\/strong> USB-C m\u00e2le vers USB-C m\u00e2le<\/p>\n<\/li>\n<li data-start=\"1093\" data-end=\"1114\">\n<p data-start=\"1095\" data-end=\"1114\"><strong data-start=\"1095\" data-end=\"1106\">Longueur :<\/strong> 1 m\u00e8tre<\/p>\n<\/li>\n<li data-start=\"1115\" data-end=\"1154\">\n<p data-start=\"1117\" data-end=\"1154\"><strong data-start=\"1117\" data-end=\"1140\">Taux de transfert de donn\u00e9es :<\/strong> Jusqu'\u00e0 20 Gbps<\/p>\n<\/li>\n<li data-start=\"1155\" data-end=\"1207\">\n<p data-start=\"1157\" data-end=\"1207\"><strong data-start=\"1157\" data-end=\"1175\">Compatibilit\u00e9 :<\/strong> Appareils Thunderbolt 3 et USB-C<\/p>\n<\/li>\n<\/ul>","protected":false},"featured_media":13721,"template":"","meta":{"om_disable_all_campaigns":false,"_monsterinsights_skip_tracking":false,"_monsterinsights_sitenote_active":false,"_monsterinsights_sitenote_note":"","_monsterinsights_sitenote_category":0,"_uf_show_specific_survey":0,"_uf_disable_surveys":false},"product_brand":[],"product_cat":[55],"product_tag":[],"class_list":{"0":"post-13710","1":"product","2":"type-product","3":"status-publish","4":"has-post-thumbnail","6":"product_cat-cables-cinesouk","8":"entry","9":"has-media","11":"first","12":"instock","13":"taxable","14":"shipping-taxable","15":"purchasable","16":"product-type-variable","17":"has-product-nav","18":"col","19":"span_1_of_3","20":"owp-content-center","21":"owp-thumbs-layout-horizontal","22":"owp-btn-normal","23":"owp-tabs-layout-horizontal","24":"has-no-thumbnails"},"yoast_head":"<!-- This site is optimized with the Yoast SEO Premium plugin v26.0 (Yoast SEO v26.0) - https:\/\/yoast.com\/wordpress\/plugins\/seo\/ -->\n<title>Delock Thunderbolt 3 Cable 1m - CineSouk - Marrakech l Morocco<\/title>\n<meta name=\"description\" content=\"Rent the Delock Thunderbolt 3 Cable 1m at CINESOUK. High-speed 1m Thunderbolt 3 cable for reliable data transfer and video output. Ideal for professional setups.\" \/>\n<meta name=\"robots\" content=\"index, follow, max-snippet:-1, max-image-preview:large, max-video-preview:-1\" \/>\n<link rel=\"canonical\" href=\"https:\/\/www.cinesouk.ma\/fr\/produit\/delock-thunderbolt-3-cable-1m-2\/\" \/>\n<meta property=\"og:locale\" content=\"fr_FR\" \/>\n<meta property=\"og:type\" content=\"article\" \/>\n<meta property=\"og:title\" content=\"Delock Thunderbolt 3 Cable 1m\" \/>\n<meta property=\"og:description\" content=\"Rent the Delock Thunderbolt 3 Cable 1m at CINESOUK. High-speed 1m Thunderbolt 3 cable for reliable data transfer and video output. Ideal for professional setups.\" \/>\n<meta property=\"og:url\" content=\"https:\/\/www.cinesouk.ma\/fr\/produit\/delock-thunderbolt-3-cable-1m-2\/\" \/>\n<meta property=\"og:site_name\" content=\"CineSouk\" \/>\n<meta property=\"article:modified_time\" content=\"2025-08-18T08:28:11+00:00\" \/>\n<meta property=\"og:image\" content=\"https:\/\/www.cinesouk.ma\/wp-content\/uploads\/2025\/06\/Delock-Thunderbolt-3-Cable-1m.jpg\" \/>\n\t<meta property=\"og:image:width\" content=\"300\" \/>\n\t<meta property=\"og:image:height\" content=\"238\" \/>\n\t<meta property=\"og:image:type\" content=\"image\/jpeg\" \/>\n<meta name=\"twitter:card\" content=\"summary_large_image\" \/>\n<meta name=\"twitter:description\" content=\"Rent the Delock Thunderbolt 3 Cable 1m at CINESOUK. High-speed 1m Thunderbolt 3 cable for reliable data transfer and video output. Ideal for professional setups.\" \/>\n<meta name=\"twitter:label1\" content=\"Dur\u00e9e de lecture estim\u00e9e\" \/>\n\t<meta name=\"twitter:data1\" content=\"2 minutes\" \/>\n<script type=\"application\/ld+json\" class=\"yoast-schema-graph\">{\"@context\":\"https:\/\/schema.org\",\"@graph\":[{\"@type\":\"WebPage\",\"@id\":\"https:\/\/www.cinesouk.ma\/product\/delock-thunderbolt-3-cable-1m-2\/\",\"url\":\"https:\/\/www.cinesouk.ma\/product\/delock-thunderbolt-3-cable-1m-2\/\",\"name\":\"Delock Thunderbolt 3 Cable 1m - CineSouk - Marrakech l Morocco\",\"isPartOf\":{\"@id\":\"https:\/\/www.cinesouk.ma\/#website\"},\"primaryImageOfPage\":{\"@id\":\"https:\/\/www.cinesouk.ma\/product\/delock-thunderbolt-3-cable-1m-2\/#primaryimage\"},\"image\":{\"@id\":\"https:\/\/www.cinesouk.ma\/product\/delock-thunderbolt-3-cable-1m-2\/#primaryimage\"},\"thumbnailUrl\":\"https:\/\/www.cinesouk.ma\/wp-content\/uploads\/2025\/06\/Delock-Thunderbolt-3-Cable-1m.jpg\",\"datePublished\":\"2025-06-06T15:31:46+00:00\",\"dateModified\":\"2025-08-18T08:28:11+00:00\",\"description\":\"Rent the Delock Thunderbolt 3 Cable 1m at CINESOUK. High-speed 1m Thunderbolt 3 cable for reliable data transfer and video output. Ideal for professional setups.\",\"breadcrumb\":{\"@id\":\"https:\/\/www.cinesouk.ma\/product\/delock-thunderbolt-3-cable-1m-2\/#breadcrumb\"},\"inLanguage\":\"fr-FR\",\"potentialAction\":[{\"@type\":\"ReadAction\",\"target\":[\"https:\/\/www.cinesouk.ma\/product\/delock-thunderbolt-3-cable-1m-2\/\"]}]},{\"@type\":\"ImageObject\",\"inLanguage\":\"fr-FR\",\"@id\":\"https:\/\/www.cinesouk.ma\/product\/delock-thunderbolt-3-cable-1m-2\/#primaryimage\",\"url\":\"https:\/\/www.cinesouk.ma\/wp-content\/uploads\/2025\/06\/Delock-Thunderbolt-3-Cable-1m.jpg\",\"contentUrl\":\"https:\/\/www.cinesouk.ma\/wp-content\/uploads\/2025\/06\/Delock-Thunderbolt-3-Cable-1m.jpg\",\"width\":300,\"height\":238,\"caption\":\"Delock Thunderbolt 3 Cable 1m\"},{\"@type\":\"BreadcrumbList\",\"@id\":\"https:\/\/www.cinesouk.ma\/product\/delock-thunderbolt-3-cable-1m-2\/#breadcrumb\",\"itemListElement\":[{\"@type\":\"ListItem\",\"position\":1,\"name\":\"Home\",\"item\":\"https:\/\/www.cinesouk.ma\/\"},{\"@type\":\"ListItem\",\"position\":2,\"name\":\"Shop\",\"item\":\"https:\/\/www.cinesouk.ma\/shop\/\"},{\"@type\":\"ListItem\",\"position\":3,\"name\":\"Delock Thunderbolt 3 Cable 1m\"}]},{\"@type\":\"WebSite\",\"@id\":\"https:\/\/www.cinesouk.ma\/#website\",\"url\":\"https:\/\/www.cinesouk.ma\/\",\"name\":\"CineSouk\",\"description\":\"\",\"publisher\":{\"@id\":\"https:\/\/www.cinesouk.ma\/#organization\"},\"potentialAction\":[{\"@type\":\"SearchAction\",\"target\":{\"@type\":\"EntryPoint\",\"urlTemplate\":\"https:\/\/www.cinesouk.ma\/?s={search_term_string}\"},\"query-input\":{\"@type\":\"PropertyValueSpecification\",\"valueRequired\":true,\"valueName\":\"search_term_string\"}}],\"inLanguage\":\"fr-FR\"},{\"@type\":\"Organization\",\"@id\":\"https:\/\/www.cinesouk.ma\/#organization\",\"name\":\"CineSouk\",\"url\":\"https:\/\/www.cinesouk.ma\/\",\"logo\":{\"@type\":\"ImageObject\",\"inLanguage\":\"fr-FR\",\"@id\":\"https:\/\/www.cinesouk.ma\/#\/schema\/logo\/image\/\",\"url\":\"https:\/\/www.cinesouk.ma\/wp-content\/uploads\/2024\/01\/CineSouk-logo-v01-alpha-alligned-left.png\",\"contentUrl\":\"https:\/\/www.cinesouk.ma\/wp-content\/uploads\/2024\/01\/CineSouk-logo-v01-alpha-alligned-left.png\",\"width\":3204,\"height\":889,\"caption\":\"CineSouk\"},\"image\":{\"@id\":\"https:\/\/www.cinesouk.ma\/#\/schema\/logo\/image\/\"}}]}<\/script>\n<!-- \/ Yoast SEO Premium plugin. -->","yoast_head_json":{"title":"Delock Thunderbolt 3 Cable 1m - CineSouk - Marrakech l Morocco","description":"Rent the Delock Thunderbolt 3 Cable 1m at CINESOUK. High-speed 1m Thunderbolt 3 cable for reliable data transfer and video output. Ideal for professional setups.","robots":{"index":"index","follow":"follow","max-snippet":"max-snippet:-1","max-image-preview":"max-image-preview:large","max-video-preview":"max-video-preview:-1"},"canonical":"https:\/\/www.cinesouk.ma\/fr\/produit\/delock-thunderbolt-3-cable-1m-2\/","og_locale":"fr_FR","og_type":"article","og_title":"Delock Thunderbolt 3 Cable 1m","og_description":"Rent the Delock Thunderbolt 3 Cable 1m at CINESOUK. High-speed 1m Thunderbolt 3 cable for reliable data transfer and video output. Ideal for professional setups.","og_url":"https:\/\/www.cinesouk.ma\/fr\/produit\/delock-thunderbolt-3-cable-1m-2\/","og_site_name":"CineSouk","article_modified_time":"2025-08-18T08:28:11+00:00","og_image":[{"width":300,"height":238,"url":"https:\/\/www.cinesouk.ma\/wp-content\/uploads\/2025\/06\/Delock-Thunderbolt-3-Cable-1m.jpg","type":"image\/jpeg"}],"twitter_card":"summary_large_image","twitter_description":"Rent the Delock Thunderbolt 3 Cable 1m at CINESOUK. High-speed 1m Thunderbolt 3 cable for reliable data transfer and video output. Ideal for professional setups.","twitter_misc":{"Dur\u00e9e de lecture estim\u00e9e":"2 minutes"},"schema":{"@context":"https:\/\/schema.org","@graph":[{"@type":"WebPage","@id":"https:\/\/www.cinesouk.ma\/product\/delock-thunderbolt-3-cable-1m-2\/","url":"https:\/\/www.cinesouk.ma\/product\/delock-thunderbolt-3-cable-1m-2\/","name":"Delock Thunderbolt 3 Cable 1m - CineSouk - Marrakech l Morocco","isPartOf":{"@id":"https:\/\/www.cinesouk.ma\/#website"},"primaryImageOfPage":{"@id":"https:\/\/www.cinesouk.ma\/product\/delock-thunderbolt-3-cable-1m-2\/#primaryimage"},"image":{"@id":"https:\/\/www.cinesouk.ma\/product\/delock-thunderbolt-3-cable-1m-2\/#primaryimage"},"thumbnailUrl":"https:\/\/www.cinesouk.ma\/wp-content\/uploads\/2025\/06\/Delock-Thunderbolt-3-Cable-1m.jpg","datePublished":"2025-06-06T15:31:46+00:00","dateModified":"2025-08-18T08:28:11+00:00","description":"Rent the Delock Thunderbolt 3 Cable 1m at CINESOUK. High-speed 1m Thunderbolt 3 cable for reliable data transfer and video output. Ideal for professional setups.","breadcrumb":{"@id":"https:\/\/www.cinesouk.ma\/product\/delock-thunderbolt-3-cable-1m-2\/#breadcrumb"},"inLanguage":"fr-FR","potentialAction":[{"@type":"ReadAction","target":["https:\/\/www.cinesouk.ma\/product\/delock-thunderbolt-3-cable-1m-2\/"]}]},{"@type":"ImageObject","inLanguage":"fr-FR","@id":"https:\/\/www.cinesouk.ma\/product\/delock-thunderbolt-3-cable-1m-2\/#primaryimage","url":"https:\/\/www.cinesouk.ma\/wp-content\/uploads\/2025\/06\/Delock-Thunderbolt-3-Cable-1m.jpg","contentUrl":"https:\/\/www.cinesouk.ma\/wp-content\/uploads\/2025\/06\/Delock-Thunderbolt-3-Cable-1m.jpg","width":300,"height":238,"caption":"Delock Thunderbolt 3 Cable 1m"},{"@type":"BreadcrumbList","@id":"https:\/\/www.cinesouk.ma\/product\/delock-thunderbolt-3-cable-1m-2\/#breadcrumb","itemListElement":[{"@type":"ListItem","position":1,"name":"Home","item":"https:\/\/www.cinesouk.ma\/"},{"@type":"ListItem","position":2,"name":"Shop","item":"https:\/\/www.cinesouk.ma\/shop\/"},{"@type":"ListItem","position":3,"name":"Delock Thunderbolt 3 Cable 1m"}]},{"@type":"WebSite","@id":"https:\/\/www.cinesouk.ma\/#website","url":"https:\/\/www.cinesouk.ma\/","name":"CineSouk","description":"","publisher":{"@id":"https:\/\/www.cinesouk.ma\/#organization"},"potentialAction":[{"@type":"SearchAction","target":{"@type":"EntryPoint","urlTemplate":"https:\/\/www.cinesouk.ma\/?s={search_term_string}"},"query-input":{"@type":"PropertyValueSpecification","valueRequired":true,"valueName":"search_term_string"}}],"inLanguage":"fr-FR"},{"@type":"Organization","@id":"https:\/\/www.cinesouk.ma\/#organization","name":"CineSouk","url":"https:\/\/www.cinesouk.ma\/","logo":{"@type":"ImageObject","inLanguage":"fr-FR","@id":"https:\/\/www.cinesouk.ma\/#\/schema\/logo\/image\/","url":"https:\/\/www.cinesouk.ma\/wp-content\/uploads\/2024\/01\/CineSouk-logo-v01-alpha-alligned-left.png","contentUrl":"https:\/\/www.cinesouk.ma\/wp-content\/uploads\/2024\/01\/CineSouk-logo-v01-alpha-alligned-left.png","width":3204,"height":889,"caption":"CineSouk"},"image":{"@id":"https:\/\/www.cinesouk.ma\/#\/schema\/logo\/image\/"}}]}},"_links":{"self":[{"href":"https:\/\/www.cinesouk.ma\/fr\/wp-json\/wp\/v2\/product\/13710","targetHints":{"allow":["GET"]}}],"collection":[{"href":"https:\/\/www.cinesouk.ma\/fr\/wp-json\/wp\/v2\/product"}],"about":[{"href":"https:\/\/www.cinesouk.ma\/fr\/wp-json\/wp\/v2\/types\/product"}],"wp:featuredmedia":[{"embeddable":true,"href":"https:\/\/www.cinesouk.ma\/fr\/wp-json\/wp\/v2\/media\/13721"}],"wp:attachment":[{"href":"https:\/\/www.cinesouk.ma\/fr\/wp-json\/wp\/v2\/media?parent=13710"}],"wp:term":[{"taxonomy":"product_brand","embeddable":true,"href":"https:\/\/www.cinesouk.ma\/fr\/wp-json\/wp\/v2\/product_brand?post=13710"},{"taxonomy":"product_cat","embeddable":true,"href":"https:\/\/www.cinesouk.ma\/fr\/wp-json\/wp\/v2\/product_cat?post=13710"},{"taxonomy":"product_tag","embeddable":true,"href":"https:\/\/www.cinesouk.ma\/fr\/wp-json\/wp\/v2\/product_tag?post=13710"}],"curies":[{"name":"wp","href":"https:\/\/api.w.org\/{rel}","templated":true}]}}