{"id":13722,"date":"2025-06-06T15:37:16","date_gmt":"2025-06-06T15:37:16","guid":{"rendered":"https:\/\/www.cinesouk.ma\/?post_type=product&#038;p=13722"},"modified":"2025-08-18T08:33:24","modified_gmt":"2025-08-18T08:33:24","slug":"delock-thunderbolt-3-cable-2m-2","status":"publish","type":"product","link":"https:\/\/www.cinesouk.ma\/fr\/produit\/delock-thunderbolt-3-cable-2m-2\/","title":{"rendered":"C\u00e2ble Delock Thunderbolt 3 2m"},"content":{"rendered":"<p data-start=\"190\" data-end=\"454\">Le c\u00e2ble Delock Thunderbolt 3 2m est un c\u00e2ble haute performance con\u00e7u pour le transfert rapide de donn\u00e9es, la sortie vid\u00e9o et le chargement d'appareils via Thunderbolt 3. Avec une longueur g\u00e9n\u00e9reuse de 2 m\u00e8tres, il offre une flexibilit\u00e9 accrue pour les installations professionnelles o\u00f9 l'espace et la port\u00e9e sont importants.<\/p>\n<p data-start=\"456\" data-end=\"715\">Prenant en charge des taux de transfert de donn\u00e9es allant jusqu'\u00e0 20 Gbps, ce c\u00e2ble est id\u00e9al pour connecter des p\u00e9riph\u00e9riques compatibles Thunderbolt 3, tels que des disques SSD externes, des stations d'accueil, des moniteurs et bien plus encore. Il fonctionne \u00e9galement avec les p\u00e9riph\u00e9riques USB-C, offrant ainsi une polyvalence pour les environnements mat\u00e9riels mixtes.<\/p>\n<p data-start=\"717\" data-end=\"734\"><strong data-start=\"717\" data-end=\"734\">Caract\u00e9ristiques principales :<\/strong><\/p>\n<ul data-start=\"736\" data-end=\"1100\">\n<li data-start=\"736\" data-end=\"814\">\n<p data-start=\"738\" data-end=\"814\"><strong data-start=\"738\" data-end=\"757\">Longueur de 2 m\u00e8tres :<\/strong> Plus de port\u00e9e pour les postes de travail flexibles ou les am\u00e9nagements de studio<\/p>\n<\/li>\n<li data-start=\"815\" data-end=\"890\">\n<p data-start=\"817\" data-end=\"890\"><strong data-start=\"817\" data-end=\"840\">Transfert de donn\u00e9es rapide :<\/strong> Jusqu'\u00e0 20 Gbps pour les applications \u00e0 haute performance<\/p>\n<\/li>\n<li data-start=\"891\" data-end=\"964\">\n<p data-start=\"893\" data-end=\"964\"><strong data-start=\"893\" data-end=\"921\">Compatibilit\u00e9 universelle :<\/strong> Prise en charge des p\u00e9riph\u00e9riques Thunderbolt 3 et USB-C<\/p>\n<\/li>\n<li data-start=\"965\" data-end=\"1035\">\n<p data-start=\"967\" data-end=\"1035\"><strong data-start=\"967\" data-end=\"985\">Conception robuste :<\/strong> Construction durable pour une utilisation professionnelle quotidienne<\/p>\n<\/li>\n<li data-start=\"1036\" data-end=\"1100\">\n<p data-start=\"1038\" data-end=\"1100\"><strong data-start=\"1038\" data-end=\"1056\">Utilisation polyvalente :<\/strong> Id\u00e9al pour la transmission de vid\u00e9os, de donn\u00e9es et d'\u00e9nergie<\/p>\n<\/li>\n<\/ul>\n<p data-start=\"1102\" data-end=\"1121\"><strong data-start=\"1102\" data-end=\"1121\">Sp\u00e9cifications :<\/strong><\/p>\n<ul data-start=\"1123\" data-end=\"1284\">\n<li data-start=\"1123\" data-end=\"1171\">\n<p data-start=\"1125\" data-end=\"1171\"><strong data-start=\"1125\" data-end=\"1144\">Type de connecteur :<\/strong> USB-C m\u00e2le vers USB-C m\u00e2le<\/p>\n<\/li>\n<li data-start=\"1172\" data-end=\"1196\">\n<p data-start=\"1174\" data-end=\"1196\"><strong data-start=\"1174\" data-end=\"1185\">Longueur :<\/strong> 2 m\u00e8tres<\/p>\n<\/li>\n<li data-start=\"1197\" data-end=\"1229\">\n<p data-start=\"1199\" data-end=\"1229\"><strong data-start=\"1199\" data-end=\"1213\">Taux de donn\u00e9es :<\/strong> Jusqu'\u00e0 20 Gbps<\/p>\n<\/li>\n<li data-start=\"1230\" data-end=\"1284\">\n<p data-start=\"1232\" data-end=\"1284\"><strong data-start=\"1232\" data-end=\"1250\">Compatibilit\u00e9 :<\/strong> Appareils Thunderbolt 3 et USB-C<\/p>\n<\/li>\n<\/ul>\n<p data-start=\"1286\" data-end=\"1469\">Le c\u00e2ble Delock Thunderbolt 3 de 2 m offre vitesse, port\u00e9e et durabilit\u00e9, ce qui en fait un outil fiable pour les flux de travail professionnels n\u00e9cessitant une connectivit\u00e9 \u00e0 grande vitesse sur de longues distances.<\/p>\n<p>Louez-le maintenant sur <a href=\"https:\/\/www.cinesouk.ma\/fr\">CINESOUK<\/a> - une marque de <a href=\"https:\/\/www.broadway.ma\/\">BROADWAY PRODUCTIONS SARL.<\/a><\/p>","protected":false},"excerpt":{"rendered":"<h3 class=\"\" data-start=\"1198\" data-end=\"1221\"><strong data-start=\"1202\" data-end=\"1221\">Sp\u00e9cifications :<\/strong><\/h3>\n<ul>\n<li data-start=\"1123\" data-end=\"1171\">\n<p data-start=\"1125\" data-end=\"1171\"><strong data-start=\"1125\" data-end=\"1144\">Type de connecteur :<\/strong> USB-C m\u00e2le vers USB-C m\u00e2le<\/p>\n<\/li>\n<li data-start=\"1172\" data-end=\"1196\">\n<p data-start=\"1174\" data-end=\"1196\"><strong data-start=\"1174\" data-end=\"1185\">Longueur :<\/strong> 2 m\u00e8tres<\/p>\n<\/li>\n<li data-start=\"1197\" data-end=\"1229\">\n<p data-start=\"1199\" data-end=\"1229\"><strong data-start=\"1199\" data-end=\"1213\">Taux de donn\u00e9es :<\/strong> Jusqu'\u00e0 20 Gbps<\/p>\n<\/li>\n<li data-start=\"1230\" data-end=\"1284\">\n<p data-start=\"1232\" data-end=\"1284\"><strong data-start=\"1232\" data-end=\"1250\">Compatibilit\u00e9 :<\/strong> Appareils Thunderbolt 3 et USB-C<\/p>\n<\/li>\n<\/ul>","protected":false},"featured_media":13721,"template":"","meta":{"om_disable_all_campaigns":false,"_monsterinsights_skip_tracking":false,"_monsterinsights_sitenote_active":false,"_monsterinsights_sitenote_note":"","_monsterinsights_sitenote_category":0,"_uf_show_specific_survey":0,"_uf_disable_surveys":false},"product_brand":[],"product_cat":[55],"product_tag":[],"class_list":{"0":"post-13722","1":"product","2":"type-product","3":"status-publish","4":"has-post-thumbnail","6":"product_cat-cables-cinesouk","8":"entry","9":"has-media","11":"first","12":"instock","13":"taxable","14":"shipping-taxable","15":"purchasable","16":"product-type-variable","17":"has-product-nav","18":"col","19":"span_1_of_3","20":"owp-content-center","21":"owp-thumbs-layout-horizontal","22":"owp-btn-normal","23":"owp-tabs-layout-horizontal","24":"has-no-thumbnails"},"yoast_head":"<!-- This site is optimized with the Yoast SEO Premium plugin v26.0 (Yoast SEO v26.0) - https:\/\/yoast.com\/wordpress\/plugins\/seo\/ -->\n<title>Delock Thunderbolt 3 Cable 2m - CineSouk - Marrakech l Morocco<\/title>\n<meta name=\"description\" content=\"Delock Thunderbolt 3 Cable 2m. High-speed 2m cable for Thunderbolt 3 and USB-C devices. Perfect for fast data, video, and charging in pro environments.\" \/>\n<meta name=\"robots\" content=\"index, follow, max-snippet:-1, max-image-preview:large, max-video-preview:-1\" \/>\n<link rel=\"canonical\" href=\"https:\/\/www.cinesouk.ma\/fr\/produit\/delock-thunderbolt-3-cable-2m-2\/\" \/>\n<meta property=\"og:locale\" content=\"fr_FR\" \/>\n<meta property=\"og:type\" content=\"article\" \/>\n<meta property=\"og:title\" content=\"Delock Thunderbolt 3 Cable 2m\" \/>\n<meta property=\"og:description\" content=\"Delock Thunderbolt 3 Cable 2m. High-speed 2m cable for Thunderbolt 3 and USB-C devices. Perfect for fast data, video, and charging in pro environments.\" \/>\n<meta property=\"og:url\" content=\"https:\/\/www.cinesouk.ma\/fr\/produit\/delock-thunderbolt-3-cable-2m-2\/\" \/>\n<meta property=\"og:site_name\" content=\"CineSouk\" \/>\n<meta property=\"article:modified_time\" content=\"2025-08-18T08:33:24+00:00\" \/>\n<meta property=\"og:image\" content=\"https:\/\/www.cinesouk.ma\/wp-content\/uploads\/2025\/06\/Delock-Thunderbolt-3-Cable-1m.jpg\" \/>\n\t<meta property=\"og:image:width\" content=\"300\" \/>\n\t<meta property=\"og:image:height\" content=\"238\" \/>\n\t<meta property=\"og:image:type\" content=\"image\/jpeg\" \/>\n<meta name=\"twitter:card\" content=\"summary_large_image\" \/>\n<meta name=\"twitter:description\" content=\"Delock Thunderbolt 3 Cable 2m. High-speed 2m cable for Thunderbolt 3 and USB-C devices. Perfect for fast data, video, and charging in pro environments.\" \/>\n<meta name=\"twitter:label1\" content=\"Dur\u00e9e de lecture estim\u00e9e\" \/>\n\t<meta name=\"twitter:data1\" content=\"2 minutes\" \/>\n<script type=\"application\/ld+json\" class=\"yoast-schema-graph\">{\"@context\":\"https:\/\/schema.org\",\"@graph\":[{\"@type\":\"WebPage\",\"@id\":\"https:\/\/www.cinesouk.ma\/product\/delock-thunderbolt-3-cable-2m-2\/\",\"url\":\"https:\/\/www.cinesouk.ma\/product\/delock-thunderbolt-3-cable-2m-2\/\",\"name\":\"Delock Thunderbolt 3 Cable 2m - CineSouk - Marrakech l Morocco\",\"isPartOf\":{\"@id\":\"https:\/\/www.cinesouk.ma\/#website\"},\"primaryImageOfPage\":{\"@id\":\"https:\/\/www.cinesouk.ma\/product\/delock-thunderbolt-3-cable-2m-2\/#primaryimage\"},\"image\":{\"@id\":\"https:\/\/www.cinesouk.ma\/product\/delock-thunderbolt-3-cable-2m-2\/#primaryimage\"},\"thumbnailUrl\":\"https:\/\/www.cinesouk.ma\/wp-content\/uploads\/2025\/06\/Delock-Thunderbolt-3-Cable-1m.jpg\",\"datePublished\":\"2025-06-06T15:37:16+00:00\",\"dateModified\":\"2025-08-18T08:33:24+00:00\",\"description\":\"Delock Thunderbolt 3 Cable 2m. High-speed 2m cable for Thunderbolt 3 and USB-C devices. Perfect for fast data, video, and charging in pro environments.\",\"breadcrumb\":{\"@id\":\"https:\/\/www.cinesouk.ma\/product\/delock-thunderbolt-3-cable-2m-2\/#breadcrumb\"},\"inLanguage\":\"fr-FR\",\"potentialAction\":[{\"@type\":\"ReadAction\",\"target\":[\"https:\/\/www.cinesouk.ma\/product\/delock-thunderbolt-3-cable-2m-2\/\"]}]},{\"@type\":\"ImageObject\",\"inLanguage\":\"fr-FR\",\"@id\":\"https:\/\/www.cinesouk.ma\/product\/delock-thunderbolt-3-cable-2m-2\/#primaryimage\",\"url\":\"https:\/\/www.cinesouk.ma\/wp-content\/uploads\/2025\/06\/Delock-Thunderbolt-3-Cable-1m.jpg\",\"contentUrl\":\"https:\/\/www.cinesouk.ma\/wp-content\/uploads\/2025\/06\/Delock-Thunderbolt-3-Cable-1m.jpg\",\"width\":300,\"height\":238,\"caption\":\"Delock Thunderbolt 3 Cable 1m\"},{\"@type\":\"BreadcrumbList\",\"@id\":\"https:\/\/www.cinesouk.ma\/product\/delock-thunderbolt-3-cable-2m-2\/#breadcrumb\",\"itemListElement\":[{\"@type\":\"ListItem\",\"position\":1,\"name\":\"Home\",\"item\":\"https:\/\/www.cinesouk.ma\/\"},{\"@type\":\"ListItem\",\"position\":2,\"name\":\"Shop\",\"item\":\"https:\/\/www.cinesouk.ma\/shop\/\"},{\"@type\":\"ListItem\",\"position\":3,\"name\":\"Delock Thunderbolt 3 Cable 2m\"}]},{\"@type\":\"WebSite\",\"@id\":\"https:\/\/www.cinesouk.ma\/#website\",\"url\":\"https:\/\/www.cinesouk.ma\/\",\"name\":\"CineSouk\",\"description\":\"\",\"publisher\":{\"@id\":\"https:\/\/www.cinesouk.ma\/#organization\"},\"potentialAction\":[{\"@type\":\"SearchAction\",\"target\":{\"@type\":\"EntryPoint\",\"urlTemplate\":\"https:\/\/www.cinesouk.ma\/?s={search_term_string}\"},\"query-input\":{\"@type\":\"PropertyValueSpecification\",\"valueRequired\":true,\"valueName\":\"search_term_string\"}}],\"inLanguage\":\"fr-FR\"},{\"@type\":\"Organization\",\"@id\":\"https:\/\/www.cinesouk.ma\/#organization\",\"name\":\"CineSouk\",\"url\":\"https:\/\/www.cinesouk.ma\/\",\"logo\":{\"@type\":\"ImageObject\",\"inLanguage\":\"fr-FR\",\"@id\":\"https:\/\/www.cinesouk.ma\/#\/schema\/logo\/image\/\",\"url\":\"https:\/\/www.cinesouk.ma\/wp-content\/uploads\/2024\/01\/CineSouk-logo-v01-alpha-alligned-left.png\",\"contentUrl\":\"https:\/\/www.cinesouk.ma\/wp-content\/uploads\/2024\/01\/CineSouk-logo-v01-alpha-alligned-left.png\",\"width\":3204,\"height\":889,\"caption\":\"CineSouk\"},\"image\":{\"@id\":\"https:\/\/www.cinesouk.ma\/#\/schema\/logo\/image\/\"}}]}<\/script>\n<!-- \/ Yoast SEO Premium plugin. -->","yoast_head_json":{"title":"Delock Thunderbolt 3 Cable 2m - CineSouk - Marrakech l Morocco","description":"Delock Thunderbolt 3 Cable 2m. High-speed 2m cable for Thunderbolt 3 and USB-C devices. Perfect for fast data, video, and charging in pro environments.","robots":{"index":"index","follow":"follow","max-snippet":"max-snippet:-1","max-image-preview":"max-image-preview:large","max-video-preview":"max-video-preview:-1"},"canonical":"https:\/\/www.cinesouk.ma\/fr\/produit\/delock-thunderbolt-3-cable-2m-2\/","og_locale":"fr_FR","og_type":"article","og_title":"Delock Thunderbolt 3 Cable 2m","og_description":"Delock Thunderbolt 3 Cable 2m. High-speed 2m cable for Thunderbolt 3 and USB-C devices. Perfect for fast data, video, and charging in pro environments.","og_url":"https:\/\/www.cinesouk.ma\/fr\/produit\/delock-thunderbolt-3-cable-2m-2\/","og_site_name":"CineSouk","article_modified_time":"2025-08-18T08:33:24+00:00","og_image":[{"width":300,"height":238,"url":"https:\/\/www.cinesouk.ma\/wp-content\/uploads\/2025\/06\/Delock-Thunderbolt-3-Cable-1m.jpg","type":"image\/jpeg"}],"twitter_card":"summary_large_image","twitter_description":"Delock Thunderbolt 3 Cable 2m. High-speed 2m cable for Thunderbolt 3 and USB-C devices. Perfect for fast data, video, and charging in pro environments.","twitter_misc":{"Dur\u00e9e de lecture estim\u00e9e":"2 minutes"},"schema":{"@context":"https:\/\/schema.org","@graph":[{"@type":"WebPage","@id":"https:\/\/www.cinesouk.ma\/product\/delock-thunderbolt-3-cable-2m-2\/","url":"https:\/\/www.cinesouk.ma\/product\/delock-thunderbolt-3-cable-2m-2\/","name":"Delock Thunderbolt 3 Cable 2m - CineSouk - Marrakech l Morocco","isPartOf":{"@id":"https:\/\/www.cinesouk.ma\/#website"},"primaryImageOfPage":{"@id":"https:\/\/www.cinesouk.ma\/product\/delock-thunderbolt-3-cable-2m-2\/#primaryimage"},"image":{"@id":"https:\/\/www.cinesouk.ma\/product\/delock-thunderbolt-3-cable-2m-2\/#primaryimage"},"thumbnailUrl":"https:\/\/www.cinesouk.ma\/wp-content\/uploads\/2025\/06\/Delock-Thunderbolt-3-Cable-1m.jpg","datePublished":"2025-06-06T15:37:16+00:00","dateModified":"2025-08-18T08:33:24+00:00","description":"Delock Thunderbolt 3 Cable 2m. High-speed 2m cable for Thunderbolt 3 and USB-C devices. Perfect for fast data, video, and charging in pro environments.","breadcrumb":{"@id":"https:\/\/www.cinesouk.ma\/product\/delock-thunderbolt-3-cable-2m-2\/#breadcrumb"},"inLanguage":"fr-FR","potentialAction":[{"@type":"ReadAction","target":["https:\/\/www.cinesouk.ma\/product\/delock-thunderbolt-3-cable-2m-2\/"]}]},{"@type":"ImageObject","inLanguage":"fr-FR","@id":"https:\/\/www.cinesouk.ma\/product\/delock-thunderbolt-3-cable-2m-2\/#primaryimage","url":"https:\/\/www.cinesouk.ma\/wp-content\/uploads\/2025\/06\/Delock-Thunderbolt-3-Cable-1m.jpg","contentUrl":"https:\/\/www.cinesouk.ma\/wp-content\/uploads\/2025\/06\/Delock-Thunderbolt-3-Cable-1m.jpg","width":300,"height":238,"caption":"Delock Thunderbolt 3 Cable 1m"},{"@type":"BreadcrumbList","@id":"https:\/\/www.cinesouk.ma\/product\/delock-thunderbolt-3-cable-2m-2\/#breadcrumb","itemListElement":[{"@type":"ListItem","position":1,"name":"Home","item":"https:\/\/www.cinesouk.ma\/"},{"@type":"ListItem","position":2,"name":"Shop","item":"https:\/\/www.cinesouk.ma\/shop\/"},{"@type":"ListItem","position":3,"name":"Delock Thunderbolt 3 Cable 2m"}]},{"@type":"WebSite","@id":"https:\/\/www.cinesouk.ma\/#website","url":"https:\/\/www.cinesouk.ma\/","name":"CineSouk","description":"","publisher":{"@id":"https:\/\/www.cinesouk.ma\/#organization"},"potentialAction":[{"@type":"SearchAction","target":{"@type":"EntryPoint","urlTemplate":"https:\/\/www.cinesouk.ma\/?s={search_term_string}"},"query-input":{"@type":"PropertyValueSpecification","valueRequired":true,"valueName":"search_term_string"}}],"inLanguage":"fr-FR"},{"@type":"Organization","@id":"https:\/\/www.cinesouk.ma\/#organization","name":"CineSouk","url":"https:\/\/www.cinesouk.ma\/","logo":{"@type":"ImageObject","inLanguage":"fr-FR","@id":"https:\/\/www.cinesouk.ma\/#\/schema\/logo\/image\/","url":"https:\/\/www.cinesouk.ma\/wp-content\/uploads\/2024\/01\/CineSouk-logo-v01-alpha-alligned-left.png","contentUrl":"https:\/\/www.cinesouk.ma\/wp-content\/uploads\/2024\/01\/CineSouk-logo-v01-alpha-alligned-left.png","width":3204,"height":889,"caption":"CineSouk"},"image":{"@id":"https:\/\/www.cinesouk.ma\/#\/schema\/logo\/image\/"}}]}},"_links":{"self":[{"href":"https:\/\/www.cinesouk.ma\/fr\/wp-json\/wp\/v2\/product\/13722","targetHints":{"allow":["GET"]}}],"collection":[{"href":"https:\/\/www.cinesouk.ma\/fr\/wp-json\/wp\/v2\/product"}],"about":[{"href":"https:\/\/www.cinesouk.ma\/fr\/wp-json\/wp\/v2\/types\/product"}],"wp:featuredmedia":[{"embeddable":true,"href":"https:\/\/www.cinesouk.ma\/fr\/wp-json\/wp\/v2\/media\/13721"}],"wp:attachment":[{"href":"https:\/\/www.cinesouk.ma\/fr\/wp-json\/wp\/v2\/media?parent=13722"}],"wp:term":[{"taxonomy":"product_brand","embeddable":true,"href":"https:\/\/www.cinesouk.ma\/fr\/wp-json\/wp\/v2\/product_brand?post=13722"},{"taxonomy":"product_cat","embeddable":true,"href":"https:\/\/www.cinesouk.ma\/fr\/wp-json\/wp\/v2\/product_cat?post=13722"},{"taxonomy":"product_tag","embeddable":true,"href":"https:\/\/www.cinesouk.ma\/fr\/wp-json\/wp\/v2\/product_tag?post=13722"}],"curies":[{"name":"wp","href":"https:\/\/api.w.org\/{rel}","templated":true}]}}