{"id":13733,"date":"2025-06-06T15:49:13","date_gmt":"2025-06-06T15:49:13","guid":{"rendered":"https:\/\/www.cinesouk.ma\/?post_type=product&#038;p=13733"},"modified":"2025-08-18T08:33:21","modified_gmt":"2025-08-18T08:33:21","slug":"sonnet-solo-10g-baset-10gbe-ethernet","status":"publish","type":"product","link":"https:\/\/www.cinesouk.ma\/fr\/produit\/sonnet-solo-10g-baset-10gbe-ethernet\/","title":{"rendered":"Sonnet Solo 10G BaseT (10Gbe ethernet)"},"content":{"rendered":"<p data-start=\"226\" data-end=\"519\">Le Solo 10G Base-T de Sonnet est un adaptateur Thunderbolt 3 vers 10 Gigabit Ethernet con\u00e7u pour les professionnels qui ont besoin d'une performance r\u00e9seau rapide, stable et efficace. Compact et robuste, il connecte les ordinateurs portables et de bureau \u00e9quip\u00e9s de Thunderbolt 3 aux r\u00e9seaux 10GbE \u00e0 haut d\u00e9bit via un port RJ45 standard.<\/p>\n<p data-start=\"521\" data-end=\"754\">Parfait pour la post-production, le transfert de donn\u00e9es et les flux de travail \u00e0 large bande passante, l'adaptateur prend \u00e9galement en charge les normes NBASE-T, permettant des vitesses de 2,5 et 5 Gb\/s sur un c\u00e2blage Cat 5e standard - id\u00e9al pour les environnements o\u00f9 le rec\u00e2blage n'est pas possible.<\/p>\n<p data-start=\"756\" data-end=\"773\"><strong data-start=\"756\" data-end=\"773\">Caract\u00e9ristiques principales :<\/strong><\/p>\n<ul data-start=\"775\" data-end=\"1272\">\n<li data-start=\"775\" data-end=\"853\">\n<p data-start=\"777\" data-end=\"853\"><strong data-start=\"777\" data-end=\"803\">10GBASE-T Performance :<\/strong> Ajout d'un port 10GbE pour un acc\u00e8s r\u00e9seau \u00e0 haut d\u00e9bit<\/p>\n<\/li>\n<li data-start=\"854\" data-end=\"943\">\n<p data-start=\"856\" data-end=\"943\"><strong data-start=\"856\" data-end=\"876\">Support NBASE-T :<\/strong> Compatible avec les r\u00e9seaux 2,5Gb\/s et 5Gb\/s sur le c\u00e2blage existant<\/p>\n<\/li>\n<li data-start=\"944\" data-end=\"1035\">\n<p data-start=\"946\" data-end=\"1035\"><strong data-start=\"946\" data-end=\"967\">Conception efficace :<\/strong> Le bo\u00eetier en aluminium sans ventilateur garantit un fonctionnement silencieux et une grande durabilit\u00e9.<\/p>\n<\/li>\n<li data-start=\"1036\" data-end=\"1107\">\n<p data-start=\"1038\" data-end=\"1107\"><strong data-start=\"1038\" data-end=\"1058\">Efficace sur le plan \u00e9nerg\u00e9tique :<\/strong> Alimentation par bus - aucun adaptateur d'alimentation externe n'est n\u00e9cessaire<\/p>\n<\/li>\n<li data-start=\"1108\" data-end=\"1185\">\n<p data-start=\"1110\" data-end=\"1185\"><strong data-start=\"1110\" data-end=\"1124\">Pr\u00eat pour l'AVB :<\/strong> Prise en charge du pontage audio-vid\u00e9o pour une diffusion en continu sensible au facteur temps<\/p>\n<\/li>\n<li data-start=\"1186\" data-end=\"1272\">\n<p data-start=\"1188\" data-end=\"1272\"><strong data-start=\"1188\" data-end=\"1207\">Multiplateforme :<\/strong> Fonctionne avec macOS (Intel et Apple Silicon), Windows et Linux<\/p>\n<\/li>\n<\/ul>\n<p data-start=\"1274\" data-end=\"1293\"><strong data-start=\"1274\" data-end=\"1293\">Sp\u00e9cifications :<\/strong><\/p>\n<ul data-start=\"1295\" data-end=\"1623\">\n<li data-start=\"1295\" data-end=\"1327\">\n<p data-start=\"1297\" data-end=\"1327\"><strong data-start=\"1297\" data-end=\"1311\">Interface :<\/strong> Thunderbolt 3<\/p>\n<\/li>\n<li data-start=\"1328\" data-end=\"1363\">\n<p data-start=\"1330\" data-end=\"1363\"><strong data-start=\"1330\" data-end=\"1344\">Connecteur :<\/strong> 1 x RJ45 (10GbE)<\/p>\n<\/li>\n<li data-start=\"1364\" data-end=\"1428\">\n<p data-start=\"1366\" data-end=\"1428\"><strong data-start=\"1366\" data-end=\"1387\">Vitesses prises en charge :<\/strong> 100Mb\/s, 1Gb\/s, 2,5Gb\/s, 5Gb\/s, 10Gb\/s<\/p>\n<\/li>\n<li data-start=\"1429\" data-end=\"1515\">\n<p data-start=\"1431\" data-end=\"1515\"><strong data-start=\"1431\" data-end=\"1449\">Support de c\u00e2ble :<\/strong> Cat 6 (jusqu'\u00e0 55 m), Cat 6A (jusqu'\u00e0 100 m), Cat 5e pour les vitesses inf\u00e9rieures<\/p>\n<\/li>\n<li data-start=\"1516\" data-end=\"1556\">\n<p data-start=\"1518\" data-end=\"1556\"><strong data-start=\"1518\" data-end=\"1533\">Dimensions :<\/strong> 79,5 \u00d7 114 \u00d7 27,2 mm<\/p>\n<\/li>\n<li data-start=\"1557\" data-end=\"1580\">\n<p data-start=\"1559\" data-end=\"1580\"><strong data-start=\"1559\" data-end=\"1570\">Poids :<\/strong> 0,24 kg<\/p>\n<\/li>\n<li data-start=\"1581\" data-end=\"1623\">\n<p data-start=\"1583\" data-end=\"1623\"><strong data-start=\"1583\" data-end=\"1609\">Temp\u00e9rature de fonctionnement :<\/strong> 0\u00b0C \u00e0 35\u00b0C<\/p>\n<\/li>\n<\/ul>\n<p data-start=\"1642\" data-end=\"1905\">L'adaptateur Solo 10G Base-T de Sonnet est une solution pratique et rapide pour les professionnels qui d\u00e9pendent de connexions filaires rapides. Son design compact, sans ventilateur et \u00e9conome en \u00e9nergie en fait un choix fiable pour les salles de montage, les centres de donn\u00e9es et les installations de production.<\/p>\n<p>Louez-le maintenant sur <a href=\"https:\/\/www.cinesouk.ma\/fr\">CINESOUK<\/a> - une marque de <a href=\"https:\/\/www.broadway.ma\/\">BROADWAY PRODUCTIONS SARL.<\/a><\/p>","protected":false},"excerpt":{"rendered":"<p data-start=\"1274\" data-end=\"1293\"><strong data-start=\"1274\" data-end=\"1293\">Sp\u00e9cifications :<\/strong><\/p>\n<ul data-start=\"1295\" data-end=\"1623\">\n<li data-start=\"1295\" data-end=\"1327\">\n<p data-start=\"1297\" data-end=\"1327\"><strong data-start=\"1297\" data-end=\"1311\">Interface :<\/strong> Thunderbolt 3<\/p>\n<\/li>\n<li data-start=\"1328\" data-end=\"1363\">\n<p data-start=\"1330\" data-end=\"1363\"><strong data-start=\"1330\" data-end=\"1344\">Connecteur :<\/strong> 1 x RJ45 (10GbE)<\/p>\n<\/li>\n<li data-start=\"1364\" data-end=\"1428\">\n<p data-start=\"1366\" data-end=\"1428\"><strong data-start=\"1366\" data-end=\"1387\">Vitesses prises en charge :<\/strong> 100Mb\/s, 1Gb\/s, 2,5Gb\/s, 5Gb\/s, 10Gb\/s<\/p>\n<\/li>\n<li data-start=\"1429\" data-end=\"1515\">\n<p data-start=\"1431\" data-end=\"1515\"><strong data-start=\"1431\" data-end=\"1449\">Support de c\u00e2ble :<\/strong> Cat 6 (jusqu'\u00e0 55 m), Cat 6A (jusqu'\u00e0 100 m), Cat 5e pour les vitesses inf\u00e9rieures<\/p>\n<\/li>\n<li data-start=\"1516\" data-end=\"1556\">\n<p data-start=\"1518\" data-end=\"1556\"><strong data-start=\"1518\" data-end=\"1533\">Dimensions :<\/strong> 79,5 \u00d7 114 \u00d7 27,2 mm<\/p>\n<\/li>\n<li data-start=\"1557\" data-end=\"1580\">\n<p data-start=\"1559\" data-end=\"1580\"><strong data-start=\"1559\" data-end=\"1570\">Poids :<\/strong> 0,24 kg<\/p>\n<\/li>\n<li data-start=\"1581\" data-end=\"1623\">\n<p data-start=\"1583\" data-end=\"1623\"><strong data-start=\"1583\" data-end=\"1609\">Temp\u00e9rature de fonctionnement :<\/strong> 0\u00b0C \u00e0 35\u00b0C<\/p>\n<\/li>\n<\/ul>","protected":false},"featured_media":13744,"template":"","meta":{"om_disable_all_campaigns":false,"_monsterinsights_skip_tracking":false,"_monsterinsights_sitenote_active":false,"_monsterinsights_sitenote_note":"","_monsterinsights_sitenote_category":0,"_uf_show_specific_survey":0,"_uf_disable_surveys":false},"product_brand":[],"product_cat":[37,55],"product_tag":[],"class_list":{"0":"post-13733","1":"product","2":"type-product","3":"status-publish","4":"has-post-thumbnail","6":"product_cat-accessories-cinesouk","7":"product_cat-cables-cinesouk","9":"entry","10":"has-media","12":"first","13":"instock","14":"taxable","15":"shipping-taxable","16":"purchasable","17":"product-type-variable","18":"has-product-nav","19":"col","20":"span_1_of_3","21":"owp-content-center","22":"owp-thumbs-layout-horizontal","23":"owp-btn-normal","24":"owp-tabs-layout-horizontal","25":"has-no-thumbnails"},"yoast_head":"<!-- This site is optimized with the Yoast SEO Premium plugin v26.0 (Yoast SEO v26.0) - https:\/\/yoast.com\/wordpress\/plugins\/seo\/ -->\n<title>Sonnet Solo 10G BaseT (10Gbe ethernet) - For rent<\/title>\n<meta name=\"description\" content=\"Sonnet Solo 10G Base-T adapter. Connect to 10GbE networks via Thunderbolt 3. Supports NBASE-T, fanless design, bus-powered. Perfect for professional data workflows.\" \/>\n<meta name=\"robots\" content=\"index, follow, max-snippet:-1, max-image-preview:large, max-video-preview:-1\" \/>\n<link rel=\"canonical\" href=\"https:\/\/www.cinesouk.ma\/fr\/produit\/sonnet-solo-10g-baset-10gbe-ethernet\/\" \/>\n<meta property=\"og:locale\" content=\"fr_FR\" \/>\n<meta property=\"og:type\" content=\"article\" \/>\n<meta property=\"og:title\" content=\"Sonnet Solo 10G BaseT (10Gbe ethernet)\" \/>\n<meta property=\"og:description\" content=\"Sonnet Solo 10G Base-T adapter. Connect to 10GbE networks via Thunderbolt 3. Supports NBASE-T, fanless design, bus-powered. Perfect for professional data workflows.\" \/>\n<meta property=\"og:url\" content=\"https:\/\/www.cinesouk.ma\/fr\/produit\/sonnet-solo-10g-baset-10gbe-ethernet\/\" \/>\n<meta property=\"og:site_name\" content=\"CineSouk\" \/>\n<meta property=\"article:modified_time\" content=\"2025-08-18T08:33:21+00:00\" \/>\n<meta property=\"og:image\" content=\"https:\/\/www.cinesouk.ma\/wp-content\/uploads\/2025\/06\/Sonnet-Solo-10G-BaseT-10Gbe-ethernet.jpg\" \/>\n\t<meta property=\"og:image:width\" content=\"300\" \/>\n\t<meta property=\"og:image:height\" content=\"238\" \/>\n\t<meta property=\"og:image:type\" content=\"image\/jpeg\" \/>\n<meta name=\"twitter:card\" content=\"summary_large_image\" \/>\n<meta name=\"twitter:description\" content=\"Sonnet Solo 10G Base-T adapter. Connect to 10GbE networks via Thunderbolt 3. Supports NBASE-T, fanless design, bus-powered. Perfect for professional data workflows.\" \/>\n<meta name=\"twitter:image\" content=\"https:\/\/www.cinesouk.ma\/wp-content\/uploads\/2025\/06\/Sonnet-Solo-10G-BaseT-10Gbe-ethernet.jpg\" \/>\n<meta name=\"twitter:label1\" content=\"Dur\u00e9e de lecture estim\u00e9e\" \/>\n\t<meta name=\"twitter:data1\" content=\"2 minutes\" \/>\n<script type=\"application\/ld+json\" class=\"yoast-schema-graph\">{\"@context\":\"https:\/\/schema.org\",\"@graph\":[{\"@type\":\"WebPage\",\"@id\":\"https:\/\/www.cinesouk.ma\/product\/sonnet-solo-10g-baset-10gbe-ethernet\/\",\"url\":\"https:\/\/www.cinesouk.ma\/product\/sonnet-solo-10g-baset-10gbe-ethernet\/\",\"name\":\"Sonnet Solo 10G BaseT (10Gbe ethernet) - For rent\",\"isPartOf\":{\"@id\":\"https:\/\/www.cinesouk.ma\/#website\"},\"primaryImageOfPage\":{\"@id\":\"https:\/\/www.cinesouk.ma\/product\/sonnet-solo-10g-baset-10gbe-ethernet\/#primaryimage\"},\"image\":{\"@id\":\"https:\/\/www.cinesouk.ma\/product\/sonnet-solo-10g-baset-10gbe-ethernet\/#primaryimage\"},\"thumbnailUrl\":\"https:\/\/www.cinesouk.ma\/wp-content\/uploads\/2025\/06\/Sonnet-Solo-10G-BaseT-10Gbe-ethernet.jpg\",\"datePublished\":\"2025-06-06T15:49:13+00:00\",\"dateModified\":\"2025-08-18T08:33:21+00:00\",\"description\":\"Sonnet Solo 10G Base-T adapter. Connect to 10GbE networks via Thunderbolt 3. Supports NBASE-T, fanless design, bus-powered. Perfect for professional data workflows.\",\"breadcrumb\":{\"@id\":\"https:\/\/www.cinesouk.ma\/product\/sonnet-solo-10g-baset-10gbe-ethernet\/#breadcrumb\"},\"inLanguage\":\"fr-FR\",\"potentialAction\":[{\"@type\":\"ReadAction\",\"target\":[\"https:\/\/www.cinesouk.ma\/product\/sonnet-solo-10g-baset-10gbe-ethernet\/\"]}]},{\"@type\":\"ImageObject\",\"inLanguage\":\"fr-FR\",\"@id\":\"https:\/\/www.cinesouk.ma\/product\/sonnet-solo-10g-baset-10gbe-ethernet\/#primaryimage\",\"url\":\"https:\/\/www.cinesouk.ma\/wp-content\/uploads\/2025\/06\/Sonnet-Solo-10G-BaseT-10Gbe-ethernet.jpg\",\"contentUrl\":\"https:\/\/www.cinesouk.ma\/wp-content\/uploads\/2025\/06\/Sonnet-Solo-10G-BaseT-10Gbe-ethernet.jpg\",\"width\":300,\"height\":238,\"caption\":\"Sonnet Solo 10G Base-T (10Gbe ethernet)\"},{\"@type\":\"BreadcrumbList\",\"@id\":\"https:\/\/www.cinesouk.ma\/product\/sonnet-solo-10g-baset-10gbe-ethernet\/#breadcrumb\",\"itemListElement\":[{\"@type\":\"ListItem\",\"position\":1,\"name\":\"Home\",\"item\":\"https:\/\/www.cinesouk.ma\/\"},{\"@type\":\"ListItem\",\"position\":2,\"name\":\"Shop\",\"item\":\"https:\/\/www.cinesouk.ma\/shop\/\"},{\"@type\":\"ListItem\",\"position\":3,\"name\":\"Sonnet Solo 10G BaseT (10Gbe ethernet)\"}]},{\"@type\":\"WebSite\",\"@id\":\"https:\/\/www.cinesouk.ma\/#website\",\"url\":\"https:\/\/www.cinesouk.ma\/\",\"name\":\"CineSouk\",\"description\":\"\",\"publisher\":{\"@id\":\"https:\/\/www.cinesouk.ma\/#organization\"},\"potentialAction\":[{\"@type\":\"SearchAction\",\"target\":{\"@type\":\"EntryPoint\",\"urlTemplate\":\"https:\/\/www.cinesouk.ma\/?s={search_term_string}\"},\"query-input\":{\"@type\":\"PropertyValueSpecification\",\"valueRequired\":true,\"valueName\":\"search_term_string\"}}],\"inLanguage\":\"fr-FR\"},{\"@type\":\"Organization\",\"@id\":\"https:\/\/www.cinesouk.ma\/#organization\",\"name\":\"CineSouk\",\"url\":\"https:\/\/www.cinesouk.ma\/\",\"logo\":{\"@type\":\"ImageObject\",\"inLanguage\":\"fr-FR\",\"@id\":\"https:\/\/www.cinesouk.ma\/#\/schema\/logo\/image\/\",\"url\":\"https:\/\/www.cinesouk.ma\/wp-content\/uploads\/2024\/01\/CineSouk-logo-v01-alpha-alligned-left.png\",\"contentUrl\":\"https:\/\/www.cinesouk.ma\/wp-content\/uploads\/2024\/01\/CineSouk-logo-v01-alpha-alligned-left.png\",\"width\":3204,\"height\":889,\"caption\":\"CineSouk\"},\"image\":{\"@id\":\"https:\/\/www.cinesouk.ma\/#\/schema\/logo\/image\/\"}}]}<\/script>\n<!-- \/ Yoast SEO Premium plugin. -->","yoast_head_json":{"title":"Sonnet Solo 10G BaseT (10Gbe ethernet) - For rent","description":"Sonnet Solo 10G Base-T adapter. Connect to 10GbE networks via Thunderbolt 3. Supports NBASE-T, fanless design, bus-powered. Perfect for professional data workflows.","robots":{"index":"index","follow":"follow","max-snippet":"max-snippet:-1","max-image-preview":"max-image-preview:large","max-video-preview":"max-video-preview:-1"},"canonical":"https:\/\/www.cinesouk.ma\/fr\/produit\/sonnet-solo-10g-baset-10gbe-ethernet\/","og_locale":"fr_FR","og_type":"article","og_title":"Sonnet Solo 10G BaseT (10Gbe ethernet)","og_description":"Sonnet Solo 10G Base-T adapter. Connect to 10GbE networks via Thunderbolt 3. Supports NBASE-T, fanless design, bus-powered. Perfect for professional data workflows.","og_url":"https:\/\/www.cinesouk.ma\/fr\/produit\/sonnet-solo-10g-baset-10gbe-ethernet\/","og_site_name":"CineSouk","article_modified_time":"2025-08-18T08:33:21+00:00","og_image":[{"width":300,"height":238,"url":"https:\/\/www.cinesouk.ma\/wp-content\/uploads\/2025\/06\/Sonnet-Solo-10G-BaseT-10Gbe-ethernet.jpg","type":"image\/jpeg"}],"twitter_card":"summary_large_image","twitter_description":"Sonnet Solo 10G Base-T adapter. Connect to 10GbE networks via Thunderbolt 3. Supports NBASE-T, fanless design, bus-powered. Perfect for professional data workflows.","twitter_image":"https:\/\/www.cinesouk.ma\/wp-content\/uploads\/2025\/06\/Sonnet-Solo-10G-BaseT-10Gbe-ethernet.jpg","twitter_misc":{"Dur\u00e9e de lecture estim\u00e9e":"2 minutes"},"schema":{"@context":"https:\/\/schema.org","@graph":[{"@type":"WebPage","@id":"https:\/\/www.cinesouk.ma\/product\/sonnet-solo-10g-baset-10gbe-ethernet\/","url":"https:\/\/www.cinesouk.ma\/product\/sonnet-solo-10g-baset-10gbe-ethernet\/","name":"Sonnet Solo 10G BaseT (10Gbe ethernet) - For rent","isPartOf":{"@id":"https:\/\/www.cinesouk.ma\/#website"},"primaryImageOfPage":{"@id":"https:\/\/www.cinesouk.ma\/product\/sonnet-solo-10g-baset-10gbe-ethernet\/#primaryimage"},"image":{"@id":"https:\/\/www.cinesouk.ma\/product\/sonnet-solo-10g-baset-10gbe-ethernet\/#primaryimage"},"thumbnailUrl":"https:\/\/www.cinesouk.ma\/wp-content\/uploads\/2025\/06\/Sonnet-Solo-10G-BaseT-10Gbe-ethernet.jpg","datePublished":"2025-06-06T15:49:13+00:00","dateModified":"2025-08-18T08:33:21+00:00","description":"Sonnet Solo 10G Base-T adapter. Connect to 10GbE networks via Thunderbolt 3. Supports NBASE-T, fanless design, bus-powered. Perfect for professional data workflows.","breadcrumb":{"@id":"https:\/\/www.cinesouk.ma\/product\/sonnet-solo-10g-baset-10gbe-ethernet\/#breadcrumb"},"inLanguage":"fr-FR","potentialAction":[{"@type":"ReadAction","target":["https:\/\/www.cinesouk.ma\/product\/sonnet-solo-10g-baset-10gbe-ethernet\/"]}]},{"@type":"ImageObject","inLanguage":"fr-FR","@id":"https:\/\/www.cinesouk.ma\/product\/sonnet-solo-10g-baset-10gbe-ethernet\/#primaryimage","url":"https:\/\/www.cinesouk.ma\/wp-content\/uploads\/2025\/06\/Sonnet-Solo-10G-BaseT-10Gbe-ethernet.jpg","contentUrl":"https:\/\/www.cinesouk.ma\/wp-content\/uploads\/2025\/06\/Sonnet-Solo-10G-BaseT-10Gbe-ethernet.jpg","width":300,"height":238,"caption":"Sonnet Solo 10G Base-T (10Gbe ethernet)"},{"@type":"BreadcrumbList","@id":"https:\/\/www.cinesouk.ma\/product\/sonnet-solo-10g-baset-10gbe-ethernet\/#breadcrumb","itemListElement":[{"@type":"ListItem","position":1,"name":"Home","item":"https:\/\/www.cinesouk.ma\/"},{"@type":"ListItem","position":2,"name":"Shop","item":"https:\/\/www.cinesouk.ma\/shop\/"},{"@type":"ListItem","position":3,"name":"Sonnet Solo 10G BaseT (10Gbe ethernet)"}]},{"@type":"WebSite","@id":"https:\/\/www.cinesouk.ma\/#website","url":"https:\/\/www.cinesouk.ma\/","name":"CineSouk","description":"","publisher":{"@id":"https:\/\/www.cinesouk.ma\/#organization"},"potentialAction":[{"@type":"SearchAction","target":{"@type":"EntryPoint","urlTemplate":"https:\/\/www.cinesouk.ma\/?s={search_term_string}"},"query-input":{"@type":"PropertyValueSpecification","valueRequired":true,"valueName":"search_term_string"}}],"inLanguage":"fr-FR"},{"@type":"Organization","@id":"https:\/\/www.cinesouk.ma\/#organization","name":"CineSouk","url":"https:\/\/www.cinesouk.ma\/","logo":{"@type":"ImageObject","inLanguage":"fr-FR","@id":"https:\/\/www.cinesouk.ma\/#\/schema\/logo\/image\/","url":"https:\/\/www.cinesouk.ma\/wp-content\/uploads\/2024\/01\/CineSouk-logo-v01-alpha-alligned-left.png","contentUrl":"https:\/\/www.cinesouk.ma\/wp-content\/uploads\/2024\/01\/CineSouk-logo-v01-alpha-alligned-left.png","width":3204,"height":889,"caption":"CineSouk"},"image":{"@id":"https:\/\/www.cinesouk.ma\/#\/schema\/logo\/image\/"}}]}},"_links":{"self":[{"href":"https:\/\/www.cinesouk.ma\/fr\/wp-json\/wp\/v2\/product\/13733","targetHints":{"allow":["GET"]}}],"collection":[{"href":"https:\/\/www.cinesouk.ma\/fr\/wp-json\/wp\/v2\/product"}],"about":[{"href":"https:\/\/www.cinesouk.ma\/fr\/wp-json\/wp\/v2\/types\/product"}],"wp:featuredmedia":[{"embeddable":true,"href":"https:\/\/www.cinesouk.ma\/fr\/wp-json\/wp\/v2\/media\/13744"}],"wp:attachment":[{"href":"https:\/\/www.cinesouk.ma\/fr\/wp-json\/wp\/v2\/media?parent=13733"}],"wp:term":[{"taxonomy":"product_brand","embeddable":true,"href":"https:\/\/www.cinesouk.ma\/fr\/wp-json\/wp\/v2\/product_brand?post=13733"},{"taxonomy":"product_cat","embeddable":true,"href":"https:\/\/www.cinesouk.ma\/fr\/wp-json\/wp\/v2\/product_cat?post=13733"},{"taxonomy":"product_tag","embeddable":true,"href":"https:\/\/www.cinesouk.ma\/fr\/wp-json\/wp\/v2\/product_tag?post=13733"}],"curies":[{"name":"wp","href":"https:\/\/api.w.org\/{rel}","templated":true}]}}