{"id":13749,"date":"2025-07-05T13:54:54","date_gmt":"2025-07-05T13:54:54","guid":{"rendered":"https:\/\/www.cinesouk.ma\/?post_type=product&#038;p=13749"},"modified":"2025-08-18T08:33:17","modified_gmt":"2025-08-18T08:33:17","slug":"lexar-320gb-professional-cfexpress-type-a-card-gold","status":"publish","type":"product","link":"https:\/\/www.cinesouk.ma\/fr\/produit\/lexar-320gb-professional-cfexpress-type-a-card-gold\/","title":{"rendered":"Lexar 320GB Professional CFexpress Type A card Gold"},"content":{"rendered":"<p data-start=\"100\" data-end=\"176\"><span class=\"relative -mx-px my-[-0.2rem] rounded px-px py-[0.2rem] transition-colors duration-100 ease-in-out\">Capturez des images de qualit\u00e9 cin\u00e9matographique <strong data-start=\"23\" data-end=\"42\">Vid\u00e9o 8K et 4K<\/strong> sans effort. Cette carte CFexpress de type A offre <strong data-start=\"91\" data-end=\"121\">vitesses de lecture jusqu'\u00e0 900 Mo\/s<\/strong>et <strong data-start=\"126\" data-end=\"157\">vitesses d'\u00e9criture jusqu'\u00e0 800 Mo\/s<\/strong>avec une garantie d'\u00e9criture soutenue \u00e0 <strong data-start=\"196\" data-end=\"217\">700 Mo\/s (VPG400)<\/strong>-id\u00e9al pour les enregistrements \u00e0 haute fr\u00e9quence d'images, comme 120 images par seconde<\/span> .<\/p>\n<p data-start=\"178\" data-end=\"331\"><span class=\"relative -mx-px my-[-0.2rem] rounded px-px py-[0.2rem] transition-colors duration-100 ease-in-out\">Sa g\u00e9n\u00e9rosit\u00e9 <strong data-start=\"13\" data-end=\"32\">Capacit\u00e9 de 320 Go<\/strong> vous permet de r\u00e9aliser de longues sessions de prises de vue sans changer de carte. De construction robuste, il r\u00e9siste <strong data-start=\"111\" data-end=\"156\">large gamme de temp\u00e9ratures (-10 \u00b0C \u00e0 70 \u00b0C)<\/strong>, <strong data-start=\"158\" data-end=\"185\">chocs importants (jusqu'\u00e0 50G)<\/strong>et <strong data-start=\"191\" data-end=\"204\">vibration<\/strong>La fiabilit\u00e9 est garantie dans les environnements ext\u00e9rieurs et les studios les plus exigeants<\/span> . <span class=\"relative -mx-px my-[-0.2rem] rounded px-px py-[0.2rem] transition-colors duration-100 ease-in-out\">Soutenu par un <strong data-start=\"12\" data-end=\"41\">garantie limit\u00e9e \u00e0 vie<\/strong>La s\u00e9rie Gold offre une confiance \u00e0 long terme<\/span> .<\/p>\n<p>Louez-le maintenant sur <a href=\"https:\/\/www.cinesouk.ma\/fr\">CINESOUK<\/a> - une marque de <a href=\"https:\/\/www.broadway.ma\/\">BROADWAY PRODUCTIONS SARL.<\/a><\/p>","protected":false},"excerpt":{"rendered":"<h3>Sp\u00e9cifications :<\/h3>\n<ul>\n<li data-start=\"227\" data-end=\"251\">\n<p data-start=\"229\" data-end=\"251\"><strong data-start=\"229\" data-end=\"242\">Capacit\u00e9 :<\/strong> 320 GO<\/p>\n<\/li>\n<li data-start=\"252\" data-end=\"287\">\n<p data-start=\"254\" data-end=\"287\"><strong data-start=\"254\" data-end=\"268\">Type de carte :<\/strong> CFexpress Type A<\/p>\n<\/li>\n<li data-start=\"288\" data-end=\"325\">\n<p data-start=\"290\" data-end=\"325\"><strong data-start=\"290\" data-end=\"304\">Interface :<\/strong> PCI Express 3.0 \u00d71<\/p>\n<\/li>\n<li data-start=\"326\" data-end=\"366\">\n<p data-start=\"328\" data-end=\"366\"><strong data-start=\"328\" data-end=\"349\">Vitesse de lecture (max.) :<\/strong> Jusqu'\u00e0 900 Mo\/s<\/p>\n<\/li>\n<li data-start=\"367\" data-end=\"408\">\n<p data-start=\"369\" data-end=\"408\"><strong data-start=\"369\" data-end=\"391\">Vitesse d'\u00e9criture (max) :<\/strong> Jusqu'\u00e0 800 Mo\/s<\/p>\n<\/li>\n<li data-start=\"409\" data-end=\"475\">\n<p data-start=\"411\" data-end=\"475\"><strong data-start=\"411\" data-end=\"437\">Vitesse d'\u00e9criture soutenue :<\/strong> Minimum 700 MB\/s (certifi\u00e9 VPG400)<\/p>\n<\/li>\n<li data-start=\"476\" data-end=\"524\">\n<p data-start=\"478\" data-end=\"524\"><strong data-start=\"478\" data-end=\"502\">Vitesse d'\u00e9criture minimale :<\/strong> 400 Mo\/s garantis<\/p>\n<\/li>\n<li data-start=\"525\" data-end=\"571\">\n<p data-start=\"527\" data-end=\"571\"><strong data-start=\"527\" data-end=\"553\">Temp\u00e9rature de fonctionnement :<\/strong> De -10 \u00b0C \u00e0 70 \u00b0C<\/p>\n<\/li>\n<li data-start=\"572\" data-end=\"616\">\n<p data-start=\"574\" data-end=\"616\"><strong data-start=\"574\" data-end=\"598\">Temp\u00e9rature de stockage :<\/strong> -25 \u00b0C \u00e0 85 \u00b0C<\/p>\n<\/li>\n<li data-start=\"617\" data-end=\"664\">\n<p data-start=\"619\" data-end=\"664\"><strong data-start=\"619\" data-end=\"640\">R\u00e9sistance aux chocs :<\/strong> 50 G (dur\u00e9e 11 ms)<\/p>\n<\/li>\n<li data-start=\"665\" data-end=\"705\">\n<p data-start=\"667\" data-end=\"705\"><strong data-start=\"667\" data-end=\"692\">R\u00e9sistance aux vibrations :<\/strong> 10-2000 Hz<\/p>\n<\/li>\n<li data-start=\"706\" data-end=\"756\">\n<p data-start=\"708\" data-end=\"756\"><strong data-start=\"708\" data-end=\"723\">Dimensions :<\/strong> Environ 20 mm \u00d7 28 mm \u00d7 2,8 mm<\/p>\n<\/li>\n<li data-start=\"757\" data-end=\"788\">\n<p data-start=\"759\" data-end=\"788\"><strong data-start=\"759\" data-end=\"770\">Poids :<\/strong> Environ 4 grammes<\/p>\n<\/li>\n<li data-start=\"757\" data-end=\"788\">\n<p data-start=\"759\" data-end=\"788\"><strong data-start=\"552\" data-end=\"569\">Fabricant :<\/strong> Sony<\/p>\n<\/li>\n<\/ul>","protected":false},"featured_media":13760,"template":"","meta":{"om_disable_all_campaigns":false,"_monsterinsights_skip_tracking":false,"_monsterinsights_sitenote_active":false,"_monsterinsights_sitenote_note":"","_monsterinsights_sitenote_category":0,"_uf_show_specific_survey":0,"_uf_disable_surveys":false},"product_brand":[],"product_cat":[37],"product_tag":[],"class_list":{"0":"post-13749","1":"product","2":"type-product","3":"status-publish","4":"has-post-thumbnail","6":"product_cat-accessories-cinesouk","8":"entry","9":"has-media","11":"first","12":"instock","13":"taxable","14":"shipping-taxable","15":"purchasable","16":"product-type-variable","17":"has-product-nav","18":"col","19":"span_1_of_3","20":"owp-content-center","21":"owp-thumbs-layout-horizontal","22":"owp-btn-normal","23":"owp-tabs-layout-horizontal","24":"has-no-thumbnails"},"yoast_head":"<!-- This site is optimized with the Yoast SEO Premium plugin v26.0 (Yoast SEO v26.0) - https:\/\/yoast.com\/wordpress\/plugins\/seo\/ -->\n<title>Lexar 320GB Professional CFexpress Type A card Gold - CineSouk - For rent<\/title>\n<meta name=\"description\" content=\"320\u202fGB Lexar CFexpress Type\u202fA Gold: VPG400, 900\u202fMB\/s read, 700\u202fMB\/s sustained write. Perfect for high-frame-rate and 8K video.- CineSouk\" \/>\n<meta name=\"robots\" content=\"index, follow, max-snippet:-1, max-image-preview:large, max-video-preview:-1\" \/>\n<link rel=\"canonical\" href=\"https:\/\/www.cinesouk.ma\/fr\/produit\/lexar-320gb-professional-cfexpress-type-a-card-gold\/\" \/>\n<meta property=\"og:locale\" content=\"fr_FR\" \/>\n<meta property=\"og:type\" content=\"article\" \/>\n<meta property=\"og:title\" content=\"Lexar 320GB Professional CFexpress Type A card Gold\" \/>\n<meta property=\"og:description\" content=\"320\u202fGB Lexar CFexpress Type\u202fA Gold: VPG400, 900\u202fMB\/s read, 700\u202fMB\/s sustained write. Perfect for high-frame-rate and 8K video - CineSouk\" \/>\n<meta property=\"og:url\" content=\"https:\/\/www.cinesouk.ma\/fr\/produit\/lexar-320gb-professional-cfexpress-type-a-card-gold\/\" \/>\n<meta property=\"og:site_name\" content=\"CineSouk\" \/>\n<meta property=\"article:modified_time\" content=\"2025-08-18T08:33:17+00:00\" \/>\n<meta property=\"og:image\" content=\"https:\/\/www.cinesouk.ma\/wp-content\/uploads\/2025\/07\/Lexar-320GB-Professional-CFexpress-Type-A-card-Gold.jpg\" \/>\n\t<meta property=\"og:image:width\" content=\"300\" \/>\n\t<meta property=\"og:image:height\" content=\"238\" \/>\n\t<meta property=\"og:image:type\" content=\"image\/jpeg\" \/>\n<meta name=\"twitter:card\" content=\"summary_large_image\" \/>\n<meta name=\"twitter:description\" content=\"Experience high-speed data transfer with the Sony CF Express Type A 80GB 800MB\/S memory card. - CineSouk\" \/>\n<meta name=\"twitter:label1\" content=\"Dur\u00e9e de lecture estim\u00e9e\" \/>\n\t<meta name=\"twitter:data1\" content=\"1 minute\" \/>\n<script type=\"application\/ld+json\" class=\"yoast-schema-graph\">{\"@context\":\"https:\/\/schema.org\",\"@graph\":[{\"@type\":\"WebPage\",\"@id\":\"https:\/\/www.cinesouk.ma\/product\/lexar-320gb-professional-cfexpress-type-a-card-gold\/\",\"url\":\"https:\/\/www.cinesouk.ma\/product\/lexar-320gb-professional-cfexpress-type-a-card-gold\/\",\"name\":\"Lexar 320GB Professional CFexpress Type A card Gold - CineSouk - For rent\",\"isPartOf\":{\"@id\":\"https:\/\/www.cinesouk.ma\/#website\"},\"primaryImageOfPage\":{\"@id\":\"https:\/\/www.cinesouk.ma\/product\/lexar-320gb-professional-cfexpress-type-a-card-gold\/#primaryimage\"},\"image\":{\"@id\":\"https:\/\/www.cinesouk.ma\/product\/lexar-320gb-professional-cfexpress-type-a-card-gold\/#primaryimage\"},\"thumbnailUrl\":\"https:\/\/www.cinesouk.ma\/wp-content\/uploads\/2025\/07\/Lexar-320GB-Professional-CFexpress-Type-A-card-Gold.jpg\",\"datePublished\":\"2025-07-05T13:54:54+00:00\",\"dateModified\":\"2025-08-18T08:33:17+00:00\",\"description\":\"320\u202fGB Lexar CFexpress Type\u202fA Gold: VPG400, 900\u202fMB\/s read, 700\u202fMB\/s sustained write. Perfect for high-frame-rate and 8K video.- CineSouk\",\"breadcrumb\":{\"@id\":\"https:\/\/www.cinesouk.ma\/product\/lexar-320gb-professional-cfexpress-type-a-card-gold\/#breadcrumb\"},\"inLanguage\":\"fr-FR\",\"potentialAction\":[{\"@type\":\"ReadAction\",\"target\":[\"https:\/\/www.cinesouk.ma\/product\/lexar-320gb-professional-cfexpress-type-a-card-gold\/\"]}]},{\"@type\":\"ImageObject\",\"inLanguage\":\"fr-FR\",\"@id\":\"https:\/\/www.cinesouk.ma\/product\/lexar-320gb-professional-cfexpress-type-a-card-gold\/#primaryimage\",\"url\":\"https:\/\/www.cinesouk.ma\/wp-content\/uploads\/2025\/07\/Lexar-320GB-Professional-CFexpress-Type-A-card-Gold.jpg\",\"contentUrl\":\"https:\/\/www.cinesouk.ma\/wp-content\/uploads\/2025\/07\/Lexar-320GB-Professional-CFexpress-Type-A-card-Gold.jpg\",\"width\":300,\"height\":238},{\"@type\":\"BreadcrumbList\",\"@id\":\"https:\/\/www.cinesouk.ma\/product\/lexar-320gb-professional-cfexpress-type-a-card-gold\/#breadcrumb\",\"itemListElement\":[{\"@type\":\"ListItem\",\"position\":1,\"name\":\"Home\",\"item\":\"https:\/\/www.cinesouk.ma\/\"},{\"@type\":\"ListItem\",\"position\":2,\"name\":\"Shop\",\"item\":\"https:\/\/www.cinesouk.ma\/shop\/\"},{\"@type\":\"ListItem\",\"position\":3,\"name\":\"Lexar 320GB Professional CFexpress Type A card Gold\"}]},{\"@type\":\"WebSite\",\"@id\":\"https:\/\/www.cinesouk.ma\/#website\",\"url\":\"https:\/\/www.cinesouk.ma\/\",\"name\":\"CineSouk\",\"description\":\"\",\"publisher\":{\"@id\":\"https:\/\/www.cinesouk.ma\/#organization\"},\"potentialAction\":[{\"@type\":\"SearchAction\",\"target\":{\"@type\":\"EntryPoint\",\"urlTemplate\":\"https:\/\/www.cinesouk.ma\/?s={search_term_string}\"},\"query-input\":{\"@type\":\"PropertyValueSpecification\",\"valueRequired\":true,\"valueName\":\"search_term_string\"}}],\"inLanguage\":\"fr-FR\"},{\"@type\":\"Organization\",\"@id\":\"https:\/\/www.cinesouk.ma\/#organization\",\"name\":\"CineSouk\",\"url\":\"https:\/\/www.cinesouk.ma\/\",\"logo\":{\"@type\":\"ImageObject\",\"inLanguage\":\"fr-FR\",\"@id\":\"https:\/\/www.cinesouk.ma\/#\/schema\/logo\/image\/\",\"url\":\"https:\/\/www.cinesouk.ma\/wp-content\/uploads\/2024\/01\/CineSouk-logo-v01-alpha-alligned-left.png\",\"contentUrl\":\"https:\/\/www.cinesouk.ma\/wp-content\/uploads\/2024\/01\/CineSouk-logo-v01-alpha-alligned-left.png\",\"width\":3204,\"height\":889,\"caption\":\"CineSouk\"},\"image\":{\"@id\":\"https:\/\/www.cinesouk.ma\/#\/schema\/logo\/image\/\"}}]}<\/script>\n<!-- \/ Yoast SEO Premium plugin. -->","yoast_head_json":{"title":"Lexar 320GB Professional CFexpress Type A card Gold - CineSouk - For rent","description":"320\u202fGB Lexar CFexpress Type\u202fA Gold: VPG400, 900\u202fMB\/s read, 700\u202fMB\/s sustained write. Perfect for high-frame-rate and 8K video.- CineSouk","robots":{"index":"index","follow":"follow","max-snippet":"max-snippet:-1","max-image-preview":"max-image-preview:large","max-video-preview":"max-video-preview:-1"},"canonical":"https:\/\/www.cinesouk.ma\/fr\/produit\/lexar-320gb-professional-cfexpress-type-a-card-gold\/","og_locale":"fr_FR","og_type":"article","og_title":"Lexar 320GB Professional CFexpress Type A card Gold","og_description":"320\u202fGB Lexar CFexpress Type\u202fA Gold: VPG400, 900\u202fMB\/s read, 700\u202fMB\/s sustained write. Perfect for high-frame-rate and 8K video - CineSouk","og_url":"https:\/\/www.cinesouk.ma\/fr\/produit\/lexar-320gb-professional-cfexpress-type-a-card-gold\/","og_site_name":"CineSouk","article_modified_time":"2025-08-18T08:33:17+00:00","og_image":[{"width":300,"height":238,"url":"https:\/\/www.cinesouk.ma\/wp-content\/uploads\/2025\/07\/Lexar-320GB-Professional-CFexpress-Type-A-card-Gold.jpg","type":"image\/jpeg"}],"twitter_card":"summary_large_image","twitter_description":"Experience high-speed data transfer with the Sony CF Express Type A 80GB 800MB\/S memory card. - CineSouk","twitter_misc":{"Dur\u00e9e de lecture estim\u00e9e":"1 minute"},"schema":{"@context":"https:\/\/schema.org","@graph":[{"@type":"WebPage","@id":"https:\/\/www.cinesouk.ma\/product\/lexar-320gb-professional-cfexpress-type-a-card-gold\/","url":"https:\/\/www.cinesouk.ma\/product\/lexar-320gb-professional-cfexpress-type-a-card-gold\/","name":"Lexar 320GB Professional CFexpress Type A card Gold - CineSouk - For rent","isPartOf":{"@id":"https:\/\/www.cinesouk.ma\/#website"},"primaryImageOfPage":{"@id":"https:\/\/www.cinesouk.ma\/product\/lexar-320gb-professional-cfexpress-type-a-card-gold\/#primaryimage"},"image":{"@id":"https:\/\/www.cinesouk.ma\/product\/lexar-320gb-professional-cfexpress-type-a-card-gold\/#primaryimage"},"thumbnailUrl":"https:\/\/www.cinesouk.ma\/wp-content\/uploads\/2025\/07\/Lexar-320GB-Professional-CFexpress-Type-A-card-Gold.jpg","datePublished":"2025-07-05T13:54:54+00:00","dateModified":"2025-08-18T08:33:17+00:00","description":"320\u202fGB Lexar CFexpress Type\u202fA Gold: VPG400, 900\u202fMB\/s read, 700\u202fMB\/s sustained write. Perfect for high-frame-rate and 8K video.- CineSouk","breadcrumb":{"@id":"https:\/\/www.cinesouk.ma\/product\/lexar-320gb-professional-cfexpress-type-a-card-gold\/#breadcrumb"},"inLanguage":"fr-FR","potentialAction":[{"@type":"ReadAction","target":["https:\/\/www.cinesouk.ma\/product\/lexar-320gb-professional-cfexpress-type-a-card-gold\/"]}]},{"@type":"ImageObject","inLanguage":"fr-FR","@id":"https:\/\/www.cinesouk.ma\/product\/lexar-320gb-professional-cfexpress-type-a-card-gold\/#primaryimage","url":"https:\/\/www.cinesouk.ma\/wp-content\/uploads\/2025\/07\/Lexar-320GB-Professional-CFexpress-Type-A-card-Gold.jpg","contentUrl":"https:\/\/www.cinesouk.ma\/wp-content\/uploads\/2025\/07\/Lexar-320GB-Professional-CFexpress-Type-A-card-Gold.jpg","width":300,"height":238},{"@type":"BreadcrumbList","@id":"https:\/\/www.cinesouk.ma\/product\/lexar-320gb-professional-cfexpress-type-a-card-gold\/#breadcrumb","itemListElement":[{"@type":"ListItem","position":1,"name":"Home","item":"https:\/\/www.cinesouk.ma\/"},{"@type":"ListItem","position":2,"name":"Shop","item":"https:\/\/www.cinesouk.ma\/shop\/"},{"@type":"ListItem","position":3,"name":"Lexar 320GB Professional CFexpress Type A card Gold"}]},{"@type":"WebSite","@id":"https:\/\/www.cinesouk.ma\/#website","url":"https:\/\/www.cinesouk.ma\/","name":"CineSouk","description":"","publisher":{"@id":"https:\/\/www.cinesouk.ma\/#organization"},"potentialAction":[{"@type":"SearchAction","target":{"@type":"EntryPoint","urlTemplate":"https:\/\/www.cinesouk.ma\/?s={search_term_string}"},"query-input":{"@type":"PropertyValueSpecification","valueRequired":true,"valueName":"search_term_string"}}],"inLanguage":"fr-FR"},{"@type":"Organization","@id":"https:\/\/www.cinesouk.ma\/#organization","name":"CineSouk","url":"https:\/\/www.cinesouk.ma\/","logo":{"@type":"ImageObject","inLanguage":"fr-FR","@id":"https:\/\/www.cinesouk.ma\/#\/schema\/logo\/image\/","url":"https:\/\/www.cinesouk.ma\/wp-content\/uploads\/2024\/01\/CineSouk-logo-v01-alpha-alligned-left.png","contentUrl":"https:\/\/www.cinesouk.ma\/wp-content\/uploads\/2024\/01\/CineSouk-logo-v01-alpha-alligned-left.png","width":3204,"height":889,"caption":"CineSouk"},"image":{"@id":"https:\/\/www.cinesouk.ma\/#\/schema\/logo\/image\/"}}]}},"_links":{"self":[{"href":"https:\/\/www.cinesouk.ma\/fr\/wp-json\/wp\/v2\/product\/13749","targetHints":{"allow":["GET"]}}],"collection":[{"href":"https:\/\/www.cinesouk.ma\/fr\/wp-json\/wp\/v2\/product"}],"about":[{"href":"https:\/\/www.cinesouk.ma\/fr\/wp-json\/wp\/v2\/types\/product"}],"wp:featuredmedia":[{"embeddable":true,"href":"https:\/\/www.cinesouk.ma\/fr\/wp-json\/wp\/v2\/media\/13760"}],"wp:attachment":[{"href":"https:\/\/www.cinesouk.ma\/fr\/wp-json\/wp\/v2\/media?parent=13749"}],"wp:term":[{"taxonomy":"product_brand","embeddable":true,"href":"https:\/\/www.cinesouk.ma\/fr\/wp-json\/wp\/v2\/product_brand?post=13749"},{"taxonomy":"product_cat","embeddable":true,"href":"https:\/\/www.cinesouk.ma\/fr\/wp-json\/wp\/v2\/product_cat?post=13749"},{"taxonomy":"product_tag","embeddable":true,"href":"https:\/\/www.cinesouk.ma\/fr\/wp-json\/wp\/v2\/product_tag?post=13749"}],"curies":[{"name":"wp","href":"https:\/\/api.w.org\/{rel}","templated":true}]}}