{"id":13761,"date":"2026-03-07T10:58:11","date_gmt":"2026-03-07T10:58:11","guid":{"rendered":"https:\/\/www.cinesouk.ma\/?post_type=product&#038;p=13761"},"modified":"2026-03-07T10:58:15","modified_gmt":"2026-03-07T10:58:15","slug":"sony-fx3a-body-only","status":"publish","type":"product","link":"https:\/\/www.cinesouk.ma\/fr\/produit\/sony-fx3a-body-only\/","title":{"rendered":"Sony FX3A (bo\u00eetier uniquement)"},"content":{"rendered":"<p><em><strong>Remarque : dans ce prix\/combinaison, l'objectif sur la photo n'est pas inclus ! Des kits s\u00e9par\u00e9s comprenant un objectif sont disponibles s\u00e9par\u00e9ment.<\/strong><\/em><\/p>\n<p>L'appareil photo Sony FX3A est un appareil photo CMOS plein format avanc\u00e9 disponible \u00e0 la location chez Cinesouk, dans la vibrante ville de Marrakech, au Maroc.<\/p>\n<h3>Des images de cam\u00e9ra d'une clart\u00e9 cristalline :<\/h3>\n<p>La cam\u00e9ra offre une r\u00e9solution 4K UHD \u00e9poustouflante, garantissant que chaque image est d'une clart\u00e9 et d'un d\u00e9tail \u00e9clatants. Id\u00e9ale pour les cin\u00e9astes en qu\u00eate d'une qualit\u00e9 irr\u00e9prochable, c'est la cam\u00e9ra id\u00e9ale pour capturer l'essence de chaque sc\u00e8ne.<\/p>\n<h3>Mobilit\u00e9 sans effort et pr\u00e9cision impeccable :<\/h3>\n<p>La conception l\u00e9g\u00e8re am\u00e9liore la mobilit\u00e9 sans compromettre les performances. Associ\u00e9e \u00e0 un autofocus avanc\u00e9, la cam\u00e9ra Sony FX3A devient le prolongement de votre vision cr\u00e9ative. Elle garantit la pr\u00e9cision dans la capture de chaque instant fugace et permet aux professionnels chevronn\u00e9s comme aux cin\u00e9astes enthousiastes de s'exprimer.<\/p>\n<h3>L'excellence technologique red\u00e9finie :<\/h3>\n<p>Con\u00e7ue pour r\u00e9pondre aux besoins d'une cin\u00e9matographie dynamique, la FX3A de Sony t\u00e9moigne de l'excellence technologique.<\/p>\n<p>Louez-le maintenant sur <a href=\"https:\/\/www.cinesouk.ma\/fr\">CINESOUK<\/a> Marrakech - une marque de <a href=\"https:\/\/www.broadway.ma\/\">BROADWAY PRODUCTIONS SARL.<\/a><\/p>","protected":false},"excerpt":{"rendered":"<p>Sp\u00e9cifications de l'appareil photo Sony FX3A<\/p>\n<p>Type de capteur : CMOS plein cadre<br \/>\nR\u00e9solution : 4K UHD (3840 x 2160)<br \/>\nPlage ISO : 80-102400 (extensible \u00e0 40-409600)<br \/>\nTaux de rafra\u00eechissement : Jusqu'\u00e0 120 images par seconde (4K)<br \/>\nAutofocus : Mise au point automatique hybride rapide avec mise au point automatique de l'\u0153il en temps r\u00e9el<br \/>\nMonture d'objectif : Monture E<br \/>\nPoids : 715g<br \/>\nDimensions : 129,7 x 96,9 x 80,8 mm : 129,7 x 96,9 x 80,8 mm<\/p>","protected":false},"featured_media":10617,"template":"","meta":{"om_disable_all_campaigns":false,"_monsterinsights_skip_tracking":false,"_monsterinsights_sitenote_active":false,"_monsterinsights_sitenote_note":"","_monsterinsights_sitenote_category":0,"_uf_show_specific_survey":0,"_uf_disable_surveys":false},"product_brand":[],"product_cat":[34,83,53],"product_tag":[],"class_list":{"0":"post-13761","1":"product","2":"type-product","3":"status-publish","4":"has-post-thumbnail","6":"product_cat-camera-cinesouk","7":"product_cat-efp-eng-cinesouk","8":"product_cat-popular-cinesouk","10":"entry","11":"has-media","13":"first","14":"instock","15":"taxable","16":"shipping-taxable","17":"purchasable","18":"product-type-variable","19":"has-product-nav","20":"col","21":"span_1_of_3","22":"owp-content-center","23":"owp-thumbs-layout-horizontal","24":"owp-btn-normal","25":"owp-tabs-layout-horizontal"},"yoast_head":"<!-- This site is optimized with the Yoast SEO Premium plugin v26.0 (Yoast SEO v26.0) - https:\/\/yoast.com\/wordpress\/plugins\/seo\/ -->\n<title>Sony FX3A Camera (body only) - Camera - rental - Marrakech | Morocco - CineSouk - For rent<\/title>\n<meta name=\"description\" content=\"Enhance your audiovisual projects with Sony FX3A Camera. Rent now at Cinesouk for top-notch cinematography equipment in Marrakech.\" \/>\n<meta name=\"robots\" content=\"index, follow, max-snippet:-1, max-image-preview:large, max-video-preview:-1\" \/>\n<link rel=\"canonical\" href=\"https:\/\/www.cinesouk.ma\/fr\/produit\/sony-fx3a-body-only\/\" \/>\n<meta property=\"og:locale\" content=\"fr_FR\" \/>\n<meta property=\"og:type\" content=\"article\" \/>\n<meta property=\"og:title\" content=\"Sony FX3A Camera (body only)\" \/>\n<meta property=\"og:description\" content=\"Enhance your audiovisual projects with Sony FX3A Camera. Rent now at Cinesouk for top-notch cinematography equipment in Marrakech.\" \/>\n<meta property=\"og:url\" content=\"https:\/\/www.cinesouk.ma\/fr\/produit\/sony-fx3a-body-only\/\" \/>\n<meta property=\"og:site_name\" content=\"CineSouk\" \/>\n<meta property=\"article:modified_time\" content=\"2026-03-07T10:58:15+00:00\" \/>\n<meta property=\"og:image\" content=\"https:\/\/www.cinesouk.ma\/wp-content\/uploads\/2024\/08\/Sony-fx3.jpg\" \/>\n\t<meta property=\"og:image:width\" content=\"300\" \/>\n\t<meta property=\"og:image:height\" content=\"238\" \/>\n\t<meta property=\"og:image:type\" content=\"image\/jpeg\" \/>\n<meta name=\"twitter:card\" content=\"summary_large_image\" \/>\n<meta name=\"twitter:description\" content=\"Enhance your audiovisual projects with Sony FX3 Camera. Rent now at Cinesouk for top-notch cinematography equipment in Marrakech.\" \/>\n<meta name=\"twitter:label1\" content=\"Dur\u00e9e de lecture estim\u00e9e\" \/>\n\t<meta name=\"twitter:data1\" content=\"1 minute\" \/>\n<script type=\"application\/ld+json\" class=\"yoast-schema-graph\">{\"@context\":\"https:\/\/schema.org\",\"@graph\":[{\"@type\":\"WebPage\",\"@id\":\"https:\/\/www.cinesouk.ma\/product\/sony-fx3a-body-only\/\",\"url\":\"https:\/\/www.cinesouk.ma\/product\/sony-fx3a-body-only\/\",\"name\":\"Sony FX3A Camera (body only) - Camera - rental - Marrakech | Morocco - CineSouk - For rent\",\"isPartOf\":{\"@id\":\"https:\/\/www.cinesouk.ma\/#website\"},\"primaryImageOfPage\":{\"@id\":\"https:\/\/www.cinesouk.ma\/product\/sony-fx3a-body-only\/#primaryimage\"},\"image\":{\"@id\":\"https:\/\/www.cinesouk.ma\/product\/sony-fx3a-body-only\/#primaryimage\"},\"thumbnailUrl\":\"https:\/\/www.cinesouk.ma\/wp-content\/uploads\/2024\/08\/Sony-fx3.jpg\",\"datePublished\":\"2026-03-07T10:58:11+00:00\",\"dateModified\":\"2026-03-07T10:58:15+00:00\",\"description\":\"Enhance your audiovisual projects with Sony FX3A Camera. Rent now at Cinesouk for top-notch cinematography equipment in Marrakech.\",\"breadcrumb\":{\"@id\":\"https:\/\/www.cinesouk.ma\/product\/sony-fx3a-body-only\/#breadcrumb\"},\"inLanguage\":\"fr-FR\",\"potentialAction\":[{\"@type\":\"ReadAction\",\"target\":[\"https:\/\/www.cinesouk.ma\/product\/sony-fx3a-body-only\/\"]}]},{\"@type\":\"ImageObject\",\"inLanguage\":\"fr-FR\",\"@id\":\"https:\/\/www.cinesouk.ma\/product\/sony-fx3a-body-only\/#primaryimage\",\"url\":\"https:\/\/www.cinesouk.ma\/wp-content\/uploads\/2024\/08\/Sony-fx3.jpg\",\"contentUrl\":\"https:\/\/www.cinesouk.ma\/wp-content\/uploads\/2024\/08\/Sony-fx3.jpg\",\"width\":300,\"height\":238,\"caption\":\"Sony fx3\"},{\"@type\":\"BreadcrumbList\",\"@id\":\"https:\/\/www.cinesouk.ma\/product\/sony-fx3a-body-only\/#breadcrumb\",\"itemListElement\":[{\"@type\":\"ListItem\",\"position\":1,\"name\":\"Home\",\"item\":\"https:\/\/www.cinesouk.ma\/\"},{\"@type\":\"ListItem\",\"position\":2,\"name\":\"Shop\",\"item\":\"https:\/\/www.cinesouk.ma\/shop\/\"},{\"@type\":\"ListItem\",\"position\":3,\"name\":\"Sony FX3A Camera (body only)\"}]},{\"@type\":\"WebSite\",\"@id\":\"https:\/\/www.cinesouk.ma\/#website\",\"url\":\"https:\/\/www.cinesouk.ma\/\",\"name\":\"CineSouk\",\"description\":\"\",\"publisher\":{\"@id\":\"https:\/\/www.cinesouk.ma\/#organization\"},\"potentialAction\":[{\"@type\":\"SearchAction\",\"target\":{\"@type\":\"EntryPoint\",\"urlTemplate\":\"https:\/\/www.cinesouk.ma\/?s={search_term_string}\"},\"query-input\":{\"@type\":\"PropertyValueSpecification\",\"valueRequired\":true,\"valueName\":\"search_term_string\"}}],\"inLanguage\":\"fr-FR\"},{\"@type\":\"Organization\",\"@id\":\"https:\/\/www.cinesouk.ma\/#organization\",\"name\":\"CineSouk\",\"url\":\"https:\/\/www.cinesouk.ma\/\",\"logo\":{\"@type\":\"ImageObject\",\"inLanguage\":\"fr-FR\",\"@id\":\"https:\/\/www.cinesouk.ma\/#\/schema\/logo\/image\/\",\"url\":\"https:\/\/www.cinesouk.ma\/wp-content\/uploads\/2024\/01\/CineSouk-logo-v01-alpha-alligned-left.png\",\"contentUrl\":\"https:\/\/www.cinesouk.ma\/wp-content\/uploads\/2024\/01\/CineSouk-logo-v01-alpha-alligned-left.png\",\"width\":3204,\"height\":889,\"caption\":\"CineSouk\"},\"image\":{\"@id\":\"https:\/\/www.cinesouk.ma\/#\/schema\/logo\/image\/\"}}]}<\/script>\n<!-- \/ Yoast SEO Premium plugin. -->","yoast_head_json":{"title":"Sony FX3A Camera (body only) - Camera - rental - Marrakech | Morocco - CineSouk - For rent","description":"Enhance your audiovisual projects with Sony FX3A Camera. Rent now at Cinesouk for top-notch cinematography equipment in Marrakech.","robots":{"index":"index","follow":"follow","max-snippet":"max-snippet:-1","max-image-preview":"max-image-preview:large","max-video-preview":"max-video-preview:-1"},"canonical":"https:\/\/www.cinesouk.ma\/fr\/produit\/sony-fx3a-body-only\/","og_locale":"fr_FR","og_type":"article","og_title":"Sony FX3A Camera (body only)","og_description":"Enhance your audiovisual projects with Sony FX3A Camera. Rent now at Cinesouk for top-notch cinematography equipment in Marrakech.","og_url":"https:\/\/www.cinesouk.ma\/fr\/produit\/sony-fx3a-body-only\/","og_site_name":"CineSouk","article_modified_time":"2026-03-07T10:58:15+00:00","og_image":[{"width":300,"height":238,"url":"https:\/\/www.cinesouk.ma\/wp-content\/uploads\/2024\/08\/Sony-fx3.jpg","type":"image\/jpeg"}],"twitter_card":"summary_large_image","twitter_description":"Enhance your audiovisual projects with Sony FX3 Camera. Rent now at Cinesouk for top-notch cinematography equipment in Marrakech.","twitter_misc":{"Dur\u00e9e de lecture estim\u00e9e":"1 minute"},"schema":{"@context":"https:\/\/schema.org","@graph":[{"@type":"WebPage","@id":"https:\/\/www.cinesouk.ma\/product\/sony-fx3a-body-only\/","url":"https:\/\/www.cinesouk.ma\/product\/sony-fx3a-body-only\/","name":"Sony FX3A Camera (body only) - Camera - rental - Marrakech | Morocco - CineSouk - For rent","isPartOf":{"@id":"https:\/\/www.cinesouk.ma\/#website"},"primaryImageOfPage":{"@id":"https:\/\/www.cinesouk.ma\/product\/sony-fx3a-body-only\/#primaryimage"},"image":{"@id":"https:\/\/www.cinesouk.ma\/product\/sony-fx3a-body-only\/#primaryimage"},"thumbnailUrl":"https:\/\/www.cinesouk.ma\/wp-content\/uploads\/2024\/08\/Sony-fx3.jpg","datePublished":"2026-03-07T10:58:11+00:00","dateModified":"2026-03-07T10:58:15+00:00","description":"Enhance your audiovisual projects with Sony FX3A Camera. Rent now at Cinesouk for top-notch cinematography equipment in Marrakech.","breadcrumb":{"@id":"https:\/\/www.cinesouk.ma\/product\/sony-fx3a-body-only\/#breadcrumb"},"inLanguage":"fr-FR","potentialAction":[{"@type":"ReadAction","target":["https:\/\/www.cinesouk.ma\/product\/sony-fx3a-body-only\/"]}]},{"@type":"ImageObject","inLanguage":"fr-FR","@id":"https:\/\/www.cinesouk.ma\/product\/sony-fx3a-body-only\/#primaryimage","url":"https:\/\/www.cinesouk.ma\/wp-content\/uploads\/2024\/08\/Sony-fx3.jpg","contentUrl":"https:\/\/www.cinesouk.ma\/wp-content\/uploads\/2024\/08\/Sony-fx3.jpg","width":300,"height":238,"caption":"Sony fx3"},{"@type":"BreadcrumbList","@id":"https:\/\/www.cinesouk.ma\/product\/sony-fx3a-body-only\/#breadcrumb","itemListElement":[{"@type":"ListItem","position":1,"name":"Home","item":"https:\/\/www.cinesouk.ma\/"},{"@type":"ListItem","position":2,"name":"Shop","item":"https:\/\/www.cinesouk.ma\/shop\/"},{"@type":"ListItem","position":3,"name":"Sony FX3A Camera (body only)"}]},{"@type":"WebSite","@id":"https:\/\/www.cinesouk.ma\/#website","url":"https:\/\/www.cinesouk.ma\/","name":"CineSouk","description":"","publisher":{"@id":"https:\/\/www.cinesouk.ma\/#organization"},"potentialAction":[{"@type":"SearchAction","target":{"@type":"EntryPoint","urlTemplate":"https:\/\/www.cinesouk.ma\/?s={search_term_string}"},"query-input":{"@type":"PropertyValueSpecification","valueRequired":true,"valueName":"search_term_string"}}],"inLanguage":"fr-FR"},{"@type":"Organization","@id":"https:\/\/www.cinesouk.ma\/#organization","name":"CineSouk","url":"https:\/\/www.cinesouk.ma\/","logo":{"@type":"ImageObject","inLanguage":"fr-FR","@id":"https:\/\/www.cinesouk.ma\/#\/schema\/logo\/image\/","url":"https:\/\/www.cinesouk.ma\/wp-content\/uploads\/2024\/01\/CineSouk-logo-v01-alpha-alligned-left.png","contentUrl":"https:\/\/www.cinesouk.ma\/wp-content\/uploads\/2024\/01\/CineSouk-logo-v01-alpha-alligned-left.png","width":3204,"height":889,"caption":"CineSouk"},"image":{"@id":"https:\/\/www.cinesouk.ma\/#\/schema\/logo\/image\/"}}]}},"_links":{"self":[{"href":"https:\/\/www.cinesouk.ma\/fr\/wp-json\/wp\/v2\/product\/13761","targetHints":{"allow":["GET"]}}],"collection":[{"href":"https:\/\/www.cinesouk.ma\/fr\/wp-json\/wp\/v2\/product"}],"about":[{"href":"https:\/\/www.cinesouk.ma\/fr\/wp-json\/wp\/v2\/types\/product"}],"wp:featuredmedia":[{"embeddable":true,"href":"https:\/\/www.cinesouk.ma\/fr\/wp-json\/wp\/v2\/media\/10617"}],"wp:attachment":[{"href":"https:\/\/www.cinesouk.ma\/fr\/wp-json\/wp\/v2\/media?parent=13761"}],"wp:term":[{"taxonomy":"product_brand","embeddable":true,"href":"https:\/\/www.cinesouk.ma\/fr\/wp-json\/wp\/v2\/product_brand?post=13761"},{"taxonomy":"product_cat","embeddable":true,"href":"https:\/\/www.cinesouk.ma\/fr\/wp-json\/wp\/v2\/product_cat?post=13761"},{"taxonomy":"product_tag","embeddable":true,"href":"https:\/\/www.cinesouk.ma\/fr\/wp-json\/wp\/v2\/product_tag?post=13761"}],"curies":[{"name":"wp","href":"https:\/\/api.w.org\/{rel}","templated":true}]}}