{"id":1379,"date":"2024-01-09T10:33:23","date_gmt":"2024-01-09T10:33:23","guid":{"rendered":"https:\/\/www.cinesouk.ma\/?post_type=product&#038;p=1379"},"modified":"2025-03-21T10:55:44","modified_gmt":"2025-03-21T10:55:44","slug":"tc-electronic-clarity-m-stereo","status":"publish","type":"product","link":"https:\/\/www.cinesouk.ma\/fr\/produit\/tc-electronic-clarity-m-stereo\/","title":{"rendered":"TC Electronic Clarity M Stereo Loudness Meter"},"content":{"rendered":"<p>Le sonom\u00e8tre st\u00e9r\u00e9o Clarity M de TC Electronic est un sonom\u00e8tre st\u00e9r\u00e9o professionnel. Id\u00e9alement adapt\u00e9 au mixage st\u00e9r\u00e9o, au mastering et \u00e0 la post-production, l'\u00e9cran LCD haute r\u00e9solution du sonom\u00e8tre fournit une multitude d'informations de contr\u00f4le en un coup d'\u0153il sur un seul \u00e9cran.<\/p>\n<p>Les options de comptage sont les suivantes :<\/p>\n<ul>\n<li>le l\u00e9gendaire Loudness Radar Meter LM6<\/li>\n<li>un compteur \u00e0 cr\u00eate r\u00e9elle \u00e0 la pointe de la technologie<\/li>\n<li>conformit\u00e9 du downmix ; corr\u00e9lation st\u00e9r\u00e9o<\/li>\n<li>RTA (Real Time Analyzer).<\/li>\n<\/ul>\n<p>Les entr\u00e9es \u00e0 la source sont disponibles dans une vaste gamme d'options, notamment :<\/p>\n<ul>\n<li>USB pour un VST sans probl\u00e8me *<\/li>\n<li>Mesure des plug-ins Audio Units * et AAX *.<\/li>\n<li>Audio num\u00e9rique AES3 st\u00e9r\u00e9o 96 kHz sur connecteurs BNC 75 Ohm ou S\/PDIF via l'adaptateur RCA fourni pour une mesure de qualit\u00e9 radiodiffusion.<\/li>\n<li>st\u00e9r\u00e9o optique pour une flexibilit\u00e9 maximale.<\/li>\n<\/ul>\n<p>Le CLARITY M STEREO est enti\u00e8rement compatible avec les principales normes de diffusion, notamment :<\/p>\n<ul>\n<li>ITU BS.1770-4<\/li>\n<li>ATSC A\/85<\/li>\n<li>UER R128<\/li>\n<li>TR-B32<\/li>\n<li>OP-59<\/li>\n<\/ul>\n<p>Il est recommand\u00e9 pour tous les environnements de studio.<\/p>\n<h4 class=\"mb-2 mt-3 mt-sm-0 font-weight-normal\">Bo\u00eete \u00e0 outils audio<\/h4>\n<p>CLARITY M STEREO offre une v\u00e9ritable bo\u00eete \u00e0 outils de types d'indicateurs pour vous aider \u00e0 prendre les bonnes d\u00e9cisions en mati\u00e8re de mixage et de mastering pour des enregistrements vraiment professionnels.<\/p>\n<h4 class=\"mb-2 mt-3 mt-sm-0 font-weight-normal\">Vector Scope<\/h4>\n<p>En tra\u00e7ant les formes d'ondes audio gauche et droite dans un nuage de forme, l'oscilloscope vectoriel de haute pr\u00e9cision vous aidera \u00e0 identifier les probl\u00e8mes importants d'\u00e9quilibre st\u00e9r\u00e9o et de phase dans votre mixage.<\/p>\n<p>Louez le sonom\u00e8tre st\u00e9r\u00e9o TC Electronic Clarity M sur le site suivant <a href=\"https:\/\/www.cinesouk.ma\/fr\">CINESOUK<\/a> - une marque de <a href=\"https:\/\/www.broadway.ma\/\">BROADWAY PRODUCTIONS SARL.<\/a><\/p>","protected":false},"excerpt":{"rendered":"<p>Sp\u00e9cifications<\/p>\n<p>\u00c9cran : Ecran LCD haute r\u00e9solution de 7\u2033.<br \/>\nNombre de canaux : 2<br \/>\nConnexions : Audio num\u00e9rique AES3 st\u00e9r\u00e9o 96 kHz sur connecteurs BNC 75 Ohm pour une mesure de qualit\u00e9 radiodiffusion<\/p>","protected":false},"featured_media":1408,"template":"","meta":{"om_disable_all_campaigns":false,"_monsterinsights_skip_tracking":false,"_monsterinsights_sitenote_active":false,"_monsterinsights_sitenote_note":"","_monsterinsights_sitenote_category":0,"_uf_show_specific_survey":0,"_uf_disable_surveys":false},"product_brand":[],"product_cat":[59,35],"product_tag":[],"class_list":{"0":"post-1379","1":"product","2":"type-product","3":"status-publish","4":"has-post-thumbnail","6":"product_cat-post-production-cinesouk","7":"product_cat-sound-cinesouk","9":"entry","10":"has-media","12":"first","13":"instock","14":"taxable","15":"shipping-taxable","16":"purchasable","17":"product-type-variable","18":"has-product-nav","19":"col","20":"span_1_of_3","21":"owp-content-center","22":"owp-thumbs-layout-horizontal","23":"owp-btn-normal","24":"owp-tabs-layout-horizontal"},"yoast_head":"<!-- This site is optimized with the Yoast SEO Premium plugin v26.0 (Yoast SEO v26.0) - https:\/\/yoast.com\/wordpress\/plugins\/seo\/ -->\n<title>TC Electronic Clarity M Stereo Loudness Meter - CineSouk - Marrakech | Morocco - For rent<\/title>\n<meta name=\"description\" content=\"TC Electronic Clarity M Stereo is a stereo audio meter with 7&quot; high resolution display and USB connection for seamless integration into your DAW.\" \/>\n<meta name=\"robots\" content=\"index, follow, max-snippet:-1, max-image-preview:large, max-video-preview:-1\" \/>\n<link rel=\"canonical\" href=\"https:\/\/www.cinesouk.ma\/fr\/produit\/tc-electronic-clarity-m-stereo\/\" \/>\n<meta property=\"og:locale\" content=\"fr_FR\" \/>\n<meta property=\"og:type\" content=\"article\" \/>\n<meta property=\"og:title\" content=\"TC Electronic Clarity M Stereo Loudness Meter\" \/>\n<meta property=\"og:description\" content=\"TC Electronic Clarity M Stereo is a stereo audio meter with 7&quot; high resolution display and USB connection for seamless integration into your DAW.\" \/>\n<meta property=\"og:url\" content=\"https:\/\/www.cinesouk.ma\/fr\/produit\/tc-electronic-clarity-m-stereo\/\" \/>\n<meta property=\"og:site_name\" content=\"CineSouk\" \/>\n<meta property=\"article:modified_time\" content=\"2025-03-21T10:55:44+00:00\" \/>\n<meta property=\"og:image\" content=\"https:\/\/www.cinesouk.ma\/wp-content\/uploads\/2024\/01\/TC-Electronic-Clarity-M-Stereo.jpg\" \/>\n\t<meta property=\"og:image:width\" content=\"300\" \/>\n\t<meta property=\"og:image:height\" content=\"238\" \/>\n\t<meta property=\"og:image:type\" content=\"image\/jpeg\" \/>\n<meta name=\"twitter:card\" content=\"summary_large_image\" \/>\n<meta name=\"twitter:description\" content=\"TC Electronic Clarity M Stereo is a stereo audio meter with 7&quot; high resolution display and USB connection for seamless integration into your DAW.\" \/>\n<meta name=\"twitter:label1\" content=\"Dur\u00e9e de lecture estim\u00e9e\" \/>\n\t<meta name=\"twitter:data1\" content=\"2 minutes\" \/>\n<script type=\"application\/ld+json\" class=\"yoast-schema-graph\">{\"@context\":\"https:\/\/schema.org\",\"@graph\":[{\"@type\":\"WebPage\",\"@id\":\"https:\/\/www.cinesouk.ma\/product\/tc-electronic-clarity-m-stereo\/\",\"url\":\"https:\/\/www.cinesouk.ma\/product\/tc-electronic-clarity-m-stereo\/\",\"name\":\"TC Electronic Clarity M Stereo Loudness Meter - CineSouk - Marrakech | Morocco - For rent\",\"isPartOf\":{\"@id\":\"https:\/\/www.cinesouk.ma\/#website\"},\"primaryImageOfPage\":{\"@id\":\"https:\/\/www.cinesouk.ma\/product\/tc-electronic-clarity-m-stereo\/#primaryimage\"},\"image\":{\"@id\":\"https:\/\/www.cinesouk.ma\/product\/tc-electronic-clarity-m-stereo\/#primaryimage\"},\"thumbnailUrl\":\"https:\/\/www.cinesouk.ma\/wp-content\/uploads\/2024\/01\/TC-Electronic-Clarity-M-Stereo.jpg\",\"datePublished\":\"2024-01-09T10:33:23+00:00\",\"dateModified\":\"2025-03-21T10:55:44+00:00\",\"description\":\"TC Electronic Clarity M Stereo is a stereo audio meter with 7\\\" high resolution display and USB connection for seamless integration into your DAW.\",\"breadcrumb\":{\"@id\":\"https:\/\/www.cinesouk.ma\/product\/tc-electronic-clarity-m-stereo\/#breadcrumb\"},\"inLanguage\":\"fr-FR\",\"potentialAction\":[{\"@type\":\"ReadAction\",\"target\":[\"https:\/\/www.cinesouk.ma\/product\/tc-electronic-clarity-m-stereo\/\"]}]},{\"@type\":\"ImageObject\",\"inLanguage\":\"fr-FR\",\"@id\":\"https:\/\/www.cinesouk.ma\/product\/tc-electronic-clarity-m-stereo\/#primaryimage\",\"url\":\"https:\/\/www.cinesouk.ma\/wp-content\/uploads\/2024\/01\/TC-Electronic-Clarity-M-Stereo.jpg\",\"contentUrl\":\"https:\/\/www.cinesouk.ma\/wp-content\/uploads\/2024\/01\/TC-Electronic-Clarity-M-Stereo.jpg\",\"width\":300,\"height\":238},{\"@type\":\"BreadcrumbList\",\"@id\":\"https:\/\/www.cinesouk.ma\/product\/tc-electronic-clarity-m-stereo\/#breadcrumb\",\"itemListElement\":[{\"@type\":\"ListItem\",\"position\":1,\"name\":\"Home\",\"item\":\"https:\/\/www.cinesouk.ma\/\"},{\"@type\":\"ListItem\",\"position\":2,\"name\":\"Shop\",\"item\":\"https:\/\/www.cinesouk.ma\/shop\/\"},{\"@type\":\"ListItem\",\"position\":3,\"name\":\"TC Electronic Clarity M Stereo Loudness Meter\"}]},{\"@type\":\"WebSite\",\"@id\":\"https:\/\/www.cinesouk.ma\/#website\",\"url\":\"https:\/\/www.cinesouk.ma\/\",\"name\":\"CineSouk\",\"description\":\"\",\"publisher\":{\"@id\":\"https:\/\/www.cinesouk.ma\/#organization\"},\"potentialAction\":[{\"@type\":\"SearchAction\",\"target\":{\"@type\":\"EntryPoint\",\"urlTemplate\":\"https:\/\/www.cinesouk.ma\/?s={search_term_string}\"},\"query-input\":{\"@type\":\"PropertyValueSpecification\",\"valueRequired\":true,\"valueName\":\"search_term_string\"}}],\"inLanguage\":\"fr-FR\"},{\"@type\":\"Organization\",\"@id\":\"https:\/\/www.cinesouk.ma\/#organization\",\"name\":\"CineSouk\",\"url\":\"https:\/\/www.cinesouk.ma\/\",\"logo\":{\"@type\":\"ImageObject\",\"inLanguage\":\"fr-FR\",\"@id\":\"https:\/\/www.cinesouk.ma\/#\/schema\/logo\/image\/\",\"url\":\"https:\/\/www.cinesouk.ma\/wp-content\/uploads\/2024\/01\/CineSouk-logo-v01-alpha-alligned-left.png\",\"contentUrl\":\"https:\/\/www.cinesouk.ma\/wp-content\/uploads\/2024\/01\/CineSouk-logo-v01-alpha-alligned-left.png\",\"width\":3204,\"height\":889,\"caption\":\"CineSouk\"},\"image\":{\"@id\":\"https:\/\/www.cinesouk.ma\/#\/schema\/logo\/image\/\"}}]}<\/script>\n<!-- \/ Yoast SEO Premium plugin. -->","yoast_head_json":{"title":"TC Electronic Clarity M Stereo Loudness Meter - CineSouk - Marrakech | Morocco - For rent","description":"TC Electronic Clarity M Stereo is a stereo audio meter with 7\" high resolution display and USB connection for seamless integration into your DAW.","robots":{"index":"index","follow":"follow","max-snippet":"max-snippet:-1","max-image-preview":"max-image-preview:large","max-video-preview":"max-video-preview:-1"},"canonical":"https:\/\/www.cinesouk.ma\/fr\/produit\/tc-electronic-clarity-m-stereo\/","og_locale":"fr_FR","og_type":"article","og_title":"TC Electronic Clarity M Stereo Loudness Meter","og_description":"TC Electronic Clarity M Stereo is a stereo audio meter with 7\" high resolution display and USB connection for seamless integration into your DAW.","og_url":"https:\/\/www.cinesouk.ma\/fr\/produit\/tc-electronic-clarity-m-stereo\/","og_site_name":"CineSouk","article_modified_time":"2025-03-21T10:55:44+00:00","og_image":[{"width":300,"height":238,"url":"https:\/\/www.cinesouk.ma\/wp-content\/uploads\/2024\/01\/TC-Electronic-Clarity-M-Stereo.jpg","type":"image\/jpeg"}],"twitter_card":"summary_large_image","twitter_description":"TC Electronic Clarity M Stereo is a stereo audio meter with 7\" high resolution display and USB connection for seamless integration into your DAW.","twitter_misc":{"Dur\u00e9e de lecture estim\u00e9e":"2 minutes"},"schema":{"@context":"https:\/\/schema.org","@graph":[{"@type":"WebPage","@id":"https:\/\/www.cinesouk.ma\/product\/tc-electronic-clarity-m-stereo\/","url":"https:\/\/www.cinesouk.ma\/product\/tc-electronic-clarity-m-stereo\/","name":"TC Electronic Clarity M Stereo Loudness Meter - CineSouk - Marrakech | Morocco - For rent","isPartOf":{"@id":"https:\/\/www.cinesouk.ma\/#website"},"primaryImageOfPage":{"@id":"https:\/\/www.cinesouk.ma\/product\/tc-electronic-clarity-m-stereo\/#primaryimage"},"image":{"@id":"https:\/\/www.cinesouk.ma\/product\/tc-electronic-clarity-m-stereo\/#primaryimage"},"thumbnailUrl":"https:\/\/www.cinesouk.ma\/wp-content\/uploads\/2024\/01\/TC-Electronic-Clarity-M-Stereo.jpg","datePublished":"2024-01-09T10:33:23+00:00","dateModified":"2025-03-21T10:55:44+00:00","description":"TC Electronic Clarity M Stereo is a stereo audio meter with 7\" high resolution display and USB connection for seamless integration into your DAW.","breadcrumb":{"@id":"https:\/\/www.cinesouk.ma\/product\/tc-electronic-clarity-m-stereo\/#breadcrumb"},"inLanguage":"fr-FR","potentialAction":[{"@type":"ReadAction","target":["https:\/\/www.cinesouk.ma\/product\/tc-electronic-clarity-m-stereo\/"]}]},{"@type":"ImageObject","inLanguage":"fr-FR","@id":"https:\/\/www.cinesouk.ma\/product\/tc-electronic-clarity-m-stereo\/#primaryimage","url":"https:\/\/www.cinesouk.ma\/wp-content\/uploads\/2024\/01\/TC-Electronic-Clarity-M-Stereo.jpg","contentUrl":"https:\/\/www.cinesouk.ma\/wp-content\/uploads\/2024\/01\/TC-Electronic-Clarity-M-Stereo.jpg","width":300,"height":238},{"@type":"BreadcrumbList","@id":"https:\/\/www.cinesouk.ma\/product\/tc-electronic-clarity-m-stereo\/#breadcrumb","itemListElement":[{"@type":"ListItem","position":1,"name":"Home","item":"https:\/\/www.cinesouk.ma\/"},{"@type":"ListItem","position":2,"name":"Shop","item":"https:\/\/www.cinesouk.ma\/shop\/"},{"@type":"ListItem","position":3,"name":"TC Electronic Clarity M Stereo Loudness Meter"}]},{"@type":"WebSite","@id":"https:\/\/www.cinesouk.ma\/#website","url":"https:\/\/www.cinesouk.ma\/","name":"CineSouk","description":"","publisher":{"@id":"https:\/\/www.cinesouk.ma\/#organization"},"potentialAction":[{"@type":"SearchAction","target":{"@type":"EntryPoint","urlTemplate":"https:\/\/www.cinesouk.ma\/?s={search_term_string}"},"query-input":{"@type":"PropertyValueSpecification","valueRequired":true,"valueName":"search_term_string"}}],"inLanguage":"fr-FR"},{"@type":"Organization","@id":"https:\/\/www.cinesouk.ma\/#organization","name":"CineSouk","url":"https:\/\/www.cinesouk.ma\/","logo":{"@type":"ImageObject","inLanguage":"fr-FR","@id":"https:\/\/www.cinesouk.ma\/#\/schema\/logo\/image\/","url":"https:\/\/www.cinesouk.ma\/wp-content\/uploads\/2024\/01\/CineSouk-logo-v01-alpha-alligned-left.png","contentUrl":"https:\/\/www.cinesouk.ma\/wp-content\/uploads\/2024\/01\/CineSouk-logo-v01-alpha-alligned-left.png","width":3204,"height":889,"caption":"CineSouk"},"image":{"@id":"https:\/\/www.cinesouk.ma\/#\/schema\/logo\/image\/"}}]}},"_links":{"self":[{"href":"https:\/\/www.cinesouk.ma\/fr\/wp-json\/wp\/v2\/product\/1379","targetHints":{"allow":["GET"]}}],"collection":[{"href":"https:\/\/www.cinesouk.ma\/fr\/wp-json\/wp\/v2\/product"}],"about":[{"href":"https:\/\/www.cinesouk.ma\/fr\/wp-json\/wp\/v2\/types\/product"}],"wp:featuredmedia":[{"embeddable":true,"href":"https:\/\/www.cinesouk.ma\/fr\/wp-json\/wp\/v2\/media\/1408"}],"wp:attachment":[{"href":"https:\/\/www.cinesouk.ma\/fr\/wp-json\/wp\/v2\/media?parent=1379"}],"wp:term":[{"taxonomy":"product_brand","embeddable":true,"href":"https:\/\/www.cinesouk.ma\/fr\/wp-json\/wp\/v2\/product_brand?post=1379"},{"taxonomy":"product_cat","embeddable":true,"href":"https:\/\/www.cinesouk.ma\/fr\/wp-json\/wp\/v2\/product_cat?post=1379"},{"taxonomy":"product_tag","embeddable":true,"href":"https:\/\/www.cinesouk.ma\/fr\/wp-json\/wp\/v2\/product_tag?post=1379"}],"curies":[{"name":"wp","href":"https:\/\/api.w.org\/{rel}","templated":true}]}}