{"id":13790,"date":"2025-07-14T15:50:59","date_gmt":"2025-07-14T15:50:59","guid":{"rendered":"https:\/\/www.cinesouk.ma\/?post_type=product&#038;p=13790"},"modified":"2026-02-06T10:07:30","modified_gmt":"2026-02-06T10:07:30","slug":"sony-fe-35mm-f-1-4-gm","status":"publish","type":"product","link":"https:\/\/www.cinesouk.ma\/fr\/produit\/sony-fe-35mm-f-1-4-gm\/","title":{"rendered":"Sony FE 35mm F\/1.4 GM Lens"},"content":{"rendered":"<p data-start=\"304\" data-end=\"699\">Le Sony FE 35mm F1.4 GM est un objectif grand-angle de premi\u00e8re qualit\u00e9 con\u00e7u pour les appareils photo Sony \u00e0 monture E plein format. Faisant partie de la s\u00e9rie G Master, il offre une nettet\u00e9 exceptionnelle, un autofocus rapide et pr\u00e9cis et une s\u00e9paration de l'arri\u00e8re-plan stup\u00e9fiante. Gr\u00e2ce \u00e0 son ouverture de f\/1,4, cet objectif est tr\u00e8s performant en basse lumi\u00e8re et permet un excellent contr\u00f4le cr\u00e9atif de la profondeur de champ.<\/p>\n<p data-start=\"701\" data-end=\"880\">Que vous capturiez des portraits, des sc\u00e8nes de rue, des s\u00e9quences documentaires ou des vid\u00e9os cin\u00e9matographiques, cet objectif offre une polyvalence et des performances optiques de premier plan dans un format compact.<\/p>\n<h3 data-start=\"887\" data-end=\"907\"><strong data-start=\"891\" data-end=\"907\">Caract\u00e9ristiques principales du Sony FE 35mm :<\/strong><\/h3>\n<ul data-start=\"909\" data-end=\"1631\">\n<li data-start=\"909\" data-end=\"1006\">\n<p data-start=\"911\" data-end=\"1006\"><strong data-start=\"911\" data-end=\"942\">Longueur focale polyvalente de 35 mm<\/strong>: Id\u00e9al pour les portraits, les voyages, la rue, la vid\u00e9o et l'utilisation quotidienne<\/p>\n<\/li>\n<li data-start=\"1007\" data-end=\"1094\">\n<p data-start=\"1009\" data-end=\"1094\"><strong data-start=\"1009\" data-end=\"1032\">Ouverture rapide f\/1.4<\/strong>: Un magnifique bokeh et d'excellentes capacit\u00e9s en basse lumi\u00e8re<\/p>\n<\/li>\n<li data-start=\"1095\" data-end=\"1196\">\n<p data-start=\"1097\" data-end=\"1196\"><strong data-start=\"1097\" data-end=\"1125\">Conception avanc\u00e9e G Master Design<\/strong>: Comprend deux \u00e9l\u00e9ments XA pour une nettet\u00e9 d'un bord \u00e0 l'autre en haute r\u00e9solution<\/p>\n<\/li>\n<li data-start=\"1197\" data-end=\"1281\">\n<p data-start=\"1199\" data-end=\"1281\"><strong data-start=\"1199\" data-end=\"1221\">Nano AR Coating II<\/strong>: Minimise les reflets et les images fant\u00f4mes dans des conditions de r\u00e9tro-\u00e9clairage<\/p>\n<\/li>\n<li data-start=\"1282\" data-end=\"1376\">\n<p data-start=\"1284\" data-end=\"1376\"><strong data-start=\"1284\" data-end=\"1309\">Moteurs lin\u00e9aires Dual XD<\/strong>: Permet un autofocus rapide, pr\u00e9cis et silencieux pour les photos et les vid\u00e9os<\/p>\n<\/li>\n<li data-start=\"1377\" data-end=\"1470\">\n<p data-start=\"1379\" data-end=\"1470\"><strong data-start=\"1379\" data-end=\"1409\">Bague d'ouverture d\u00e9clipsable<\/strong>: Parfait pour des transitions d'ouverture en douceur lors de la prise de vue vid\u00e9o<\/p>\n<\/li>\n<li data-start=\"1471\" data-end=\"1547\">\n<p data-start=\"1473\" data-end=\"1547\"><strong data-start=\"1473\" data-end=\"1500\">Compact et l\u00e9ger<\/strong>: Ne p\u00e8se que 524 g pour une excellente portabilit\u00e9<\/p>\n<\/li>\n<li data-start=\"1548\" data-end=\"1631\">\n<p data-start=\"1550\" data-end=\"1631\"><strong data-start=\"1550\" data-end=\"1581\">R\u00e9sistant \u00e0 la poussi\u00e8re et \u00e0 l'humidit\u00e9<\/strong>: Des performances fiables dans des environnements difficiles<\/p>\n<\/li>\n<\/ul>\n<h3 data-start=\"1638\" data-end=\"1660\"><strong data-start=\"1642\" data-end=\"1660\">Sp\u00e9cifications<\/strong><\/h3>\n<ul data-start=\"1662\" data-end=\"2102\">\n<li data-start=\"1662\" data-end=\"1688\">\n<p data-start=\"1664\" data-end=\"1688\"><strong data-start=\"1664\" data-end=\"1680\">Longueur focale<\/strong>: 35mm<\/p>\n<\/li>\n<li data-start=\"1689\" data-end=\"1720\">\n<p data-start=\"1691\" data-end=\"1720\"><strong data-start=\"1691\" data-end=\"1711\">Ouverture maximale<\/strong>: f\/1.4<\/p>\n<\/li>\n<li data-start=\"1721\" data-end=\"1751\">\n<p data-start=\"1723\" data-end=\"1751\"><strong data-start=\"1723\" data-end=\"1743\">Ouverture minimale<\/strong>: f\/16<\/p>\n<\/li>\n<li data-start=\"1752\" data-end=\"1791\">\n<p data-start=\"1754\" data-end=\"1791\"><strong data-start=\"1754\" data-end=\"1768\">Monture d'objectif<\/strong>: Sony E (plein cadre)<\/p>\n<\/li>\n<li data-start=\"1792\" data-end=\"1829\">\n<p data-start=\"1794\" data-end=\"1829\"><strong data-start=\"1794\" data-end=\"1820\">Distance minimale de mise au point<\/strong>: 27 cm<\/p>\n<\/li>\n<li data-start=\"1830\" data-end=\"1868\">\n<p data-start=\"1832\" data-end=\"1868\"><strong data-start=\"1832\" data-end=\"1851\">Lames d'ouverture<\/strong>: 11 (circulaire)<\/p>\n<\/li>\n<li data-start=\"1869\" data-end=\"1899\">\n<p data-start=\"1871\" data-end=\"1899\"><strong data-start=\"1871\" data-end=\"1890\">Diam\u00e8tre du filtre<\/strong>: 67 mm<\/p>\n<\/li>\n<li data-start=\"1900\" data-end=\"1950\">\n<p data-start=\"1902\" data-end=\"1950\"><strong data-start=\"1902\" data-end=\"1916\">Dimensions<\/strong>Diam\u00e8tre : 76 x 96 mm (diam\u00e8tre x longueur)<\/p>\n<\/li>\n<li data-start=\"1951\" data-end=\"1980\">\n<p data-start=\"1953\" data-end=\"1980\"><strong data-start=\"1953\" data-end=\"1963\">Poids<\/strong>: Environ 524 g<\/p>\n<\/li>\n<li data-start=\"1981\" data-end=\"2028\">\n<p data-start=\"1983\" data-end=\"2028\"><strong data-start=\"1983\" data-end=\"2003\">Syst\u00e8me autofocus<\/strong>: Moteurs lin\u00e9aires Dual XD<\/p>\n<\/li>\n<li data-start=\"2029\" data-end=\"2102\">\n<p data-start=\"2031\" data-end=\"2102\"><strong data-start=\"2031\" data-end=\"2054\">Stabilisation de l'image<\/strong>: Aucune (utilise la stabilisation du corps si elle est disponible)<\/p>\n<\/li>\n<\/ul>\n<p data-start=\"2320\" data-end=\"2625\" data-is-last-node=\"\" data-is-only-node=\"\">Le Sony FE 35mm F1.4 GM est un objectif fiable et performant con\u00e7u pour les professionnels et les passionn\u00e9s qui exigent flexibilit\u00e9 et excellence optique. Avec son ouverture rapide, sa construction compacte et sa superbe nettet\u00e9, il s'impose comme l'un des outils les plus performants et les plus cr\u00e9atifs de la gamme Sony G Master.<\/p>\n<p data-start=\"1983\" data-end=\"2135\"><strong data-start=\"1983\" data-end=\"2073\">Louez le Sony FE 35mm f\/1.4 GM d\u00e8s maintenant chez CINESOUK - une marque de BROADWAY PRODUCTIONS SARL.<\/strong><\/p>","protected":false},"excerpt":{"rendered":"<p>Sp\u00e9cifications<\/p>\n<ul>\n<li data-start=\"212\" data-end=\"264\">\n<p data-start=\"214\" data-end=\"264\"><strong data-start=\"214\" data-end=\"228\">Type de montage<\/strong>: Monture Sony E (format plein cadre)<\/p>\n<\/li>\n<li data-start=\"265\" data-end=\"302\">\n<p data-start=\"267\" data-end=\"302\"><strong data-start=\"267\" data-end=\"285\">Plage d'ouverture<\/strong>f\/1,4 \u00e0 f\/16<\/p>\n<\/li>\n<li data-start=\"303\" data-end=\"351\">\n<p data-start=\"305\" data-end=\"351\"><strong data-start=\"305\" data-end=\"323\">Conception optique<\/strong>: 14 \u00e9l\u00e9ments en 10 groupes<\/p>\n<\/li>\n<li data-start=\"352\" data-end=\"453\">\n<p data-start=\"354\" data-end=\"453\"><strong data-start=\"354\" data-end=\"374\">\u00c9l\u00e9ments sp\u00e9ciaux<\/strong>: Deux \u00e9l\u00e9ments XA (Extreme Aspherical), un \u00e9l\u00e9ment ED (Extra-low Dispersion)<\/p>\n<\/li>\n<li data-start=\"454\" data-end=\"525\">\n<p data-start=\"456\" data-end=\"525\"><strong data-start=\"456\" data-end=\"468\">Rev\u00eatements<\/strong>: Nano AR Coating II et rev\u00eatement de l'\u00e9l\u00e9ment frontal \u00e0 la fluorine<\/p>\n<\/li>\n<li data-start=\"526\" data-end=\"599\">\n<p data-start=\"528\" data-end=\"599\"><strong data-start=\"528\" data-end=\"541\">Autofocus<\/strong>: Syst\u00e8me de mise au point automatique \u00e0 deux moteurs lin\u00e9aires XD, avec mise au point interne<\/p>\n<\/li>\n<li data-start=\"600\" data-end=\"648\">\n<p data-start=\"602\" data-end=\"648\"><strong data-start=\"602\" data-end=\"628\">Distance minimale de mise au point<\/strong>: 0,27 m (0,89 ft)<\/p>\n<\/li>\n<li data-start=\"649\" data-end=\"685\">\n<p data-start=\"651\" data-end=\"685\"><strong data-start=\"651\" data-end=\"676\">Grossissement maximal<\/strong>: 0.23x<\/p>\n<\/li>\n<li data-start=\"686\" data-end=\"740\">\n<p data-start=\"688\" data-end=\"740\"><strong data-start=\"688\" data-end=\"708\">Lames de membrane<\/strong>: 11, arrondi pour un bokeh doux<\/p>\n<\/li>\n<li data-start=\"741\" data-end=\"787\">\n<p data-start=\"743\" data-end=\"787\"><strong data-start=\"743\" data-end=\"759\">Syst\u00e8me de mise au point<\/strong>: M\u00e9canisme de mise au point flottant<\/p>\n<\/li>\n<li data-start=\"788\" data-end=\"814\">\n<p data-start=\"790\" data-end=\"814\"><strong data-start=\"790\" data-end=\"805\">Taille du filtre<\/strong>: 67 mm<\/p>\n<\/li>\n<li data-start=\"815\" data-end=\"864\">\n<p data-start=\"817\" data-end=\"864\"><strong data-start=\"817\" data-end=\"833\">La construction<\/strong>: R\u00e9sistant \u00e0 la poussi\u00e8re et \u00e0 l'humidit\u00e9<\/p>\n<\/li>\n<li data-start=\"865\" data-end=\"903\">\n<p data-start=\"867\" data-end=\"903\"><strong data-start=\"867\" data-end=\"877\">Poids<\/strong>: Environ 524 g (1.15 lbs)<\/p>\n<\/li>\n<\/ul>","protected":false},"featured_media":13801,"template":"","meta":{"om_disable_all_campaigns":false,"_monsterinsights_skip_tracking":false,"_monsterinsights_sitenote_active":false,"_monsterinsights_sitenote_note":"","_monsterinsights_sitenote_category":0,"_uf_show_specific_survey":0,"_uf_disable_surveys":false},"product_brand":[],"product_cat":[36],"product_tag":[],"class_list":{"0":"post-13790","1":"product","2":"type-product","3":"status-publish","4":"has-post-thumbnail","6":"product_cat-lenses-cinesouk","8":"entry","9":"has-media","11":"first","12":"instock","13":"taxable","14":"shipping-taxable","15":"purchasable","16":"product-type-variable","17":"has-product-nav","18":"col","19":"span_1_of_3","20":"owp-content-center","21":"owp-thumbs-layout-horizontal","22":"owp-btn-normal","23":"owp-tabs-layout-horizontal","24":"has-no-thumbnails"},"yoast_head":"<!-- This site is optimized with the Yoast SEO Premium plugin v26.0 (Yoast SEO v26.0) - https:\/\/yoast.com\/wordpress\/plugins\/seo\/ -->\n<title>Sony FE 35mm F\/1.4 GM Lens - lens - Marrocco\/Marrakech - CineSouk - For rent<\/title>\n<meta name=\"description\" content=\"Sony FE 35mm F1.4 GM \u2013 compact, professional full-frame lens with f\/1.4 aperture, stunning bokeh, and sharp G Master optics. Ideal for photo and video work.\" \/>\n<meta name=\"robots\" content=\"index, follow, max-snippet:-1, max-image-preview:large, max-video-preview:-1\" \/>\n<link rel=\"canonical\" href=\"https:\/\/www.cinesouk.ma\/fr\/produit\/sony-fe-35mm-f-1-4-gm\/\" \/>\n<meta property=\"og:locale\" content=\"fr_FR\" \/>\n<meta property=\"og:type\" content=\"article\" \/>\n<meta property=\"og:title\" content=\"Sony FE 35mm F\/1.4 GM Lens\" \/>\n<meta property=\"og:description\" content=\"Sony FE 35mm F1.4 GM \u2013 compact, professional full-frame lens with f\/1.4 aperture, stunning bokeh, and sharp G Master optics. Ideal for photo and video work.\" \/>\n<meta property=\"og:url\" content=\"https:\/\/www.cinesouk.ma\/fr\/produit\/sony-fe-35mm-f-1-4-gm\/\" \/>\n<meta property=\"og:site_name\" content=\"CineSouk\" \/>\n<meta property=\"article:modified_time\" content=\"2026-02-06T10:07:30+00:00\" \/>\n<meta property=\"og:image\" content=\"https:\/\/www.cinesouk.ma\/wp-content\/uploads\/2025\/07\/Sony-FE-35mm-F1.4-GM.jpg\" \/>\n\t<meta property=\"og:image:width\" content=\"300\" \/>\n\t<meta property=\"og:image:height\" content=\"238\" \/>\n\t<meta property=\"og:image:type\" content=\"image\/jpeg\" \/>\n<meta name=\"twitter:card\" content=\"summary_large_image\" \/>\n<meta name=\"twitter:description\" content=\"Sony FE 35mm F1.4 GM \u2013 compact, professional full-frame lens with f\/1.4 aperture, stunning bokeh, and sharp G Master optics. Ideal for photo and video work.\" \/>\n<meta name=\"twitter:image\" content=\"https:\/\/www.cinesouk.ma\/wp-content\/uploads\/2025\/07\/Sony-FE-35mm-F1.4-GM.jpg\" \/>\n<meta name=\"twitter:label1\" content=\"Dur\u00e9e de lecture estim\u00e9e\" \/>\n\t<meta name=\"twitter:data1\" content=\"2 minutes\" \/>\n<script type=\"application\/ld+json\" class=\"yoast-schema-graph\">{\"@context\":\"https:\/\/schema.org\",\"@graph\":[{\"@type\":\"WebPage\",\"@id\":\"https:\/\/www.cinesouk.ma\/product\/sony-fe-35mm-f-1-4-gm\/\",\"url\":\"https:\/\/www.cinesouk.ma\/product\/sony-fe-35mm-f-1-4-gm\/\",\"name\":\"Sony FE 35mm F\/1.4 GM Lens - lens - Marrocco\/Marrakech - CineSouk - For rent\",\"isPartOf\":{\"@id\":\"https:\/\/www.cinesouk.ma\/#website\"},\"primaryImageOfPage\":{\"@id\":\"https:\/\/www.cinesouk.ma\/product\/sony-fe-35mm-f-1-4-gm\/#primaryimage\"},\"image\":{\"@id\":\"https:\/\/www.cinesouk.ma\/product\/sony-fe-35mm-f-1-4-gm\/#primaryimage\"},\"thumbnailUrl\":\"https:\/\/www.cinesouk.ma\/wp-content\/uploads\/2025\/07\/Sony-FE-35mm-F1.4-GM.jpg\",\"datePublished\":\"2025-07-14T15:50:59+00:00\",\"dateModified\":\"2026-02-06T10:07:30+00:00\",\"description\":\"Sony FE 35mm F1.4 GM \u2013 compact, professional full-frame lens with f\/1.4 aperture, stunning bokeh, and sharp G Master optics. Ideal for photo and video work.\",\"breadcrumb\":{\"@id\":\"https:\/\/www.cinesouk.ma\/product\/sony-fe-35mm-f-1-4-gm\/#breadcrumb\"},\"inLanguage\":\"fr-FR\",\"potentialAction\":[{\"@type\":\"ReadAction\",\"target\":[\"https:\/\/www.cinesouk.ma\/product\/sony-fe-35mm-f-1-4-gm\/\"]}]},{\"@type\":\"ImageObject\",\"inLanguage\":\"fr-FR\",\"@id\":\"https:\/\/www.cinesouk.ma\/product\/sony-fe-35mm-f-1-4-gm\/#primaryimage\",\"url\":\"https:\/\/www.cinesouk.ma\/wp-content\/uploads\/2025\/07\/Sony-FE-35mm-F1.4-GM.jpg\",\"contentUrl\":\"https:\/\/www.cinesouk.ma\/wp-content\/uploads\/2025\/07\/Sony-FE-35mm-F1.4-GM.jpg\",\"width\":300,\"height\":238,\"caption\":\"Sony FE 35mm F\/1.4 GM\"},{\"@type\":\"BreadcrumbList\",\"@id\":\"https:\/\/www.cinesouk.ma\/product\/sony-fe-35mm-f-1-4-gm\/#breadcrumb\",\"itemListElement\":[{\"@type\":\"ListItem\",\"position\":1,\"name\":\"Home\",\"item\":\"https:\/\/www.cinesouk.ma\/\"},{\"@type\":\"ListItem\",\"position\":2,\"name\":\"Shop\",\"item\":\"https:\/\/www.cinesouk.ma\/shop\/\"},{\"@type\":\"ListItem\",\"position\":3,\"name\":\"Sony FE 35mm F\/1.4 GM Lens\"}]},{\"@type\":\"WebSite\",\"@id\":\"https:\/\/www.cinesouk.ma\/#website\",\"url\":\"https:\/\/www.cinesouk.ma\/\",\"name\":\"CineSouk\",\"description\":\"\",\"publisher\":{\"@id\":\"https:\/\/www.cinesouk.ma\/#organization\"},\"potentialAction\":[{\"@type\":\"SearchAction\",\"target\":{\"@type\":\"EntryPoint\",\"urlTemplate\":\"https:\/\/www.cinesouk.ma\/?s={search_term_string}\"},\"query-input\":{\"@type\":\"PropertyValueSpecification\",\"valueRequired\":true,\"valueName\":\"search_term_string\"}}],\"inLanguage\":\"fr-FR\"},{\"@type\":\"Organization\",\"@id\":\"https:\/\/www.cinesouk.ma\/#organization\",\"name\":\"CineSouk\",\"url\":\"https:\/\/www.cinesouk.ma\/\",\"logo\":{\"@type\":\"ImageObject\",\"inLanguage\":\"fr-FR\",\"@id\":\"https:\/\/www.cinesouk.ma\/#\/schema\/logo\/image\/\",\"url\":\"https:\/\/www.cinesouk.ma\/wp-content\/uploads\/2024\/01\/CineSouk-logo-v01-alpha-alligned-left.png\",\"contentUrl\":\"https:\/\/www.cinesouk.ma\/wp-content\/uploads\/2024\/01\/CineSouk-logo-v01-alpha-alligned-left.png\",\"width\":3204,\"height\":889,\"caption\":\"CineSouk\"},\"image\":{\"@id\":\"https:\/\/www.cinesouk.ma\/#\/schema\/logo\/image\/\"}}]}<\/script>\n<!-- \/ Yoast SEO Premium plugin. -->","yoast_head_json":{"title":"Sony FE 35mm F\/1.4 GM Lens - lens - Marrocco\/Marrakech - CineSouk - For rent","description":"Sony FE 35mm F1.4 GM \u2013 compact, professional full-frame lens with f\/1.4 aperture, stunning bokeh, and sharp G Master optics. Ideal for photo and video work.","robots":{"index":"index","follow":"follow","max-snippet":"max-snippet:-1","max-image-preview":"max-image-preview:large","max-video-preview":"max-video-preview:-1"},"canonical":"https:\/\/www.cinesouk.ma\/fr\/produit\/sony-fe-35mm-f-1-4-gm\/","og_locale":"fr_FR","og_type":"article","og_title":"Sony FE 35mm F\/1.4 GM Lens","og_description":"Sony FE 35mm F1.4 GM \u2013 compact, professional full-frame lens with f\/1.4 aperture, stunning bokeh, and sharp G Master optics. Ideal for photo and video work.","og_url":"https:\/\/www.cinesouk.ma\/fr\/produit\/sony-fe-35mm-f-1-4-gm\/","og_site_name":"CineSouk","article_modified_time":"2026-02-06T10:07:30+00:00","og_image":[{"width":300,"height":238,"url":"https:\/\/www.cinesouk.ma\/wp-content\/uploads\/2025\/07\/Sony-FE-35mm-F1.4-GM.jpg","type":"image\/jpeg"}],"twitter_card":"summary_large_image","twitter_description":"Sony FE 35mm F1.4 GM \u2013 compact, professional full-frame lens with f\/1.4 aperture, stunning bokeh, and sharp G Master optics. Ideal for photo and video work.","twitter_image":"https:\/\/www.cinesouk.ma\/wp-content\/uploads\/2025\/07\/Sony-FE-35mm-F1.4-GM.jpg","twitter_misc":{"Dur\u00e9e de lecture estim\u00e9e":"2 minutes"},"schema":{"@context":"https:\/\/schema.org","@graph":[{"@type":"WebPage","@id":"https:\/\/www.cinesouk.ma\/product\/sony-fe-35mm-f-1-4-gm\/","url":"https:\/\/www.cinesouk.ma\/product\/sony-fe-35mm-f-1-4-gm\/","name":"Sony FE 35mm F\/1.4 GM Lens - lens - Marrocco\/Marrakech - CineSouk - For rent","isPartOf":{"@id":"https:\/\/www.cinesouk.ma\/#website"},"primaryImageOfPage":{"@id":"https:\/\/www.cinesouk.ma\/product\/sony-fe-35mm-f-1-4-gm\/#primaryimage"},"image":{"@id":"https:\/\/www.cinesouk.ma\/product\/sony-fe-35mm-f-1-4-gm\/#primaryimage"},"thumbnailUrl":"https:\/\/www.cinesouk.ma\/wp-content\/uploads\/2025\/07\/Sony-FE-35mm-F1.4-GM.jpg","datePublished":"2025-07-14T15:50:59+00:00","dateModified":"2026-02-06T10:07:30+00:00","description":"Sony FE 35mm F1.4 GM \u2013 compact, professional full-frame lens with f\/1.4 aperture, stunning bokeh, and sharp G Master optics. Ideal for photo and video work.","breadcrumb":{"@id":"https:\/\/www.cinesouk.ma\/product\/sony-fe-35mm-f-1-4-gm\/#breadcrumb"},"inLanguage":"fr-FR","potentialAction":[{"@type":"ReadAction","target":["https:\/\/www.cinesouk.ma\/product\/sony-fe-35mm-f-1-4-gm\/"]}]},{"@type":"ImageObject","inLanguage":"fr-FR","@id":"https:\/\/www.cinesouk.ma\/product\/sony-fe-35mm-f-1-4-gm\/#primaryimage","url":"https:\/\/www.cinesouk.ma\/wp-content\/uploads\/2025\/07\/Sony-FE-35mm-F1.4-GM.jpg","contentUrl":"https:\/\/www.cinesouk.ma\/wp-content\/uploads\/2025\/07\/Sony-FE-35mm-F1.4-GM.jpg","width":300,"height":238,"caption":"Sony FE 35mm F\/1.4 GM"},{"@type":"BreadcrumbList","@id":"https:\/\/www.cinesouk.ma\/product\/sony-fe-35mm-f-1-4-gm\/#breadcrumb","itemListElement":[{"@type":"ListItem","position":1,"name":"Home","item":"https:\/\/www.cinesouk.ma\/"},{"@type":"ListItem","position":2,"name":"Shop","item":"https:\/\/www.cinesouk.ma\/shop\/"},{"@type":"ListItem","position":3,"name":"Sony FE 35mm F\/1.4 GM Lens"}]},{"@type":"WebSite","@id":"https:\/\/www.cinesouk.ma\/#website","url":"https:\/\/www.cinesouk.ma\/","name":"CineSouk","description":"","publisher":{"@id":"https:\/\/www.cinesouk.ma\/#organization"},"potentialAction":[{"@type":"SearchAction","target":{"@type":"EntryPoint","urlTemplate":"https:\/\/www.cinesouk.ma\/?s={search_term_string}"},"query-input":{"@type":"PropertyValueSpecification","valueRequired":true,"valueName":"search_term_string"}}],"inLanguage":"fr-FR"},{"@type":"Organization","@id":"https:\/\/www.cinesouk.ma\/#organization","name":"CineSouk","url":"https:\/\/www.cinesouk.ma\/","logo":{"@type":"ImageObject","inLanguage":"fr-FR","@id":"https:\/\/www.cinesouk.ma\/#\/schema\/logo\/image\/","url":"https:\/\/www.cinesouk.ma\/wp-content\/uploads\/2024\/01\/CineSouk-logo-v01-alpha-alligned-left.png","contentUrl":"https:\/\/www.cinesouk.ma\/wp-content\/uploads\/2024\/01\/CineSouk-logo-v01-alpha-alligned-left.png","width":3204,"height":889,"caption":"CineSouk"},"image":{"@id":"https:\/\/www.cinesouk.ma\/#\/schema\/logo\/image\/"}}]}},"_links":{"self":[{"href":"https:\/\/www.cinesouk.ma\/fr\/wp-json\/wp\/v2\/product\/13790","targetHints":{"allow":["GET"]}}],"collection":[{"href":"https:\/\/www.cinesouk.ma\/fr\/wp-json\/wp\/v2\/product"}],"about":[{"href":"https:\/\/www.cinesouk.ma\/fr\/wp-json\/wp\/v2\/types\/product"}],"wp:featuredmedia":[{"embeddable":true,"href":"https:\/\/www.cinesouk.ma\/fr\/wp-json\/wp\/v2\/media\/13801"}],"wp:attachment":[{"href":"https:\/\/www.cinesouk.ma\/fr\/wp-json\/wp\/v2\/media?parent=13790"}],"wp:term":[{"taxonomy":"product_brand","embeddable":true,"href":"https:\/\/www.cinesouk.ma\/fr\/wp-json\/wp\/v2\/product_brand?post=13790"},{"taxonomy":"product_cat","embeddable":true,"href":"https:\/\/www.cinesouk.ma\/fr\/wp-json\/wp\/v2\/product_cat?post=13790"},{"taxonomy":"product_tag","embeddable":true,"href":"https:\/\/www.cinesouk.ma\/fr\/wp-json\/wp\/v2\/product_tag?post=13790"}],"curies":[{"name":"wp","href":"https:\/\/api.w.org\/{rel}","templated":true}]}}