{"id":13805,"date":"2025-07-15T10:07:35","date_gmt":"2025-07-15T10:07:35","guid":{"rendered":"https:\/\/www.cinesouk.ma\/?post_type=product&#038;p=13805"},"modified":"2026-02-06T10:07:09","modified_gmt":"2026-02-06T10:07:09","slug":"sony-fe-14mm-f-1-8-gm","status":"publish","type":"product","link":"https:\/\/www.cinesouk.ma\/fr\/produit\/sony-fe-14mm-f-1-8-gm\/","title":{"rendered":"Sony FE 14mm F\/1.8 GM Lens"},"content":{"rendered":"<p data-start=\"248\" data-end=\"687\">Le Sony FE 14mm F1.8 GM est un objectif ultra grand-angle haute performance con\u00e7u pour les appareils photo sans miroir plein format de Sony. Faisant partie de la s\u00e9rie G Master de Sony, il offre des images nettes et d\u00e9taill\u00e9es d'un bord \u00e0 l'autre. Malgr\u00e9 son large champ de vision, l'objectif maintient une faible distorsion et une qualit\u00e9 d'image \u00e9lev\u00e9e. Gr\u00e2ce \u00e0 son ouverture lumineuse de f\/1,8, il est id\u00e9al pour les prises de vue en basse lumi\u00e8re, la photographie d'\u00e9toiles et le contr\u00f4le cr\u00e9atif de la profondeur de champ.<\/p>\n<p data-start=\"689\" data-end=\"923\">En m\u00eame temps, l'objectif est compact et l\u00e9ger, ce qui facilite son utilisation \u00e0 main lev\u00e9e ou sur un cardan. Qu'il s'agisse de paysages, d'architecture ou de vid\u00e9os cin\u00e9matographiques, cet objectif offre aux professionnels la qualit\u00e9 et la flexibilit\u00e9 dont ils ont besoin.<\/p>\n<h3 data-start=\"930\" data-end=\"950\"><strong data-start=\"934\" data-end=\"950\">Caract\u00e9ristiques principales du Sony FE 14mm :<\/strong><\/h3>\n<ul data-start=\"952\" data-end=\"1647\">\n<li data-start=\"952\" data-end=\"1047\">\n<p data-start=\"954\" data-end=\"1047\"><strong data-start=\"954\" data-end=\"978\">Vue ultra-large de 14 mm<\/strong>: Parfait pour les vastes paysages, les int\u00e9rieurs et les perspectives cr\u00e9atives<\/p>\n<\/li>\n<li data-start=\"1048\" data-end=\"1130\">\n<p data-start=\"1050\" data-end=\"1130\"><strong data-start=\"1050\" data-end=\"1073\">Ouverture rapide f\/1.8<\/strong>: Aide en cas de faible luminosit\u00e9 et cr\u00e9e un flou d'arri\u00e8re-plan r\u00e9gulier<\/p>\n<\/li>\n<li data-start=\"1131\" data-end=\"1233\">\n<p data-start=\"1133\" data-end=\"1233\"><strong data-start=\"1133\" data-end=\"1161\">Optique avanc\u00e9e G Master<\/strong>: Deux \u00e9l\u00e9ments XA permettent d'obtenir des r\u00e9sultats clairs et nets avec une distorsion minimale.<\/p>\n<\/li>\n<li data-start=\"1234\" data-end=\"1315\">\n<p data-start=\"1236\" data-end=\"1315\"><strong data-start=\"1236\" data-end=\"1258\">Nano AR Coating II<\/strong>: R\u00e9duit les reflets et l'\u00e9blouissement, m\u00eame dans les sc\u00e8nes \u00e0 contre-jour<\/p>\n<\/li>\n<li data-start=\"1316\" data-end=\"1404\">\n<p data-start=\"1318\" data-end=\"1404\"><strong data-start=\"1318\" data-end=\"1336\">Autofocus rapide<\/strong>: Les deux moteurs lin\u00e9aires XD permettent une mise au point rapide, silencieuse et pr\u00e9cise.<\/p>\n<\/li>\n<li data-start=\"1405\" data-end=\"1485\">\n<p data-start=\"1407\" data-end=\"1485\"><strong data-start=\"1407\" data-end=\"1426\">Conception portable<\/strong>: Ne p\u00e8se que 460 g, id\u00e9al pour les installations portables et mobiles<\/p>\n<\/li>\n<li data-start=\"1486\" data-end=\"1565\">\n<p data-start=\"1488\" data-end=\"1565\"><strong data-start=\"1488\" data-end=\"1506\">Contr\u00f4le personnalis\u00e9<\/strong>: Comprend un bouton de maintien de la mise au point et des modes de mise au point commutables.<\/p>\n<\/li>\n<li data-start=\"1566\" data-end=\"1647\">\n<p data-start=\"1568\" data-end=\"1647\"><strong data-start=\"1568\" data-end=\"1590\">Con\u00e7u pour l'ext\u00e9rieur<\/strong>: Scell\u00e9 contre la poussi\u00e8re et l'humidit\u00e9 pour une utilisation fiable sur le terrain<\/p>\n<\/li>\n<\/ul>\n<h3 data-start=\"1654\" data-end=\"1676\"><strong data-start=\"1658\" data-end=\"1676\">Sp\u00e9cifications<\/strong><\/h3>\n<ul data-start=\"1678\" data-end=\"2117\">\n<li data-start=\"1678\" data-end=\"1704\">\n<p data-start=\"1680\" data-end=\"1704\"><strong data-start=\"1680\" data-end=\"1696\">Longueur focale<\/strong>: 14mm<\/p>\n<\/li>\n<li data-start=\"1705\" data-end=\"1736\">\n<p data-start=\"1707\" data-end=\"1736\"><strong data-start=\"1707\" data-end=\"1727\">Ouverture maximale<\/strong>: f\/1.8<\/p>\n<\/li>\n<li data-start=\"1737\" data-end=\"1767\">\n<p data-start=\"1739\" data-end=\"1767\"><strong data-start=\"1739\" data-end=\"1759\">Ouverture minimale<\/strong>: f\/16<\/p>\n<\/li>\n<li data-start=\"1768\" data-end=\"1807\">\n<p data-start=\"1770\" data-end=\"1807\"><strong data-start=\"1770\" data-end=\"1784\">Monture d'objectif<\/strong>: Sony E (plein cadre)<\/p>\n<\/li>\n<li data-start=\"1808\" data-end=\"1845\">\n<p data-start=\"1810\" data-end=\"1845\"><strong data-start=\"1810\" data-end=\"1836\">Distance minimale de mise au point<\/strong>: 25 cm<\/p>\n<\/li>\n<li data-start=\"1846\" data-end=\"1883\">\n<p data-start=\"1848\" data-end=\"1883\"><strong data-start=\"1848\" data-end=\"1867\">Lames d'ouverture<\/strong>: 9 (circulaire)<\/p>\n<\/li>\n<li data-start=\"1884\" data-end=\"1933\">\n<p data-start=\"1886\" data-end=\"1933\"><strong data-start=\"1886\" data-end=\"1904\">Support de filtre<\/strong>: Fente arri\u00e8re pour les filtres \u00e0 gel<\/p>\n<\/li>\n<li data-start=\"1934\" data-end=\"1986\">\n<p data-start=\"1936\" data-end=\"1986\"><strong data-start=\"1936\" data-end=\"1950\">Dimensions<\/strong>Diam\u00e8tre : 83 x 99,8 mm (diam\u00e8tre x longueur)<\/p>\n<\/li>\n<li data-start=\"1987\" data-end=\"2016\">\n<p data-start=\"1989\" data-end=\"2016\"><strong data-start=\"1989\" data-end=\"1999\">Poids<\/strong>: Environ 460 g<\/p>\n<\/li>\n<li data-start=\"2017\" data-end=\"2057\">\n<p data-start=\"2019\" data-end=\"2057\"><strong data-start=\"2019\" data-end=\"2032\">Autofocus<\/strong>: Moteurs lin\u00e9aires Dual XD<\/p>\n<\/li>\n<li data-start=\"2058\" data-end=\"2117\">\n<p data-start=\"2060\" data-end=\"2117\"><strong data-start=\"2060\" data-end=\"2077\">Stabilisation<\/strong>: Pas d'IS int\u00e9gr\u00e9 (d\u00e9pend du bo\u00eetier de l'appareil photo)<\/p>\n<\/li>\n<\/ul>\n<p data-start=\"2321\" data-end=\"2613\">En bref, le Sony FE 14mm F1.8 GM combine vitesse, nettet\u00e9 et portabilit\u00e9. C'est un choix de premier ordre pour les professionnels qui ont besoin d'un objectif ultra-large rapide et fiable. Que vous photographiez des \u00e9toiles, des int\u00e9rieurs ou des vid\u00e9os cin\u00e9matiques, cet objectif offre des r\u00e9sultats exceptionnels sans vous encombrer.<\/p>\n<p>Louez le Sony FE 14mm F1.8 GM maintenant sur <a href=\"https:\/\/www.cinesouk.ma\/fr\">CINESOUK<\/a> - une marque de <a href=\"https:\/\/www.broadway.ma\/\">BROADWAY PRODUCTIONS SARL.<\/a><\/p>","protected":false},"excerpt":{"rendered":"<p><strong>Sp\u00e9cifications<\/strong><\/p>\n<ul>\n<li data-start=\"1628\" data-end=\"1654\">\n<p data-start=\"1630\" data-end=\"1654\"><strong data-start=\"1630\" data-end=\"1646\">Longueur focale<\/strong>: 14mm<\/p>\n<\/li>\n<li data-start=\"1655\" data-end=\"1686\">\n<p data-start=\"1657\" data-end=\"1686\"><strong data-start=\"1657\" data-end=\"1677\">Ouverture maximale<\/strong>: f\/1.8<\/p>\n<\/li>\n<li data-start=\"1687\" data-end=\"1717\">\n<p data-start=\"1689\" data-end=\"1717\"><strong data-start=\"1689\" data-end=\"1709\">Ouverture minimale<\/strong>: f\/16<\/p>\n<\/li>\n<li data-start=\"1718\" data-end=\"1757\">\n<p data-start=\"1720\" data-end=\"1757\"><strong data-start=\"1720\" data-end=\"1734\">Monture d'objectif<\/strong>: Sony E (plein cadre)<\/p>\n<\/li>\n<li data-start=\"1758\" data-end=\"1808\">\n<p data-start=\"1760\" data-end=\"1808\"><strong data-start=\"1760\" data-end=\"1784\">Compatibilit\u00e9 des formats<\/strong>: Plein cadre et APS-C<\/p>\n<\/li>\n<li data-start=\"1809\" data-end=\"1846\">\n<p data-start=\"1811\" data-end=\"1846\"><strong data-start=\"1811\" data-end=\"1837\">Distance minimale de mise au point<\/strong>: 25 cm<\/p>\n<\/li>\n<li data-start=\"1847\" data-end=\"1884\">\n<p data-start=\"1849\" data-end=\"1884\"><strong data-start=\"1849\" data-end=\"1868\">Lames d'ouverture<\/strong>: 9 (circulaire)<\/p>\n<\/li>\n<li data-start=\"1885\" data-end=\"1938\">\n<p data-start=\"1887\" data-end=\"1938\"><strong data-start=\"1887\" data-end=\"1905\">Support de filtre<\/strong>: Porte-filtre arri\u00e8re (type gel)<\/p>\n<\/li>\n<li data-start=\"1939\" data-end=\"1994\">\n<p data-start=\"1941\" data-end=\"1994\"><strong data-start=\"1941\" data-end=\"1955\">Dimensions<\/strong>Dimensions : 83 mm x 99,8 mm (diam\u00e8tre x longueur)<\/p>\n<\/li>\n<li data-start=\"1995\" data-end=\"2024\">\n<p data-start=\"1997\" data-end=\"2024\"><strong data-start=\"1997\" data-end=\"2007\">Poids<\/strong>: Environ 460 g<\/p>\n<\/li>\n<li data-start=\"2025\" data-end=\"2064\">\n<p data-start=\"2027\" data-end=\"2064\"><strong data-start=\"2027\" data-end=\"2040\">Autofocus<\/strong>: Moteur lin\u00e9aire Dual XD<\/p>\n<\/li>\n<li data-start=\"2065\" data-end=\"2134\">\n<p data-start=\"2067\" data-end=\"2134\"><strong data-start=\"2067\" data-end=\"2090\">Stabilisation de l'image<\/strong>: Non (stabilisation du bo\u00eetier recommand\u00e9e)<\/p>\n<\/li>\n<\/ul>","protected":false},"featured_media":13816,"template":"","meta":{"om_disable_all_campaigns":false,"_monsterinsights_skip_tracking":false,"_monsterinsights_sitenote_active":false,"_monsterinsights_sitenote_note":"","_monsterinsights_sitenote_category":0,"_uf_show_specific_survey":0,"_uf_disable_surveys":false},"product_brand":[],"product_cat":[36],"product_tag":[],"class_list":{"0":"post-13805","1":"product","2":"type-product","3":"status-publish","4":"has-post-thumbnail","6":"product_cat-lenses-cinesouk","8":"entry","9":"has-media","11":"first","12":"instock","13":"taxable","14":"shipping-taxable","15":"purchasable","16":"product-type-variable","17":"has-product-nav","18":"col","19":"span_1_of_3","20":"owp-content-center","21":"owp-thumbs-layout-horizontal","22":"owp-btn-normal","23":"owp-tabs-layout-horizontal","24":"has-no-thumbnails"},"yoast_head":"<!-- This site is optimized with the Yoast SEO Premium plugin v26.0 (Yoast SEO v26.0) - https:\/\/yoast.com\/wordpress\/plugins\/seo\/ -->\n<title>Sony FE 14mm F\/1.8 GM Lens - lens - Marrocco\/Marrakech - CineSouk - For rent<\/title>\n<meta name=\"description\" content=\"Sony FE 14mm F1.8 GM \u2013 ultra-wide prime lens with f\/1.8 aperture, edge-to-edge sharpness, and compact design. Perfect for astro, landscape, and video work.\" \/>\n<meta name=\"robots\" content=\"index, follow, max-snippet:-1, max-image-preview:large, max-video-preview:-1\" \/>\n<link rel=\"canonical\" href=\"https:\/\/www.cinesouk.ma\/fr\/produit\/sony-fe-14mm-f-1-8-gm\/\" \/>\n<meta property=\"og:locale\" content=\"fr_FR\" \/>\n<meta property=\"og:type\" content=\"article\" \/>\n<meta property=\"og:title\" content=\"Sony FE 14mm F\/1.8 GM Lens\" \/>\n<meta property=\"og:description\" content=\"Sony FE 14mm F1.8 GM \u2013 ultra-wide prime lens with f\/1.8 aperture, edge-to-edge sharpness, and compact design. Perfect for astro, landscape, and video work.\" \/>\n<meta property=\"og:url\" content=\"https:\/\/www.cinesouk.ma\/fr\/produit\/sony-fe-14mm-f-1-8-gm\/\" \/>\n<meta property=\"og:site_name\" content=\"CineSouk\" \/>\n<meta property=\"article:modified_time\" content=\"2026-02-06T10:07:09+00:00\" \/>\n<meta property=\"og:image\" content=\"https:\/\/www.cinesouk.ma\/wp-content\/uploads\/2025\/07\/Sony-FE-14mm-F1.8-GM.jpg\" \/>\n\t<meta property=\"og:image:width\" content=\"300\" \/>\n\t<meta property=\"og:image:height\" content=\"238\" \/>\n\t<meta property=\"og:image:type\" content=\"image\/jpeg\" \/>\n<meta name=\"twitter:card\" content=\"summary_large_image\" \/>\n<meta name=\"twitter:description\" content=\"Sony FE 14mm F1.8 GM \u2013 ultra-wide prime lens with f\/1.8 aperture, edge-to-edge sharpness, and compact design. Perfect for astro, landscape, and video work.\" \/>\n<meta name=\"twitter:image\" content=\"https:\/\/www.cinesouk.ma\/wp-content\/uploads\/2025\/07\/Sony-FE-14mm-F1.8-GM.jpg\" \/>\n<meta name=\"twitter:label1\" content=\"Dur\u00e9e de lecture estim\u00e9e\" \/>\n\t<meta name=\"twitter:data1\" content=\"2 minutes\" \/>\n<script type=\"application\/ld+json\" class=\"yoast-schema-graph\">{\"@context\":\"https:\/\/schema.org\",\"@graph\":[{\"@type\":\"WebPage\",\"@id\":\"https:\/\/www.cinesouk.ma\/product\/sony-fe-14mm-f-1-8-gm\/\",\"url\":\"https:\/\/www.cinesouk.ma\/product\/sony-fe-14mm-f-1-8-gm\/\",\"name\":\"Sony FE 14mm F\/1.8 GM Lens - lens - Marrocco\/Marrakech - CineSouk - For rent\",\"isPartOf\":{\"@id\":\"https:\/\/www.cinesouk.ma\/#website\"},\"primaryImageOfPage\":{\"@id\":\"https:\/\/www.cinesouk.ma\/product\/sony-fe-14mm-f-1-8-gm\/#primaryimage\"},\"image\":{\"@id\":\"https:\/\/www.cinesouk.ma\/product\/sony-fe-14mm-f-1-8-gm\/#primaryimage\"},\"thumbnailUrl\":\"https:\/\/www.cinesouk.ma\/wp-content\/uploads\/2025\/07\/Sony-FE-14mm-F1.8-GM.jpg\",\"datePublished\":\"2025-07-15T10:07:35+00:00\",\"dateModified\":\"2026-02-06T10:07:09+00:00\",\"description\":\"Sony FE 14mm F1.8 GM \u2013 ultra-wide prime lens with f\/1.8 aperture, edge-to-edge sharpness, and compact design. Perfect for astro, landscape, and video work.\",\"breadcrumb\":{\"@id\":\"https:\/\/www.cinesouk.ma\/product\/sony-fe-14mm-f-1-8-gm\/#breadcrumb\"},\"inLanguage\":\"fr-FR\",\"potentialAction\":[{\"@type\":\"ReadAction\",\"target\":[\"https:\/\/www.cinesouk.ma\/product\/sony-fe-14mm-f-1-8-gm\/\"]}]},{\"@type\":\"ImageObject\",\"inLanguage\":\"fr-FR\",\"@id\":\"https:\/\/www.cinesouk.ma\/product\/sony-fe-14mm-f-1-8-gm\/#primaryimage\",\"url\":\"https:\/\/www.cinesouk.ma\/wp-content\/uploads\/2025\/07\/Sony-FE-14mm-F1.8-GM.jpg\",\"contentUrl\":\"https:\/\/www.cinesouk.ma\/wp-content\/uploads\/2025\/07\/Sony-FE-14mm-F1.8-GM.jpg\",\"width\":300,\"height\":238,\"caption\":\"Sony FE 14mm F:1.8 GM\"},{\"@type\":\"BreadcrumbList\",\"@id\":\"https:\/\/www.cinesouk.ma\/product\/sony-fe-14mm-f-1-8-gm\/#breadcrumb\",\"itemListElement\":[{\"@type\":\"ListItem\",\"position\":1,\"name\":\"Home\",\"item\":\"https:\/\/www.cinesouk.ma\/\"},{\"@type\":\"ListItem\",\"position\":2,\"name\":\"Shop\",\"item\":\"https:\/\/www.cinesouk.ma\/shop\/\"},{\"@type\":\"ListItem\",\"position\":3,\"name\":\"Sony FE 14mm F\/1.8 GM Lens\"}]},{\"@type\":\"WebSite\",\"@id\":\"https:\/\/www.cinesouk.ma\/#website\",\"url\":\"https:\/\/www.cinesouk.ma\/\",\"name\":\"CineSouk\",\"description\":\"\",\"publisher\":{\"@id\":\"https:\/\/www.cinesouk.ma\/#organization\"},\"potentialAction\":[{\"@type\":\"SearchAction\",\"target\":{\"@type\":\"EntryPoint\",\"urlTemplate\":\"https:\/\/www.cinesouk.ma\/?s={search_term_string}\"},\"query-input\":{\"@type\":\"PropertyValueSpecification\",\"valueRequired\":true,\"valueName\":\"search_term_string\"}}],\"inLanguage\":\"fr-FR\"},{\"@type\":\"Organization\",\"@id\":\"https:\/\/www.cinesouk.ma\/#organization\",\"name\":\"CineSouk\",\"url\":\"https:\/\/www.cinesouk.ma\/\",\"logo\":{\"@type\":\"ImageObject\",\"inLanguage\":\"fr-FR\",\"@id\":\"https:\/\/www.cinesouk.ma\/#\/schema\/logo\/image\/\",\"url\":\"https:\/\/www.cinesouk.ma\/wp-content\/uploads\/2024\/01\/CineSouk-logo-v01-alpha-alligned-left.png\",\"contentUrl\":\"https:\/\/www.cinesouk.ma\/wp-content\/uploads\/2024\/01\/CineSouk-logo-v01-alpha-alligned-left.png\",\"width\":3204,\"height\":889,\"caption\":\"CineSouk\"},\"image\":{\"@id\":\"https:\/\/www.cinesouk.ma\/#\/schema\/logo\/image\/\"}}]}<\/script>\n<!-- \/ Yoast SEO Premium plugin. -->","yoast_head_json":{"title":"Sony FE 14mm F\/1.8 GM Lens - lens - Marrocco\/Marrakech - CineSouk - For rent","description":"Sony FE 14mm F1.8 GM \u2013 ultra-wide prime lens with f\/1.8 aperture, edge-to-edge sharpness, and compact design. Perfect for astro, landscape, and video work.","robots":{"index":"index","follow":"follow","max-snippet":"max-snippet:-1","max-image-preview":"max-image-preview:large","max-video-preview":"max-video-preview:-1"},"canonical":"https:\/\/www.cinesouk.ma\/fr\/produit\/sony-fe-14mm-f-1-8-gm\/","og_locale":"fr_FR","og_type":"article","og_title":"Sony FE 14mm F\/1.8 GM Lens","og_description":"Sony FE 14mm F1.8 GM \u2013 ultra-wide prime lens with f\/1.8 aperture, edge-to-edge sharpness, and compact design. Perfect for astro, landscape, and video work.","og_url":"https:\/\/www.cinesouk.ma\/fr\/produit\/sony-fe-14mm-f-1-8-gm\/","og_site_name":"CineSouk","article_modified_time":"2026-02-06T10:07:09+00:00","og_image":[{"width":300,"height":238,"url":"https:\/\/www.cinesouk.ma\/wp-content\/uploads\/2025\/07\/Sony-FE-14mm-F1.8-GM.jpg","type":"image\/jpeg"}],"twitter_card":"summary_large_image","twitter_description":"Sony FE 14mm F1.8 GM \u2013 ultra-wide prime lens with f\/1.8 aperture, edge-to-edge sharpness, and compact design. Perfect for astro, landscape, and video work.","twitter_image":"https:\/\/www.cinesouk.ma\/wp-content\/uploads\/2025\/07\/Sony-FE-14mm-F1.8-GM.jpg","twitter_misc":{"Dur\u00e9e de lecture estim\u00e9e":"2 minutes"},"schema":{"@context":"https:\/\/schema.org","@graph":[{"@type":"WebPage","@id":"https:\/\/www.cinesouk.ma\/product\/sony-fe-14mm-f-1-8-gm\/","url":"https:\/\/www.cinesouk.ma\/product\/sony-fe-14mm-f-1-8-gm\/","name":"Sony FE 14mm F\/1.8 GM Lens - lens - Marrocco\/Marrakech - CineSouk - For rent","isPartOf":{"@id":"https:\/\/www.cinesouk.ma\/#website"},"primaryImageOfPage":{"@id":"https:\/\/www.cinesouk.ma\/product\/sony-fe-14mm-f-1-8-gm\/#primaryimage"},"image":{"@id":"https:\/\/www.cinesouk.ma\/product\/sony-fe-14mm-f-1-8-gm\/#primaryimage"},"thumbnailUrl":"https:\/\/www.cinesouk.ma\/wp-content\/uploads\/2025\/07\/Sony-FE-14mm-F1.8-GM.jpg","datePublished":"2025-07-15T10:07:35+00:00","dateModified":"2026-02-06T10:07:09+00:00","description":"Sony FE 14mm F1.8 GM \u2013 ultra-wide prime lens with f\/1.8 aperture, edge-to-edge sharpness, and compact design. Perfect for astro, landscape, and video work.","breadcrumb":{"@id":"https:\/\/www.cinesouk.ma\/product\/sony-fe-14mm-f-1-8-gm\/#breadcrumb"},"inLanguage":"fr-FR","potentialAction":[{"@type":"ReadAction","target":["https:\/\/www.cinesouk.ma\/product\/sony-fe-14mm-f-1-8-gm\/"]}]},{"@type":"ImageObject","inLanguage":"fr-FR","@id":"https:\/\/www.cinesouk.ma\/product\/sony-fe-14mm-f-1-8-gm\/#primaryimage","url":"https:\/\/www.cinesouk.ma\/wp-content\/uploads\/2025\/07\/Sony-FE-14mm-F1.8-GM.jpg","contentUrl":"https:\/\/www.cinesouk.ma\/wp-content\/uploads\/2025\/07\/Sony-FE-14mm-F1.8-GM.jpg","width":300,"height":238,"caption":"Sony FE 14mm F:1.8 GM"},{"@type":"BreadcrumbList","@id":"https:\/\/www.cinesouk.ma\/product\/sony-fe-14mm-f-1-8-gm\/#breadcrumb","itemListElement":[{"@type":"ListItem","position":1,"name":"Home","item":"https:\/\/www.cinesouk.ma\/"},{"@type":"ListItem","position":2,"name":"Shop","item":"https:\/\/www.cinesouk.ma\/shop\/"},{"@type":"ListItem","position":3,"name":"Sony FE 14mm F\/1.8 GM Lens"}]},{"@type":"WebSite","@id":"https:\/\/www.cinesouk.ma\/#website","url":"https:\/\/www.cinesouk.ma\/","name":"CineSouk","description":"","publisher":{"@id":"https:\/\/www.cinesouk.ma\/#organization"},"potentialAction":[{"@type":"SearchAction","target":{"@type":"EntryPoint","urlTemplate":"https:\/\/www.cinesouk.ma\/?s={search_term_string}"},"query-input":{"@type":"PropertyValueSpecification","valueRequired":true,"valueName":"search_term_string"}}],"inLanguage":"fr-FR"},{"@type":"Organization","@id":"https:\/\/www.cinesouk.ma\/#organization","name":"CineSouk","url":"https:\/\/www.cinesouk.ma\/","logo":{"@type":"ImageObject","inLanguage":"fr-FR","@id":"https:\/\/www.cinesouk.ma\/#\/schema\/logo\/image\/","url":"https:\/\/www.cinesouk.ma\/wp-content\/uploads\/2024\/01\/CineSouk-logo-v01-alpha-alligned-left.png","contentUrl":"https:\/\/www.cinesouk.ma\/wp-content\/uploads\/2024\/01\/CineSouk-logo-v01-alpha-alligned-left.png","width":3204,"height":889,"caption":"CineSouk"},"image":{"@id":"https:\/\/www.cinesouk.ma\/#\/schema\/logo\/image\/"}}]}},"_links":{"self":[{"href":"https:\/\/www.cinesouk.ma\/fr\/wp-json\/wp\/v2\/product\/13805","targetHints":{"allow":["GET"]}}],"collection":[{"href":"https:\/\/www.cinesouk.ma\/fr\/wp-json\/wp\/v2\/product"}],"about":[{"href":"https:\/\/www.cinesouk.ma\/fr\/wp-json\/wp\/v2\/types\/product"}],"wp:featuredmedia":[{"embeddable":true,"href":"https:\/\/www.cinesouk.ma\/fr\/wp-json\/wp\/v2\/media\/13816"}],"wp:attachment":[{"href":"https:\/\/www.cinesouk.ma\/fr\/wp-json\/wp\/v2\/media?parent=13805"}],"wp:term":[{"taxonomy":"product_brand","embeddable":true,"href":"https:\/\/www.cinesouk.ma\/fr\/wp-json\/wp\/v2\/product_brand?post=13805"},{"taxonomy":"product_cat","embeddable":true,"href":"https:\/\/www.cinesouk.ma\/fr\/wp-json\/wp\/v2\/product_cat?post=13805"},{"taxonomy":"product_tag","embeddable":true,"href":"https:\/\/www.cinesouk.ma\/fr\/wp-json\/wp\/v2\/product_tag?post=13805"}],"curies":[{"name":"wp","href":"https:\/\/api.w.org\/{rel}","templated":true}]}}