{"id":13817,"date":"2025-07-15T10:57:20","date_gmt":"2025-07-15T10:57:20","guid":{"rendered":"https:\/\/www.cinesouk.ma\/?post_type=product&#038;p=13817"},"modified":"2026-02-06T10:06:53","modified_gmt":"2026-02-06T10:06:53","slug":"sony-fe-24mm-f-1-4-gm","status":"publish","type":"product","link":"https:\/\/www.cinesouk.ma\/fr\/produit\/sony-fe-24mm-f-1-4-gm\/","title":{"rendered":"Sony FE 24mm F\/1.4 GM Lens"},"content":{"rendered":"<p data-start=\"283\" data-end=\"687\">Le Sony FE 24mm F1.4 GM est un objectif grand angle de qualit\u00e9 sup\u00e9rieure con\u00e7u pour les appareils photo Sony \u00e0 monture E plein format. Faisant partie de la s\u00e9rie G Master, il offre des performances optiques exceptionnelles, un autofocus rapide et un bo\u00eetier compact et l\u00e9ger. Avec son ouverture lumineuse de f\/1,4, cet objectif est parfait pour les environnements \u00e0 faible luminosit\u00e9, les portraits environnementaux, les paysages, les voyages et la production vid\u00e9o.<\/p>\n<p data-start=\"689\" data-end=\"835\">Gr\u00e2ce \u00e0 une optique avanc\u00e9e et \u00e0 une ing\u00e9nierie pr\u00e9cise, il offre une excellente nettet\u00e9, un bokeh fluide et des aberrations r\u00e9duites, m\u00eame \u00e0 grande ouverture.<\/p>\n<h3 data-start=\"842\" data-end=\"862\"><strong data-start=\"846\" data-end=\"862\">Caract\u00e9ristiques principales du Sony FE 24mm :<\/strong><\/h3>\n<ul data-start=\"864\" data-end=\"1576\">\n<li data-start=\"864\" data-end=\"964\">\n<p data-start=\"866\" data-end=\"964\"><strong data-start=\"866\" data-end=\"891\">Perspective large de 24 mm<\/strong>: Id\u00e9al pour les paysages, la photographie de rue et les portraits environnementaux<\/p>\n<\/li>\n<li data-start=\"965\" data-end=\"1047\">\n<p data-start=\"967\" data-end=\"1047\"><strong data-start=\"967\" data-end=\"990\">Ouverture rapide f\/1.4<\/strong>: Id\u00e9al pour une faible profondeur de champ et les sc\u00e8nes \u00e0 faible luminosit\u00e9<\/p>\n<\/li>\n<li data-start=\"1048\" data-end=\"1149\">\n<p data-start=\"1050\" data-end=\"1149\"><strong data-start=\"1050\" data-end=\"1069\">G Master Optics<\/strong>: Deux \u00e9l\u00e9ments XA (asph\u00e9riques extr\u00eames) garantissent une haute r\u00e9solution sur l'ensemble du cadre.<\/p>\n<\/li>\n<li data-start=\"1150\" data-end=\"1227\">\n<p data-start=\"1152\" data-end=\"1227\"><strong data-start=\"1152\" data-end=\"1174\">Nano AR Coating II<\/strong>: Aide \u00e0 r\u00e9duire les reflets et les images fant\u00f4mes en cas d'\u00e9clairage intense<\/p>\n<\/li>\n<li data-start=\"1228\" data-end=\"1308\">\n<p data-start=\"1230\" data-end=\"1308\"><strong data-start=\"1230\" data-end=\"1252\">Autofocus pr\u00e9cis<\/strong>: Deux moteurs lin\u00e9aires XD pour une mise au point rapide et silencieuse<\/p>\n<\/li>\n<li data-start=\"1309\" data-end=\"1406\">\n<p data-start=\"1311\" data-end=\"1406\"><strong data-start=\"1311\" data-end=\"1338\">Compact et l\u00e9ger<\/strong>: Il ne p\u00e8se que 445 g, ce qui le rend facile \u00e0 transporter et \u00e0 utiliser toute la journ\u00e9e.<\/p>\n<\/li>\n<li data-start=\"1407\" data-end=\"1491\">\n<p data-start=\"1409\" data-end=\"1491\"><strong data-start=\"1409\" data-end=\"1427\">Convivialit\u00e9 de la vid\u00e9o<\/strong>: La bague des ouvertures est d\u00e9-cliquable pour des transitions en douceur.<\/p>\n<\/li>\n<li data-start=\"1492\" data-end=\"1576\">\n<p data-start=\"1494\" data-end=\"1576\"><strong data-start=\"1494\" data-end=\"1525\">R\u00e9sistant \u00e0 la poussi\u00e8re et \u00e0 l'humidit\u00e9<\/strong>: Con\u00e7u pour \u00eatre utilis\u00e9 dans des conditions de prise de vue vari\u00e9es<\/p>\n<\/li>\n<\/ul>\n<h3 data-start=\"1583\" data-end=\"1605\"><strong data-start=\"1587\" data-end=\"1605\">Sp\u00e9cifications<\/strong><\/h3>\n<ul data-start=\"1607\" data-end=\"2012\">\n<li data-start=\"1607\" data-end=\"1633\">\n<p data-start=\"1609\" data-end=\"1633\"><strong data-start=\"1609\" data-end=\"1625\">Longueur focale<\/strong>24mm<\/p>\n<\/li>\n<li data-start=\"1634\" data-end=\"1665\">\n<p data-start=\"1636\" data-end=\"1665\"><strong data-start=\"1636\" data-end=\"1656\">Ouverture maximale<\/strong>: f\/1.4<\/p>\n<\/li>\n<li data-start=\"1666\" data-end=\"1696\">\n<p data-start=\"1668\" data-end=\"1696\"><strong data-start=\"1668\" data-end=\"1688\">Ouverture minimale<\/strong>: f\/16<\/p>\n<\/li>\n<li data-start=\"1697\" data-end=\"1737\">\n<p data-start=\"1699\" data-end=\"1737\"><strong data-start=\"1699\" data-end=\"1708\">Montage<\/strong>: Monture Sony E (plein format)<\/p>\n<\/li>\n<li data-start=\"1738\" data-end=\"1775\">\n<p data-start=\"1740\" data-end=\"1775\"><strong data-start=\"1740\" data-end=\"1766\">Distance minimale de mise au point<\/strong>: 24 cm<\/p>\n<\/li>\n<li data-start=\"1776\" data-end=\"1814\">\n<p data-start=\"1778\" data-end=\"1814\"><strong data-start=\"1778\" data-end=\"1797\">Lames d'ouverture<\/strong>: 11 (circulaire)<\/p>\n<\/li>\n<li data-start=\"1815\" data-end=\"1845\">\n<p data-start=\"1817\" data-end=\"1845\"><strong data-start=\"1817\" data-end=\"1836\">Diam\u00e8tre du filtre<\/strong>: 67 mm<\/p>\n<\/li>\n<li data-start=\"1846\" data-end=\"1880\">\n<p data-start=\"1848\" data-end=\"1880\"><strong data-start=\"1848\" data-end=\"1862\">Dimensions<\/strong>75,4 x 92,4 mm<\/p>\n<\/li>\n<li data-start=\"1881\" data-end=\"1910\">\n<p data-start=\"1883\" data-end=\"1910\"><strong data-start=\"1883\" data-end=\"1893\">Poids<\/strong>: Environ 445 g<\/p>\n<\/li>\n<li data-start=\"1911\" data-end=\"1950\">\n<p data-start=\"1913\" data-end=\"1950\"><strong data-start=\"1913\" data-end=\"1932\">Moteur autofocus<\/strong>: Dual XD Linear<\/p>\n<\/li>\n<li data-start=\"1951\" data-end=\"2012\">\n<p data-start=\"1953\" data-end=\"2012\"><strong data-start=\"1953\" data-end=\"1976\">Stabilisation de l'image<\/strong>: Non (utilise l'IBIS de l'appareil photo s'il est disponible)<\/p>\n<\/li>\n<\/ul>\n<p data-start=\"2224\" data-end=\"2532\">Le Sony FE 24mm F1.4 GM est un objectif grand angle polyvalent et performant qui r\u00e9pond aux besoins des photographes et des vid\u00e9astes. Ses optiques nettes, son ouverture rapide et sa conception portable en font un excellent choix pour les professionnels qui ont besoin d'un contr\u00f4le cr\u00e9atif et de performances fiables dans n'importe quel environnement.<\/p>\n<p>Louez le Sony FE 24mm F\/1.4 GM maintenant sur <a href=\"https:\/\/www.cinesouk.ma\/fr\">CINESOUK<\/a> - une marque de <a href=\"https:\/\/www.broadway.ma\/\">BROADWAY PRODUCTIONS SARL.<\/a><\/p>","protected":false},"excerpt":{"rendered":"<p><strong>Sp\u00e9cifications<\/strong><\/p>\n<ul>\n<li data-start=\"1607\" data-end=\"1633\">\n<p data-start=\"1609\" data-end=\"1633\"><strong data-start=\"1609\" data-end=\"1625\">Longueur focale<\/strong>24mm<\/p>\n<\/li>\n<li data-start=\"1634\" data-end=\"1665\">\n<p data-start=\"1636\" data-end=\"1665\"><strong data-start=\"1636\" data-end=\"1656\">Ouverture maximale<\/strong>: f\/1.4<\/p>\n<\/li>\n<li data-start=\"1666\" data-end=\"1696\">\n<p data-start=\"1668\" data-end=\"1696\"><strong data-start=\"1668\" data-end=\"1688\">Ouverture minimale<\/strong>: f\/16<\/p>\n<\/li>\n<li data-start=\"1697\" data-end=\"1737\">\n<p data-start=\"1699\" data-end=\"1737\"><strong data-start=\"1699\" data-end=\"1708\">Montage<\/strong>: Monture Sony E (plein format)<\/p>\n<\/li>\n<li data-start=\"1738\" data-end=\"1775\">\n<p data-start=\"1740\" data-end=\"1775\"><strong data-start=\"1740\" data-end=\"1766\">Distance minimale de mise au point<\/strong>: 24 cm<\/p>\n<\/li>\n<li data-start=\"1776\" data-end=\"1814\">\n<p data-start=\"1778\" data-end=\"1814\"><strong data-start=\"1778\" data-end=\"1797\">Lames d'ouverture<\/strong>: 11 (circulaire)<\/p>\n<\/li>\n<li data-start=\"1815\" data-end=\"1845\">\n<p data-start=\"1817\" data-end=\"1845\"><strong data-start=\"1817\" data-end=\"1836\">Diam\u00e8tre du filtre<\/strong>: 67 mm<\/p>\n<\/li>\n<li data-start=\"1846\" data-end=\"1880\">\n<p data-start=\"1848\" data-end=\"1880\"><strong data-start=\"1848\" data-end=\"1862\">Dimensions<\/strong>75,4 x 92,4 mm<\/p>\n<\/li>\n<li data-start=\"1881\" data-end=\"1910\">\n<p data-start=\"1883\" data-end=\"1910\"><strong data-start=\"1883\" data-end=\"1893\">Poids<\/strong>: Environ 445 g<\/p>\n<\/li>\n<li data-start=\"1911\" data-end=\"1950\">\n<p data-start=\"1913\" data-end=\"1950\"><strong data-start=\"1913\" data-end=\"1932\">Moteur autofocus<\/strong>: Dual XD Linear<\/p>\n<\/li>\n<li data-start=\"1951\" data-end=\"2012\">\n<p data-start=\"1953\" data-end=\"2012\"><strong data-start=\"1953\" data-end=\"1976\">Stabilisation de l'image<\/strong>: Non (utilise l'IBIS de l'appareil photo s'il est disponible)<\/p>\n<\/li>\n<\/ul>","protected":false},"featured_media":13828,"template":"","meta":{"om_disable_all_campaigns":false,"_monsterinsights_skip_tracking":false,"_monsterinsights_sitenote_active":false,"_monsterinsights_sitenote_note":"","_monsterinsights_sitenote_category":0,"_uf_show_specific_survey":0,"_uf_disable_surveys":false},"product_brand":[],"product_cat":[36],"product_tag":[],"class_list":{"0":"post-13817","1":"product","2":"type-product","3":"status-publish","4":"has-post-thumbnail","6":"product_cat-lenses-cinesouk","8":"entry","9":"has-media","11":"first","12":"instock","13":"taxable","14":"shipping-taxable","15":"purchasable","16":"product-type-variable","17":"has-product-nav","18":"col","19":"span_1_of_3","20":"owp-content-center","21":"owp-thumbs-layout-horizontal","22":"owp-btn-normal","23":"owp-tabs-layout-horizontal","24":"has-no-thumbnails"},"yoast_head":"<!-- This site is optimized with the Yoast SEO Premium plugin v26.0 (Yoast SEO v26.0) - https:\/\/yoast.com\/wordpress\/plugins\/seo\/ -->\n<title>Sony FE 24mm F\/1.4 GM Lens - lens - Marrocco\/Marrakech - CineSouk - For rent<\/title>\n<meta name=\"description\" content=\"Sony FE 24mm F1.4 GM \u2013 full-frame wide-angle prime lens with fast f\/1.4 aperture, G Master optics, and lightweight design. Ideal for stills and video.\" \/>\n<meta name=\"robots\" content=\"index, follow, max-snippet:-1, max-image-preview:large, max-video-preview:-1\" \/>\n<link rel=\"canonical\" href=\"https:\/\/www.cinesouk.ma\/fr\/produit\/sony-fe-24mm-f-1-4-gm\/\" \/>\n<meta property=\"og:locale\" content=\"fr_FR\" \/>\n<meta property=\"og:type\" content=\"article\" \/>\n<meta property=\"og:title\" content=\"Sony FE 24mm F\/1.4 GM Lens\" \/>\n<meta property=\"og:description\" content=\"Sony FE 24mm F1.4 GM \u2013 full-frame wide-angle prime lens with fast f\/1.4 aperture, G Master optics, and lightweight design. Ideal for stills and video.\" \/>\n<meta property=\"og:url\" content=\"https:\/\/www.cinesouk.ma\/fr\/produit\/sony-fe-24mm-f-1-4-gm\/\" \/>\n<meta property=\"og:site_name\" content=\"CineSouk\" \/>\n<meta property=\"article:modified_time\" content=\"2026-02-06T10:06:53+00:00\" \/>\n<meta property=\"og:image\" content=\"https:\/\/www.cinesouk.ma\/wp-content\/uploads\/2025\/07\/Sony-FE-24mm-F1.4-GM.jpg\" \/>\n\t<meta property=\"og:image:width\" content=\"300\" \/>\n\t<meta property=\"og:image:height\" content=\"238\" \/>\n\t<meta property=\"og:image:type\" content=\"image\/jpeg\" \/>\n<meta name=\"twitter:card\" content=\"summary_large_image\" \/>\n<meta name=\"twitter:description\" content=\"Sony FE 24mm F1.4 GM \u2013 full-frame wide-angle prime lens with fast f\/1.4 aperture, G Master optics, and lightweight design. Ideal for stills and video.\" \/>\n<meta name=\"twitter:image\" content=\"https:\/\/www.cinesouk.ma\/wp-content\/uploads\/2025\/07\/Sony-FE-24mm-F1.4-GM.jpg\" \/>\n<meta name=\"twitter:label1\" content=\"Dur\u00e9e de lecture estim\u00e9e\" \/>\n\t<meta name=\"twitter:data1\" content=\"2 minutes\" \/>\n<script type=\"application\/ld+json\" class=\"yoast-schema-graph\">{\"@context\":\"https:\/\/schema.org\",\"@graph\":[{\"@type\":\"WebPage\",\"@id\":\"https:\/\/www.cinesouk.ma\/product\/sony-fe-24mm-f-1-4-gm\/\",\"url\":\"https:\/\/www.cinesouk.ma\/product\/sony-fe-24mm-f-1-4-gm\/\",\"name\":\"Sony FE 24mm F\/1.4 GM Lens - lens - Marrocco\/Marrakech - CineSouk - For rent\",\"isPartOf\":{\"@id\":\"https:\/\/www.cinesouk.ma\/#website\"},\"primaryImageOfPage\":{\"@id\":\"https:\/\/www.cinesouk.ma\/product\/sony-fe-24mm-f-1-4-gm\/#primaryimage\"},\"image\":{\"@id\":\"https:\/\/www.cinesouk.ma\/product\/sony-fe-24mm-f-1-4-gm\/#primaryimage\"},\"thumbnailUrl\":\"https:\/\/www.cinesouk.ma\/wp-content\/uploads\/2025\/07\/Sony-FE-24mm-F1.4-GM.jpg\",\"datePublished\":\"2025-07-15T10:57:20+00:00\",\"dateModified\":\"2026-02-06T10:06:53+00:00\",\"description\":\"Sony FE 24mm F1.4 GM \u2013 full-frame wide-angle prime lens with fast f\/1.4 aperture, G Master optics, and lightweight design. Ideal for stills and video.\",\"breadcrumb\":{\"@id\":\"https:\/\/www.cinesouk.ma\/product\/sony-fe-24mm-f-1-4-gm\/#breadcrumb\"},\"inLanguage\":\"fr-FR\",\"potentialAction\":[{\"@type\":\"ReadAction\",\"target\":[\"https:\/\/www.cinesouk.ma\/product\/sony-fe-24mm-f-1-4-gm\/\"]}]},{\"@type\":\"ImageObject\",\"inLanguage\":\"fr-FR\",\"@id\":\"https:\/\/www.cinesouk.ma\/product\/sony-fe-24mm-f-1-4-gm\/#primaryimage\",\"url\":\"https:\/\/www.cinesouk.ma\/wp-content\/uploads\/2025\/07\/Sony-FE-24mm-F1.4-GM.jpg\",\"contentUrl\":\"https:\/\/www.cinesouk.ma\/wp-content\/uploads\/2025\/07\/Sony-FE-24mm-F1.4-GM.jpg\",\"width\":300,\"height\":238,\"caption\":\"Sony FE 24mm\"},{\"@type\":\"BreadcrumbList\",\"@id\":\"https:\/\/www.cinesouk.ma\/product\/sony-fe-24mm-f-1-4-gm\/#breadcrumb\",\"itemListElement\":[{\"@type\":\"ListItem\",\"position\":1,\"name\":\"Home\",\"item\":\"https:\/\/www.cinesouk.ma\/\"},{\"@type\":\"ListItem\",\"position\":2,\"name\":\"Shop\",\"item\":\"https:\/\/www.cinesouk.ma\/shop\/\"},{\"@type\":\"ListItem\",\"position\":3,\"name\":\"Sony FE 24mm F\/1.4 GM Lens\"}]},{\"@type\":\"WebSite\",\"@id\":\"https:\/\/www.cinesouk.ma\/#website\",\"url\":\"https:\/\/www.cinesouk.ma\/\",\"name\":\"CineSouk\",\"description\":\"\",\"publisher\":{\"@id\":\"https:\/\/www.cinesouk.ma\/#organization\"},\"potentialAction\":[{\"@type\":\"SearchAction\",\"target\":{\"@type\":\"EntryPoint\",\"urlTemplate\":\"https:\/\/www.cinesouk.ma\/?s={search_term_string}\"},\"query-input\":{\"@type\":\"PropertyValueSpecification\",\"valueRequired\":true,\"valueName\":\"search_term_string\"}}],\"inLanguage\":\"fr-FR\"},{\"@type\":\"Organization\",\"@id\":\"https:\/\/www.cinesouk.ma\/#organization\",\"name\":\"CineSouk\",\"url\":\"https:\/\/www.cinesouk.ma\/\",\"logo\":{\"@type\":\"ImageObject\",\"inLanguage\":\"fr-FR\",\"@id\":\"https:\/\/www.cinesouk.ma\/#\/schema\/logo\/image\/\",\"url\":\"https:\/\/www.cinesouk.ma\/wp-content\/uploads\/2024\/01\/CineSouk-logo-v01-alpha-alligned-left.png\",\"contentUrl\":\"https:\/\/www.cinesouk.ma\/wp-content\/uploads\/2024\/01\/CineSouk-logo-v01-alpha-alligned-left.png\",\"width\":3204,\"height\":889,\"caption\":\"CineSouk\"},\"image\":{\"@id\":\"https:\/\/www.cinesouk.ma\/#\/schema\/logo\/image\/\"}}]}<\/script>\n<!-- \/ Yoast SEO Premium plugin. -->","yoast_head_json":{"title":"Sony FE 24mm F\/1.4 GM Lens - lens - Marrocco\/Marrakech - CineSouk - For rent","description":"Sony FE 24mm F1.4 GM \u2013 full-frame wide-angle prime lens with fast f\/1.4 aperture, G Master optics, and lightweight design. Ideal for stills and video.","robots":{"index":"index","follow":"follow","max-snippet":"max-snippet:-1","max-image-preview":"max-image-preview:large","max-video-preview":"max-video-preview:-1"},"canonical":"https:\/\/www.cinesouk.ma\/fr\/produit\/sony-fe-24mm-f-1-4-gm\/","og_locale":"fr_FR","og_type":"article","og_title":"Sony FE 24mm F\/1.4 GM Lens","og_description":"Sony FE 24mm F1.4 GM \u2013 full-frame wide-angle prime lens with fast f\/1.4 aperture, G Master optics, and lightweight design. Ideal for stills and video.","og_url":"https:\/\/www.cinesouk.ma\/fr\/produit\/sony-fe-24mm-f-1-4-gm\/","og_site_name":"CineSouk","article_modified_time":"2026-02-06T10:06:53+00:00","og_image":[{"width":300,"height":238,"url":"https:\/\/www.cinesouk.ma\/wp-content\/uploads\/2025\/07\/Sony-FE-24mm-F1.4-GM.jpg","type":"image\/jpeg"}],"twitter_card":"summary_large_image","twitter_description":"Sony FE 24mm F1.4 GM \u2013 full-frame wide-angle prime lens with fast f\/1.4 aperture, G Master optics, and lightweight design. Ideal for stills and video.","twitter_image":"https:\/\/www.cinesouk.ma\/wp-content\/uploads\/2025\/07\/Sony-FE-24mm-F1.4-GM.jpg","twitter_misc":{"Dur\u00e9e de lecture estim\u00e9e":"2 minutes"},"schema":{"@context":"https:\/\/schema.org","@graph":[{"@type":"WebPage","@id":"https:\/\/www.cinesouk.ma\/product\/sony-fe-24mm-f-1-4-gm\/","url":"https:\/\/www.cinesouk.ma\/product\/sony-fe-24mm-f-1-4-gm\/","name":"Sony FE 24mm F\/1.4 GM Lens - lens - Marrocco\/Marrakech - CineSouk - For rent","isPartOf":{"@id":"https:\/\/www.cinesouk.ma\/#website"},"primaryImageOfPage":{"@id":"https:\/\/www.cinesouk.ma\/product\/sony-fe-24mm-f-1-4-gm\/#primaryimage"},"image":{"@id":"https:\/\/www.cinesouk.ma\/product\/sony-fe-24mm-f-1-4-gm\/#primaryimage"},"thumbnailUrl":"https:\/\/www.cinesouk.ma\/wp-content\/uploads\/2025\/07\/Sony-FE-24mm-F1.4-GM.jpg","datePublished":"2025-07-15T10:57:20+00:00","dateModified":"2026-02-06T10:06:53+00:00","description":"Sony FE 24mm F1.4 GM \u2013 full-frame wide-angle prime lens with fast f\/1.4 aperture, G Master optics, and lightweight design. Ideal for stills and video.","breadcrumb":{"@id":"https:\/\/www.cinesouk.ma\/product\/sony-fe-24mm-f-1-4-gm\/#breadcrumb"},"inLanguage":"fr-FR","potentialAction":[{"@type":"ReadAction","target":["https:\/\/www.cinesouk.ma\/product\/sony-fe-24mm-f-1-4-gm\/"]}]},{"@type":"ImageObject","inLanguage":"fr-FR","@id":"https:\/\/www.cinesouk.ma\/product\/sony-fe-24mm-f-1-4-gm\/#primaryimage","url":"https:\/\/www.cinesouk.ma\/wp-content\/uploads\/2025\/07\/Sony-FE-24mm-F1.4-GM.jpg","contentUrl":"https:\/\/www.cinesouk.ma\/wp-content\/uploads\/2025\/07\/Sony-FE-24mm-F1.4-GM.jpg","width":300,"height":238,"caption":"Sony FE 24mm"},{"@type":"BreadcrumbList","@id":"https:\/\/www.cinesouk.ma\/product\/sony-fe-24mm-f-1-4-gm\/#breadcrumb","itemListElement":[{"@type":"ListItem","position":1,"name":"Home","item":"https:\/\/www.cinesouk.ma\/"},{"@type":"ListItem","position":2,"name":"Shop","item":"https:\/\/www.cinesouk.ma\/shop\/"},{"@type":"ListItem","position":3,"name":"Sony FE 24mm F\/1.4 GM Lens"}]},{"@type":"WebSite","@id":"https:\/\/www.cinesouk.ma\/#website","url":"https:\/\/www.cinesouk.ma\/","name":"CineSouk","description":"","publisher":{"@id":"https:\/\/www.cinesouk.ma\/#organization"},"potentialAction":[{"@type":"SearchAction","target":{"@type":"EntryPoint","urlTemplate":"https:\/\/www.cinesouk.ma\/?s={search_term_string}"},"query-input":{"@type":"PropertyValueSpecification","valueRequired":true,"valueName":"search_term_string"}}],"inLanguage":"fr-FR"},{"@type":"Organization","@id":"https:\/\/www.cinesouk.ma\/#organization","name":"CineSouk","url":"https:\/\/www.cinesouk.ma\/","logo":{"@type":"ImageObject","inLanguage":"fr-FR","@id":"https:\/\/www.cinesouk.ma\/#\/schema\/logo\/image\/","url":"https:\/\/www.cinesouk.ma\/wp-content\/uploads\/2024\/01\/CineSouk-logo-v01-alpha-alligned-left.png","contentUrl":"https:\/\/www.cinesouk.ma\/wp-content\/uploads\/2024\/01\/CineSouk-logo-v01-alpha-alligned-left.png","width":3204,"height":889,"caption":"CineSouk"},"image":{"@id":"https:\/\/www.cinesouk.ma\/#\/schema\/logo\/image\/"}}]}},"_links":{"self":[{"href":"https:\/\/www.cinesouk.ma\/fr\/wp-json\/wp\/v2\/product\/13817","targetHints":{"allow":["GET"]}}],"collection":[{"href":"https:\/\/www.cinesouk.ma\/fr\/wp-json\/wp\/v2\/product"}],"about":[{"href":"https:\/\/www.cinesouk.ma\/fr\/wp-json\/wp\/v2\/types\/product"}],"wp:featuredmedia":[{"embeddable":true,"href":"https:\/\/www.cinesouk.ma\/fr\/wp-json\/wp\/v2\/media\/13828"}],"wp:attachment":[{"href":"https:\/\/www.cinesouk.ma\/fr\/wp-json\/wp\/v2\/media?parent=13817"}],"wp:term":[{"taxonomy":"product_brand","embeddable":true,"href":"https:\/\/www.cinesouk.ma\/fr\/wp-json\/wp\/v2\/product_brand?post=13817"},{"taxonomy":"product_cat","embeddable":true,"href":"https:\/\/www.cinesouk.ma\/fr\/wp-json\/wp\/v2\/product_cat?post=13817"},{"taxonomy":"product_tag","embeddable":true,"href":"https:\/\/www.cinesouk.ma\/fr\/wp-json\/wp\/v2\/product_tag?post=13817"}],"curies":[{"name":"wp","href":"https:\/\/api.w.org\/{rel}","templated":true}]}}