{"id":13829,"date":"2025-07-15T11:04:32","date_gmt":"2025-07-15T11:04:32","guid":{"rendered":"https:\/\/www.cinesouk.ma\/?post_type=product&#038;p=13829"},"modified":"2026-02-06T10:06:33","modified_gmt":"2026-02-06T10:06:33","slug":"sony-fe-85mm-f-1-4-gm","status":"publish","type":"product","link":"https:\/\/www.cinesouk.ma\/fr\/produit\/sony-fe-85mm-f-1-4-gm\/","title":{"rendered":"Sony FE 85mm F\/1.4 GM Lens"},"content":{"rendered":"<p data-start=\"289\" data-end=\"659\">Le Sony FE 85mm F1.4 GM est un t\u00e9l\u00e9objectif haut de gamme con\u00e7u pour les appareils photo plein format Sony \u00e0 monture E. Il fait partie de la s\u00e9rie G Master, connue pour sa pr\u00e9cision optique exceptionnelle et son flou cr\u00e9meux. Il fait partie de la s\u00e9rie G Master, connue pour sa pr\u00e9cision optique exceptionnelle et son bokeh doux et cr\u00e9meux. Avec son ouverture rapide de f\/1,4, cet objectif excelle en portrait, offrant une belle s\u00e9paration des sujets et des performances exceptionnelles en basse lumi\u00e8re.<\/p>\n<p data-start=\"661\" data-end=\"838\">Gr\u00e2ce \u00e0 sa r\u00e9solution sup\u00e9rieure et \u00e0 son syst\u00e8me autofocus avanc\u00e9, il convient aussi bien aux photos qu'aux vid\u00e9os, offrant des r\u00e9sultats professionnels dans un large \u00e9ventail d'environnements.<\/p>\n<h3 data-start=\"845\" data-end=\"865\"><strong data-start=\"849\" data-end=\"865\">Caract\u00e9ristiques principales du Sony FE 85mm :<\/strong><\/h3>\n<ul data-start=\"867\" data-end=\"1569\">\n<li data-start=\"867\" data-end=\"961\">\n<p data-start=\"869\" data-end=\"961\"><strong data-start=\"869\" data-end=\"902\">Longueur focale parfaite pour le portrait<\/strong>Le mod\u00e8le 85 mm est id\u00e9al pour r\u00e9aliser des portraits flatteurs et naturels.<\/p>\n<\/li>\n<li data-start=\"962\" data-end=\"1057\">\n<p data-start=\"964\" data-end=\"1057\"><strong data-start=\"964\" data-end=\"987\">Ouverture rapide f\/1.4<\/strong>: Permet un excellent contr\u00f4le de la profondeur de champ et une capacit\u00e9 de faible luminosit\u00e9<\/p>\n<\/li>\n<li data-start=\"1058\" data-end=\"1160\">\n<p data-start=\"1060\" data-end=\"1160\"><strong data-start=\"1060\" data-end=\"1079\">G Master Optics<\/strong>: Comprend un \u00e9l\u00e9ment XA et trois \u00e9l\u00e9ments ED pour une clart\u00e9 et des d\u00e9tails \u00e9poustouflants.<\/p>\n<\/li>\n<li data-start=\"1161\" data-end=\"1225\">\n<p data-start=\"1163\" data-end=\"1225\"><strong data-start=\"1163\" data-end=\"1193\">Ouverture circulaire \u00e0 11 lames<\/strong>: Produit un bokeh doux et rond<\/p>\n<\/li>\n<li data-start=\"1226\" data-end=\"1301\">\n<p data-start=\"1228\" data-end=\"1301\"><strong data-start=\"1228\" data-end=\"1247\">Rev\u00eatement Nano AR<\/strong>: R\u00e9duit les reflets et les images fant\u00f4mes, m\u00eame dans les sc\u00e8nes \u00e0 contre-jour<\/p>\n<\/li>\n<li data-start=\"1302\" data-end=\"1412\">\n<p data-start=\"1304\" data-end=\"1412\"><strong data-start=\"1304\" data-end=\"1328\">Autofocus r\u00e9actif<\/strong>: Comprend un moteur SSM (Super Sonic wave Motor) \u00e0 entra\u00eenement par anneau pour une mise au point rapide et pr\u00e9cise.<\/p>\n<\/li>\n<li data-start=\"1413\" data-end=\"1498\">\n<p data-start=\"1415\" data-end=\"1498\"><strong data-start=\"1415\" data-end=\"1450\">Anneau d'ouverture avec interrupteur \u00e0 d\u00e9clic<\/strong>: Utile pour les applications photo et vid\u00e9o<\/p>\n<\/li>\n<li data-start=\"1499\" data-end=\"1569\">\n<p data-start=\"1501\" data-end=\"1569\"><strong data-start=\"1501\" data-end=\"1526\">Conception \u00e9tanche<\/strong>: Construit pour r\u00e9sister \u00e0 des conditions difficiles<\/p>\n<\/li>\n<\/ul>\n<h3 data-start=\"1576\" data-end=\"1598\"><strong data-start=\"1580\" data-end=\"1598\">Sp\u00e9cifications<\/strong><\/h3>\n<ul data-start=\"1600\" data-end=\"2010\">\n<li data-start=\"1600\" data-end=\"1626\">\n<p data-start=\"1602\" data-end=\"1626\"><strong data-start=\"1602\" data-end=\"1618\">Longueur focale<\/strong>: 85mm<\/p>\n<\/li>\n<li data-start=\"1627\" data-end=\"1658\">\n<p data-start=\"1629\" data-end=\"1658\"><strong data-start=\"1629\" data-end=\"1649\">Ouverture maximale<\/strong>: f\/1.4<\/p>\n<\/li>\n<li data-start=\"1659\" data-end=\"1689\">\n<p data-start=\"1661\" data-end=\"1689\"><strong data-start=\"1661\" data-end=\"1681\">Ouverture minimale<\/strong>: f\/16<\/p>\n<\/li>\n<li data-start=\"1690\" data-end=\"1724\">\n<p data-start=\"1692\" data-end=\"1724\"><strong data-start=\"1692\" data-end=\"1701\">Montage<\/strong>: Sony E (plein cadre)<\/p>\n<\/li>\n<li data-start=\"1725\" data-end=\"1762\">\n<p data-start=\"1727\" data-end=\"1762\"><strong data-start=\"1727\" data-end=\"1753\">Distance minimale de mise au point<\/strong>: 80 cm<\/p>\n<\/li>\n<li data-start=\"1763\" data-end=\"1801\">\n<p data-start=\"1765\" data-end=\"1801\"><strong data-start=\"1765\" data-end=\"1784\">Lames d'ouverture<\/strong>: 11 (circulaire)<\/p>\n<\/li>\n<li data-start=\"1802\" data-end=\"1832\">\n<p data-start=\"1804\" data-end=\"1832\"><strong data-start=\"1804\" data-end=\"1823\">Diam\u00e8tre du filtre<\/strong>: 77 mm<\/p>\n<\/li>\n<li data-start=\"1833\" data-end=\"1868\">\n<p data-start=\"1835\" data-end=\"1868\"><strong data-start=\"1835\" data-end=\"1849\">Dimensions<\/strong>: 89,5 x 107,5 mm<\/p>\n<\/li>\n<li data-start=\"1869\" data-end=\"1898\">\n<p data-start=\"1871\" data-end=\"1898\"><strong data-start=\"1871\" data-end=\"1881\">Poids<\/strong>: Environ 820 g<\/p>\n<\/li>\n<li data-start=\"1899\" data-end=\"1938\">\n<p data-start=\"1901\" data-end=\"1938\"><strong data-start=\"1901\" data-end=\"1920\">Moteur autofocus<\/strong>: Moteur annulaire SSM<\/p>\n<\/li>\n<li data-start=\"1939\" data-end=\"2010\">\n<p data-start=\"1941\" data-end=\"2010\"><strong data-start=\"1941\" data-end=\"1964\">Stabilisation de l'image<\/strong>: Non (utilise la stabilisation du corps si elle est disponible)<\/p>\n<\/li>\n<\/ul>\n<p data-start=\"2226\" data-end=\"2548\">Le Sony FE 85mm F1.4 GM est un objectif de portrait de premier ordre qui fournit des images de qualit\u00e9 professionnelle avec une superbe nettet\u00e9 et une s\u00e9paration de l'arri\u00e8re-plan de r\u00eave. Que vous r\u00e9alisiez des portraits \u00e9ditoriaux, des interviews cin\u00e9matographiques ou des b-rolls cr\u00e9atifs, cet objectif offre le contr\u00f4le artistique et la fiabilit\u00e9 que les professionnels exigent.<\/p>\n<p>Louez le Sony FE 85mm F1.4 GM maintenant sur <a href=\"https:\/\/www.cinesouk.ma\/fr\">CINESOUK<\/a> - une marque de <a href=\"https:\/\/www.broadway.ma\/\">BROADWAY PRODUCTIONS SARL.<\/a><\/p>","protected":false},"excerpt":{"rendered":"<p><strong>Sp\u00e9cifications<\/strong><\/p>\n<ul>\n<li data-start=\"1600\" data-end=\"1626\">\n<p data-start=\"1602\" data-end=\"1626\"><strong data-start=\"1602\" data-end=\"1618\">Longueur focale<\/strong>: 85mm<\/p>\n<\/li>\n<li data-start=\"1627\" data-end=\"1658\">\n<p data-start=\"1629\" data-end=\"1658\"><strong data-start=\"1629\" data-end=\"1649\">Ouverture maximale<\/strong>: f\/1.4<\/p>\n<\/li>\n<li data-start=\"1659\" data-end=\"1689\">\n<p data-start=\"1661\" data-end=\"1689\"><strong data-start=\"1661\" data-end=\"1681\">Ouverture minimale<\/strong>: f\/16<\/p>\n<\/li>\n<li data-start=\"1690\" data-end=\"1724\">\n<p data-start=\"1692\" data-end=\"1724\"><strong data-start=\"1692\" data-end=\"1701\">Montage<\/strong>: Sony E (plein cadre)<\/p>\n<\/li>\n<li data-start=\"1725\" data-end=\"1762\">\n<p data-start=\"1727\" data-end=\"1762\"><strong data-start=\"1727\" data-end=\"1753\">Distance minimale de mise au point<\/strong>: 80 cm<\/p>\n<\/li>\n<li data-start=\"1763\" data-end=\"1801\">\n<p data-start=\"1765\" data-end=\"1801\"><strong data-start=\"1765\" data-end=\"1784\">Lames d'ouverture<\/strong>: 11 (circulaire)<\/p>\n<\/li>\n<li data-start=\"1802\" data-end=\"1832\">\n<p data-start=\"1804\" data-end=\"1832\"><strong data-start=\"1804\" data-end=\"1823\">Diam\u00e8tre du filtre<\/strong>: 77 mm<\/p>\n<\/li>\n<li data-start=\"1833\" data-end=\"1868\">\n<p data-start=\"1835\" data-end=\"1868\"><strong data-start=\"1835\" data-end=\"1849\">Dimensions<\/strong>: 89,5 x 107,5 mm<\/p>\n<\/li>\n<li data-start=\"1869\" data-end=\"1898\">\n<p data-start=\"1871\" data-end=\"1898\"><strong data-start=\"1871\" data-end=\"1881\">Poids<\/strong>: Environ 820 g<\/p>\n<\/li>\n<li data-start=\"1899\" data-end=\"1938\">\n<p data-start=\"1901\" data-end=\"1938\"><strong data-start=\"1901\" data-end=\"1920\">Moteur autofocus<\/strong>: Moteur annulaire SSM<\/p>\n<\/li>\n<li data-start=\"1939\" data-end=\"2010\">\n<p data-start=\"1941\" data-end=\"2010\"><strong data-start=\"1941\" data-end=\"1964\">Stabilisation de l'image<\/strong>: Non (utilise la stabilisation du corps si elle est disponible)<\/p>\n<\/li>\n<\/ul>","protected":false},"featured_media":13840,"template":"","meta":{"om_disable_all_campaigns":false,"_monsterinsights_skip_tracking":false,"_monsterinsights_sitenote_active":false,"_monsterinsights_sitenote_note":"","_monsterinsights_sitenote_category":0,"_uf_show_specific_survey":0,"_uf_disable_surveys":false},"product_brand":[],"product_cat":[36],"product_tag":[],"class_list":{"0":"post-13829","1":"product","2":"type-product","3":"status-publish","4":"has-post-thumbnail","6":"product_cat-lenses-cinesouk","8":"entry","9":"has-media","11":"first","12":"instock","13":"taxable","14":"shipping-taxable","15":"purchasable","16":"product-type-variable","17":"has-product-nav","18":"col","19":"span_1_of_3","20":"owp-content-center","21":"owp-thumbs-layout-horizontal","22":"owp-btn-normal","23":"owp-tabs-layout-horizontal","24":"has-no-thumbnails"},"yoast_head":"<!-- This site is optimized with the Yoast SEO Premium plugin v26.0 (Yoast SEO v26.0) - https:\/\/yoast.com\/wordpress\/plugins\/seo\/ -->\n<title>Sony FE 85mm F\/1.4 GM Lens - lens - Marrocco\/Marrakech - CineSouk - For rent<\/title>\n<meta name=\"description\" content=\"Sony FE 85mm F1.4 GM \u2013 premium portrait lens with f\/1.4 aperture, stunning bokeh, and G Master optical quality. Built for full-frame Sony E-mount cameras.\" \/>\n<meta name=\"robots\" content=\"index, follow, max-snippet:-1, max-image-preview:large, max-video-preview:-1\" \/>\n<link rel=\"canonical\" href=\"https:\/\/www.cinesouk.ma\/fr\/produit\/sony-fe-85mm-f-1-4-gm\/\" \/>\n<meta property=\"og:locale\" content=\"fr_FR\" \/>\n<meta property=\"og:type\" content=\"article\" \/>\n<meta property=\"og:title\" content=\"Sony FE 85mm F\/1.4 GM Lens\" \/>\n<meta property=\"og:description\" content=\"Sony FE 85mm F1.4 GM \u2013 premium portrait lens with f\/1.4 aperture, stunning bokeh, and G Master optical quality. Built for full-frame Sony E-mount cameras.\" \/>\n<meta property=\"og:url\" content=\"https:\/\/www.cinesouk.ma\/fr\/produit\/sony-fe-85mm-f-1-4-gm\/\" \/>\n<meta property=\"og:site_name\" content=\"CineSouk\" \/>\n<meta property=\"article:modified_time\" content=\"2026-02-06T10:06:33+00:00\" \/>\n<meta property=\"og:image\" content=\"https:\/\/www.cinesouk.ma\/wp-content\/uploads\/2025\/07\/Sony-FE-85mm-F1.4-GM.jpg\" \/>\n\t<meta property=\"og:image:width\" content=\"300\" \/>\n\t<meta property=\"og:image:height\" content=\"238\" \/>\n\t<meta property=\"og:image:type\" content=\"image\/jpeg\" \/>\n<meta name=\"twitter:card\" content=\"summary_large_image\" \/>\n<meta name=\"twitter:description\" content=\"Sony FE 85mm F1.4 GM \u2013 premium portrait lens with f\/1.4 aperture, stunning bokeh, and G Master optical quality. Built for full-frame Sony E-mount cameras.\" \/>\n<meta name=\"twitter:image\" content=\"https:\/\/www.cinesouk.ma\/wp-content\/uploads\/2025\/07\/Sony-FE-85mm-F1.4-GM.jpg\" \/>\n<meta name=\"twitter:label1\" content=\"Dur\u00e9e de lecture estim\u00e9e\" \/>\n\t<meta name=\"twitter:data1\" content=\"2 minutes\" \/>\n<script type=\"application\/ld+json\" class=\"yoast-schema-graph\">{\"@context\":\"https:\/\/schema.org\",\"@graph\":[{\"@type\":\"WebPage\",\"@id\":\"https:\/\/www.cinesouk.ma\/product\/sony-fe-85mm-f-1-4-gm\/\",\"url\":\"https:\/\/www.cinesouk.ma\/product\/sony-fe-85mm-f-1-4-gm\/\",\"name\":\"Sony FE 85mm F\/1.4 GM Lens - lens - Marrocco\/Marrakech - CineSouk - For rent\",\"isPartOf\":{\"@id\":\"https:\/\/www.cinesouk.ma\/#website\"},\"primaryImageOfPage\":{\"@id\":\"https:\/\/www.cinesouk.ma\/product\/sony-fe-85mm-f-1-4-gm\/#primaryimage\"},\"image\":{\"@id\":\"https:\/\/www.cinesouk.ma\/product\/sony-fe-85mm-f-1-4-gm\/#primaryimage\"},\"thumbnailUrl\":\"https:\/\/www.cinesouk.ma\/wp-content\/uploads\/2025\/07\/Sony-FE-85mm-F1.4-GM.jpg\",\"datePublished\":\"2025-07-15T11:04:32+00:00\",\"dateModified\":\"2026-02-06T10:06:33+00:00\",\"description\":\"Sony FE 85mm F1.4 GM \u2013 premium portrait lens with f\/1.4 aperture, stunning bokeh, and G Master optical quality. Built for full-frame Sony E-mount cameras.\",\"breadcrumb\":{\"@id\":\"https:\/\/www.cinesouk.ma\/product\/sony-fe-85mm-f-1-4-gm\/#breadcrumb\"},\"inLanguage\":\"fr-FR\",\"potentialAction\":[{\"@type\":\"ReadAction\",\"target\":[\"https:\/\/www.cinesouk.ma\/product\/sony-fe-85mm-f-1-4-gm\/\"]}]},{\"@type\":\"ImageObject\",\"inLanguage\":\"fr-FR\",\"@id\":\"https:\/\/www.cinesouk.ma\/product\/sony-fe-85mm-f-1-4-gm\/#primaryimage\",\"url\":\"https:\/\/www.cinesouk.ma\/wp-content\/uploads\/2025\/07\/Sony-FE-85mm-F1.4-GM.jpg\",\"contentUrl\":\"https:\/\/www.cinesouk.ma\/wp-content\/uploads\/2025\/07\/Sony-FE-85mm-F1.4-GM.jpg\",\"width\":300,\"height\":238,\"caption\":\"Sony FE 85mm F:1.4 GM\"},{\"@type\":\"BreadcrumbList\",\"@id\":\"https:\/\/www.cinesouk.ma\/product\/sony-fe-85mm-f-1-4-gm\/#breadcrumb\",\"itemListElement\":[{\"@type\":\"ListItem\",\"position\":1,\"name\":\"Home\",\"item\":\"https:\/\/www.cinesouk.ma\/\"},{\"@type\":\"ListItem\",\"position\":2,\"name\":\"Shop\",\"item\":\"https:\/\/www.cinesouk.ma\/shop\/\"},{\"@type\":\"ListItem\",\"position\":3,\"name\":\"Sony FE 85mm F\/1.4 GM Lens\"}]},{\"@type\":\"WebSite\",\"@id\":\"https:\/\/www.cinesouk.ma\/#website\",\"url\":\"https:\/\/www.cinesouk.ma\/\",\"name\":\"CineSouk\",\"description\":\"\",\"publisher\":{\"@id\":\"https:\/\/www.cinesouk.ma\/#organization\"},\"potentialAction\":[{\"@type\":\"SearchAction\",\"target\":{\"@type\":\"EntryPoint\",\"urlTemplate\":\"https:\/\/www.cinesouk.ma\/?s={search_term_string}\"},\"query-input\":{\"@type\":\"PropertyValueSpecification\",\"valueRequired\":true,\"valueName\":\"search_term_string\"}}],\"inLanguage\":\"fr-FR\"},{\"@type\":\"Organization\",\"@id\":\"https:\/\/www.cinesouk.ma\/#organization\",\"name\":\"CineSouk\",\"url\":\"https:\/\/www.cinesouk.ma\/\",\"logo\":{\"@type\":\"ImageObject\",\"inLanguage\":\"fr-FR\",\"@id\":\"https:\/\/www.cinesouk.ma\/#\/schema\/logo\/image\/\",\"url\":\"https:\/\/www.cinesouk.ma\/wp-content\/uploads\/2024\/01\/CineSouk-logo-v01-alpha-alligned-left.png\",\"contentUrl\":\"https:\/\/www.cinesouk.ma\/wp-content\/uploads\/2024\/01\/CineSouk-logo-v01-alpha-alligned-left.png\",\"width\":3204,\"height\":889,\"caption\":\"CineSouk\"},\"image\":{\"@id\":\"https:\/\/www.cinesouk.ma\/#\/schema\/logo\/image\/\"}}]}<\/script>\n<!-- \/ Yoast SEO Premium plugin. -->","yoast_head_json":{"title":"Sony FE 85mm F\/1.4 GM Lens - lens - Marrocco\/Marrakech - CineSouk - For rent","description":"Sony FE 85mm F1.4 GM \u2013 premium portrait lens with f\/1.4 aperture, stunning bokeh, and G Master optical quality. Built for full-frame Sony E-mount cameras.","robots":{"index":"index","follow":"follow","max-snippet":"max-snippet:-1","max-image-preview":"max-image-preview:large","max-video-preview":"max-video-preview:-1"},"canonical":"https:\/\/www.cinesouk.ma\/fr\/produit\/sony-fe-85mm-f-1-4-gm\/","og_locale":"fr_FR","og_type":"article","og_title":"Sony FE 85mm F\/1.4 GM Lens","og_description":"Sony FE 85mm F1.4 GM \u2013 premium portrait lens with f\/1.4 aperture, stunning bokeh, and G Master optical quality. Built for full-frame Sony E-mount cameras.","og_url":"https:\/\/www.cinesouk.ma\/fr\/produit\/sony-fe-85mm-f-1-4-gm\/","og_site_name":"CineSouk","article_modified_time":"2026-02-06T10:06:33+00:00","og_image":[{"width":300,"height":238,"url":"https:\/\/www.cinesouk.ma\/wp-content\/uploads\/2025\/07\/Sony-FE-85mm-F1.4-GM.jpg","type":"image\/jpeg"}],"twitter_card":"summary_large_image","twitter_description":"Sony FE 85mm F1.4 GM \u2013 premium portrait lens with f\/1.4 aperture, stunning bokeh, and G Master optical quality. Built for full-frame Sony E-mount cameras.","twitter_image":"https:\/\/www.cinesouk.ma\/wp-content\/uploads\/2025\/07\/Sony-FE-85mm-F1.4-GM.jpg","twitter_misc":{"Dur\u00e9e de lecture estim\u00e9e":"2 minutes"},"schema":{"@context":"https:\/\/schema.org","@graph":[{"@type":"WebPage","@id":"https:\/\/www.cinesouk.ma\/product\/sony-fe-85mm-f-1-4-gm\/","url":"https:\/\/www.cinesouk.ma\/product\/sony-fe-85mm-f-1-4-gm\/","name":"Sony FE 85mm F\/1.4 GM Lens - lens - Marrocco\/Marrakech - CineSouk - For rent","isPartOf":{"@id":"https:\/\/www.cinesouk.ma\/#website"},"primaryImageOfPage":{"@id":"https:\/\/www.cinesouk.ma\/product\/sony-fe-85mm-f-1-4-gm\/#primaryimage"},"image":{"@id":"https:\/\/www.cinesouk.ma\/product\/sony-fe-85mm-f-1-4-gm\/#primaryimage"},"thumbnailUrl":"https:\/\/www.cinesouk.ma\/wp-content\/uploads\/2025\/07\/Sony-FE-85mm-F1.4-GM.jpg","datePublished":"2025-07-15T11:04:32+00:00","dateModified":"2026-02-06T10:06:33+00:00","description":"Sony FE 85mm F1.4 GM \u2013 premium portrait lens with f\/1.4 aperture, stunning bokeh, and G Master optical quality. Built for full-frame Sony E-mount cameras.","breadcrumb":{"@id":"https:\/\/www.cinesouk.ma\/product\/sony-fe-85mm-f-1-4-gm\/#breadcrumb"},"inLanguage":"fr-FR","potentialAction":[{"@type":"ReadAction","target":["https:\/\/www.cinesouk.ma\/product\/sony-fe-85mm-f-1-4-gm\/"]}]},{"@type":"ImageObject","inLanguage":"fr-FR","@id":"https:\/\/www.cinesouk.ma\/product\/sony-fe-85mm-f-1-4-gm\/#primaryimage","url":"https:\/\/www.cinesouk.ma\/wp-content\/uploads\/2025\/07\/Sony-FE-85mm-F1.4-GM.jpg","contentUrl":"https:\/\/www.cinesouk.ma\/wp-content\/uploads\/2025\/07\/Sony-FE-85mm-F1.4-GM.jpg","width":300,"height":238,"caption":"Sony FE 85mm F:1.4 GM"},{"@type":"BreadcrumbList","@id":"https:\/\/www.cinesouk.ma\/product\/sony-fe-85mm-f-1-4-gm\/#breadcrumb","itemListElement":[{"@type":"ListItem","position":1,"name":"Home","item":"https:\/\/www.cinesouk.ma\/"},{"@type":"ListItem","position":2,"name":"Shop","item":"https:\/\/www.cinesouk.ma\/shop\/"},{"@type":"ListItem","position":3,"name":"Sony FE 85mm F\/1.4 GM Lens"}]},{"@type":"WebSite","@id":"https:\/\/www.cinesouk.ma\/#website","url":"https:\/\/www.cinesouk.ma\/","name":"CineSouk","description":"","publisher":{"@id":"https:\/\/www.cinesouk.ma\/#organization"},"potentialAction":[{"@type":"SearchAction","target":{"@type":"EntryPoint","urlTemplate":"https:\/\/www.cinesouk.ma\/?s={search_term_string}"},"query-input":{"@type":"PropertyValueSpecification","valueRequired":true,"valueName":"search_term_string"}}],"inLanguage":"fr-FR"},{"@type":"Organization","@id":"https:\/\/www.cinesouk.ma\/#organization","name":"CineSouk","url":"https:\/\/www.cinesouk.ma\/","logo":{"@type":"ImageObject","inLanguage":"fr-FR","@id":"https:\/\/www.cinesouk.ma\/#\/schema\/logo\/image\/","url":"https:\/\/www.cinesouk.ma\/wp-content\/uploads\/2024\/01\/CineSouk-logo-v01-alpha-alligned-left.png","contentUrl":"https:\/\/www.cinesouk.ma\/wp-content\/uploads\/2024\/01\/CineSouk-logo-v01-alpha-alligned-left.png","width":3204,"height":889,"caption":"CineSouk"},"image":{"@id":"https:\/\/www.cinesouk.ma\/#\/schema\/logo\/image\/"}}]}},"_links":{"self":[{"href":"https:\/\/www.cinesouk.ma\/fr\/wp-json\/wp\/v2\/product\/13829","targetHints":{"allow":["GET"]}}],"collection":[{"href":"https:\/\/www.cinesouk.ma\/fr\/wp-json\/wp\/v2\/product"}],"about":[{"href":"https:\/\/www.cinesouk.ma\/fr\/wp-json\/wp\/v2\/types\/product"}],"wp:featuredmedia":[{"embeddable":true,"href":"https:\/\/www.cinesouk.ma\/fr\/wp-json\/wp\/v2\/media\/13840"}],"wp:attachment":[{"href":"https:\/\/www.cinesouk.ma\/fr\/wp-json\/wp\/v2\/media?parent=13829"}],"wp:term":[{"taxonomy":"product_brand","embeddable":true,"href":"https:\/\/www.cinesouk.ma\/fr\/wp-json\/wp\/v2\/product_brand?post=13829"},{"taxonomy":"product_cat","embeddable":true,"href":"https:\/\/www.cinesouk.ma\/fr\/wp-json\/wp\/v2\/product_cat?post=13829"},{"taxonomy":"product_tag","embeddable":true,"href":"https:\/\/www.cinesouk.ma\/fr\/wp-json\/wp\/v2\/product_tag?post=13829"}],"curies":[{"name":"wp","href":"https:\/\/api.w.org\/{rel}","templated":true}]}}