{"id":13877,"date":"2025-07-17T08:26:54","date_gmt":"2025-07-17T08:26:54","guid":{"rendered":"https:\/\/www.cinesouk.ma\/?post_type=product&#038;p=13877"},"modified":"2025-09-20T17:31:09","modified_gmt":"2025-09-20T17:31:09","slug":"hollyland-solidcom-se-pro-2s","status":"publish","type":"product","link":"https:\/\/www.cinesouk.ma\/fr\/produit\/hollyland-solidcom-se-pro-2s\/","title":{"rendered":"Hollyland Solidcom SE Pro 2S"},"content":{"rendered":"<p data-start=\"255\" data-end=\"604\">Le Solidcom SE Pro 2S de Hollyland est un syst\u00e8me d'intercom sans fil full-duplex con\u00e7u pour une communication d'\u00e9quipe efficace. Id\u00e9al pour les \u00e9quipes de tournage, la production d'\u00e9v\u00e9nements ou les environnements de diffusion, ce kit comprend un casque principal et un casque distant, offrant une communication mains libres en temps r\u00e9el avec une clart\u00e9 sonore et une fiabilit\u00e9 excellentes.<\/p>\n<h3 data-start=\"611\" data-end=\"631\"><strong data-start=\"615\" data-end=\"631\">Caract\u00e9ristiques principales<\/strong><\/h3>\n<ul data-start=\"633\" data-end=\"1589\">\n<li data-start=\"633\" data-end=\"758\">\n<p data-start=\"635\" data-end=\"758\"><strong data-start=\"635\" data-end=\"664\">Communication en duplex int\u00e9gral<\/strong><br data-start=\"664\" data-end=\"667\" \/>Permet aux deux utilisateurs de parler et d'\u00e9couter en m\u00eame temps sans avoir \u00e0 appuyer sur un bouton.<\/p>\n<\/li>\n<li data-start=\"760\" data-end=\"857\">\n<p data-start=\"762\" data-end=\"857\"><strong data-start=\"762\" data-end=\"785\">Longue port\u00e9e sans fil<\/strong><br data-start=\"785\" data-end=\"788\" \/>Maintient un signal clair jusqu'\u00e0 400 m\u00e8tres (1 300 pieds) en visibilit\u00e9 directe.<\/p>\n<\/li>\n<li data-start=\"859\" data-end=\"997\">\n<p data-start=\"861\" data-end=\"997\"><strong data-start=\"861\" data-end=\"892\">Microphones anti-bruit<\/strong><br data-start=\"892\" data-end=\"895\" \/>La technologie ENC \u00e0 double microphone bloque les bruits ambiants pour une captation claire de la voix, m\u00eame dans les environnements bruyants.<\/p>\n<\/li>\n<li data-start=\"999\" data-end=\"1114\">\n<p data-start=\"1001\" data-end=\"1114\"><strong data-start=\"1001\" data-end=\"1034\">Durable et r\u00e9sistant aux intemp\u00e9ries<\/strong><br data-start=\"1034\" data-end=\"1037\" \/>Construit pour r\u00e9sister \u00e0 la pluie et \u00e0 la poussi\u00e8re, il convient aussi bien \u00e0 une utilisation int\u00e9rieure qu'ext\u00e9rieure.<\/p>\n<\/li>\n<li data-start=\"1116\" data-end=\"1219\">\n<p data-start=\"1118\" data-end=\"1219\"><strong data-start=\"1118\" data-end=\"1146\">Confortable toute la journ\u00e9e<\/strong><br data-start=\"1146\" data-end=\"1149\" \/>Conception l\u00e9g\u00e8re avec des coussinets rembourr\u00e9s et un microphone \u00e0 perche flexible.<\/p>\n<\/li>\n<li data-start=\"1221\" data-end=\"1352\">\n<p data-start=\"1223\" data-end=\"1352\"><strong data-start=\"1223\" data-end=\"1250\">Mute et contr\u00f4les instantan\u00e9s<\/strong><br data-start=\"1250\" data-end=\"1253\" \/>La perche se met automatiquement en sourdine lorsqu'elle est relev\u00e9e ; elle comprend des boutons de conversation et de mise en sourdine pour plus de flexibilit\u00e9.<\/p>\n<\/li>\n<li data-start=\"1354\" data-end=\"1447\">\n<p data-start=\"1356\" data-end=\"1447\"><strong data-start=\"1356\" data-end=\"1377\">Syst\u00e8me extensible<\/strong><br data-start=\"1377\" data-end=\"1380\" \/>Prend en charge jusqu'\u00e0 9 micro-casques distants sur un seul syst\u00e8me pour les \u00e9quipes de plus en plus nombreuses.<\/p>\n<\/li>\n<li data-start=\"1449\" data-end=\"1589\">\n<p data-start=\"1451\" data-end=\"1589\"><strong data-start=\"1451\" data-end=\"1472\">Longue dur\u00e9e de vie de la batterie<\/strong><br data-start=\"1472\" data-end=\"1475\" \/>L'oreillette de la t\u00e9l\u00e9commande dure jusqu'\u00e0 10 heures, tandis que l'unit\u00e9 principale fonctionne jusqu'\u00e0 5 heures lorsqu'elle est associ\u00e9e \u00e0 plusieurs t\u00e9l\u00e9commandes.<\/p>\n<\/li>\n<\/ul>\n<h3 data-start=\"1596\" data-end=\"1618\"><strong data-start=\"1600\" data-end=\"1618\">Sp\u00e9cifications<\/strong><\/h3>\n<ul data-start=\"1620\" data-end=\"2256\">\n<li data-start=\"1620\" data-end=\"1677\">\n<p data-start=\"1622\" data-end=\"1677\"><strong data-start=\"1622\" data-end=\"1646\">Configuration du syst\u00e8me<\/strong>: 1 casque ma\u00eetre + 1 casque distant<\/p>\n<\/li>\n<li data-start=\"1678\" data-end=\"1716\">\n<p data-start=\"1680\" data-end=\"1716\"><strong data-start=\"1680\" data-end=\"1698\">Bande de fr\u00e9quence<\/strong>: 1,9 GHz (DECT)<\/p>\n<\/li>\n<li data-start=\"1717\" data-end=\"1759\">\n<p data-start=\"1719\" data-end=\"1759\"><strong data-start=\"1719\" data-end=\"1728\">Gamme<\/strong>: Jusqu'\u00e0 400 m (en ligne de mire)<\/p>\n<\/li>\n<li data-start=\"1760\" data-end=\"1828\">\n<p data-start=\"1762\" data-end=\"1828\"><strong data-start=\"1762\" data-end=\"1781\">Type de microphone<\/strong>: Condensateur \u00e0 \u00e9lectret \u00e0 double microphone avec suppression du bruit<\/p>\n<\/li>\n<li data-start=\"1829\" data-end=\"1871\">\n<p data-start=\"1831\" data-end=\"1871\"><strong data-start=\"1831\" data-end=\"1853\">R\u00e9ponse en fr\u00e9quence<\/strong>: 150 Hz - 7 kHz<\/p>\n<\/li>\n<li data-start=\"1872\" data-end=\"1909\">\n<p data-start=\"1874\" data-end=\"1909\"><strong data-start=\"1874\" data-end=\"1896\">Pression sonore maximale<\/strong>98 dB SPL<\/p>\n<\/li>\n<li data-start=\"1910\" data-end=\"1964\">\n<p data-start=\"1912\" data-end=\"1964\"><strong data-start=\"1912\" data-end=\"1928\">Type de batterie<\/strong>: Rechargeable 770 mAh (amovible)<\/p>\n<\/li>\n<li data-start=\"1965\" data-end=\"2047\">\n<p data-start=\"1967\" data-end=\"2047\"><strong data-start=\"1967\" data-end=\"1983\">Autonomie de la batterie<\/strong>: T\u00e9l\u00e9commande : jusqu'\u00e0 10 heures, Ma\u00eetre : environ 5 heures (avec 5 t\u00e9l\u00e9commandes)<\/p>\n<\/li>\n<li data-start=\"2048\" data-end=\"2097\">\n<p data-start=\"2050\" data-end=\"2097\"><strong data-start=\"2050\" data-end=\"2070\">Options de chargement<\/strong>: USB-C ou chargeur \u00e0 6 emplacements<\/p>\n<\/li>\n<li data-start=\"2098\" data-end=\"2139\">\n<p data-start=\"2100\" data-end=\"2139\"><strong data-start=\"2100\" data-end=\"2110\">Poids<\/strong>: Environ 185 g par oreillette<\/p>\n<\/li>\n<li data-start=\"2140\" data-end=\"2188\">\n<p data-start=\"2142\" data-end=\"2188\"><strong data-start=\"2142\" data-end=\"2156\">Durabilit\u00e9<\/strong>: R\u00e9sistant \u00e0 la poussi\u00e8re et \u00e0 l'humidit\u00e9<\/p>\n<\/li>\n<li data-start=\"2189\" data-end=\"2256\">\n<p data-start=\"2191\" data-end=\"2256\"><strong data-start=\"2191\" data-end=\"2203\">Contr\u00f4les<\/strong>: Boutons \"flip-to-mute\", \"push-to-talk\", \"power\/mode\" de la perche<\/p>\n<\/li>\n<\/ul>\n<p data-start=\"2472\" data-end=\"2738\">Le Solidcom SE Pro 2S offre une communication fiable et de haute qualit\u00e9 pour les petites \u00e9quipes. Avec sa port\u00e9e robuste, son excellente annulation du bruit et son design confortable, c'est un outil de confiance pour les professionnels qui ont besoin d'une communication ininterrompue sur le plateau de tournage ou sur le terrain.<\/p>\n<p>Louez-le maintenant sur <a href=\"https:\/\/www.cinesouk.ma\/fr\">CINESOUK<\/a> - une marque de <a href=\"https:\/\/www.broadway.ma\/\">BROADWAY PRODUCTIONS SARL.<\/a><\/p>","protected":false},"excerpt":{"rendered":"<p><strong>Sp\u00e9cifications :<\/strong><\/p>\n<ul>\n<li data-start=\"1620\" data-end=\"1677\">\n<p data-start=\"1622\" data-end=\"1677\"><strong data-start=\"1622\" data-end=\"1646\">Configuration du syst\u00e8me<\/strong>: 1 casque ma\u00eetre + 1 casque distant<\/p>\n<\/li>\n<li data-start=\"1678\" data-end=\"1716\">\n<p data-start=\"1680\" data-end=\"1716\"><strong data-start=\"1680\" data-end=\"1698\">Bande de fr\u00e9quence<\/strong>: 1,9 GHz (DECT)<\/p>\n<\/li>\n<li data-start=\"1717\" data-end=\"1759\">\n<p data-start=\"1719\" data-end=\"1759\"><strong data-start=\"1719\" data-end=\"1728\">Gamme<\/strong>: Jusqu'\u00e0 400 m (en ligne de mire)<\/p>\n<\/li>\n<li data-start=\"1760\" data-end=\"1828\">\n<p data-start=\"1762\" data-end=\"1828\"><strong data-start=\"1762\" data-end=\"1781\">Type de microphone<\/strong>: Condensateur \u00e0 \u00e9lectret \u00e0 double microphone avec suppression du bruit<\/p>\n<\/li>\n<li data-start=\"1829\" data-end=\"1871\">\n<p data-start=\"1831\" data-end=\"1871\"><strong data-start=\"1831\" data-end=\"1853\">R\u00e9ponse en fr\u00e9quence<\/strong>: 150 Hz - 7 kHz<\/p>\n<\/li>\n<li data-start=\"1872\" data-end=\"1909\">\n<p data-start=\"1874\" data-end=\"1909\"><strong data-start=\"1874\" data-end=\"1896\">Pression sonore maximale<\/strong>98 dB SPL<\/p>\n<\/li>\n<li data-start=\"1910\" data-end=\"1964\">\n<p data-start=\"1912\" data-end=\"1964\"><strong data-start=\"1912\" data-end=\"1928\">Type de batterie<\/strong>: Rechargeable 770 mAh (amovible)<\/p>\n<\/li>\n<li data-start=\"1965\" data-end=\"2047\">\n<p data-start=\"1967\" data-end=\"2047\"><strong data-start=\"1967\" data-end=\"1983\">Autonomie de la batterie<\/strong>: T\u00e9l\u00e9commande : jusqu'\u00e0 10 heures, Ma\u00eetre : environ 5 heures (avec 5 t\u00e9l\u00e9commandes)<\/p>\n<\/li>\n<li data-start=\"2048\" data-end=\"2097\">\n<p data-start=\"2050\" data-end=\"2097\"><strong data-start=\"2050\" data-end=\"2070\">Options de chargement<\/strong>: USB-C ou chargeur \u00e0 6 emplacements<\/p>\n<\/li>\n<li data-start=\"2098\" data-end=\"2139\">\n<p data-start=\"2100\" data-end=\"2139\"><strong data-start=\"2100\" data-end=\"2110\">Poids<\/strong>: Environ 185 g par oreillette<\/p>\n<\/li>\n<li data-start=\"2140\" data-end=\"2188\">\n<p data-start=\"2142\" data-end=\"2188\"><strong data-start=\"2142\" data-end=\"2156\">Durabilit\u00e9<\/strong>: R\u00e9sistant \u00e0 la poussi\u00e8re et \u00e0 l'humidit\u00e9<\/p>\n<\/li>\n<li data-start=\"2189\" data-end=\"2256\">\n<p data-start=\"2191\" data-end=\"2256\"><strong data-start=\"2191\" data-end=\"2203\">Contr\u00f4les<\/strong>: Boutons \"flip-to-mute\", \"push-to-talk\", \"power\/mode\" de la perche<\/p>\n<\/li>\n<\/ul>","protected":false},"featured_media":13888,"template":"","meta":{"om_disable_all_campaigns":false,"_monsterinsights_skip_tracking":false,"_monsterinsights_sitenote_active":false,"_monsterinsights_sitenote_note":"","_monsterinsights_sitenote_category":0,"_uf_show_specific_survey":0,"_uf_disable_surveys":false},"product_brand":[],"product_cat":[130,89,83,32],"product_tag":[],"class_list":{"0":"post-13877","1":"product","2":"type-product","3":"status-publish","4":"has-post-thumbnail","6":"product_cat-communication-eventsouk","7":"product_cat-communication-cinesouk","8":"product_cat-efp-eng-cinesouk","9":"product_cat-streaming-cinesouk","11":"entry","12":"has-media","14":"first","15":"instock","16":"taxable","17":"shipping-taxable","18":"purchasable","19":"product-type-variable","20":"has-product-nav","21":"col","22":"span_1_of_3","23":"owp-content-center","24":"owp-thumbs-layout-horizontal","25":"owp-btn-normal","26":"owp-tabs-layout-horizontal","27":"has-no-thumbnails"},"yoast_head":"<!-- This site is optimized with the Yoast SEO Premium plugin v26.0 (Yoast SEO v26.0) - https:\/\/yoast.com\/wordpress\/plugins\/seo\/ -->\n<title>Hollyland Solidcom SE Pro 2S - CineSouk - For rent<\/title>\n<meta name=\"description\" content=\"Hollyland Solidcom SE Pro 2S is a 2-person wireless intercom system with full-duplex audio, 400 m range, dual-mic ENC, and up to 10 hours of battery life.\" \/>\n<meta name=\"robots\" content=\"index, follow, max-snippet:-1, max-image-preview:large, max-video-preview:-1\" \/>\n<link rel=\"canonical\" href=\"https:\/\/www.cinesouk.ma\/fr\/produit\/hollyland-solidcom-se-pro-2s\/\" \/>\n<meta property=\"og:locale\" content=\"fr_FR\" \/>\n<meta property=\"og:type\" content=\"article\" \/>\n<meta property=\"og:title\" content=\"Hollyland Solidcom SE Pro 2S\" \/>\n<meta property=\"og:description\" content=\"Hollyland Solidcom SE Pro 2S is a 2-person wireless intercom system with full-duplex audio, 400 m range, dual-mic ENC, and up to 10 hours of battery life.\" \/>\n<meta property=\"og:url\" content=\"https:\/\/www.cinesouk.ma\/fr\/produit\/hollyland-solidcom-se-pro-2s\/\" \/>\n<meta property=\"og:site_name\" content=\"CineSouk\" \/>\n<meta property=\"article:modified_time\" content=\"2025-09-20T17:31:09+00:00\" \/>\n<meta property=\"og:image\" content=\"https:\/\/www.cinesouk.ma\/wp-content\/uploads\/2025\/07\/Hollyland-Solidcom-SE-Pro-2S.jpg\" \/>\n\t<meta property=\"og:image:width\" content=\"300\" \/>\n\t<meta property=\"og:image:height\" content=\"238\" \/>\n\t<meta property=\"og:image:type\" content=\"image\/jpeg\" \/>\n<meta name=\"twitter:card\" content=\"summary_large_image\" \/>\n<meta name=\"twitter:description\" content=\"Hollyland Solidcom SE Pro 2S is a 2-person wireless intercom system with full-duplex audio, 400 m range, dual-mic ENC, and up to 10 hours of battery life.\" \/>\n<meta name=\"twitter:image\" content=\"https:\/\/www.cinesouk.ma\/wp-content\/uploads\/2025\/07\/Hollyland-Solidcom-SE-Pro-2S.jpg\" \/>\n<meta name=\"twitter:label1\" content=\"Dur\u00e9e de lecture estim\u00e9e\" \/>\n\t<meta name=\"twitter:data1\" content=\"2 minutes\" \/>\n<script type=\"application\/ld+json\" class=\"yoast-schema-graph\">{\"@context\":\"https:\/\/schema.org\",\"@graph\":[{\"@type\":\"WebPage\",\"@id\":\"https:\/\/www.cinesouk.ma\/product\/hollyland-solidcom-se-pro-2s\/\",\"url\":\"https:\/\/www.cinesouk.ma\/product\/hollyland-solidcom-se-pro-2s\/\",\"name\":\"Hollyland Solidcom SE Pro 2S - CineSouk - For rent\",\"isPartOf\":{\"@id\":\"https:\/\/www.cinesouk.ma\/#website\"},\"primaryImageOfPage\":{\"@id\":\"https:\/\/www.cinesouk.ma\/product\/hollyland-solidcom-se-pro-2s\/#primaryimage\"},\"image\":{\"@id\":\"https:\/\/www.cinesouk.ma\/product\/hollyland-solidcom-se-pro-2s\/#primaryimage\"},\"thumbnailUrl\":\"https:\/\/www.cinesouk.ma\/wp-content\/uploads\/2025\/07\/Hollyland-Solidcom-SE-Pro-2S.jpg\",\"datePublished\":\"2025-07-17T08:26:54+00:00\",\"dateModified\":\"2025-09-20T17:31:09+00:00\",\"description\":\"Hollyland Solidcom SE Pro 2S is a 2-person wireless intercom system with full-duplex audio, 400 m range, dual-mic ENC, and up to 10 hours of battery life.\",\"breadcrumb\":{\"@id\":\"https:\/\/www.cinesouk.ma\/product\/hollyland-solidcom-se-pro-2s\/#breadcrumb\"},\"inLanguage\":\"fr-FR\",\"potentialAction\":[{\"@type\":\"ReadAction\",\"target\":[\"https:\/\/www.cinesouk.ma\/product\/hollyland-solidcom-se-pro-2s\/\"]}]},{\"@type\":\"ImageObject\",\"inLanguage\":\"fr-FR\",\"@id\":\"https:\/\/www.cinesouk.ma\/product\/hollyland-solidcom-se-pro-2s\/#primaryimage\",\"url\":\"https:\/\/www.cinesouk.ma\/wp-content\/uploads\/2025\/07\/Hollyland-Solidcom-SE-Pro-2S.jpg\",\"contentUrl\":\"https:\/\/www.cinesouk.ma\/wp-content\/uploads\/2025\/07\/Hollyland-Solidcom-SE-Pro-2S.jpg\",\"width\":300,\"height\":238,\"caption\":\"Hollyland Solidcom SE Pro 2S\"},{\"@type\":\"BreadcrumbList\",\"@id\":\"https:\/\/www.cinesouk.ma\/product\/hollyland-solidcom-se-pro-2s\/#breadcrumb\",\"itemListElement\":[{\"@type\":\"ListItem\",\"position\":1,\"name\":\"Home\",\"item\":\"https:\/\/www.cinesouk.ma\/\"},{\"@type\":\"ListItem\",\"position\":2,\"name\":\"Shop\",\"item\":\"https:\/\/www.cinesouk.ma\/shop\/\"},{\"@type\":\"ListItem\",\"position\":3,\"name\":\"Hollyland Solidcom SE Pro 2S\"}]},{\"@type\":\"WebSite\",\"@id\":\"https:\/\/www.cinesouk.ma\/#website\",\"url\":\"https:\/\/www.cinesouk.ma\/\",\"name\":\"CineSouk\",\"description\":\"\",\"publisher\":{\"@id\":\"https:\/\/www.cinesouk.ma\/#organization\"},\"potentialAction\":[{\"@type\":\"SearchAction\",\"target\":{\"@type\":\"EntryPoint\",\"urlTemplate\":\"https:\/\/www.cinesouk.ma\/?s={search_term_string}\"},\"query-input\":{\"@type\":\"PropertyValueSpecification\",\"valueRequired\":true,\"valueName\":\"search_term_string\"}}],\"inLanguage\":\"fr-FR\"},{\"@type\":\"Organization\",\"@id\":\"https:\/\/www.cinesouk.ma\/#organization\",\"name\":\"CineSouk\",\"url\":\"https:\/\/www.cinesouk.ma\/\",\"logo\":{\"@type\":\"ImageObject\",\"inLanguage\":\"fr-FR\",\"@id\":\"https:\/\/www.cinesouk.ma\/#\/schema\/logo\/image\/\",\"url\":\"https:\/\/www.cinesouk.ma\/wp-content\/uploads\/2024\/01\/CineSouk-logo-v01-alpha-alligned-left.png\",\"contentUrl\":\"https:\/\/www.cinesouk.ma\/wp-content\/uploads\/2024\/01\/CineSouk-logo-v01-alpha-alligned-left.png\",\"width\":3204,\"height\":889,\"caption\":\"CineSouk\"},\"image\":{\"@id\":\"https:\/\/www.cinesouk.ma\/#\/schema\/logo\/image\/\"}}]}<\/script>\n<!-- \/ Yoast SEO Premium plugin. -->","yoast_head_json":{"title":"Hollyland Solidcom SE Pro 2S - CineSouk - For rent","description":"Hollyland Solidcom SE Pro 2S is a 2-person wireless intercom system with full-duplex audio, 400 m range, dual-mic ENC, and up to 10 hours of battery life.","robots":{"index":"index","follow":"follow","max-snippet":"max-snippet:-1","max-image-preview":"max-image-preview:large","max-video-preview":"max-video-preview:-1"},"canonical":"https:\/\/www.cinesouk.ma\/fr\/produit\/hollyland-solidcom-se-pro-2s\/","og_locale":"fr_FR","og_type":"article","og_title":"Hollyland Solidcom SE Pro 2S","og_description":"Hollyland Solidcom SE Pro 2S is a 2-person wireless intercom system with full-duplex audio, 400 m range, dual-mic ENC, and up to 10 hours of battery life.","og_url":"https:\/\/www.cinesouk.ma\/fr\/produit\/hollyland-solidcom-se-pro-2s\/","og_site_name":"CineSouk","article_modified_time":"2025-09-20T17:31:09+00:00","og_image":[{"width":300,"height":238,"url":"https:\/\/www.cinesouk.ma\/wp-content\/uploads\/2025\/07\/Hollyland-Solidcom-SE-Pro-2S.jpg","type":"image\/jpeg"}],"twitter_card":"summary_large_image","twitter_description":"Hollyland Solidcom SE Pro 2S is a 2-person wireless intercom system with full-duplex audio, 400 m range, dual-mic ENC, and up to 10 hours of battery life.","twitter_image":"https:\/\/www.cinesouk.ma\/wp-content\/uploads\/2025\/07\/Hollyland-Solidcom-SE-Pro-2S.jpg","twitter_misc":{"Dur\u00e9e de lecture estim\u00e9e":"2 minutes"},"schema":{"@context":"https:\/\/schema.org","@graph":[{"@type":"WebPage","@id":"https:\/\/www.cinesouk.ma\/product\/hollyland-solidcom-se-pro-2s\/","url":"https:\/\/www.cinesouk.ma\/product\/hollyland-solidcom-se-pro-2s\/","name":"Hollyland Solidcom SE Pro 2S - CineSouk - For rent","isPartOf":{"@id":"https:\/\/www.cinesouk.ma\/#website"},"primaryImageOfPage":{"@id":"https:\/\/www.cinesouk.ma\/product\/hollyland-solidcom-se-pro-2s\/#primaryimage"},"image":{"@id":"https:\/\/www.cinesouk.ma\/product\/hollyland-solidcom-se-pro-2s\/#primaryimage"},"thumbnailUrl":"https:\/\/www.cinesouk.ma\/wp-content\/uploads\/2025\/07\/Hollyland-Solidcom-SE-Pro-2S.jpg","datePublished":"2025-07-17T08:26:54+00:00","dateModified":"2025-09-20T17:31:09+00:00","description":"Hollyland Solidcom SE Pro 2S is a 2-person wireless intercom system with full-duplex audio, 400 m range, dual-mic ENC, and up to 10 hours of battery life.","breadcrumb":{"@id":"https:\/\/www.cinesouk.ma\/product\/hollyland-solidcom-se-pro-2s\/#breadcrumb"},"inLanguage":"fr-FR","potentialAction":[{"@type":"ReadAction","target":["https:\/\/www.cinesouk.ma\/product\/hollyland-solidcom-se-pro-2s\/"]}]},{"@type":"ImageObject","inLanguage":"fr-FR","@id":"https:\/\/www.cinesouk.ma\/product\/hollyland-solidcom-se-pro-2s\/#primaryimage","url":"https:\/\/www.cinesouk.ma\/wp-content\/uploads\/2025\/07\/Hollyland-Solidcom-SE-Pro-2S.jpg","contentUrl":"https:\/\/www.cinesouk.ma\/wp-content\/uploads\/2025\/07\/Hollyland-Solidcom-SE-Pro-2S.jpg","width":300,"height":238,"caption":"Hollyland Solidcom SE Pro 2S"},{"@type":"BreadcrumbList","@id":"https:\/\/www.cinesouk.ma\/product\/hollyland-solidcom-se-pro-2s\/#breadcrumb","itemListElement":[{"@type":"ListItem","position":1,"name":"Home","item":"https:\/\/www.cinesouk.ma\/"},{"@type":"ListItem","position":2,"name":"Shop","item":"https:\/\/www.cinesouk.ma\/shop\/"},{"@type":"ListItem","position":3,"name":"Hollyland Solidcom SE Pro 2S"}]},{"@type":"WebSite","@id":"https:\/\/www.cinesouk.ma\/#website","url":"https:\/\/www.cinesouk.ma\/","name":"CineSouk","description":"","publisher":{"@id":"https:\/\/www.cinesouk.ma\/#organization"},"potentialAction":[{"@type":"SearchAction","target":{"@type":"EntryPoint","urlTemplate":"https:\/\/www.cinesouk.ma\/?s={search_term_string}"},"query-input":{"@type":"PropertyValueSpecification","valueRequired":true,"valueName":"search_term_string"}}],"inLanguage":"fr-FR"},{"@type":"Organization","@id":"https:\/\/www.cinesouk.ma\/#organization","name":"CineSouk","url":"https:\/\/www.cinesouk.ma\/","logo":{"@type":"ImageObject","inLanguage":"fr-FR","@id":"https:\/\/www.cinesouk.ma\/#\/schema\/logo\/image\/","url":"https:\/\/www.cinesouk.ma\/wp-content\/uploads\/2024\/01\/CineSouk-logo-v01-alpha-alligned-left.png","contentUrl":"https:\/\/www.cinesouk.ma\/wp-content\/uploads\/2024\/01\/CineSouk-logo-v01-alpha-alligned-left.png","width":3204,"height":889,"caption":"CineSouk"},"image":{"@id":"https:\/\/www.cinesouk.ma\/#\/schema\/logo\/image\/"}}]}},"_links":{"self":[{"href":"https:\/\/www.cinesouk.ma\/fr\/wp-json\/wp\/v2\/product\/13877","targetHints":{"allow":["GET"]}}],"collection":[{"href":"https:\/\/www.cinesouk.ma\/fr\/wp-json\/wp\/v2\/product"}],"about":[{"href":"https:\/\/www.cinesouk.ma\/fr\/wp-json\/wp\/v2\/types\/product"}],"wp:featuredmedia":[{"embeddable":true,"href":"https:\/\/www.cinesouk.ma\/fr\/wp-json\/wp\/v2\/media\/13888"}],"wp:attachment":[{"href":"https:\/\/www.cinesouk.ma\/fr\/wp-json\/wp\/v2\/media?parent=13877"}],"wp:term":[{"taxonomy":"product_brand","embeddable":true,"href":"https:\/\/www.cinesouk.ma\/fr\/wp-json\/wp\/v2\/product_brand?post=13877"},{"taxonomy":"product_cat","embeddable":true,"href":"https:\/\/www.cinesouk.ma\/fr\/wp-json\/wp\/v2\/product_cat?post=13877"},{"taxonomy":"product_tag","embeddable":true,"href":"https:\/\/www.cinesouk.ma\/fr\/wp-json\/wp\/v2\/product_tag?post=13877"}],"curies":[{"name":"wp","href":"https:\/\/api.w.org\/{rel}","templated":true}]}}