{"id":13889,"date":"2025-07-17T09:56:00","date_gmt":"2025-07-17T09:56:00","guid":{"rendered":"https:\/\/www.cinesouk.ma\/?post_type=product&#038;p=13889"},"modified":"2025-09-20T17:31:39","modified_gmt":"2025-09-20T17:31:39","slug":"hollyland-solidcom-se-pro-9s","status":"publish","type":"product","link":"https:\/\/www.cinesouk.ma\/fr\/produit\/hollyland-solidcom-se-pro-9s\/","title":{"rendered":"Hollyland Solidcom SE Pro 9S"},"content":{"rendered":"<p data-start=\"190\" data-end=\"629\">Le Solidcom SE Pro 9S de Hollyland est un syst\u00e8me d'intercom sans fil full-duplex haute performance con\u00e7u pour les \u00e9quipes qui exigent une communication sans faille. Con\u00e7u pour la production de films, les \u00e9v\u00e9nements en direct, la diffusion et la gestion de sc\u00e8ne, il permet \u00e0 neuf utilisateurs de rester connect\u00e9s en temps r\u00e9el. Dot\u00e9 d'une longue port\u00e9e, d'un son cristallin et d'une construction robuste, ce syst\u00e8me assure une communication mains libres coh\u00e9rente dans de vastes zones.<\/p>\n<h3 data-start=\"636\" data-end=\"656\"><strong data-start=\"640\" data-end=\"656\">Caract\u00e9ristiques principales<\/strong><\/h3>\n<ul data-start=\"658\" data-end=\"1501\">\n<li data-start=\"658\" data-end=\"785\">\n<p data-start=\"660\" data-end=\"785\"><strong data-start=\"660\" data-end=\"689\">Communication en duplex int\u00e9gral<\/strong><br data-start=\"689\" data-end=\"692\" \/>Prend en charge les conversations bidirectionnelles sans pousser pour parler, ce qui permet \u00e0 tous les utilisateurs de communiquer naturellement.<\/p>\n<\/li>\n<li data-start=\"787\" data-end=\"908\">\n<p data-start=\"789\" data-end=\"908\"><strong data-start=\"789\" data-end=\"812\">Longue port\u00e9e sans fil<\/strong><br data-start=\"812\" data-end=\"815\" \/>Il offre une port\u00e9e de 400 m\u00e8tres en visibilit\u00e9 directe, ce qui est id\u00e9al pour les op\u00e9rations en ext\u00e9rieur ou dans plusieurs zones.<\/p>\n<\/li>\n<li data-start=\"910\" data-end=\"1046\">\n<p data-start=\"912\" data-end=\"1046\"><strong data-start=\"912\" data-end=\"946\">Technologie de double microphone ENC<\/strong><br data-start=\"946\" data-end=\"949\" \/>L'annulation des bruits ambiants int\u00e9gr\u00e9e r\u00e9duit le son ambiant pour une transmission vocale plus claire.<\/p>\n<\/li>\n<li data-start=\"1048\" data-end=\"1159\">\n<p data-start=\"1050\" data-end=\"1159\"><strong data-start=\"1050\" data-end=\"1082\">Robuste et r\u00e9sistant aux intemp\u00e9ries<\/strong><br data-start=\"1082\" data-end=\"1085\" \/>Con\u00e7u pour r\u00e9sister aux environnements difficiles, y compris la pluie et la poussi\u00e8re.<\/p>\n<\/li>\n<li data-start=\"1161\" data-end=\"1272\">\n<p data-start=\"1163\" data-end=\"1272\"><strong data-start=\"1163\" data-end=\"1187\">Contr\u00f4le instantan\u00e9 de la sourdine<\/strong><br data-start=\"1187\" data-end=\"1190\" \/>Le bras de la perche se met automatiquement en sourdine lorsqu'il est relev\u00e9 ; le bouton de conversation est \u00e9galement inclus.<\/p>\n<\/li>\n<li data-start=\"1274\" data-end=\"1394\">\n<p data-start=\"1276\" data-end=\"1394\"><strong data-start=\"1276\" data-end=\"1301\">Dur\u00e9e de vie prolong\u00e9e de la batterie<\/strong><br data-start=\"1301\" data-end=\"1304\" \/>Chaque oreillette est \u00e9quip\u00e9e d'une batterie interchangeable offrant jusqu'\u00e0 10 heures d'autonomie (unit\u00e9s distantes).<\/p>\n<\/li>\n<li data-start=\"1396\" data-end=\"1501\">\n<p data-start=\"1398\" data-end=\"1501\"><strong data-start=\"1398\" data-end=\"1419\">Conception extensible<\/strong><br data-start=\"1419\" data-end=\"1422\" \/>L'unit\u00e9 de base prend en charge jusqu'\u00e0 11 utilisateurs ; des t\u00e9l\u00e9commandes suppl\u00e9mentaires peuvent \u00eatre ajout\u00e9es selon les besoins.<\/p>\n<\/li>\n<\/ul>\n<h3 data-start=\"1508\" data-end=\"1530\"><strong data-start=\"1512\" data-end=\"1530\">Sp\u00e9cifications<\/strong><\/h3>\n<ul data-start=\"1532\" data-end=\"2188\">\n<li data-start=\"1532\" data-end=\"1598\">\n<p data-start=\"1534\" data-end=\"1598\"><strong data-start=\"1534\" data-end=\"1558\">Configuration du syst\u00e8me<\/strong>: 1 casque principal + 8 casques distants<\/p>\n<\/li>\n<li data-start=\"1599\" data-end=\"1637\">\n<p data-start=\"1601\" data-end=\"1637\"><strong data-start=\"1601\" data-end=\"1619\">Bande de fr\u00e9quence<\/strong>: 1,9 GHz (DECT)<\/p>\n<\/li>\n<li data-start=\"1638\" data-end=\"1699\">\n<p data-start=\"1640\" data-end=\"1699\"><strong data-start=\"1640\" data-end=\"1663\">Gamme de communication<\/strong>: Jusqu'\u00e0 400 m\u00e8tres (en visibilit\u00e9 directe)<\/p>\n<\/li>\n<li data-start=\"1700\" data-end=\"1772\">\n<p data-start=\"1702\" data-end=\"1772\"><strong data-start=\"1702\" data-end=\"1721\">Type de microphone<\/strong>: Double microphone ENC (Environmental Noise Cancellation)<\/p>\n<\/li>\n<li data-start=\"1773\" data-end=\"1812\">\n<p data-start=\"1775\" data-end=\"1812\"><strong data-start=\"1775\" data-end=\"1794\">Largeur de bande audio<\/strong>: 150 Hz - 7 kHz<\/p>\n<\/li>\n<li data-start=\"1813\" data-end=\"1855\">\n<p data-start=\"1815\" data-end=\"1855\"><strong data-start=\"1815\" data-end=\"1835\">Capacit\u00e9 de la batterie<\/strong>: 770 mAh par unit\u00e9<\/p>\n<\/li>\n<li data-start=\"1856\" data-end=\"1981\">\n<p data-start=\"1858\" data-end=\"1981\"><strong data-start=\"1858\" data-end=\"1874\">Autonomie de la batterie<\/strong>:<br data-start=\"1875\" data-end=\"1878\" \/>- A distance : Jusqu'\u00e0 10 heures<br data-start=\"1904\" data-end=\"1907\" \/>- Ma\u00eetre : Environ 5 heures (avec 5 t\u00e9l\u00e9commandes), diminuant avec le nombre d'unit\u00e9s.<\/p>\n<\/li>\n<li data-start=\"1982\" data-end=\"2044\">\n<p data-start=\"1984\" data-end=\"2044\"><strong data-start=\"1984\" data-end=\"2006\">Interface de chargement<\/strong>: USB-C et station d'accueil de charge \u00e0 fentes multiples<\/p>\n<\/li>\n<li data-start=\"2045\" data-end=\"2090\">\n<p data-start=\"2047\" data-end=\"2090\"><strong data-start=\"2047\" data-end=\"2057\">Poids<\/strong>: Environ 185 grammes par oreillette<\/p>\n<\/li>\n<li data-start=\"2091\" data-end=\"2133\">\n<p data-start=\"2093\" data-end=\"2133\"><strong data-start=\"2093\" data-end=\"2118\">Temp\u00e9rature de fonctionnement<\/strong>: 0\u00b0C \u00e0 45\u00b0C<\/p>\n<\/li>\n<li data-start=\"2134\" data-end=\"2188\">\n<p data-start=\"2136\" data-end=\"2188\"><strong data-start=\"2136\" data-end=\"2145\">Construire<\/strong>: Construction r\u00e9sistante \u00e0 la poussi\u00e8re et \u00e0 l'humidit\u00e9<\/p>\n<\/li>\n<\/ul>\n<p data-start=\"2428\" data-end=\"2749\" data-is-last-node=\"\" data-is-only-node=\"\">Le Solidcom SE Pro 9S est un syst\u00e8me d'intercom professionnel polyvalent qui assure une communication fiable et ininterrompue pour les grandes \u00e9quipes. Que vous g\u00e9riez une production en direct ou que vous coordonniez un tournage multi-cam\u00e9ras, ce syst\u00e8me am\u00e9liore le flux de travail, la s\u00e9curit\u00e9 et l'efficacit\u00e9 gr\u00e2ce \u00e0 un son clair et \u00e0 des performances fiables.<\/p>\n<p>Louez-le maintenant sur <a href=\"https:\/\/www.cinesouk.ma\/fr\">CINESOUK<\/a> - une marque de <a href=\"https:\/\/www.broadway.ma\/\">BROADWAY PRODUCTIONS SARL.<\/a><\/p>","protected":false},"excerpt":{"rendered":"<p><strong>Sp\u00e9cifications :<\/strong><\/p>\n<ul>\n<li data-start=\"1532\" data-end=\"1598\">\n<p data-start=\"1534\" data-end=\"1598\"><strong data-start=\"1534\" data-end=\"1558\">Configuration du syst\u00e8me<\/strong>: 1 casque principal + 8 casques distants<\/p>\n<\/li>\n<li data-start=\"1599\" data-end=\"1637\">\n<p data-start=\"1601\" data-end=\"1637\"><strong data-start=\"1601\" data-end=\"1619\">Bande de fr\u00e9quence<\/strong>: 1,9 GHz (DECT)<\/p>\n<\/li>\n<li data-start=\"1638\" data-end=\"1699\">\n<p data-start=\"1640\" data-end=\"1699\"><strong data-start=\"1640\" data-end=\"1663\">Gamme de communication<\/strong>: Jusqu'\u00e0 400 m\u00e8tres (en visibilit\u00e9 directe)<\/p>\n<\/li>\n<li data-start=\"1700\" data-end=\"1772\">\n<p data-start=\"1702\" data-end=\"1772\"><strong data-start=\"1702\" data-end=\"1721\">Type de microphone<\/strong>: Double microphone ENC (Environmental Noise Cancellation)<\/p>\n<\/li>\n<li data-start=\"1773\" data-end=\"1812\">\n<p data-start=\"1775\" data-end=\"1812\"><strong data-start=\"1775\" data-end=\"1794\">Largeur de bande audio<\/strong>: 150 Hz - 7 kHz<\/p>\n<\/li>\n<li data-start=\"1813\" data-end=\"1855\">\n<p data-start=\"1815\" data-end=\"1855\"><strong data-start=\"1815\" data-end=\"1835\">Capacit\u00e9 de la batterie<\/strong>: 770 mAh par unit\u00e9<\/p>\n<\/li>\n<li data-start=\"1856\" data-end=\"1981\">\n<p data-start=\"1858\" data-end=\"1981\"><strong data-start=\"1858\" data-end=\"1874\">Autonomie de la batterie<\/strong>:<br data-start=\"1875\" data-end=\"1878\" \/>- A distance : Jusqu'\u00e0 10 heures<br data-start=\"1904\" data-end=\"1907\" \/>- Ma\u00eetre : Environ 5 heures (avec 5 t\u00e9l\u00e9commandes), diminuant avec le nombre d'unit\u00e9s.<\/p>\n<\/li>\n<li data-start=\"1982\" data-end=\"2044\">\n<p data-start=\"1984\" data-end=\"2044\"><strong data-start=\"1984\" data-end=\"2006\">Interface de chargement<\/strong>: USB-C et station d'accueil de charge \u00e0 fentes multiples<\/p>\n<\/li>\n<li data-start=\"2045\" data-end=\"2090\">\n<p data-start=\"2047\" data-end=\"2090\"><strong data-start=\"2047\" data-end=\"2057\">Poids<\/strong>: Environ 185 grammes par oreillette<\/p>\n<\/li>\n<li data-start=\"2091\" data-end=\"2133\">\n<p data-start=\"2093\" data-end=\"2133\"><strong data-start=\"2093\" data-end=\"2118\">Temp\u00e9rature de fonctionnement<\/strong>: 0\u00b0C \u00e0 45\u00b0C<\/p>\n<\/li>\n<li data-start=\"2134\" data-end=\"2188\">\n<p data-start=\"2136\" data-end=\"2188\"><strong data-start=\"2136\" data-end=\"2145\">Construire<\/strong>: Construction r\u00e9sistante \u00e0 la poussi\u00e8re et \u00e0 l'humidit\u00e9<\/p>\n<\/li>\n<\/ul>","protected":false},"featured_media":13900,"template":"","meta":{"om_disable_all_campaigns":false,"_monsterinsights_skip_tracking":false,"_monsterinsights_sitenote_active":false,"_monsterinsights_sitenote_note":"","_monsterinsights_sitenote_category":0,"_uf_show_specific_survey":0,"_uf_disable_surveys":false},"product_brand":[],"product_cat":[130,89,83,32],"product_tag":[],"class_list":{"0":"post-13889","1":"product","2":"type-product","3":"status-publish","4":"has-post-thumbnail","6":"product_cat-communication-eventsouk","7":"product_cat-communication-cinesouk","8":"product_cat-efp-eng-cinesouk","9":"product_cat-streaming-cinesouk","11":"entry","12":"has-media","14":"first","15":"instock","16":"taxable","17":"shipping-taxable","18":"purchasable","19":"product-type-variable","20":"has-product-nav","21":"col","22":"span_1_of_3","23":"owp-content-center","24":"owp-thumbs-layout-horizontal","25":"owp-btn-normal","26":"owp-tabs-layout-horizontal","27":"has-no-thumbnails"},"yoast_head":"<!-- This site is optimized with the Yoast SEO Premium plugin v26.0 (Yoast SEO v26.0) - https:\/\/yoast.com\/wordpress\/plugins\/seo\/ -->\n<title>Hollyland Solidcom SE Pro 9S - CineSouk - For rent<\/title>\n<meta name=\"description\" content=\"Hollyland Solidcom SE Pro 9S is a 9-user wireless intercom system with 400m range, full-duplex audio, ENC microphones, and all-day battery life for professional production teams.\" \/>\n<meta name=\"robots\" content=\"index, follow, max-snippet:-1, max-image-preview:large, max-video-preview:-1\" \/>\n<link rel=\"canonical\" href=\"https:\/\/www.cinesouk.ma\/fr\/produit\/hollyland-solidcom-se-pro-9s\/\" \/>\n<meta property=\"og:locale\" content=\"fr_FR\" \/>\n<meta property=\"og:type\" content=\"article\" \/>\n<meta property=\"og:title\" content=\"Hollyland Solidcom SE Pro 9S\" \/>\n<meta property=\"og:description\" content=\"Hollyland Solidcom SE Pro 9S is a 9-user wireless intercom system with 400m range, full-duplex audio, ENC microphones, and all-day battery life for professional production teams.\" \/>\n<meta property=\"og:url\" content=\"https:\/\/www.cinesouk.ma\/fr\/produit\/hollyland-solidcom-se-pro-9s\/\" \/>\n<meta property=\"og:site_name\" content=\"CineSouk\" \/>\n<meta property=\"article:modified_time\" content=\"2025-09-20T17:31:39+00:00\" \/>\n<meta property=\"og:image\" content=\"https:\/\/www.cinesouk.ma\/wp-content\/uploads\/2025\/07\/Hollyland-Solidcom-SE-Pro-9S_.jpg\" \/>\n\t<meta property=\"og:image:width\" content=\"300\" \/>\n\t<meta property=\"og:image:height\" content=\"238\" \/>\n\t<meta property=\"og:image:type\" content=\"image\/jpeg\" \/>\n<meta name=\"twitter:card\" content=\"summary_large_image\" \/>\n<meta name=\"twitter:description\" content=\"Hollyland Solidcom SE Pro 9S is a 9-user wireless intercom system with 400m range, full-duplex audio, ENC microphones, and all-day battery life for professional production teams.\" \/>\n<meta name=\"twitter:image\" content=\"https:\/\/www.cinesouk.ma\/wp-content\/uploads\/2025\/07\/Hollyland-Solidcom-SE-Pro-9S_.jpg\" \/>\n<meta name=\"twitter:label1\" content=\"Dur\u00e9e de lecture estim\u00e9e\" \/>\n\t<meta name=\"twitter:data1\" content=\"2 minutes\" \/>\n<script type=\"application\/ld+json\" class=\"yoast-schema-graph\">{\"@context\":\"https:\/\/schema.org\",\"@graph\":[{\"@type\":\"WebPage\",\"@id\":\"https:\/\/www.cinesouk.ma\/product\/hollyland-solidcom-se-pro-9s\/\",\"url\":\"https:\/\/www.cinesouk.ma\/product\/hollyland-solidcom-se-pro-9s\/\",\"name\":\"Hollyland Solidcom SE Pro 9S - CineSouk - For rent\",\"isPartOf\":{\"@id\":\"https:\/\/www.cinesouk.ma\/#website\"},\"primaryImageOfPage\":{\"@id\":\"https:\/\/www.cinesouk.ma\/product\/hollyland-solidcom-se-pro-9s\/#primaryimage\"},\"image\":{\"@id\":\"https:\/\/www.cinesouk.ma\/product\/hollyland-solidcom-se-pro-9s\/#primaryimage\"},\"thumbnailUrl\":\"https:\/\/www.cinesouk.ma\/wp-content\/uploads\/2025\/07\/Hollyland-Solidcom-SE-Pro-9S_.jpg\",\"datePublished\":\"2025-07-17T09:56:00+00:00\",\"dateModified\":\"2025-09-20T17:31:39+00:00\",\"description\":\"Hollyland Solidcom SE Pro 9S is a 9-user wireless intercom system with 400m range, full-duplex audio, ENC microphones, and all-day battery life for professional production teams.\",\"breadcrumb\":{\"@id\":\"https:\/\/www.cinesouk.ma\/product\/hollyland-solidcom-se-pro-9s\/#breadcrumb\"},\"inLanguage\":\"fr-FR\",\"potentialAction\":[{\"@type\":\"ReadAction\",\"target\":[\"https:\/\/www.cinesouk.ma\/product\/hollyland-solidcom-se-pro-9s\/\"]}]},{\"@type\":\"ImageObject\",\"inLanguage\":\"fr-FR\",\"@id\":\"https:\/\/www.cinesouk.ma\/product\/hollyland-solidcom-se-pro-9s\/#primaryimage\",\"url\":\"https:\/\/www.cinesouk.ma\/wp-content\/uploads\/2025\/07\/Hollyland-Solidcom-SE-Pro-9S_.jpg\",\"contentUrl\":\"https:\/\/www.cinesouk.ma\/wp-content\/uploads\/2025\/07\/Hollyland-Solidcom-SE-Pro-9S_.jpg\",\"width\":300,\"height\":238,\"caption\":\"Hollyland Solidcom SE Pro 9S\"},{\"@type\":\"BreadcrumbList\",\"@id\":\"https:\/\/www.cinesouk.ma\/product\/hollyland-solidcom-se-pro-9s\/#breadcrumb\",\"itemListElement\":[{\"@type\":\"ListItem\",\"position\":1,\"name\":\"Home\",\"item\":\"https:\/\/www.cinesouk.ma\/\"},{\"@type\":\"ListItem\",\"position\":2,\"name\":\"Shop\",\"item\":\"https:\/\/www.cinesouk.ma\/shop\/\"},{\"@type\":\"ListItem\",\"position\":3,\"name\":\"Hollyland Solidcom SE Pro 9S\"}]},{\"@type\":\"WebSite\",\"@id\":\"https:\/\/www.cinesouk.ma\/#website\",\"url\":\"https:\/\/www.cinesouk.ma\/\",\"name\":\"CineSouk\",\"description\":\"\",\"publisher\":{\"@id\":\"https:\/\/www.cinesouk.ma\/#organization\"},\"potentialAction\":[{\"@type\":\"SearchAction\",\"target\":{\"@type\":\"EntryPoint\",\"urlTemplate\":\"https:\/\/www.cinesouk.ma\/?s={search_term_string}\"},\"query-input\":{\"@type\":\"PropertyValueSpecification\",\"valueRequired\":true,\"valueName\":\"search_term_string\"}}],\"inLanguage\":\"fr-FR\"},{\"@type\":\"Organization\",\"@id\":\"https:\/\/www.cinesouk.ma\/#organization\",\"name\":\"CineSouk\",\"url\":\"https:\/\/www.cinesouk.ma\/\",\"logo\":{\"@type\":\"ImageObject\",\"inLanguage\":\"fr-FR\",\"@id\":\"https:\/\/www.cinesouk.ma\/#\/schema\/logo\/image\/\",\"url\":\"https:\/\/www.cinesouk.ma\/wp-content\/uploads\/2024\/01\/CineSouk-logo-v01-alpha-alligned-left.png\",\"contentUrl\":\"https:\/\/www.cinesouk.ma\/wp-content\/uploads\/2024\/01\/CineSouk-logo-v01-alpha-alligned-left.png\",\"width\":3204,\"height\":889,\"caption\":\"CineSouk\"},\"image\":{\"@id\":\"https:\/\/www.cinesouk.ma\/#\/schema\/logo\/image\/\"}}]}<\/script>\n<!-- \/ Yoast SEO Premium plugin. -->","yoast_head_json":{"title":"Hollyland Solidcom SE Pro 9S - CineSouk - For rent","description":"Hollyland Solidcom SE Pro 9S is a 9-user wireless intercom system with 400m range, full-duplex audio, ENC microphones, and all-day battery life for professional production teams.","robots":{"index":"index","follow":"follow","max-snippet":"max-snippet:-1","max-image-preview":"max-image-preview:large","max-video-preview":"max-video-preview:-1"},"canonical":"https:\/\/www.cinesouk.ma\/fr\/produit\/hollyland-solidcom-se-pro-9s\/","og_locale":"fr_FR","og_type":"article","og_title":"Hollyland Solidcom SE Pro 9S","og_description":"Hollyland Solidcom SE Pro 9S is a 9-user wireless intercom system with 400m range, full-duplex audio, ENC microphones, and all-day battery life for professional production teams.","og_url":"https:\/\/www.cinesouk.ma\/fr\/produit\/hollyland-solidcom-se-pro-9s\/","og_site_name":"CineSouk","article_modified_time":"2025-09-20T17:31:39+00:00","og_image":[{"width":300,"height":238,"url":"https:\/\/www.cinesouk.ma\/wp-content\/uploads\/2025\/07\/Hollyland-Solidcom-SE-Pro-9S_.jpg","type":"image\/jpeg"}],"twitter_card":"summary_large_image","twitter_description":"Hollyland Solidcom SE Pro 9S is a 9-user wireless intercom system with 400m range, full-duplex audio, ENC microphones, and all-day battery life for professional production teams.","twitter_image":"https:\/\/www.cinesouk.ma\/wp-content\/uploads\/2025\/07\/Hollyland-Solidcom-SE-Pro-9S_.jpg","twitter_misc":{"Dur\u00e9e de lecture estim\u00e9e":"2 minutes"},"schema":{"@context":"https:\/\/schema.org","@graph":[{"@type":"WebPage","@id":"https:\/\/www.cinesouk.ma\/product\/hollyland-solidcom-se-pro-9s\/","url":"https:\/\/www.cinesouk.ma\/product\/hollyland-solidcom-se-pro-9s\/","name":"Hollyland Solidcom SE Pro 9S - CineSouk - For rent","isPartOf":{"@id":"https:\/\/www.cinesouk.ma\/#website"},"primaryImageOfPage":{"@id":"https:\/\/www.cinesouk.ma\/product\/hollyland-solidcom-se-pro-9s\/#primaryimage"},"image":{"@id":"https:\/\/www.cinesouk.ma\/product\/hollyland-solidcom-se-pro-9s\/#primaryimage"},"thumbnailUrl":"https:\/\/www.cinesouk.ma\/wp-content\/uploads\/2025\/07\/Hollyland-Solidcom-SE-Pro-9S_.jpg","datePublished":"2025-07-17T09:56:00+00:00","dateModified":"2025-09-20T17:31:39+00:00","description":"Hollyland Solidcom SE Pro 9S is a 9-user wireless intercom system with 400m range, full-duplex audio, ENC microphones, and all-day battery life for professional production teams.","breadcrumb":{"@id":"https:\/\/www.cinesouk.ma\/product\/hollyland-solidcom-se-pro-9s\/#breadcrumb"},"inLanguage":"fr-FR","potentialAction":[{"@type":"ReadAction","target":["https:\/\/www.cinesouk.ma\/product\/hollyland-solidcom-se-pro-9s\/"]}]},{"@type":"ImageObject","inLanguage":"fr-FR","@id":"https:\/\/www.cinesouk.ma\/product\/hollyland-solidcom-se-pro-9s\/#primaryimage","url":"https:\/\/www.cinesouk.ma\/wp-content\/uploads\/2025\/07\/Hollyland-Solidcom-SE-Pro-9S_.jpg","contentUrl":"https:\/\/www.cinesouk.ma\/wp-content\/uploads\/2025\/07\/Hollyland-Solidcom-SE-Pro-9S_.jpg","width":300,"height":238,"caption":"Hollyland Solidcom SE Pro 9S"},{"@type":"BreadcrumbList","@id":"https:\/\/www.cinesouk.ma\/product\/hollyland-solidcom-se-pro-9s\/#breadcrumb","itemListElement":[{"@type":"ListItem","position":1,"name":"Home","item":"https:\/\/www.cinesouk.ma\/"},{"@type":"ListItem","position":2,"name":"Shop","item":"https:\/\/www.cinesouk.ma\/shop\/"},{"@type":"ListItem","position":3,"name":"Hollyland Solidcom SE Pro 9S"}]},{"@type":"WebSite","@id":"https:\/\/www.cinesouk.ma\/#website","url":"https:\/\/www.cinesouk.ma\/","name":"CineSouk","description":"","publisher":{"@id":"https:\/\/www.cinesouk.ma\/#organization"},"potentialAction":[{"@type":"SearchAction","target":{"@type":"EntryPoint","urlTemplate":"https:\/\/www.cinesouk.ma\/?s={search_term_string}"},"query-input":{"@type":"PropertyValueSpecification","valueRequired":true,"valueName":"search_term_string"}}],"inLanguage":"fr-FR"},{"@type":"Organization","@id":"https:\/\/www.cinesouk.ma\/#organization","name":"CineSouk","url":"https:\/\/www.cinesouk.ma\/","logo":{"@type":"ImageObject","inLanguage":"fr-FR","@id":"https:\/\/www.cinesouk.ma\/#\/schema\/logo\/image\/","url":"https:\/\/www.cinesouk.ma\/wp-content\/uploads\/2024\/01\/CineSouk-logo-v01-alpha-alligned-left.png","contentUrl":"https:\/\/www.cinesouk.ma\/wp-content\/uploads\/2024\/01\/CineSouk-logo-v01-alpha-alligned-left.png","width":3204,"height":889,"caption":"CineSouk"},"image":{"@id":"https:\/\/www.cinesouk.ma\/#\/schema\/logo\/image\/"}}]}},"_links":{"self":[{"href":"https:\/\/www.cinesouk.ma\/fr\/wp-json\/wp\/v2\/product\/13889","targetHints":{"allow":["GET"]}}],"collection":[{"href":"https:\/\/www.cinesouk.ma\/fr\/wp-json\/wp\/v2\/product"}],"about":[{"href":"https:\/\/www.cinesouk.ma\/fr\/wp-json\/wp\/v2\/types\/product"}],"wp:featuredmedia":[{"embeddable":true,"href":"https:\/\/www.cinesouk.ma\/fr\/wp-json\/wp\/v2\/media\/13900"}],"wp:attachment":[{"href":"https:\/\/www.cinesouk.ma\/fr\/wp-json\/wp\/v2\/media?parent=13889"}],"wp:term":[{"taxonomy":"product_brand","embeddable":true,"href":"https:\/\/www.cinesouk.ma\/fr\/wp-json\/wp\/v2\/product_brand?post=13889"},{"taxonomy":"product_cat","embeddable":true,"href":"https:\/\/www.cinesouk.ma\/fr\/wp-json\/wp\/v2\/product_cat?post=13889"},{"taxonomy":"product_tag","embeddable":true,"href":"https:\/\/www.cinesouk.ma\/fr\/wp-json\/wp\/v2\/product_tag?post=13889"}],"curies":[{"name":"wp","href":"https:\/\/api.w.org\/{rel}","templated":true}]}}