{"id":1389,"date":"2024-01-09T10:33:25","date_gmt":"2024-01-09T10:33:25","guid":{"rendered":"https:\/\/www.cinesouk.ma\/?post_type=product&#038;p=1389"},"modified":"2025-05-19T10:36:14","modified_gmt":"2025-05-19T10:36:14","slug":"qsc-ks112","status":"publish","type":"product","link":"https:\/\/www.cinesouk.ma\/fr\/produit\/qsc-ks112\/","title":{"rendered":"QSC KS112"},"content":{"rendered":"<p>Le QSC KS112 est un subwoofer actif extr\u00eamement compact avec un design passe-bande. Il est \u00e9quip\u00e9 d'un haut-parleur de 12\u2033 et d'un module d'amplification de classe D int\u00e9gr\u00e9. Cela lui conf\u00e8re un son volumineux dans presque tous les endroits. En outre, il d\u00e9livre une puissance totale de 2000 watts. Enfin, il dispose \u00e9galement d'un \u00e9cran int\u00e9gr\u00e9 qui peut \u00eatre utilis\u00e9 pour afficher une grande vari\u00e9t\u00e9 de param\u00e8tres.<\/p>\n<h4>Caract\u00e9ristiques :<\/h4>\n<ul class=\"fx-list product-text__list\">\n<li class=\"fx-list__item list-item fx-list__item--circle\"><span class=\"fx-text fx-text--plus list-item__text\">Bande passante du 6\u00e8me ordre<\/span><\/li>\n<li class=\"fx-list__item list-item fx-list__item--circle\"><span class=\"fx-text fx-text--plus list-item__text\">Module amplificateur de classe D de 2000 watts<\/span><\/li>\n<li class=\"fx-list__item list-item fx-list__item--circle\"><span class=\"fx-text fx-text--plus list-item__text\">DSP haute performance - corrige la distorsion non lin\u00e9aire<\/span><\/li>\n<li class=\"fx-list__item list-item fx-list__item--circle\"><span class=\"fx-text fx-text--plus list-item__text\">R\u00e9ponse en fr\u00e9quence (-10 dB) : 38 - 121 Hz<\/span><\/li>\n<li class=\"fx-list__item list-item fx-list__item--circle\"><span class=\"fx-text fx-text--plus list-item__text\">Niveau de pression acoustique maximal (SPL) : 128 dB @ 1m<\/span><\/li>\n<li class=\"fx-list__item list-item fx-list__item--circle\"><span class=\"fx-text fx-text--plus list-item__text\">Informations compl\u00e8tes sur l'EASE et la CAO disponibles en ligne<\/span><\/li>\n<li class=\"fx-list__item list-item fx-list__item--circle\"><span class=\"fx-text fx-text--plus list-item__text\">Bo\u00eetier robuste en bois laqu\u00e9 en contreplaqu\u00e9 de bouleau de 15 mm d'\u00e9paisseur<\/span><\/li>\n<li class=\"fx-list__item list-item fx-list__item--circle\"><span class=\"fx-text fx-text--plus list-item__text\">L'apparence professionnelle<\/span><\/li>\n<li class=\"fx-list__item list-item fx-list__item--circle\"><span class=\"fx-text fx-text--plus list-item__text\">Format ultra-compact<\/span><\/li>\n<li class=\"fx-list__item list-item fx-list__item--circle\"><span class=\"fx-text fx-text--plus list-item__text\">Refroidissement actif gr\u00e2ce \u00e0 un ventilateur silencieux \u00e0 vitesse variable<\/span><\/li>\n<li class=\"fx-list__item list-item fx-list__item--circle\"><span class=\"fx-text fx-text--plus list-item__text\">R\u00e9cepteur de perche 2 x M20<\/span><\/li>\n<li class=\"fx-list__item list-item fx-list__item--circle\"><span class=\"fx-text fx-text--plus list-item__text\">Alimentation \u00e9lectrique : 100 - 240 V (50 - 60 Hz)<\/span><\/li>\n<li class=\"fx-list__item list-item fx-list__item--circle\"><span class=\"fx-text fx-text--plus list-item__text\">Dimensions (H x L x P) : 622 x 394 x 616 mm<\/span><\/li>\n<li class=\"fx-list__item list-item fx-list__item--circle\"><span class=\"fx-text fx-text--plus list-item__text\">Poids net : 28,4 kg (poids \u00e0 l'exp\u00e9dition : 34,5 kg)<\/span><\/li>\n<li class=\"fx-list__item list-item fx-list__item--circle\"><span class=\"fx-text fx-text--plus list-item__text\">Couleur : noir (RAL 9011)<\/span><\/li>\n<\/ul>\n<div class=\"keyfeature\">\n<ul>\n<li class=\"keyfeature__wrapper\"><span class=\"keyfeature__label fx-text fx-text--no-margin\">Bride de support : <\/span><span class=\"fx-text fx-text--bold fx-text--no-margin\">M20<\/span><\/li>\n<li class=\"keyfeature__wrapper\"><span class=\"keyfeature__label fx-text fx-text--no-margin\">Amplificateur de puissance multicanal : <\/span><span class=\"fx-text fx-text--bold fx-text--no-margin\">Non<\/span><\/li>\n<li class=\"keyfeature__wrapper\"><span class=\"keyfeature__label fx-text fx-text--no-margin\">T\u00e9l\u00e9commande : <\/span><span class=\"fx-text fx-text--bold fx-text--no-margin\">Non<\/span><\/li>\n<li class=\"keyfeature__wrapper\"><span class=\"keyfeature__label fx-text fx-text--no-margin\">Mat\u00e9riau du bo\u00eetier : <\/span><span class=\"fx-text fx-text--bold fx-text--no-margin\">Bois<\/span><\/li>\n<li class=\"keyfeature__wrapper\"><span class=\"keyfeature__label fx-text fx-text--no-margin\">Construction : <\/span><span class=\"fx-text fx-text--bold fx-text--no-margin\">Passe-bande<\/span><\/li>\n<li class=\"keyfeature__wrapper\"><span class=\"keyfeature__label fx-text fx-text--no-margin\">Dsp : <\/span><span class=\"fx-text fx-text--bold fx-text--no-margin\">1<\/span><\/li>\n<li class=\"keyfeature__wrapper\"><span class=\"keyfeature__label fx-text fx-text--no-margin\">Connecteur d'entr\u00e9e : <\/span><span class=\"fx-text fx-text--bold fx-text--no-margin\">Combo<\/span><\/li>\n<li class=\"keyfeature__wrapper\"><span class=\"keyfeature__label fx-text fx-text--no-margin\">Connecteur de sortie : <\/span><span class=\"fx-text fx-text--bold fx-text--no-margin\">XLR<\/span><\/li>\n<li class=\"keyfeature__wrapper\"><span class=\"keyfeature__label fx-text fx-text--no-margin\">Connecteur X-Over : <\/span><span class=\"fx-text fx-text--bold fx-text--no-margin\">XLR<\/span><\/li>\n<li class=\"keyfeature__wrapper\"><span class=\"keyfeature__label fx-text fx-text--no-margin\">Coupe haute : <\/span><span class=\"fx-text fx-text--bold fx-text--no-margin\">R\u00e9glable<\/span><\/li>\n<\/ul>\n<\/div>\n<div class=\"keyfeature keyfeature--hidden fx-collapsible__content\"><\/div>\n<p>Louez le QSC KS112 d\u00e8s maintenant sur <a href=\"https:\/\/www.cinesouk.ma\/fr\">CINESOUK<\/a> - une marque de <a href=\"https:\/\/www.broadway.ma\/\">BROADWAY PRODUCTIONS SARL.<\/a><\/p>\n<p>&nbsp;<\/p>","protected":false},"excerpt":{"rendered":"<p>Sp\u00e9cifications<\/p>\n<p>R\u00e9ponse en fr\u00e9quence : 41 Hz - 108 Hz<br \/>\nGamme de fr\u00e9quences : 38 Hz - 121 Hz<br \/>\nConnecteurs : 2x XLR femelle verrouillable, 2x XLR m\u00e2le<br \/>\nHauteur : 622 mm<br \/>\nLargeur : 397 mm<br \/>\nProfondeur : 616 mm<\/p>","protected":false},"featured_media":1410,"template":"","meta":{"om_disable_all_campaigns":false,"_monsterinsights_skip_tracking":false,"_monsterinsights_sitenote_active":false,"_monsterinsights_sitenote_note":"","_monsterinsights_sitenote_category":0,"_uf_show_specific_survey":0,"_uf_disable_surveys":false},"product_brand":[],"product_cat":[37,90,86,92,35],"product_tag":[],"class_list":{"0":"post-1389","1":"product","2":"type-product","3":"status-publish","4":"has-post-thumbnail","6":"product_cat-accessories-cinesouk","7":"product_cat-djparty-cinesouk","8":"product_cat-foh-cinesouk","9":"product_cat-pa-systems-eventsouk","10":"product_cat-sound-cinesouk","12":"entry","13":"has-media","15":"first","16":"instock","17":"taxable","18":"shipping-taxable","19":"purchasable","20":"product-type-variable","21":"has-product-nav","22":"col","23":"span_1_of_3","24":"owp-content-center","25":"owp-thumbs-layout-horizontal","26":"owp-btn-normal","27":"owp-tabs-layout-horizontal","28":"has-no-thumbnails"},"yoast_head":"<!-- This site is optimized with the Yoast SEO Premium plugin v26.0 (Yoast SEO v26.0) - https:\/\/yoast.com\/wordpress\/plugins\/seo\/ -->\n<title>QSC KS112 - CineSouk - Marrakech | Morocco - For rent<\/title>\n<meta name=\"description\" content=\"The QSC KS112 is an extremely compact active subwoofer with a bandpass design. It is equipped with a 12&quot; speaker and integrated class D amplifier module.\" \/>\n<meta name=\"robots\" content=\"index, follow, max-snippet:-1, max-image-preview:large, max-video-preview:-1\" \/>\n<link rel=\"canonical\" href=\"https:\/\/www.cinesouk.ma\/fr\/produit\/qsc-ks112\/\" \/>\n<meta property=\"og:locale\" content=\"fr_FR\" \/>\n<meta property=\"og:type\" content=\"article\" \/>\n<meta property=\"og:title\" content=\"QSC KS112\" \/>\n<meta property=\"og:description\" content=\"The QSC KS112 is an extremely compact active subwoofer with a bandpass design. It is equipped with a 12&quot; speaker and integrated class D amplifier module.\" \/>\n<meta property=\"og:url\" content=\"https:\/\/www.cinesouk.ma\/fr\/produit\/qsc-ks112\/\" \/>\n<meta property=\"og:site_name\" content=\"CineSouk\" \/>\n<meta property=\"article:modified_time\" content=\"2025-05-19T10:36:14+00:00\" \/>\n<meta property=\"og:image\" content=\"https:\/\/www.cinesouk.ma\/wp-content\/uploads\/2024\/01\/Naamloos-1-1.jpg\" \/>\n\t<meta property=\"og:image:width\" content=\"300\" \/>\n\t<meta property=\"og:image:height\" content=\"238\" \/>\n\t<meta property=\"og:image:type\" content=\"image\/jpeg\" \/>\n<meta name=\"twitter:card\" content=\"summary_large_image\" \/>\n<meta name=\"twitter:description\" content=\"The QSC KS112 is an extremely compact active subwoofer with a bandpass design. It is equipped with a 12&quot; speaker and integrated class D amplifier module.\" \/>\n<meta name=\"twitter:label1\" content=\"Dur\u00e9e de lecture estim\u00e9e\" \/>\n\t<meta name=\"twitter:data1\" content=\"2 minutes\" \/>\n<script type=\"application\/ld+json\" class=\"yoast-schema-graph\">{\"@context\":\"https:\/\/schema.org\",\"@graph\":[{\"@type\":\"WebPage\",\"@id\":\"https:\/\/www.cinesouk.ma\/product\/qsc-ks112\/\",\"url\":\"https:\/\/www.cinesouk.ma\/product\/qsc-ks112\/\",\"name\":\"QSC KS112 - CineSouk - Marrakech | Morocco - For rent\",\"isPartOf\":{\"@id\":\"https:\/\/www.cinesouk.ma\/#website\"},\"primaryImageOfPage\":{\"@id\":\"https:\/\/www.cinesouk.ma\/product\/qsc-ks112\/#primaryimage\"},\"image\":{\"@id\":\"https:\/\/www.cinesouk.ma\/product\/qsc-ks112\/#primaryimage\"},\"thumbnailUrl\":\"https:\/\/www.cinesouk.ma\/wp-content\/uploads\/2024\/01\/Naamloos-1-1.jpg\",\"datePublished\":\"2024-01-09T10:33:25+00:00\",\"dateModified\":\"2025-05-19T10:36:14+00:00\",\"description\":\"The QSC KS112 is an extremely compact active subwoofer with a bandpass design. It is equipped with a 12\\\" speaker and integrated class D amplifier module.\",\"breadcrumb\":{\"@id\":\"https:\/\/www.cinesouk.ma\/product\/qsc-ks112\/#breadcrumb\"},\"inLanguage\":\"fr-FR\",\"potentialAction\":[{\"@type\":\"ReadAction\",\"target\":[\"https:\/\/www.cinesouk.ma\/product\/qsc-ks112\/\"]}]},{\"@type\":\"ImageObject\",\"inLanguage\":\"fr-FR\",\"@id\":\"https:\/\/www.cinesouk.ma\/product\/qsc-ks112\/#primaryimage\",\"url\":\"https:\/\/www.cinesouk.ma\/wp-content\/uploads\/2024\/01\/Naamloos-1-1.jpg\",\"contentUrl\":\"https:\/\/www.cinesouk.ma\/wp-content\/uploads\/2024\/01\/Naamloos-1-1.jpg\",\"width\":300,\"height\":238},{\"@type\":\"BreadcrumbList\",\"@id\":\"https:\/\/www.cinesouk.ma\/product\/qsc-ks112\/#breadcrumb\",\"itemListElement\":[{\"@type\":\"ListItem\",\"position\":1,\"name\":\"Home\",\"item\":\"https:\/\/www.cinesouk.ma\/\"},{\"@type\":\"ListItem\",\"position\":2,\"name\":\"Shop\",\"item\":\"https:\/\/www.cinesouk.ma\/shop\/\"},{\"@type\":\"ListItem\",\"position\":3,\"name\":\"QSC KS112\"}]},{\"@type\":\"WebSite\",\"@id\":\"https:\/\/www.cinesouk.ma\/#website\",\"url\":\"https:\/\/www.cinesouk.ma\/\",\"name\":\"CineSouk\",\"description\":\"\",\"publisher\":{\"@id\":\"https:\/\/www.cinesouk.ma\/#organization\"},\"potentialAction\":[{\"@type\":\"SearchAction\",\"target\":{\"@type\":\"EntryPoint\",\"urlTemplate\":\"https:\/\/www.cinesouk.ma\/?s={search_term_string}\"},\"query-input\":{\"@type\":\"PropertyValueSpecification\",\"valueRequired\":true,\"valueName\":\"search_term_string\"}}],\"inLanguage\":\"fr-FR\"},{\"@type\":\"Organization\",\"@id\":\"https:\/\/www.cinesouk.ma\/#organization\",\"name\":\"CineSouk\",\"url\":\"https:\/\/www.cinesouk.ma\/\",\"logo\":{\"@type\":\"ImageObject\",\"inLanguage\":\"fr-FR\",\"@id\":\"https:\/\/www.cinesouk.ma\/#\/schema\/logo\/image\/\",\"url\":\"https:\/\/www.cinesouk.ma\/wp-content\/uploads\/2024\/01\/CineSouk-logo-v01-alpha-alligned-left.png\",\"contentUrl\":\"https:\/\/www.cinesouk.ma\/wp-content\/uploads\/2024\/01\/CineSouk-logo-v01-alpha-alligned-left.png\",\"width\":3204,\"height\":889,\"caption\":\"CineSouk\"},\"image\":{\"@id\":\"https:\/\/www.cinesouk.ma\/#\/schema\/logo\/image\/\"}}]}<\/script>\n<!-- \/ Yoast SEO Premium plugin. -->","yoast_head_json":{"title":"QSC KS112 - CineSouk - Marrakech | Morocco - For rent","description":"The QSC KS112 is an extremely compact active subwoofer with a bandpass design. It is equipped with a 12\" speaker and integrated class D amplifier module.","robots":{"index":"index","follow":"follow","max-snippet":"max-snippet:-1","max-image-preview":"max-image-preview:large","max-video-preview":"max-video-preview:-1"},"canonical":"https:\/\/www.cinesouk.ma\/fr\/produit\/qsc-ks112\/","og_locale":"fr_FR","og_type":"article","og_title":"QSC KS112","og_description":"The QSC KS112 is an extremely compact active subwoofer with a bandpass design. It is equipped with a 12\" speaker and integrated class D amplifier module.","og_url":"https:\/\/www.cinesouk.ma\/fr\/produit\/qsc-ks112\/","og_site_name":"CineSouk","article_modified_time":"2025-05-19T10:36:14+00:00","og_image":[{"width":300,"height":238,"url":"https:\/\/www.cinesouk.ma\/wp-content\/uploads\/2024\/01\/Naamloos-1-1.jpg","type":"image\/jpeg"}],"twitter_card":"summary_large_image","twitter_description":"The QSC KS112 is an extremely compact active subwoofer with a bandpass design. It is equipped with a 12\" speaker and integrated class D amplifier module.","twitter_misc":{"Dur\u00e9e de lecture estim\u00e9e":"2 minutes"},"schema":{"@context":"https:\/\/schema.org","@graph":[{"@type":"WebPage","@id":"https:\/\/www.cinesouk.ma\/product\/qsc-ks112\/","url":"https:\/\/www.cinesouk.ma\/product\/qsc-ks112\/","name":"QSC KS112 - CineSouk - Marrakech | Morocco - For rent","isPartOf":{"@id":"https:\/\/www.cinesouk.ma\/#website"},"primaryImageOfPage":{"@id":"https:\/\/www.cinesouk.ma\/product\/qsc-ks112\/#primaryimage"},"image":{"@id":"https:\/\/www.cinesouk.ma\/product\/qsc-ks112\/#primaryimage"},"thumbnailUrl":"https:\/\/www.cinesouk.ma\/wp-content\/uploads\/2024\/01\/Naamloos-1-1.jpg","datePublished":"2024-01-09T10:33:25+00:00","dateModified":"2025-05-19T10:36:14+00:00","description":"The QSC KS112 is an extremely compact active subwoofer with a bandpass design. It is equipped with a 12\" speaker and integrated class D amplifier module.","breadcrumb":{"@id":"https:\/\/www.cinesouk.ma\/product\/qsc-ks112\/#breadcrumb"},"inLanguage":"fr-FR","potentialAction":[{"@type":"ReadAction","target":["https:\/\/www.cinesouk.ma\/product\/qsc-ks112\/"]}]},{"@type":"ImageObject","inLanguage":"fr-FR","@id":"https:\/\/www.cinesouk.ma\/product\/qsc-ks112\/#primaryimage","url":"https:\/\/www.cinesouk.ma\/wp-content\/uploads\/2024\/01\/Naamloos-1-1.jpg","contentUrl":"https:\/\/www.cinesouk.ma\/wp-content\/uploads\/2024\/01\/Naamloos-1-1.jpg","width":300,"height":238},{"@type":"BreadcrumbList","@id":"https:\/\/www.cinesouk.ma\/product\/qsc-ks112\/#breadcrumb","itemListElement":[{"@type":"ListItem","position":1,"name":"Home","item":"https:\/\/www.cinesouk.ma\/"},{"@type":"ListItem","position":2,"name":"Shop","item":"https:\/\/www.cinesouk.ma\/shop\/"},{"@type":"ListItem","position":3,"name":"QSC KS112"}]},{"@type":"WebSite","@id":"https:\/\/www.cinesouk.ma\/#website","url":"https:\/\/www.cinesouk.ma\/","name":"CineSouk","description":"","publisher":{"@id":"https:\/\/www.cinesouk.ma\/#organization"},"potentialAction":[{"@type":"SearchAction","target":{"@type":"EntryPoint","urlTemplate":"https:\/\/www.cinesouk.ma\/?s={search_term_string}"},"query-input":{"@type":"PropertyValueSpecification","valueRequired":true,"valueName":"search_term_string"}}],"inLanguage":"fr-FR"},{"@type":"Organization","@id":"https:\/\/www.cinesouk.ma\/#organization","name":"CineSouk","url":"https:\/\/www.cinesouk.ma\/","logo":{"@type":"ImageObject","inLanguage":"fr-FR","@id":"https:\/\/www.cinesouk.ma\/#\/schema\/logo\/image\/","url":"https:\/\/www.cinesouk.ma\/wp-content\/uploads\/2024\/01\/CineSouk-logo-v01-alpha-alligned-left.png","contentUrl":"https:\/\/www.cinesouk.ma\/wp-content\/uploads\/2024\/01\/CineSouk-logo-v01-alpha-alligned-left.png","width":3204,"height":889,"caption":"CineSouk"},"image":{"@id":"https:\/\/www.cinesouk.ma\/#\/schema\/logo\/image\/"}}]}},"_links":{"self":[{"href":"https:\/\/www.cinesouk.ma\/fr\/wp-json\/wp\/v2\/product\/1389","targetHints":{"allow":["GET"]}}],"collection":[{"href":"https:\/\/www.cinesouk.ma\/fr\/wp-json\/wp\/v2\/product"}],"about":[{"href":"https:\/\/www.cinesouk.ma\/fr\/wp-json\/wp\/v2\/types\/product"}],"wp:featuredmedia":[{"embeddable":true,"href":"https:\/\/www.cinesouk.ma\/fr\/wp-json\/wp\/v2\/media\/1410"}],"wp:attachment":[{"href":"https:\/\/www.cinesouk.ma\/fr\/wp-json\/wp\/v2\/media?parent=1389"}],"wp:term":[{"taxonomy":"product_brand","embeddable":true,"href":"https:\/\/www.cinesouk.ma\/fr\/wp-json\/wp\/v2\/product_brand?post=1389"},{"taxonomy":"product_cat","embeddable":true,"href":"https:\/\/www.cinesouk.ma\/fr\/wp-json\/wp\/v2\/product_cat?post=1389"},{"taxonomy":"product_tag","embeddable":true,"href":"https:\/\/www.cinesouk.ma\/fr\/wp-json\/wp\/v2\/product_tag?post=1389"}],"curies":[{"name":"wp","href":"https:\/\/api.w.org\/{rel}","templated":true}]}}