{"id":13901,"date":"2025-07-17T13:48:56","date_gmt":"2025-07-17T13:48:56","guid":{"rendered":"https:\/\/www.cinesouk.ma\/?post_type=product&#038;p=13901"},"modified":"2025-09-20T17:32:14","modified_gmt":"2025-09-20T17:32:14","slug":"hollyland-solidcom-se-pro-8s","status":"publish","type":"product","link":"https:\/\/www.cinesouk.ma\/fr\/produit\/hollyland-solidcom-se-pro-8s\/","title":{"rendered":"Hollyland Solidcom SE Pro 8S"},"content":{"rendered":"<p data-start=\"317\" data-end=\"742\">Le Solidcom SE Pro 8S de Hollyland est un syst\u00e8me d'intercom sans fil professionnel con\u00e7u pour les \u00e9quipes qui ont besoin d'une communication claire et mains libres. Con\u00e7u pour les \u00e9quipes de tournage, les \u00e9v\u00e9nements en direct et la diffusion, il prend en charge jusqu'\u00e0 huit utilisateurs. Ce syst\u00e8me utilise la technologie full-duplex, qui permet \u00e0 chacun de parler et d'\u00e9couter en m\u00eame temps. Il am\u00e9liore ainsi la coordination et r\u00e9duit les retards lors de travaux rapides.<\/p>\n<h3 data-start=\"749\" data-end=\"769\"><strong data-start=\"753\" data-end=\"769\">Caract\u00e9ristiques principales<\/strong><\/h3>\n<ul data-start=\"771\" data-end=\"1701\">\n<li data-start=\"771\" data-end=\"880\">\n<p data-start=\"773\" data-end=\"880\"><strong data-start=\"773\" data-end=\"794\">Audio duplex int\u00e9gral<\/strong><br data-start=\"794\" data-end=\"797\" \/>Tout le monde peut parler et s'entendre en m\u00eame temps, sans avoir \u00e0 appuyer sur des boutons.<\/p>\n<\/li>\n<li data-start=\"882\" data-end=\"982\">\n<p data-start=\"884\" data-end=\"982\"><strong data-start=\"884\" data-end=\"907\">Longue port\u00e9e sans fil<\/strong><br data-start=\"907\" data-end=\"910\" \/>Communiquez clairement sur des distances allant jusqu'\u00e0 400 m\u00e8tres dans des espaces ouverts.<\/p>\n<\/li>\n<li data-start=\"984\" data-end=\"1115\">\n<p data-start=\"986\" data-end=\"1115\"><strong data-start=\"986\" data-end=\"1027\">R\u00e9duction du bruit gr\u00e2ce \u00e0 deux microphones<\/strong><br data-start=\"1027\" data-end=\"1030\" \/>Chaque oreillette utilise deux microphones pour r\u00e9duire les bruits de fond et assurer la clart\u00e9 de la voix.<\/p>\n<\/li>\n<li data-start=\"1117\" data-end=\"1223\">\n<p data-start=\"1119\" data-end=\"1223\"><strong data-start=\"1119\" data-end=\"1146\">Microphone \u00e0 bascule et silencieux<\/strong><br data-start=\"1146\" data-end=\"1149\" \/>Il suffit de relever le micro pour le mettre en sourdine, ce qui permet un contr\u00f4le rapide et facile \u00e0 la vol\u00e9e.<\/p>\n<\/li>\n<li data-start=\"1225\" data-end=\"1338\">\n<p data-start=\"1227\" data-end=\"1338\"><strong data-start=\"1227\" data-end=\"1265\">Conception confortable et l\u00e9g\u00e8re<\/strong><br data-start=\"1265\" data-end=\"1268\" \/>Les oreillettes rembourr\u00e9es et le faible poids de l'appareil le rendent confortable pour une utilisation prolong\u00e9e.<\/p>\n<\/li>\n<li data-start=\"1340\" data-end=\"1463\">\n<p data-start=\"1342\" data-end=\"1463\"><strong data-start=\"1342\" data-end=\"1369\">Durable pour une utilisation en ext\u00e9rieur<\/strong><br data-start=\"1369\" data-end=\"1372\" \/>Le syst\u00e8me r\u00e9siste \u00e0 la poussi\u00e8re et \u00e0 la pluie l\u00e9g\u00e8re, ce qui le rend adapt\u00e9 aux installations int\u00e9rieures et ext\u00e9rieures.<\/p>\n<\/li>\n<li data-start=\"1465\" data-end=\"1562\">\n<p data-start=\"1467\" data-end=\"1562\"><strong data-start=\"1467\" data-end=\"1483\">Pr\u00eat \u00e0 l'emploi<\/strong><br data-start=\"1483\" data-end=\"1486\" \/>Tous les casques sont livr\u00e9s appari\u00e9s, de sorte que l'installation est rapide et facile - aucune \u00e9tape suppl\u00e9mentaire n'est n\u00e9cessaire.<\/p>\n<\/li>\n<li data-start=\"1564\" data-end=\"1701\">\n<p data-start=\"1566\" data-end=\"1701\"><strong data-start=\"1566\" data-end=\"1609\">Batteries interchangeables avec chargeur USB-C<\/strong><br data-start=\"1609\" data-end=\"1612\" \/>Chaque casque comprend une batterie qui dure jusqu'\u00e0 10 heures et peut \u00eatre recharg\u00e9e via USB-C.<\/p>\n<\/li>\n<\/ul>\n<h3 data-start=\"1708\" data-end=\"1730\"><strong data-start=\"1712\" data-end=\"1730\">Sp\u00e9cifications<\/strong><\/h3>\n<ul data-start=\"1732\" data-end=\"2402\">\n<li data-start=\"1732\" data-end=\"1784\">\n<p data-start=\"1734\" data-end=\"1784\"><strong data-start=\"1734\" data-end=\"1744\">Syst\u00e8me<\/strong>: 1 casque principal + 7 casques distants<\/p>\n<\/li>\n<li data-start=\"1785\" data-end=\"1821\">\n<p data-start=\"1787\" data-end=\"1821\"><strong data-start=\"1787\" data-end=\"1800\">Fr\u00e9quence<\/strong>: Bande DECT 1,9 GHz<\/p>\n<\/li>\n<li data-start=\"1822\" data-end=\"1869\">\n<p data-start=\"1824\" data-end=\"1869\"><strong data-start=\"1824\" data-end=\"1833\">Gamme<\/strong>: Jusqu'\u00e0 400 m\u00e8tres (en ligne de mire)<\/p>\n<\/li>\n<li data-start=\"1870\" data-end=\"1919\">\n<p data-start=\"1872\" data-end=\"1919\"><strong data-start=\"1872\" data-end=\"1887\">Microphones<\/strong>: Double ENC pour la r\u00e9duction du bruit<\/p>\n<\/li>\n<li data-start=\"1920\" data-end=\"1955\">\n<p data-start=\"1922\" data-end=\"1955\"><strong data-start=\"1922\" data-end=\"1937\">Gamme audio<\/strong>: 150 Hz - 7 kHz<\/p>\n<\/li>\n<li data-start=\"1956\" data-end=\"1992\">\n<p data-start=\"1958\" data-end=\"1992\"><strong data-start=\"1958\" data-end=\"1969\">Batterie<\/strong>Capacit\u00e9 de stockage : 770 mAh (amovible)<\/p>\n<\/li>\n<li data-start=\"1993\" data-end=\"2093\">\n<p data-start=\"1995\" data-end=\"2093\"><strong data-start=\"1995\" data-end=\"2011\">Autonomie de la batterie<\/strong>:<br data-start=\"2012\" data-end=\"2015\" \/>- T\u00e9l\u00e9commandes : jusqu'\u00e0 10 heures<br data-start=\"2042\" data-end=\"2045\" \/>- Ma\u00eetre : environ 5 heures avec plusieurs t\u00e9l\u00e9commandes<\/p>\n<\/li>\n<li data-start=\"2094\" data-end=\"2152\">\n<p data-start=\"2096\" data-end=\"2152\"><strong data-start=\"2096\" data-end=\"2108\">Chargement<\/strong>: USB-C et chargeur multi-batteries inclus<\/p>\n<\/li>\n<li data-start=\"2153\" data-end=\"2197\">\n<p data-start=\"2155\" data-end=\"2197\"><strong data-start=\"2155\" data-end=\"2177\">Poids par oreillette<\/strong>: Environ 185 grammes<\/p>\n<\/li>\n<li data-start=\"2198\" data-end=\"2252\">\n<p data-start=\"2200\" data-end=\"2252\"><strong data-start=\"2200\" data-end=\"2222\">R\u00e9sistance aux intemp\u00e9ries<\/strong>: R\u00e9sistant \u00e0 la poussi\u00e8re et aux \u00e9claboussures<\/p>\n<\/li>\n<li data-start=\"2253\" data-end=\"2313\">\n<p data-start=\"2255\" data-end=\"2313\"><strong data-start=\"2255\" data-end=\"2267\">Contr\u00f4les<\/strong>: Boutons \"Flip-to-mute\", \"Push-to-talk\" et \"Volume\".<\/p>\n<\/li>\n<li data-start=\"2314\" data-end=\"2363\">\n<p data-start=\"2316\" data-end=\"2363\"><strong data-start=\"2316\" data-end=\"2335\">Options de confort<\/strong>: Coussinets en mousse ou en cuir<\/p>\n<\/li>\n<li data-start=\"2364\" data-end=\"2402\">\n<p data-start=\"2366\" data-end=\"2402\"><strong data-start=\"2366\" data-end=\"2375\">Mise en place<\/strong>: Pr\u00e9-appari\u00e9, pr\u00eat \u00e0 l'emploi<\/p>\n<\/li>\n<\/ul>\n<p data-start=\"2630\" data-end=\"2898\">Le Solidcom SE Pro 8S offre aux grandes \u00e9quipes un moyen simple et intelligent de rester en contact. Son son clair, sa longue port\u00e9e et sa facilit\u00e9 d'installation le rendent parfait pour les productions, les spectacles en direct et les \u00e9v\u00e9nements. Que ce soit \u00e0 l'int\u00e9rieur ou \u00e0 l'ext\u00e9rieur, il permet \u00e0 votre \u00e9quipe de rester connect\u00e9e, sans aucun probl\u00e8me.<\/p>\n<p>Louez-le maintenant sur <a href=\"https:\/\/www.cinesouk.ma\/fr\">CINESOUK<\/a> - une marque de <a href=\"https:\/\/www.broadway.ma\/\">BROADWAY PRODUCTIONS SARL.<\/a><\/p>","protected":false},"excerpt":{"rendered":"<p><strong>Sp\u00e9cifications :<\/strong><\/p>\n<ul>\n<li data-start=\"1456\" data-end=\"1522\">\n<p data-start=\"1458\" data-end=\"1522\"><strong data-start=\"1458\" data-end=\"1482\">Configuration du syst\u00e8me<\/strong>: 1 casque principal + 7 casques distants<\/p>\n<\/li>\n<li data-start=\"1523\" data-end=\"1561\">\n<p data-start=\"1525\" data-end=\"1561\"><strong data-start=\"1525\" data-end=\"1543\">Bande de fr\u00e9quence<\/strong>: 1,9 GHz (DECT)<\/p>\n<\/li>\n<li data-start=\"1562\" data-end=\"1623\">\n<p data-start=\"1564\" data-end=\"1623\"><strong data-start=\"1564\" data-end=\"1587\">Gamme de communication<\/strong>: Jusqu'\u00e0 400 m\u00e8tres (en visibilit\u00e9 directe)<\/p>\n<\/li>\n<li data-start=\"1624\" data-end=\"1696\">\n<p data-start=\"1626\" data-end=\"1696\"><strong data-start=\"1626\" data-end=\"1645\">Type de microphone<\/strong>: Double microphone ENC (Environmental Noise Cancellation)<\/p>\n<\/li>\n<li data-start=\"1697\" data-end=\"1736\">\n<p data-start=\"1699\" data-end=\"1736\"><strong data-start=\"1699\" data-end=\"1718\">Largeur de bande audio<\/strong>: 150 Hz - 7 kHz<\/p>\n<\/li>\n<li data-start=\"1737\" data-end=\"1785\">\n<p data-start=\"1739\" data-end=\"1785\"><strong data-start=\"1739\" data-end=\"1755\">Type de batterie<\/strong>Dur\u00e9e de vie de l'appareil : 770 mAh Li-ion (amovible)<\/p>\n<\/li>\n<li data-start=\"1786\" data-end=\"1888\">\n<p data-start=\"1788\" data-end=\"1888\"><strong data-start=\"1788\" data-end=\"1804\">Autonomie de la batterie<\/strong>:<br data-start=\"1805\" data-end=\"1808\" \/>- A distance : Jusqu'\u00e0 10 heures<br data-start=\"1834\" data-end=\"1837\" \/>- Ma\u00eetre : Environ 5 heures avec plusieurs t\u00e9l\u00e9commandes<\/p>\n<\/li>\n<li data-start=\"1889\" data-end=\"1954\">\n<p data-start=\"1891\" data-end=\"1954\"><strong data-start=\"1891\" data-end=\"1913\">Interface de chargement<\/strong>: USB-C et station de chargement multi-batteries<\/p>\n<\/li>\n<li data-start=\"1955\" data-end=\"2000\">\n<p data-start=\"1957\" data-end=\"2000\"><strong data-start=\"1957\" data-end=\"1979\">Poids par oreillette<\/strong>: Environ 185 grammes<\/p>\n<\/li>\n<li data-start=\"2001\" data-end=\"2049\">\n<p data-start=\"2003\" data-end=\"2049\"><strong data-start=\"2003\" data-end=\"2017\">Durabilit\u00e9<\/strong>: R\u00e9sistant \u00e0 la poussi\u00e8re et \u00e0 l'humidit\u00e9<\/p>\n<\/li>\n<li data-start=\"2050\" data-end=\"2104\">\n<p data-start=\"2052\" data-end=\"2104\"><strong data-start=\"2052\" data-end=\"2064\">Contr\u00f4les<\/strong>: Flip-to-mute, PTT, r\u00e9glage du volume<\/p>\n<\/li>\n<li data-start=\"2105\" data-end=\"2163\">\n<p data-start=\"2107\" data-end=\"2163\"><strong data-start=\"2107\" data-end=\"2126\">Options de coussinets<\/strong>: Mousse ou cuir (interchangeables)<\/p>\n<\/li>\n<li data-start=\"2164\" data-end=\"2216\">\n<p data-start=\"2166\" data-end=\"2216\"><strong data-start=\"2166\" data-end=\"2180\">Temps de pr\u00e9paration<\/strong>: Plug-and-play, pas d'appairage n\u00e9cessaire<\/p>\n<\/li>\n<\/ul>","protected":false},"featured_media":13913,"template":"","meta":{"om_disable_all_campaigns":false,"_monsterinsights_skip_tracking":false,"_monsterinsights_sitenote_active":false,"_monsterinsights_sitenote_note":"","_monsterinsights_sitenote_category":0,"_uf_show_specific_survey":0,"_uf_disable_surveys":false},"product_brand":[],"product_cat":[130,89,83,32,114],"product_tag":[],"class_list":{"0":"post-13901","1":"product","2":"type-product","3":"status-publish","4":"has-post-thumbnail","6":"product_cat-communication-eventsouk","7":"product_cat-communication-cinesouk","8":"product_cat-efp-eng-cinesouk","9":"product_cat-streaming-cinesouk","10":"product_cat-streaming-eventsouk","12":"entry","13":"has-media","15":"first","16":"instock","17":"taxable","18":"shipping-taxable","19":"purchasable","20":"product-type-variable","21":"has-product-nav","22":"col","23":"span_1_of_3","24":"owp-content-center","25":"owp-thumbs-layout-horizontal","26":"owp-btn-normal","27":"owp-tabs-layout-horizontal","28":"has-no-thumbnails"},"yoast_head":"<!-- This site is optimized with the Yoast SEO Premium plugin v26.0 (Yoast SEO v26.0) - https:\/\/yoast.com\/wordpress\/plugins\/seo\/ -->\n<title>Hollyland Solidcom SE Pro 8S - CineSouk - For rent<\/title>\n<meta name=\"description\" content=\"The Hollyland Solidcom SE Pro 8S is a full-duplex 8-user wireless intercom system offering 400 m range, ENC noise cancellation, long battery life, and hands-free operation for professional production teams.\" \/>\n<meta name=\"robots\" content=\"index, follow, max-snippet:-1, max-image-preview:large, max-video-preview:-1\" \/>\n<link rel=\"canonical\" href=\"https:\/\/www.cinesouk.ma\/fr\/produit\/hollyland-solidcom-se-pro-8s\/\" \/>\n<meta property=\"og:locale\" content=\"fr_FR\" \/>\n<meta property=\"og:type\" content=\"article\" \/>\n<meta property=\"og:title\" content=\"Hollyland Solidcom SE Pro 8S\" \/>\n<meta property=\"og:description\" content=\"The Hollyland Solidcom SE Pro 8S is a full-duplex 8-user wireless intercom system offering 400 m range, ENC noise cancellation, long battery life, and hands-free operation for professional production teams.\" \/>\n<meta property=\"og:url\" content=\"https:\/\/www.cinesouk.ma\/fr\/produit\/hollyland-solidcom-se-pro-8s\/\" \/>\n<meta property=\"og:site_name\" content=\"CineSouk\" \/>\n<meta property=\"article:modified_time\" content=\"2025-09-20T17:32:14+00:00\" \/>\n<meta property=\"og:image\" content=\"https:\/\/www.cinesouk.ma\/wp-content\/uploads\/2025\/07\/Hollyland-Solidcom-SE-Pro-8S_-1.jpg\" \/>\n\t<meta property=\"og:image:width\" content=\"300\" \/>\n\t<meta property=\"og:image:height\" content=\"238\" \/>\n\t<meta property=\"og:image:type\" content=\"image\/jpeg\" \/>\n<meta name=\"twitter:card\" content=\"summary_large_image\" \/>\n<meta name=\"twitter:description\" content=\"The Hollyland Solidcom SE Pro 8S is a full-duplex 8-user wireless intercom system offering 400 m range, ENC noise cancellation, long battery life, and hands-free operation for professional production teams.\" \/>\n<meta name=\"twitter:image\" content=\"https:\/\/www.cinesouk.ma\/wp-content\/uploads\/2025\/07\/Hollyland-Solidcom-SE-Pro-8S_-1.jpg\" \/>\n<meta name=\"twitter:label1\" content=\"Dur\u00e9e de lecture estim\u00e9e\" \/>\n\t<meta name=\"twitter:data1\" content=\"2 minutes\" \/>\n<script type=\"application\/ld+json\" class=\"yoast-schema-graph\">{\"@context\":\"https:\/\/schema.org\",\"@graph\":[{\"@type\":\"WebPage\",\"@id\":\"https:\/\/www.cinesouk.ma\/product\/hollyland-solidcom-se-pro-8s\/\",\"url\":\"https:\/\/www.cinesouk.ma\/product\/hollyland-solidcom-se-pro-8s\/\",\"name\":\"Hollyland Solidcom SE Pro 8S - CineSouk - For rent\",\"isPartOf\":{\"@id\":\"https:\/\/www.cinesouk.ma\/#website\"},\"primaryImageOfPage\":{\"@id\":\"https:\/\/www.cinesouk.ma\/product\/hollyland-solidcom-se-pro-8s\/#primaryimage\"},\"image\":{\"@id\":\"https:\/\/www.cinesouk.ma\/product\/hollyland-solidcom-se-pro-8s\/#primaryimage\"},\"thumbnailUrl\":\"https:\/\/www.cinesouk.ma\/wp-content\/uploads\/2025\/07\/Hollyland-Solidcom-SE-Pro-8S_.jpg\",\"datePublished\":\"2025-07-17T13:48:56+00:00\",\"dateModified\":\"2025-09-20T17:32:14+00:00\",\"description\":\"The Hollyland Solidcom SE Pro 8S is a full-duplex 8-user wireless intercom system offering 400 m range, ENC noise cancellation, long battery life, and hands-free operation for professional production teams.\",\"breadcrumb\":{\"@id\":\"https:\/\/www.cinesouk.ma\/product\/hollyland-solidcom-se-pro-8s\/#breadcrumb\"},\"inLanguage\":\"fr-FR\",\"potentialAction\":[{\"@type\":\"ReadAction\",\"target\":[\"https:\/\/www.cinesouk.ma\/product\/hollyland-solidcom-se-pro-8s\/\"]}]},{\"@type\":\"ImageObject\",\"inLanguage\":\"fr-FR\",\"@id\":\"https:\/\/www.cinesouk.ma\/product\/hollyland-solidcom-se-pro-8s\/#primaryimage\",\"url\":\"https:\/\/www.cinesouk.ma\/wp-content\/uploads\/2025\/07\/Hollyland-Solidcom-SE-Pro-8S_.jpg\",\"contentUrl\":\"https:\/\/www.cinesouk.ma\/wp-content\/uploads\/2025\/07\/Hollyland-Solidcom-SE-Pro-8S_.jpg\",\"width\":300,\"height\":238,\"caption\":\"Hollyland Solidcom SE Pro 8S\"},{\"@type\":\"BreadcrumbList\",\"@id\":\"https:\/\/www.cinesouk.ma\/product\/hollyland-solidcom-se-pro-8s\/#breadcrumb\",\"itemListElement\":[{\"@type\":\"ListItem\",\"position\":1,\"name\":\"Home\",\"item\":\"https:\/\/www.cinesouk.ma\/\"},{\"@type\":\"ListItem\",\"position\":2,\"name\":\"Shop\",\"item\":\"https:\/\/www.cinesouk.ma\/shop\/\"},{\"@type\":\"ListItem\",\"position\":3,\"name\":\"Hollyland Solidcom SE Pro 8S\"}]},{\"@type\":\"WebSite\",\"@id\":\"https:\/\/www.cinesouk.ma\/#website\",\"url\":\"https:\/\/www.cinesouk.ma\/\",\"name\":\"CineSouk\",\"description\":\"\",\"publisher\":{\"@id\":\"https:\/\/www.cinesouk.ma\/#organization\"},\"potentialAction\":[{\"@type\":\"SearchAction\",\"target\":{\"@type\":\"EntryPoint\",\"urlTemplate\":\"https:\/\/www.cinesouk.ma\/?s={search_term_string}\"},\"query-input\":{\"@type\":\"PropertyValueSpecification\",\"valueRequired\":true,\"valueName\":\"search_term_string\"}}],\"inLanguage\":\"fr-FR\"},{\"@type\":\"Organization\",\"@id\":\"https:\/\/www.cinesouk.ma\/#organization\",\"name\":\"CineSouk\",\"url\":\"https:\/\/www.cinesouk.ma\/\",\"logo\":{\"@type\":\"ImageObject\",\"inLanguage\":\"fr-FR\",\"@id\":\"https:\/\/www.cinesouk.ma\/#\/schema\/logo\/image\/\",\"url\":\"https:\/\/www.cinesouk.ma\/wp-content\/uploads\/2024\/01\/CineSouk-logo-v01-alpha-alligned-left.png\",\"contentUrl\":\"https:\/\/www.cinesouk.ma\/wp-content\/uploads\/2024\/01\/CineSouk-logo-v01-alpha-alligned-left.png\",\"width\":3204,\"height\":889,\"caption\":\"CineSouk\"},\"image\":{\"@id\":\"https:\/\/www.cinesouk.ma\/#\/schema\/logo\/image\/\"}}]}<\/script>\n<!-- \/ Yoast SEO Premium plugin. -->","yoast_head_json":{"title":"Hollyland Solidcom SE Pro 8S - CineSouk - For rent","description":"The Hollyland Solidcom SE Pro 8S is a full-duplex 8-user wireless intercom system offering 400 m range, ENC noise cancellation, long battery life, and hands-free operation for professional production teams.","robots":{"index":"index","follow":"follow","max-snippet":"max-snippet:-1","max-image-preview":"max-image-preview:large","max-video-preview":"max-video-preview:-1"},"canonical":"https:\/\/www.cinesouk.ma\/fr\/produit\/hollyland-solidcom-se-pro-8s\/","og_locale":"fr_FR","og_type":"article","og_title":"Hollyland Solidcom SE Pro 8S","og_description":"The Hollyland Solidcom SE Pro 8S is a full-duplex 8-user wireless intercom system offering 400 m range, ENC noise cancellation, long battery life, and hands-free operation for professional production teams.","og_url":"https:\/\/www.cinesouk.ma\/fr\/produit\/hollyland-solidcom-se-pro-8s\/","og_site_name":"CineSouk","article_modified_time":"2025-09-20T17:32:14+00:00","og_image":[{"width":300,"height":238,"url":"https:\/\/www.cinesouk.ma\/wp-content\/uploads\/2025\/07\/Hollyland-Solidcom-SE-Pro-8S_-1.jpg","type":"image\/jpeg"}],"twitter_card":"summary_large_image","twitter_description":"The Hollyland Solidcom SE Pro 8S is a full-duplex 8-user wireless intercom system offering 400 m range, ENC noise cancellation, long battery life, and hands-free operation for professional production teams.","twitter_image":"https:\/\/www.cinesouk.ma\/wp-content\/uploads\/2025\/07\/Hollyland-Solidcom-SE-Pro-8S_-1.jpg","twitter_misc":{"Dur\u00e9e de lecture estim\u00e9e":"2 minutes"},"schema":{"@context":"https:\/\/schema.org","@graph":[{"@type":"WebPage","@id":"https:\/\/www.cinesouk.ma\/product\/hollyland-solidcom-se-pro-8s\/","url":"https:\/\/www.cinesouk.ma\/product\/hollyland-solidcom-se-pro-8s\/","name":"Hollyland Solidcom SE Pro 8S - CineSouk - For rent","isPartOf":{"@id":"https:\/\/www.cinesouk.ma\/#website"},"primaryImageOfPage":{"@id":"https:\/\/www.cinesouk.ma\/product\/hollyland-solidcom-se-pro-8s\/#primaryimage"},"image":{"@id":"https:\/\/www.cinesouk.ma\/product\/hollyland-solidcom-se-pro-8s\/#primaryimage"},"thumbnailUrl":"https:\/\/www.cinesouk.ma\/wp-content\/uploads\/2025\/07\/Hollyland-Solidcom-SE-Pro-8S_.jpg","datePublished":"2025-07-17T13:48:56+00:00","dateModified":"2025-09-20T17:32:14+00:00","description":"The Hollyland Solidcom SE Pro 8S is a full-duplex 8-user wireless intercom system offering 400 m range, ENC noise cancellation, long battery life, and hands-free operation for professional production teams.","breadcrumb":{"@id":"https:\/\/www.cinesouk.ma\/product\/hollyland-solidcom-se-pro-8s\/#breadcrumb"},"inLanguage":"fr-FR","potentialAction":[{"@type":"ReadAction","target":["https:\/\/www.cinesouk.ma\/product\/hollyland-solidcom-se-pro-8s\/"]}]},{"@type":"ImageObject","inLanguage":"fr-FR","@id":"https:\/\/www.cinesouk.ma\/product\/hollyland-solidcom-se-pro-8s\/#primaryimage","url":"https:\/\/www.cinesouk.ma\/wp-content\/uploads\/2025\/07\/Hollyland-Solidcom-SE-Pro-8S_.jpg","contentUrl":"https:\/\/www.cinesouk.ma\/wp-content\/uploads\/2025\/07\/Hollyland-Solidcom-SE-Pro-8S_.jpg","width":300,"height":238,"caption":"Hollyland Solidcom SE Pro 8S"},{"@type":"BreadcrumbList","@id":"https:\/\/www.cinesouk.ma\/product\/hollyland-solidcom-se-pro-8s\/#breadcrumb","itemListElement":[{"@type":"ListItem","position":1,"name":"Home","item":"https:\/\/www.cinesouk.ma\/"},{"@type":"ListItem","position":2,"name":"Shop","item":"https:\/\/www.cinesouk.ma\/shop\/"},{"@type":"ListItem","position":3,"name":"Hollyland Solidcom SE Pro 8S"}]},{"@type":"WebSite","@id":"https:\/\/www.cinesouk.ma\/#website","url":"https:\/\/www.cinesouk.ma\/","name":"CineSouk","description":"","publisher":{"@id":"https:\/\/www.cinesouk.ma\/#organization"},"potentialAction":[{"@type":"SearchAction","target":{"@type":"EntryPoint","urlTemplate":"https:\/\/www.cinesouk.ma\/?s={search_term_string}"},"query-input":{"@type":"PropertyValueSpecification","valueRequired":true,"valueName":"search_term_string"}}],"inLanguage":"fr-FR"},{"@type":"Organization","@id":"https:\/\/www.cinesouk.ma\/#organization","name":"CineSouk","url":"https:\/\/www.cinesouk.ma\/","logo":{"@type":"ImageObject","inLanguage":"fr-FR","@id":"https:\/\/www.cinesouk.ma\/#\/schema\/logo\/image\/","url":"https:\/\/www.cinesouk.ma\/wp-content\/uploads\/2024\/01\/CineSouk-logo-v01-alpha-alligned-left.png","contentUrl":"https:\/\/www.cinesouk.ma\/wp-content\/uploads\/2024\/01\/CineSouk-logo-v01-alpha-alligned-left.png","width":3204,"height":889,"caption":"CineSouk"},"image":{"@id":"https:\/\/www.cinesouk.ma\/#\/schema\/logo\/image\/"}}]}},"_links":{"self":[{"href":"https:\/\/www.cinesouk.ma\/fr\/wp-json\/wp\/v2\/product\/13901","targetHints":{"allow":["GET"]}}],"collection":[{"href":"https:\/\/www.cinesouk.ma\/fr\/wp-json\/wp\/v2\/product"}],"about":[{"href":"https:\/\/www.cinesouk.ma\/fr\/wp-json\/wp\/v2\/types\/product"}],"wp:featuredmedia":[{"embeddable":true,"href":"https:\/\/www.cinesouk.ma\/fr\/wp-json\/wp\/v2\/media\/13913"}],"wp:attachment":[{"href":"https:\/\/www.cinesouk.ma\/fr\/wp-json\/wp\/v2\/media?parent=13901"}],"wp:term":[{"taxonomy":"product_brand","embeddable":true,"href":"https:\/\/www.cinesouk.ma\/fr\/wp-json\/wp\/v2\/product_brand?post=13901"},{"taxonomy":"product_cat","embeddable":true,"href":"https:\/\/www.cinesouk.ma\/fr\/wp-json\/wp\/v2\/product_cat?post=13901"},{"taxonomy":"product_tag","embeddable":true,"href":"https:\/\/www.cinesouk.ma\/fr\/wp-json\/wp\/v2\/product_tag?post=13901"}],"curies":[{"name":"wp","href":"https:\/\/api.w.org\/{rel}","templated":true}]}}