{"id":13915,"date":"2025-07-17T14:04:17","date_gmt":"2025-07-17T14:04:17","guid":{"rendered":"https:\/\/www.cinesouk.ma\/?post_type=product&#038;p=13915"},"modified":"2025-09-20T17:32:48","modified_gmt":"2025-09-20T17:32:48","slug":"hollyland-solidcom-se-pro-6s","status":"publish","type":"product","link":"https:\/\/www.cinesouk.ma\/fr\/produit\/hollyland-solidcom-se-pro-6s\/","title":{"rendered":"Hollyland Solidcom SE Pro 6S"},"content":{"rendered":"<p data-start=\"203\" data-end=\"622\">Le Solidcom SE Pro 6S est un syst\u00e8me d'intercom sans fil duplex int\u00e9gral robuste con\u00e7u pour des \u00e9quipes comptant jusqu'\u00e0 six utilisateurs. Id\u00e9al pour les plateaux de tournage, les \u00e9v\u00e9nements en direct et les environnements d'entreprise, il assure une communication claire et instantan\u00e9e sur une port\u00e9e de 400 m\u00e8tres en visibilit\u00e9 directe. Gr\u00e2ce \u00e0 l'annulation de bruit int\u00e9gr\u00e9e, \u00e0 la r\u00e9sistance aux intemp\u00e9ries et aux commandes mains libres, il am\u00e9liore la collaboration et le travail d'\u00e9quipe dans les productions \u00e0 rythme rapide.<\/p>\n<h3 data-start=\"629\" data-end=\"649\"><strong data-start=\"633\" data-end=\"649\">Caract\u00e9ristiques principales<\/strong><\/h3>\n<ul data-start=\"651\" data-end=\"1502\">\n<li data-start=\"651\" data-end=\"752\">\n<p data-start=\"653\" data-end=\"752\"><strong data-start=\"653\" data-end=\"682\">Communication en duplex int\u00e9gral<\/strong><br data-start=\"682\" data-end=\"685\" \/>Permet de parler et d'\u00e9couter en toute transparence - pas besoin de pousser pour parler.<\/p>\n<\/li>\n<li data-start=\"754\" data-end=\"857\">\n<p data-start=\"756\" data-end=\"857\"><strong data-start=\"756\" data-end=\"779\">Large port\u00e9e sans fil<\/strong><br data-start=\"779\" data-end=\"782\" \/>Permet des communications claires jusqu'\u00e0 400 m\u00e8tres dans des zones ouvertes.<\/p>\n<\/li>\n<li data-start=\"859\" data-end=\"964\">\n<p data-start=\"861\" data-end=\"964\"><strong data-start=\"861\" data-end=\"888\">Technologie ENC \u00e0 double microphone<\/strong><br data-start=\"888\" data-end=\"891\" \/>R\u00e9duit les bruits de fond pour une transmission vocale claire et intelligible.<\/p>\n<\/li>\n<li data-start=\"966\" data-end=\"1074\">\n<p data-start=\"968\" data-end=\"1074\"><strong data-start=\"968\" data-end=\"995\">Microphone \u00e0 bascule et silencieux<\/strong><br data-start=\"995\" data-end=\"998\" \/>Coupez facilement le son de votre micro d'un simple geste de la perche - instantan\u00e9 et intuitif.<\/p>\n<\/li>\n<li data-start=\"1076\" data-end=\"1170\">\n<p data-start=\"1078\" data-end=\"1170\"><strong data-start=\"1078\" data-end=\"1100\">Design confortable<\/strong><br data-start=\"1100\" data-end=\"1103\" \/>Les casques l\u00e9gers avec oreillettes rembourr\u00e9es garantissent un confort tout au long de la journ\u00e9e.<\/p>\n<\/li>\n<li data-start=\"1172\" data-end=\"1280\">\n<p data-start=\"1174\" data-end=\"1280\"><strong data-start=\"1174\" data-end=\"1200\">Robuste et r\u00e9sistant aux intemp\u00e9ries<\/strong><br data-start=\"1200\" data-end=\"1203\" \/>R\u00e9sistant \u00e0 la poussi\u00e8re et \u00e0 la pluie fine, il convient aussi bien \u00e0 l'int\u00e9rieur qu'\u00e0 l'ext\u00e9rieur.<\/p>\n<\/li>\n<li data-start=\"1282\" data-end=\"1376\">\n<p data-start=\"1284\" data-end=\"1376\"><strong data-start=\"1284\" data-end=\"1304\">Une mise en place sans effort<\/strong><br data-start=\"1304\" data-end=\"1307\" \/>Les casques sont livr\u00e9s pr\u00eats \u00e0 l'emploi pour une utilisation plug-and-play - aucune configuration n'est n\u00e9cessaire.<\/p>\n<\/li>\n<li data-start=\"1378\" data-end=\"1502\">\n<p data-start=\"1380\" data-end=\"1502\"><strong data-start=\"1380\" data-end=\"1401\">Longue dur\u00e9e de vie de la batterie<\/strong><br data-start=\"1401\" data-end=\"1404\" \/>Les batteries rempla\u00e7ables par l'utilisateur offrent jusqu'\u00e0 10 heures d'autonomie continue et se chargent via le port USB-C.<\/p>\n<\/li>\n<\/ul>\n<h3 data-start=\"1509\" data-end=\"1531\"><strong data-start=\"1513\" data-end=\"1531\">Sp\u00e9cifications<\/strong><\/h3>\n<ul data-start=\"1533\" data-end=\"2307\">\n<li data-start=\"1533\" data-end=\"1590\">\n<p data-start=\"1535\" data-end=\"1590\"><strong data-start=\"1535\" data-end=\"1556\">Casques d'\u00e9coute inclus<\/strong>: 1 ma\u00eetre + 5 t\u00e9l\u00e9commandes (6 au total)<\/p>\n<\/li>\n<li data-start=\"1591\" data-end=\"1629\">\n<p data-start=\"1593\" data-end=\"1629\"><strong data-start=\"1593\" data-end=\"1611\">Bande de fr\u00e9quence<\/strong>: 1,9 GHz (DECT)<\/p>\n<\/li>\n<li data-start=\"1630\" data-end=\"1684\">\n<p data-start=\"1632\" data-end=\"1684\"><strong data-start=\"1632\" data-end=\"1650\">Port\u00e9e sans fil<\/strong>: Jusqu'\u00e0 400 m\u00e8tres en visibilit\u00e9 directe<\/p>\n<\/li>\n<li data-start=\"1685\" data-end=\"1752\">\n<p data-start=\"1687\" data-end=\"1752\"><strong data-start=\"1687\" data-end=\"1702\">Microphones<\/strong>: Double microphone avec annulation du bruit ambiant<\/p>\n<\/li>\n<li data-start=\"1753\" data-end=\"1792\">\n<p data-start=\"1755\" data-end=\"1792\"><strong data-start=\"1755\" data-end=\"1774\">Fr\u00e9quence audio<\/strong>: 150 Hz - 7 kHz<\/p>\n<\/li>\n<li data-start=\"1793\" data-end=\"1845\">\n<p data-start=\"1795\" data-end=\"1845\"><strong data-start=\"1795\" data-end=\"1815\">Capacit\u00e9 de la batterie<\/strong>770 mAh (rempla\u00e7able par l'utilisateur)<\/p>\n<\/li>\n<li data-start=\"1846\" data-end=\"1952\">\n<p data-start=\"1848\" data-end=\"1952\"><strong data-start=\"1848\" data-end=\"1864\">Autonomie de la batterie<\/strong>:<br data-start=\"1865\" data-end=\"1868\" \/>- Unit\u00e9s distantes : Jusqu'\u00e0 10 heures<br data-start=\"1900\" data-end=\"1903\" \/>- Unit\u00e9 principale : Environ 5 heures avec 5 t\u00e9l\u00e9commandes<\/p>\n<\/li>\n<li data-start=\"1953\" data-end=\"2013\">\n<p data-start=\"1955\" data-end=\"2013\"><strong data-start=\"1955\" data-end=\"1967\">Chargement<\/strong>: Port USB-C et chargeur multi-fentes en option.<\/p>\n<\/li>\n<li data-start=\"2014\" data-end=\"2070\">\n<p data-start=\"2016\" data-end=\"2070\"><strong data-start=\"2016\" data-end=\"2031\">Poids unitaire<\/strong>: Environ 185 grammes par oreillette<\/p>\n<\/li>\n<li data-start=\"2071\" data-end=\"2124\">\n<p data-start=\"2073\" data-end=\"2124\"><strong data-start=\"2073\" data-end=\"2087\">Durabilit\u00e9<\/strong>: Conception r\u00e9sistante \u00e0 la poussi\u00e8re et aux \u00e9claboussures<\/p>\n<\/li>\n<li data-start=\"2125\" data-end=\"2201\">\n<p data-start=\"2127\" data-end=\"2201\"><strong data-start=\"2127\" data-end=\"2139\">Contr\u00f4les<\/strong>: Bouton de mise en sourdine, bouton de conversation, boutons de r\u00e9glage du volume<\/p>\n<\/li>\n<li data-start=\"2202\" data-end=\"2259\">\n<p data-start=\"2204\" data-end=\"2259\"><strong data-start=\"2204\" data-end=\"2223\">Options de coussinets<\/strong>: Mousse ou cuir, interchangeables<\/p>\n<\/li>\n<li data-start=\"2260\" data-end=\"2307\">\n<p data-start=\"2262\" data-end=\"2307\"><strong data-start=\"2262\" data-end=\"2271\">Mise en place<\/strong>: Enti\u00e8rement pr\u00e9par\u00e9s pour une utilisation imm\u00e9diate<\/p>\n<\/li>\n<\/ul>\n<p data-start=\"2540\" data-end=\"2828\">Le Solidcom SE Pro 6S offre une solution de communication fiable et conviviale pour les \u00e9quipes de taille moyenne. Avec son son clair, sa construction durable et sa conception plug-and-play, il est parfait pour tout environnement professionnel, du film et de la diffusion \u00e0 la coordination d'\u00e9v\u00e9nements et \u00e0 la production en direct.<\/p>\n<p>Louez-le maintenant sur <a href=\"https:\/\/www.cinesouk.ma\/fr\">CINESOUK<\/a> - une marque de <a href=\"https:\/\/www.broadway.ma\/\">BROADWAY PRODUCTIONS SARL.<\/a><\/p>","protected":false},"excerpt":{"rendered":"<p><strong>Sp\u00e9cifications :<\/strong><\/p>\n<ul>\n<li data-start=\"1533\" data-end=\"1590\">\n<p data-start=\"1535\" data-end=\"1590\"><strong data-start=\"1535\" data-end=\"1556\">Casques d'\u00e9coute inclus<\/strong>: 1 ma\u00eetre + 5 t\u00e9l\u00e9commandes (6 au total)<\/p>\n<\/li>\n<li data-start=\"1591\" data-end=\"1629\">\n<p data-start=\"1593\" data-end=\"1629\"><strong data-start=\"1593\" data-end=\"1611\">Bande de fr\u00e9quence<\/strong>: 1,9 GHz (DECT)<\/p>\n<\/li>\n<li data-start=\"1630\" data-end=\"1684\">\n<p data-start=\"1632\" data-end=\"1684\"><strong data-start=\"1632\" data-end=\"1650\">Port\u00e9e sans fil<\/strong>: Jusqu'\u00e0 400 m\u00e8tres en visibilit\u00e9 directe<\/p>\n<\/li>\n<li data-start=\"1685\" data-end=\"1752\">\n<p data-start=\"1687\" data-end=\"1752\"><strong data-start=\"1687\" data-end=\"1702\">Microphones<\/strong>: Double microphone avec annulation du bruit ambiant<\/p>\n<\/li>\n<li data-start=\"1753\" data-end=\"1792\">\n<p data-start=\"1755\" data-end=\"1792\"><strong data-start=\"1755\" data-end=\"1774\">Fr\u00e9quence audio<\/strong>: 150 Hz - 7 kHz<\/p>\n<\/li>\n<li data-start=\"1793\" data-end=\"1845\">\n<p data-start=\"1795\" data-end=\"1845\"><strong data-start=\"1795\" data-end=\"1815\">Capacit\u00e9 de la batterie<\/strong>770 mAh (rempla\u00e7able par l'utilisateur)<\/p>\n<\/li>\n<li data-start=\"1846\" data-end=\"1952\">\n<p data-start=\"1848\" data-end=\"1952\"><strong data-start=\"1848\" data-end=\"1864\">Autonomie de la batterie<\/strong>:<br data-start=\"1865\" data-end=\"1868\" \/>- Unit\u00e9s distantes : Jusqu'\u00e0 10 heures<br data-start=\"1900\" data-end=\"1903\" \/>- Unit\u00e9 principale : Environ 5 heures avec 5 t\u00e9l\u00e9commandes<\/p>\n<\/li>\n<li data-start=\"1953\" data-end=\"2013\">\n<p data-start=\"1955\" data-end=\"2013\"><strong data-start=\"1955\" data-end=\"1967\">Chargement<\/strong>: Port USB-C et chargeur multi-fentes en option.<\/p>\n<\/li>\n<li data-start=\"2014\" data-end=\"2070\">\n<p data-start=\"2016\" data-end=\"2070\"><strong data-start=\"2016\" data-end=\"2031\">Poids unitaire<\/strong>: Environ 185 grammes par oreillette<\/p>\n<\/li>\n<li data-start=\"2071\" data-end=\"2124\">\n<p data-start=\"2073\" data-end=\"2124\"><strong data-start=\"2073\" data-end=\"2087\">Durabilit\u00e9<\/strong>: Conception r\u00e9sistante \u00e0 la poussi\u00e8re et aux \u00e9claboussures<\/p>\n<\/li>\n<li data-start=\"2125\" data-end=\"2201\">\n<p data-start=\"2127\" data-end=\"2201\"><strong data-start=\"2127\" data-end=\"2139\">Contr\u00f4les<\/strong>: Bouton de mise en sourdine, bouton de conversation, boutons de r\u00e9glage du volume<\/p>\n<\/li>\n<li data-start=\"2202\" data-end=\"2259\">\n<p data-start=\"2204\" data-end=\"2259\"><strong data-start=\"2204\" data-end=\"2223\">Options de coussinets<\/strong>: Mousse ou cuir, interchangeables<\/p>\n<\/li>\n<li data-start=\"2260\" data-end=\"2307\">\n<p data-start=\"2262\" data-end=\"2307\"><strong data-start=\"2262\" data-end=\"2271\">Mise en place<\/strong>: Enti\u00e8rement pr\u00e9par\u00e9s pour une utilisation imm\u00e9diate<\/p>\n<\/li>\n<\/ul>","protected":false},"featured_media":13926,"template":"","meta":{"om_disable_all_campaigns":false,"_monsterinsights_skip_tracking":false,"_monsterinsights_sitenote_active":false,"_monsterinsights_sitenote_note":"","_monsterinsights_sitenote_category":0,"_uf_show_specific_survey":0,"_uf_disable_surveys":false},"product_brand":[],"product_cat":[130,89,83,32,114],"product_tag":[],"class_list":{"0":"post-13915","1":"product","2":"type-product","3":"status-publish","4":"has-post-thumbnail","6":"product_cat-communication-eventsouk","7":"product_cat-communication-cinesouk","8":"product_cat-efp-eng-cinesouk","9":"product_cat-streaming-cinesouk","10":"product_cat-streaming-eventsouk","12":"entry","13":"has-media","15":"first","16":"instock","17":"taxable","18":"shipping-taxable","19":"purchasable","20":"product-type-variable","21":"has-product-nav","22":"col","23":"span_1_of_3","24":"owp-content-center","25":"owp-thumbs-layout-horizontal","26":"owp-btn-normal","27":"owp-tabs-layout-horizontal","28":"has-no-thumbnails"},"yoast_head":"<!-- This site is optimized with the Yoast SEO Premium plugin v26.0 (Yoast SEO v26.0) - https:\/\/yoast.com\/wordpress\/plugins\/seo\/ -->\n<title>Hollyland Solidcom SE Pro 6S - CineSouk - For rent<\/title>\n<meta name=\"description\" content=\"Hollyland Solidcom SE Pro 6S is a 6-person full-duplex wireless intercom with 400\u202fm range, noise-cancelling headsets, and up to 10\u202fhr battery life\u2014ideal for professionals.\" \/>\n<meta name=\"robots\" content=\"index, follow, max-snippet:-1, max-image-preview:large, max-video-preview:-1\" \/>\n<link rel=\"canonical\" href=\"https:\/\/www.cinesouk.ma\/fr\/produit\/hollyland-solidcom-se-pro-6s\/\" \/>\n<meta property=\"og:locale\" content=\"fr_FR\" \/>\n<meta property=\"og:type\" content=\"article\" \/>\n<meta property=\"og:title\" content=\"Hollyland Solidcom SE Pro 6S\" \/>\n<meta property=\"og:description\" content=\"Hollyland Solidcom SE Pro 6S is a 6-person full-duplex wireless intercom with 400\u202fm range, noise-cancelling headsets, and up to 10\u202fhr battery life\u2014ideal for professionals.\" \/>\n<meta property=\"og:url\" content=\"https:\/\/www.cinesouk.ma\/fr\/produit\/hollyland-solidcom-se-pro-6s\/\" \/>\n<meta property=\"og:site_name\" content=\"CineSouk\" \/>\n<meta property=\"article:modified_time\" content=\"2025-09-20T17:32:48+00:00\" \/>\n<meta property=\"og:image\" content=\"https:\/\/www.cinesouk.ma\/wp-content\/uploads\/2025\/07\/Hollyland-Solidcom-SE-Pro-6S.jpg\" \/>\n\t<meta property=\"og:image:width\" content=\"300\" \/>\n\t<meta property=\"og:image:height\" content=\"238\" \/>\n\t<meta property=\"og:image:type\" content=\"image\/jpeg\" \/>\n<meta name=\"twitter:card\" content=\"summary_large_image\" \/>\n<meta name=\"twitter:description\" content=\"Hollyland Solidcom SE Pro 6S is a 6-person full-duplex wireless intercom with 400\u202fm range, noise-cancelling headsets, and up to 10\u202fhr battery life\u2014ideal for professionals.\" \/>\n<meta name=\"twitter:image\" content=\"https:\/\/www.cinesouk.ma\/wp-content\/uploads\/2025\/07\/Hollyland-Solidcom-SE-Pro-6S.jpg\" \/>\n<meta name=\"twitter:label1\" content=\"Dur\u00e9e de lecture estim\u00e9e\" \/>\n\t<meta name=\"twitter:data1\" content=\"2 minutes\" \/>\n<script type=\"application\/ld+json\" class=\"yoast-schema-graph\">{\"@context\":\"https:\/\/schema.org\",\"@graph\":[{\"@type\":\"WebPage\",\"@id\":\"https:\/\/www.cinesouk.ma\/product\/hollyland-solidcom-se-pro-6s\/\",\"url\":\"https:\/\/www.cinesouk.ma\/product\/hollyland-solidcom-se-pro-6s\/\",\"name\":\"Hollyland Solidcom SE Pro 6S - CineSouk - For rent\",\"isPartOf\":{\"@id\":\"https:\/\/www.cinesouk.ma\/#website\"},\"primaryImageOfPage\":{\"@id\":\"https:\/\/www.cinesouk.ma\/product\/hollyland-solidcom-se-pro-6s\/#primaryimage\"},\"image\":{\"@id\":\"https:\/\/www.cinesouk.ma\/product\/hollyland-solidcom-se-pro-6s\/#primaryimage\"},\"thumbnailUrl\":\"https:\/\/www.cinesouk.ma\/wp-content\/uploads\/2025\/07\/Hollyland-Solidcom-SE-Pro-6S.jpg\",\"datePublished\":\"2025-07-17T14:04:17+00:00\",\"dateModified\":\"2025-09-20T17:32:48+00:00\",\"description\":\"Hollyland Solidcom SE Pro 6S is a 6-person full-duplex wireless intercom with 400\u202fm range, noise-cancelling headsets, and up to 10\u202fhr battery life\u2014ideal for professionals.\",\"breadcrumb\":{\"@id\":\"https:\/\/www.cinesouk.ma\/product\/hollyland-solidcom-se-pro-6s\/#breadcrumb\"},\"inLanguage\":\"fr-FR\",\"potentialAction\":[{\"@type\":\"ReadAction\",\"target\":[\"https:\/\/www.cinesouk.ma\/product\/hollyland-solidcom-se-pro-6s\/\"]}]},{\"@type\":\"ImageObject\",\"inLanguage\":\"fr-FR\",\"@id\":\"https:\/\/www.cinesouk.ma\/product\/hollyland-solidcom-se-pro-6s\/#primaryimage\",\"url\":\"https:\/\/www.cinesouk.ma\/wp-content\/uploads\/2025\/07\/Hollyland-Solidcom-SE-Pro-6S.jpg\",\"contentUrl\":\"https:\/\/www.cinesouk.ma\/wp-content\/uploads\/2025\/07\/Hollyland-Solidcom-SE-Pro-6S.jpg\",\"width\":300,\"height\":238,\"caption\":\"Hollyland Solidcom SE Pro 6S\"},{\"@type\":\"BreadcrumbList\",\"@id\":\"https:\/\/www.cinesouk.ma\/product\/hollyland-solidcom-se-pro-6s\/#breadcrumb\",\"itemListElement\":[{\"@type\":\"ListItem\",\"position\":1,\"name\":\"Home\",\"item\":\"https:\/\/www.cinesouk.ma\/\"},{\"@type\":\"ListItem\",\"position\":2,\"name\":\"Shop\",\"item\":\"https:\/\/www.cinesouk.ma\/shop\/\"},{\"@type\":\"ListItem\",\"position\":3,\"name\":\"Hollyland Solidcom SE Pro 6S\"}]},{\"@type\":\"WebSite\",\"@id\":\"https:\/\/www.cinesouk.ma\/#website\",\"url\":\"https:\/\/www.cinesouk.ma\/\",\"name\":\"CineSouk\",\"description\":\"\",\"publisher\":{\"@id\":\"https:\/\/www.cinesouk.ma\/#organization\"},\"potentialAction\":[{\"@type\":\"SearchAction\",\"target\":{\"@type\":\"EntryPoint\",\"urlTemplate\":\"https:\/\/www.cinesouk.ma\/?s={search_term_string}\"},\"query-input\":{\"@type\":\"PropertyValueSpecification\",\"valueRequired\":true,\"valueName\":\"search_term_string\"}}],\"inLanguage\":\"fr-FR\"},{\"@type\":\"Organization\",\"@id\":\"https:\/\/www.cinesouk.ma\/#organization\",\"name\":\"CineSouk\",\"url\":\"https:\/\/www.cinesouk.ma\/\",\"logo\":{\"@type\":\"ImageObject\",\"inLanguage\":\"fr-FR\",\"@id\":\"https:\/\/www.cinesouk.ma\/#\/schema\/logo\/image\/\",\"url\":\"https:\/\/www.cinesouk.ma\/wp-content\/uploads\/2024\/01\/CineSouk-logo-v01-alpha-alligned-left.png\",\"contentUrl\":\"https:\/\/www.cinesouk.ma\/wp-content\/uploads\/2024\/01\/CineSouk-logo-v01-alpha-alligned-left.png\",\"width\":3204,\"height\":889,\"caption\":\"CineSouk\"},\"image\":{\"@id\":\"https:\/\/www.cinesouk.ma\/#\/schema\/logo\/image\/\"}}]}<\/script>\n<!-- \/ Yoast SEO Premium plugin. -->","yoast_head_json":{"title":"Hollyland Solidcom SE Pro 6S - CineSouk - For rent","description":"Hollyland Solidcom SE Pro 6S is a 6-person full-duplex wireless intercom with 400\u202fm range, noise-cancelling headsets, and up to 10\u202fhr battery life\u2014ideal for professionals.","robots":{"index":"index","follow":"follow","max-snippet":"max-snippet:-1","max-image-preview":"max-image-preview:large","max-video-preview":"max-video-preview:-1"},"canonical":"https:\/\/www.cinesouk.ma\/fr\/produit\/hollyland-solidcom-se-pro-6s\/","og_locale":"fr_FR","og_type":"article","og_title":"Hollyland Solidcom SE Pro 6S","og_description":"Hollyland Solidcom SE Pro 6S is a 6-person full-duplex wireless intercom with 400\u202fm range, noise-cancelling headsets, and up to 10\u202fhr battery life\u2014ideal for professionals.","og_url":"https:\/\/www.cinesouk.ma\/fr\/produit\/hollyland-solidcom-se-pro-6s\/","og_site_name":"CineSouk","article_modified_time":"2025-09-20T17:32:48+00:00","og_image":[{"width":300,"height":238,"url":"https:\/\/www.cinesouk.ma\/wp-content\/uploads\/2025\/07\/Hollyland-Solidcom-SE-Pro-6S.jpg","type":"image\/jpeg"}],"twitter_card":"summary_large_image","twitter_description":"Hollyland Solidcom SE Pro 6S is a 6-person full-duplex wireless intercom with 400\u202fm range, noise-cancelling headsets, and up to 10\u202fhr battery life\u2014ideal for professionals.","twitter_image":"https:\/\/www.cinesouk.ma\/wp-content\/uploads\/2025\/07\/Hollyland-Solidcom-SE-Pro-6S.jpg","twitter_misc":{"Dur\u00e9e de lecture estim\u00e9e":"2 minutes"},"schema":{"@context":"https:\/\/schema.org","@graph":[{"@type":"WebPage","@id":"https:\/\/www.cinesouk.ma\/product\/hollyland-solidcom-se-pro-6s\/","url":"https:\/\/www.cinesouk.ma\/product\/hollyland-solidcom-se-pro-6s\/","name":"Hollyland Solidcom SE Pro 6S - CineSouk - For rent","isPartOf":{"@id":"https:\/\/www.cinesouk.ma\/#website"},"primaryImageOfPage":{"@id":"https:\/\/www.cinesouk.ma\/product\/hollyland-solidcom-se-pro-6s\/#primaryimage"},"image":{"@id":"https:\/\/www.cinesouk.ma\/product\/hollyland-solidcom-se-pro-6s\/#primaryimage"},"thumbnailUrl":"https:\/\/www.cinesouk.ma\/wp-content\/uploads\/2025\/07\/Hollyland-Solidcom-SE-Pro-6S.jpg","datePublished":"2025-07-17T14:04:17+00:00","dateModified":"2025-09-20T17:32:48+00:00","description":"Hollyland Solidcom SE Pro 6S is a 6-person full-duplex wireless intercom with 400\u202fm range, noise-cancelling headsets, and up to 10\u202fhr battery life\u2014ideal for professionals.","breadcrumb":{"@id":"https:\/\/www.cinesouk.ma\/product\/hollyland-solidcom-se-pro-6s\/#breadcrumb"},"inLanguage":"fr-FR","potentialAction":[{"@type":"ReadAction","target":["https:\/\/www.cinesouk.ma\/product\/hollyland-solidcom-se-pro-6s\/"]}]},{"@type":"ImageObject","inLanguage":"fr-FR","@id":"https:\/\/www.cinesouk.ma\/product\/hollyland-solidcom-se-pro-6s\/#primaryimage","url":"https:\/\/www.cinesouk.ma\/wp-content\/uploads\/2025\/07\/Hollyland-Solidcom-SE-Pro-6S.jpg","contentUrl":"https:\/\/www.cinesouk.ma\/wp-content\/uploads\/2025\/07\/Hollyland-Solidcom-SE-Pro-6S.jpg","width":300,"height":238,"caption":"Hollyland Solidcom SE Pro 6S"},{"@type":"BreadcrumbList","@id":"https:\/\/www.cinesouk.ma\/product\/hollyland-solidcom-se-pro-6s\/#breadcrumb","itemListElement":[{"@type":"ListItem","position":1,"name":"Home","item":"https:\/\/www.cinesouk.ma\/"},{"@type":"ListItem","position":2,"name":"Shop","item":"https:\/\/www.cinesouk.ma\/shop\/"},{"@type":"ListItem","position":3,"name":"Hollyland Solidcom SE Pro 6S"}]},{"@type":"WebSite","@id":"https:\/\/www.cinesouk.ma\/#website","url":"https:\/\/www.cinesouk.ma\/","name":"CineSouk","description":"","publisher":{"@id":"https:\/\/www.cinesouk.ma\/#organization"},"potentialAction":[{"@type":"SearchAction","target":{"@type":"EntryPoint","urlTemplate":"https:\/\/www.cinesouk.ma\/?s={search_term_string}"},"query-input":{"@type":"PropertyValueSpecification","valueRequired":true,"valueName":"search_term_string"}}],"inLanguage":"fr-FR"},{"@type":"Organization","@id":"https:\/\/www.cinesouk.ma\/#organization","name":"CineSouk","url":"https:\/\/www.cinesouk.ma\/","logo":{"@type":"ImageObject","inLanguage":"fr-FR","@id":"https:\/\/www.cinesouk.ma\/#\/schema\/logo\/image\/","url":"https:\/\/www.cinesouk.ma\/wp-content\/uploads\/2024\/01\/CineSouk-logo-v01-alpha-alligned-left.png","contentUrl":"https:\/\/www.cinesouk.ma\/wp-content\/uploads\/2024\/01\/CineSouk-logo-v01-alpha-alligned-left.png","width":3204,"height":889,"caption":"CineSouk"},"image":{"@id":"https:\/\/www.cinesouk.ma\/#\/schema\/logo\/image\/"}}]}},"_links":{"self":[{"href":"https:\/\/www.cinesouk.ma\/fr\/wp-json\/wp\/v2\/product\/13915","targetHints":{"allow":["GET"]}}],"collection":[{"href":"https:\/\/www.cinesouk.ma\/fr\/wp-json\/wp\/v2\/product"}],"about":[{"href":"https:\/\/www.cinesouk.ma\/fr\/wp-json\/wp\/v2\/types\/product"}],"wp:featuredmedia":[{"embeddable":true,"href":"https:\/\/www.cinesouk.ma\/fr\/wp-json\/wp\/v2\/media\/13926"}],"wp:attachment":[{"href":"https:\/\/www.cinesouk.ma\/fr\/wp-json\/wp\/v2\/media?parent=13915"}],"wp:term":[{"taxonomy":"product_brand","embeddable":true,"href":"https:\/\/www.cinesouk.ma\/fr\/wp-json\/wp\/v2\/product_brand?post=13915"},{"taxonomy":"product_cat","embeddable":true,"href":"https:\/\/www.cinesouk.ma\/fr\/wp-json\/wp\/v2\/product_cat?post=13915"},{"taxonomy":"product_tag","embeddable":true,"href":"https:\/\/www.cinesouk.ma\/fr\/wp-json\/wp\/v2\/product_tag?post=13915"}],"curies":[{"name":"wp","href":"https:\/\/api.w.org\/{rel}","templated":true}]}}