{"id":13927,"date":"2025-07-17T14:31:10","date_gmt":"2025-07-17T14:31:10","guid":{"rendered":"https:\/\/www.cinesouk.ma\/?post_type=product&#038;p=13927"},"modified":"2025-09-20T17:33:18","modified_gmt":"2025-09-20T17:33:18","slug":"hollyland-solidcom-se-pro-4s","status":"publish","type":"product","link":"https:\/\/www.cinesouk.ma\/fr\/produit\/hollyland-solidcom-se-pro-4s\/","title":{"rendered":"Hollyland Solidcom SE Pro 4S"},"content":{"rendered":"<p data-start=\"211\" data-end=\"599\">Le Solidcom SE Pro 4S de Hollyland est un kit professionnel d'intercom sans fil full-duplex qui prend en charge jusqu'\u00e0 quatre casques. Il est con\u00e7u pour une communication mains libres d'une clart\u00e9 cristalline pour les petites \u00e9quipes de tournage, les \u00e9v\u00e9nements en direct et les productions d'entreprise. Avec une port\u00e9e de 400 m\u00e8tres, un blocage des bruits ambiants et une conception robuste, il assure une coordination sans faille dans n'importe quel environnement.<\/p>\n<h3 data-start=\"606\" data-end=\"626\"><strong data-start=\"610\" data-end=\"626\">Caract\u00e9ristiques principales<\/strong><\/h3>\n<ul data-start=\"628\" data-end=\"1470\">\n<li data-start=\"628\" data-end=\"727\">\n<p data-start=\"630\" data-end=\"727\"><strong data-start=\"630\" data-end=\"660\">Communication simultan\u00e9e<\/strong><br data-start=\"660\" data-end=\"663\" \/>Tous les utilisateurs peuvent parler et \u00e9couter en m\u00eame temps - pas besoin de pousser pour parler.<\/p>\n<\/li>\n<li data-start=\"729\" data-end=\"815\">\n<p data-start=\"731\" data-end=\"815\"><strong data-start=\"731\" data-end=\"749\">Gamme \u00e9tendue<\/strong><br data-start=\"749\" data-end=\"752\" \/>Maintient une communication solide jusqu'\u00e0 400 m\u00e8tres en visibilit\u00e9 directe.<\/p>\n<\/li>\n<li data-start=\"817\" data-end=\"929\">\n<p data-start=\"819\" data-end=\"929\"><strong data-start=\"819\" data-end=\"851\">Microphones anti-bruit<\/strong><br data-start=\"851\" data-end=\"854\" \/>La technologie ENC \u00e0 double microphone filtre les bruits ambiants pour une captation claire de la voix.<\/p>\n<\/li>\n<li data-start=\"931\" data-end=\"1035\">\n<p data-start=\"933\" data-end=\"1035\"><strong data-start=\"933\" data-end=\"954\">Boom de mise en sourdine<\/strong><br data-start=\"954\" data-end=\"957\" \/>Relevez le micro perche pour vous mettre rapidement en sourdine sans avoir \u00e0 manipuler de boutons.<\/p>\n<\/li>\n<li data-start=\"1037\" data-end=\"1139\">\n<p data-start=\"1039\" data-end=\"1139\"><strong data-start=\"1039\" data-end=\"1058\">Coupe confortable<\/strong><br data-start=\"1058\" data-end=\"1061\" \/>Les casques l\u00e9gers avec oreillettes rembourr\u00e9es sont faciles \u00e0 porter pour une utilisation toute la journ\u00e9e.<\/p>\n<\/li>\n<li data-start=\"1141\" data-end=\"1262\">\n<p data-start=\"1143\" data-end=\"1262\"><strong data-start=\"1143\" data-end=\"1175\">Robuste et r\u00e9sistant aux intemp\u00e9ries<\/strong><br data-start=\"1175\" data-end=\"1178\" \/>Les casques sont con\u00e7us pour r\u00e9sister \u00e0 la poussi\u00e8re et \u00e0 la pluie l\u00e9g\u00e8re, ce qui les rend id\u00e9aux pour une utilisation en int\u00e9rieur ou en ext\u00e9rieur.<\/p>\n<\/li>\n<li data-start=\"1264\" data-end=\"1356\">\n<p data-start=\"1266\" data-end=\"1356\"><strong data-start=\"1266\" data-end=\"1290\">Pr\u00eat \u00e0 l'emploi<\/strong><br data-start=\"1290\" data-end=\"1293\" \/>Les unit\u00e9s sont livr\u00e9es pr\u00eates \u00e0 l'emploi et ne n\u00e9cessitent aucune installation - il suffit de les d\u00e9baller et de les utiliser.<\/p>\n<\/li>\n<li data-start=\"1358\" data-end=\"1470\">\n<p data-start=\"1360\" data-end=\"1470\"><strong data-start=\"1360\" data-end=\"1378\">Chargement par USB-C<\/strong><br data-start=\"1378\" data-end=\"1381\" \/>Les batteries rempla\u00e7ables par l'utilisateur offrent jusqu'\u00e0 10 heures d'autonomie, avec une charge rapide via USB-C.<\/p>\n<\/li>\n<\/ul>\n<h3 data-start=\"1477\" data-end=\"1499\"><strong data-start=\"1481\" data-end=\"1499\">Sp\u00e9cifications<\/strong><\/h3>\n<ul data-start=\"1501\" data-end=\"2233\">\n<li data-start=\"1501\" data-end=\"1554\">\n<p data-start=\"1503\" data-end=\"1554\"><strong data-start=\"1503\" data-end=\"1520\">Nombre de casques<\/strong>: 1 ma\u00eetre + 3 t\u00e9l\u00e9commandes (4 au total)<\/p>\n<\/li>\n<li data-start=\"1555\" data-end=\"1592\">\n<p data-start=\"1557\" data-end=\"1592\"><strong data-start=\"1557\" data-end=\"1574\">Bande sans fil<\/strong>: 1,9 GHz (DECT)<\/p>\n<\/li>\n<li data-start=\"1593\" data-end=\"1640\">\n<p data-start=\"1595\" data-end=\"1640\"><strong data-start=\"1595\" data-end=\"1604\">Gamme<\/strong>: Jusqu'\u00e0 400 m\u00e8tres (en visibilit\u00e9 directe)<\/p>\n<\/li>\n<li data-start=\"1641\" data-end=\"1707\">\n<p data-start=\"1643\" data-end=\"1707\"><strong data-start=\"1643\" data-end=\"1662\">Type de microphone<\/strong>: Double microphone pour l'\u00e9limination des bruits ambiants<\/p>\n<\/li>\n<li data-start=\"1708\" data-end=\"1747\">\n<p data-start=\"1710\" data-end=\"1747\"><strong data-start=\"1710\" data-end=\"1729\">Largeur de bande audio<\/strong>: 150 Hz - 7 kHz<\/p>\n<\/li>\n<li data-start=\"1748\" data-end=\"1784\">\n<p data-start=\"1750\" data-end=\"1784\"><strong data-start=\"1750\" data-end=\"1761\">Batterie<\/strong>Capacit\u00e9 de stockage : 770 mAh (amovible)<\/p>\n<\/li>\n<li data-start=\"1785\" data-end=\"1881\">\n<p data-start=\"1787\" data-end=\"1881\"><strong data-start=\"1787\" data-end=\"1803\">Autonomie de la batterie<\/strong>:<br data-start=\"1804\" data-end=\"1807\" \/>- T\u00e9l\u00e9commandes : jusqu'\u00e0 10 heures<br data-start=\"1834\" data-end=\"1837\" \/>- Ma\u00eetre : environ 5 heures avec 3 t\u00e9l\u00e9commandes<\/p>\n<\/li>\n<li data-start=\"1882\" data-end=\"1956\">\n<p data-start=\"1884\" data-end=\"1956\"><strong data-start=\"1884\" data-end=\"1903\">M\u00e9thode de chargement<\/strong>: Port USB-C ; chargeur multi-fentes disponible en option.<\/p>\n<\/li>\n<li data-start=\"1957\" data-end=\"2002\">\n<p data-start=\"1959\" data-end=\"2002\"><strong data-start=\"1959\" data-end=\"1981\">Poids par oreillette<\/strong>: Environ 185 grammes<\/p>\n<\/li>\n<li data-start=\"2003\" data-end=\"2049\">\n<p data-start=\"2005\" data-end=\"2049\"><strong data-start=\"2005\" data-end=\"2019\">Durabilit\u00e9<\/strong>: R\u00e9sistant \u00e0 la poussi\u00e8re et aux \u00e9claboussures<\/p>\n<\/li>\n<li data-start=\"2050\" data-end=\"2123\">\n<p data-start=\"2052\" data-end=\"2123\"><strong data-start=\"2052\" data-end=\"2064\">Contr\u00f4les<\/strong>: Perche de mise en sourdine, bouton \"push-to-talk\", r\u00e9glages du volume<\/p>\n<\/li>\n<li data-start=\"2124\" data-end=\"2183\">\n<p data-start=\"2126\" data-end=\"2183\"><strong data-start=\"2126\" data-end=\"2138\">Coussinets<\/strong>: Options mousse ou cuir (interchangeables)<\/p>\n<\/li>\n<li data-start=\"2184\" data-end=\"2233\">\n<p data-start=\"2186\" data-end=\"2233\"><strong data-start=\"2186\" data-end=\"2195\">Mise en place<\/strong>: Pr\u00e9-appari\u00e9 et pr\u00eat \u00e0 l'emploi<\/p>\n<\/li>\n<\/ul>\n<p data-start=\"2466\" data-end=\"2714\">Le Solidcom SE Pro 4S est l'outil de communication id\u00e9al pour les petites \u00e9quipes de production. Avec son son clair, sa fiabilit\u00e9 \u00e0 longue port\u00e9e et sa conception mains libres, il assure un travail d'\u00e9quipe et une coordination efficaces, que ce soit sur le plateau, la sc\u00e8ne ou lors d'\u00e9v\u00e9nements en direct.<\/p>\n<p>Louez-le maintenant sur <a href=\"https:\/\/www.cinesouk.ma\/fr\">CINESOUK<\/a> - une marque de <a href=\"https:\/\/www.broadway.ma\/\">BROADWAY PRODUCTIONS SARL.<\/a><\/p>","protected":false},"excerpt":{"rendered":"<p><strong>Sp\u00e9cifications :<\/strong><\/p>\n<ul>\n<li data-start=\"1501\" data-end=\"1554\">\n<p data-start=\"1503\" data-end=\"1554\"><strong data-start=\"1503\" data-end=\"1520\">Nombre de casques<\/strong>: 1 ma\u00eetre + 3 t\u00e9l\u00e9commandes (4 au total)<\/p>\n<\/li>\n<li data-start=\"1555\" data-end=\"1592\">\n<p data-start=\"1557\" data-end=\"1592\"><strong data-start=\"1557\" data-end=\"1574\">Bande sans fil<\/strong>: 1,9 GHz (DECT)<\/p>\n<\/li>\n<li data-start=\"1593\" data-end=\"1640\">\n<p data-start=\"1595\" data-end=\"1640\"><strong data-start=\"1595\" data-end=\"1604\">Gamme<\/strong>: Jusqu'\u00e0 400 m\u00e8tres (en visibilit\u00e9 directe)<\/p>\n<\/li>\n<li data-start=\"1641\" data-end=\"1707\">\n<p data-start=\"1643\" data-end=\"1707\"><strong data-start=\"1643\" data-end=\"1662\">Type de microphone<\/strong>: Double microphone pour l'\u00e9limination des bruits ambiants<\/p>\n<\/li>\n<li data-start=\"1708\" data-end=\"1747\">\n<p data-start=\"1710\" data-end=\"1747\"><strong data-start=\"1710\" data-end=\"1729\">Largeur de bande audio<\/strong>: 150 Hz - 7 kHz<\/p>\n<\/li>\n<li data-start=\"1748\" data-end=\"1784\">\n<p data-start=\"1750\" data-end=\"1784\"><strong data-start=\"1750\" data-end=\"1761\">Batterie<\/strong>Capacit\u00e9 de stockage : 770 mAh (amovible)<\/p>\n<\/li>\n<li data-start=\"1785\" data-end=\"1881\">\n<p data-start=\"1787\" data-end=\"1881\"><strong data-start=\"1787\" data-end=\"1803\">Autonomie de la batterie<\/strong>:<br data-start=\"1804\" data-end=\"1807\" \/>- T\u00e9l\u00e9commandes : jusqu'\u00e0 10 heures<br data-start=\"1834\" data-end=\"1837\" \/>- Ma\u00eetre : environ 5 heures avec 3 t\u00e9l\u00e9commandes<\/p>\n<\/li>\n<li data-start=\"1882\" data-end=\"1956\">\n<p data-start=\"1884\" data-end=\"1956\"><strong data-start=\"1884\" data-end=\"1903\">M\u00e9thode de chargement<\/strong>: Port USB-C ; chargeur multi-fentes disponible en option.<\/p>\n<\/li>\n<li data-start=\"1957\" data-end=\"2002\">\n<p data-start=\"1959\" data-end=\"2002\"><strong data-start=\"1959\" data-end=\"1981\">Poids par oreillette<\/strong>: Environ 185 grammes<\/p>\n<\/li>\n<li data-start=\"2003\" data-end=\"2049\">\n<p data-start=\"2005\" data-end=\"2049\"><strong data-start=\"2005\" data-end=\"2019\">Durabilit\u00e9<\/strong>: R\u00e9sistant \u00e0 la poussi\u00e8re et aux \u00e9claboussures<\/p>\n<\/li>\n<li data-start=\"2050\" data-end=\"2123\">\n<p data-start=\"2052\" data-end=\"2123\"><strong data-start=\"2052\" data-end=\"2064\">Contr\u00f4les<\/strong>: Perche de mise en sourdine, bouton \"push-to-talk\", r\u00e9glages du volume<\/p>\n<\/li>\n<li data-start=\"2124\" data-end=\"2183\">\n<p data-start=\"2126\" data-end=\"2183\"><strong data-start=\"2126\" data-end=\"2138\">Coussinets<\/strong>: Options mousse ou cuir (interchangeables)<\/p>\n<\/li>\n<li data-start=\"2184\" data-end=\"2233\">\n<p data-start=\"2186\" data-end=\"2233\"><strong data-start=\"2186\" data-end=\"2195\">Mise en place<\/strong>: Pr\u00e9-appari\u00e9 et pr\u00eat \u00e0 l'emploi<\/p>\n<\/li>\n<\/ul>","protected":false},"featured_media":13938,"template":"","meta":{"om_disable_all_campaigns":false,"_monsterinsights_skip_tracking":false,"_monsterinsights_sitenote_active":false,"_monsterinsights_sitenote_note":"","_monsterinsights_sitenote_category":0,"_uf_show_specific_survey":0,"_uf_disable_surveys":false},"product_brand":[],"product_cat":[130,89,83,123,32,114],"product_tag":[],"class_list":{"0":"post-13927","1":"product","2":"type-product","3":"status-publish","4":"has-post-thumbnail","6":"product_cat-communication-eventsouk","7":"product_cat-communication-cinesouk","8":"product_cat-efp-eng-cinesouk","9":"product_cat-featured-eventsouk","10":"product_cat-streaming-cinesouk","11":"product_cat-streaming-eventsouk","13":"entry","14":"has-media","16":"first","17":"instock","18":"taxable","19":"shipping-taxable","20":"purchasable","21":"product-type-variable","22":"has-product-nav","23":"col","24":"span_1_of_3","25":"owp-content-center","26":"owp-thumbs-layout-horizontal","27":"owp-btn-normal","28":"owp-tabs-layout-horizontal","29":"has-no-thumbnails"},"yoast_head":"<!-- This site is optimized with the Yoast SEO Premium plugin v26.0 (Yoast SEO v26.0) - https:\/\/yoast.com\/wordpress\/plugins\/seo\/ -->\n<title>Hollyland Solidcom SE Pro 4S - CineSouk - For rent<\/title>\n<meta name=\"description\" content=\"Hollyland Solidcom SE Pro 4S is a 4-user full-duplex intercom system with 400\u202fm range, dual-mic noise cancellation, USB-C charging, and easy setup\u2014perfect for small teams.\" \/>\n<meta name=\"robots\" content=\"index, follow, max-snippet:-1, max-image-preview:large, max-video-preview:-1\" \/>\n<link rel=\"canonical\" href=\"https:\/\/www.cinesouk.ma\/fr\/produit\/hollyland-solidcom-se-pro-4s\/\" \/>\n<meta property=\"og:locale\" content=\"fr_FR\" \/>\n<meta property=\"og:type\" content=\"article\" \/>\n<meta property=\"og:title\" content=\"Hollyland Solidcom SE Pro 4S\" \/>\n<meta property=\"og:description\" content=\"Hollyland Solidcom SE Pro 4S is a 4-user full-duplex intercom system with 400\u202fm range, dual-mic noise cancellation, USB-C charging, and easy setup\u2014perfect for small teams.\" \/>\n<meta property=\"og:url\" content=\"https:\/\/www.cinesouk.ma\/fr\/produit\/hollyland-solidcom-se-pro-4s\/\" \/>\n<meta property=\"og:site_name\" content=\"CineSouk\" \/>\n<meta property=\"article:modified_time\" content=\"2025-09-20T17:33:18+00:00\" \/>\n<meta property=\"og:image\" content=\"https:\/\/www.cinesouk.ma\/wp-content\/uploads\/2025\/07\/Hollyland-Solidcom-SE-Pro-4S.jpg\" \/>\n\t<meta property=\"og:image:width\" content=\"300\" \/>\n\t<meta property=\"og:image:height\" content=\"238\" \/>\n\t<meta property=\"og:image:type\" content=\"image\/jpeg\" \/>\n<meta name=\"twitter:card\" content=\"summary_large_image\" \/>\n<meta name=\"twitter:description\" content=\"Hollyland Solidcom SE Pro 4S is a 4-user full-duplex intercom system with 400\u202fm range, dual-mic noise cancellation, USB-C charging, and easy setup\u2014perfect for small teams.\" \/>\n<meta name=\"twitter:image\" content=\"https:\/\/www.cinesouk.ma\/wp-content\/uploads\/2025\/07\/Hollyland-Solidcom-SE-Pro-4S.jpg\" \/>\n<meta name=\"twitter:label1\" content=\"Dur\u00e9e de lecture estim\u00e9e\" \/>\n\t<meta name=\"twitter:data1\" content=\"2 minutes\" \/>\n<script type=\"application\/ld+json\" class=\"yoast-schema-graph\">{\"@context\":\"https:\/\/schema.org\",\"@graph\":[{\"@type\":\"WebPage\",\"@id\":\"https:\/\/www.cinesouk.ma\/product\/hollyland-solidcom-se-pro-4s\/\",\"url\":\"https:\/\/www.cinesouk.ma\/product\/hollyland-solidcom-se-pro-4s\/\",\"name\":\"Hollyland Solidcom SE Pro 4S - CineSouk - For rent\",\"isPartOf\":{\"@id\":\"https:\/\/www.cinesouk.ma\/#website\"},\"primaryImageOfPage\":{\"@id\":\"https:\/\/www.cinesouk.ma\/product\/hollyland-solidcom-se-pro-4s\/#primaryimage\"},\"image\":{\"@id\":\"https:\/\/www.cinesouk.ma\/product\/hollyland-solidcom-se-pro-4s\/#primaryimage\"},\"thumbnailUrl\":\"https:\/\/www.cinesouk.ma\/wp-content\/uploads\/2025\/07\/Hollyland-Solidcom-SE-Pro-4S.jpg\",\"datePublished\":\"2025-07-17T14:31:10+00:00\",\"dateModified\":\"2025-09-20T17:33:18+00:00\",\"description\":\"Hollyland Solidcom SE Pro 4S is a 4-user full-duplex intercom system with 400\u202fm range, dual-mic noise cancellation, USB-C charging, and easy setup\u2014perfect for small teams.\",\"breadcrumb\":{\"@id\":\"https:\/\/www.cinesouk.ma\/product\/hollyland-solidcom-se-pro-4s\/#breadcrumb\"},\"inLanguage\":\"fr-FR\",\"potentialAction\":[{\"@type\":\"ReadAction\",\"target\":[\"https:\/\/www.cinesouk.ma\/product\/hollyland-solidcom-se-pro-4s\/\"]}]},{\"@type\":\"ImageObject\",\"inLanguage\":\"fr-FR\",\"@id\":\"https:\/\/www.cinesouk.ma\/product\/hollyland-solidcom-se-pro-4s\/#primaryimage\",\"url\":\"https:\/\/www.cinesouk.ma\/wp-content\/uploads\/2025\/07\/Hollyland-Solidcom-SE-Pro-4S.jpg\",\"contentUrl\":\"https:\/\/www.cinesouk.ma\/wp-content\/uploads\/2025\/07\/Hollyland-Solidcom-SE-Pro-4S.jpg\",\"width\":300,\"height\":238,\"caption\":\"Hollyland Solidcom SE Pro 4S\"},{\"@type\":\"BreadcrumbList\",\"@id\":\"https:\/\/www.cinesouk.ma\/product\/hollyland-solidcom-se-pro-4s\/#breadcrumb\",\"itemListElement\":[{\"@type\":\"ListItem\",\"position\":1,\"name\":\"Home\",\"item\":\"https:\/\/www.cinesouk.ma\/\"},{\"@type\":\"ListItem\",\"position\":2,\"name\":\"Shop\",\"item\":\"https:\/\/www.cinesouk.ma\/shop\/\"},{\"@type\":\"ListItem\",\"position\":3,\"name\":\"Hollyland Solidcom SE Pro 4S\"}]},{\"@type\":\"WebSite\",\"@id\":\"https:\/\/www.cinesouk.ma\/#website\",\"url\":\"https:\/\/www.cinesouk.ma\/\",\"name\":\"CineSouk\",\"description\":\"\",\"publisher\":{\"@id\":\"https:\/\/www.cinesouk.ma\/#organization\"},\"potentialAction\":[{\"@type\":\"SearchAction\",\"target\":{\"@type\":\"EntryPoint\",\"urlTemplate\":\"https:\/\/www.cinesouk.ma\/?s={search_term_string}\"},\"query-input\":{\"@type\":\"PropertyValueSpecification\",\"valueRequired\":true,\"valueName\":\"search_term_string\"}}],\"inLanguage\":\"fr-FR\"},{\"@type\":\"Organization\",\"@id\":\"https:\/\/www.cinesouk.ma\/#organization\",\"name\":\"CineSouk\",\"url\":\"https:\/\/www.cinesouk.ma\/\",\"logo\":{\"@type\":\"ImageObject\",\"inLanguage\":\"fr-FR\",\"@id\":\"https:\/\/www.cinesouk.ma\/#\/schema\/logo\/image\/\",\"url\":\"https:\/\/www.cinesouk.ma\/wp-content\/uploads\/2024\/01\/CineSouk-logo-v01-alpha-alligned-left.png\",\"contentUrl\":\"https:\/\/www.cinesouk.ma\/wp-content\/uploads\/2024\/01\/CineSouk-logo-v01-alpha-alligned-left.png\",\"width\":3204,\"height\":889,\"caption\":\"CineSouk\"},\"image\":{\"@id\":\"https:\/\/www.cinesouk.ma\/#\/schema\/logo\/image\/\"}}]}<\/script>\n<!-- \/ Yoast SEO Premium plugin. -->","yoast_head_json":{"title":"Hollyland Solidcom SE Pro 4S - CineSouk - For rent","description":"Hollyland Solidcom SE Pro 4S is a 4-user full-duplex intercom system with 400\u202fm range, dual-mic noise cancellation, USB-C charging, and easy setup\u2014perfect for small teams.","robots":{"index":"index","follow":"follow","max-snippet":"max-snippet:-1","max-image-preview":"max-image-preview:large","max-video-preview":"max-video-preview:-1"},"canonical":"https:\/\/www.cinesouk.ma\/fr\/produit\/hollyland-solidcom-se-pro-4s\/","og_locale":"fr_FR","og_type":"article","og_title":"Hollyland Solidcom SE Pro 4S","og_description":"Hollyland Solidcom SE Pro 4S is a 4-user full-duplex intercom system with 400\u202fm range, dual-mic noise cancellation, USB-C charging, and easy setup\u2014perfect for small teams.","og_url":"https:\/\/www.cinesouk.ma\/fr\/produit\/hollyland-solidcom-se-pro-4s\/","og_site_name":"CineSouk","article_modified_time":"2025-09-20T17:33:18+00:00","og_image":[{"width":300,"height":238,"url":"https:\/\/www.cinesouk.ma\/wp-content\/uploads\/2025\/07\/Hollyland-Solidcom-SE-Pro-4S.jpg","type":"image\/jpeg"}],"twitter_card":"summary_large_image","twitter_description":"Hollyland Solidcom SE Pro 4S is a 4-user full-duplex intercom system with 400\u202fm range, dual-mic noise cancellation, USB-C charging, and easy setup\u2014perfect for small teams.","twitter_image":"https:\/\/www.cinesouk.ma\/wp-content\/uploads\/2025\/07\/Hollyland-Solidcom-SE-Pro-4S.jpg","twitter_misc":{"Dur\u00e9e de lecture estim\u00e9e":"2 minutes"},"schema":{"@context":"https:\/\/schema.org","@graph":[{"@type":"WebPage","@id":"https:\/\/www.cinesouk.ma\/product\/hollyland-solidcom-se-pro-4s\/","url":"https:\/\/www.cinesouk.ma\/product\/hollyland-solidcom-se-pro-4s\/","name":"Hollyland Solidcom SE Pro 4S - CineSouk - For rent","isPartOf":{"@id":"https:\/\/www.cinesouk.ma\/#website"},"primaryImageOfPage":{"@id":"https:\/\/www.cinesouk.ma\/product\/hollyland-solidcom-se-pro-4s\/#primaryimage"},"image":{"@id":"https:\/\/www.cinesouk.ma\/product\/hollyland-solidcom-se-pro-4s\/#primaryimage"},"thumbnailUrl":"https:\/\/www.cinesouk.ma\/wp-content\/uploads\/2025\/07\/Hollyland-Solidcom-SE-Pro-4S.jpg","datePublished":"2025-07-17T14:31:10+00:00","dateModified":"2025-09-20T17:33:18+00:00","description":"Hollyland Solidcom SE Pro 4S is a 4-user full-duplex intercom system with 400\u202fm range, dual-mic noise cancellation, USB-C charging, and easy setup\u2014perfect for small teams.","breadcrumb":{"@id":"https:\/\/www.cinesouk.ma\/product\/hollyland-solidcom-se-pro-4s\/#breadcrumb"},"inLanguage":"fr-FR","potentialAction":[{"@type":"ReadAction","target":["https:\/\/www.cinesouk.ma\/product\/hollyland-solidcom-se-pro-4s\/"]}]},{"@type":"ImageObject","inLanguage":"fr-FR","@id":"https:\/\/www.cinesouk.ma\/product\/hollyland-solidcom-se-pro-4s\/#primaryimage","url":"https:\/\/www.cinesouk.ma\/wp-content\/uploads\/2025\/07\/Hollyland-Solidcom-SE-Pro-4S.jpg","contentUrl":"https:\/\/www.cinesouk.ma\/wp-content\/uploads\/2025\/07\/Hollyland-Solidcom-SE-Pro-4S.jpg","width":300,"height":238,"caption":"Hollyland Solidcom SE Pro 4S"},{"@type":"BreadcrumbList","@id":"https:\/\/www.cinesouk.ma\/product\/hollyland-solidcom-se-pro-4s\/#breadcrumb","itemListElement":[{"@type":"ListItem","position":1,"name":"Home","item":"https:\/\/www.cinesouk.ma\/"},{"@type":"ListItem","position":2,"name":"Shop","item":"https:\/\/www.cinesouk.ma\/shop\/"},{"@type":"ListItem","position":3,"name":"Hollyland Solidcom SE Pro 4S"}]},{"@type":"WebSite","@id":"https:\/\/www.cinesouk.ma\/#website","url":"https:\/\/www.cinesouk.ma\/","name":"CineSouk","description":"","publisher":{"@id":"https:\/\/www.cinesouk.ma\/#organization"},"potentialAction":[{"@type":"SearchAction","target":{"@type":"EntryPoint","urlTemplate":"https:\/\/www.cinesouk.ma\/?s={search_term_string}"},"query-input":{"@type":"PropertyValueSpecification","valueRequired":true,"valueName":"search_term_string"}}],"inLanguage":"fr-FR"},{"@type":"Organization","@id":"https:\/\/www.cinesouk.ma\/#organization","name":"CineSouk","url":"https:\/\/www.cinesouk.ma\/","logo":{"@type":"ImageObject","inLanguage":"fr-FR","@id":"https:\/\/www.cinesouk.ma\/#\/schema\/logo\/image\/","url":"https:\/\/www.cinesouk.ma\/wp-content\/uploads\/2024\/01\/CineSouk-logo-v01-alpha-alligned-left.png","contentUrl":"https:\/\/www.cinesouk.ma\/wp-content\/uploads\/2024\/01\/CineSouk-logo-v01-alpha-alligned-left.png","width":3204,"height":889,"caption":"CineSouk"},"image":{"@id":"https:\/\/www.cinesouk.ma\/#\/schema\/logo\/image\/"}}]}},"_links":{"self":[{"href":"https:\/\/www.cinesouk.ma\/fr\/wp-json\/wp\/v2\/product\/13927","targetHints":{"allow":["GET"]}}],"collection":[{"href":"https:\/\/www.cinesouk.ma\/fr\/wp-json\/wp\/v2\/product"}],"about":[{"href":"https:\/\/www.cinesouk.ma\/fr\/wp-json\/wp\/v2\/types\/product"}],"wp:featuredmedia":[{"embeddable":true,"href":"https:\/\/www.cinesouk.ma\/fr\/wp-json\/wp\/v2\/media\/13938"}],"wp:attachment":[{"href":"https:\/\/www.cinesouk.ma\/fr\/wp-json\/wp\/v2\/media?parent=13927"}],"wp:term":[{"taxonomy":"product_brand","embeddable":true,"href":"https:\/\/www.cinesouk.ma\/fr\/wp-json\/wp\/v2\/product_brand?post=13927"},{"taxonomy":"product_cat","embeddable":true,"href":"https:\/\/www.cinesouk.ma\/fr\/wp-json\/wp\/v2\/product_cat?post=13927"},{"taxonomy":"product_tag","embeddable":true,"href":"https:\/\/www.cinesouk.ma\/fr\/wp-json\/wp\/v2\/product_tag?post=13927"}],"curies":[{"name":"wp","href":"https:\/\/api.w.org\/{rel}","templated":true}]}}