{"id":13939,"date":"2025-07-17T14:39:13","date_gmt":"2025-07-17T14:39:13","guid":{"rendered":"https:\/\/www.cinesouk.ma\/?post_type=product&#038;p=13939"},"modified":"2025-08-18T08:31:38","modified_gmt":"2025-08-18T08:31:38","slug":"d-tap-splitter","status":"publish","type":"product","link":"https:\/\/www.cinesouk.ma\/fr\/produit\/d-tap-splitter\/","title":{"rendered":"R\u00e9partiteur D-Tap"},"content":{"rendered":"<p data-start=\"212\" data-end=\"678\">Le D-Tap Splitter est une solution d'alimentation compacte et efficace qui vous permet de faire fonctionner plusieurs accessoires \u00e0 partir d'une seule sortie D-Tap sur votre batterie ou votre alimentation. Id\u00e9al pour les rigs de cam\u00e9ra, les gimbals ou les installations d'\u00e9clairage, il simplifie la distribution de l'\u00e9nergie tout en gardant votre \u00e9quipement organis\u00e9 et efficace. Qu'il s'agisse d'alimenter des moniteurs, des \u00e9metteurs sans fil ou du mat\u00e9riel audio, ce r\u00e9partiteur est un outil fiable dans tout environnement de production.<\/p>\n<h3 data-start=\"685\" data-end=\"705\"><strong data-start=\"689\" data-end=\"705\">Caract\u00e9ristiques principales<\/strong><\/h3>\n<ul data-start=\"707\" data-end=\"1287\">\n<li data-start=\"707\" data-end=\"830\">\n<p data-start=\"709\" data-end=\"830\"><strong data-start=\"709\" data-end=\"729\">Sorties multiples<\/strong><br data-start=\"729\" data-end=\"732\" \/>Distribue l'\u00e9nergie d'une seule source D-Tap \u00e0 2, 3 ou 4 sorties D-Tap selon le mod\u00e8le.<\/p>\n<\/li>\n<li data-start=\"832\" data-end=\"941\">\n<p data-start=\"834\" data-end=\"941\"><strong data-start=\"834\" data-end=\"852\">Conception compacte<\/strong><br data-start=\"852\" data-end=\"855\" \/>L\u00e9ger et discret, il est parfait pour les montages serr\u00e9s et les productions mobiles.<\/p>\n<\/li>\n<li data-start=\"943\" data-end=\"1063\">\n<p data-start=\"945\" data-end=\"1063\"><strong data-start=\"945\" data-end=\"962\">Construction durable<\/strong><br data-start=\"962\" data-end=\"965\" \/>Des connecteurs renforc\u00e9s et des mat\u00e9riaux de qualit\u00e9 garantissent la stabilit\u00e9 et la s\u00e9curit\u00e9 dans des conditions difficiles.<\/p>\n<\/li>\n<li data-start=\"1065\" data-end=\"1173\">\n<p data-start=\"1067\" data-end=\"1173\"><strong data-start=\"1067\" data-end=\"1094\">Compatibilit\u00e9 universelle<\/strong><br data-start=\"1094\" data-end=\"1097\" \/>Fonctionne avec la plupart des piles V-mount ou Gold-mount dot\u00e9es d'un port D-Tap.<\/p>\n<\/li>\n<li data-start=\"1175\" data-end=\"1287\">\n<p data-start=\"1177\" data-end=\"1287\"><strong data-start=\"1177\" data-end=\"1200\">Protection contre les surcharges<\/strong><br data-start=\"1200\" data-end=\"1203\" \/>De nombreux mod\u00e8les int\u00e8grent une protection contre les courts-circuits et les pointes de tension.<\/p>\n<\/li>\n<\/ul>\n<h3 data-start=\"1294\" data-end=\"1316\"><strong data-start=\"1298\" data-end=\"1316\">Sp\u00e9cifications<\/strong><\/h3>\n<ul data-start=\"1318\" data-end=\"1774\">\n<li data-start=\"1318\" data-end=\"1346\">\n<p data-start=\"1320\" data-end=\"1346\"><strong data-start=\"1320\" data-end=\"1329\">Entr\u00e9e<\/strong>: 1x D-Tap m\u00e2le<\/p>\n<\/li>\n<li data-start=\"1347\" data-end=\"1412\">\n<p data-start=\"1349\" data-end=\"1412\"><strong data-start=\"1349\" data-end=\"1359\">Sortie<\/strong>: 2x, 3x, ou 4x D-Tap femelle (en fonction de la version)<\/p>\n<\/li>\n<li data-start=\"1413\" data-end=\"1476\">\n<p data-start=\"1415\" data-end=\"1476\"><strong data-start=\"1415\" data-end=\"1432\">Plage de tension<\/strong>: 11V-17V DC (en fonction de la source de la batterie)<\/p>\n<\/li>\n<li data-start=\"1477\" data-end=\"1539\">\n<p data-start=\"1479\" data-end=\"1539\"><strong data-start=\"1479\" data-end=\"1499\">Capacit\u00e9 actuelle<\/strong>: Jusqu'\u00e0 10A (total sur toutes les sorties)<\/p>\n<\/li>\n<li data-start=\"1540\" data-end=\"1589\">\n<p data-start=\"1542\" data-end=\"1589\"><strong data-start=\"1542\" data-end=\"1558\">Longueur du c\u00e2ble<\/strong>: Variable (g\u00e9n\u00e9ralement 20-40 cm)<\/p>\n<\/li>\n<li data-start=\"1590\" data-end=\"1622\">\n<p data-start=\"1592\" data-end=\"1622\"><strong data-start=\"1592\" data-end=\"1602\">Poids<\/strong>: Environ 60-120 g<\/p>\n<\/li>\n<li data-start=\"1623\" data-end=\"1695\">\n<p data-start=\"1625\" data-end=\"1695\"><strong data-start=\"1625\" data-end=\"1637\">Mat\u00e9riau<\/strong>: Bo\u00eetier en ABS haute r\u00e9sistance ou en aluminium (selon le mod\u00e8le)<\/p>\n<\/li>\n<li data-start=\"1696\" data-end=\"1774\">\n<p data-start=\"1698\" data-end=\"1774\"><strong data-start=\"1698\" data-end=\"1710\">Cas d'utilisation<\/strong>: Cam\u00e9ras, moniteurs, syst\u00e8mes sans fil, lumi\u00e8res LED, appareils audio<\/p>\n<\/li>\n<\/ul>\n<p data-start=\"1981\" data-end=\"2208\">Le r\u00e9partiteur D-Tap est une solution pratique et peu encombrante pour distribuer l'alimentation entre plusieurs accessoires. Gr\u00e2ce \u00e0 sa conception compacte et \u00e0 ses performances fiables, il constitue un \u00e9l\u00e9ment essentiel de toute installation professionnelle de cam\u00e9ra ou d'\u00e9clairage.<\/p>\n<p>Louez-le maintenant sur <a href=\"https:\/\/www.cinesouk.ma\/fr\">CINESOUK<\/a> - une marque de <a href=\"https:\/\/www.broadway.ma\/\">BROADWAY PRODUCTIONS SARL.<\/a><\/p>","protected":false},"excerpt":{"rendered":"<p><strong>Sp\u00e9cifications :<\/strong><\/p>\n<ul>\n<li data-start=\"1318\" data-end=\"1346\">\n<p data-start=\"1320\" data-end=\"1346\"><strong data-start=\"1320\" data-end=\"1329\">Entr\u00e9e<\/strong>: 1x D-Tap m\u00e2le<\/p>\n<\/li>\n<li data-start=\"1347\" data-end=\"1412\">\n<p data-start=\"1349\" data-end=\"1412\"><strong data-start=\"1349\" data-end=\"1359\">Sortie<\/strong>: 2x, 3x, ou 4x D-Tap femelle (en fonction de la version)<\/p>\n<\/li>\n<li data-start=\"1413\" data-end=\"1476\">\n<p data-start=\"1415\" data-end=\"1476\"><strong data-start=\"1415\" data-end=\"1432\">Plage de tension<\/strong>: 11V-17V DC (en fonction de la source de la batterie)<\/p>\n<\/li>\n<li data-start=\"1477\" data-end=\"1539\">\n<p data-start=\"1479\" data-end=\"1539\"><strong data-start=\"1479\" data-end=\"1499\">Capacit\u00e9 actuelle<\/strong>: Jusqu'\u00e0 10A (total sur toutes les sorties)<\/p>\n<\/li>\n<li data-start=\"1540\" data-end=\"1589\">\n<p data-start=\"1542\" data-end=\"1589\"><strong data-start=\"1542\" data-end=\"1558\">Longueur du c\u00e2ble<\/strong>: Variable (g\u00e9n\u00e9ralement 20-40 cm)<\/p>\n<\/li>\n<li data-start=\"1590\" data-end=\"1622\">\n<p data-start=\"1592\" data-end=\"1622\"><strong data-start=\"1592\" data-end=\"1602\">Poids<\/strong>: Environ 60-120 g<\/p>\n<\/li>\n<li data-start=\"1623\" data-end=\"1695\">\n<p data-start=\"1625\" data-end=\"1695\"><strong data-start=\"1625\" data-end=\"1637\">Mat\u00e9riau<\/strong>: Bo\u00eetier en ABS haute r\u00e9sistance ou en aluminium (selon le mod\u00e8le)<\/p>\n<\/li>\n<li data-start=\"1696\" data-end=\"1774\">\n<p data-start=\"1698\" data-end=\"1774\"><strong data-start=\"1698\" data-end=\"1710\">Cas d'utilisation<\/strong>: Cam\u00e9ras, moniteurs, syst\u00e8mes sans fil, lumi\u00e8res LED, appareils audio<\/p>\n<\/li>\n<\/ul>","protected":false},"featured_media":13950,"template":"","meta":{"om_disable_all_campaigns":false,"_monsterinsights_skip_tracking":false,"_monsterinsights_sitenote_active":false,"_monsterinsights_sitenote_note":"","_monsterinsights_sitenote_category":0,"_uf_show_specific_survey":0,"_uf_disable_surveys":false},"product_brand":[],"product_cat":[37,55],"product_tag":[],"class_list":{"0":"post-13939","1":"product","2":"type-product","3":"status-publish","4":"has-post-thumbnail","6":"product_cat-accessories-cinesouk","7":"product_cat-cables-cinesouk","9":"entry","10":"has-media","12":"first","13":"instock","14":"taxable","15":"shipping-taxable","16":"purchasable","17":"product-type-variable","18":"has-product-nav","19":"col","20":"span_1_of_3","21":"owp-content-center","22":"owp-thumbs-layout-horizontal","23":"owp-btn-normal","24":"owp-tabs-layout-horizontal","25":"has-no-thumbnails"},"yoast_head":"<!-- This site is optimized with the Yoast SEO Premium plugin v26.0 (Yoast SEO v26.0) - https:\/\/yoast.com\/wordpress\/plugins\/seo\/ -->\n<title>D-Tap Splitter - CineSouk - For rent<\/title>\n<meta name=\"description\" content=\"Compact D-Tap splitter for powering multiple accessories from a single battery source\u2014ideal for cameras, monitors, transmitters, and more on set.\" \/>\n<meta name=\"robots\" content=\"index, follow, max-snippet:-1, max-image-preview:large, max-video-preview:-1\" \/>\n<link rel=\"canonical\" href=\"https:\/\/www.cinesouk.ma\/fr\/produit\/d-tap-splitter\/\" \/>\n<meta property=\"og:locale\" content=\"fr_FR\" \/>\n<meta property=\"og:type\" content=\"article\" \/>\n<meta property=\"og:title\" content=\"D-Tap Splitter\" \/>\n<meta property=\"og:description\" content=\"Compact D-Tap splitter for powering multiple accessories from a single battery source\u2014ideal for cameras, monitors, transmitters, and more on set.\" \/>\n<meta property=\"og:url\" content=\"https:\/\/www.cinesouk.ma\/fr\/produit\/d-tap-splitter\/\" \/>\n<meta property=\"og:site_name\" content=\"CineSouk\" \/>\n<meta property=\"article:modified_time\" content=\"2025-08-18T08:31:38+00:00\" \/>\n<meta property=\"og:image\" content=\"https:\/\/www.cinesouk.ma\/wp-content\/uploads\/2025\/07\/remove-the-writing.jpg\" \/>\n\t<meta property=\"og:image:width\" content=\"300\" \/>\n\t<meta property=\"og:image:height\" content=\"238\" \/>\n\t<meta property=\"og:image:type\" content=\"image\/jpeg\" \/>\n<meta name=\"twitter:card\" content=\"summary_large_image\" \/>\n<meta name=\"twitter:description\" content=\"Compact D-Tap splitter for powering multiple accessories from a single battery source\u2014ideal for cameras, monitors, transmitters, and more on set.\" \/>\n<meta name=\"twitter:label1\" content=\"Dur\u00e9e de lecture estim\u00e9e\" \/>\n\t<meta name=\"twitter:data1\" content=\"2 minutes\" \/>\n<script type=\"application\/ld+json\" class=\"yoast-schema-graph\">{\"@context\":\"https:\/\/schema.org\",\"@graph\":[{\"@type\":\"WebPage\",\"@id\":\"https:\/\/www.cinesouk.ma\/product\/d-tap-splitter\/\",\"url\":\"https:\/\/www.cinesouk.ma\/product\/d-tap-splitter\/\",\"name\":\"D-Tap Splitter - CineSouk - For rent\",\"isPartOf\":{\"@id\":\"https:\/\/www.cinesouk.ma\/#website\"},\"primaryImageOfPage\":{\"@id\":\"https:\/\/www.cinesouk.ma\/product\/d-tap-splitter\/#primaryimage\"},\"image\":{\"@id\":\"https:\/\/www.cinesouk.ma\/product\/d-tap-splitter\/#primaryimage\"},\"thumbnailUrl\":\"https:\/\/www.cinesouk.ma\/wp-content\/uploads\/2025\/07\/remove-the-writing.jpg\",\"datePublished\":\"2025-07-17T14:39:13+00:00\",\"dateModified\":\"2025-08-18T08:31:38+00:00\",\"description\":\"Compact D-Tap splitter for powering multiple accessories from a single battery source\u2014ideal for cameras, monitors, transmitters, and more on set.\",\"breadcrumb\":{\"@id\":\"https:\/\/www.cinesouk.ma\/product\/d-tap-splitter\/#breadcrumb\"},\"inLanguage\":\"fr-FR\",\"potentialAction\":[{\"@type\":\"ReadAction\",\"target\":[\"https:\/\/www.cinesouk.ma\/product\/d-tap-splitter\/\"]}]},{\"@type\":\"ImageObject\",\"inLanguage\":\"fr-FR\",\"@id\":\"https:\/\/www.cinesouk.ma\/product\/d-tap-splitter\/#primaryimage\",\"url\":\"https:\/\/www.cinesouk.ma\/wp-content\/uploads\/2025\/07\/remove-the-writing.jpg\",\"contentUrl\":\"https:\/\/www.cinesouk.ma\/wp-content\/uploads\/2025\/07\/remove-the-writing.jpg\",\"width\":300,\"height\":238,\"caption\":\"D-Tap splitter\"},{\"@type\":\"BreadcrumbList\",\"@id\":\"https:\/\/www.cinesouk.ma\/product\/d-tap-splitter\/#breadcrumb\",\"itemListElement\":[{\"@type\":\"ListItem\",\"position\":1,\"name\":\"Home\",\"item\":\"https:\/\/www.cinesouk.ma\/\"},{\"@type\":\"ListItem\",\"position\":2,\"name\":\"Shop\",\"item\":\"https:\/\/www.cinesouk.ma\/shop\/\"},{\"@type\":\"ListItem\",\"position\":3,\"name\":\"D-Tap Splitter\"}]},{\"@type\":\"WebSite\",\"@id\":\"https:\/\/www.cinesouk.ma\/#website\",\"url\":\"https:\/\/www.cinesouk.ma\/\",\"name\":\"CineSouk\",\"description\":\"\",\"publisher\":{\"@id\":\"https:\/\/www.cinesouk.ma\/#organization\"},\"potentialAction\":[{\"@type\":\"SearchAction\",\"target\":{\"@type\":\"EntryPoint\",\"urlTemplate\":\"https:\/\/www.cinesouk.ma\/?s={search_term_string}\"},\"query-input\":{\"@type\":\"PropertyValueSpecification\",\"valueRequired\":true,\"valueName\":\"search_term_string\"}}],\"inLanguage\":\"fr-FR\"},{\"@type\":\"Organization\",\"@id\":\"https:\/\/www.cinesouk.ma\/#organization\",\"name\":\"CineSouk\",\"url\":\"https:\/\/www.cinesouk.ma\/\",\"logo\":{\"@type\":\"ImageObject\",\"inLanguage\":\"fr-FR\",\"@id\":\"https:\/\/www.cinesouk.ma\/#\/schema\/logo\/image\/\",\"url\":\"https:\/\/www.cinesouk.ma\/wp-content\/uploads\/2024\/01\/CineSouk-logo-v01-alpha-alligned-left.png\",\"contentUrl\":\"https:\/\/www.cinesouk.ma\/wp-content\/uploads\/2024\/01\/CineSouk-logo-v01-alpha-alligned-left.png\",\"width\":3204,\"height\":889,\"caption\":\"CineSouk\"},\"image\":{\"@id\":\"https:\/\/www.cinesouk.ma\/#\/schema\/logo\/image\/\"}}]}<\/script>\n<!-- \/ Yoast SEO Premium plugin. -->","yoast_head_json":{"title":"D-Tap Splitter - CineSouk - For rent","description":"Compact D-Tap splitter for powering multiple accessories from a single battery source\u2014ideal for cameras, monitors, transmitters, and more on set.","robots":{"index":"index","follow":"follow","max-snippet":"max-snippet:-1","max-image-preview":"max-image-preview:large","max-video-preview":"max-video-preview:-1"},"canonical":"https:\/\/www.cinesouk.ma\/fr\/produit\/d-tap-splitter\/","og_locale":"fr_FR","og_type":"article","og_title":"D-Tap Splitter","og_description":"Compact D-Tap splitter for powering multiple accessories from a single battery source\u2014ideal for cameras, monitors, transmitters, and more on set.","og_url":"https:\/\/www.cinesouk.ma\/fr\/produit\/d-tap-splitter\/","og_site_name":"CineSouk","article_modified_time":"2025-08-18T08:31:38+00:00","og_image":[{"width":300,"height":238,"url":"https:\/\/www.cinesouk.ma\/wp-content\/uploads\/2025\/07\/remove-the-writing.jpg","type":"image\/jpeg"}],"twitter_card":"summary_large_image","twitter_description":"Compact D-Tap splitter for powering multiple accessories from a single battery source\u2014ideal for cameras, monitors, transmitters, and more on set.","twitter_misc":{"Dur\u00e9e de lecture estim\u00e9e":"2 minutes"},"schema":{"@context":"https:\/\/schema.org","@graph":[{"@type":"WebPage","@id":"https:\/\/www.cinesouk.ma\/product\/d-tap-splitter\/","url":"https:\/\/www.cinesouk.ma\/product\/d-tap-splitter\/","name":"D-Tap Splitter - CineSouk - For rent","isPartOf":{"@id":"https:\/\/www.cinesouk.ma\/#website"},"primaryImageOfPage":{"@id":"https:\/\/www.cinesouk.ma\/product\/d-tap-splitter\/#primaryimage"},"image":{"@id":"https:\/\/www.cinesouk.ma\/product\/d-tap-splitter\/#primaryimage"},"thumbnailUrl":"https:\/\/www.cinesouk.ma\/wp-content\/uploads\/2025\/07\/remove-the-writing.jpg","datePublished":"2025-07-17T14:39:13+00:00","dateModified":"2025-08-18T08:31:38+00:00","description":"Compact D-Tap splitter for powering multiple accessories from a single battery source\u2014ideal for cameras, monitors, transmitters, and more on set.","breadcrumb":{"@id":"https:\/\/www.cinesouk.ma\/product\/d-tap-splitter\/#breadcrumb"},"inLanguage":"fr-FR","potentialAction":[{"@type":"ReadAction","target":["https:\/\/www.cinesouk.ma\/product\/d-tap-splitter\/"]}]},{"@type":"ImageObject","inLanguage":"fr-FR","@id":"https:\/\/www.cinesouk.ma\/product\/d-tap-splitter\/#primaryimage","url":"https:\/\/www.cinesouk.ma\/wp-content\/uploads\/2025\/07\/remove-the-writing.jpg","contentUrl":"https:\/\/www.cinesouk.ma\/wp-content\/uploads\/2025\/07\/remove-the-writing.jpg","width":300,"height":238,"caption":"D-Tap splitter"},{"@type":"BreadcrumbList","@id":"https:\/\/www.cinesouk.ma\/product\/d-tap-splitter\/#breadcrumb","itemListElement":[{"@type":"ListItem","position":1,"name":"Home","item":"https:\/\/www.cinesouk.ma\/"},{"@type":"ListItem","position":2,"name":"Shop","item":"https:\/\/www.cinesouk.ma\/shop\/"},{"@type":"ListItem","position":3,"name":"D-Tap Splitter"}]},{"@type":"WebSite","@id":"https:\/\/www.cinesouk.ma\/#website","url":"https:\/\/www.cinesouk.ma\/","name":"CineSouk","description":"","publisher":{"@id":"https:\/\/www.cinesouk.ma\/#organization"},"potentialAction":[{"@type":"SearchAction","target":{"@type":"EntryPoint","urlTemplate":"https:\/\/www.cinesouk.ma\/?s={search_term_string}"},"query-input":{"@type":"PropertyValueSpecification","valueRequired":true,"valueName":"search_term_string"}}],"inLanguage":"fr-FR"},{"@type":"Organization","@id":"https:\/\/www.cinesouk.ma\/#organization","name":"CineSouk","url":"https:\/\/www.cinesouk.ma\/","logo":{"@type":"ImageObject","inLanguage":"fr-FR","@id":"https:\/\/www.cinesouk.ma\/#\/schema\/logo\/image\/","url":"https:\/\/www.cinesouk.ma\/wp-content\/uploads\/2024\/01\/CineSouk-logo-v01-alpha-alligned-left.png","contentUrl":"https:\/\/www.cinesouk.ma\/wp-content\/uploads\/2024\/01\/CineSouk-logo-v01-alpha-alligned-left.png","width":3204,"height":889,"caption":"CineSouk"},"image":{"@id":"https:\/\/www.cinesouk.ma\/#\/schema\/logo\/image\/"}}]}},"_links":{"self":[{"href":"https:\/\/www.cinesouk.ma\/fr\/wp-json\/wp\/v2\/product\/13939","targetHints":{"allow":["GET"]}}],"collection":[{"href":"https:\/\/www.cinesouk.ma\/fr\/wp-json\/wp\/v2\/product"}],"about":[{"href":"https:\/\/www.cinesouk.ma\/fr\/wp-json\/wp\/v2\/types\/product"}],"wp:featuredmedia":[{"embeddable":true,"href":"https:\/\/www.cinesouk.ma\/fr\/wp-json\/wp\/v2\/media\/13950"}],"wp:attachment":[{"href":"https:\/\/www.cinesouk.ma\/fr\/wp-json\/wp\/v2\/media?parent=13939"}],"wp:term":[{"taxonomy":"product_brand","embeddable":true,"href":"https:\/\/www.cinesouk.ma\/fr\/wp-json\/wp\/v2\/product_brand?post=13939"},{"taxonomy":"product_cat","embeddable":true,"href":"https:\/\/www.cinesouk.ma\/fr\/wp-json\/wp\/v2\/product_cat?post=13939"},{"taxonomy":"product_tag","embeddable":true,"href":"https:\/\/www.cinesouk.ma\/fr\/wp-json\/wp\/v2\/product_tag?post=13939"}],"curies":[{"name":"wp","href":"https:\/\/api.w.org\/{rel}","templated":true}]}}