{"id":13951,"date":"2025-07-17T14:47:01","date_gmt":"2025-07-17T14:47:01","guid":{"rendered":"https:\/\/www.cinesouk.ma\/?post_type=product&#038;p=13951"},"modified":"2025-08-18T08:31:20","modified_gmt":"2025-08-18T08:31:20","slug":"cinewind-cw20","status":"publish","type":"product","link":"https:\/\/www.cinesouk.ma\/fr\/produit\/cinewind-cw20\/","title":{"rendered":"CineWind CW20"},"content":{"rendered":"<p data-start=\"237\" data-end=\"664\">Le CineWind CW20 est un ventilateur puissant et compact con\u00e7u sp\u00e9cialement pour les professionnels de la photographie et du cin\u00e9ma. Malgr\u00e9 sa taille de poche, il fournit une puissance de vent exceptionnelle allant jusqu'\u00e0 150 km\/h, ce qui le rend id\u00e9al pour le mouvement des cheveux sur le plateau, le mouvement des tissus et les effets d'environnement. Avec un moteur sans balai \u00e0 grande vitesse et un d\u00e9marrage rapide en 0,3 seconde, il offre \u00e0 la fois vitesse et pr\u00e9cision dans les situations de prise de vue dynamiques.<\/p>\n<h3 data-start=\"671\" data-end=\"691\"><strong data-start=\"675\" data-end=\"691\">Caract\u00e9ristiques principales<\/strong><\/h3>\n<ul data-start=\"693\" data-end=\"1360\">\n<li data-start=\"693\" data-end=\"779\">\n<p data-start=\"695\" data-end=\"779\"><strong data-start=\"695\" data-end=\"714\">Vitesse du vent \u00e9lev\u00e9e<\/strong>: Produit du vent jusqu'\u00e0 150 km\/h (93 mph) avec un moteur de 98 000 tours\/minute.<\/p>\n<\/li>\n<li data-start=\"780\" data-end=\"860\">\n<p data-start=\"782\" data-end=\"860\"><strong data-start=\"782\" data-end=\"798\">D\u00e9marrage rapide<\/strong>: Atteint sa vitesse maximale en seulement 0,3 seconde pour des r\u00e9sultats instantan\u00e9s<\/p>\n<\/li>\n<li data-start=\"861\" data-end=\"939\">\n<p data-start=\"863\" data-end=\"939\"><strong data-start=\"863\" data-end=\"888\">Commande \u00e0 cadran en continu<\/strong>: R\u00e9glez facilement l'intensit\u00e9 du vent \u00e0 l'aide d'un cadran lisse.<\/p>\n<\/li>\n<li data-start=\"940\" data-end=\"1030\">\n<p data-start=\"942\" data-end=\"1030\"><strong data-start=\"942\" data-end=\"966\">Construction durable<\/strong>: Aluminium anodis\u00e9 de qualit\u00e9 a\u00e9rospatiale r\u00e9sistant aux rayures et \u00e0 la chaleur<\/p>\n<\/li>\n<li data-start=\"1031\" data-end=\"1115\">\n<p data-start=\"1033\" data-end=\"1115\"><strong data-start=\"1033\" data-end=\"1058\">Compact et l\u00e9ger<\/strong>: Con\u00e7u pour la mobilit\u00e9 sans sacrifier la performance<\/p>\n<\/li>\n<li data-start=\"1116\" data-end=\"1203\">\n<p data-start=\"1118\" data-end=\"1203\"><strong data-start=\"1118\" data-end=\"1142\">Batterie rechargeable<\/strong>Capacit\u00e9 de 26,64 Wh : jusqu'\u00e0 20 minutes \u00e0 pleine puissance<\/p>\n<\/li>\n<li data-start=\"1204\" data-end=\"1268\">\n<p data-start=\"1206\" data-end=\"1268\"><strong data-start=\"1206\" data-end=\"1230\">Chargement rapide en USB-C<\/strong>: Chargement jusqu'\u00e0 80% en environ 2,5 heures<\/p>\n<\/li>\n<li data-start=\"1269\" data-end=\"1360\">\n<p data-start=\"1271\" data-end=\"1360\"><strong data-start=\"1271\" data-end=\"1296\">Accessoires polyvalents<\/strong>: Comprend des buses plates et rondes pour un flux d'air directionnel<\/p>\n<\/li>\n<\/ul>\n<h3 data-start=\"1367\" data-end=\"1389\"><strong data-start=\"1371\" data-end=\"1389\">Sp\u00e9cifications<\/strong><\/h3>\n<ul data-start=\"1391\" data-end=\"1820\">\n<li data-start=\"1391\" data-end=\"1411\">\n<p data-start=\"1393\" data-end=\"1411\"><strong data-start=\"1393\" data-end=\"1402\">Puissance<\/strong>: 100 W<\/p>\n<\/li>\n<li data-start=\"1412\" data-end=\"1443\">\n<p data-start=\"1414\" data-end=\"1443\"><strong data-start=\"1414\" data-end=\"1429\">Vitesse du moteur<\/strong>: 98 000 TOURS\/MINUTE<\/p>\n<\/li>\n<li data-start=\"1444\" data-end=\"1475\">\n<p data-start=\"1446\" data-end=\"1475\"><strong data-start=\"1446\" data-end=\"1460\">Vitesse du vent<\/strong>: 15-150 km\/h<\/p>\n<\/li>\n<li data-start=\"1476\" data-end=\"1523\">\n<p data-start=\"1478\" data-end=\"1523\"><strong data-start=\"1478\" data-end=\"1489\">Batterie<\/strong>rechargeable interne de 26,64 Wh<\/p>\n<\/li>\n<li data-start=\"1524\" data-end=\"1574\">\n<p data-start=\"1526\" data-end=\"1574\"><strong data-start=\"1526\" data-end=\"1537\">Temps d'ex\u00e9cution<\/strong>: Environ 20 minutes (\u00e0 vitesse maximale)<\/p>\n<\/li>\n<li data-start=\"1575\" data-end=\"1629\">\n<p data-start=\"1577\" data-end=\"1629\"><strong data-start=\"1577\" data-end=\"1589\">Chargement<\/strong>: USB-C (prend en charge la charge rapide QC\/PD)<\/p>\n<\/li>\n<li data-start=\"1630\" data-end=\"1672\">\n<p data-start=\"1632\" data-end=\"1672\"><strong data-start=\"1632\" data-end=\"1646\">Dimensions<\/strong>: 115,2 \u00d7 38,2 \u00d7 67,2 mm<\/p>\n<\/li>\n<li data-start=\"1673\" data-end=\"1694\">\n<p data-start=\"1675\" data-end=\"1694\"><strong data-start=\"1675\" data-end=\"1685\">Poids<\/strong>: 321 g<\/p>\n<\/li>\n<li data-start=\"1695\" data-end=\"1735\">\n<p data-start=\"1697\" data-end=\"1735\"><strong data-start=\"1697\" data-end=\"1709\">Mat\u00e9riau<\/strong>: Aluminium anodis\u00e9 dur<\/p>\n<\/li>\n<li data-start=\"1736\" data-end=\"1820\">\n<p data-start=\"1738\" data-end=\"1820\"><strong data-start=\"1738\" data-end=\"1762\">Accessoires inclus<\/strong>: Embout rond, embout plat, c\u00e2ble USB-C, dragonne, pochette.<\/p>\n<\/li>\n<\/ul>\n<p data-start=\"2045\" data-end=\"2328\" data-is-last-node=\"\" data-is-only-node=\"\">Le CineWind CW20 est la solution id\u00e9ale pour les professionnels qui ont besoin d'effets de vent portables et rapides sans \u00e9quipement encombrant. Il est puissant, durable et facile \u00e0 utiliser, parfait pour am\u00e9liorer le mouvement, l'atmosph\u00e8re ou simplement pour garder votre mat\u00e9riel \u00e0 l'abri de la poussi\u00e8re sur le terrain ou en studio.<\/p>\n<p><strong>Louez-le maintenant sur <a href=\"https:\/\/www.cinesouk.ma\/fr\">CINESOUK<\/a> - une marque de <a href=\"https:\/\/www.broadway.ma\/\">BROADWAY PRODUCTIONS SARL.<\/a><\/strong><\/p>","protected":false},"excerpt":{"rendered":"<h3>Sp\u00e9cifications :<\/h3>\n<ul>\n<li data-start=\"1391\" data-end=\"1411\">\n<p data-start=\"1393\" data-end=\"1411\"><strong data-start=\"1393\" data-end=\"1402\">Puissance<\/strong>: 100 W<\/p>\n<\/li>\n<li data-start=\"1412\" data-end=\"1443\">\n<p data-start=\"1414\" data-end=\"1443\"><strong data-start=\"1414\" data-end=\"1429\">Vitesse du moteur<\/strong>: 98 000 TOURS\/MINUTE<\/p>\n<\/li>\n<li data-start=\"1444\" data-end=\"1475\">\n<p data-start=\"1446\" data-end=\"1475\"><strong data-start=\"1446\" data-end=\"1460\">Vitesse du vent<\/strong>: 15-150 km\/h<\/p>\n<\/li>\n<li data-start=\"1476\" data-end=\"1523\">\n<p data-start=\"1478\" data-end=\"1523\"><strong data-start=\"1478\" data-end=\"1489\">Batterie<\/strong>rechargeable interne de 26,64 Wh<\/p>\n<\/li>\n<li data-start=\"1524\" data-end=\"1574\">\n<p data-start=\"1526\" data-end=\"1574\"><strong data-start=\"1526\" data-end=\"1537\">Temps d'ex\u00e9cution<\/strong>: Environ 20 minutes (\u00e0 vitesse maximale)<\/p>\n<\/li>\n<li data-start=\"1575\" data-end=\"1629\">\n<p data-start=\"1577\" data-end=\"1629\"><strong data-start=\"1577\" data-end=\"1589\">Chargement<\/strong>: USB-C (prend en charge la charge rapide QC\/PD)<\/p>\n<\/li>\n<li data-start=\"1630\" data-end=\"1672\">\n<p data-start=\"1632\" data-end=\"1672\"><strong data-start=\"1632\" data-end=\"1646\">Dimensions<\/strong>: 115,2 \u00d7 38,2 \u00d7 67,2 mm<\/p>\n<\/li>\n<li data-start=\"1673\" data-end=\"1694\">\n<p data-start=\"1675\" data-end=\"1694\"><strong data-start=\"1675\" data-end=\"1685\">Poids<\/strong>: 321 g<\/p>\n<\/li>\n<li data-start=\"1695\" data-end=\"1735\">\n<p data-start=\"1697\" data-end=\"1735\"><strong data-start=\"1697\" data-end=\"1709\">Mat\u00e9riau<\/strong>: Aluminium anodis\u00e9 dur<\/p>\n<\/li>\n<li data-start=\"1736\" data-end=\"1820\">\n<p data-start=\"1738\" data-end=\"1820\"><strong data-start=\"1738\" data-end=\"1762\">Accessoires inclus<\/strong>: Embout rond, embout plat, c\u00e2ble USB-C, dragonne, pochette.<\/p>\n<\/li>\n<\/ul>","protected":false},"featured_media":13962,"template":"","meta":{"om_disable_all_campaigns":false,"_monsterinsights_skip_tracking":false,"_monsterinsights_sitenote_active":false,"_monsterinsights_sitenote_note":"","_monsterinsights_sitenote_category":0,"_uf_show_specific_survey":0,"_uf_disable_surveys":false},"product_brand":[],"product_cat":[37],"product_tag":[],"class_list":{"0":"post-13951","1":"product","2":"type-product","3":"status-publish","4":"has-post-thumbnail","6":"product_cat-accessories-cinesouk","8":"entry","9":"has-media","11":"first","12":"instock","13":"taxable","14":"shipping-taxable","15":"purchasable","16":"product-type-variable","17":"has-product-nav","18":"col","19":"span_1_of_3","20":"owp-content-center","21":"owp-thumbs-layout-horizontal","22":"owp-btn-normal","23":"owp-tabs-layout-horizontal","24":"has-no-thumbnails"},"yoast_head":"<!-- This site is optimized with the Yoast SEO Premium plugin v26.0 (Yoast SEO v26.0) - https:\/\/yoast.com\/wordpress\/plugins\/seo\/ -->\n<title>CineWind CW20 - CineSouk - Marrakech | Morocco - For rent<\/title>\n<meta name=\"description\" content=\"CineWind CW20 is a compact 100\u202fW photography fan with 150\u202fkm\/h wind speed, USB-C fast charging, and durable aluminum body\u2014perfect for on-set environmental effects.\" \/>\n<meta name=\"robots\" content=\"index, follow, max-snippet:-1, max-image-preview:large, max-video-preview:-1\" \/>\n<link rel=\"canonical\" href=\"https:\/\/www.cinesouk.ma\/fr\/produit\/cinewind-cw20\/\" \/>\n<meta property=\"og:locale\" content=\"fr_FR\" \/>\n<meta property=\"og:type\" content=\"article\" \/>\n<meta property=\"og:title\" content=\"CineWind CW20\" \/>\n<meta property=\"og:description\" content=\"CineWind CW20 is a compact 100\u202fW photography fan with 150\u202fkm\/h wind speed, USB-C fast charging, and durable aluminum body\u2014perfect for on-set environmental effects.\" \/>\n<meta property=\"og:url\" content=\"https:\/\/www.cinesouk.ma\/fr\/produit\/cinewind-cw20\/\" \/>\n<meta property=\"og:site_name\" content=\"CineSouk\" \/>\n<meta property=\"article:modified_time\" content=\"2025-08-18T08:31:20+00:00\" \/>\n<meta property=\"og:image\" content=\"https:\/\/www.cinesouk.ma\/wp-content\/uploads\/2025\/07\/CineWind-CW20.jpg\" \/>\n\t<meta property=\"og:image:width\" content=\"300\" \/>\n\t<meta property=\"og:image:height\" content=\"238\" \/>\n\t<meta property=\"og:image:type\" content=\"image\/jpeg\" \/>\n<meta name=\"twitter:card\" content=\"summary_large_image\" \/>\n<meta name=\"twitter:description\" content=\"CineWind CW20 is a compact 100\u202fW photography fan with 150\u202fkm\/h wind speed, USB-C fast charging, and durable aluminum body\u2014perfect for on-set environmental effects.\" \/>\n<meta name=\"twitter:label1\" content=\"Dur\u00e9e de lecture estim\u00e9e\" \/>\n\t<meta name=\"twitter:data1\" content=\"2 minutes\" \/>\n<script type=\"application\/ld+json\" class=\"yoast-schema-graph\">{\"@context\":\"https:\/\/schema.org\",\"@graph\":[{\"@type\":\"WebPage\",\"@id\":\"https:\/\/www.cinesouk.ma\/product\/cinewind-cw20\/\",\"url\":\"https:\/\/www.cinesouk.ma\/product\/cinewind-cw20\/\",\"name\":\"CineWind CW20 - CineSouk - Marrakech | Morocco - For rent\",\"isPartOf\":{\"@id\":\"https:\/\/www.cinesouk.ma\/#website\"},\"primaryImageOfPage\":{\"@id\":\"https:\/\/www.cinesouk.ma\/product\/cinewind-cw20\/#primaryimage\"},\"image\":{\"@id\":\"https:\/\/www.cinesouk.ma\/product\/cinewind-cw20\/#primaryimage\"},\"thumbnailUrl\":\"https:\/\/www.cinesouk.ma\/wp-content\/uploads\/2025\/07\/CineWind-CW20.jpg\",\"datePublished\":\"2025-07-17T14:47:01+00:00\",\"dateModified\":\"2025-08-18T08:31:20+00:00\",\"description\":\"CineWind CW20 is a compact 100\u202fW photography fan with 150\u202fkm\/h wind speed, USB-C fast charging, and durable aluminum body\u2014perfect for on-set environmental effects.\",\"breadcrumb\":{\"@id\":\"https:\/\/www.cinesouk.ma\/product\/cinewind-cw20\/#breadcrumb\"},\"inLanguage\":\"fr-FR\",\"potentialAction\":[{\"@type\":\"ReadAction\",\"target\":[\"https:\/\/www.cinesouk.ma\/product\/cinewind-cw20\/\"]}]},{\"@type\":\"ImageObject\",\"inLanguage\":\"fr-FR\",\"@id\":\"https:\/\/www.cinesouk.ma\/product\/cinewind-cw20\/#primaryimage\",\"url\":\"https:\/\/www.cinesouk.ma\/wp-content\/uploads\/2025\/07\/CineWind-CW20.jpg\",\"contentUrl\":\"https:\/\/www.cinesouk.ma\/wp-content\/uploads\/2025\/07\/CineWind-CW20.jpg\",\"width\":300,\"height\":238,\"caption\":\"CineWind CW20\"},{\"@type\":\"BreadcrumbList\",\"@id\":\"https:\/\/www.cinesouk.ma\/product\/cinewind-cw20\/#breadcrumb\",\"itemListElement\":[{\"@type\":\"ListItem\",\"position\":1,\"name\":\"Home\",\"item\":\"https:\/\/www.cinesouk.ma\/\"},{\"@type\":\"ListItem\",\"position\":2,\"name\":\"Shop\",\"item\":\"https:\/\/www.cinesouk.ma\/shop\/\"},{\"@type\":\"ListItem\",\"position\":3,\"name\":\"CineWind CW20\"}]},{\"@type\":\"WebSite\",\"@id\":\"https:\/\/www.cinesouk.ma\/#website\",\"url\":\"https:\/\/www.cinesouk.ma\/\",\"name\":\"CineSouk\",\"description\":\"\",\"publisher\":{\"@id\":\"https:\/\/www.cinesouk.ma\/#organization\"},\"potentialAction\":[{\"@type\":\"SearchAction\",\"target\":{\"@type\":\"EntryPoint\",\"urlTemplate\":\"https:\/\/www.cinesouk.ma\/?s={search_term_string}\"},\"query-input\":{\"@type\":\"PropertyValueSpecification\",\"valueRequired\":true,\"valueName\":\"search_term_string\"}}],\"inLanguage\":\"fr-FR\"},{\"@type\":\"Organization\",\"@id\":\"https:\/\/www.cinesouk.ma\/#organization\",\"name\":\"CineSouk\",\"url\":\"https:\/\/www.cinesouk.ma\/\",\"logo\":{\"@type\":\"ImageObject\",\"inLanguage\":\"fr-FR\",\"@id\":\"https:\/\/www.cinesouk.ma\/#\/schema\/logo\/image\/\",\"url\":\"https:\/\/www.cinesouk.ma\/wp-content\/uploads\/2024\/01\/CineSouk-logo-v01-alpha-alligned-left.png\",\"contentUrl\":\"https:\/\/www.cinesouk.ma\/wp-content\/uploads\/2024\/01\/CineSouk-logo-v01-alpha-alligned-left.png\",\"width\":3204,\"height\":889,\"caption\":\"CineSouk\"},\"image\":{\"@id\":\"https:\/\/www.cinesouk.ma\/#\/schema\/logo\/image\/\"}}]}<\/script>\n<!-- \/ Yoast SEO Premium plugin. -->","yoast_head_json":{"title":"CineWind CW20 - CineSouk - Marrakech | Morocco - For rent","description":"CineWind CW20 is a compact 100\u202fW photography fan with 150\u202fkm\/h wind speed, USB-C fast charging, and durable aluminum body\u2014perfect for on-set environmental effects.","robots":{"index":"index","follow":"follow","max-snippet":"max-snippet:-1","max-image-preview":"max-image-preview:large","max-video-preview":"max-video-preview:-1"},"canonical":"https:\/\/www.cinesouk.ma\/fr\/produit\/cinewind-cw20\/","og_locale":"fr_FR","og_type":"article","og_title":"CineWind CW20","og_description":"CineWind CW20 is a compact 100\u202fW photography fan with 150\u202fkm\/h wind speed, USB-C fast charging, and durable aluminum body\u2014perfect for on-set environmental effects.","og_url":"https:\/\/www.cinesouk.ma\/fr\/produit\/cinewind-cw20\/","og_site_name":"CineSouk","article_modified_time":"2025-08-18T08:31:20+00:00","og_image":[{"width":300,"height":238,"url":"https:\/\/www.cinesouk.ma\/wp-content\/uploads\/2025\/07\/CineWind-CW20.jpg","type":"image\/jpeg"}],"twitter_card":"summary_large_image","twitter_description":"CineWind CW20 is a compact 100\u202fW photography fan with 150\u202fkm\/h wind speed, USB-C fast charging, and durable aluminum body\u2014perfect for on-set environmental effects.","twitter_misc":{"Dur\u00e9e de lecture estim\u00e9e":"2 minutes"},"schema":{"@context":"https:\/\/schema.org","@graph":[{"@type":"WebPage","@id":"https:\/\/www.cinesouk.ma\/product\/cinewind-cw20\/","url":"https:\/\/www.cinesouk.ma\/product\/cinewind-cw20\/","name":"CineWind CW20 - CineSouk - Marrakech | Morocco - For rent","isPartOf":{"@id":"https:\/\/www.cinesouk.ma\/#website"},"primaryImageOfPage":{"@id":"https:\/\/www.cinesouk.ma\/product\/cinewind-cw20\/#primaryimage"},"image":{"@id":"https:\/\/www.cinesouk.ma\/product\/cinewind-cw20\/#primaryimage"},"thumbnailUrl":"https:\/\/www.cinesouk.ma\/wp-content\/uploads\/2025\/07\/CineWind-CW20.jpg","datePublished":"2025-07-17T14:47:01+00:00","dateModified":"2025-08-18T08:31:20+00:00","description":"CineWind CW20 is a compact 100\u202fW photography fan with 150\u202fkm\/h wind speed, USB-C fast charging, and durable aluminum body\u2014perfect for on-set environmental effects.","breadcrumb":{"@id":"https:\/\/www.cinesouk.ma\/product\/cinewind-cw20\/#breadcrumb"},"inLanguage":"fr-FR","potentialAction":[{"@type":"ReadAction","target":["https:\/\/www.cinesouk.ma\/product\/cinewind-cw20\/"]}]},{"@type":"ImageObject","inLanguage":"fr-FR","@id":"https:\/\/www.cinesouk.ma\/product\/cinewind-cw20\/#primaryimage","url":"https:\/\/www.cinesouk.ma\/wp-content\/uploads\/2025\/07\/CineWind-CW20.jpg","contentUrl":"https:\/\/www.cinesouk.ma\/wp-content\/uploads\/2025\/07\/CineWind-CW20.jpg","width":300,"height":238,"caption":"CineWind CW20"},{"@type":"BreadcrumbList","@id":"https:\/\/www.cinesouk.ma\/product\/cinewind-cw20\/#breadcrumb","itemListElement":[{"@type":"ListItem","position":1,"name":"Home","item":"https:\/\/www.cinesouk.ma\/"},{"@type":"ListItem","position":2,"name":"Shop","item":"https:\/\/www.cinesouk.ma\/shop\/"},{"@type":"ListItem","position":3,"name":"CineWind CW20"}]},{"@type":"WebSite","@id":"https:\/\/www.cinesouk.ma\/#website","url":"https:\/\/www.cinesouk.ma\/","name":"CineSouk","description":"","publisher":{"@id":"https:\/\/www.cinesouk.ma\/#organization"},"potentialAction":[{"@type":"SearchAction","target":{"@type":"EntryPoint","urlTemplate":"https:\/\/www.cinesouk.ma\/?s={search_term_string}"},"query-input":{"@type":"PropertyValueSpecification","valueRequired":true,"valueName":"search_term_string"}}],"inLanguage":"fr-FR"},{"@type":"Organization","@id":"https:\/\/www.cinesouk.ma\/#organization","name":"CineSouk","url":"https:\/\/www.cinesouk.ma\/","logo":{"@type":"ImageObject","inLanguage":"fr-FR","@id":"https:\/\/www.cinesouk.ma\/#\/schema\/logo\/image\/","url":"https:\/\/www.cinesouk.ma\/wp-content\/uploads\/2024\/01\/CineSouk-logo-v01-alpha-alligned-left.png","contentUrl":"https:\/\/www.cinesouk.ma\/wp-content\/uploads\/2024\/01\/CineSouk-logo-v01-alpha-alligned-left.png","width":3204,"height":889,"caption":"CineSouk"},"image":{"@id":"https:\/\/www.cinesouk.ma\/#\/schema\/logo\/image\/"}}]}},"_links":{"self":[{"href":"https:\/\/www.cinesouk.ma\/fr\/wp-json\/wp\/v2\/product\/13951","targetHints":{"allow":["GET"]}}],"collection":[{"href":"https:\/\/www.cinesouk.ma\/fr\/wp-json\/wp\/v2\/product"}],"about":[{"href":"https:\/\/www.cinesouk.ma\/fr\/wp-json\/wp\/v2\/types\/product"}],"wp:featuredmedia":[{"embeddable":true,"href":"https:\/\/www.cinesouk.ma\/fr\/wp-json\/wp\/v2\/media\/13962"}],"wp:attachment":[{"href":"https:\/\/www.cinesouk.ma\/fr\/wp-json\/wp\/v2\/media?parent=13951"}],"wp:term":[{"taxonomy":"product_brand","embeddable":true,"href":"https:\/\/www.cinesouk.ma\/fr\/wp-json\/wp\/v2\/product_brand?post=13951"},{"taxonomy":"product_cat","embeddable":true,"href":"https:\/\/www.cinesouk.ma\/fr\/wp-json\/wp\/v2\/product_cat?post=13951"},{"taxonomy":"product_tag","embeddable":true,"href":"https:\/\/www.cinesouk.ma\/fr\/wp-json\/wp\/v2\/product_tag?post=13951"}],"curies":[{"name":"wp","href":"https:\/\/api.w.org\/{rel}","templated":true}]}}