{"id":14184,"date":"2025-08-18T15:06:29","date_gmt":"2025-08-18T15:06:29","guid":{"rendered":"https:\/\/www.cinesouk.ma\/?post_type=product&#038;p=14184"},"modified":"2025-08-25T15:28:26","modified_gmt":"2025-08-25T15:28:26","slug":"cinesouk-dit-mastercart-livegrade-resolve-studio","status":"publish","type":"product","link":"https:\/\/www.cinesouk.ma\/fr\/produit\/cinesouk-dit-mastercart-livegrade-resolve-studio\/","title":{"rendered":"CineSouk DIT MasterCart production kit (incl Resolve Studio)"},"content":{"rendered":"<p data-start=\"71\" data-end=\"372\"><strong data-start=\"71\" data-end=\"98\">Syst\u00e8me de soutien complet<\/strong> - Cette configuration comprend un rail de vitesse Dana Dolly et des pieds combin\u00e9s Avenger durables, offrant une plate-forme stable et fiable pour des mouvements de dolly fluides. Con\u00e7ue pour les cin\u00e9astes professionnels, cette combinaison garantit des performances optimales pour les tournages en studio et en ext\u00e9rieur.<\/p>\n<p data-start=\"374\" data-end=\"681\"><strong data-start=\"374\" data-end=\"401\">Construction robuste<\/strong> - Le speedrail est fabriqu\u00e9 en aluminium haute r\u00e9sistance, ce qui lui conf\u00e8re une rigidit\u00e9 exceptionnelle tout en supportant des cam\u00e9ras lourdes. Les pieds combin\u00e9s Avenger CS1010CS et A1020CS sont quant \u00e0 eux dot\u00e9s d'une construction en acier renforc\u00e9 pour une solidit\u00e9 sup\u00e9rieure et une durabilit\u00e9 \u00e0 long terme.<\/p>\n<p data-start=\"683\" data-end=\"932\"><strong data-start=\"683\" data-end=\"704\">Hauteur r\u00e9glable<\/strong> - Le pied A1020CS s'\u00e9tend jusqu'\u00e0 200 cm (6,5 ft), ce qui permet de r\u00e9aliser des installations de dolly polyvalentes. Le pied CS1010CS, de conception compacte, est r\u00e9glable en hauteur, ce qui le rend id\u00e9al pour divers besoins de production.<\/p>\n<p data-start=\"178\" data-end=\"259\"><strong data-start=\"178\" data-end=\"259\">(DIT Resolve Live Grade Kit \u2013 Premium On-Set Color Grading &amp; Look Management)<\/strong><\/p>\n<p data-start=\"261\" data-end=\"751\">Le <strong data-start=\"265\" data-end=\"313\">CineSouk DIT LiveGrade + Resolve Studio Cart<\/strong> is a high-end, mobile digital imaging technician (DIT) solution designed for commercials, feature films, and high-end series. It combines powerful real-time look management, live grading capabilities, and accurate reference monitoring in a rugged cart-based setup. Powered by <strong data-start=\"590\" data-end=\"613\">EcoFlow DELTA 2 Max<\/strong> battery for silent operation, this turnkey system enables colorists and DITs to manage camera workflows on set efficiently and precisely.<\/p>\n<h3 data-start=\"758\" data-end=\"782\">\u00a0<strong data-start=\"764\" data-end=\"782\">Kit Components<\/strong><\/h3>\n<div class=\"_tableContainer_1rjym_1\">\n<div class=\"_tableWrapper_1rjym_13 group flex w-fit flex-col-reverse\" tabindex=\"-1\">\n<table class=\"w-fit min-w-(--thread-content-width)\" style=\"height: 313px;\" width=\"1060\" data-start=\"784\" data-end=\"1753\">\n<thead data-start=\"784\" data-end=\"807\">\n<tr data-start=\"784\" data-end=\"807\">\n<th data-start=\"784\" data-end=\"796\" data-col-size=\"sm\">Component<\/th>\n<th data-start=\"796\" data-end=\"807\" data-col-size=\"md\">Details<\/th>\n<\/tr>\n<\/thead>\n<tbody data-start=\"831\" data-end=\"1753\">\n<tr data-start=\"831\" data-end=\"937\">\n<td data-start=\"831\" data-end=\"859\" data-col-size=\"sm\"><strong data-start=\"833\" data-end=\"858\">EIZO ColorEdge CG2420<\/strong><\/td>\n<td data-start=\"859\" data-end=\"937\" data-col-size=\"md\">24.1\u201d WQHD calibrated reference monitor with built-in hardware calibration<\/td>\n<\/tr>\n<tr data-start=\"938\" data-end=\"1025\">\n<td data-start=\"938\" data-end=\"967\" data-col-size=\"sm\"><strong data-start=\"940\" data-end=\"966\">MacBook Pro M2 Pro\/Max<\/strong><\/td>\n<td data-start=\"967\" data-end=\"1025\" data-col-size=\"md\">Running Pomfort LiveGrade Pro &amp; DaVinci Resolve Studio<\/td>\n<\/tr>\n<tr data-start=\"1026\" data-end=\"1134\">\n<td data-start=\"1026\" data-end=\"1055\" data-col-size=\"sm\"><strong data-start=\"1028\" data-end=\"1054\">DaVinci Resolve Studio<\/strong><\/td>\n<td data-start=\"1055\" data-end=\"1134\" data-col-size=\"md\">Full license included for live conforming, look matching, and quick exports<\/td>\n<\/tr>\n<tr data-start=\"1135\" data-end=\"1228\">\n<td data-start=\"1135\" data-end=\"1158\" data-col-size=\"sm\"><strong data-start=\"1137\" data-end=\"1157\">Adicam MAX+ Cart<\/strong><\/td>\n<td data-start=\"1158\" data-end=\"1228\" data-col-size=\"md\">Mobile workstation platform with dual shelves and accessory mounts<\/td>\n<\/tr>\n<tr data-start=\"1229\" data-end=\"1308\">\n<td data-start=\"1229\" data-end=\"1248\" data-col-size=\"sm\"><strong data-start=\"1231\" data-end=\"1247\">iWorkCase V3<\/strong><\/td>\n<td data-start=\"1248\" data-end=\"1308\" data-col-size=\"md\">Rugged MacBook mounting system for secure cart operation<\/td>\n<\/tr>\n<tr data-start=\"1309\" data-end=\"1410\">\n<td data-start=\"1309\" data-end=\"1349\" data-col-size=\"sm\"><strong data-start=\"1311\" data-end=\"1348\">Blackmagic UltraStudio 4K Mini \u00d72<\/strong><\/td>\n<td data-start=\"1349\" data-end=\"1410\" data-col-size=\"md\">Dual SDI ingest\/output interfaces for multi-cam workflows<\/td>\n<\/tr>\n<tr data-start=\"1411\" data-end=\"1494\">\n<td data-start=\"1411\" data-end=\"1431\" data-col-size=\"sm\"><strong data-start=\"1413\" data-end=\"1430\">Tangent Wave2<\/strong><\/td>\n<td data-start=\"1431\" data-end=\"1494\" data-col-size=\"md\">Professional 3-ring grading panel for precise look creation<\/td>\n<\/tr>\n<tr data-start=\"1495\" data-end=\"1561\">\n<td data-start=\"1495\" data-end=\"1518\" data-col-size=\"sm\"><strong data-start=\"1497\" data-end=\"1517\">Atomos Sumo 19SE<\/strong><\/td>\n<td data-start=\"1518\" data-end=\"1561\" data-col-size=\"md\">19\u201d HDR client monitor with LUT preview<\/td>\n<\/tr>\n<tr data-start=\"1562\" data-end=\"1658\">\n<td data-start=\"1562\" data-end=\"1588\" data-col-size=\"sm\"><strong data-start=\"1564\" data-end=\"1587\">EcoFlow DELTA 2 Max<\/strong><\/td>\n<td data-start=\"1588\" data-end=\"1658\" data-col-size=\"md\">Silent battery power supply for off-grid or quiet set environments<\/td>\n<\/tr>\n<tr data-start=\"1659\" data-end=\"1753\">\n<td data-start=\"1659\" data-end=\"1694\" data-col-size=\"sm\"><strong data-start=\"1661\" data-end=\"1693\">Cabling &amp; Power Distribution<\/strong><\/td>\n<td data-start=\"1694\" data-end=\"1753\" data-col-size=\"md\">Full SDI, HDMI, DisplayPort, and power cabling included<\/td>\n<\/tr>\n<\/tbody>\n<\/table>\n<p>&nbsp;<\/p>\n<\/div>\n<\/div>\n<p>Louez-le maintenant sur <a href=\"https:\/\/www.cinesouk.ma\/fr\">CINESOUK<\/a> - une marque de <a href=\"https:\/\/www.broadway.ma\/\">BROADWAY PRODUCTIONS SARL.<\/a><\/p>","protected":false},"excerpt":{"rendered":"<h3 data-start=\"977\" data-end=\"1001\"><strong data-start=\"981\" data-end=\"999\">Sp\u00e9cifications<\/strong><\/h3>\n<p>We offer additional hardware and software upon request<br \/>\nLive Color Grading On Set \u2013 Real-time look creation and matching with precision<br \/>\nDual SDI I\/O \u2013 Seamless ingest and graded output for multi-camera shoots<br \/>\nHDR Monitoring \u2013 Calibrated EIZO and Sumo 19SE deliver reference-grade image accuracy<br \/>\nSilent Power \u2013 Battery-operated for indoor, remote, or sensitive audio environments<br \/>\nFull Resolve Studio Integration \u2013 On-set conforming, editing, or dailies possible<\/p>","protected":false},"featured_media":14195,"template":"","meta":{"om_disable_all_campaigns":false,"_monsterinsights_skip_tracking":false,"_monsterinsights_sitenote_active":false,"_monsterinsights_sitenote_note":"","_monsterinsights_sitenote_category":0,"_uf_show_specific_survey":0,"_uf_disable_surveys":false},"product_brand":[],"product_cat":[76,84,51,52,113,59,32,114,75],"product_tag":[],"class_list":{"0":"post-14184","1":"product","2":"type-product","3":"status-publish","4":"has-post-thumbnail","6":"product_cat-bundles-and-kits-cinesouk","7":"product_cat-dit-cinesouk","8":"product_cat-featured-cinesouk","9":"product_cat-multicam-cinesouk","10":"product_cat-multicam-eventsouk","11":"product_cat-post-production-cinesouk","12":"product_cat-streaming-cinesouk","13":"product_cat-streaming-eventsouk","14":"product_cat-tripod-and-support-cinesouk","16":"entry","17":"has-media","19":"first","20":"instock","21":"taxable","22":"shipping-taxable","23":"purchasable","24":"product-type-variable","25":"has-product-nav","26":"col","27":"span_1_of_3","28":"owp-content-center","29":"owp-thumbs-layout-horizontal","30":"owp-btn-normal","31":"owp-tabs-layout-horizontal"},"yoast_head":"<!-- This site is optimized with the Yoast SEO Premium plugin v26.0 (Yoast SEO v26.0) - https:\/\/yoast.com\/wordpress\/plugins\/seo\/ -->\n<title>CineSouk DIT MasterCart production kit (incl Resolve Studio) - CineSouk<\/title>\n<meta name=\"description\" content=\"CineSouk DIT LiveGrade Cart: Professional on-set color grading kit with EIZO monitor, dual UltraStudio I\/O, Resolve Studio, and EcoFlow battery. Ideal for commercial and cinematic workflows.\" \/>\n<meta name=\"robots\" content=\"index, follow, max-snippet:-1, max-image-preview:large, max-video-preview:-1\" \/>\n<link rel=\"canonical\" href=\"https:\/\/www.cinesouk.ma\/fr\/produit\/cinesouk-dit-mastercart-livegrade-resolve-studio\/\" \/>\n<meta property=\"og:locale\" content=\"fr_FR\" \/>\n<meta property=\"og:type\" content=\"article\" \/>\n<meta property=\"og:title\" content=\"CineSouk DIT MasterCart production kit (incl Resolve Studio)\" \/>\n<meta property=\"og:description\" content=\"CineSouk DIT LiveGrade Cart: Professional on-set color grading kit with EIZO monitor, dual UltraStudio I\/O, Resolve Studio, and EcoFlow battery. Ideal for commercial and cinematic workflows.\" \/>\n<meta property=\"og:url\" content=\"https:\/\/www.cinesouk.ma\/fr\/produit\/cinesouk-dit-mastercart-livegrade-resolve-studio\/\" \/>\n<meta property=\"og:site_name\" content=\"CineSouk\" \/>\n<meta property=\"article:modified_time\" content=\"2025-08-25T15:28:26+00:00\" \/>\n<meta property=\"og:image\" content=\"https:\/\/www.cinesouk.ma\/wp-content\/uploads\/2025\/08\/10.jpg\" \/>\n\t<meta property=\"og:image:width\" content=\"300\" \/>\n\t<meta property=\"og:image:height\" content=\"238\" \/>\n\t<meta property=\"og:image:type\" content=\"image\/jpeg\" \/>\n<meta name=\"twitter:card\" content=\"summary_large_image\" \/>\n<meta name=\"twitter:description\" content=\"The Dana Dolly Speedrail &amp; Avenger Combo Stands provide a strong, stable dolly system with smooth motion, adjustable height, and professional-grade construction for film production.\" \/>\n<meta name=\"twitter:label1\" content=\"Dur\u00e9e de lecture estim\u00e9e\" \/>\n\t<meta name=\"twitter:data1\" content=\"2 minutes\" \/>\n<script type=\"application\/ld+json\" class=\"yoast-schema-graph\">{\"@context\":\"https:\/\/schema.org\",\"@graph\":[{\"@type\":\"WebPage\",\"@id\":\"https:\/\/www.cinesouk.ma\/product\/cinesouk-dit-mastercart-livegrade-resolve-studio\/\",\"url\":\"https:\/\/www.cinesouk.ma\/product\/cinesouk-dit-mastercart-livegrade-resolve-studio\/\",\"name\":\"CineSouk DIT MasterCart production kit (incl Resolve Studio) - CineSouk\",\"isPartOf\":{\"@id\":\"https:\/\/www.cinesouk.ma\/#website\"},\"primaryImageOfPage\":{\"@id\":\"https:\/\/www.cinesouk.ma\/product\/cinesouk-dit-mastercart-livegrade-resolve-studio\/#primaryimage\"},\"image\":{\"@id\":\"https:\/\/www.cinesouk.ma\/product\/cinesouk-dit-mastercart-livegrade-resolve-studio\/#primaryimage\"},\"thumbnailUrl\":\"https:\/\/www.cinesouk.ma\/wp-content\/uploads\/2025\/08\/10.jpg\",\"datePublished\":\"2025-08-18T15:06:29+00:00\",\"dateModified\":\"2025-08-25T15:28:26+00:00\",\"description\":\"CineSouk DIT LiveGrade Cart: Professional on-set color grading kit with EIZO monitor, dual UltraStudio I\/O, Resolve Studio, and EcoFlow battery. Ideal for commercial and cinematic workflows.\",\"breadcrumb\":{\"@id\":\"https:\/\/www.cinesouk.ma\/product\/cinesouk-dit-mastercart-livegrade-resolve-studio\/#breadcrumb\"},\"inLanguage\":\"fr-FR\",\"potentialAction\":[{\"@type\":\"ReadAction\",\"target\":[\"https:\/\/www.cinesouk.ma\/product\/cinesouk-dit-mastercart-livegrade-resolve-studio\/\"]}]},{\"@type\":\"ImageObject\",\"inLanguage\":\"fr-FR\",\"@id\":\"https:\/\/www.cinesouk.ma\/product\/cinesouk-dit-mastercart-livegrade-resolve-studio\/#primaryimage\",\"url\":\"https:\/\/www.cinesouk.ma\/wp-content\/uploads\/2025\/08\/10.jpg\",\"contentUrl\":\"https:\/\/www.cinesouk.ma\/wp-content\/uploads\/2025\/08\/10.jpg\",\"width\":300,\"height\":238},{\"@type\":\"BreadcrumbList\",\"@id\":\"https:\/\/www.cinesouk.ma\/product\/cinesouk-dit-mastercart-livegrade-resolve-studio\/#breadcrumb\",\"itemListElement\":[{\"@type\":\"ListItem\",\"position\":1,\"name\":\"Home\",\"item\":\"https:\/\/www.cinesouk.ma\/\"},{\"@type\":\"ListItem\",\"position\":2,\"name\":\"Shop\",\"item\":\"https:\/\/www.cinesouk.ma\/shop\/\"},{\"@type\":\"ListItem\",\"position\":3,\"name\":\"CineSouk DIT MasterCart production kit (incl Resolve Studio)\"}]},{\"@type\":\"WebSite\",\"@id\":\"https:\/\/www.cinesouk.ma\/#website\",\"url\":\"https:\/\/www.cinesouk.ma\/\",\"name\":\"CineSouk\",\"description\":\"\",\"publisher\":{\"@id\":\"https:\/\/www.cinesouk.ma\/#organization\"},\"potentialAction\":[{\"@type\":\"SearchAction\",\"target\":{\"@type\":\"EntryPoint\",\"urlTemplate\":\"https:\/\/www.cinesouk.ma\/?s={search_term_string}\"},\"query-input\":{\"@type\":\"PropertyValueSpecification\",\"valueRequired\":true,\"valueName\":\"search_term_string\"}}],\"inLanguage\":\"fr-FR\"},{\"@type\":\"Organization\",\"@id\":\"https:\/\/www.cinesouk.ma\/#organization\",\"name\":\"CineSouk\",\"url\":\"https:\/\/www.cinesouk.ma\/\",\"logo\":{\"@type\":\"ImageObject\",\"inLanguage\":\"fr-FR\",\"@id\":\"https:\/\/www.cinesouk.ma\/#\/schema\/logo\/image\/\",\"url\":\"https:\/\/www.cinesouk.ma\/wp-content\/uploads\/2024\/01\/CineSouk-logo-v01-alpha-alligned-left.png\",\"contentUrl\":\"https:\/\/www.cinesouk.ma\/wp-content\/uploads\/2024\/01\/CineSouk-logo-v01-alpha-alligned-left.png\",\"width\":3204,\"height\":889,\"caption\":\"CineSouk\"},\"image\":{\"@id\":\"https:\/\/www.cinesouk.ma\/#\/schema\/logo\/image\/\"}}]}<\/script>\n<!-- \/ Yoast SEO Premium plugin. -->","yoast_head_json":{"title":"CineSouk DIT MasterCart production kit (incl Resolve Studio) - CineSouk","description":"CineSouk DIT LiveGrade Cart: Professional on-set color grading kit with EIZO monitor, dual UltraStudio I\/O, Resolve Studio, and EcoFlow battery. Ideal for commercial and cinematic workflows.","robots":{"index":"index","follow":"follow","max-snippet":"max-snippet:-1","max-image-preview":"max-image-preview:large","max-video-preview":"max-video-preview:-1"},"canonical":"https:\/\/www.cinesouk.ma\/fr\/produit\/cinesouk-dit-mastercart-livegrade-resolve-studio\/","og_locale":"fr_FR","og_type":"article","og_title":"CineSouk DIT MasterCart production kit (incl Resolve Studio)","og_description":"CineSouk DIT LiveGrade Cart: Professional on-set color grading kit with EIZO monitor, dual UltraStudio I\/O, Resolve Studio, and EcoFlow battery. Ideal for commercial and cinematic workflows.","og_url":"https:\/\/www.cinesouk.ma\/fr\/produit\/cinesouk-dit-mastercart-livegrade-resolve-studio\/","og_site_name":"CineSouk","article_modified_time":"2025-08-25T15:28:26+00:00","og_image":[{"width":300,"height":238,"url":"https:\/\/www.cinesouk.ma\/wp-content\/uploads\/2025\/08\/10.jpg","type":"image\/jpeg"}],"twitter_card":"summary_large_image","twitter_description":"The Dana Dolly Speedrail & Avenger Combo Stands provide a strong, stable dolly system with smooth motion, adjustable height, and professional-grade construction for film production.","twitter_misc":{"Dur\u00e9e de lecture estim\u00e9e":"2 minutes"},"schema":{"@context":"https:\/\/schema.org","@graph":[{"@type":"WebPage","@id":"https:\/\/www.cinesouk.ma\/product\/cinesouk-dit-mastercart-livegrade-resolve-studio\/","url":"https:\/\/www.cinesouk.ma\/product\/cinesouk-dit-mastercart-livegrade-resolve-studio\/","name":"CineSouk DIT MasterCart production kit (incl Resolve Studio) - CineSouk","isPartOf":{"@id":"https:\/\/www.cinesouk.ma\/#website"},"primaryImageOfPage":{"@id":"https:\/\/www.cinesouk.ma\/product\/cinesouk-dit-mastercart-livegrade-resolve-studio\/#primaryimage"},"image":{"@id":"https:\/\/www.cinesouk.ma\/product\/cinesouk-dit-mastercart-livegrade-resolve-studio\/#primaryimage"},"thumbnailUrl":"https:\/\/www.cinesouk.ma\/wp-content\/uploads\/2025\/08\/10.jpg","datePublished":"2025-08-18T15:06:29+00:00","dateModified":"2025-08-25T15:28:26+00:00","description":"CineSouk DIT LiveGrade Cart: Professional on-set color grading kit with EIZO monitor, dual UltraStudio I\/O, Resolve Studio, and EcoFlow battery. Ideal for commercial and cinematic workflows.","breadcrumb":{"@id":"https:\/\/www.cinesouk.ma\/product\/cinesouk-dit-mastercart-livegrade-resolve-studio\/#breadcrumb"},"inLanguage":"fr-FR","potentialAction":[{"@type":"ReadAction","target":["https:\/\/www.cinesouk.ma\/product\/cinesouk-dit-mastercart-livegrade-resolve-studio\/"]}]},{"@type":"ImageObject","inLanguage":"fr-FR","@id":"https:\/\/www.cinesouk.ma\/product\/cinesouk-dit-mastercart-livegrade-resolve-studio\/#primaryimage","url":"https:\/\/www.cinesouk.ma\/wp-content\/uploads\/2025\/08\/10.jpg","contentUrl":"https:\/\/www.cinesouk.ma\/wp-content\/uploads\/2025\/08\/10.jpg","width":300,"height":238},{"@type":"BreadcrumbList","@id":"https:\/\/www.cinesouk.ma\/product\/cinesouk-dit-mastercart-livegrade-resolve-studio\/#breadcrumb","itemListElement":[{"@type":"ListItem","position":1,"name":"Home","item":"https:\/\/www.cinesouk.ma\/"},{"@type":"ListItem","position":2,"name":"Shop","item":"https:\/\/www.cinesouk.ma\/shop\/"},{"@type":"ListItem","position":3,"name":"CineSouk DIT MasterCart production kit (incl Resolve Studio)"}]},{"@type":"WebSite","@id":"https:\/\/www.cinesouk.ma\/#website","url":"https:\/\/www.cinesouk.ma\/","name":"CineSouk","description":"","publisher":{"@id":"https:\/\/www.cinesouk.ma\/#organization"},"potentialAction":[{"@type":"SearchAction","target":{"@type":"EntryPoint","urlTemplate":"https:\/\/www.cinesouk.ma\/?s={search_term_string}"},"query-input":{"@type":"PropertyValueSpecification","valueRequired":true,"valueName":"search_term_string"}}],"inLanguage":"fr-FR"},{"@type":"Organization","@id":"https:\/\/www.cinesouk.ma\/#organization","name":"CineSouk","url":"https:\/\/www.cinesouk.ma\/","logo":{"@type":"ImageObject","inLanguage":"fr-FR","@id":"https:\/\/www.cinesouk.ma\/#\/schema\/logo\/image\/","url":"https:\/\/www.cinesouk.ma\/wp-content\/uploads\/2024\/01\/CineSouk-logo-v01-alpha-alligned-left.png","contentUrl":"https:\/\/www.cinesouk.ma\/wp-content\/uploads\/2024\/01\/CineSouk-logo-v01-alpha-alligned-left.png","width":3204,"height":889,"caption":"CineSouk"},"image":{"@id":"https:\/\/www.cinesouk.ma\/#\/schema\/logo\/image\/"}}]}},"_links":{"self":[{"href":"https:\/\/www.cinesouk.ma\/fr\/wp-json\/wp\/v2\/product\/14184","targetHints":{"allow":["GET"]}}],"collection":[{"href":"https:\/\/www.cinesouk.ma\/fr\/wp-json\/wp\/v2\/product"}],"about":[{"href":"https:\/\/www.cinesouk.ma\/fr\/wp-json\/wp\/v2\/types\/product"}],"wp:featuredmedia":[{"embeddable":true,"href":"https:\/\/www.cinesouk.ma\/fr\/wp-json\/wp\/v2\/media\/14195"}],"wp:attachment":[{"href":"https:\/\/www.cinesouk.ma\/fr\/wp-json\/wp\/v2\/media?parent=14184"}],"wp:term":[{"taxonomy":"product_brand","embeddable":true,"href":"https:\/\/www.cinesouk.ma\/fr\/wp-json\/wp\/v2\/product_brand?post=14184"},{"taxonomy":"product_cat","embeddable":true,"href":"https:\/\/www.cinesouk.ma\/fr\/wp-json\/wp\/v2\/product_cat?post=14184"},{"taxonomy":"product_tag","embeddable":true,"href":"https:\/\/www.cinesouk.ma\/fr\/wp-json\/wp\/v2\/product_tag?post=14184"}],"curies":[{"name":"wp","href":"https:\/\/api.w.org\/{rel}","templated":true}]}}