{"id":14479,"date":"2025-09-03T08:47:53","date_gmt":"2025-09-03T08:47:53","guid":{"rendered":"https:\/\/www.cinesouk.ma\/?post_type=product&#038;p=14479"},"modified":"2025-10-30T12:49:14","modified_gmt":"2025-10-30T12:49:14","slug":"steadicam-operator-arri-artemis-custom-quote","status":"publish","type":"product","link":"https:\/\/www.cinesouk.ma\/fr\/produit\/steadicam-operator-arri-artemis-custom-quote\/","title":{"rendered":"Op\u00e9rateur Steadicam (ARRI Artemis) \u2013 devis personnalis\u00e9"},"content":{"rendered":"<p data-start=\"278\" data-end=\"617\">Vous recherchez un <strong data-start=\"292\" data-end=\"325\">op\u00e9rateur Steadicam au Maroc<\/strong> pour votre prochain tournage\u202f? Notre complet et performant <em data-start=\"365\" data-end=\"388\">steadicam (steadycam)<\/em> kit est con\u00e7u pour des mouvements de cam\u00e9ra cin\u00e9matographiques, offrant une stabilit\u00e9 optimale et un contr\u00f4le professionnel. Parfait pour les publicit\u00e9s, clips musicaux, longs m\u00e9trages et productions haut de gamme \u00e0 Marrakech, Casablanca, Ouarzazate et au-del\u00e0.<\/p>\n<p data-start=\"619\" data-end=\"923\">This package includes an experienced <strong data-start=\"656\" data-end=\"678\">steadicam operator<\/strong>, trained at the prestigious <strong data-start=\"707\" data-end=\"769\">Steadicam Operators Association (SOA) in the United States<\/strong>, with hands-on education in advanced camera stabilization and movement techniques. You&#8217;re not just renting gear \u2014 you&#8217;re hiring a certified professional.<\/p>\n<p>Whether you&#8217;re shooting a <strong data-start=\"1934\" data-end=\"1963\">feature film in Marrakech<\/strong>, a <strong data-start=\"1967\" data-end=\"2000\">corporate video in Casablanca<\/strong>, or a <strong data-start=\"2007\" data-end=\"2033\">commercial on location<\/strong>, this <strong data-start=\"2040\" data-end=\"2071\">steadicam (steadycam) setup<\/strong> delivers professional, cinematic movement \u2014 even in challenging environments. Our <strong data-start=\"2154\" data-end=\"2191\">Moroccan-based steadicam operator<\/strong> has worked across genres and terrains, ensuring steady, dynamic shots under any conditions.<\/p>\n<ul>\n<li data-start=\"2324\" data-end=\"2362\">\n<p data-start=\"2326\" data-end=\"2362\">Full ARRI Artemis steadicam system<\/p>\n<\/li>\n<li data-start=\"2363\" data-end=\"2409\">\n<p data-start=\"2365\" data-end=\"2409\">Transvideo monitoring &amp; WAVE stabilization<\/p>\n<\/li>\n<li data-start=\"2410\" data-end=\"2444\">\n<p data-start=\"2412\" data-end=\"2444\">Complete power and cabling kit<\/p>\n<\/li>\n<li data-start=\"2445\" data-end=\"2510\">\n<p data-start=\"2447\" data-end=\"2510\">Operator trained by <strong data-start=\"2467\" data-end=\"2508\">Steadicam Operators Association (USA)<\/strong><\/p>\n<\/li>\n<li data-start=\"2511\" data-end=\"2553\">\n<p data-start=\"2513\" data-end=\"2553\">Professional setup and on-set handling<\/p>\n<\/li>\n<li data-start=\"2554\" data-end=\"2605\">\n<p data-start=\"2556\" data-end=\"2605\">No hidden fees \u2014 support available upon request<\/p>\n<\/li>\n<\/ul>\n<p>Louez le SliderPLUS Complete Bundle d'Edelkrone maintenant sur <a href=\"https:\/\/www.cinesouk.ma\/fr\">CINESOUK<\/a> - une marque de <a href=\"https:\/\/www.broadway.ma\/\">BROADWAY PRODUCTIONS SARL.<\/a><\/p>","protected":false},"excerpt":{"rendered":"<p>Sp\u00e9cifications<\/p>\n<ul>\n<li data-start=\"957\" data-end=\"1075\">\n<p data-start=\"959\" data-end=\"1075\"><strong data-start=\"959\" data-end=\"1004\">Tige centrale carbone ARRI Artemis (1,74 in)<\/strong> \u2014 tige en fibre de carbone avec stabilisation Volt, l\u00e9g\u00e8re et pr\u00e9cise<\/p>\n<\/li>\n<li data-start=\"1076\" data-end=\"1190\">\n<p data-start=\"1078\" data-end=\"1190\"><strong data-start=\"1078\" data-end=\"1128\">Kit ARRI Volt avec t\u00eate M2 et support de docking<\/strong> \u2014 stabilisation \u00e9lectronique avanc\u00e9e avec retour en temps r\u00e9el<\/p>\n<\/li>\n<li data-start=\"1191\" data-end=\"1300\">\n<p data-start=\"1193\" data-end=\"1300\"><strong data-start=\"1193\" data-end=\"1242\">Bras \u00e0 ressort ARRI Artemis en carbone (Pro Set 23 kg)<\/strong> \u2014 tension du ressort r\u00e9glable pour un mouvement vertical fluide<\/p>\n<\/li>\n<li data-start=\"1301\" data-end=\"1378\">\n<p data-start=\"1303\" data-end=\"1378\"><strong data-start=\"1303\" data-end=\"1324\">Harnais ARRI Artemis<\/strong> \u2014 conception ergonomique pour un confort optimal lors de longues s\u00e9ances de tournage<\/p>\n<\/li>\n<li data-start=\"1379\" data-end=\"1464\">\n<p data-start=\"1381\" data-end=\"1464\"><strong data-start=\"1381\" data-end=\"1429\">Support de moniteur ARRI Artemis 8\u2033 (serre-joint 1,5\u2033)<\/strong> \u2014 cadrage et suivi optimaux<\/p>\n<\/li>\n<li data-start=\"1465\" data-end=\"1554\">\n<p data-start=\"1467\" data-end=\"1554\"><strong data-start=\"1467\" data-end=\"1503\">Transvideo Cinemonitor HD 8\u2033 XSBL<\/strong> \u2014 moniteur HDR ultra-lumineux avec outils int\u00e9gr\u00e9s<\/p>\n<\/li>\n<li data-start=\"1555\" data-end=\"1643\">\n<p data-start=\"1557\" data-end=\"1643\"><strong data-start=\"1557\" data-end=\"1591\">Syst\u00e8me de stabilisation WAVE Horizon<\/strong> \u2014 nivellement horizontal intelligent pour des s\u00e9quences dynamiques<\/p>\n<\/li>\n<li data-start=\"1644\" data-end=\"1684\">\n<p data-start=\"1646\" data-end=\"1684\"><strong data-start=\"1646\" data-end=\"1682\">C\u00e2ble d\u2019alimentation 12V Artemis pour WAVE<\/strong><\/p>\n<\/li>\n<li data-start=\"1685\" data-end=\"1734\">\n<p data-start=\"1687\" data-end=\"1734\"><strong data-start=\"1687\" data-end=\"1704\">Support en D 10\u2033<\/strong> \u2014 pour une flexibilit\u00e9 des accessoires<\/p>\n<\/li>\n<li data-start=\"1735\" data-end=\"1800\">\n<p data-start=\"1737\" data-end=\"1800\"><strong data-start=\"1737\" data-end=\"1773\">6 \u00d7 Batteries Bebop + 2 chargeurs<\/strong> \u2014 grande autonomie de tournage<\/p>\n<\/li>\n<li data-start=\"1801\" data-end=\"1860\">\n<p data-start=\"1803\" data-end=\"1860\"><strong data-start=\"1803\" data-end=\"1860\">Tous les plateaux, c\u00e2bles et accessoires de montage n\u00e9cessaires<\/strong><\/p>\n<\/li>\n<\/ul>","protected":false},"featured_media":14448,"template":"","meta":{"om_disable_all_campaigns":false,"_monsterinsights_skip_tracking":false,"_monsterinsights_sitenote_active":false,"_monsterinsights_sitenote_note":"","_monsterinsights_sitenote_category":0,"_uf_show_specific_survey":0,"_uf_disable_surveys":false},"product_brand":[],"product_cat":[134,37,76,83,75],"product_tag":[],"class_list":{"0":"post-14479","1":"product","2":"type-product","3":"status-publish","4":"has-post-thumbnail","6":"product_cat-tripod-and-support-eventsouk","7":"product_cat-accessories-cinesouk","8":"product_cat-bundles-and-kits-cinesouk","9":"product_cat-efp-eng-cinesouk","10":"product_cat-tripod-and-support-cinesouk","12":"entry","13":"has-media","15":"first","16":"instock","17":"taxable","18":"shipping-taxable","19":"purchasable","20":"product-type-variable","21":"has-product-nav","22":"col","23":"span_1_of_3","24":"owp-content-center","25":"owp-thumbs-layout-horizontal","26":"owp-btn-normal","27":"owp-tabs-layout-horizontal","28":"has-no-thumbnails"},"yoast_head":"<!-- This site is optimized with the Yoast SEO Premium plugin v26.0 (Yoast SEO v26.0) - https:\/\/yoast.com\/wordpress\/plugins\/seo\/ -->\n<title>Steadicam Operator (ARRI Artemis) \u2013 custom quote - CineSouk - For rent<\/title>\n<meta name=\"description\" content=\"Hire a certified steadicam operator in Morocco with a full ARRI Artemis rig. Ideal for films, commercials &amp; high-end video shoots. Training from Steadicam Operators Association USA.\" \/>\n<meta name=\"robots\" content=\"index, follow, max-snippet:-1, max-image-preview:large, max-video-preview:-1\" \/>\n<link rel=\"canonical\" href=\"https:\/\/www.cinesouk.ma\/fr\/produit\/steadicam-operator-arri-artemis-custom-quote\/\" \/>\n<meta property=\"og:locale\" content=\"fr_FR\" \/>\n<meta property=\"og:type\" content=\"article\" \/>\n<meta property=\"og:title\" content=\"Steadicam Operator (ARRI Artemis) \u2013 custom quote\" \/>\n<meta property=\"og:description\" content=\"Hire a certified steadicam operator in Morocco with a full ARRI Artemis rig. Ideal for films, commercials &amp; high-end video shoots. Training from Steadicam Operators Association USA.\" \/>\n<meta property=\"og:url\" content=\"https:\/\/www.cinesouk.ma\/fr\/produit\/steadicam-operator-arri-artemis-custom-quote\/\" \/>\n<meta property=\"og:site_name\" content=\"CineSouk\" \/>\n<meta property=\"article:modified_time\" content=\"2025-10-30T12:49:14+00:00\" \/>\n<meta property=\"og:image\" content=\"https:\/\/www.cinesouk.ma\/wp-content\/uploads\/2025\/08\/ARRI-Artemis-Steadicam-Operator-Kit.jpg\" \/>\n\t<meta property=\"og:image:width\" content=\"300\" \/>\n\t<meta property=\"og:image:height\" content=\"238\" \/>\n\t<meta property=\"og:image:type\" content=\"image\/jpeg\" \/>\n<meta name=\"twitter:card\" content=\"summary_large_image\" \/>\n<meta name=\"twitter:description\" content=\"Edelkrone SliderPLUS Complete Bundle: A portable, telescopic camera slider system offering smooth, precise slides and compatibility with motorized upgrades for professional-level cinematography.\" \/>\n<meta name=\"twitter:label1\" content=\"Dur\u00e9e de lecture estim\u00e9e\" \/>\n\t<meta name=\"twitter:data1\" content=\"1 minute\" \/>\n<script type=\"application\/ld+json\" class=\"yoast-schema-graph\">{\"@context\":\"https:\/\/schema.org\",\"@graph\":[{\"@type\":\"WebPage\",\"@id\":\"https:\/\/www.cinesouk.ma\/product\/steadicam-operator-arri-artemis-custom-quote\/\",\"url\":\"https:\/\/www.cinesouk.ma\/product\/steadicam-operator-arri-artemis-custom-quote\/\",\"name\":\"Steadicam Operator (ARRI Artemis) \u2013 custom quote - CineSouk - For rent\",\"isPartOf\":{\"@id\":\"https:\/\/www.cinesouk.ma\/#website\"},\"primaryImageOfPage\":{\"@id\":\"https:\/\/www.cinesouk.ma\/product\/steadicam-operator-arri-artemis-custom-quote\/#primaryimage\"},\"image\":{\"@id\":\"https:\/\/www.cinesouk.ma\/product\/steadicam-operator-arri-artemis-custom-quote\/#primaryimage\"},\"thumbnailUrl\":\"https:\/\/www.cinesouk.ma\/wp-content\/uploads\/2025\/08\/ARRI-Artemis-Steadicam-Operator-Kit.jpg\",\"datePublished\":\"2025-09-03T08:47:53+00:00\",\"dateModified\":\"2025-10-30T12:49:14+00:00\",\"description\":\"Hire a certified steadicam operator in Morocco with a full ARRI Artemis rig. Ideal for films, commercials & high-end video shoots. Training from Steadicam Operators Association USA.\",\"breadcrumb\":{\"@id\":\"https:\/\/www.cinesouk.ma\/product\/steadicam-operator-arri-artemis-custom-quote\/#breadcrumb\"},\"inLanguage\":\"fr-FR\",\"potentialAction\":[{\"@type\":\"ReadAction\",\"target\":[\"https:\/\/www.cinesouk.ma\/product\/steadicam-operator-arri-artemis-custom-quote\/\"]}]},{\"@type\":\"ImageObject\",\"inLanguage\":\"fr-FR\",\"@id\":\"https:\/\/www.cinesouk.ma\/product\/steadicam-operator-arri-artemis-custom-quote\/#primaryimage\",\"url\":\"https:\/\/www.cinesouk.ma\/wp-content\/uploads\/2025\/08\/ARRI-Artemis-Steadicam-Operator-Kit.jpg\",\"contentUrl\":\"https:\/\/www.cinesouk.ma\/wp-content\/uploads\/2025\/08\/ARRI-Artemis-Steadicam-Operator-Kit.jpg\",\"width\":300,\"height\":238},{\"@type\":\"BreadcrumbList\",\"@id\":\"https:\/\/www.cinesouk.ma\/product\/steadicam-operator-arri-artemis-custom-quote\/#breadcrumb\",\"itemListElement\":[{\"@type\":\"ListItem\",\"position\":1,\"name\":\"Home\",\"item\":\"https:\/\/www.cinesouk.ma\/\"},{\"@type\":\"ListItem\",\"position\":2,\"name\":\"Shop\",\"item\":\"https:\/\/www.cinesouk.ma\/shop\/\"},{\"@type\":\"ListItem\",\"position\":3,\"name\":\"Steadicam Operator (ARRI Artemis) \u2013 custom quote\"}]},{\"@type\":\"WebSite\",\"@id\":\"https:\/\/www.cinesouk.ma\/#website\",\"url\":\"https:\/\/www.cinesouk.ma\/\",\"name\":\"CineSouk\",\"description\":\"\",\"publisher\":{\"@id\":\"https:\/\/www.cinesouk.ma\/#organization\"},\"potentialAction\":[{\"@type\":\"SearchAction\",\"target\":{\"@type\":\"EntryPoint\",\"urlTemplate\":\"https:\/\/www.cinesouk.ma\/?s={search_term_string}\"},\"query-input\":{\"@type\":\"PropertyValueSpecification\",\"valueRequired\":true,\"valueName\":\"search_term_string\"}}],\"inLanguage\":\"fr-FR\"},{\"@type\":\"Organization\",\"@id\":\"https:\/\/www.cinesouk.ma\/#organization\",\"name\":\"CineSouk\",\"url\":\"https:\/\/www.cinesouk.ma\/\",\"logo\":{\"@type\":\"ImageObject\",\"inLanguage\":\"fr-FR\",\"@id\":\"https:\/\/www.cinesouk.ma\/#\/schema\/logo\/image\/\",\"url\":\"https:\/\/www.cinesouk.ma\/wp-content\/uploads\/2024\/01\/CineSouk-logo-v01-alpha-alligned-left.png\",\"contentUrl\":\"https:\/\/www.cinesouk.ma\/wp-content\/uploads\/2024\/01\/CineSouk-logo-v01-alpha-alligned-left.png\",\"width\":3204,\"height\":889,\"caption\":\"CineSouk\"},\"image\":{\"@id\":\"https:\/\/www.cinesouk.ma\/#\/schema\/logo\/image\/\"}}]}<\/script>\n<!-- \/ Yoast SEO Premium plugin. -->","yoast_head_json":{"title":"Steadicam Operator (ARRI Artemis) \u2013 custom quote - CineSouk - For rent","description":"Hire a certified steadicam operator in Morocco with a full ARRI Artemis rig. Ideal for films, commercials & high-end video shoots. Training from Steadicam Operators Association USA.","robots":{"index":"index","follow":"follow","max-snippet":"max-snippet:-1","max-image-preview":"max-image-preview:large","max-video-preview":"max-video-preview:-1"},"canonical":"https:\/\/www.cinesouk.ma\/fr\/produit\/steadicam-operator-arri-artemis-custom-quote\/","og_locale":"fr_FR","og_type":"article","og_title":"Steadicam Operator (ARRI Artemis) \u2013 custom quote","og_description":"Hire a certified steadicam operator in Morocco with a full ARRI Artemis rig. Ideal for films, commercials & high-end video shoots. Training from Steadicam Operators Association USA.","og_url":"https:\/\/www.cinesouk.ma\/fr\/produit\/steadicam-operator-arri-artemis-custom-quote\/","og_site_name":"CineSouk","article_modified_time":"2025-10-30T12:49:14+00:00","og_image":[{"width":300,"height":238,"url":"https:\/\/www.cinesouk.ma\/wp-content\/uploads\/2025\/08\/ARRI-Artemis-Steadicam-Operator-Kit.jpg","type":"image\/jpeg"}],"twitter_card":"summary_large_image","twitter_description":"Edelkrone SliderPLUS Complete Bundle: A portable, telescopic camera slider system offering smooth, precise slides and compatibility with motorized upgrades for professional-level cinematography.","twitter_misc":{"Dur\u00e9e de lecture estim\u00e9e":"1 minute"},"schema":{"@context":"https:\/\/schema.org","@graph":[{"@type":"WebPage","@id":"https:\/\/www.cinesouk.ma\/product\/steadicam-operator-arri-artemis-custom-quote\/","url":"https:\/\/www.cinesouk.ma\/product\/steadicam-operator-arri-artemis-custom-quote\/","name":"Steadicam Operator (ARRI Artemis) \u2013 custom quote - CineSouk - For rent","isPartOf":{"@id":"https:\/\/www.cinesouk.ma\/#website"},"primaryImageOfPage":{"@id":"https:\/\/www.cinesouk.ma\/product\/steadicam-operator-arri-artemis-custom-quote\/#primaryimage"},"image":{"@id":"https:\/\/www.cinesouk.ma\/product\/steadicam-operator-arri-artemis-custom-quote\/#primaryimage"},"thumbnailUrl":"https:\/\/www.cinesouk.ma\/wp-content\/uploads\/2025\/08\/ARRI-Artemis-Steadicam-Operator-Kit.jpg","datePublished":"2025-09-03T08:47:53+00:00","dateModified":"2025-10-30T12:49:14+00:00","description":"Hire a certified steadicam operator in Morocco with a full ARRI Artemis rig. Ideal for films, commercials & high-end video shoots. Training from Steadicam Operators Association USA.","breadcrumb":{"@id":"https:\/\/www.cinesouk.ma\/product\/steadicam-operator-arri-artemis-custom-quote\/#breadcrumb"},"inLanguage":"fr-FR","potentialAction":[{"@type":"ReadAction","target":["https:\/\/www.cinesouk.ma\/product\/steadicam-operator-arri-artemis-custom-quote\/"]}]},{"@type":"ImageObject","inLanguage":"fr-FR","@id":"https:\/\/www.cinesouk.ma\/product\/steadicam-operator-arri-artemis-custom-quote\/#primaryimage","url":"https:\/\/www.cinesouk.ma\/wp-content\/uploads\/2025\/08\/ARRI-Artemis-Steadicam-Operator-Kit.jpg","contentUrl":"https:\/\/www.cinesouk.ma\/wp-content\/uploads\/2025\/08\/ARRI-Artemis-Steadicam-Operator-Kit.jpg","width":300,"height":238},{"@type":"BreadcrumbList","@id":"https:\/\/www.cinesouk.ma\/product\/steadicam-operator-arri-artemis-custom-quote\/#breadcrumb","itemListElement":[{"@type":"ListItem","position":1,"name":"Home","item":"https:\/\/www.cinesouk.ma\/"},{"@type":"ListItem","position":2,"name":"Shop","item":"https:\/\/www.cinesouk.ma\/shop\/"},{"@type":"ListItem","position":3,"name":"Steadicam Operator (ARRI Artemis) \u2013 custom quote"}]},{"@type":"WebSite","@id":"https:\/\/www.cinesouk.ma\/#website","url":"https:\/\/www.cinesouk.ma\/","name":"CineSouk","description":"","publisher":{"@id":"https:\/\/www.cinesouk.ma\/#organization"},"potentialAction":[{"@type":"SearchAction","target":{"@type":"EntryPoint","urlTemplate":"https:\/\/www.cinesouk.ma\/?s={search_term_string}"},"query-input":{"@type":"PropertyValueSpecification","valueRequired":true,"valueName":"search_term_string"}}],"inLanguage":"fr-FR"},{"@type":"Organization","@id":"https:\/\/www.cinesouk.ma\/#organization","name":"CineSouk","url":"https:\/\/www.cinesouk.ma\/","logo":{"@type":"ImageObject","inLanguage":"fr-FR","@id":"https:\/\/www.cinesouk.ma\/#\/schema\/logo\/image\/","url":"https:\/\/www.cinesouk.ma\/wp-content\/uploads\/2024\/01\/CineSouk-logo-v01-alpha-alligned-left.png","contentUrl":"https:\/\/www.cinesouk.ma\/wp-content\/uploads\/2024\/01\/CineSouk-logo-v01-alpha-alligned-left.png","width":3204,"height":889,"caption":"CineSouk"},"image":{"@id":"https:\/\/www.cinesouk.ma\/#\/schema\/logo\/image\/"}}]}},"_links":{"self":[{"href":"https:\/\/www.cinesouk.ma\/fr\/wp-json\/wp\/v2\/product\/14479","targetHints":{"allow":["GET"]}}],"collection":[{"href":"https:\/\/www.cinesouk.ma\/fr\/wp-json\/wp\/v2\/product"}],"about":[{"href":"https:\/\/www.cinesouk.ma\/fr\/wp-json\/wp\/v2\/types\/product"}],"wp:featuredmedia":[{"embeddable":true,"href":"https:\/\/www.cinesouk.ma\/fr\/wp-json\/wp\/v2\/media\/14448"}],"wp:attachment":[{"href":"https:\/\/www.cinesouk.ma\/fr\/wp-json\/wp\/v2\/media?parent=14479"}],"wp:term":[{"taxonomy":"product_brand","embeddable":true,"href":"https:\/\/www.cinesouk.ma\/fr\/wp-json\/wp\/v2\/product_brand?post=14479"},{"taxonomy":"product_cat","embeddable":true,"href":"https:\/\/www.cinesouk.ma\/fr\/wp-json\/wp\/v2\/product_cat?post=14479"},{"taxonomy":"product_tag","embeddable":true,"href":"https:\/\/www.cinesouk.ma\/fr\/wp-json\/wp\/v2\/product_tag?post=14479"}],"curies":[{"name":"wp","href":"https:\/\/api.w.org\/{rel}","templated":true}]}}