{"id":14599,"date":"2025-09-19T14:07:09","date_gmt":"2025-09-19T14:07:09","guid":{"rendered":"https:\/\/www.cinesouk.ma\/?post_type=product&#038;p=14599"},"modified":"2026-01-24T10:59:43","modified_gmt":"2026-01-24T10:59:43","slug":"litepanels-astra-6x-bi-color-1x1-led-panel-set-of-2","status":"publish","type":"product","link":"https:\/\/www.cinesouk.ma\/fr\/produit\/litepanels-astra-6x-bi-color-1x1-led-panel-set-of-2\/","title":{"rendered":"Litepanels Astra 6X Bi-Color 1&#215;1 LED Panel (Set of 2)"},"content":{"rendered":"<p data-start=\"220\" data-end=\"517\">Le Litepanels Astra 6X Bi-Color 1\u00d71 LED Panel est une solution d\u2019\u00e9clairage puissante, polyvalente et l\u00e9g\u00e8re, pens\u00e9e pour le cin\u00e9ma, la t\u00e9l\u00e9vision, les interviews et les productions en direct.\nCe pack de location inclut deux panneaux Astra 6X, vous offrant une paire d\u2019\u00e9clairages LED professionnels parfaitement assortis pour une grande vari\u00e9t\u00e9 de configurations.<\/p>\n<p data-start=\"519\" data-end=\"892\">Avec une puissance six fois sup\u00e9rieure \u00e0 celle du mod\u00e8le 1\u00d71 original, l\u2019Astra 6X offre une lumi\u00e8re intense et de haute qualit\u00e9 tout en restant \u00e9conome en \u00e9nergie. Son mode bi-color (3200K\u20135600K) permet une transition fluide entre tungst\u00e8ne et lumi\u00e8re du jour, ce qui en fait un choix id\u00e9al pour les environnements \u00e0 \u00e9clairage mixte. Son format 1\u00d71, fin et compact mais robuste, convient aussi bien aux tournages en studio qu\u2019aux prises de vue en ext\u00e9rieur.<\/p>\n<h3 data-start=\"899\" data-end=\"916\">Caract\u00e9ristiques principales :<\/h3>\n<ul data-start=\"917\" data-end=\"1429\">\n<li data-start=\"917\" data-end=\"1006\">\n<p data-start=\"919\" data-end=\"1006\"><strong data-start=\"919\" data-end=\"956\">Set of 2 Astra 6X Bi-Color Panels<\/strong> \u2013 une paire parfaitement assortie pour un \u00e9clairage polyvalent<\/p>\n<\/li>\n<li data-start=\"1007\" data-end=\"1065\">\n<p data-start=\"1009\" data-end=\"1065\">Jusqu'\u00e0 <strong data-start=\"1015\" data-end=\"1032\">6 fois la puissance<\/strong> du Litepanels 1\u00d71 original<\/p>\n<\/li>\n<li data-start=\"1066\" data-end=\"1116\">\n<p data-start=\"1068\" data-end=\"1116\"><strong data-start=\"1068\" data-end=\"1094\">R\u00e9glage bi-color<\/strong> de 3200K \u00e0 5600K<\/p>\n<\/li>\n<li data-start=\"1117\" data-end=\"1166\">\n<p data-start=\"1119\" data-end=\"1166\">Fluide <strong data-start=\"1126\" data-end=\"1144\">variation d\u2019intensit\u00e9 de 0 \u00e0 100 %<\/strong> sans d\u00e9calage de couleur<\/p>\n<\/li>\n<li data-start=\"1167\" data-end=\"1225\">\n<p data-start=\"1169\" data-end=\"1225\">Indice CRI\/TLCI \u00e9lev\u00e9 pour une reproduction des couleurs pr\u00e9cise et naturelle<\/p>\n<\/li>\n<li data-start=\"1226\" data-end=\"1295\">\n<p data-start=\"1228\" data-end=\"1295\">Conception silencieuse avec ventilation int\u00e9gr\u00e9e, id\u00e9ale pour les environnements sensibles au son<\/p>\n<\/li>\n<li data-start=\"1296\" data-end=\"1355\">\n<p data-start=\"1298\" data-end=\"1355\">Structure l\u00e9g\u00e8re et robuste, adapt\u00e9e aussi bien au studio qu\u2019aux tournages en ext\u00e9rieur<\/p>\n<\/li>\n<li data-start=\"1356\" data-end=\"1429\">\n<p data-start=\"1358\" data-end=\"1429\">Contr\u00f4le DMX et options Bluetooth\/t\u00e9l\u00e9commande pour des configurations avanc\u00e9es<\/p>\n<\/li>\n<\/ul>\n<h3 data-start=\"1436\" data-end=\"1455\">Sp\u00e9cifications :<\/h3>\n<ul data-start=\"1456\" data-end=\"1832\">\n<li data-start=\"1456\" data-end=\"1496\">\n<p data-start=\"1458\" data-end=\"1496\"><strong data-start=\"1458\" data-end=\"1474\">Source lumineuse<\/strong>: Bi-Color LED array<\/p>\n<\/li>\n<li data-start=\"1497\" data-end=\"1537\">\n<p data-start=\"1499\" data-end=\"1537\"><strong data-start=\"1499\" data-end=\"1520\">Temp\u00e9rature de couleur<\/strong>: 3200K \u2013 5600K<\/p>\n<\/li>\n<li data-start=\"1538\" data-end=\"1576\">\n<p data-start=\"1540\" data-end=\"1576\"><strong data-start=\"1540\" data-end=\"1551\">Gradation<\/strong>: 0\u2013100% (flicker-free)<\/p>\n<\/li>\n<li data-start=\"1577\" data-end=\"1601\">\n<p data-start=\"1579\" data-end=\"1601\"><strong data-start=\"1579\" data-end=\"1593\">Angle du faisceau<\/strong>: ~46\u00b0<\/p>\n<\/li>\n<li data-start=\"1602\" data-end=\"1653\">\n<p data-start=\"1604\" data-end=\"1653\"><strong data-start=\"1604\" data-end=\"1614\">Sortie<\/strong>: ~3 000 lux \u00e0 1 m (r\u00e9glage lumi\u00e8re du jour)<\/p>\n<\/li>\n<li data-start=\"1654\" data-end=\"1675\">\n<p data-start=\"1656\" data-end=\"1675\"><strong data-start=\"1656\" data-end=\"1668\">CRI\/TLCI<\/strong>: 95+<\/p>\n<\/li>\n<li data-start=\"1676\" data-end=\"1735\">\n<p data-start=\"1678\" data-end=\"1735\"><strong data-start=\"1678\" data-end=\"1687\">Puissance<\/strong>: Secteur ou batterie (V-Mount)<\/p>\n<\/li>\n<li data-start=\"1736\" data-end=\"1802\">\n<p data-start=\"1738\" data-end=\"1802\"><strong data-start=\"1738\" data-end=\"1752\">Dimensions du panneau<\/strong>: 12.5 x 12.5 x 4 inches (31.8 x 31.8 x 10.2 cm)<\/p>\n<\/li>\n<li data-start=\"1803\" data-end=\"1832\">\n<p data-start=\"1805\" data-end=\"1832\"><strong data-start=\"1805\" data-end=\"1822\">Poids (unit\u00e9)<\/strong>: 3.2 kg<\/p>\n<\/li>\n<\/ul>\n<p data-start=\"1839\" data-end=\"1966\"><strong data-start=\"1842\" data-end=\"1964\">Louez d\u00e8s maintenant le panneau LED Litepanels Astra 6X Bi-Color 1\u00d71 (lot de 2) chez CINESOUK \u2013 une marque de BROADWAY PRODUCTIONS SARL.<\/strong><\/p>\n<p>&nbsp;<\/p>","protected":false},"excerpt":{"rendered":"<h3 data-start=\"1436\" data-end=\"1455\">Sp\u00e9cifications :<\/h3>\n<ul data-start=\"1456\" data-end=\"1832\">\n<li data-start=\"1456\" data-end=\"1496\">\n<p data-start=\"1458\" data-end=\"1496\"><strong data-start=\"1458\" data-end=\"1474\">Source lumineuse<\/strong>: Bi-Color LED array<\/p>\n<\/li>\n<li data-start=\"1497\" data-end=\"1537\">\n<p data-start=\"1499\" data-end=\"1537\"><strong data-start=\"1499\" data-end=\"1520\">Temp\u00e9rature de couleur<\/strong>: 3200K \u2013 5600K<\/p>\n<\/li>\n<li data-start=\"1538\" data-end=\"1576\">\n<p data-start=\"1540\" data-end=\"1576\"><strong data-start=\"1540\" data-end=\"1551\">Gradation<\/strong>: 0\u2013100% (flicker-free)<\/p>\n<\/li>\n<li data-start=\"1577\" data-end=\"1601\">\n<p data-start=\"1579\" data-end=\"1601\"><strong data-start=\"1579\" data-end=\"1593\">Angle du faisceau<\/strong>: ~46\u00b0<\/p>\n<\/li>\n<li data-start=\"1602\" data-end=\"1653\">\n<p data-start=\"1604\" data-end=\"1653\"><strong data-start=\"1604\" data-end=\"1614\">Sortie<\/strong>: ~3 000 lux \u00e0 1 m (r\u00e9glage lumi\u00e8re du jour)<\/p>\n<\/li>\n<li data-start=\"1654\" data-end=\"1675\">\n<p data-start=\"1656\" data-end=\"1675\"><strong data-start=\"1656\" data-end=\"1668\">CRI\/TLCI<\/strong>: 95+<\/p>\n<\/li>\n<li data-start=\"1676\" data-end=\"1735\">\n<p data-start=\"1678\" data-end=\"1735\"><strong data-start=\"1678\" data-end=\"1687\">Puissance<\/strong>: Secteur ou batterie (V-Mount)<\/p>\n<\/li>\n<li data-start=\"1736\" data-end=\"1802\">\n<p data-start=\"1738\" data-end=\"1802\"><strong data-start=\"1738\" data-end=\"1752\">Dimensions du panneau<\/strong>: 12.5 x 12.5 x 4 inches (31.8 x 31.8 x 10.2 cm)<\/p>\n<\/li>\n<li data-start=\"1803\" data-end=\"1832\">\n<p data-start=\"1805\" data-end=\"1832\"><strong data-start=\"1805\" data-end=\"1822\">Poids (unit\u00e9)<\/strong>: 3.2 kg<\/p>\n<\/li>\n<\/ul>","protected":false},"featured_media":14610,"template":"","meta":{"om_disable_all_campaigns":false,"_monsterinsights_skip_tracking":false,"_monsterinsights_sitenote_active":false,"_monsterinsights_sitenote_note":"","_monsterinsights_sitenote_category":0,"_uf_show_specific_survey":0,"_uf_disable_surveys":false},"product_brand":[],"product_cat":[131,83,20,53,103,102],"product_tag":[],"class_list":{"0":"post-14599","1":"product","2":"type-product","3":"status-publish","4":"has-post-thumbnail","6":"product_cat-light-eventsouk","7":"product_cat-efp-eng-cinesouk","8":"product_cat-light-cinesouk","9":"product_cat-popular-cinesouk","10":"product_cat-uplights-eventsouk","11":"product_cat-washed-and-heads-eventsouk","13":"entry","14":"has-media","16":"first","17":"instock","18":"taxable","19":"shipping-taxable","20":"purchasable","21":"product-type-variable","22":"has-product-nav","23":"col","24":"span_1_of_3","25":"owp-content-center","26":"owp-thumbs-layout-horizontal","27":"owp-btn-normal","28":"owp-tabs-layout-horizontal","29":"has-no-thumbnails"},"yoast_head":"<!-- This site is optimized with the Yoast SEO Premium plugin v26.0 (Yoast SEO v26.0) - https:\/\/yoast.com\/wordpress\/plugins\/seo\/ -->\n<title>Litepanels Astra 6X Bi-Color 1x1 LED Panel (Set of 2) - Marrakech<\/title>\n<meta name=\"description\" content=\"Litepanels Astra 6X Bi-Color LED (Set of 2) \u2013 powerful 1x1 panels with 3200K\u20135600K range, 6x brightness, high CRI, and flicker-free dimming. Rent now at CineSouk.\" \/>\n<meta name=\"robots\" content=\"index, follow, max-snippet:-1, max-image-preview:large, max-video-preview:-1\" \/>\n<link rel=\"canonical\" href=\"https:\/\/www.cinesouk.ma\/fr\/produit\/litepanels-astra-6x-bi-color-1x1-led-panel-set-of-2\/\" \/>\n<meta property=\"og:locale\" content=\"fr_FR\" \/>\n<meta property=\"og:type\" content=\"article\" \/>\n<meta property=\"og:title\" content=\"Litepanels Astra 6X Bi-Color 1x1 LED Panel (Set of 2)\" \/>\n<meta property=\"og:description\" content=\"Litepanels Astra 6X Bi-Color LED (Set of 2) \u2013 powerful 1x1 panels with 3200K\u20135600K range, 6x brightness, high CRI, and flicker-free dimming. Rent now at CineSouk.\" \/>\n<meta property=\"og:url\" content=\"https:\/\/www.cinesouk.ma\/fr\/produit\/litepanels-astra-6x-bi-color-1x1-led-panel-set-of-2\/\" \/>\n<meta property=\"og:site_name\" content=\"CineSouk\" \/>\n<meta property=\"article:modified_time\" content=\"2026-01-24T10:59:43+00:00\" \/>\n<meta property=\"og:image\" content=\"https:\/\/www.cinesouk.ma\/wp-content\/uploads\/2025\/09\/Litepanels-Astra-6X-Bi-Color-1x1-LED-Panel-set-of-2.jpg\" \/>\n\t<meta property=\"og:image:width\" content=\"300\" \/>\n\t<meta property=\"og:image:height\" content=\"238\" \/>\n\t<meta property=\"og:image:type\" content=\"image\/jpeg\" \/>\n<meta name=\"twitter:card\" content=\"summary_large_image\" \/>\n<meta name=\"twitter:description\" content=\"Litepanels Astra 6X Bi-Color LED (Set of 2) \u2013 powerful 1x1 panels with 3200K\u20135600K range, 6x brightness, high CRI, and flicker-free dimming. Rent now at CineSouk.\" \/>\n<meta name=\"twitter:label1\" content=\"Dur\u00e9e de lecture estim\u00e9e\" \/>\n\t<meta name=\"twitter:data1\" content=\"2 minutes\" \/>\n<script type=\"application\/ld+json\" class=\"yoast-schema-graph\">{\"@context\":\"https:\/\/schema.org\",\"@graph\":[{\"@type\":\"WebPage\",\"@id\":\"https:\/\/www.cinesouk.ma\/product\/litepanels-astra-6x-bi-color-1x1-led-panel-set-of-2\/\",\"url\":\"https:\/\/www.cinesouk.ma\/product\/litepanels-astra-6x-bi-color-1x1-led-panel-set-of-2\/\",\"name\":\"Litepanels Astra 6X Bi-Color 1x1 LED Panel (Set of 2) - Marrakech\",\"isPartOf\":{\"@id\":\"https:\/\/www.cinesouk.ma\/#website\"},\"primaryImageOfPage\":{\"@id\":\"https:\/\/www.cinesouk.ma\/product\/litepanels-astra-6x-bi-color-1x1-led-panel-set-of-2\/#primaryimage\"},\"image\":{\"@id\":\"https:\/\/www.cinesouk.ma\/product\/litepanels-astra-6x-bi-color-1x1-led-panel-set-of-2\/#primaryimage\"},\"thumbnailUrl\":\"https:\/\/www.cinesouk.ma\/wp-content\/uploads\/2025\/09\/Litepanels-Astra-6X-Bi-Color-1x1-LED-Panel-set-of-2.jpg\",\"datePublished\":\"2025-09-19T14:07:09+00:00\",\"dateModified\":\"2026-01-24T10:59:43+00:00\",\"description\":\"Litepanels Astra 6X Bi-Color LED (Set of 2) \u2013 powerful 1x1 panels with 3200K\u20135600K range, 6x brightness, high CRI, and flicker-free dimming. Rent now at CineSouk.\",\"breadcrumb\":{\"@id\":\"https:\/\/www.cinesouk.ma\/product\/litepanels-astra-6x-bi-color-1x1-led-panel-set-of-2\/#breadcrumb\"},\"inLanguage\":\"fr-FR\",\"potentialAction\":[{\"@type\":\"ReadAction\",\"target\":[\"https:\/\/www.cinesouk.ma\/product\/litepanels-astra-6x-bi-color-1x1-led-panel-set-of-2\/\"]}]},{\"@type\":\"ImageObject\",\"inLanguage\":\"fr-FR\",\"@id\":\"https:\/\/www.cinesouk.ma\/product\/litepanels-astra-6x-bi-color-1x1-led-panel-set-of-2\/#primaryimage\",\"url\":\"https:\/\/www.cinesouk.ma\/wp-content\/uploads\/2025\/09\/Litepanels-Astra-6X-Bi-Color-1x1-LED-Panel-set-of-2.jpg\",\"contentUrl\":\"https:\/\/www.cinesouk.ma\/wp-content\/uploads\/2025\/09\/Litepanels-Astra-6X-Bi-Color-1x1-LED-Panel-set-of-2.jpg\",\"width\":300,\"height\":238,\"caption\":\"Litepanels Astra 6X Bi-Color 1x1 LED Panel (set of 2)\"},{\"@type\":\"BreadcrumbList\",\"@id\":\"https:\/\/www.cinesouk.ma\/product\/litepanels-astra-6x-bi-color-1x1-led-panel-set-of-2\/#breadcrumb\",\"itemListElement\":[{\"@type\":\"ListItem\",\"position\":1,\"name\":\"Home\",\"item\":\"https:\/\/www.cinesouk.ma\/\"},{\"@type\":\"ListItem\",\"position\":2,\"name\":\"Shop\",\"item\":\"https:\/\/www.cinesouk.ma\/shop\/\"},{\"@type\":\"ListItem\",\"position\":3,\"name\":\"Litepanels Astra 6X Bi-Color 1&#215;1 LED Panel (Set of 2)\"}]},{\"@type\":\"WebSite\",\"@id\":\"https:\/\/www.cinesouk.ma\/#website\",\"url\":\"https:\/\/www.cinesouk.ma\/\",\"name\":\"CineSouk\",\"description\":\"\",\"publisher\":{\"@id\":\"https:\/\/www.cinesouk.ma\/#organization\"},\"potentialAction\":[{\"@type\":\"SearchAction\",\"target\":{\"@type\":\"EntryPoint\",\"urlTemplate\":\"https:\/\/www.cinesouk.ma\/?s={search_term_string}\"},\"query-input\":{\"@type\":\"PropertyValueSpecification\",\"valueRequired\":true,\"valueName\":\"search_term_string\"}}],\"inLanguage\":\"fr-FR\"},{\"@type\":\"Organization\",\"@id\":\"https:\/\/www.cinesouk.ma\/#organization\",\"name\":\"CineSouk\",\"url\":\"https:\/\/www.cinesouk.ma\/\",\"logo\":{\"@type\":\"ImageObject\",\"inLanguage\":\"fr-FR\",\"@id\":\"https:\/\/www.cinesouk.ma\/#\/schema\/logo\/image\/\",\"url\":\"https:\/\/www.cinesouk.ma\/wp-content\/uploads\/2024\/01\/CineSouk-logo-v01-alpha-alligned-left.png\",\"contentUrl\":\"https:\/\/www.cinesouk.ma\/wp-content\/uploads\/2024\/01\/CineSouk-logo-v01-alpha-alligned-left.png\",\"width\":3204,\"height\":889,\"caption\":\"CineSouk\"},\"image\":{\"@id\":\"https:\/\/www.cinesouk.ma\/#\/schema\/logo\/image\/\"}}]}<\/script>\n<!-- \/ Yoast SEO Premium plugin. -->","yoast_head_json":{"title":"Litepanels Astra 6X Bi-Color 1x1 LED Panel (Set of 2) - Marrakech","description":"Litepanels Astra 6X Bi-Color LED (Set of 2) \u2013 powerful 1x1 panels with 3200K\u20135600K range, 6x brightness, high CRI, and flicker-free dimming. Rent now at CineSouk.","robots":{"index":"index","follow":"follow","max-snippet":"max-snippet:-1","max-image-preview":"max-image-preview:large","max-video-preview":"max-video-preview:-1"},"canonical":"https:\/\/www.cinesouk.ma\/fr\/produit\/litepanels-astra-6x-bi-color-1x1-led-panel-set-of-2\/","og_locale":"fr_FR","og_type":"article","og_title":"Litepanels Astra 6X Bi-Color 1x1 LED Panel (Set of 2)","og_description":"Litepanels Astra 6X Bi-Color LED (Set of 2) \u2013 powerful 1x1 panels with 3200K\u20135600K range, 6x brightness, high CRI, and flicker-free dimming. Rent now at CineSouk.","og_url":"https:\/\/www.cinesouk.ma\/fr\/produit\/litepanels-astra-6x-bi-color-1x1-led-panel-set-of-2\/","og_site_name":"CineSouk","article_modified_time":"2026-01-24T10:59:43+00:00","og_image":[{"width":300,"height":238,"url":"https:\/\/www.cinesouk.ma\/wp-content\/uploads\/2025\/09\/Litepanels-Astra-6X-Bi-Color-1x1-LED-Panel-set-of-2.jpg","type":"image\/jpeg"}],"twitter_card":"summary_large_image","twitter_description":"Litepanels Astra 6X Bi-Color LED (Set of 2) \u2013 powerful 1x1 panels with 3200K\u20135600K range, 6x brightness, high CRI, and flicker-free dimming. Rent now at CineSouk.","twitter_misc":{"Dur\u00e9e de lecture estim\u00e9e":"2 minutes"},"schema":{"@context":"https:\/\/schema.org","@graph":[{"@type":"WebPage","@id":"https:\/\/www.cinesouk.ma\/product\/litepanels-astra-6x-bi-color-1x1-led-panel-set-of-2\/","url":"https:\/\/www.cinesouk.ma\/product\/litepanels-astra-6x-bi-color-1x1-led-panel-set-of-2\/","name":"Litepanels Astra 6X Bi-Color 1x1 LED Panel (Set of 2) - Marrakech","isPartOf":{"@id":"https:\/\/www.cinesouk.ma\/#website"},"primaryImageOfPage":{"@id":"https:\/\/www.cinesouk.ma\/product\/litepanels-astra-6x-bi-color-1x1-led-panel-set-of-2\/#primaryimage"},"image":{"@id":"https:\/\/www.cinesouk.ma\/product\/litepanels-astra-6x-bi-color-1x1-led-panel-set-of-2\/#primaryimage"},"thumbnailUrl":"https:\/\/www.cinesouk.ma\/wp-content\/uploads\/2025\/09\/Litepanels-Astra-6X-Bi-Color-1x1-LED-Panel-set-of-2.jpg","datePublished":"2025-09-19T14:07:09+00:00","dateModified":"2026-01-24T10:59:43+00:00","description":"Litepanels Astra 6X Bi-Color LED (Set of 2) \u2013 powerful 1x1 panels with 3200K\u20135600K range, 6x brightness, high CRI, and flicker-free dimming. Rent now at CineSouk.","breadcrumb":{"@id":"https:\/\/www.cinesouk.ma\/product\/litepanels-astra-6x-bi-color-1x1-led-panel-set-of-2\/#breadcrumb"},"inLanguage":"fr-FR","potentialAction":[{"@type":"ReadAction","target":["https:\/\/www.cinesouk.ma\/product\/litepanels-astra-6x-bi-color-1x1-led-panel-set-of-2\/"]}]},{"@type":"ImageObject","inLanguage":"fr-FR","@id":"https:\/\/www.cinesouk.ma\/product\/litepanels-astra-6x-bi-color-1x1-led-panel-set-of-2\/#primaryimage","url":"https:\/\/www.cinesouk.ma\/wp-content\/uploads\/2025\/09\/Litepanels-Astra-6X-Bi-Color-1x1-LED-Panel-set-of-2.jpg","contentUrl":"https:\/\/www.cinesouk.ma\/wp-content\/uploads\/2025\/09\/Litepanels-Astra-6X-Bi-Color-1x1-LED-Panel-set-of-2.jpg","width":300,"height":238,"caption":"Litepanels Astra 6X Bi-Color 1x1 LED Panel (set of 2)"},{"@type":"BreadcrumbList","@id":"https:\/\/www.cinesouk.ma\/product\/litepanels-astra-6x-bi-color-1x1-led-panel-set-of-2\/#breadcrumb","itemListElement":[{"@type":"ListItem","position":1,"name":"Home","item":"https:\/\/www.cinesouk.ma\/"},{"@type":"ListItem","position":2,"name":"Shop","item":"https:\/\/www.cinesouk.ma\/shop\/"},{"@type":"ListItem","position":3,"name":"Litepanels Astra 6X Bi-Color 1&#215;1 LED Panel (Set of 2)"}]},{"@type":"WebSite","@id":"https:\/\/www.cinesouk.ma\/#website","url":"https:\/\/www.cinesouk.ma\/","name":"CineSouk","description":"","publisher":{"@id":"https:\/\/www.cinesouk.ma\/#organization"},"potentialAction":[{"@type":"SearchAction","target":{"@type":"EntryPoint","urlTemplate":"https:\/\/www.cinesouk.ma\/?s={search_term_string}"},"query-input":{"@type":"PropertyValueSpecification","valueRequired":true,"valueName":"search_term_string"}}],"inLanguage":"fr-FR"},{"@type":"Organization","@id":"https:\/\/www.cinesouk.ma\/#organization","name":"CineSouk","url":"https:\/\/www.cinesouk.ma\/","logo":{"@type":"ImageObject","inLanguage":"fr-FR","@id":"https:\/\/www.cinesouk.ma\/#\/schema\/logo\/image\/","url":"https:\/\/www.cinesouk.ma\/wp-content\/uploads\/2024\/01\/CineSouk-logo-v01-alpha-alligned-left.png","contentUrl":"https:\/\/www.cinesouk.ma\/wp-content\/uploads\/2024\/01\/CineSouk-logo-v01-alpha-alligned-left.png","width":3204,"height":889,"caption":"CineSouk"},"image":{"@id":"https:\/\/www.cinesouk.ma\/#\/schema\/logo\/image\/"}}]}},"_links":{"self":[{"href":"https:\/\/www.cinesouk.ma\/fr\/wp-json\/wp\/v2\/product\/14599","targetHints":{"allow":["GET"]}}],"collection":[{"href":"https:\/\/www.cinesouk.ma\/fr\/wp-json\/wp\/v2\/product"}],"about":[{"href":"https:\/\/www.cinesouk.ma\/fr\/wp-json\/wp\/v2\/types\/product"}],"wp:featuredmedia":[{"embeddable":true,"href":"https:\/\/www.cinesouk.ma\/fr\/wp-json\/wp\/v2\/media\/14610"}],"wp:attachment":[{"href":"https:\/\/www.cinesouk.ma\/fr\/wp-json\/wp\/v2\/media?parent=14599"}],"wp:term":[{"taxonomy":"product_brand","embeddable":true,"href":"https:\/\/www.cinesouk.ma\/fr\/wp-json\/wp\/v2\/product_brand?post=14599"},{"taxonomy":"product_cat","embeddable":true,"href":"https:\/\/www.cinesouk.ma\/fr\/wp-json\/wp\/v2\/product_cat?post=14599"},{"taxonomy":"product_tag","embeddable":true,"href":"https:\/\/www.cinesouk.ma\/fr\/wp-json\/wp\/v2\/product_tag?post=14599"}],"curies":[{"name":"wp","href":"https:\/\/api.w.org\/{rel}","templated":true}]}}