{"id":14706,"date":"2026-03-07T10:51:44","date_gmt":"2026-03-07T10:51:44","guid":{"rendered":"https:\/\/www.cinesouk.ma\/?post_type=product&#038;p=14706"},"modified":"2026-03-07T10:57:14","modified_gmt":"2026-03-07T10:57:14","slug":"sony-fe-16-35mm-f-4-0-za-oss","status":"publish","type":"product","link":"https:\/\/www.cinesouk.ma\/fr\/produit\/sony-fe-16-35mm-f-4-0-za-oss\/","title":{"rendered":"Sony FE 16-35mm F\/4.0 ZA OSS Lens"},"content":{"rendered":"<p data-start=\"168\" data-end=\"478\">Le Sony FE 16\u201335mm F\/4.0 ZA OSS est un objectif zoom grand-angle professionnel con\u00e7u en collaboration avec Carl Zeiss, faisant partie de la c\u00e9l\u00e8bre s\u00e9rie Vario-Tessar T*. Con\u00e7u pour les appareils photo Sony \u00e0 monture E plein format, il offre une pr\u00e9cision exceptionnelle, un contraste remarquable et un contr\u00f4le optimal sur toute la plage de zoom.<\/p>\n<p data-start=\"480\" data-end=\"779\">Gr\u00e2ce \u00e0 son ouverture constante f\/4.0, sa stabilisation optique (OSS) et ses traitements multicouches avanc\u00e9s, cet objectif est id\u00e9al pour la photo de paysage, les int\u00e9rieurs, l\u2019architecture, les photos de groupe et la production vid\u00e9o. Son format compact et sa construction robuste en font un zoom grand-angle polyvalent, adapt\u00e9 aussi bien aux professionnels qu\u2019aux cr\u00e9atifs exigeants.<\/p>\n<h3 data-start=\"786\" data-end=\"803\">Caract\u00e9ristiques principales :<\/h3>\n<ul data-start=\"804\" data-end=\"1260\">\n<li data-start=\"804\" data-end=\"863\">\n<p data-start=\"806\" data-end=\"863\">Zoom grand-angle couvrant <strong data-start=\"831\" data-end=\"842\">16\u201335mm<\/strong> plage focale<\/p>\n<\/li>\n<li data-start=\"864\" data-end=\"919\">\n<p data-start=\"866\" data-end=\"919\"><strong data-start=\"866\" data-end=\"893\">Ouverture constante f\/4.0<\/strong> pour une exposition homog\u00e8ne<\/p>\n<\/li>\n<li data-start=\"920\" data-end=\"998\">\n<p data-start=\"922\" data-end=\"998\"><strong data-start=\"922\" data-end=\"950\">Stabilisation optique Optical SteadyShot (OSS)<\/strong> pour la prise de vue \u00e0 main lev\u00e9e et la vid\u00e9o<\/p>\n<\/li>\n<li data-start=\"999\" data-end=\"1071\">\n<p data-start=\"1001\" data-end=\"1071\"><em data-start=\"1001\" data-end=\"1037\">Traitement antireflet Zeiss T<\/em>* pour r\u00e9duire les reflets et les images fant\u00f4mes<\/p>\n<\/li>\n<li data-start=\"1072\" data-end=\"1166\">\n<p data-start=\"1074\" data-end=\"1166\">Conception optique avanc\u00e9e avec <strong data-start=\"1103\" data-end=\"1133\">\u00e9l\u00e9ments asph\u00e9riques et verre ED<\/strong> pour une nettet\u00e9 d\u2019un bord \u00e0 l\u2019autre<\/p>\n<\/li>\n<li data-start=\"1167\" data-end=\"1214\">\n<p data-start=\"1169\" data-end=\"1214\">Diaphragme circulaire pour un bokeh doux et naturel<\/p>\n<\/li>\n<li data-start=\"1215\" data-end=\"1260\">\n<p data-start=\"1217\" data-end=\"1260\">Construction r\u00e9sistante \u00e0 la poussi\u00e8re et \u00e0 l\u2019humidit\u00e9<\/p>\n<\/li>\n<\/ul>\n<h3 data-start=\"1267\" data-end=\"1286\">Sp\u00e9cifications :<\/h3>\n<ul data-start=\"1287\" data-end=\"1720\">\n<li data-start=\"1287\" data-end=\"1316\">\n<p data-start=\"1289\" data-end=\"1316\"><strong data-start=\"1289\" data-end=\"1305\">Longueur focale<\/strong>: 16\u201335mm<\/p>\n<\/li>\n<li data-start=\"1317\" data-end=\"1348\">\n<p data-start=\"1319\" data-end=\"1348\"><strong data-start=\"1319\" data-end=\"1339\">Ouverture maximale<\/strong>: f\/4.0<\/p>\n<\/li>\n<li data-start=\"1349\" data-end=\"1379\">\n<p data-start=\"1351\" data-end=\"1379\"><strong data-start=\"1351\" data-end=\"1371\">Ouverture minimale<\/strong>: f\/22<\/p>\n<\/li>\n<li data-start=\"1380\" data-end=\"1419\">\n<p data-start=\"1382\" data-end=\"1419\"><strong data-start=\"1382\" data-end=\"1396\">Monture d'objectif<\/strong>: Sony E (full-frame)<\/p>\n<\/li>\n<li data-start=\"1420\" data-end=\"1465\">\n<p data-start=\"1422\" data-end=\"1465\"><strong data-start=\"1422\" data-end=\"1432\">Format<\/strong>: Full-frame \/ APS-C compatible<\/p>\n<\/li>\n<li data-start=\"1466\" data-end=\"1514\">\n<p data-start=\"1468\" data-end=\"1514\"><strong data-start=\"1468\" data-end=\"1486\">Conception optique<\/strong>: 12 elements in 10 groups<\/p>\n<\/li>\n<li data-start=\"1515\" data-end=\"1552\">\n<p data-start=\"1517\" data-end=\"1552\"><strong data-start=\"1517\" data-end=\"1536\">Lames d'ouverture<\/strong>: 7 (circular)<\/p>\n<\/li>\n<li data-start=\"1553\" data-end=\"1591\">\n<p data-start=\"1555\" data-end=\"1591\"><strong data-start=\"1555\" data-end=\"1581\">Distance minimale de mise au point<\/strong>: 0.28 m<\/p>\n<\/li>\n<li data-start=\"1592\" data-end=\"1628\">\n<p data-start=\"1594\" data-end=\"1628\"><strong data-start=\"1594\" data-end=\"1619\">Grossissement maximal<\/strong>: 0.19x<\/p>\n<\/li>\n<li data-start=\"1629\" data-end=\"1659\">\n<p data-start=\"1631\" data-end=\"1659\"><strong data-start=\"1631\" data-end=\"1650\">Diam\u00e8tre du filtre<\/strong>: 72 mm<\/p>\n<\/li>\n<li data-start=\"1660\" data-end=\"1698\">\n<p data-start=\"1662\" data-end=\"1698\"><strong data-start=\"1662\" data-end=\"1682\">Dimensions (DxL)<\/strong>: 78 \u00d7 98.5 mm<\/p>\n<\/li>\n<li data-start=\"1699\" data-end=\"1720\">\n<p data-start=\"1701\" data-end=\"1720\"><strong data-start=\"1701\" data-end=\"1711\">Poids<\/strong>: 518 g<\/p>\n<\/li>\n<\/ul>\n<p data-start=\"1727\" data-end=\"1829\"><strong data-start=\"1730\" data-end=\"1827\">Louez d\u00e8s maintenant le Sony FE 16\u201335mm F\/4.0 ZA OSS sur CINESOUK<\/strong><\/p>\n<p>&nbsp;<\/p>","protected":false},"excerpt":{"rendered":"<p><strong>Sp\u00e9cifications<\/strong><\/p>\n<ul>\n<li data-start=\"1600\" data-end=\"1626\">\n<p data-start=\"1602\" data-end=\"1626\"><strong data-start=\"1602\" data-end=\"1618\">Longueur focale<\/strong>: 85mm<\/p>\n<\/li>\n<li data-start=\"1627\" data-end=\"1658\">\n<p data-start=\"1629\" data-end=\"1658\"><strong data-start=\"1629\" data-end=\"1649\">Ouverture maximale<\/strong>: f\/1.4<\/p>\n<\/li>\n<li data-start=\"1659\" data-end=\"1689\">\n<p data-start=\"1661\" data-end=\"1689\"><strong data-start=\"1661\" data-end=\"1681\">Ouverture minimale<\/strong>: f\/16<\/p>\n<\/li>\n<li data-start=\"1690\" data-end=\"1724\">\n<p data-start=\"1692\" data-end=\"1724\"><strong data-start=\"1692\" data-end=\"1701\">Montage<\/strong>: Sony E (plein cadre)<\/p>\n<\/li>\n<li data-start=\"1725\" data-end=\"1762\">\n<p data-start=\"1727\" data-end=\"1762\"><strong data-start=\"1727\" data-end=\"1753\">Distance minimale de mise au point<\/strong>: 80 cm<\/p>\n<\/li>\n<li data-start=\"1763\" data-end=\"1801\">\n<p data-start=\"1765\" data-end=\"1801\"><strong data-start=\"1765\" data-end=\"1784\">Lames d'ouverture<\/strong>: 11 (circulaire)<\/p>\n<\/li>\n<li data-start=\"1802\" data-end=\"1832\">\n<p data-start=\"1804\" data-end=\"1832\"><strong data-start=\"1804\" data-end=\"1823\">Diam\u00e8tre du filtre<\/strong>: 77 mm<\/p>\n<\/li>\n<li data-start=\"1833\" data-end=\"1868\">\n<p data-start=\"1835\" data-end=\"1868\"><strong data-start=\"1835\" data-end=\"1849\">Dimensions<\/strong>: 89,5 x 107,5 mm<\/p>\n<\/li>\n<li data-start=\"1869\" data-end=\"1898\">\n<p data-start=\"1871\" data-end=\"1898\"><strong data-start=\"1871\" data-end=\"1881\">Poids<\/strong>: Environ 820 g<\/p>\n<\/li>\n<li data-start=\"1899\" data-end=\"1938\">\n<p data-start=\"1901\" data-end=\"1938\"><strong data-start=\"1901\" data-end=\"1920\">Moteur autofocus<\/strong>: Moteur annulaire SSM<\/p>\n<\/li>\n<li data-start=\"1939\" data-end=\"2010\">\n<p data-start=\"1941\" data-end=\"2010\"><strong data-start=\"1941\" data-end=\"1964\">Stabilisation de l'image<\/strong>: Non (utilise la stabilisation du corps si elle est disponible)<\/p>\n<\/li>\n<\/ul>","protected":false},"featured_media":14742,"template":"","meta":{"om_disable_all_campaigns":false,"_monsterinsights_skip_tracking":false,"_monsterinsights_sitenote_active":false,"_monsterinsights_sitenote_note":"","_monsterinsights_sitenote_category":0,"_uf_show_specific_survey":0,"_uf_disable_surveys":false},"product_brand":[],"product_cat":[36,53],"product_tag":[],"class_list":{"0":"post-14706","1":"product","2":"type-product","3":"status-publish","4":"has-post-thumbnail","6":"product_cat-lenses-cinesouk","7":"product_cat-popular-cinesouk","9":"entry","10":"has-media","12":"first","13":"instock","14":"taxable","15":"shipping-taxable","16":"purchasable","17":"product-type-variable","18":"has-product-nav","19":"col","20":"span_1_of_3","21":"owp-content-center","22":"owp-thumbs-layout-horizontal","23":"owp-btn-normal","24":"owp-tabs-layout-horizontal","25":"has-no-thumbnails"},"yoast_head":"<!-- This site is optimized with the Yoast SEO Premium plugin v26.0 (Yoast SEO v26.0) - https:\/\/yoast.com\/wordpress\/plugins\/seo\/ -->\n<title>Sony FE 16-35mm F\/4.0 ZA OSS Lens - lens - Marrocco\/Marrakech<\/title>\n<meta name=\"description\" content=\"Sony FE 16\u201335mm F\/4.0 ZA OSS \u2013 wide-angle zoom with Zeiss T optics, constant f\/4 aperture, Optical SteadyShot, and sharp detail across the frame.\" \/>\n<meta name=\"robots\" content=\"index, follow, max-snippet:-1, max-image-preview:large, max-video-preview:-1\" \/>\n<link rel=\"canonical\" href=\"https:\/\/www.cinesouk.ma\/fr\/produit\/sony-fe-16-35mm-f-4-0-za-oss\/\" \/>\n<meta property=\"og:locale\" content=\"fr_FR\" \/>\n<meta property=\"og:type\" content=\"article\" \/>\n<meta property=\"og:title\" content=\"Sony FE 16-35mm F\/4.0 ZA OSS Lens\" \/>\n<meta property=\"og:description\" content=\"Sony FE 16\u201335mm F\/4.0 ZA OSS \u2013 wide-angle zoom with Zeiss T optics, constant f\/4 aperture, Optical SteadyShot, and sharp detail across the frame.\" \/>\n<meta property=\"og:url\" content=\"https:\/\/www.cinesouk.ma\/fr\/produit\/sony-fe-16-35mm-f-4-0-za-oss\/\" \/>\n<meta property=\"og:site_name\" content=\"CineSouk\" \/>\n<meta property=\"article:modified_time\" content=\"2026-03-07T10:57:14+00:00\" \/>\n<meta property=\"og:image\" content=\"https:\/\/www.cinesouk.ma\/wp-content\/uploads\/2025\/09\/Sony-FE-16-35mm-F4.0-ZA-OSS-1.jpg\" \/>\n\t<meta property=\"og:image:width\" content=\"300\" \/>\n\t<meta property=\"og:image:height\" content=\"238\" \/>\n\t<meta property=\"og:image:type\" content=\"image\/jpeg\" \/>\n<meta name=\"twitter:card\" content=\"summary_large_image\" \/>\n<meta name=\"twitter:description\" content=\"Sony FE 16\u201335mm F\/4.0 ZA OSS \u2013 wide-angle zoom with Zeiss T optics, constant f\/4 aperture, Optical SteadyShot, and sharp detail across the frame.\" \/>\n<meta name=\"twitter:image\" content=\"https:\/\/www.cinesouk.ma\/wp-content\/uploads\/2025\/09\/Sony-FE-16-35mm-F4.0-ZA-OSS-1.jpg\" \/>\n<meta name=\"twitter:label1\" content=\"Dur\u00e9e de lecture estim\u00e9e\" \/>\n\t<meta name=\"twitter:data1\" content=\"2 minutes\" \/>\n<script type=\"application\/ld+json\" class=\"yoast-schema-graph\">{\"@context\":\"https:\/\/schema.org\",\"@graph\":[{\"@type\":\"WebPage\",\"@id\":\"https:\/\/www.cinesouk.ma\/product\/sony-fe-16-35mm-f-4-0-za-oss\/\",\"url\":\"https:\/\/www.cinesouk.ma\/product\/sony-fe-16-35mm-f-4-0-za-oss\/\",\"name\":\"Sony FE 16-35mm F\/4.0 ZA OSS Lens - lens - Marrocco\/Marrakech\",\"isPartOf\":{\"@id\":\"https:\/\/www.cinesouk.ma\/#website\"},\"primaryImageOfPage\":{\"@id\":\"https:\/\/www.cinesouk.ma\/product\/sony-fe-16-35mm-f-4-0-za-oss\/#primaryimage\"},\"image\":{\"@id\":\"https:\/\/www.cinesouk.ma\/product\/sony-fe-16-35mm-f-4-0-za-oss\/#primaryimage\"},\"thumbnailUrl\":\"https:\/\/www.cinesouk.ma\/wp-content\/uploads\/2025\/09\/Sony-FE-16-35mm-F4.0-ZA-OSS-1.jpg\",\"datePublished\":\"2026-03-07T10:51:44+00:00\",\"dateModified\":\"2026-03-07T10:57:14+00:00\",\"description\":\"Sony FE 16\u201335mm F\/4.0 ZA OSS \u2013 wide-angle zoom with Zeiss T optics, constant f\/4 aperture, Optical SteadyShot, and sharp detail across the frame.\",\"breadcrumb\":{\"@id\":\"https:\/\/www.cinesouk.ma\/product\/sony-fe-16-35mm-f-4-0-za-oss\/#breadcrumb\"},\"inLanguage\":\"fr-FR\",\"potentialAction\":[{\"@type\":\"ReadAction\",\"target\":[\"https:\/\/www.cinesouk.ma\/product\/sony-fe-16-35mm-f-4-0-za-oss\/\"]}]},{\"@type\":\"ImageObject\",\"inLanguage\":\"fr-FR\",\"@id\":\"https:\/\/www.cinesouk.ma\/product\/sony-fe-16-35mm-f-4-0-za-oss\/#primaryimage\",\"url\":\"https:\/\/www.cinesouk.ma\/wp-content\/uploads\/2025\/09\/Sony-FE-16-35mm-F4.0-ZA-OSS-1.jpg\",\"contentUrl\":\"https:\/\/www.cinesouk.ma\/wp-content\/uploads\/2025\/09\/Sony-FE-16-35mm-F4.0-ZA-OSS-1.jpg\",\"width\":300,\"height\":238,\"caption\":\"Sony FE 16-35mm F:4.0 ZA OSS\"},{\"@type\":\"BreadcrumbList\",\"@id\":\"https:\/\/www.cinesouk.ma\/product\/sony-fe-16-35mm-f-4-0-za-oss\/#breadcrumb\",\"itemListElement\":[{\"@type\":\"ListItem\",\"position\":1,\"name\":\"Home\",\"item\":\"https:\/\/www.cinesouk.ma\/\"},{\"@type\":\"ListItem\",\"position\":2,\"name\":\"Shop\",\"item\":\"https:\/\/www.cinesouk.ma\/shop\/\"},{\"@type\":\"ListItem\",\"position\":3,\"name\":\"Sony FE 16-35mm F\/4.0 ZA OSS Lens\"}]},{\"@type\":\"WebSite\",\"@id\":\"https:\/\/www.cinesouk.ma\/#website\",\"url\":\"https:\/\/www.cinesouk.ma\/\",\"name\":\"CineSouk\",\"description\":\"\",\"publisher\":{\"@id\":\"https:\/\/www.cinesouk.ma\/#organization\"},\"potentialAction\":[{\"@type\":\"SearchAction\",\"target\":{\"@type\":\"EntryPoint\",\"urlTemplate\":\"https:\/\/www.cinesouk.ma\/?s={search_term_string}\"},\"query-input\":{\"@type\":\"PropertyValueSpecification\",\"valueRequired\":true,\"valueName\":\"search_term_string\"}}],\"inLanguage\":\"fr-FR\"},{\"@type\":\"Organization\",\"@id\":\"https:\/\/www.cinesouk.ma\/#organization\",\"name\":\"CineSouk\",\"url\":\"https:\/\/www.cinesouk.ma\/\",\"logo\":{\"@type\":\"ImageObject\",\"inLanguage\":\"fr-FR\",\"@id\":\"https:\/\/www.cinesouk.ma\/#\/schema\/logo\/image\/\",\"url\":\"https:\/\/www.cinesouk.ma\/wp-content\/uploads\/2024\/01\/CineSouk-logo-v01-alpha-alligned-left.png\",\"contentUrl\":\"https:\/\/www.cinesouk.ma\/wp-content\/uploads\/2024\/01\/CineSouk-logo-v01-alpha-alligned-left.png\",\"width\":3204,\"height\":889,\"caption\":\"CineSouk\"},\"image\":{\"@id\":\"https:\/\/www.cinesouk.ma\/#\/schema\/logo\/image\/\"}}]}<\/script>\n<!-- \/ Yoast SEO Premium plugin. -->","yoast_head_json":{"title":"Sony FE 16-35mm F\/4.0 ZA OSS Lens - lens - Marrocco\/Marrakech","description":"Sony FE 16\u201335mm F\/4.0 ZA OSS \u2013 wide-angle zoom with Zeiss T optics, constant f\/4 aperture, Optical SteadyShot, and sharp detail across the frame.","robots":{"index":"index","follow":"follow","max-snippet":"max-snippet:-1","max-image-preview":"max-image-preview:large","max-video-preview":"max-video-preview:-1"},"canonical":"https:\/\/www.cinesouk.ma\/fr\/produit\/sony-fe-16-35mm-f-4-0-za-oss\/","og_locale":"fr_FR","og_type":"article","og_title":"Sony FE 16-35mm F\/4.0 ZA OSS Lens","og_description":"Sony FE 16\u201335mm F\/4.0 ZA OSS \u2013 wide-angle zoom with Zeiss T optics, constant f\/4 aperture, Optical SteadyShot, and sharp detail across the frame.","og_url":"https:\/\/www.cinesouk.ma\/fr\/produit\/sony-fe-16-35mm-f-4-0-za-oss\/","og_site_name":"CineSouk","article_modified_time":"2026-03-07T10:57:14+00:00","og_image":[{"width":300,"height":238,"url":"https:\/\/www.cinesouk.ma\/wp-content\/uploads\/2025\/09\/Sony-FE-16-35mm-F4.0-ZA-OSS-1.jpg","type":"image\/jpeg"}],"twitter_card":"summary_large_image","twitter_description":"Sony FE 16\u201335mm F\/4.0 ZA OSS \u2013 wide-angle zoom with Zeiss T optics, constant f\/4 aperture, Optical SteadyShot, and sharp detail across the frame.","twitter_image":"https:\/\/www.cinesouk.ma\/wp-content\/uploads\/2025\/09\/Sony-FE-16-35mm-F4.0-ZA-OSS-1.jpg","twitter_misc":{"Dur\u00e9e de lecture estim\u00e9e":"2 minutes"},"schema":{"@context":"https:\/\/schema.org","@graph":[{"@type":"WebPage","@id":"https:\/\/www.cinesouk.ma\/product\/sony-fe-16-35mm-f-4-0-za-oss\/","url":"https:\/\/www.cinesouk.ma\/product\/sony-fe-16-35mm-f-4-0-za-oss\/","name":"Sony FE 16-35mm F\/4.0 ZA OSS Lens - lens - Marrocco\/Marrakech","isPartOf":{"@id":"https:\/\/www.cinesouk.ma\/#website"},"primaryImageOfPage":{"@id":"https:\/\/www.cinesouk.ma\/product\/sony-fe-16-35mm-f-4-0-za-oss\/#primaryimage"},"image":{"@id":"https:\/\/www.cinesouk.ma\/product\/sony-fe-16-35mm-f-4-0-za-oss\/#primaryimage"},"thumbnailUrl":"https:\/\/www.cinesouk.ma\/wp-content\/uploads\/2025\/09\/Sony-FE-16-35mm-F4.0-ZA-OSS-1.jpg","datePublished":"2026-03-07T10:51:44+00:00","dateModified":"2026-03-07T10:57:14+00:00","description":"Sony FE 16\u201335mm F\/4.0 ZA OSS \u2013 wide-angle zoom with Zeiss T optics, constant f\/4 aperture, Optical SteadyShot, and sharp detail across the frame.","breadcrumb":{"@id":"https:\/\/www.cinesouk.ma\/product\/sony-fe-16-35mm-f-4-0-za-oss\/#breadcrumb"},"inLanguage":"fr-FR","potentialAction":[{"@type":"ReadAction","target":["https:\/\/www.cinesouk.ma\/product\/sony-fe-16-35mm-f-4-0-za-oss\/"]}]},{"@type":"ImageObject","inLanguage":"fr-FR","@id":"https:\/\/www.cinesouk.ma\/product\/sony-fe-16-35mm-f-4-0-za-oss\/#primaryimage","url":"https:\/\/www.cinesouk.ma\/wp-content\/uploads\/2025\/09\/Sony-FE-16-35mm-F4.0-ZA-OSS-1.jpg","contentUrl":"https:\/\/www.cinesouk.ma\/wp-content\/uploads\/2025\/09\/Sony-FE-16-35mm-F4.0-ZA-OSS-1.jpg","width":300,"height":238,"caption":"Sony FE 16-35mm F:4.0 ZA OSS"},{"@type":"BreadcrumbList","@id":"https:\/\/www.cinesouk.ma\/product\/sony-fe-16-35mm-f-4-0-za-oss\/#breadcrumb","itemListElement":[{"@type":"ListItem","position":1,"name":"Home","item":"https:\/\/www.cinesouk.ma\/"},{"@type":"ListItem","position":2,"name":"Shop","item":"https:\/\/www.cinesouk.ma\/shop\/"},{"@type":"ListItem","position":3,"name":"Sony FE 16-35mm F\/4.0 ZA OSS Lens"}]},{"@type":"WebSite","@id":"https:\/\/www.cinesouk.ma\/#website","url":"https:\/\/www.cinesouk.ma\/","name":"CineSouk","description":"","publisher":{"@id":"https:\/\/www.cinesouk.ma\/#organization"},"potentialAction":[{"@type":"SearchAction","target":{"@type":"EntryPoint","urlTemplate":"https:\/\/www.cinesouk.ma\/?s={search_term_string}"},"query-input":{"@type":"PropertyValueSpecification","valueRequired":true,"valueName":"search_term_string"}}],"inLanguage":"fr-FR"},{"@type":"Organization","@id":"https:\/\/www.cinesouk.ma\/#organization","name":"CineSouk","url":"https:\/\/www.cinesouk.ma\/","logo":{"@type":"ImageObject","inLanguage":"fr-FR","@id":"https:\/\/www.cinesouk.ma\/#\/schema\/logo\/image\/","url":"https:\/\/www.cinesouk.ma\/wp-content\/uploads\/2024\/01\/CineSouk-logo-v01-alpha-alligned-left.png","contentUrl":"https:\/\/www.cinesouk.ma\/wp-content\/uploads\/2024\/01\/CineSouk-logo-v01-alpha-alligned-left.png","width":3204,"height":889,"caption":"CineSouk"},"image":{"@id":"https:\/\/www.cinesouk.ma\/#\/schema\/logo\/image\/"}}]}},"_links":{"self":[{"href":"https:\/\/www.cinesouk.ma\/fr\/wp-json\/wp\/v2\/product\/14706","targetHints":{"allow":["GET"]}}],"collection":[{"href":"https:\/\/www.cinesouk.ma\/fr\/wp-json\/wp\/v2\/product"}],"about":[{"href":"https:\/\/www.cinesouk.ma\/fr\/wp-json\/wp\/v2\/types\/product"}],"wp:featuredmedia":[{"embeddable":true,"href":"https:\/\/www.cinesouk.ma\/fr\/wp-json\/wp\/v2\/media\/14742"}],"wp:attachment":[{"href":"https:\/\/www.cinesouk.ma\/fr\/wp-json\/wp\/v2\/media?parent=14706"}],"wp:term":[{"taxonomy":"product_brand","embeddable":true,"href":"https:\/\/www.cinesouk.ma\/fr\/wp-json\/wp\/v2\/product_brand?post=14706"},{"taxonomy":"product_cat","embeddable":true,"href":"https:\/\/www.cinesouk.ma\/fr\/wp-json\/wp\/v2\/product_cat?post=14706"},{"taxonomy":"product_tag","embeddable":true,"href":"https:\/\/www.cinesouk.ma\/fr\/wp-json\/wp\/v2\/product_tag?post=14706"}],"curies":[{"name":"wp","href":"https:\/\/api.w.org\/{rel}","templated":true}]}}