{"id":14796,"date":"2025-09-23T15:17:19","date_gmt":"2025-09-23T15:17:19","guid":{"rendered":"https:\/\/www.cinesouk.ma\/?post_type=product&#038;p=14796"},"modified":"2026-01-24T10:56:49","modified_gmt":"2026-01-24T10:56:49","slug":"canon-rf-70-200mm-f-2-8l-is-usm","status":"publish","type":"product","link":"https:\/\/www.cinesouk.ma\/fr\/produit\/canon-rf-70-200mm-f-2-8l-is-usm\/","title":{"rendered":"Canon RF 70-200mm F2.8L IS USM Lens"},"content":{"rendered":"<p data-start=\"257\" data-end=\"551\">The Canon RF 70\u2013200mm F\/2.8L IS USM is a professional telephoto zoom lens built for Canon RF-mount mirrorless cameras. It covers the classic 70\u2013200mm focal range with a constant f\/2.8 aperture, making it a go-to choice for sports, portraits, events, wildlife, and cinematic video.<\/p>\n<p data-start=\"553\" data-end=\"976\">In addition, the lens features up to 5 stops of image stabilization, which helps you capture sharp shots even in tough conditions. Its dual Nano USM motors provide quick, accurate, and quiet autofocus\u2014ideal for both stills and video work. Moreover, the lens reflects Canon\u2019s trusted L-series quality, with weather sealing and a compact design that is lighter and easier to carry than the older EF version.<\/p>\n<h3 data-start=\"983\" data-end=\"1000\">Caract\u00e9ristiques principales :<\/h3>\n<ul data-start=\"1001\" data-end=\"1495\">\n<li data-start=\"1001\" data-end=\"1074\">\n<p data-start=\"1003\" data-end=\"1074\">Professional <strong data-start=\"1016\" data-end=\"1043\">70\u2013200mm telephoto zoom<\/strong> with constant f\/2.8 aperture<\/p>\n<\/li>\n<li data-start=\"1075\" data-end=\"1150\">\n<p data-start=\"1077\" data-end=\"1150\"><strong data-start=\"1077\" data-end=\"1124\">Optical Image Stabilization (up to 5 stops)<\/strong> for steady handheld use<\/p>\n<\/li>\n<li data-start=\"1151\" data-end=\"1218\">\n<p data-start=\"1153\" data-end=\"1218\"><strong data-start=\"1153\" data-end=\"1177\">Dual Nano USM motors<\/strong> for fast, smooth, and silent autofocus<\/p>\n<\/li>\n<li data-start=\"1219\" data-end=\"1289\">\n<p data-start=\"1221\" data-end=\"1289\"><strong data-start=\"1221\" data-end=\"1240\">L-series optics<\/strong> with advanced elements for sharp, clear images<\/p>\n<\/li>\n<li data-start=\"1290\" data-end=\"1351\">\n<p data-start=\"1292\" data-end=\"1351\"><strong data-start=\"1292\" data-end=\"1320\">Air Sphere Coating (ASC)<\/strong> to reduce flare and ghosting<\/p>\n<\/li>\n<li data-start=\"1352\" data-end=\"1429\">\n<p data-start=\"1354\" data-end=\"1429\"><strong data-start=\"1354\" data-end=\"1388\">Compact and lightweight design<\/strong> for portability on set or in the field<\/p>\n<\/li>\n<li data-start=\"1430\" data-end=\"1495\">\n<p data-start=\"1432\" data-end=\"1495\"><strong data-start=\"1432\" data-end=\"1477\">Construction r\u00e9sistante \u00e0 la poussi\u00e8re et \u00e0 l\u2019humidit\u00e9<\/strong> for reliability<\/p>\n<\/li>\n<\/ul>\n<h3 data-start=\"1502\" data-end=\"1521\">Sp\u00e9cifications :<\/h3>\n<ul data-start=\"1522\" data-end=\"1960\">\n<li data-start=\"1522\" data-end=\"1552\">\n<p data-start=\"1524\" data-end=\"1552\"><strong data-start=\"1524\" data-end=\"1540\">Longueur focale<\/strong>: 70\u2013200mm<\/p>\n<\/li>\n<li data-start=\"1553\" data-end=\"1584\">\n<p data-start=\"1555\" data-end=\"1584\"><strong data-start=\"1555\" data-end=\"1575\">Ouverture maximale<\/strong>: f\/2.8<\/p>\n<\/li>\n<li data-start=\"1585\" data-end=\"1615\">\n<p data-start=\"1587\" data-end=\"1615\"><strong data-start=\"1587\" data-end=\"1607\">Ouverture minimale<\/strong>: f\/22<\/p>\n<\/li>\n<li data-start=\"1616\" data-end=\"1657\">\n<p data-start=\"1618\" data-end=\"1657\"><strong data-start=\"1618\" data-end=\"1632\">Monture d'objectif<\/strong>: Canon RF (full-frame)<\/p>\n<\/li>\n<li data-start=\"1658\" data-end=\"1703\">\n<p data-start=\"1660\" data-end=\"1703\"><strong data-start=\"1660\" data-end=\"1670\">Format<\/strong>: Full-frame \/ APS-C compatible<\/p>\n<\/li>\n<li data-start=\"1704\" data-end=\"1752\">\n<p data-start=\"1706\" data-end=\"1752\"><strong data-start=\"1706\" data-end=\"1724\">Conception optique<\/strong>: 17 elements in 13 groups<\/p>\n<\/li>\n<li data-start=\"1753\" data-end=\"1790\">\n<p data-start=\"1755\" data-end=\"1790\"><strong data-start=\"1755\" data-end=\"1774\">Lames d'ouverture<\/strong>: 9 (circulaire)<\/p>\n<\/li>\n<li data-start=\"1791\" data-end=\"1828\">\n<p data-start=\"1793\" data-end=\"1828\"><strong data-start=\"1793\" data-end=\"1819\">Distance minimale de mise au point<\/strong>: 0.7 m<\/p>\n<\/li>\n<li data-start=\"1829\" data-end=\"1865\">\n<p data-start=\"1831\" data-end=\"1865\"><strong data-start=\"1831\" data-end=\"1856\">Grossissement maximal<\/strong>: 0.23x<\/p>\n<\/li>\n<li data-start=\"1866\" data-end=\"1896\">\n<p data-start=\"1868\" data-end=\"1896\"><strong data-start=\"1868\" data-end=\"1887\">Diam\u00e8tre du filtre<\/strong>: 77 mm<\/p>\n<\/li>\n<li data-start=\"1897\" data-end=\"1936\">\n<p data-start=\"1899\" data-end=\"1936\"><strong data-start=\"1899\" data-end=\"1919\">Dimensions (DxL)<\/strong>: 89.9 \u00d7 146 mm<\/p>\n<\/li>\n<li data-start=\"1937\" data-end=\"1960\">\n<p data-start=\"1939\" data-end=\"1960\"><strong data-start=\"1939\" data-end=\"1949\">Poids<\/strong>: 1,070 g<\/p>\n<\/li>\n<\/ul>\n<p data-start=\"1967\" data-end=\"2072\"><strong data-start=\"1970\" data-end=\"2070\">Rent the Canon RF 70\u2013200mm F\/2.8L IS USM now at CINESOUK \u2013 a brand by BROADWAY PRODUCTIONS SARL.<\/strong><\/p>","protected":false},"excerpt":{"rendered":"<h3 data-start=\"1417\" data-end=\"1436\">Sp\u00e9cifications :<\/h3>\n<ul data-start=\"1437\" data-end=\"1875\">\n<li data-start=\"1437\" data-end=\"1467\">\n<p data-start=\"1439\" data-end=\"1467\"><strong data-start=\"1439\" data-end=\"1455\">Longueur focale<\/strong>: 70\u2013200mm<\/p>\n<\/li>\n<li data-start=\"1468\" data-end=\"1499\">\n<p data-start=\"1470\" data-end=\"1499\"><strong data-start=\"1470\" data-end=\"1490\">Ouverture maximale<\/strong>: f\/2.8<\/p>\n<\/li>\n<li data-start=\"1500\" data-end=\"1530\">\n<p data-start=\"1502\" data-end=\"1530\"><strong data-start=\"1502\" data-end=\"1522\">Ouverture minimale<\/strong>: f\/22<\/p>\n<\/li>\n<li data-start=\"1531\" data-end=\"1572\">\n<p data-start=\"1533\" data-end=\"1572\"><strong data-start=\"1533\" data-end=\"1547\">Monture d'objectif<\/strong>: Canon RF (full-frame)<\/p>\n<\/li>\n<li data-start=\"1573\" data-end=\"1618\">\n<p data-start=\"1575\" data-end=\"1618\"><strong data-start=\"1575\" data-end=\"1585\">Format<\/strong>: Full-frame \/ APS-C compatible<\/p>\n<\/li>\n<li data-start=\"1619\" data-end=\"1667\">\n<p data-start=\"1621\" data-end=\"1667\"><strong data-start=\"1621\" data-end=\"1639\">Conception optique<\/strong>: 17 elements in 13 groups<\/p>\n<\/li>\n<li data-start=\"1668\" data-end=\"1705\">\n<p data-start=\"1670\" data-end=\"1705\"><strong data-start=\"1670\" data-end=\"1689\">Lames d'ouverture<\/strong>: 9 (circulaire)<\/p>\n<\/li>\n<li data-start=\"1706\" data-end=\"1743\">\n<p data-start=\"1708\" data-end=\"1743\"><strong data-start=\"1708\" data-end=\"1734\">Distance minimale de mise au point<\/strong>: 0.7 m<\/p>\n<\/li>\n<li data-start=\"1744\" data-end=\"1780\">\n<p data-start=\"1746\" data-end=\"1780\"><strong data-start=\"1746\" data-end=\"1771\">Grossissement maximal<\/strong>: 0.23x<\/p>\n<\/li>\n<li data-start=\"1781\" data-end=\"1811\">\n<p data-start=\"1783\" data-end=\"1811\"><strong data-start=\"1783\" data-end=\"1802\">Diam\u00e8tre du filtre<\/strong>: 77 mm<\/p>\n<\/li>\n<li data-start=\"1812\" data-end=\"1851\">\n<p data-start=\"1814\" data-end=\"1851\"><strong data-start=\"1814\" data-end=\"1834\">Dimensions (DxL)<\/strong>: 89.9 \u00d7 146 mm<\/p>\n<\/li>\n<li data-start=\"1852\" data-end=\"1875\">\n<p data-start=\"1854\" data-end=\"1875\"><strong data-start=\"1854\" data-end=\"1864\">Poids<\/strong>: 1,070 g<\/p>\n<\/li>\n<\/ul>","protected":false},"featured_media":14980,"template":"","meta":{"om_disable_all_campaigns":false,"_monsterinsights_skip_tracking":false,"_monsterinsights_sitenote_active":false,"_monsterinsights_sitenote_note":"","_monsterinsights_sitenote_category":0,"_uf_show_specific_survey":0,"_uf_disable_surveys":false},"product_brand":[],"product_cat":[36],"product_tag":[],"class_list":{"0":"post-14796","1":"product","2":"type-product","3":"status-publish","4":"has-post-thumbnail","6":"product_cat-lenses-cinesouk","8":"entry","9":"has-media","11":"first","12":"instock","13":"taxable","14":"shipping-taxable","15":"purchasable","16":"product-type-variable","17":"has-product-nav","18":"col","19":"span_1_of_3","20":"owp-content-center","21":"owp-thumbs-layout-horizontal","22":"owp-btn-normal","23":"owp-tabs-layout-horizontal","24":"has-no-thumbnails"},"yoast_head":"<!-- This site is optimized with the Yoast SEO Premium plugin v26.0 (Yoast SEO v26.0) - https:\/\/yoast.com\/wordpress\/plugins\/seo\/ -->\n<title>Canon RF 70-200mm F2.8L IS USM Lens - CineSouk - For rent<\/title>\n<meta name=\"description\" content=\"Canon RF 70\u2013200mm F\/2.8L IS USM \u2013 pro telephoto zoom with f\/2.8 aperture, 5-stop IS, dual Nano USM AF, and L-series durability in a compact design.\" \/>\n<meta name=\"robots\" content=\"index, follow, max-snippet:-1, max-image-preview:large, max-video-preview:-1\" \/>\n<link rel=\"canonical\" href=\"https:\/\/www.cinesouk.ma\/fr\/produit\/canon-rf-70-200mm-f-2-8l-is-usm\/\" \/>\n<meta property=\"og:locale\" content=\"fr_FR\" \/>\n<meta property=\"og:type\" content=\"article\" \/>\n<meta property=\"og:title\" content=\"Canon RF 70-200mm F2.8L IS USM Lens\" \/>\n<meta property=\"og:description\" content=\"Canon RF 70\u2013200mm F\/2.8L IS USM \u2013 pro telephoto zoom with f\/2.8 aperture, 5-stop IS, dual Nano USM AF, and L-series durability in a compact design.\" \/>\n<meta property=\"og:url\" content=\"https:\/\/www.cinesouk.ma\/fr\/produit\/canon-rf-70-200mm-f-2-8l-is-usm\/\" \/>\n<meta property=\"og:site_name\" content=\"CineSouk\" \/>\n<meta property=\"article:modified_time\" content=\"2026-01-24T10:56:49+00:00\" \/>\n<meta property=\"og:image\" content=\"https:\/\/www.cinesouk.ma\/wp-content\/uploads\/2025\/09\/Canon-RF-70-200mm-F2.8L-IS-USM-lens.jpg\" \/>\n\t<meta property=\"og:image:width\" content=\"300\" \/>\n\t<meta property=\"og:image:height\" content=\"238\" \/>\n\t<meta property=\"og:image:type\" content=\"image\/jpeg\" \/>\n<meta name=\"twitter:card\" content=\"summary_large_image\" \/>\n<meta name=\"twitter:description\" content=\"Canon RF 70\u2013200mm F\/2.8L IS USM \u2013 pro telephoto zoom with f\/2.8 aperture, 5-stop IS, dual Nano USM AF, and L-series durability in a compact design.\" \/>\n<meta name=\"twitter:label1\" content=\"Dur\u00e9e de lecture estim\u00e9e\" \/>\n\t<meta name=\"twitter:data1\" content=\"2 minutes\" \/>\n<script type=\"application\/ld+json\" class=\"yoast-schema-graph\">{\"@context\":\"https:\/\/schema.org\",\"@graph\":[{\"@type\":\"WebPage\",\"@id\":\"https:\/\/www.cinesouk.ma\/product\/canon-rf-70-200mm-f-2-8l-is-usm\/\",\"url\":\"https:\/\/www.cinesouk.ma\/product\/canon-rf-70-200mm-f-2-8l-is-usm\/\",\"name\":\"Canon RF 70-200mm F2.8L IS USM Lens - CineSouk - For rent\",\"isPartOf\":{\"@id\":\"https:\/\/www.cinesouk.ma\/#website\"},\"primaryImageOfPage\":{\"@id\":\"https:\/\/www.cinesouk.ma\/product\/canon-rf-70-200mm-f-2-8l-is-usm\/#primaryimage\"},\"image\":{\"@id\":\"https:\/\/www.cinesouk.ma\/product\/canon-rf-70-200mm-f-2-8l-is-usm\/#primaryimage\"},\"thumbnailUrl\":\"https:\/\/www.cinesouk.ma\/wp-content\/uploads\/2025\/09\/Canon-RF-70-200mm-F2.8L-IS-USM-lens.jpg\",\"datePublished\":\"2025-09-23T15:17:19+00:00\",\"dateModified\":\"2026-01-24T10:56:49+00:00\",\"description\":\"Canon RF 70\u2013200mm F\/2.8L IS USM \u2013 pro telephoto zoom with f\/2.8 aperture, 5-stop IS, dual Nano USM AF, and L-series durability in a compact design.\",\"breadcrumb\":{\"@id\":\"https:\/\/www.cinesouk.ma\/product\/canon-rf-70-200mm-f-2-8l-is-usm\/#breadcrumb\"},\"inLanguage\":\"fr-FR\",\"potentialAction\":[{\"@type\":\"ReadAction\",\"target\":[\"https:\/\/www.cinesouk.ma\/product\/canon-rf-70-200mm-f-2-8l-is-usm\/\"]}]},{\"@type\":\"ImageObject\",\"inLanguage\":\"fr-FR\",\"@id\":\"https:\/\/www.cinesouk.ma\/product\/canon-rf-70-200mm-f-2-8l-is-usm\/#primaryimage\",\"url\":\"https:\/\/www.cinesouk.ma\/wp-content\/uploads\/2025\/09\/Canon-RF-70-200mm-F2.8L-IS-USM-lens.jpg\",\"contentUrl\":\"https:\/\/www.cinesouk.ma\/wp-content\/uploads\/2025\/09\/Canon-RF-70-200mm-F2.8L-IS-USM-lens.jpg\",\"width\":300,\"height\":238,\"caption\":\"Canon RF 70-200mm F2.8L IS USM-lens\"},{\"@type\":\"BreadcrumbList\",\"@id\":\"https:\/\/www.cinesouk.ma\/product\/canon-rf-70-200mm-f-2-8l-is-usm\/#breadcrumb\",\"itemListElement\":[{\"@type\":\"ListItem\",\"position\":1,\"name\":\"Home\",\"item\":\"https:\/\/www.cinesouk.ma\/\"},{\"@type\":\"ListItem\",\"position\":2,\"name\":\"Shop\",\"item\":\"https:\/\/www.cinesouk.ma\/shop\/\"},{\"@type\":\"ListItem\",\"position\":3,\"name\":\"Canon RF 70-200mm F2.8L IS USM Lens\"}]},{\"@type\":\"WebSite\",\"@id\":\"https:\/\/www.cinesouk.ma\/#website\",\"url\":\"https:\/\/www.cinesouk.ma\/\",\"name\":\"CineSouk\",\"description\":\"\",\"publisher\":{\"@id\":\"https:\/\/www.cinesouk.ma\/#organization\"},\"potentialAction\":[{\"@type\":\"SearchAction\",\"target\":{\"@type\":\"EntryPoint\",\"urlTemplate\":\"https:\/\/www.cinesouk.ma\/?s={search_term_string}\"},\"query-input\":{\"@type\":\"PropertyValueSpecification\",\"valueRequired\":true,\"valueName\":\"search_term_string\"}}],\"inLanguage\":\"fr-FR\"},{\"@type\":\"Organization\",\"@id\":\"https:\/\/www.cinesouk.ma\/#organization\",\"name\":\"CineSouk\",\"url\":\"https:\/\/www.cinesouk.ma\/\",\"logo\":{\"@type\":\"ImageObject\",\"inLanguage\":\"fr-FR\",\"@id\":\"https:\/\/www.cinesouk.ma\/#\/schema\/logo\/image\/\",\"url\":\"https:\/\/www.cinesouk.ma\/wp-content\/uploads\/2024\/01\/CineSouk-logo-v01-alpha-alligned-left.png\",\"contentUrl\":\"https:\/\/www.cinesouk.ma\/wp-content\/uploads\/2024\/01\/CineSouk-logo-v01-alpha-alligned-left.png\",\"width\":3204,\"height\":889,\"caption\":\"CineSouk\"},\"image\":{\"@id\":\"https:\/\/www.cinesouk.ma\/#\/schema\/logo\/image\/\"}}]}<\/script>\n<!-- \/ Yoast SEO Premium plugin. -->","yoast_head_json":{"title":"Canon RF 70-200mm F2.8L IS USM Lens - CineSouk - For rent","description":"Canon RF 70\u2013200mm F\/2.8L IS USM \u2013 pro telephoto zoom with f\/2.8 aperture, 5-stop IS, dual Nano USM AF, and L-series durability in a compact design.","robots":{"index":"index","follow":"follow","max-snippet":"max-snippet:-1","max-image-preview":"max-image-preview:large","max-video-preview":"max-video-preview:-1"},"canonical":"https:\/\/www.cinesouk.ma\/fr\/produit\/canon-rf-70-200mm-f-2-8l-is-usm\/","og_locale":"fr_FR","og_type":"article","og_title":"Canon RF 70-200mm F2.8L IS USM Lens","og_description":"Canon RF 70\u2013200mm F\/2.8L IS USM \u2013 pro telephoto zoom with f\/2.8 aperture, 5-stop IS, dual Nano USM AF, and L-series durability in a compact design.","og_url":"https:\/\/www.cinesouk.ma\/fr\/produit\/canon-rf-70-200mm-f-2-8l-is-usm\/","og_site_name":"CineSouk","article_modified_time":"2026-01-24T10:56:49+00:00","og_image":[{"width":300,"height":238,"url":"https:\/\/www.cinesouk.ma\/wp-content\/uploads\/2025\/09\/Canon-RF-70-200mm-F2.8L-IS-USM-lens.jpg","type":"image\/jpeg"}],"twitter_card":"summary_large_image","twitter_description":"Canon RF 70\u2013200mm F\/2.8L IS USM \u2013 pro telephoto zoom with f\/2.8 aperture, 5-stop IS, dual Nano USM AF, and L-series durability in a compact design.","twitter_misc":{"Dur\u00e9e de lecture estim\u00e9e":"2 minutes"},"schema":{"@context":"https:\/\/schema.org","@graph":[{"@type":"WebPage","@id":"https:\/\/www.cinesouk.ma\/product\/canon-rf-70-200mm-f-2-8l-is-usm\/","url":"https:\/\/www.cinesouk.ma\/product\/canon-rf-70-200mm-f-2-8l-is-usm\/","name":"Canon RF 70-200mm F2.8L IS USM Lens - CineSouk - For rent","isPartOf":{"@id":"https:\/\/www.cinesouk.ma\/#website"},"primaryImageOfPage":{"@id":"https:\/\/www.cinesouk.ma\/product\/canon-rf-70-200mm-f-2-8l-is-usm\/#primaryimage"},"image":{"@id":"https:\/\/www.cinesouk.ma\/product\/canon-rf-70-200mm-f-2-8l-is-usm\/#primaryimage"},"thumbnailUrl":"https:\/\/www.cinesouk.ma\/wp-content\/uploads\/2025\/09\/Canon-RF-70-200mm-F2.8L-IS-USM-lens.jpg","datePublished":"2025-09-23T15:17:19+00:00","dateModified":"2026-01-24T10:56:49+00:00","description":"Canon RF 70\u2013200mm F\/2.8L IS USM \u2013 pro telephoto zoom with f\/2.8 aperture, 5-stop IS, dual Nano USM AF, and L-series durability in a compact design.","breadcrumb":{"@id":"https:\/\/www.cinesouk.ma\/product\/canon-rf-70-200mm-f-2-8l-is-usm\/#breadcrumb"},"inLanguage":"fr-FR","potentialAction":[{"@type":"ReadAction","target":["https:\/\/www.cinesouk.ma\/product\/canon-rf-70-200mm-f-2-8l-is-usm\/"]}]},{"@type":"ImageObject","inLanguage":"fr-FR","@id":"https:\/\/www.cinesouk.ma\/product\/canon-rf-70-200mm-f-2-8l-is-usm\/#primaryimage","url":"https:\/\/www.cinesouk.ma\/wp-content\/uploads\/2025\/09\/Canon-RF-70-200mm-F2.8L-IS-USM-lens.jpg","contentUrl":"https:\/\/www.cinesouk.ma\/wp-content\/uploads\/2025\/09\/Canon-RF-70-200mm-F2.8L-IS-USM-lens.jpg","width":300,"height":238,"caption":"Canon RF 70-200mm F2.8L IS USM-lens"},{"@type":"BreadcrumbList","@id":"https:\/\/www.cinesouk.ma\/product\/canon-rf-70-200mm-f-2-8l-is-usm\/#breadcrumb","itemListElement":[{"@type":"ListItem","position":1,"name":"Home","item":"https:\/\/www.cinesouk.ma\/"},{"@type":"ListItem","position":2,"name":"Shop","item":"https:\/\/www.cinesouk.ma\/shop\/"},{"@type":"ListItem","position":3,"name":"Canon RF 70-200mm F2.8L IS USM Lens"}]},{"@type":"WebSite","@id":"https:\/\/www.cinesouk.ma\/#website","url":"https:\/\/www.cinesouk.ma\/","name":"CineSouk","description":"","publisher":{"@id":"https:\/\/www.cinesouk.ma\/#organization"},"potentialAction":[{"@type":"SearchAction","target":{"@type":"EntryPoint","urlTemplate":"https:\/\/www.cinesouk.ma\/?s={search_term_string}"},"query-input":{"@type":"PropertyValueSpecification","valueRequired":true,"valueName":"search_term_string"}}],"inLanguage":"fr-FR"},{"@type":"Organization","@id":"https:\/\/www.cinesouk.ma\/#organization","name":"CineSouk","url":"https:\/\/www.cinesouk.ma\/","logo":{"@type":"ImageObject","inLanguage":"fr-FR","@id":"https:\/\/www.cinesouk.ma\/#\/schema\/logo\/image\/","url":"https:\/\/www.cinesouk.ma\/wp-content\/uploads\/2024\/01\/CineSouk-logo-v01-alpha-alligned-left.png","contentUrl":"https:\/\/www.cinesouk.ma\/wp-content\/uploads\/2024\/01\/CineSouk-logo-v01-alpha-alligned-left.png","width":3204,"height":889,"caption":"CineSouk"},"image":{"@id":"https:\/\/www.cinesouk.ma\/#\/schema\/logo\/image\/"}}]}},"_links":{"self":[{"href":"https:\/\/www.cinesouk.ma\/fr\/wp-json\/wp\/v2\/product\/14796","targetHints":{"allow":["GET"]}}],"collection":[{"href":"https:\/\/www.cinesouk.ma\/fr\/wp-json\/wp\/v2\/product"}],"about":[{"href":"https:\/\/www.cinesouk.ma\/fr\/wp-json\/wp\/v2\/types\/product"}],"wp:featuredmedia":[{"embeddable":true,"href":"https:\/\/www.cinesouk.ma\/fr\/wp-json\/wp\/v2\/media\/14980"}],"wp:attachment":[{"href":"https:\/\/www.cinesouk.ma\/fr\/wp-json\/wp\/v2\/media?parent=14796"}],"wp:term":[{"taxonomy":"product_brand","embeddable":true,"href":"https:\/\/www.cinesouk.ma\/fr\/wp-json\/wp\/v2\/product_brand?post=14796"},{"taxonomy":"product_cat","embeddable":true,"href":"https:\/\/www.cinesouk.ma\/fr\/wp-json\/wp\/v2\/product_cat?post=14796"},{"taxonomy":"product_tag","embeddable":true,"href":"https:\/\/www.cinesouk.ma\/fr\/wp-json\/wp\/v2\/product_tag?post=14796"}],"curies":[{"name":"wp","href":"https:\/\/api.w.org\/{rel}","templated":true}]}}