{"id":15268,"date":"2025-10-17T10:36:07","date_gmt":"2025-10-17T10:36:07","guid":{"rendered":"https:\/\/www.cinesouk.ma\/?post_type=product&#038;p=15268"},"modified":"2025-10-30T12:11:44","modified_gmt":"2025-10-30T12:11:44","slug":"avenger-d650-junior-boom-arm","status":"publish","type":"product","link":"https:\/\/www.cinesouk.ma\/fr\/produit\/avenger-d650-junior-boom-arm\/","title":{"rendered":"Avenger D650 Junior Boom Arm"},"content":{"rendered":"<p data-start=\"268\" data-end=\"718\">Le bras de perche Avenger D650 Junior Boom Arm est une perche t\u00e9lescopique robuste con\u00e7ue pour supporter des \u00e9clairages de grande taille sur les plateaux professionnels. Gr\u00e2ce \u00e0 sa construction en acier solide, il offre une stabilit\u00e9 exceptionnelle et une grande capacit\u00e9 de charge, ce qui en fait une r\u00e9f\u00e9rence incontournable dans les productions cin\u00e9ma, t\u00e9l\u00e9vision et publicit\u00e9s. Il est donc le choix privil\u00e9gi\u00e9 pour les \u00e9clairages principaux, les \u00e9clairages d\u2019arri\u00e8re-plan ou toute installation n\u00e9cessitant un positionnement a\u00e9rien puissant et s\u00e9curis\u00e9.<\/p>\n<p data-start=\"720\" data-end=\"1212\">Con\u00e7u pour offrir pr\u00e9cision et contr\u00f4le, le D650 s\u2019\u00e9tend en douceur de 146 cm \u00e0 300 cm (57,5\u2033\u2013118\u2033), offrant une port\u00e9e flexible et une gestion parfaite du contrepoids. Sa poign\u00e9e \u00e0 engrenages int\u00e9gr\u00e9e et son syst\u00e8me de contrepoids permettent d\u2019ajuster facilement l\u2019inclinaison et l\u2019angle sans effort, m\u00eame lorsqu\u2019il supporte des \u00e9clairages lourds. De plus, la perche est \u00e9quip\u00e9e d\u2019un tenon junior de 28 mm (1-1\/8\u2033) pour le montage de gros projecteurs ainsi que d\u2019un r\u00e9cepteur baby de 16 mm (5\/8\u2033) pour une fixation sur un pied de type grip.<\/p>\n<p data-start=\"1214\" data-end=\"1505\">Le contrepoids en acier int\u00e9gr\u00e9 assure s\u00e9curit\u00e9 et \u00e9quilibre pendant l\u2019utilisation, permettant des mouvements fluides et contr\u00f4l\u00e9s sur toute la course de la perche. L\u2019Avenger D650 est id\u00e9al pour monter des Fresnels, des t\u00eates HMI ou de grands panneaux LED, aussi bien en studio qu\u2019en ext\u00e9rieur.<\/p>\n<h3 data-start=\"1512\" data-end=\"1529\">Caract\u00e9ristiques principales :<\/h3>\n<p data-start=\"1532\" data-end=\"1604\"><strong data-start=\"1532\" data-end=\"1574\">Professional steel telescopic boom arm<\/strong> for heavy lighting fixtures<\/p>\n<p data-start=\"1607\" data-end=\"1676\"><strong data-start=\"1607\" data-end=\"1640\">Extends from 146 cm to 300 cm<\/strong> for optimal reach and positioning<\/p>\n<p data-start=\"1679\" data-end=\"1738\"><strong data-start=\"1679\" data-end=\"1707\">Integrated geared handle<\/strong> for precise angle adjustment<\/p>\n<p data-start=\"1741\" data-end=\"1805\"><strong data-start=\"1741\" data-end=\"1773\">Built-in steel counterweight<\/strong> for safe and stable operation<\/p>\n<p data-start=\"1808\" data-end=\"1892\"><strong data-start=\"1808\" data-end=\"1837\">28 mm (1-1\/8\u201d) junior pin<\/strong> et <strong data-start=\"1842\" data-end=\"1867\">16 mm (5\/8\u201d) receiver<\/strong> for full compatibility<\/p>\n<p data-start=\"1895\" data-end=\"1967\"><strong data-start=\"1895\" data-end=\"1939\">Durable chrome-plated steel construction<\/strong> for long-term reliability<\/p>\n<p data-start=\"1970\" data-end=\"2040\"><strong data-start=\"1970\" data-end=\"2038\">Ideal for overhead key lighting, large LED panels, and HMI units<\/strong><\/p>\n<p>Rent the Avenger D650 Junior Boom Arm now at <a href=\"https:\/\/www.cinesouk.ma\/fr\">CINESOUK<\/a> - une marque de <a href=\"https:\/\/www.broadway.ma\/\">BROADWAY PRODUCTIONS SARL.<\/a><\/p>","protected":false},"excerpt":{"rendered":"<h3 data-start=\"2047\" data-end=\"2066\">Sp\u00e9cifications :<\/h3>\n<p data-start=\"2069\" data-end=\"2089\"><strong data-start=\"2069\" data-end=\"2079\">Marque :<\/strong> Avenger<\/p>\n<p data-start=\"2092\" data-end=\"2125\"><strong data-start=\"2092\" data-end=\"2102\">Mod\u00e8le :<\/strong> D650 Junior Boom Arm<\/p>\n<p data-start=\"2128\" data-end=\"2163\"><strong data-start=\"2128\" data-end=\"2141\">Mat\u00e9riau :<\/strong> Acier chrom\u00e9<\/p>\n<p data-start=\"2166\" data-end=\"2212\"><strong data-start=\"2166\" data-end=\"2186\">Extension Range:<\/strong> 146\u2013300 cm (57.5&#8243;\u2013118&#8243;)<\/p>\n<p data-start=\"2215\" data-end=\"2277\"><strong data-start=\"2215\" data-end=\"2226\">Mounts:<\/strong> 28 mm (1-1\/8\u201d) junior pin, 16 mm (5\/8\u201d) receiver<\/p>\n<p data-start=\"2280\" data-end=\"2331\"><strong data-start=\"2280\" data-end=\"2298\">Counterweight:<\/strong> Integrated 6.7 kg steel weight<\/p>\n<p data-start=\"2334\" data-end=\"2391\"><strong data-start=\"2334\" data-end=\"2352\">Capacit\u00e9 de charge :<\/strong> Up to 10 kg (depending on extension)<\/p>\n<p data-start=\"2394\" data-end=\"2415\"><strong data-start=\"2394\" data-end=\"2405\">Poids :<\/strong> 12.2 kg<\/p>\n<p data-start=\"2418\" data-end=\"2444\"><strong data-start=\"2418\" data-end=\"2429\">Finition :<\/strong> Chrome steel<\/p>","protected":false},"featured_media":15334,"template":"","meta":{"om_disable_all_campaigns":false,"_monsterinsights_skip_tracking":false,"_monsterinsights_sitenote_active":false,"_monsterinsights_sitenote_note":"","_monsterinsights_sitenote_category":0,"_uf_show_specific_survey":0,"_uf_disable_surveys":false},"product_brand":[],"product_cat":[38,108],"product_tag":[],"class_list":{"0":"post-15268","1":"product","2":"type-product","3":"status-publish","4":"has-post-thumbnail","6":"product_cat-grip-cinesouk","7":"product_cat-stand-and-rigging-eventsouk","9":"entry","10":"has-media","12":"first","13":"instock","14":"taxable","15":"shipping-taxable","16":"purchasable","17":"product-type-variable","18":"has-product-nav","19":"col","20":"span_1_of_3","21":"owp-content-center","22":"owp-thumbs-layout-horizontal","23":"owp-btn-normal","24":"owp-tabs-layout-horizontal","25":"has-no-thumbnails"},"yoast_head":"<!-- This site is optimized with the Yoast SEO Premium plugin v26.0 (Yoast SEO v26.0) - https:\/\/yoast.com\/wordpress\/plugins\/seo\/ -->\n<title>Avenger D650 Junior Boom Arm - CineSouk - For rent<\/title>\n<meta name=\"description\" content=\"Avenger D650 Junior Boom Arm \u2013 heavy-duty steel boom (146\u2013300 cm) with counterweight, geared handle, and junior\/baby mounts for large lighting fixtures.\" \/>\n<meta name=\"robots\" content=\"index, follow, max-snippet:-1, max-image-preview:large, max-video-preview:-1\" \/>\n<link rel=\"canonical\" href=\"https:\/\/www.cinesouk.ma\/fr\/produit\/avenger-d650-junior-boom-arm\/\" \/>\n<meta property=\"og:locale\" content=\"fr_FR\" \/>\n<meta property=\"og:type\" content=\"article\" \/>\n<meta property=\"og:title\" content=\"Avenger D650 Junior Boom Arm\" \/>\n<meta property=\"og:description\" content=\"Avenger D650 Junior Boom Arm \u2013 heavy-duty steel boom (146\u2013300 cm) with counterweight, geared handle, and junior\/baby mounts for large lighting fixtures.\" \/>\n<meta property=\"og:url\" content=\"https:\/\/www.cinesouk.ma\/fr\/produit\/avenger-d650-junior-boom-arm\/\" \/>\n<meta property=\"og:site_name\" content=\"CineSouk\" \/>\n<meta property=\"article:modified_time\" content=\"2025-10-30T12:11:44+00:00\" \/>\n<meta property=\"og:image\" content=\"https:\/\/www.cinesouk.ma\/wp-content\/uploads\/2025\/10\/Avenger-D650-Junior-Boom-Arm.jpg\" \/>\n\t<meta property=\"og:image:width\" content=\"300\" \/>\n\t<meta property=\"og:image:height\" content=\"238\" \/>\n\t<meta property=\"og:image:type\" content=\"image\/jpeg\" \/>\n<meta name=\"twitter:card\" content=\"summary_large_image\" \/>\n<meta name=\"twitter:title\" content=\"Avenger D650 Junior Boom Arm\" \/>\n<meta name=\"twitter:description\" content=\"Avenger A2030DKIT C-Stand Kit 30 includes a chromed steel tripod with 3 sections and 2 risers. It also includes D200 grip head and D520 124cm extension arm.\" \/>\n<meta name=\"twitter:image\" content=\"https:\/\/www.cinesouk.ma\/wp-content\/uploads\/2025\/10\/Avenger-D650-Junior-Boom-Arm.jpg\" \/>\n<meta name=\"twitter:label1\" content=\"Dur\u00e9e de lecture estim\u00e9e\" \/>\n\t<meta name=\"twitter:data1\" content=\"2 minutes\" \/>\n<script type=\"application\/ld+json\" class=\"yoast-schema-graph\">{\"@context\":\"https:\/\/schema.org\",\"@graph\":[{\"@type\":\"WebPage\",\"@id\":\"https:\/\/www.cinesouk.ma\/product\/avenger-d650-junior-boom-arm\/\",\"url\":\"https:\/\/www.cinesouk.ma\/product\/avenger-d650-junior-boom-arm\/\",\"name\":\"Avenger D650 Junior Boom Arm - CineSouk - For rent\",\"isPartOf\":{\"@id\":\"https:\/\/www.cinesouk.ma\/#website\"},\"primaryImageOfPage\":{\"@id\":\"https:\/\/www.cinesouk.ma\/product\/avenger-d650-junior-boom-arm\/#primaryimage\"},\"image\":{\"@id\":\"https:\/\/www.cinesouk.ma\/product\/avenger-d650-junior-boom-arm\/#primaryimage\"},\"thumbnailUrl\":\"https:\/\/www.cinesouk.ma\/wp-content\/uploads\/2025\/10\/Avenger-D650-Junior-Boom-Arm.jpg\",\"datePublished\":\"2025-10-17T10:36:07+00:00\",\"dateModified\":\"2025-10-30T12:11:44+00:00\",\"description\":\"Avenger D650 Junior Boom Arm \u2013 heavy-duty steel boom (146\u2013300 cm) with counterweight, geared handle, and junior\/baby mounts for large lighting fixtures.\",\"breadcrumb\":{\"@id\":\"https:\/\/www.cinesouk.ma\/product\/avenger-d650-junior-boom-arm\/#breadcrumb\"},\"inLanguage\":\"fr-FR\",\"potentialAction\":[{\"@type\":\"ReadAction\",\"target\":[\"https:\/\/www.cinesouk.ma\/product\/avenger-d650-junior-boom-arm\/\"]}]},{\"@type\":\"ImageObject\",\"inLanguage\":\"fr-FR\",\"@id\":\"https:\/\/www.cinesouk.ma\/product\/avenger-d650-junior-boom-arm\/#primaryimage\",\"url\":\"https:\/\/www.cinesouk.ma\/wp-content\/uploads\/2025\/10\/Avenger-D650-Junior-Boom-Arm.jpg\",\"contentUrl\":\"https:\/\/www.cinesouk.ma\/wp-content\/uploads\/2025\/10\/Avenger-D650-Junior-Boom-Arm.jpg\",\"width\":300,\"height\":238,\"caption\":\"Avenger D650 Junior Boom Arm\"},{\"@type\":\"BreadcrumbList\",\"@id\":\"https:\/\/www.cinesouk.ma\/product\/avenger-d650-junior-boom-arm\/#breadcrumb\",\"itemListElement\":[{\"@type\":\"ListItem\",\"position\":1,\"name\":\"Home\",\"item\":\"https:\/\/www.cinesouk.ma\/\"},{\"@type\":\"ListItem\",\"position\":2,\"name\":\"Shop\",\"item\":\"https:\/\/www.cinesouk.ma\/shop\/\"},{\"@type\":\"ListItem\",\"position\":3,\"name\":\"Avenger D650 Junior Boom Arm\"}]},{\"@type\":\"WebSite\",\"@id\":\"https:\/\/www.cinesouk.ma\/#website\",\"url\":\"https:\/\/www.cinesouk.ma\/\",\"name\":\"CineSouk\",\"description\":\"\",\"publisher\":{\"@id\":\"https:\/\/www.cinesouk.ma\/#organization\"},\"potentialAction\":[{\"@type\":\"SearchAction\",\"target\":{\"@type\":\"EntryPoint\",\"urlTemplate\":\"https:\/\/www.cinesouk.ma\/?s={search_term_string}\"},\"query-input\":{\"@type\":\"PropertyValueSpecification\",\"valueRequired\":true,\"valueName\":\"search_term_string\"}}],\"inLanguage\":\"fr-FR\"},{\"@type\":\"Organization\",\"@id\":\"https:\/\/www.cinesouk.ma\/#organization\",\"name\":\"CineSouk\",\"url\":\"https:\/\/www.cinesouk.ma\/\",\"logo\":{\"@type\":\"ImageObject\",\"inLanguage\":\"fr-FR\",\"@id\":\"https:\/\/www.cinesouk.ma\/#\/schema\/logo\/image\/\",\"url\":\"https:\/\/www.cinesouk.ma\/wp-content\/uploads\/2024\/01\/CineSouk-logo-v01-alpha-alligned-left.png\",\"contentUrl\":\"https:\/\/www.cinesouk.ma\/wp-content\/uploads\/2024\/01\/CineSouk-logo-v01-alpha-alligned-left.png\",\"width\":3204,\"height\":889,\"caption\":\"CineSouk\"},\"image\":{\"@id\":\"https:\/\/www.cinesouk.ma\/#\/schema\/logo\/image\/\"}}]}<\/script>\n<!-- \/ Yoast SEO Premium plugin. -->","yoast_head_json":{"title":"Avenger D650 Junior Boom Arm - CineSouk - For rent","description":"Avenger D650 Junior Boom Arm \u2013 heavy-duty steel boom (146\u2013300 cm) with counterweight, geared handle, and junior\/baby mounts for large lighting fixtures.","robots":{"index":"index","follow":"follow","max-snippet":"max-snippet:-1","max-image-preview":"max-image-preview:large","max-video-preview":"max-video-preview:-1"},"canonical":"https:\/\/www.cinesouk.ma\/fr\/produit\/avenger-d650-junior-boom-arm\/","og_locale":"fr_FR","og_type":"article","og_title":"Avenger D650 Junior Boom Arm","og_description":"Avenger D650 Junior Boom Arm \u2013 heavy-duty steel boom (146\u2013300 cm) with counterweight, geared handle, and junior\/baby mounts for large lighting fixtures.","og_url":"https:\/\/www.cinesouk.ma\/fr\/produit\/avenger-d650-junior-boom-arm\/","og_site_name":"CineSouk","article_modified_time":"2025-10-30T12:11:44+00:00","og_image":[{"width":300,"height":238,"url":"https:\/\/www.cinesouk.ma\/wp-content\/uploads\/2025\/10\/Avenger-D650-Junior-Boom-Arm.jpg","type":"image\/jpeg"}],"twitter_card":"summary_large_image","twitter_title":"Avenger D650 Junior Boom Arm","twitter_description":"Avenger A2030DKIT C-Stand Kit 30 includes a chromed steel tripod with 3 sections and 2 risers. It also includes D200 grip head and D520 124cm extension arm.","twitter_image":"https:\/\/www.cinesouk.ma\/wp-content\/uploads\/2025\/10\/Avenger-D650-Junior-Boom-Arm.jpg","twitter_misc":{"Dur\u00e9e de lecture estim\u00e9e":"2 minutes"},"schema":{"@context":"https:\/\/schema.org","@graph":[{"@type":"WebPage","@id":"https:\/\/www.cinesouk.ma\/product\/avenger-d650-junior-boom-arm\/","url":"https:\/\/www.cinesouk.ma\/product\/avenger-d650-junior-boom-arm\/","name":"Avenger D650 Junior Boom Arm - CineSouk - For rent","isPartOf":{"@id":"https:\/\/www.cinesouk.ma\/#website"},"primaryImageOfPage":{"@id":"https:\/\/www.cinesouk.ma\/product\/avenger-d650-junior-boom-arm\/#primaryimage"},"image":{"@id":"https:\/\/www.cinesouk.ma\/product\/avenger-d650-junior-boom-arm\/#primaryimage"},"thumbnailUrl":"https:\/\/www.cinesouk.ma\/wp-content\/uploads\/2025\/10\/Avenger-D650-Junior-Boom-Arm.jpg","datePublished":"2025-10-17T10:36:07+00:00","dateModified":"2025-10-30T12:11:44+00:00","description":"Avenger D650 Junior Boom Arm \u2013 heavy-duty steel boom (146\u2013300 cm) with counterweight, geared handle, and junior\/baby mounts for large lighting fixtures.","breadcrumb":{"@id":"https:\/\/www.cinesouk.ma\/product\/avenger-d650-junior-boom-arm\/#breadcrumb"},"inLanguage":"fr-FR","potentialAction":[{"@type":"ReadAction","target":["https:\/\/www.cinesouk.ma\/product\/avenger-d650-junior-boom-arm\/"]}]},{"@type":"ImageObject","inLanguage":"fr-FR","@id":"https:\/\/www.cinesouk.ma\/product\/avenger-d650-junior-boom-arm\/#primaryimage","url":"https:\/\/www.cinesouk.ma\/wp-content\/uploads\/2025\/10\/Avenger-D650-Junior-Boom-Arm.jpg","contentUrl":"https:\/\/www.cinesouk.ma\/wp-content\/uploads\/2025\/10\/Avenger-D650-Junior-Boom-Arm.jpg","width":300,"height":238,"caption":"Avenger D650 Junior Boom Arm"},{"@type":"BreadcrumbList","@id":"https:\/\/www.cinesouk.ma\/product\/avenger-d650-junior-boom-arm\/#breadcrumb","itemListElement":[{"@type":"ListItem","position":1,"name":"Home","item":"https:\/\/www.cinesouk.ma\/"},{"@type":"ListItem","position":2,"name":"Shop","item":"https:\/\/www.cinesouk.ma\/shop\/"},{"@type":"ListItem","position":3,"name":"Avenger D650 Junior Boom Arm"}]},{"@type":"WebSite","@id":"https:\/\/www.cinesouk.ma\/#website","url":"https:\/\/www.cinesouk.ma\/","name":"CineSouk","description":"","publisher":{"@id":"https:\/\/www.cinesouk.ma\/#organization"},"potentialAction":[{"@type":"SearchAction","target":{"@type":"EntryPoint","urlTemplate":"https:\/\/www.cinesouk.ma\/?s={search_term_string}"},"query-input":{"@type":"PropertyValueSpecification","valueRequired":true,"valueName":"search_term_string"}}],"inLanguage":"fr-FR"},{"@type":"Organization","@id":"https:\/\/www.cinesouk.ma\/#organization","name":"CineSouk","url":"https:\/\/www.cinesouk.ma\/","logo":{"@type":"ImageObject","inLanguage":"fr-FR","@id":"https:\/\/www.cinesouk.ma\/#\/schema\/logo\/image\/","url":"https:\/\/www.cinesouk.ma\/wp-content\/uploads\/2024\/01\/CineSouk-logo-v01-alpha-alligned-left.png","contentUrl":"https:\/\/www.cinesouk.ma\/wp-content\/uploads\/2024\/01\/CineSouk-logo-v01-alpha-alligned-left.png","width":3204,"height":889,"caption":"CineSouk"},"image":{"@id":"https:\/\/www.cinesouk.ma\/#\/schema\/logo\/image\/"}}]}},"_links":{"self":[{"href":"https:\/\/www.cinesouk.ma\/fr\/wp-json\/wp\/v2\/product\/15268","targetHints":{"allow":["GET"]}}],"collection":[{"href":"https:\/\/www.cinesouk.ma\/fr\/wp-json\/wp\/v2\/product"}],"about":[{"href":"https:\/\/www.cinesouk.ma\/fr\/wp-json\/wp\/v2\/types\/product"}],"wp:featuredmedia":[{"embeddable":true,"href":"https:\/\/www.cinesouk.ma\/fr\/wp-json\/wp\/v2\/media\/15334"}],"wp:attachment":[{"href":"https:\/\/www.cinesouk.ma\/fr\/wp-json\/wp\/v2\/media?parent=15268"}],"wp:term":[{"taxonomy":"product_brand","embeddable":true,"href":"https:\/\/www.cinesouk.ma\/fr\/wp-json\/wp\/v2\/product_brand?post=15268"},{"taxonomy":"product_cat","embeddable":true,"href":"https:\/\/www.cinesouk.ma\/fr\/wp-json\/wp\/v2\/product_cat?post=15268"},{"taxonomy":"product_tag","embeddable":true,"href":"https:\/\/www.cinesouk.ma\/fr\/wp-json\/wp\/v2\/product_tag?post=15268"}],"curies":[{"name":"wp","href":"https:\/\/api.w.org\/{rel}","templated":true}]}}