{"id":15319,"date":"2025-10-27T14:37:00","date_gmt":"2025-10-27T14:37:00","guid":{"rendered":"https:\/\/www.cinesouk.ma\/?post_type=product&#038;p=15319"},"modified":"2025-10-30T12:08:29","modified_gmt":"2025-10-30T12:08:29","slug":"avenger-f900-baby-triple-header-5x-16mm-spigot","status":"publish","type":"product","link":"https:\/\/www.cinesouk.ma\/fr\/produit\/avenger-f900-baby-triple-header-5x-16mm-spigot\/","title":{"rendered":"Avenger F900 Baby Triple Header (5x 16mm spigot)"},"content":{"rendered":"<p data-start=\"229\" data-end=\"535\">L\u2019Avenger F900 Baby Triple Header est un accessoire de grip polyvalent et robuste, con\u00e7u pour monter plusieurs projecteurs ou accessoires sur un seul pied. Gr\u00e2ce \u00e0 ses cinq spigots Baby de 16 mm (5\/8\u2033), il offre une flexibilit\u00e9 et une efficacit\u00e9 maximales pour les productions professionnelles de cin\u00e9ma, de photographie et de vid\u00e9o.<\/p>\n<p data-start=\"537\" data-end=\"802\">Fabriqu\u00e9 en acier chrom\u00e9 durable, le F900 garantit une fiabilit\u00e9 \u00e0 long terme et une fixation s\u00e9curis\u00e9e, m\u00eame avec des projecteurs lourds ou multiples. C\u2019est la solution id\u00e9ale pour les configurations n\u00e9cessitant un rigging compact, sans encombrer l\u2019espace de travail avec plusieurs pieds.<\/p>\n<h3 data-start=\"1474\" data-end=\"1533\"><strong data-start=\"1478\" data-end=\"1533\">Key Features of the Avenger F900 Baby Triple Header<\/strong><\/h3>\n<ul data-start=\"1535\" data-end=\"2150\">\n<li data-start=\"1535\" data-end=\"1667\">\n<p data-start=\"1537\" data-end=\"1667\"><strong data-start=\"1537\" data-end=\"1566\">Points de montage multiples :<\/strong> Features five 16mm (5\/8&#8243;) Baby spigots for mounting multiple lights or accessories simultaneously.<\/p>\n<\/li>\n<li data-start=\"1668\" data-end=\"1781\">\n<p data-start=\"1670\" data-end=\"1781\"><strong data-start=\"1670\" data-end=\"1704\">Heavy-Duty Steel Construction:<\/strong> Ensures durability and secure support for professional lighting equipment.<\/p>\n<\/li>\n<li data-start=\"1782\" data-end=\"1906\">\n<p data-start=\"1784\" data-end=\"1906\"><strong data-start=\"1784\" data-end=\"1809\">Chrome-Plated Finish:<\/strong> Provides corrosion resistance and a professional look suitable for any production environment.<\/p>\n<\/li>\n<li data-start=\"1907\" data-end=\"2030\">\n<p data-start=\"1909\" data-end=\"2030\"><strong data-start=\"1909\" data-end=\"1937\">Compatibilit\u00e9 universelle :<\/strong> Fits all standard Baby receivers for versatile use across a wide range of stands and rigs.<\/p>\n<\/li>\n<li data-start=\"2031\" data-end=\"2150\">\n<p data-start=\"2033\" data-end=\"2150\"><strong data-start=\"2033\" data-end=\"2057\">Conception peu encombrante :<\/strong> Allows for multiple fixtures on one stand, minimizing footprint and maximizing efficiency.<\/p>\n<\/li>\n<\/ul>\n<h3 data-start=\"2157\" data-end=\"2179\"><strong data-start=\"2161\" data-end=\"2179\">Sp\u00e9cifications<\/strong><\/h3>\n<ul data-start=\"2181\" data-end=\"2485\">\n<li data-start=\"2181\" data-end=\"2218\">\n<p data-start=\"2183\" data-end=\"2218\"><strong data-start=\"2183\" data-end=\"2196\">Mat\u00e9riau :<\/strong> Acier chrom\u00e9<\/p>\n<\/li>\n<li data-start=\"2219\" data-end=\"2264\">\n<p data-start=\"2221\" data-end=\"2264\"><strong data-start=\"2221\" data-end=\"2233\">Spigots:<\/strong> 5 \u00d7 16mm (5\/8&#8243;) Baby spigots<\/p>\n<\/li>\n<li data-start=\"2265\" data-end=\"2336\">\n<p data-start=\"2267\" data-end=\"2336\"><strong data-start=\"2267\" data-end=\"2285\">Compatibilit\u00e9 :<\/strong> Compatible avec tout pied ou accessoire de grip \u00e9quip\u00e9 d\u2019un r\u00e9cepteur 16 mm.<\/p>\n<\/li>\n<li data-start=\"2337\" data-end=\"2402\">\n<p data-start=\"2339\" data-end=\"2402\"><strong data-start=\"2339\" data-end=\"2352\">Cas d'utilisation :<\/strong> Montage de plusieurs projecteurs, drapeaux ou accessoires<\/p>\n<\/li>\n<li data-start=\"2403\" data-end=\"2485\">\n<p data-start=\"2405\" data-end=\"2485\"><strong data-start=\"2405\" data-end=\"2422\">Applications :<\/strong> Cin\u00e9ma, photographie, production vid\u00e9o et environnements de studio<\/p>\n<\/li>\n<\/ul>\n<p data-start=\"2492\" data-end=\"2765\">The Avenger F900 Baby Triple Header is an indispensable tool for lighting professionals who need to expand their rigging options without sacrificing stability or space. Built for efficiency, strength, and flexibility, it\u2019s a trusted choice for productions of any scale.<\/p>\n<p data-start=\"2767\" data-end=\"2834\"><strong data-start=\"2767\" data-end=\"2834\">Rent it now at CINESOUK \u2014 a brand by BROADWAY PRODUCTIONS SARL.<\/strong><\/p>\n<p>&nbsp;<\/p>","protected":false},"excerpt":{"rendered":"<h3 data-start=\"2157\" data-end=\"2179\"><strong data-start=\"2161\" data-end=\"2179\">Sp\u00e9cifications<\/strong><\/h3>\n<ul data-start=\"2181\" data-end=\"2485\">\n<li data-start=\"2181\" data-end=\"2218\">\n<p data-start=\"2183\" data-end=\"2218\"><strong data-start=\"2183\" data-end=\"2196\">Mat\u00e9riau :<\/strong> Acier chrom\u00e9<\/p>\n<\/li>\n<li data-start=\"2219\" data-end=\"2264\">\n<p data-start=\"2221\" data-end=\"2264\"><strong data-start=\"2221\" data-end=\"2233\">Spigots:<\/strong> 5 \u00d7 16mm (5\/8&#8243;) Baby spigots<\/p>\n<\/li>\n<li data-start=\"2265\" data-end=\"2336\">\n<p data-start=\"2267\" data-end=\"2336\"><strong data-start=\"2267\" data-end=\"2285\">Compatibilit\u00e9 :<\/strong> Compatible avec tout pied ou accessoire de grip \u00e9quip\u00e9 d\u2019un r\u00e9cepteur 16 mm.<\/p>\n<\/li>\n<li data-start=\"2337\" data-end=\"2402\">\n<p data-start=\"2339\" data-end=\"2402\"><strong data-start=\"2339\" data-end=\"2352\">Cas d'utilisation :<\/strong> Montage de plusieurs projecteurs, drapeaux ou accessoires<\/p>\n<\/li>\n<li data-start=\"2403\" data-end=\"2485\">\n<p data-start=\"2405\" data-end=\"2485\"><strong data-start=\"2405\" data-end=\"2422\">Applications :<\/strong> Cin\u00e9ma, photographie, production vid\u00e9o et environnements de studio<\/p>\n<\/li>\n<\/ul>","protected":false},"featured_media":15332,"template":"","meta":{"om_disable_all_campaigns":false,"_monsterinsights_skip_tracking":false,"_monsterinsights_sitenote_active":false,"_monsterinsights_sitenote_note":"","_monsterinsights_sitenote_category":0,"_uf_show_specific_survey":0,"_uf_disable_surveys":false},"product_brand":[],"product_cat":[38,108],"product_tag":[],"class_list":{"0":"post-15319","1":"product","2":"type-product","3":"status-publish","4":"has-post-thumbnail","6":"product_cat-grip-cinesouk","7":"product_cat-stand-and-rigging-eventsouk","9":"entry","10":"has-media","12":"first","13":"instock","14":"taxable","15":"shipping-taxable","16":"purchasable","17":"product-type-variable","18":"has-product-nav","19":"col","20":"span_1_of_3","21":"owp-content-center","22":"owp-thumbs-layout-horizontal","23":"owp-btn-normal","24":"owp-tabs-layout-horizontal","25":"has-no-thumbnails"},"yoast_head":"<!-- This site is optimized with the Yoast SEO Premium plugin v26.0 (Yoast SEO v26.0) - https:\/\/yoast.com\/wordpress\/plugins\/seo\/ -->\n<title>Avenger F900 Baby Triple Header (5x 16mm spigot) - CineSouk - For rent<\/title>\n<meta name=\"description\" content=\"Avenger F900 Baby Triple Header (5x 16mm Spigot): A durable and versatile grip accessory with five 16mm spigots, perfect for mounting multiple lights or accessories on one stand \u2014 ideal for professional photographers and filmmakers in Marrakech, Morocco.\" \/>\n<meta name=\"robots\" content=\"index, follow, max-snippet:-1, max-image-preview:large, max-video-preview:-1\" \/>\n<link rel=\"canonical\" href=\"https:\/\/www.cinesouk.ma\/fr\/produit\/avenger-f900-baby-triple-header-5x-16mm-spigot\/\" \/>\n<meta property=\"og:locale\" content=\"fr_FR\" \/>\n<meta property=\"og:type\" content=\"article\" \/>\n<meta property=\"og:title\" content=\"Avenger F900 Baby Triple Header (5x 16mm spigot)\" \/>\n<meta property=\"og:description\" content=\"Avenger F900 Baby Triple Header (5x 16mm Spigot): A durable and versatile grip accessory with five 16mm spigots, perfect for mounting multiple lights or accessories on one stand \u2014 ideal for professional photographers and filmmakers in Marrakech, Morocco.\" \/>\n<meta property=\"og:url\" content=\"https:\/\/www.cinesouk.ma\/fr\/produit\/avenger-f900-baby-triple-header-5x-16mm-spigot\/\" \/>\n<meta property=\"og:site_name\" content=\"CineSouk\" \/>\n<meta property=\"article:modified_time\" content=\"2025-10-30T12:08:29+00:00\" \/>\n<meta property=\"og:image\" content=\"https:\/\/www.cinesouk.ma\/wp-content\/uploads\/2025\/10\/Avenger-F900-Baby-Triple-Header-5x-16mm-spigot-1.jpg\" \/>\n\t<meta property=\"og:image:width\" content=\"300\" \/>\n\t<meta property=\"og:image:height\" content=\"238\" \/>\n\t<meta property=\"og:image:type\" content=\"image\/jpeg\" \/>\n<meta name=\"twitter:card\" content=\"summary_large_image\" \/>\n<meta name=\"twitter:description\" content=\"Avenger F900 Baby Triple Header (5x 16mm Spigot): A durable and versatile grip accessory with five 16mm spigots, perfect for mounting multiple lights or accessories on one stand \u2014 ideal for professional photographers and filmmakers in Marrakech, Morocco.\" \/>\n<meta name=\"twitter:image\" content=\"https:\/\/www.cinesouk.ma\/wp-content\/uploads\/2025\/10\/Avenger-F900-Baby-Triple-Header-5x-16mm-spigot-1.jpg\" \/>\n<meta name=\"twitter:label1\" content=\"Dur\u00e9e de lecture estim\u00e9e\" \/>\n\t<meta name=\"twitter:data1\" content=\"2 minutes\" \/>\n<script type=\"application\/ld+json\" class=\"yoast-schema-graph\">{\"@context\":\"https:\/\/schema.org\",\"@graph\":[{\"@type\":\"WebPage\",\"@id\":\"https:\/\/www.cinesouk.ma\/product\/avenger-f900-baby-triple-header-5x-16mm-spigot\/\",\"url\":\"https:\/\/www.cinesouk.ma\/product\/avenger-f900-baby-triple-header-5x-16mm-spigot\/\",\"name\":\"Avenger F900 Baby Triple Header (5x 16mm spigot) - CineSouk - For rent\",\"isPartOf\":{\"@id\":\"https:\/\/www.cinesouk.ma\/#website\"},\"primaryImageOfPage\":{\"@id\":\"https:\/\/www.cinesouk.ma\/product\/avenger-f900-baby-triple-header-5x-16mm-spigot\/#primaryimage\"},\"image\":{\"@id\":\"https:\/\/www.cinesouk.ma\/product\/avenger-f900-baby-triple-header-5x-16mm-spigot\/#primaryimage\"},\"thumbnailUrl\":\"https:\/\/www.cinesouk.ma\/wp-content\/uploads\/2025\/10\/Avenger-F900-Baby-Triple-Header-5x-16mm-spigot-1.jpg\",\"datePublished\":\"2025-10-27T14:37:00+00:00\",\"dateModified\":\"2025-10-30T12:08:29+00:00\",\"description\":\"Avenger F900 Baby Triple Header (5x 16mm Spigot): A durable and versatile grip accessory with five 16mm spigots, perfect for mounting multiple lights or accessories on one stand \u2014 ideal for professional photographers and filmmakers in Marrakech, Morocco.\",\"breadcrumb\":{\"@id\":\"https:\/\/www.cinesouk.ma\/product\/avenger-f900-baby-triple-header-5x-16mm-spigot\/#breadcrumb\"},\"inLanguage\":\"fr-FR\",\"potentialAction\":[{\"@type\":\"ReadAction\",\"target\":[\"https:\/\/www.cinesouk.ma\/product\/avenger-f900-baby-triple-header-5x-16mm-spigot\/\"]}]},{\"@type\":\"ImageObject\",\"inLanguage\":\"fr-FR\",\"@id\":\"https:\/\/www.cinesouk.ma\/product\/avenger-f900-baby-triple-header-5x-16mm-spigot\/#primaryimage\",\"url\":\"https:\/\/www.cinesouk.ma\/wp-content\/uploads\/2025\/10\/Avenger-F900-Baby-Triple-Header-5x-16mm-spigot-1.jpg\",\"contentUrl\":\"https:\/\/www.cinesouk.ma\/wp-content\/uploads\/2025\/10\/Avenger-F900-Baby-Triple-Header-5x-16mm-spigot-1.jpg\",\"width\":300,\"height\":238,\"caption\":\"Avenger F900 Baby Triple Header (5x 16mm spigot)\"},{\"@type\":\"BreadcrumbList\",\"@id\":\"https:\/\/www.cinesouk.ma\/product\/avenger-f900-baby-triple-header-5x-16mm-spigot\/#breadcrumb\",\"itemListElement\":[{\"@type\":\"ListItem\",\"position\":1,\"name\":\"Home\",\"item\":\"https:\/\/www.cinesouk.ma\/\"},{\"@type\":\"ListItem\",\"position\":2,\"name\":\"Shop\",\"item\":\"https:\/\/www.cinesouk.ma\/shop\/\"},{\"@type\":\"ListItem\",\"position\":3,\"name\":\"Avenger F900 Baby Triple Header (5x 16mm spigot)\"}]},{\"@type\":\"WebSite\",\"@id\":\"https:\/\/www.cinesouk.ma\/#website\",\"url\":\"https:\/\/www.cinesouk.ma\/\",\"name\":\"CineSouk\",\"description\":\"\",\"publisher\":{\"@id\":\"https:\/\/www.cinesouk.ma\/#organization\"},\"potentialAction\":[{\"@type\":\"SearchAction\",\"target\":{\"@type\":\"EntryPoint\",\"urlTemplate\":\"https:\/\/www.cinesouk.ma\/?s={search_term_string}\"},\"query-input\":{\"@type\":\"PropertyValueSpecification\",\"valueRequired\":true,\"valueName\":\"search_term_string\"}}],\"inLanguage\":\"fr-FR\"},{\"@type\":\"Organization\",\"@id\":\"https:\/\/www.cinesouk.ma\/#organization\",\"name\":\"CineSouk\",\"url\":\"https:\/\/www.cinesouk.ma\/\",\"logo\":{\"@type\":\"ImageObject\",\"inLanguage\":\"fr-FR\",\"@id\":\"https:\/\/www.cinesouk.ma\/#\/schema\/logo\/image\/\",\"url\":\"https:\/\/www.cinesouk.ma\/wp-content\/uploads\/2024\/01\/CineSouk-logo-v01-alpha-alligned-left.png\",\"contentUrl\":\"https:\/\/www.cinesouk.ma\/wp-content\/uploads\/2024\/01\/CineSouk-logo-v01-alpha-alligned-left.png\",\"width\":3204,\"height\":889,\"caption\":\"CineSouk\"},\"image\":{\"@id\":\"https:\/\/www.cinesouk.ma\/#\/schema\/logo\/image\/\"}}]}<\/script>\n<!-- \/ Yoast SEO Premium plugin. -->","yoast_head_json":{"title":"Avenger F900 Baby Triple Header (5x 16mm spigot) - CineSouk - For rent","description":"Avenger F900 Baby Triple Header (5x 16mm Spigot): A durable and versatile grip accessory with five 16mm spigots, perfect for mounting multiple lights or accessories on one stand \u2014 ideal for professional photographers and filmmakers in Marrakech, Morocco.","robots":{"index":"index","follow":"follow","max-snippet":"max-snippet:-1","max-image-preview":"max-image-preview:large","max-video-preview":"max-video-preview:-1"},"canonical":"https:\/\/www.cinesouk.ma\/fr\/produit\/avenger-f900-baby-triple-header-5x-16mm-spigot\/","og_locale":"fr_FR","og_type":"article","og_title":"Avenger F900 Baby Triple Header (5x 16mm spigot)","og_description":"Avenger F900 Baby Triple Header (5x 16mm Spigot): A durable and versatile grip accessory with five 16mm spigots, perfect for mounting multiple lights or accessories on one stand \u2014 ideal for professional photographers and filmmakers in Marrakech, Morocco.","og_url":"https:\/\/www.cinesouk.ma\/fr\/produit\/avenger-f900-baby-triple-header-5x-16mm-spigot\/","og_site_name":"CineSouk","article_modified_time":"2025-10-30T12:08:29+00:00","og_image":[{"width":300,"height":238,"url":"https:\/\/www.cinesouk.ma\/wp-content\/uploads\/2025\/10\/Avenger-F900-Baby-Triple-Header-5x-16mm-spigot-1.jpg","type":"image\/jpeg"}],"twitter_card":"summary_large_image","twitter_description":"Avenger F900 Baby Triple Header (5x 16mm Spigot): A durable and versatile grip accessory with five 16mm spigots, perfect for mounting multiple lights or accessories on one stand \u2014 ideal for professional photographers and filmmakers in Marrakech, Morocco.","twitter_image":"https:\/\/www.cinesouk.ma\/wp-content\/uploads\/2025\/10\/Avenger-F900-Baby-Triple-Header-5x-16mm-spigot-1.jpg","twitter_misc":{"Dur\u00e9e de lecture estim\u00e9e":"2 minutes"},"schema":{"@context":"https:\/\/schema.org","@graph":[{"@type":"WebPage","@id":"https:\/\/www.cinesouk.ma\/product\/avenger-f900-baby-triple-header-5x-16mm-spigot\/","url":"https:\/\/www.cinesouk.ma\/product\/avenger-f900-baby-triple-header-5x-16mm-spigot\/","name":"Avenger F900 Baby Triple Header (5x 16mm spigot) - CineSouk - For rent","isPartOf":{"@id":"https:\/\/www.cinesouk.ma\/#website"},"primaryImageOfPage":{"@id":"https:\/\/www.cinesouk.ma\/product\/avenger-f900-baby-triple-header-5x-16mm-spigot\/#primaryimage"},"image":{"@id":"https:\/\/www.cinesouk.ma\/product\/avenger-f900-baby-triple-header-5x-16mm-spigot\/#primaryimage"},"thumbnailUrl":"https:\/\/www.cinesouk.ma\/wp-content\/uploads\/2025\/10\/Avenger-F900-Baby-Triple-Header-5x-16mm-spigot-1.jpg","datePublished":"2025-10-27T14:37:00+00:00","dateModified":"2025-10-30T12:08:29+00:00","description":"Avenger F900 Baby Triple Header (5x 16mm Spigot): A durable and versatile grip accessory with five 16mm spigots, perfect for mounting multiple lights or accessories on one stand \u2014 ideal for professional photographers and filmmakers in Marrakech, Morocco.","breadcrumb":{"@id":"https:\/\/www.cinesouk.ma\/product\/avenger-f900-baby-triple-header-5x-16mm-spigot\/#breadcrumb"},"inLanguage":"fr-FR","potentialAction":[{"@type":"ReadAction","target":["https:\/\/www.cinesouk.ma\/product\/avenger-f900-baby-triple-header-5x-16mm-spigot\/"]}]},{"@type":"ImageObject","inLanguage":"fr-FR","@id":"https:\/\/www.cinesouk.ma\/product\/avenger-f900-baby-triple-header-5x-16mm-spigot\/#primaryimage","url":"https:\/\/www.cinesouk.ma\/wp-content\/uploads\/2025\/10\/Avenger-F900-Baby-Triple-Header-5x-16mm-spigot-1.jpg","contentUrl":"https:\/\/www.cinesouk.ma\/wp-content\/uploads\/2025\/10\/Avenger-F900-Baby-Triple-Header-5x-16mm-spigot-1.jpg","width":300,"height":238,"caption":"Avenger F900 Baby Triple Header (5x 16mm spigot)"},{"@type":"BreadcrumbList","@id":"https:\/\/www.cinesouk.ma\/product\/avenger-f900-baby-triple-header-5x-16mm-spigot\/#breadcrumb","itemListElement":[{"@type":"ListItem","position":1,"name":"Home","item":"https:\/\/www.cinesouk.ma\/"},{"@type":"ListItem","position":2,"name":"Shop","item":"https:\/\/www.cinesouk.ma\/shop\/"},{"@type":"ListItem","position":3,"name":"Avenger F900 Baby Triple Header (5x 16mm spigot)"}]},{"@type":"WebSite","@id":"https:\/\/www.cinesouk.ma\/#website","url":"https:\/\/www.cinesouk.ma\/","name":"CineSouk","description":"","publisher":{"@id":"https:\/\/www.cinesouk.ma\/#organization"},"potentialAction":[{"@type":"SearchAction","target":{"@type":"EntryPoint","urlTemplate":"https:\/\/www.cinesouk.ma\/?s={search_term_string}"},"query-input":{"@type":"PropertyValueSpecification","valueRequired":true,"valueName":"search_term_string"}}],"inLanguage":"fr-FR"},{"@type":"Organization","@id":"https:\/\/www.cinesouk.ma\/#organization","name":"CineSouk","url":"https:\/\/www.cinesouk.ma\/","logo":{"@type":"ImageObject","inLanguage":"fr-FR","@id":"https:\/\/www.cinesouk.ma\/#\/schema\/logo\/image\/","url":"https:\/\/www.cinesouk.ma\/wp-content\/uploads\/2024\/01\/CineSouk-logo-v01-alpha-alligned-left.png","contentUrl":"https:\/\/www.cinesouk.ma\/wp-content\/uploads\/2024\/01\/CineSouk-logo-v01-alpha-alligned-left.png","width":3204,"height":889,"caption":"CineSouk"},"image":{"@id":"https:\/\/www.cinesouk.ma\/#\/schema\/logo\/image\/"}}]}},"_links":{"self":[{"href":"https:\/\/www.cinesouk.ma\/fr\/wp-json\/wp\/v2\/product\/15319","targetHints":{"allow":["GET"]}}],"collection":[{"href":"https:\/\/www.cinesouk.ma\/fr\/wp-json\/wp\/v2\/product"}],"about":[{"href":"https:\/\/www.cinesouk.ma\/fr\/wp-json\/wp\/v2\/types\/product"}],"wp:featuredmedia":[{"embeddable":true,"href":"https:\/\/www.cinesouk.ma\/fr\/wp-json\/wp\/v2\/media\/15332"}],"wp:attachment":[{"href":"https:\/\/www.cinesouk.ma\/fr\/wp-json\/wp\/v2\/media?parent=15319"}],"wp:term":[{"taxonomy":"product_brand","embeddable":true,"href":"https:\/\/www.cinesouk.ma\/fr\/wp-json\/wp\/v2\/product_brand?post=15319"},{"taxonomy":"product_cat","embeddable":true,"href":"https:\/\/www.cinesouk.ma\/fr\/wp-json\/wp\/v2\/product_cat?post=15319"},{"taxonomy":"product_tag","embeddable":true,"href":"https:\/\/www.cinesouk.ma\/fr\/wp-json\/wp\/v2\/product_tag?post=15319"}],"curies":[{"name":"wp","href":"https:\/\/api.w.org\/{rel}","templated":true}]}}