{"id":15381,"date":"2025-11-27T15:06:46","date_gmt":"2025-11-27T15:06:46","guid":{"rendered":"https:\/\/www.cinesouk.ma\/?post_type=product&#038;p=15381"},"modified":"2025-11-27T15:29:15","modified_gmt":"2025-11-27T15:29:15","slug":"manfrotto-autopole-076b-black-15m-27m","status":"publish","type":"product","link":"https:\/\/www.cinesouk.ma\/fr\/produit\/manfrotto-autopole-076b-black-15m-27m\/","title":{"rendered":"Manfrotto Autopole 076B Black (1,5m &#8211; 2,7m)"},"content":{"rendered":"<p data-start=\"258\" data-end=\"644\">Le Manfrotto Autopole 076B Noir est un syst\u00e8me de support solide et polyvalent, con\u00e7u pour le travail en studio comme en ext\u00e9rieur. Que ce soit pour fixer des projecteurs, des fonds ou des accessoires, ce m\u00e2t t\u00e9lescopique offre un appui vertical s\u00e9curis\u00e9 entre le sol et le plafond, sans n\u00e9cessiter de pieds. Sa hauteur r\u00e9glable de 1,5 m \u00e0 2,7 m le rend adapt\u00e9 \u00e0 la plupart des environnements int\u00e9rieurs.<\/p>\n<p data-start=\"646\" data-end=\"885\">Gr\u00e2ce \u00e0 son syst\u00e8me de verrouillage par pression, l\u2019Autopole s\u2019installe rapidement et reste solidement en place. De plus, sa construction en aluminium durable le rend l\u00e9ger tout en offrant une excellente stabilit\u00e9 pour un usage professionnel.<\/p>\n<p data-start=\"940\" data-end=\"1301\">Si vous cherchez une solution fiable pour cr\u00e9er des points de fixation sans encombrer votre espace avec des tr\u00e9pieds ou des C-stands, l\u2019Autopole 076B est un excellent choix. Il s\u2019installe rapidement, se repositionne facilement et est suffisamment robuste pour supporter des projecteurs, des pinces et des accessoires de grip. Les photographes et r\u00e9alisateurs peuvent ainsi cr\u00e9er des installations de studio flexibles qui s\u2019adaptent \u00e0 tous les flux de travail.<\/p>\n<h2 data-start=\"1308\" data-end=\"1327\"><strong data-start=\"1311\" data-end=\"1327\">Caract\u00e9ristiques principales<\/strong><\/h2>\n<ul data-start=\"1329\" data-end=\"1861\">\n<li data-start=\"1329\" data-end=\"1428\">\n<p data-start=\"1331\" data-end=\"1428\"><strong data-start=\"1331\" data-end=\"1367\">Hauteur r\u00e9glable (1,5 m \u2013 2,7 m) :<\/strong> S\u2019adapte \u00e0 la plupart des espaces int\u00e9rieurs et offre des options d\u2019installation flexibles.<\/p>\n<\/li>\n<li data-start=\"1429\" data-end=\"1545\">\n<p data-start=\"1431\" data-end=\"1545\"><strong data-start=\"1431\" data-end=\"1459\">Syst\u00e8me de verrouillage par pression :<\/strong> Maintient solidement le m\u00e2t entre le sol et le plafond pour une installation rapide et stable.<\/p>\n<\/li>\n<li data-start=\"1546\" data-end=\"1650\">\n<p data-start=\"1548\" data-end=\"1650\"><strong data-start=\"1548\" data-end=\"1575\">Construction en aluminium durable :<\/strong> Construction \u00e0 la fois robuste et l\u00e9g\u00e8re, id\u00e9ale pour les environnements professionnels.<\/p>\n<\/li>\n<li data-start=\"1651\" data-end=\"1760\">\n<p data-start=\"1653\" data-end=\"1760\"><strong data-start=\"1653\" data-end=\"1677\">Conception peu encombrante :<\/strong> \u00c9limine le besoin de pieds ou de tr\u00e9pieds, pour un espace de travail d\u00e9gag\u00e9 et organis\u00e9.<\/p>\n<\/li>\n<li data-start=\"1761\" data-end=\"1861\">\n<p data-start=\"1763\" data-end=\"1861\"><strong data-start=\"1763\" data-end=\"1794\">Options de fixation polyvalentes :<\/strong> Compatible avec des pinces, accessoires de grip, projecteurs et supports de fond.<\/p>\n<\/li>\n<\/ul>\n<h2 data-start=\"1868\" data-end=\"1889\"><strong data-start=\"1871\" data-end=\"1889\">Sp\u00e9cifications<\/strong><\/h2>\n<ul data-start=\"1891\" data-end=\"2108\">\n<li data-start=\"1891\" data-end=\"1924\">\n<p data-start=\"1893\" data-end=\"1924\"><strong data-start=\"1893\" data-end=\"1910\">Height Range:<\/strong> 1.5m \u2013 2.7m<\/p>\n<\/li>\n<li data-start=\"1925\" data-end=\"1951\">\n<p data-start=\"1927\" data-end=\"1951\"><strong data-start=\"1927\" data-end=\"1940\">Mat\u00e9riau :<\/strong> Aluminium<\/p>\n<\/li>\n<li data-start=\"1952\" data-end=\"1972\">\n<p data-start=\"1954\" data-end=\"1972\"><strong data-start=\"1954\" data-end=\"1964\">Couleur :<\/strong> Noir<\/p>\n<\/li>\n<li data-start=\"1973\" data-end=\"2023\">\n<p data-start=\"1975\" data-end=\"2023\"><strong data-start=\"1975\" data-end=\"1997\">M\u00e9canisme de verrouillage :<\/strong> Syst\u00e8me de verrouillage par pression<\/p>\n<\/li>\n<li data-start=\"2024\" data-end=\"2108\">\n<p data-start=\"2026\" data-end=\"2108\"><strong data-start=\"2026\" data-end=\"2035\">Utilisations :<\/strong> Photographie, vid\u00e9ographie, installations de studio, support de fonds et rigging<\/p>\n<\/li>\n<\/ul>\n<p data-start=\"2115\" data-end=\"2411\">En r\u00e9sum\u00e9, le Manfrotto Autopole 076B Noir est un outil de support pratique et fiable pour cr\u00e9er des installations de studio efficaces. Sa hauteur r\u00e9glable, sa construction robuste et son installation rapide en font un indispensable pour les photographes et vid\u00e9astes souhaitant plus de flexibilit\u00e9 dans leur espace de travail.<\/p>\n<p>Louez-le maintenant sur <a href=\"https:\/\/www.cinesouk.ma\/fr\">CINESOUK<\/a> - une marque de <a href=\"https:\/\/www.broadway.ma\/\">BROADWAY PRODUCTIONS SARL.<\/a><\/p>","protected":false},"excerpt":{"rendered":"<h2 data-start=\"1868\" data-end=\"1889\"><strong data-start=\"1871\" data-end=\"1889\">Sp\u00e9cifications<\/strong><\/h2>\n<ul data-start=\"1891\" data-end=\"2108\">\n<li data-start=\"1891\" data-end=\"1924\">\n<p data-start=\"1893\" data-end=\"1924\"><strong data-start=\"1893\" data-end=\"1910\">Height Range:<\/strong> 1.5m \u2013 2.7m<\/p>\n<\/li>\n<li data-start=\"1925\" data-end=\"1951\">\n<p data-start=\"1927\" data-end=\"1951\"><strong data-start=\"1927\" data-end=\"1940\">Mat\u00e9riau :<\/strong> Aluminium<\/p>\n<\/li>\n<li data-start=\"1952\" data-end=\"1972\">\n<p data-start=\"1954\" data-end=\"1972\"><strong data-start=\"1954\" data-end=\"1964\">Couleur :<\/strong> Noir<\/p>\n<\/li>\n<li data-start=\"1973\" data-end=\"2023\">\n<p data-start=\"1975\" data-end=\"2023\"><strong data-start=\"1975\" data-end=\"1997\">M\u00e9canisme de verrouillage :<\/strong> Syst\u00e8me de verrouillage par pression<\/p>\n<\/li>\n<li data-start=\"2024\" data-end=\"2108\">\n<p data-start=\"2026\" data-end=\"2108\"><strong data-start=\"2026\" data-end=\"2035\">Utilisations :<\/strong> Photographie, vid\u00e9ographie, installations de studio, support de fonds et rigging<\/p>\n<\/li>\n<\/ul>","protected":false},"featured_media":15392,"template":"","meta":{"om_disable_all_campaigns":false,"_monsterinsights_skip_tracking":false,"_monsterinsights_sitenote_active":false,"_monsterinsights_sitenote_note":"","_monsterinsights_sitenote_category":0,"_uf_show_specific_survey":0,"_uf_disable_surveys":false},"product_brand":[],"product_cat":[38,108],"product_tag":[],"class_list":{"0":"post-15381","1":"product","2":"type-product","3":"status-publish","4":"has-post-thumbnail","6":"product_cat-grip-cinesouk","7":"product_cat-stand-and-rigging-eventsouk","9":"entry","10":"has-media","12":"first","13":"instock","14":"taxable","15":"shipping-taxable","16":"purchasable","17":"product-type-variable","18":"has-product-nav","19":"col","20":"span_1_of_3","21":"owp-content-center","22":"owp-thumbs-layout-horizontal","23":"owp-btn-normal","24":"owp-tabs-layout-horizontal","25":"has-no-thumbnails"},"yoast_head":"<!-- This site is optimized with the Yoast SEO Premium plugin v26.0 (Yoast SEO v26.0) - https:\/\/yoast.com\/wordpress\/plugins\/seo\/ -->\n<title>Manfrotto Autopole 076B Black (1,5m - 2,7m) - Marrakech - CineSouk - For rent<\/title>\n<meta name=\"description\" content=\"Manfrotto Autopole 076B Black (1.5m\u20132.7m): A strong, adjustable support pole for mounting lights and accessories between floor and ceiling\u2014perfect for flexible studio setups in photography and video production.\" \/>\n<meta name=\"robots\" content=\"index, follow, max-snippet:-1, max-image-preview:large, max-video-preview:-1\" \/>\n<link rel=\"canonical\" href=\"https:\/\/www.cinesouk.ma\/fr\/produit\/manfrotto-autopole-076b-black-15m-27m\/\" \/>\n<meta property=\"og:locale\" content=\"fr_FR\" \/>\n<meta property=\"og:type\" content=\"article\" \/>\n<meta property=\"og:title\" content=\"Manfrotto Autopole 076B Black (1,5m - 2,7m)\" \/>\n<meta property=\"og:description\" content=\"Manfrotto Autopole 076B Black (1.5m\u20132.7m): A strong, adjustable support pole for mounting lights and accessories between floor and ceiling\u2014perfect for flexible studio setups in photography and video production.\" \/>\n<meta property=\"og:url\" content=\"https:\/\/www.cinesouk.ma\/fr\/produit\/manfrotto-autopole-076b-black-15m-27m\/\" \/>\n<meta property=\"og:site_name\" content=\"CineSouk\" \/>\n<meta property=\"article:modified_time\" content=\"2025-11-27T15:29:15+00:00\" \/>\n<meta property=\"og:image\" content=\"https:\/\/www.cinesouk.ma\/wp-content\/uploads\/2025\/11\/Manfrotto-Autopole-076B-Black-15m-27m.jpg\" \/>\n\t<meta property=\"og:image:width\" content=\"300\" \/>\n\t<meta property=\"og:image:height\" content=\"238\" \/>\n\t<meta property=\"og:image:type\" content=\"image\/jpeg\" \/>\n<meta name=\"twitter:card\" content=\"summary_large_image\" \/>\n<meta name=\"twitter:description\" content=\"Manfrotto Autopole 076B Black (1.5m\u20132.7m): A strong, adjustable support pole for mounting lights and accessories between floor and ceiling\u2014perfect for flexible studio setups in photography and video production.\" \/>\n<meta name=\"twitter:label1\" content=\"Dur\u00e9e de lecture estim\u00e9e\" \/>\n\t<meta name=\"twitter:data1\" content=\"2 minutes\" \/>\n<script type=\"application\/ld+json\" class=\"yoast-schema-graph\">{\"@context\":\"https:\/\/schema.org\",\"@graph\":[{\"@type\":\"WebPage\",\"@id\":\"https:\/\/www.cinesouk.ma\/product\/manfrotto-autopole-076b-black-15m-27m\/\",\"url\":\"https:\/\/www.cinesouk.ma\/product\/manfrotto-autopole-076b-black-15m-27m\/\",\"name\":\"Manfrotto Autopole 076B Black (1,5m - 2,7m) - Marrakech - CineSouk - For rent\",\"isPartOf\":{\"@id\":\"https:\/\/www.cinesouk.ma\/#website\"},\"primaryImageOfPage\":{\"@id\":\"https:\/\/www.cinesouk.ma\/product\/manfrotto-autopole-076b-black-15m-27m\/#primaryimage\"},\"image\":{\"@id\":\"https:\/\/www.cinesouk.ma\/product\/manfrotto-autopole-076b-black-15m-27m\/#primaryimage\"},\"thumbnailUrl\":\"https:\/\/www.cinesouk.ma\/wp-content\/uploads\/2025\/11\/Manfrotto-Autopole-076B-Black-15m-27m.jpg\",\"datePublished\":\"2025-11-27T15:06:46+00:00\",\"dateModified\":\"2025-11-27T15:29:15+00:00\",\"description\":\"Manfrotto Autopole 076B Black (1.5m\u20132.7m): A strong, adjustable support pole for mounting lights and accessories between floor and ceiling\u2014perfect for flexible studio setups in photography and video production.\",\"breadcrumb\":{\"@id\":\"https:\/\/www.cinesouk.ma\/product\/manfrotto-autopole-076b-black-15m-27m\/#breadcrumb\"},\"inLanguage\":\"fr-FR\",\"potentialAction\":[{\"@type\":\"ReadAction\",\"target\":[\"https:\/\/www.cinesouk.ma\/product\/manfrotto-autopole-076b-black-15m-27m\/\"]}]},{\"@type\":\"ImageObject\",\"inLanguage\":\"fr-FR\",\"@id\":\"https:\/\/www.cinesouk.ma\/product\/manfrotto-autopole-076b-black-15m-27m\/#primaryimage\",\"url\":\"https:\/\/www.cinesouk.ma\/wp-content\/uploads\/2025\/11\/Manfrotto-Autopole-076B-Black-15m-27m.jpg\",\"contentUrl\":\"https:\/\/www.cinesouk.ma\/wp-content\/uploads\/2025\/11\/Manfrotto-Autopole-076B-Black-15m-27m.jpg\",\"width\":300,\"height\":238,\"caption\":\"Manfrotto Autopole 076B Black (1,5m - 2,7m)\"},{\"@type\":\"BreadcrumbList\",\"@id\":\"https:\/\/www.cinesouk.ma\/product\/manfrotto-autopole-076b-black-15m-27m\/#breadcrumb\",\"itemListElement\":[{\"@type\":\"ListItem\",\"position\":1,\"name\":\"Home\",\"item\":\"https:\/\/www.cinesouk.ma\/\"},{\"@type\":\"ListItem\",\"position\":2,\"name\":\"Shop\",\"item\":\"https:\/\/www.cinesouk.ma\/shop\/\"},{\"@type\":\"ListItem\",\"position\":3,\"name\":\"Manfrotto Autopole 076B Black (1,5m &#8211; 2,7m)\"}]},{\"@type\":\"WebSite\",\"@id\":\"https:\/\/www.cinesouk.ma\/#website\",\"url\":\"https:\/\/www.cinesouk.ma\/\",\"name\":\"CineSouk\",\"description\":\"\",\"publisher\":{\"@id\":\"https:\/\/www.cinesouk.ma\/#organization\"},\"potentialAction\":[{\"@type\":\"SearchAction\",\"target\":{\"@type\":\"EntryPoint\",\"urlTemplate\":\"https:\/\/www.cinesouk.ma\/?s={search_term_string}\"},\"query-input\":{\"@type\":\"PropertyValueSpecification\",\"valueRequired\":true,\"valueName\":\"search_term_string\"}}],\"inLanguage\":\"fr-FR\"},{\"@type\":\"Organization\",\"@id\":\"https:\/\/www.cinesouk.ma\/#organization\",\"name\":\"CineSouk\",\"url\":\"https:\/\/www.cinesouk.ma\/\",\"logo\":{\"@type\":\"ImageObject\",\"inLanguage\":\"fr-FR\",\"@id\":\"https:\/\/www.cinesouk.ma\/#\/schema\/logo\/image\/\",\"url\":\"https:\/\/www.cinesouk.ma\/wp-content\/uploads\/2024\/01\/CineSouk-logo-v01-alpha-alligned-left.png\",\"contentUrl\":\"https:\/\/www.cinesouk.ma\/wp-content\/uploads\/2024\/01\/CineSouk-logo-v01-alpha-alligned-left.png\",\"width\":3204,\"height\":889,\"caption\":\"CineSouk\"},\"image\":{\"@id\":\"https:\/\/www.cinesouk.ma\/#\/schema\/logo\/image\/\"}}]}<\/script>\n<!-- \/ Yoast SEO Premium plugin. -->","yoast_head_json":{"title":"Manfrotto Autopole 076B Black (1,5m - 2,7m) - Marrakech - CineSouk - For rent","description":"Manfrotto Autopole 076B Black (1.5m\u20132.7m): A strong, adjustable support pole for mounting lights and accessories between floor and ceiling\u2014perfect for flexible studio setups in photography and video production.","robots":{"index":"index","follow":"follow","max-snippet":"max-snippet:-1","max-image-preview":"max-image-preview:large","max-video-preview":"max-video-preview:-1"},"canonical":"https:\/\/www.cinesouk.ma\/fr\/produit\/manfrotto-autopole-076b-black-15m-27m\/","og_locale":"fr_FR","og_type":"article","og_title":"Manfrotto Autopole 076B Black (1,5m - 2,7m)","og_description":"Manfrotto Autopole 076B Black (1.5m\u20132.7m): A strong, adjustable support pole for mounting lights and accessories between floor and ceiling\u2014perfect for flexible studio setups in photography and video production.","og_url":"https:\/\/www.cinesouk.ma\/fr\/produit\/manfrotto-autopole-076b-black-15m-27m\/","og_site_name":"CineSouk","article_modified_time":"2025-11-27T15:29:15+00:00","og_image":[{"width":300,"height":238,"url":"https:\/\/www.cinesouk.ma\/wp-content\/uploads\/2025\/11\/Manfrotto-Autopole-076B-Black-15m-27m.jpg","type":"image\/jpeg"}],"twitter_card":"summary_large_image","twitter_description":"Manfrotto Autopole 076B Black (1.5m\u20132.7m): A strong, adjustable support pole for mounting lights and accessories between floor and ceiling\u2014perfect for flexible studio setups in photography and video production.","twitter_misc":{"Dur\u00e9e de lecture estim\u00e9e":"2 minutes"},"schema":{"@context":"https:\/\/schema.org","@graph":[{"@type":"WebPage","@id":"https:\/\/www.cinesouk.ma\/product\/manfrotto-autopole-076b-black-15m-27m\/","url":"https:\/\/www.cinesouk.ma\/product\/manfrotto-autopole-076b-black-15m-27m\/","name":"Manfrotto Autopole 076B Black (1,5m - 2,7m) - Marrakech - CineSouk - For rent","isPartOf":{"@id":"https:\/\/www.cinesouk.ma\/#website"},"primaryImageOfPage":{"@id":"https:\/\/www.cinesouk.ma\/product\/manfrotto-autopole-076b-black-15m-27m\/#primaryimage"},"image":{"@id":"https:\/\/www.cinesouk.ma\/product\/manfrotto-autopole-076b-black-15m-27m\/#primaryimage"},"thumbnailUrl":"https:\/\/www.cinesouk.ma\/wp-content\/uploads\/2025\/11\/Manfrotto-Autopole-076B-Black-15m-27m.jpg","datePublished":"2025-11-27T15:06:46+00:00","dateModified":"2025-11-27T15:29:15+00:00","description":"Manfrotto Autopole 076B Black (1.5m\u20132.7m): A strong, adjustable support pole for mounting lights and accessories between floor and ceiling\u2014perfect for flexible studio setups in photography and video production.","breadcrumb":{"@id":"https:\/\/www.cinesouk.ma\/product\/manfrotto-autopole-076b-black-15m-27m\/#breadcrumb"},"inLanguage":"fr-FR","potentialAction":[{"@type":"ReadAction","target":["https:\/\/www.cinesouk.ma\/product\/manfrotto-autopole-076b-black-15m-27m\/"]}]},{"@type":"ImageObject","inLanguage":"fr-FR","@id":"https:\/\/www.cinesouk.ma\/product\/manfrotto-autopole-076b-black-15m-27m\/#primaryimage","url":"https:\/\/www.cinesouk.ma\/wp-content\/uploads\/2025\/11\/Manfrotto-Autopole-076B-Black-15m-27m.jpg","contentUrl":"https:\/\/www.cinesouk.ma\/wp-content\/uploads\/2025\/11\/Manfrotto-Autopole-076B-Black-15m-27m.jpg","width":300,"height":238,"caption":"Manfrotto Autopole 076B Black (1,5m - 2,7m)"},{"@type":"BreadcrumbList","@id":"https:\/\/www.cinesouk.ma\/product\/manfrotto-autopole-076b-black-15m-27m\/#breadcrumb","itemListElement":[{"@type":"ListItem","position":1,"name":"Home","item":"https:\/\/www.cinesouk.ma\/"},{"@type":"ListItem","position":2,"name":"Shop","item":"https:\/\/www.cinesouk.ma\/shop\/"},{"@type":"ListItem","position":3,"name":"Manfrotto Autopole 076B Black (1,5m &#8211; 2,7m)"}]},{"@type":"WebSite","@id":"https:\/\/www.cinesouk.ma\/#website","url":"https:\/\/www.cinesouk.ma\/","name":"CineSouk","description":"","publisher":{"@id":"https:\/\/www.cinesouk.ma\/#organization"},"potentialAction":[{"@type":"SearchAction","target":{"@type":"EntryPoint","urlTemplate":"https:\/\/www.cinesouk.ma\/?s={search_term_string}"},"query-input":{"@type":"PropertyValueSpecification","valueRequired":true,"valueName":"search_term_string"}}],"inLanguage":"fr-FR"},{"@type":"Organization","@id":"https:\/\/www.cinesouk.ma\/#organization","name":"CineSouk","url":"https:\/\/www.cinesouk.ma\/","logo":{"@type":"ImageObject","inLanguage":"fr-FR","@id":"https:\/\/www.cinesouk.ma\/#\/schema\/logo\/image\/","url":"https:\/\/www.cinesouk.ma\/wp-content\/uploads\/2024\/01\/CineSouk-logo-v01-alpha-alligned-left.png","contentUrl":"https:\/\/www.cinesouk.ma\/wp-content\/uploads\/2024\/01\/CineSouk-logo-v01-alpha-alligned-left.png","width":3204,"height":889,"caption":"CineSouk"},"image":{"@id":"https:\/\/www.cinesouk.ma\/#\/schema\/logo\/image\/"}}]}},"_links":{"self":[{"href":"https:\/\/www.cinesouk.ma\/fr\/wp-json\/wp\/v2\/product\/15381","targetHints":{"allow":["GET"]}}],"collection":[{"href":"https:\/\/www.cinesouk.ma\/fr\/wp-json\/wp\/v2\/product"}],"about":[{"href":"https:\/\/www.cinesouk.ma\/fr\/wp-json\/wp\/v2\/types\/product"}],"wp:featuredmedia":[{"embeddable":true,"href":"https:\/\/www.cinesouk.ma\/fr\/wp-json\/wp\/v2\/media\/15392"}],"wp:attachment":[{"href":"https:\/\/www.cinesouk.ma\/fr\/wp-json\/wp\/v2\/media?parent=15381"}],"wp:term":[{"taxonomy":"product_brand","embeddable":true,"href":"https:\/\/www.cinesouk.ma\/fr\/wp-json\/wp\/v2\/product_brand?post=15381"},{"taxonomy":"product_cat","embeddable":true,"href":"https:\/\/www.cinesouk.ma\/fr\/wp-json\/wp\/v2\/product_cat?post=15381"},{"taxonomy":"product_tag","embeddable":true,"href":"https:\/\/www.cinesouk.ma\/fr\/wp-json\/wp\/v2\/product_tag?post=15381"}],"curies":[{"name":"wp","href":"https:\/\/api.w.org\/{rel}","templated":true}]}}