{"id":15462,"date":"2026-01-08T09:26:30","date_gmt":"2026-01-08T09:26:30","guid":{"rendered":"https:\/\/www.cinesouk.ma\/?post_type=product&#038;p=15462"},"modified":"2026-01-08T09:29:25","modified_gmt":"2026-01-08T09:29:25","slug":"manfrotto-058b-triaut-tripod","status":"publish","type":"product","link":"https:\/\/www.cinesouk.ma\/fr\/produit\/manfrotto-058b-triaut-tripod\/","title":{"rendered":"Manfrotto 058B Triaut tripod"},"content":{"rendered":"<p data-start=\"225\" data-end=\"549\">The Manfrotto 058B Triaut Tripod is a heavy-duty professional tripod designed to support large cameras and video equipment with maximum stability. Thanks to its unique Triaut leg locking system, all three legs can be adjusted quickly and evenly, making setup fast and efficient for demanding studio and on-location work.<\/p>\n<p data-start=\"551\" data-end=\"790\">Built from strong aluminum, the 058B offers excellent rigidity while remaining reliable under heavy loads. In addition, its wide footprint and solid construction ensure stable performance, even when supporting heavy cameras or fluid heads.<\/p>\n<p data-start=\"850\" data-end=\"1150\">If you need a sturdy and reliable tripod for professional use, the 058B is an excellent choice. It is designed for fast setup, high load capacity, and long-term durability. As a result, photographers and videographers can work confidently in controlled studio environments or on busy production sets.<\/p>\n<h2 data-start=\"1157\" data-end=\"1176\"><strong data-start=\"1160\" data-end=\"1176\">Caract\u00e9ristiques principales<\/strong><\/h2>\n<ul data-start=\"1178\" data-end=\"1665\">\n<li data-start=\"1178\" data-end=\"1288\">\n<p data-start=\"1180\" data-end=\"1288\"><strong data-start=\"1180\" data-end=\"1207\">Triaut Leg Lock System:<\/strong> Allows all three legs to be adjusted at the same time for fast and easy setup.<\/p>\n<\/li>\n<li data-start=\"1289\" data-end=\"1390\">\n<p data-start=\"1291\" data-end=\"1390\"><strong data-start=\"1291\" data-end=\"1328\">Heavy-Duty Aluminum Construction:<\/strong> Provides strength, stability, and long-lasting performance.<\/p>\n<\/li>\n<li data-start=\"1391\" data-end=\"1478\">\n<p data-start=\"1393\" data-end=\"1478\"><strong data-start=\"1393\" data-end=\"1412\">Wide Footprint:<\/strong> Ensures excellent balance when supporting heavy camera systems.<\/p>\n<\/li>\n<li data-start=\"1479\" data-end=\"1570\">\n<p data-start=\"1481\" data-end=\"1570\"><strong data-start=\"1481\" data-end=\"1504\">Capacit\u00e9 de charge \u00e9lev\u00e9e :<\/strong> Suitable for large cameras, fluid heads, and professional rigs.<\/p>\n<\/li>\n<li data-start=\"1571\" data-end=\"1665\">\n<p data-start=\"1573\" data-end=\"1665\"><strong data-start=\"1573\" data-end=\"1603\">Studio and Location Ready:<\/strong> Ideal for photography, video production, and broadcast use.<\/p>\n<\/li>\n<\/ul>\n<h2 data-start=\"1672\" data-end=\"1693\"><strong data-start=\"1675\" data-end=\"1693\">Sp\u00e9cifications<\/strong><\/h2>\n<ul data-start=\"1695\" data-end=\"1915\">\n<li data-start=\"1695\" data-end=\"1721\">\n<p data-start=\"1697\" data-end=\"1721\"><strong data-start=\"1697\" data-end=\"1710\">Mat\u00e9riau :<\/strong> Aluminium<\/p>\n<\/li>\n<li data-start=\"1722\" data-end=\"1758\">\n<p data-start=\"1724\" data-end=\"1758\"><strong data-start=\"1724\" data-end=\"1742\">Leg Lock Type:<\/strong> Triaut system<\/p>\n<\/li>\n<li data-start=\"1759\" data-end=\"1810\">\n<p data-start=\"1761\" data-end=\"1810\"><strong data-start=\"1761\" data-end=\"1777\">Tripod Type:<\/strong> Heavy-duty professional tripod<\/p>\n<\/li>\n<li data-start=\"1811\" data-end=\"1831\">\n<p data-start=\"1813\" data-end=\"1831\"><strong data-start=\"1813\" data-end=\"1823\">Couleur :<\/strong> Noir<\/p>\n<\/li>\n<li data-start=\"1832\" data-end=\"1915\">\n<p data-start=\"1834\" data-end=\"1915\"><strong data-start=\"1834\" data-end=\"1843\">Utilisations :<\/strong> Photography, videography, studio work, broadcast, and film production<\/p>\n<\/li>\n<\/ul>\n<p data-start=\"1922\" data-end=\"2169\">In summary, the Manfrotto 058B Triaut Tripod is a trusted support solution for professionals who require strength, speed, and stability. Its unique locking system and solid build make it a dependable choice for demanding shooting environments.<\/p>\n<p data-start=\"2171\" data-end=\"2238\">Louez-le maintenant \u00e0 CINESOUK - une marque de BROADWAY PRODUCTIONS SARL.<\/p>\n<p>&nbsp;<\/p>","protected":false},"excerpt":{"rendered":"<h2 data-start=\"1672\" data-end=\"1693\"><strong data-start=\"1675\" data-end=\"1693\">Sp\u00e9cifications<\/strong><\/h2>\n<ul data-start=\"1695\" data-end=\"1915\">\n<li data-start=\"1695\" data-end=\"1721\">\n<p data-start=\"1697\" data-end=\"1721\"><strong data-start=\"1697\" data-end=\"1710\">Mat\u00e9riau :<\/strong> Aluminium<\/p>\n<\/li>\n<li data-start=\"1722\" data-end=\"1758\">\n<p data-start=\"1724\" data-end=\"1758\"><strong data-start=\"1724\" data-end=\"1742\">Leg Lock Type:<\/strong> Triaut system<\/p>\n<\/li>\n<li data-start=\"1759\" data-end=\"1810\">\n<p data-start=\"1761\" data-end=\"1810\"><strong data-start=\"1761\" data-end=\"1777\">Tripod Type:<\/strong> Heavy-duty professional tripod<\/p>\n<\/li>\n<li data-start=\"1811\" data-end=\"1831\">\n<p data-start=\"1813\" data-end=\"1831\"><strong data-start=\"1813\" data-end=\"1823\">Couleur :<\/strong> Noir<\/p>\n<\/li>\n<li data-start=\"1832\" data-end=\"1915\">\n<p data-start=\"1834\" data-end=\"1915\"><strong data-start=\"1834\" data-end=\"1843\">Utilisations :<\/strong> Photography, videography, studio work, broadcast, and film production<\/p>\n<\/li>\n<\/ul>","protected":false},"featured_media":15473,"template":"","meta":{"om_disable_all_campaigns":false,"_monsterinsights_skip_tracking":false,"_monsterinsights_sitenote_active":false,"_monsterinsights_sitenote_note":"","_monsterinsights_sitenote_category":0,"_uf_show_specific_survey":0,"_uf_disable_surveys":false},"product_brand":[],"product_cat":[134,38],"product_tag":[],"class_list":{"0":"post-15462","1":"product","2":"type-product","3":"status-publish","4":"has-post-thumbnail","6":"product_cat-tripod-and-support-eventsouk","7":"product_cat-grip-cinesouk","9":"entry","10":"has-media","12":"first","13":"instock","14":"taxable","15":"shipping-taxable","16":"purchasable","17":"product-type-variable","18":"has-product-nav","19":"col","20":"span_1_of_3","21":"owp-content-center","22":"owp-thumbs-layout-horizontal","23":"owp-btn-normal","24":"owp-tabs-layout-horizontal","25":"has-no-thumbnails"},"yoast_head":"<!-- This site is optimized with the Yoast SEO Premium plugin v26.0 (Yoast SEO v26.0) - https:\/\/yoast.com\/wordpress\/plugins\/seo\/ -->\n<title>Manfrotto 058B Triaut tripod - CineSouk - For rent<\/title>\n<meta name=\"description\" content=\"Manfrotto 058B Triaut Tripod: A heavy-duty professional tripod with Triaut leg locks, designed for fast setup and stable support of large cameras in studio and video production.\" \/>\n<meta name=\"robots\" content=\"index, follow, max-snippet:-1, max-image-preview:large, max-video-preview:-1\" \/>\n<link rel=\"canonical\" href=\"https:\/\/www.cinesouk.ma\/fr\/produit\/manfrotto-058b-triaut-tripod\/\" \/>\n<meta property=\"og:locale\" content=\"fr_FR\" \/>\n<meta property=\"og:type\" content=\"article\" \/>\n<meta property=\"og:title\" content=\"Manfrotto 058B Triaut tripod\" \/>\n<meta property=\"og:description\" content=\"Manfrotto 058B Triaut Tripod: A heavy-duty professional tripod with Triaut leg locks, designed for fast setup and stable support of large cameras in studio and video production.\" \/>\n<meta property=\"og:url\" content=\"https:\/\/www.cinesouk.ma\/fr\/produit\/manfrotto-058b-triaut-tripod\/\" \/>\n<meta property=\"og:site_name\" content=\"CineSouk\" \/>\n<meta property=\"article:modified_time\" content=\"2026-01-08T09:29:25+00:00\" \/>\n<meta property=\"og:image\" content=\"https:\/\/www.cinesouk.ma\/wp-content\/uploads\/2026\/01\/Manfrotto-058B-Triaut-tripod.jpg\" \/>\n\t<meta property=\"og:image:width\" content=\"300\" \/>\n\t<meta property=\"og:image:height\" content=\"238\" \/>\n\t<meta property=\"og:image:type\" content=\"image\/jpeg\" \/>\n<meta name=\"twitter:card\" content=\"summary_large_image\" \/>\n<meta name=\"twitter:description\" content=\"Manfrotto 058B Triaut Tripod: A heavy-duty professional tripod with Triaut leg locks, designed for fast setup and stable support of large cameras in studio and video production.\" \/>\n<meta name=\"twitter:image\" content=\"https:\/\/www.cinesouk.ma\/wp-content\/uploads\/2026\/01\/Manfrotto-058B-Triaut-tripod.jpg\" \/>\n<meta name=\"twitter:label1\" content=\"Dur\u00e9e de lecture estim\u00e9e\" \/>\n\t<meta name=\"twitter:data1\" content=\"2 minutes\" \/>\n<script type=\"application\/ld+json\" class=\"yoast-schema-graph\">{\"@context\":\"https:\/\/schema.org\",\"@graph\":[{\"@type\":\"WebPage\",\"@id\":\"https:\/\/www.cinesouk.ma\/product\/manfrotto-058b-triaut-tripod\/\",\"url\":\"https:\/\/www.cinesouk.ma\/product\/manfrotto-058b-triaut-tripod\/\",\"name\":\"Manfrotto 058B Triaut tripod - CineSouk - For rent\",\"isPartOf\":{\"@id\":\"https:\/\/www.cinesouk.ma\/#website\"},\"primaryImageOfPage\":{\"@id\":\"https:\/\/www.cinesouk.ma\/product\/manfrotto-058b-triaut-tripod\/#primaryimage\"},\"image\":{\"@id\":\"https:\/\/www.cinesouk.ma\/product\/manfrotto-058b-triaut-tripod\/#primaryimage\"},\"thumbnailUrl\":\"https:\/\/www.cinesouk.ma\/wp-content\/uploads\/2026\/01\/Manfrotto-058B-Triaut-tripod.jpg\",\"datePublished\":\"2026-01-08T09:26:30+00:00\",\"dateModified\":\"2026-01-08T09:29:25+00:00\",\"description\":\"Manfrotto 058B Triaut Tripod: A heavy-duty professional tripod with Triaut leg locks, designed for fast setup and stable support of large cameras in studio and video production.\",\"breadcrumb\":{\"@id\":\"https:\/\/www.cinesouk.ma\/product\/manfrotto-058b-triaut-tripod\/#breadcrumb\"},\"inLanguage\":\"fr-FR\",\"potentialAction\":[{\"@type\":\"ReadAction\",\"target\":[\"https:\/\/www.cinesouk.ma\/product\/manfrotto-058b-triaut-tripod\/\"]}]},{\"@type\":\"ImageObject\",\"inLanguage\":\"fr-FR\",\"@id\":\"https:\/\/www.cinesouk.ma\/product\/manfrotto-058b-triaut-tripod\/#primaryimage\",\"url\":\"https:\/\/www.cinesouk.ma\/wp-content\/uploads\/2026\/01\/Manfrotto-058B-Triaut-tripod.jpg\",\"contentUrl\":\"https:\/\/www.cinesouk.ma\/wp-content\/uploads\/2026\/01\/Manfrotto-058B-Triaut-tripod.jpg\",\"width\":300,\"height\":238,\"caption\":\"Manfrotto 058B Triaut tripod\"},{\"@type\":\"BreadcrumbList\",\"@id\":\"https:\/\/www.cinesouk.ma\/product\/manfrotto-058b-triaut-tripod\/#breadcrumb\",\"itemListElement\":[{\"@type\":\"ListItem\",\"position\":1,\"name\":\"Home\",\"item\":\"https:\/\/www.cinesouk.ma\/\"},{\"@type\":\"ListItem\",\"position\":2,\"name\":\"Shop\",\"item\":\"https:\/\/www.cinesouk.ma\/shop\/\"},{\"@type\":\"ListItem\",\"position\":3,\"name\":\"Manfrotto 058B Triaut tripod\"}]},{\"@type\":\"WebSite\",\"@id\":\"https:\/\/www.cinesouk.ma\/#website\",\"url\":\"https:\/\/www.cinesouk.ma\/\",\"name\":\"CineSouk\",\"description\":\"\",\"publisher\":{\"@id\":\"https:\/\/www.cinesouk.ma\/#organization\"},\"potentialAction\":[{\"@type\":\"SearchAction\",\"target\":{\"@type\":\"EntryPoint\",\"urlTemplate\":\"https:\/\/www.cinesouk.ma\/?s={search_term_string}\"},\"query-input\":{\"@type\":\"PropertyValueSpecification\",\"valueRequired\":true,\"valueName\":\"search_term_string\"}}],\"inLanguage\":\"fr-FR\"},{\"@type\":\"Organization\",\"@id\":\"https:\/\/www.cinesouk.ma\/#organization\",\"name\":\"CineSouk\",\"url\":\"https:\/\/www.cinesouk.ma\/\",\"logo\":{\"@type\":\"ImageObject\",\"inLanguage\":\"fr-FR\",\"@id\":\"https:\/\/www.cinesouk.ma\/#\/schema\/logo\/image\/\",\"url\":\"https:\/\/www.cinesouk.ma\/wp-content\/uploads\/2024\/01\/CineSouk-logo-v01-alpha-alligned-left.png\",\"contentUrl\":\"https:\/\/www.cinesouk.ma\/wp-content\/uploads\/2024\/01\/CineSouk-logo-v01-alpha-alligned-left.png\",\"width\":3204,\"height\":889,\"caption\":\"CineSouk\"},\"image\":{\"@id\":\"https:\/\/www.cinesouk.ma\/#\/schema\/logo\/image\/\"}}]}<\/script>\n<!-- \/ Yoast SEO Premium plugin. -->","yoast_head_json":{"title":"Manfrotto 058B Triaut tripod - CineSouk - For rent","description":"Manfrotto 058B Triaut Tripod: A heavy-duty professional tripod with Triaut leg locks, designed for fast setup and stable support of large cameras in studio and video production.","robots":{"index":"index","follow":"follow","max-snippet":"max-snippet:-1","max-image-preview":"max-image-preview:large","max-video-preview":"max-video-preview:-1"},"canonical":"https:\/\/www.cinesouk.ma\/fr\/produit\/manfrotto-058b-triaut-tripod\/","og_locale":"fr_FR","og_type":"article","og_title":"Manfrotto 058B Triaut tripod","og_description":"Manfrotto 058B Triaut Tripod: A heavy-duty professional tripod with Triaut leg locks, designed for fast setup and stable support of large cameras in studio and video production.","og_url":"https:\/\/www.cinesouk.ma\/fr\/produit\/manfrotto-058b-triaut-tripod\/","og_site_name":"CineSouk","article_modified_time":"2026-01-08T09:29:25+00:00","og_image":[{"width":300,"height":238,"url":"https:\/\/www.cinesouk.ma\/wp-content\/uploads\/2026\/01\/Manfrotto-058B-Triaut-tripod.jpg","type":"image\/jpeg"}],"twitter_card":"summary_large_image","twitter_description":"Manfrotto 058B Triaut Tripod: A heavy-duty professional tripod with Triaut leg locks, designed for fast setup and stable support of large cameras in studio and video production.","twitter_image":"https:\/\/www.cinesouk.ma\/wp-content\/uploads\/2026\/01\/Manfrotto-058B-Triaut-tripod.jpg","twitter_misc":{"Dur\u00e9e de lecture estim\u00e9e":"2 minutes"},"schema":{"@context":"https:\/\/schema.org","@graph":[{"@type":"WebPage","@id":"https:\/\/www.cinesouk.ma\/product\/manfrotto-058b-triaut-tripod\/","url":"https:\/\/www.cinesouk.ma\/product\/manfrotto-058b-triaut-tripod\/","name":"Manfrotto 058B Triaut tripod - CineSouk - For rent","isPartOf":{"@id":"https:\/\/www.cinesouk.ma\/#website"},"primaryImageOfPage":{"@id":"https:\/\/www.cinesouk.ma\/product\/manfrotto-058b-triaut-tripod\/#primaryimage"},"image":{"@id":"https:\/\/www.cinesouk.ma\/product\/manfrotto-058b-triaut-tripod\/#primaryimage"},"thumbnailUrl":"https:\/\/www.cinesouk.ma\/wp-content\/uploads\/2026\/01\/Manfrotto-058B-Triaut-tripod.jpg","datePublished":"2026-01-08T09:26:30+00:00","dateModified":"2026-01-08T09:29:25+00:00","description":"Manfrotto 058B Triaut Tripod: A heavy-duty professional tripod with Triaut leg locks, designed for fast setup and stable support of large cameras in studio and video production.","breadcrumb":{"@id":"https:\/\/www.cinesouk.ma\/product\/manfrotto-058b-triaut-tripod\/#breadcrumb"},"inLanguage":"fr-FR","potentialAction":[{"@type":"ReadAction","target":["https:\/\/www.cinesouk.ma\/product\/manfrotto-058b-triaut-tripod\/"]}]},{"@type":"ImageObject","inLanguage":"fr-FR","@id":"https:\/\/www.cinesouk.ma\/product\/manfrotto-058b-triaut-tripod\/#primaryimage","url":"https:\/\/www.cinesouk.ma\/wp-content\/uploads\/2026\/01\/Manfrotto-058B-Triaut-tripod.jpg","contentUrl":"https:\/\/www.cinesouk.ma\/wp-content\/uploads\/2026\/01\/Manfrotto-058B-Triaut-tripod.jpg","width":300,"height":238,"caption":"Manfrotto 058B Triaut tripod"},{"@type":"BreadcrumbList","@id":"https:\/\/www.cinesouk.ma\/product\/manfrotto-058b-triaut-tripod\/#breadcrumb","itemListElement":[{"@type":"ListItem","position":1,"name":"Home","item":"https:\/\/www.cinesouk.ma\/"},{"@type":"ListItem","position":2,"name":"Shop","item":"https:\/\/www.cinesouk.ma\/shop\/"},{"@type":"ListItem","position":3,"name":"Manfrotto 058B Triaut tripod"}]},{"@type":"WebSite","@id":"https:\/\/www.cinesouk.ma\/#website","url":"https:\/\/www.cinesouk.ma\/","name":"CineSouk","description":"","publisher":{"@id":"https:\/\/www.cinesouk.ma\/#organization"},"potentialAction":[{"@type":"SearchAction","target":{"@type":"EntryPoint","urlTemplate":"https:\/\/www.cinesouk.ma\/?s={search_term_string}"},"query-input":{"@type":"PropertyValueSpecification","valueRequired":true,"valueName":"search_term_string"}}],"inLanguage":"fr-FR"},{"@type":"Organization","@id":"https:\/\/www.cinesouk.ma\/#organization","name":"CineSouk","url":"https:\/\/www.cinesouk.ma\/","logo":{"@type":"ImageObject","inLanguage":"fr-FR","@id":"https:\/\/www.cinesouk.ma\/#\/schema\/logo\/image\/","url":"https:\/\/www.cinesouk.ma\/wp-content\/uploads\/2024\/01\/CineSouk-logo-v01-alpha-alligned-left.png","contentUrl":"https:\/\/www.cinesouk.ma\/wp-content\/uploads\/2024\/01\/CineSouk-logo-v01-alpha-alligned-left.png","width":3204,"height":889,"caption":"CineSouk"},"image":{"@id":"https:\/\/www.cinesouk.ma\/#\/schema\/logo\/image\/"}}]}},"_links":{"self":[{"href":"https:\/\/www.cinesouk.ma\/fr\/wp-json\/wp\/v2\/product\/15462","targetHints":{"allow":["GET"]}}],"collection":[{"href":"https:\/\/www.cinesouk.ma\/fr\/wp-json\/wp\/v2\/product"}],"about":[{"href":"https:\/\/www.cinesouk.ma\/fr\/wp-json\/wp\/v2\/types\/product"}],"wp:featuredmedia":[{"embeddable":true,"href":"https:\/\/www.cinesouk.ma\/fr\/wp-json\/wp\/v2\/media\/15473"}],"wp:attachment":[{"href":"https:\/\/www.cinesouk.ma\/fr\/wp-json\/wp\/v2\/media?parent=15462"}],"wp:term":[{"taxonomy":"product_brand","embeddable":true,"href":"https:\/\/www.cinesouk.ma\/fr\/wp-json\/wp\/v2\/product_brand?post=15462"},{"taxonomy":"product_cat","embeddable":true,"href":"https:\/\/www.cinesouk.ma\/fr\/wp-json\/wp\/v2\/product_cat?post=15462"},{"taxonomy":"product_tag","embeddable":true,"href":"https:\/\/www.cinesouk.ma\/fr\/wp-json\/wp\/v2\/product_tag?post=15462"}],"curies":[{"name":"wp","href":"https:\/\/api.w.org\/{rel}","templated":true}]}}