{"id":16339,"date":"2026-02-02T13:58:13","date_gmt":"2026-02-02T13:58:13","guid":{"rendered":"https:\/\/www.cinesouk.ma\/?post_type=product&#038;p=16339"},"modified":"2026-02-02T14:00:45","modified_gmt":"2026-02-02T14:00:45","slug":"vfx-lens-distortion-grid-printed-on-forex-47x24-120x60cm","status":"publish","type":"product","link":"https:\/\/www.cinesouk.ma\/fr\/produit\/vfx-lens-distortion-grid-printed-on-forex-47x24-120x60cm\/","title":{"rendered":"VFX Lens distortion grid (printed on forex &#8211; 47&#215;24\u201d \/ 120x60cm)"},"content":{"rendered":"<p data-start=\"313\" data-end=\"667\">The VFX Lens Distortion Grid is a professional calibration tool used in visual effects, virtual production, and camera tracking workflows. Designed for accurate lens profiling, it provides a consistent, high-contrast reference pattern that allows VFX teams to analyze and correct lens distortion, perspective shifts, and optical irregularities.<\/p>\n<p data-start=\"669\" data-end=\"1032\">Printed on rigid Forex (PVC foam board), this large-format grid remains perfectly flat, ensuring reliable results during on-set capture or studio calibration. Thanks to its 96\u00d748 inch (243\u00d7120 cm) size, it works seamlessly with a wide range of focal lengths and camera distances, making it suitable for cinema lenses, zooms, and wide-angle setups alike.<\/p>\n<p data-start=\"1034\" data-end=\"1360\">Moreover, the durable Forex material makes the grid lightweight, easy to transport, and resistant to warping, which is essential for repeated use across multiple productions. As a result, it\u2019s an ideal solution for VFX supervisors, DITs, and camera departments working on green screen, LED volume, or post-heavy productions.<\/p>\n<h3 data-start=\"1274\" data-end=\"1291\">Caract\u00e9ristiques principales :<\/h3>\n<ul data-start=\"1292\" data-end=\"1744\">\n<li data-start=\"1292\" data-end=\"1349\">\n<p data-start=\"1294\" data-end=\"1349\">Professional <strong data-start=\"1307\" data-end=\"1347\">VFX lens distortion calibration grid<\/strong><\/p>\n<\/li>\n<li data-start=\"1350\" data-end=\"1421\">\n<p data-start=\"1352\" data-end=\"1421\"><strong data-start=\"1352\" data-end=\"1395\">Printed on rigid Forex (PVC foam board)<\/strong> for consistent flatness<\/p>\n<\/li>\n<li data-start=\"1422\" data-end=\"1484\">\n<p data-start=\"1424\" data-end=\"1484\"><strong data-start=\"1424\" data-end=\"1454\">High-contrast grid pattern<\/strong> for accurate lens profiling<\/p>\n<\/li>\n<li data-start=\"1485\" data-end=\"1554\">\n<p data-start=\"1487\" data-end=\"1554\"><strong data-start=\"1487\" data-end=\"1509\">47\u00d724\u201d (120\u00d760 cm)<\/strong> compact format for studio and location use<\/p>\n<\/li>\n<li data-start=\"1555\" data-end=\"1602\">\n<p data-start=\"1557\" data-end=\"1602\">Lightweight, durable, and easy to transport<\/p>\n<\/li>\n<li data-start=\"1603\" data-end=\"1667\">\n<p data-start=\"1605\" data-end=\"1667\">Convient pour <strong data-start=\"1618\" data-end=\"1665\">cinema lenses, zooms, and wide-angle optics<\/strong><\/p>\n<\/li>\n<li data-start=\"1668\" data-end=\"1744\">\n<p data-start=\"1670\" data-end=\"1744\">Essential for <strong data-start=\"1684\" data-end=\"1742\">VFX, camera tracking, and virtual production pipelines<\/strong><\/p>\n<\/li>\n<\/ul>\n<h3 data-start=\"1746\" data-end=\"1765\">Sp\u00e9cifications :<\/h3>\n<ul data-start=\"1766\" data-end=\"2089\">\n<li data-start=\"1766\" data-end=\"1800\">\n<p data-start=\"1768\" data-end=\"1800\">Type: VFX Lens Distortion Grid<\/p>\n<\/li>\n<li data-start=\"1801\" data-end=\"1843\">\n<p data-start=\"1803\" data-end=\"1843\">Print Material: Forex (PVC foam board)<\/p>\n<\/li>\n<li data-start=\"1844\" data-end=\"1888\">\n<p data-start=\"1846\" data-end=\"1888\">Print Size: 47 \u00d7 24 inches \/ 120 \u00d7 60 cm<\/p>\n<\/li>\n<li data-start=\"1889\" data-end=\"1916\">\n<p data-start=\"1891\" data-end=\"1916\">Thickness: Approx. 5 mm<\/p>\n<\/li>\n<li data-start=\"1917\" data-end=\"1958\">\n<p data-start=\"1919\" data-end=\"1958\">Surface Finish: Matte, non-reflective<\/p>\n<\/li>\n<li data-start=\"1959\" data-end=\"2030\">\n<p data-start=\"1961\" data-end=\"2030\">Use Case: Lens distortion mapping, camera tracking, VFX calibration<\/p>\n<\/li>\n<li data-start=\"2031\" data-end=\"2089\">\n<p data-start=\"2033\" data-end=\"2089\">Mounting: Can be leaned, clamped, or mounted on stands<\/p>\n<\/li>\n<\/ul>\n<p data-start=\"0\" data-end=\"126\">Louez-le maintenant sur <a href=\"https:\/\/www.cinesouk.ma\/fr\">CINESOUK<\/a> - une marque de <a href=\"https:\/\/www.broadway.ma\/\">BROADWAY PRODUCTIONS SARL.<\/a><\/p>","protected":false},"excerpt":{"rendered":"<h3 data-start=\"1746\" data-end=\"1765\">Sp\u00e9cifications :<\/h3>\n<ul data-start=\"1766\" data-end=\"2089\">\n<li data-start=\"1766\" data-end=\"1800\">\n<p data-start=\"1768\" data-end=\"1800\">Type: VFX Lens Distortion Grid<\/p>\n<\/li>\n<li data-start=\"1801\" data-end=\"1843\">\n<p data-start=\"1803\" data-end=\"1843\">Print Material: Forex (PVC foam board)<\/p>\n<\/li>\n<li data-start=\"1844\" data-end=\"1888\">\n<p data-start=\"1846\" data-end=\"1888\">Print Size: 47 \u00d7 24 inches \/ 120 \u00d7 60 cm<\/p>\n<\/li>\n<li data-start=\"1889\" data-end=\"1916\">\n<p data-start=\"1891\" data-end=\"1916\">Thickness: Approx. 5 mm<\/p>\n<\/li>\n<li data-start=\"1917\" data-end=\"1958\">\n<p data-start=\"1919\" data-end=\"1958\">Surface Finish: Matte, non-reflective<\/p>\n<\/li>\n<li data-start=\"1959\" data-end=\"2030\">\n<p data-start=\"1961\" data-end=\"2030\">Use Case: Lens distortion mapping, camera tracking, VFX calibration<\/p>\n<\/li>\n<li data-start=\"2031\" data-end=\"2089\">\n<p data-start=\"2033\" data-end=\"2089\">Mounting: Can be leaned, clamped, or mounted on stands<\/p>\n<\/li>\n<\/ul>","protected":false},"featured_media":16338,"template":"","meta":{"om_disable_all_campaigns":false,"_monsterinsights_skip_tracking":false,"_monsterinsights_sitenote_active":false,"_monsterinsights_sitenote_note":"","_monsterinsights_sitenote_category":0,"_uf_show_specific_survey":0,"_uf_disable_surveys":false},"product_brand":[],"product_cat":[152],"product_tag":[],"class_list":{"0":"post-16339","1":"product","2":"type-product","3":"status-publish","4":"has-post-thumbnail","6":"product_cat-charts-measuring","8":"entry","9":"has-media","11":"first","12":"instock","13":"taxable","14":"shipping-taxable","15":"purchasable","16":"product-type-variable","17":"has-product-nav","18":"col","19":"span_1_of_3","20":"owp-content-center","21":"owp-thumbs-layout-horizontal","22":"owp-btn-normal","23":"owp-tabs-layout-horizontal","24":"has-no-thumbnails"},"yoast_head":"<!-- This site is optimized with the Yoast SEO Premium plugin v26.0 (Yoast SEO v26.0) - https:\/\/yoast.com\/wordpress\/plugins\/seo\/ -->\n<title>VFX Lens distortion grid (printed on forex - 47x24\u201d \/ 120x60cm) - Marrakech | Morocco - CineSouk - For rent<\/title>\n<meta name=\"description\" content=\"Compact VFX lens distortion grid printed on rigid Forex (47\u00d724\u201d \/ 120\u00d760 cm) for accurate lens calibration, camera tracking, and visual effects workflows.\" \/>\n<meta name=\"robots\" content=\"index, follow, max-snippet:-1, max-image-preview:large, max-video-preview:-1\" \/>\n<link rel=\"canonical\" href=\"https:\/\/www.cinesouk.ma\/fr\/produit\/vfx-lens-distortion-grid-printed-on-forex-47x24-120x60cm\/\" \/>\n<meta property=\"og:locale\" content=\"fr_FR\" \/>\n<meta property=\"og:type\" content=\"article\" \/>\n<meta property=\"og:title\" content=\"VFX Lens distortion grid (printed on forex - 47x24\u201d \/ 120x60cm)\" \/>\n<meta property=\"og:description\" content=\"Compact VFX lens distortion grid printed on rigid Forex (47\u00d724\u201d \/ 120\u00d760 cm) for accurate lens calibration, camera tracking, and visual effects workflows.\" \/>\n<meta property=\"og:url\" content=\"https:\/\/www.cinesouk.ma\/fr\/produit\/vfx-lens-distortion-grid-printed-on-forex-47x24-120x60cm\/\" \/>\n<meta property=\"og:site_name\" content=\"CineSouk\" \/>\n<meta property=\"article:modified_time\" content=\"2026-02-02T14:00:45+00:00\" \/>\n<meta property=\"og:image\" content=\"https:\/\/www.cinesouk.ma\/wp-content\/uploads\/2026\/02\/VFX-Lens-distortion-grid-printed-on-forex-96x48-243x120cm.jpg\" \/>\n\t<meta property=\"og:image:width\" content=\"300\" \/>\n\t<meta property=\"og:image:height\" content=\"238\" \/>\n\t<meta property=\"og:image:type\" content=\"image\/jpeg\" \/>\n<meta name=\"twitter:card\" content=\"summary_large_image\" \/>\n<meta name=\"twitter:description\" content=\"Compact VFX lens distortion grid printed on rigid Forex (47\u00d724\u201d \/ 120\u00d760 cm) for accurate lens calibration, camera tracking, and visual effects workflows.\" \/>\n<meta name=\"twitter:label1\" content=\"Dur\u00e9e de lecture estim\u00e9e\" \/>\n\t<meta name=\"twitter:data1\" content=\"2 minutes\" \/>\n<script type=\"application\/ld+json\" class=\"yoast-schema-graph\">{\"@context\":\"https:\/\/schema.org\",\"@graph\":[{\"@type\":\"WebPage\",\"@id\":\"https:\/\/www.cinesouk.ma\/product\/vfx-lens-distortion-grid-printed-on-forex-47x24-120x60cm\/\",\"url\":\"https:\/\/www.cinesouk.ma\/product\/vfx-lens-distortion-grid-printed-on-forex-47x24-120x60cm\/\",\"name\":\"VFX Lens distortion grid (printed on forex - 47x24\u201d \/ 120x60cm) - Marrakech | Morocco - CineSouk - For rent\",\"isPartOf\":{\"@id\":\"https:\/\/www.cinesouk.ma\/#website\"},\"primaryImageOfPage\":{\"@id\":\"https:\/\/www.cinesouk.ma\/product\/vfx-lens-distortion-grid-printed-on-forex-47x24-120x60cm\/#primaryimage\"},\"image\":{\"@id\":\"https:\/\/www.cinesouk.ma\/product\/vfx-lens-distortion-grid-printed-on-forex-47x24-120x60cm\/#primaryimage\"},\"thumbnailUrl\":\"https:\/\/www.cinesouk.ma\/wp-content\/uploads\/2026\/02\/VFX-Lens-distortion-grid-printed-on-forex-96x48-243x120cm.jpg\",\"datePublished\":\"2026-02-02T13:58:13+00:00\",\"dateModified\":\"2026-02-02T14:00:45+00:00\",\"description\":\"Compact VFX lens distortion grid printed on rigid Forex (47\u00d724\u201d \/ 120\u00d760 cm) for accurate lens calibration, camera tracking, and visual effects workflows.\",\"breadcrumb\":{\"@id\":\"https:\/\/www.cinesouk.ma\/product\/vfx-lens-distortion-grid-printed-on-forex-47x24-120x60cm\/#breadcrumb\"},\"inLanguage\":\"fr-FR\",\"potentialAction\":[{\"@type\":\"ReadAction\",\"target\":[\"https:\/\/www.cinesouk.ma\/product\/vfx-lens-distortion-grid-printed-on-forex-47x24-120x60cm\/\"]}]},{\"@type\":\"ImageObject\",\"inLanguage\":\"fr-FR\",\"@id\":\"https:\/\/www.cinesouk.ma\/product\/vfx-lens-distortion-grid-printed-on-forex-47x24-120x60cm\/#primaryimage\",\"url\":\"https:\/\/www.cinesouk.ma\/wp-content\/uploads\/2026\/02\/VFX-Lens-distortion-grid-printed-on-forex-96x48-243x120cm.jpg\",\"contentUrl\":\"https:\/\/www.cinesouk.ma\/wp-content\/uploads\/2026\/02\/VFX-Lens-distortion-grid-printed-on-forex-96x48-243x120cm.jpg\",\"width\":300,\"height\":238},{\"@type\":\"BreadcrumbList\",\"@id\":\"https:\/\/www.cinesouk.ma\/product\/vfx-lens-distortion-grid-printed-on-forex-47x24-120x60cm\/#breadcrumb\",\"itemListElement\":[{\"@type\":\"ListItem\",\"position\":1,\"name\":\"Home\",\"item\":\"https:\/\/www.cinesouk.ma\/\"},{\"@type\":\"ListItem\",\"position\":2,\"name\":\"Shop\",\"item\":\"https:\/\/www.cinesouk.ma\/shop\/\"},{\"@type\":\"ListItem\",\"position\":3,\"name\":\"VFX Lens distortion grid (printed on forex &#8211; 47&#215;24\u201d \/ 120x60cm)\"}]},{\"@type\":\"WebSite\",\"@id\":\"https:\/\/www.cinesouk.ma\/#website\",\"url\":\"https:\/\/www.cinesouk.ma\/\",\"name\":\"CineSouk\",\"description\":\"\",\"publisher\":{\"@id\":\"https:\/\/www.cinesouk.ma\/#organization\"},\"potentialAction\":[{\"@type\":\"SearchAction\",\"target\":{\"@type\":\"EntryPoint\",\"urlTemplate\":\"https:\/\/www.cinesouk.ma\/?s={search_term_string}\"},\"query-input\":{\"@type\":\"PropertyValueSpecification\",\"valueRequired\":true,\"valueName\":\"search_term_string\"}}],\"inLanguage\":\"fr-FR\"},{\"@type\":\"Organization\",\"@id\":\"https:\/\/www.cinesouk.ma\/#organization\",\"name\":\"CineSouk\",\"url\":\"https:\/\/www.cinesouk.ma\/\",\"logo\":{\"@type\":\"ImageObject\",\"inLanguage\":\"fr-FR\",\"@id\":\"https:\/\/www.cinesouk.ma\/#\/schema\/logo\/image\/\",\"url\":\"https:\/\/www.cinesouk.ma\/wp-content\/uploads\/2024\/01\/CineSouk-logo-v01-alpha-alligned-left.png\",\"contentUrl\":\"https:\/\/www.cinesouk.ma\/wp-content\/uploads\/2024\/01\/CineSouk-logo-v01-alpha-alligned-left.png\",\"width\":3204,\"height\":889,\"caption\":\"CineSouk\"},\"image\":{\"@id\":\"https:\/\/www.cinesouk.ma\/#\/schema\/logo\/image\/\"}}]}<\/script>\n<!-- \/ Yoast SEO Premium plugin. -->","yoast_head_json":{"title":"VFX Lens distortion grid (printed on forex - 47x24\u201d \/ 120x60cm) - Marrakech | Morocco - CineSouk - For rent","description":"Compact VFX lens distortion grid printed on rigid Forex (47\u00d724\u201d \/ 120\u00d760 cm) for accurate lens calibration, camera tracking, and visual effects workflows.","robots":{"index":"index","follow":"follow","max-snippet":"max-snippet:-1","max-image-preview":"max-image-preview:large","max-video-preview":"max-video-preview:-1"},"canonical":"https:\/\/www.cinesouk.ma\/fr\/produit\/vfx-lens-distortion-grid-printed-on-forex-47x24-120x60cm\/","og_locale":"fr_FR","og_type":"article","og_title":"VFX Lens distortion grid (printed on forex - 47x24\u201d \/ 120x60cm)","og_description":"Compact VFX lens distortion grid printed on rigid Forex (47\u00d724\u201d \/ 120\u00d760 cm) for accurate lens calibration, camera tracking, and visual effects workflows.","og_url":"https:\/\/www.cinesouk.ma\/fr\/produit\/vfx-lens-distortion-grid-printed-on-forex-47x24-120x60cm\/","og_site_name":"CineSouk","article_modified_time":"2026-02-02T14:00:45+00:00","og_image":[{"width":300,"height":238,"url":"https:\/\/www.cinesouk.ma\/wp-content\/uploads\/2026\/02\/VFX-Lens-distortion-grid-printed-on-forex-96x48-243x120cm.jpg","type":"image\/jpeg"}],"twitter_card":"summary_large_image","twitter_description":"Compact VFX lens distortion grid printed on rigid Forex (47\u00d724\u201d \/ 120\u00d760 cm) for accurate lens calibration, camera tracking, and visual effects workflows.","twitter_misc":{"Dur\u00e9e de lecture estim\u00e9e":"2 minutes"},"schema":{"@context":"https:\/\/schema.org","@graph":[{"@type":"WebPage","@id":"https:\/\/www.cinesouk.ma\/product\/vfx-lens-distortion-grid-printed-on-forex-47x24-120x60cm\/","url":"https:\/\/www.cinesouk.ma\/product\/vfx-lens-distortion-grid-printed-on-forex-47x24-120x60cm\/","name":"VFX Lens distortion grid (printed on forex - 47x24\u201d \/ 120x60cm) - Marrakech | Morocco - CineSouk - For rent","isPartOf":{"@id":"https:\/\/www.cinesouk.ma\/#website"},"primaryImageOfPage":{"@id":"https:\/\/www.cinesouk.ma\/product\/vfx-lens-distortion-grid-printed-on-forex-47x24-120x60cm\/#primaryimage"},"image":{"@id":"https:\/\/www.cinesouk.ma\/product\/vfx-lens-distortion-grid-printed-on-forex-47x24-120x60cm\/#primaryimage"},"thumbnailUrl":"https:\/\/www.cinesouk.ma\/wp-content\/uploads\/2026\/02\/VFX-Lens-distortion-grid-printed-on-forex-96x48-243x120cm.jpg","datePublished":"2026-02-02T13:58:13+00:00","dateModified":"2026-02-02T14:00:45+00:00","description":"Compact VFX lens distortion grid printed on rigid Forex (47\u00d724\u201d \/ 120\u00d760 cm) for accurate lens calibration, camera tracking, and visual effects workflows.","breadcrumb":{"@id":"https:\/\/www.cinesouk.ma\/product\/vfx-lens-distortion-grid-printed-on-forex-47x24-120x60cm\/#breadcrumb"},"inLanguage":"fr-FR","potentialAction":[{"@type":"ReadAction","target":["https:\/\/www.cinesouk.ma\/product\/vfx-lens-distortion-grid-printed-on-forex-47x24-120x60cm\/"]}]},{"@type":"ImageObject","inLanguage":"fr-FR","@id":"https:\/\/www.cinesouk.ma\/product\/vfx-lens-distortion-grid-printed-on-forex-47x24-120x60cm\/#primaryimage","url":"https:\/\/www.cinesouk.ma\/wp-content\/uploads\/2026\/02\/VFX-Lens-distortion-grid-printed-on-forex-96x48-243x120cm.jpg","contentUrl":"https:\/\/www.cinesouk.ma\/wp-content\/uploads\/2026\/02\/VFX-Lens-distortion-grid-printed-on-forex-96x48-243x120cm.jpg","width":300,"height":238},{"@type":"BreadcrumbList","@id":"https:\/\/www.cinesouk.ma\/product\/vfx-lens-distortion-grid-printed-on-forex-47x24-120x60cm\/#breadcrumb","itemListElement":[{"@type":"ListItem","position":1,"name":"Home","item":"https:\/\/www.cinesouk.ma\/"},{"@type":"ListItem","position":2,"name":"Shop","item":"https:\/\/www.cinesouk.ma\/shop\/"},{"@type":"ListItem","position":3,"name":"VFX Lens distortion grid (printed on forex &#8211; 47&#215;24\u201d \/ 120x60cm)"}]},{"@type":"WebSite","@id":"https:\/\/www.cinesouk.ma\/#website","url":"https:\/\/www.cinesouk.ma\/","name":"CineSouk","description":"","publisher":{"@id":"https:\/\/www.cinesouk.ma\/#organization"},"potentialAction":[{"@type":"SearchAction","target":{"@type":"EntryPoint","urlTemplate":"https:\/\/www.cinesouk.ma\/?s={search_term_string}"},"query-input":{"@type":"PropertyValueSpecification","valueRequired":true,"valueName":"search_term_string"}}],"inLanguage":"fr-FR"},{"@type":"Organization","@id":"https:\/\/www.cinesouk.ma\/#organization","name":"CineSouk","url":"https:\/\/www.cinesouk.ma\/","logo":{"@type":"ImageObject","inLanguage":"fr-FR","@id":"https:\/\/www.cinesouk.ma\/#\/schema\/logo\/image\/","url":"https:\/\/www.cinesouk.ma\/wp-content\/uploads\/2024\/01\/CineSouk-logo-v01-alpha-alligned-left.png","contentUrl":"https:\/\/www.cinesouk.ma\/wp-content\/uploads\/2024\/01\/CineSouk-logo-v01-alpha-alligned-left.png","width":3204,"height":889,"caption":"CineSouk"},"image":{"@id":"https:\/\/www.cinesouk.ma\/#\/schema\/logo\/image\/"}}]}},"_links":{"self":[{"href":"https:\/\/www.cinesouk.ma\/fr\/wp-json\/wp\/v2\/product\/16339","targetHints":{"allow":["GET"]}}],"collection":[{"href":"https:\/\/www.cinesouk.ma\/fr\/wp-json\/wp\/v2\/product"}],"about":[{"href":"https:\/\/www.cinesouk.ma\/fr\/wp-json\/wp\/v2\/types\/product"}],"wp:featuredmedia":[{"embeddable":true,"href":"https:\/\/www.cinesouk.ma\/fr\/wp-json\/wp\/v2\/media\/16338"}],"wp:attachment":[{"href":"https:\/\/www.cinesouk.ma\/fr\/wp-json\/wp\/v2\/media?parent=16339"}],"wp:term":[{"taxonomy":"product_brand","embeddable":true,"href":"https:\/\/www.cinesouk.ma\/fr\/wp-json\/wp\/v2\/product_brand?post=16339"},{"taxonomy":"product_cat","embeddable":true,"href":"https:\/\/www.cinesouk.ma\/fr\/wp-json\/wp\/v2\/product_cat?post=16339"},{"taxonomy":"product_tag","embeddable":true,"href":"https:\/\/www.cinesouk.ma\/fr\/wp-json\/wp\/v2\/product_tag?post=16339"}],"curies":[{"name":"wp","href":"https:\/\/api.w.org\/{rel}","templated":true}]}}