{"id":16710,"date":"2026-02-10T15:25:47","date_gmt":"2026-02-10T15:25:47","guid":{"rendered":"https:\/\/www.cinesouk.ma\/?post_type=product&#038;p=16710"},"modified":"2026-03-27T15:10:50","modified_gmt":"2026-03-27T15:10:50","slug":"gaffer-tape-black-19-mm-x-25-m","status":"publish","type":"product","link":"https:\/\/www.cinesouk.ma\/fr\/produit\/gaffer-tape-black-19-mm-x-25-m\/","title":{"rendered":"Ruban gaffer Noir (19 mm x 25 m)"},"content":{"rendered":"<p data-start=\"44\" data-end=\"402\">Le Stairville 649\u201119 Noir est un ruban pratique pour le marquage et l\u2019organisation, con\u00e7u pour une utilisation sur les plateaux de tournage, sc\u00e8nes, studios et productions \u00e9v\u00e9nementielles. Sa couleur noire nette permet un marquage clair et discret, facile \u00e0 rep\u00e9rer sans distraire de la sc\u00e8ne, ce qui le rend id\u00e9al pour marquer des positions, des trajets de c\u00e2bles, des zones et \u00e9tiqueter le mat\u00e9riel.<\/p>\n<p data-start=\"464\" data-end=\"900\">Si vous avez besoin d\u2019une solution de marquage fiable avec une bonne visibilit\u00e9 et un aspect neutre, ce ruban est un excellent choix. De plus, sa construction en tissu enduit de PE offre solidit\u00e9 et flexibilit\u00e9, tandis que l\u2019adh\u00e9sif en caoutchouc naturel assure une fixation s\u00fbre. Il r\u00e9siste ainsi bien au passage fr\u00e9quent et aux longues journ\u00e9es de production. En outre, sa surface inscriptible permet un \u00e9tiquetage rapide et facile pour une identification imm\u00e9diate.<\/p>\n<h2 data-start=\"902\" data-end=\"923\"><strong data-start=\"905\" data-end=\"921\">Caract\u00e9ristiques principales<\/strong><\/h2>\n<ul data-start=\"924\" data-end=\"1229\">\n<li data-start=\"976\" data-end=\"1036\">\n<p data-start=\"978\" data-end=\"1036\"><strong data-start=\"978\" data-end=\"1001\">Construction en tissu :<\/strong> R\u00e9sistant avec une bonne r\u00e9sistance<\/p>\n<\/li>\n<li data-start=\"1037\" data-end=\"1097\">\n<p data-start=\"1039\" data-end=\"1097\"><strong data-start=\"1039\" data-end=\"1053\">Enduit de PE :<\/strong> Durable et flexible pour un usage professionnel<\/p>\n<\/li>\n<li data-start=\"1098\" data-end=\"1156\">\n<p data-start=\"1100\" data-end=\"1156\"><strong data-start=\"1100\" data-end=\"1121\">Surface inscriptible :<\/strong> Ideal for labelling with markers<\/p>\n<\/li>\n<li data-start=\"1157\" data-end=\"1229\">\n<p data-start=\"1159\" data-end=\"1229\"><strong data-start=\"1159\" data-end=\"1176\">Easy to Tear:<\/strong> Convenient hand tear strength for quick on\u2011set use<\/p>\n<\/li>\n<\/ul>\n<h2 data-start=\"1231\" data-end=\"1254\"><strong data-start=\"1234\" data-end=\"1252\">Sp\u00e9cifications<\/strong><\/h2>\n<ul data-start=\"1255\" data-end=\"1526\">\n<li data-start=\"1255\" data-end=\"1295\">\n<p data-start=\"1257\" data-end=\"1295\"><strong data-start=\"1257\" data-end=\"1274\">Type de produit :<\/strong> Ruban de marquage<\/p>\n<\/li>\n<li data-start=\"1296\" data-end=\"1323\">\n<p data-start=\"1298\" data-end=\"1323\"><strong data-start=\"1298\" data-end=\"1308\">Mod\u00e8le :<\/strong> 649\u201119 Noir<\/p>\n<\/li>\n<li data-start=\"1324\" data-end=\"1344\">\n<p data-start=\"1326\" data-end=\"1344\"><strong data-start=\"1326\" data-end=\"1336\">Largeur :<\/strong> 19\u202fmm<\/p>\n<\/li>\n<li data-start=\"1345\" data-end=\"1365\">\n<p data-start=\"1347\" data-end=\"1365\"><strong data-start=\"1347\" data-end=\"1358\">Longueur :<\/strong> 25\u202fm<\/p>\n<\/li>\n<li data-start=\"1366\" data-end=\"1387\">\n<p data-start=\"1368\" data-end=\"1387\"><strong data-start=\"1368\" data-end=\"1379\">Colour:<\/strong> Noir<\/p>\n<\/li>\n<li data-start=\"1388\" data-end=\"1450\">\n<p data-start=\"1390\" data-end=\"1450\"><strong data-start=\"1390\" data-end=\"1403\">Mat\u00e9riau :<\/strong> Tissu enduit de PE avec adh\u00e9sif en caoutchouc naturel<\/p>\n<\/li>\n<li data-start=\"1451\" data-end=\"1526\">\n<p data-start=\"1453\" data-end=\"1526\"><strong data-start=\"1453\" data-end=\"1461\">Utilisation :<\/strong> Marquage, \u00e9tiquetage, identification des c\u00e2bles et organisation du plateau<\/p>\n<\/li>\n<\/ul>\n<p data-start=\"1528\" data-end=\"1843\">En r\u00e9sum\u00e9, le Stairville 649-19 Noir est un outil de marquage fiable qui contribue \u00e0 maintenir clart\u00e9 et organisation dans les environnements de production professionnels. Il permet ainsi d\u2019assurer des flux de travail propres, structur\u00e9s et efficaces sur le plateau.<\/p>\n<p data-start=\"59\" data-end=\"392\">Disponible d\u00e8s maintenant chez <a href=\"https:\/\/www.cinesouk.ma\/fr\">CINESOUK<\/a> - une marque de <a href=\"https:\/\/www.broadway.ma\/\">BROADWAY PRODUCTIONS SARL.<\/a><\/p>","protected":false},"excerpt":{"rendered":"<h2 data-start=\"1231\" data-end=\"1254\"><strong data-start=\"1234\" data-end=\"1252\">Sp\u00e9cifications<\/strong><\/h2>\n<ul data-start=\"1255\" data-end=\"1526\">\n<li data-start=\"1255\" data-end=\"1295\">\n<p data-start=\"1257\" data-end=\"1295\"><strong data-start=\"1257\" data-end=\"1274\">Type de produit :<\/strong> Ruban de marquage<\/p>\n<\/li>\n<li data-start=\"1296\" data-end=\"1323\">\n<p data-start=\"1298\" data-end=\"1323\"><strong data-start=\"1298\" data-end=\"1308\">Mod\u00e8le :<\/strong> 649\u201119 Noir<\/p>\n<\/li>\n<li data-start=\"1324\" data-end=\"1344\">\n<p data-start=\"1326\" data-end=\"1344\"><strong data-start=\"1326\" data-end=\"1336\">Largeur :<\/strong> 19\u202fmm<\/p>\n<\/li>\n<li data-start=\"1345\" data-end=\"1365\">\n<p data-start=\"1347\" data-end=\"1365\"><strong data-start=\"1347\" data-end=\"1358\">Longueur :<\/strong> 25\u202fm<\/p>\n<\/li>\n<li data-start=\"1366\" data-end=\"1387\">\n<p data-start=\"1368\" data-end=\"1387\"><strong data-start=\"1368\" data-end=\"1379\">Colour:<\/strong> Noir<\/p>\n<\/li>\n<li data-start=\"1388\" data-end=\"1450\">\n<p data-start=\"1390\" data-end=\"1450\"><strong data-start=\"1390\" data-end=\"1403\">Mat\u00e9riau :<\/strong> Tissu enduit de PE avec adh\u00e9sif en caoutchouc naturel<\/p>\n<\/li>\n<li data-start=\"1451\" data-end=\"1526\">\n<p data-start=\"1453\" data-end=\"1526\"><strong data-start=\"1453\" data-end=\"1461\">Utilisation :<\/strong> Marquage, \u00e9tiquetage, identification des c\u00e2bles et organisation du plateau<\/p>\n<\/li>\n<\/ul>","protected":false},"featured_media":16712,"template":"","meta":{"om_disable_all_campaigns":false,"_monsterinsights_skip_tracking":false,"_monsterinsights_sitenote_active":false,"_monsterinsights_sitenote_note":"","_monsterinsights_sitenote_category":0,"_uf_show_specific_survey":0,"_uf_disable_surveys":false},"product_brand":[],"product_cat":[140,60],"product_tag":[],"class_list":{"0":"post-16710","1":"product","2":"type-product","3":"status-publish","4":"has-post-thumbnail","6":"product_cat-gaffers","7":"product_cat-consumables-cinesouk","9":"entry","10":"has-media","12":"first","13":"instock","14":"taxable","15":"shipping-taxable","16":"purchasable","17":"product-type-variable","18":"has-default-attributes","19":"has-product-nav","20":"col","21":"span_1_of_3","22":"owp-content-center","23":"owp-thumbs-layout-horizontal","24":"owp-btn-normal","25":"owp-tabs-layout-horizontal","26":"has-no-thumbnails"},"yoast_head":"<!-- This site is optimized with the Yoast SEO Premium plugin v26.0 (Yoast SEO v26.0) - https:\/\/yoast.com\/wordpress\/plugins\/seo\/ -->\n<title>Gaffer Tape Black (19 mm x 25 m) - CineSouk - For rent<\/title>\n<meta name=\"description\" content=\"Stairville 649-19 Black, 19\u202fmm \u00d7 25\u202fm, ideal for neutral marking, labelling, and organisation on film sets, stages, and production environments.\" \/>\n<meta name=\"robots\" content=\"index, follow, max-snippet:-1, max-image-preview:large, max-video-preview:-1\" \/>\n<link rel=\"canonical\" href=\"https:\/\/www.cinesouk.ma\/fr\/produit\/gaffer-tape-black-19-mm-x-25-m\/\" \/>\n<meta property=\"og:locale\" content=\"fr_FR\" \/>\n<meta property=\"og:type\" content=\"article\" \/>\n<meta property=\"og:title\" content=\"Gaffer Tape Black (19 mm x 25 m)\" \/>\n<meta property=\"og:description\" content=\"Stairville 649\u201119 Black, 19\u202fmm \u00d7 25\u202fm, ideal for neutral marking, labelling, and organisation on film sets, stages, and production environments.\" \/>\n<meta property=\"og:url\" content=\"https:\/\/www.cinesouk.ma\/fr\/produit\/gaffer-tape-black-19-mm-x-25-m\/\" \/>\n<meta property=\"og:site_name\" content=\"CineSouk\" \/>\n<meta property=\"article:modified_time\" content=\"2026-03-27T15:10:50+00:00\" \/>\n<meta property=\"og:image\" content=\"https:\/\/www.cinesouk.ma\/wp-content\/uploads\/2026\/02\/Stairville-649-19-black-1.jpg\" \/>\n\t<meta property=\"og:image:width\" content=\"300\" \/>\n\t<meta property=\"og:image:height\" content=\"238\" \/>\n\t<meta property=\"og:image:type\" content=\"image\/jpeg\" \/>\n<meta name=\"twitter:card\" content=\"summary_large_image\" \/>\n<meta name=\"twitter:description\" content=\"Stairville 649\u201119 Black, 19\u202fmm \u00d7 25\u202fm, ideal for neutral marking, labelling, and organisation on film sets, stages, and production environments.\" \/>\n<meta name=\"twitter:label1\" content=\"Dur\u00e9e de lecture estim\u00e9e\" \/>\n\t<meta name=\"twitter:data1\" content=\"2 minutes\" \/>\n<script type=\"application\/ld+json\" class=\"yoast-schema-graph\">{\"@context\":\"https:\/\/schema.org\",\"@graph\":[{\"@type\":\"WebPage\",\"@id\":\"https:\/\/www.cinesouk.ma\/product\/gaffer-tape-black-19-mm-x-25-m\/\",\"url\":\"https:\/\/www.cinesouk.ma\/product\/gaffer-tape-black-19-mm-x-25-m\/\",\"name\":\"Gaffer Tape Black (19 mm x 25 m) - CineSouk - For rent\",\"isPartOf\":{\"@id\":\"https:\/\/www.cinesouk.ma\/#website\"},\"primaryImageOfPage\":{\"@id\":\"https:\/\/www.cinesouk.ma\/product\/gaffer-tape-black-19-mm-x-25-m\/#primaryimage\"},\"image\":{\"@id\":\"https:\/\/www.cinesouk.ma\/product\/gaffer-tape-black-19-mm-x-25-m\/#primaryimage\"},\"thumbnailUrl\":\"https:\/\/www.cinesouk.ma\/wp-content\/uploads\/2026\/02\/Stairville-649-19-black-1.jpg\",\"datePublished\":\"2026-02-10T15:25:47+00:00\",\"dateModified\":\"2026-03-27T15:10:50+00:00\",\"description\":\"Stairville 649-19 Black, 19\u202fmm \u00d7 25\u202fm, ideal for neutral marking, labelling, and organisation on film sets, stages, and production environments.\",\"breadcrumb\":{\"@id\":\"https:\/\/www.cinesouk.ma\/product\/gaffer-tape-black-19-mm-x-25-m\/#breadcrumb\"},\"inLanguage\":\"fr-FR\",\"potentialAction\":[{\"@type\":\"ReadAction\",\"target\":[\"https:\/\/www.cinesouk.ma\/product\/gaffer-tape-black-19-mm-x-25-m\/\"]}]},{\"@type\":\"ImageObject\",\"inLanguage\":\"fr-FR\",\"@id\":\"https:\/\/www.cinesouk.ma\/product\/gaffer-tape-black-19-mm-x-25-m\/#primaryimage\",\"url\":\"https:\/\/www.cinesouk.ma\/wp-content\/uploads\/2026\/02\/Stairville-649-19-black-1.jpg\",\"contentUrl\":\"https:\/\/www.cinesouk.ma\/wp-content\/uploads\/2026\/02\/Stairville-649-19-black-1.jpg\",\"width\":300,\"height\":238,\"caption\":\"Stairville 649-19 black\"},{\"@type\":\"BreadcrumbList\",\"@id\":\"https:\/\/www.cinesouk.ma\/product\/gaffer-tape-black-19-mm-x-25-m\/#breadcrumb\",\"itemListElement\":[{\"@type\":\"ListItem\",\"position\":1,\"name\":\"Home\",\"item\":\"https:\/\/www.cinesouk.ma\/\"},{\"@type\":\"ListItem\",\"position\":2,\"name\":\"Shop\",\"item\":\"https:\/\/www.cinesouk.ma\/shop\/\"},{\"@type\":\"ListItem\",\"position\":3,\"name\":\"Gaffer Tape Black (19 mm x 25 m)\"}]},{\"@type\":\"WebSite\",\"@id\":\"https:\/\/www.cinesouk.ma\/#website\",\"url\":\"https:\/\/www.cinesouk.ma\/\",\"name\":\"CineSouk\",\"description\":\"\",\"publisher\":{\"@id\":\"https:\/\/www.cinesouk.ma\/#organization\"},\"potentialAction\":[{\"@type\":\"SearchAction\",\"target\":{\"@type\":\"EntryPoint\",\"urlTemplate\":\"https:\/\/www.cinesouk.ma\/?s={search_term_string}\"},\"query-input\":{\"@type\":\"PropertyValueSpecification\",\"valueRequired\":true,\"valueName\":\"search_term_string\"}}],\"inLanguage\":\"fr-FR\"},{\"@type\":\"Organization\",\"@id\":\"https:\/\/www.cinesouk.ma\/#organization\",\"name\":\"CineSouk\",\"url\":\"https:\/\/www.cinesouk.ma\/\",\"logo\":{\"@type\":\"ImageObject\",\"inLanguage\":\"fr-FR\",\"@id\":\"https:\/\/www.cinesouk.ma\/#\/schema\/logo\/image\/\",\"url\":\"https:\/\/www.cinesouk.ma\/wp-content\/uploads\/2024\/01\/CineSouk-logo-v01-alpha-alligned-left.png\",\"contentUrl\":\"https:\/\/www.cinesouk.ma\/wp-content\/uploads\/2024\/01\/CineSouk-logo-v01-alpha-alligned-left.png\",\"width\":3204,\"height\":889,\"caption\":\"CineSouk\"},\"image\":{\"@id\":\"https:\/\/www.cinesouk.ma\/#\/schema\/logo\/image\/\"}}]}<\/script>\n<!-- \/ Yoast SEO Premium plugin. -->","yoast_head_json":{"title":"Gaffer Tape Black (19 mm x 25 m) - CineSouk - For rent","description":"Stairville 649-19 Black, 19\u202fmm \u00d7 25\u202fm, ideal for neutral marking, labelling, and organisation on film sets, stages, and production environments.","robots":{"index":"index","follow":"follow","max-snippet":"max-snippet:-1","max-image-preview":"max-image-preview:large","max-video-preview":"max-video-preview:-1"},"canonical":"https:\/\/www.cinesouk.ma\/fr\/produit\/gaffer-tape-black-19-mm-x-25-m\/","og_locale":"fr_FR","og_type":"article","og_title":"Gaffer Tape Black (19 mm x 25 m)","og_description":"Stairville 649\u201119 Black, 19\u202fmm \u00d7 25\u202fm, ideal for neutral marking, labelling, and organisation on film sets, stages, and production environments.","og_url":"https:\/\/www.cinesouk.ma\/fr\/produit\/gaffer-tape-black-19-mm-x-25-m\/","og_site_name":"CineSouk","article_modified_time":"2026-03-27T15:10:50+00:00","og_image":[{"width":300,"height":238,"url":"https:\/\/www.cinesouk.ma\/wp-content\/uploads\/2026\/02\/Stairville-649-19-black-1.jpg","type":"image\/jpeg"}],"twitter_card":"summary_large_image","twitter_description":"Stairville 649\u201119 Black, 19\u202fmm \u00d7 25\u202fm, ideal for neutral marking, labelling, and organisation on film sets, stages, and production environments.","twitter_misc":{"Dur\u00e9e de lecture estim\u00e9e":"2 minutes"},"schema":{"@context":"https:\/\/schema.org","@graph":[{"@type":"WebPage","@id":"https:\/\/www.cinesouk.ma\/product\/gaffer-tape-black-19-mm-x-25-m\/","url":"https:\/\/www.cinesouk.ma\/product\/gaffer-tape-black-19-mm-x-25-m\/","name":"Gaffer Tape Black (19 mm x 25 m) - CineSouk - For rent","isPartOf":{"@id":"https:\/\/www.cinesouk.ma\/#website"},"primaryImageOfPage":{"@id":"https:\/\/www.cinesouk.ma\/product\/gaffer-tape-black-19-mm-x-25-m\/#primaryimage"},"image":{"@id":"https:\/\/www.cinesouk.ma\/product\/gaffer-tape-black-19-mm-x-25-m\/#primaryimage"},"thumbnailUrl":"https:\/\/www.cinesouk.ma\/wp-content\/uploads\/2026\/02\/Stairville-649-19-black-1.jpg","datePublished":"2026-02-10T15:25:47+00:00","dateModified":"2026-03-27T15:10:50+00:00","description":"Stairville 649-19 Black, 19\u202fmm \u00d7 25\u202fm, ideal for neutral marking, labelling, and organisation on film sets, stages, and production environments.","breadcrumb":{"@id":"https:\/\/www.cinesouk.ma\/product\/gaffer-tape-black-19-mm-x-25-m\/#breadcrumb"},"inLanguage":"fr-FR","potentialAction":[{"@type":"ReadAction","target":["https:\/\/www.cinesouk.ma\/product\/gaffer-tape-black-19-mm-x-25-m\/"]}]},{"@type":"ImageObject","inLanguage":"fr-FR","@id":"https:\/\/www.cinesouk.ma\/product\/gaffer-tape-black-19-mm-x-25-m\/#primaryimage","url":"https:\/\/www.cinesouk.ma\/wp-content\/uploads\/2026\/02\/Stairville-649-19-black-1.jpg","contentUrl":"https:\/\/www.cinesouk.ma\/wp-content\/uploads\/2026\/02\/Stairville-649-19-black-1.jpg","width":300,"height":238,"caption":"Stairville 649-19 black"},{"@type":"BreadcrumbList","@id":"https:\/\/www.cinesouk.ma\/product\/gaffer-tape-black-19-mm-x-25-m\/#breadcrumb","itemListElement":[{"@type":"ListItem","position":1,"name":"Home","item":"https:\/\/www.cinesouk.ma\/"},{"@type":"ListItem","position":2,"name":"Shop","item":"https:\/\/www.cinesouk.ma\/shop\/"},{"@type":"ListItem","position":3,"name":"Gaffer Tape Black (19 mm x 25 m)"}]},{"@type":"WebSite","@id":"https:\/\/www.cinesouk.ma\/#website","url":"https:\/\/www.cinesouk.ma\/","name":"CineSouk","description":"","publisher":{"@id":"https:\/\/www.cinesouk.ma\/#organization"},"potentialAction":[{"@type":"SearchAction","target":{"@type":"EntryPoint","urlTemplate":"https:\/\/www.cinesouk.ma\/?s={search_term_string}"},"query-input":{"@type":"PropertyValueSpecification","valueRequired":true,"valueName":"search_term_string"}}],"inLanguage":"fr-FR"},{"@type":"Organization","@id":"https:\/\/www.cinesouk.ma\/#organization","name":"CineSouk","url":"https:\/\/www.cinesouk.ma\/","logo":{"@type":"ImageObject","inLanguage":"fr-FR","@id":"https:\/\/www.cinesouk.ma\/#\/schema\/logo\/image\/","url":"https:\/\/www.cinesouk.ma\/wp-content\/uploads\/2024\/01\/CineSouk-logo-v01-alpha-alligned-left.png","contentUrl":"https:\/\/www.cinesouk.ma\/wp-content\/uploads\/2024\/01\/CineSouk-logo-v01-alpha-alligned-left.png","width":3204,"height":889,"caption":"CineSouk"},"image":{"@id":"https:\/\/www.cinesouk.ma\/#\/schema\/logo\/image\/"}}]}},"_links":{"self":[{"href":"https:\/\/www.cinesouk.ma\/fr\/wp-json\/wp\/v2\/product\/16710","targetHints":{"allow":["GET"]}}],"collection":[{"href":"https:\/\/www.cinesouk.ma\/fr\/wp-json\/wp\/v2\/product"}],"about":[{"href":"https:\/\/www.cinesouk.ma\/fr\/wp-json\/wp\/v2\/types\/product"}],"wp:featuredmedia":[{"embeddable":true,"href":"https:\/\/www.cinesouk.ma\/fr\/wp-json\/wp\/v2\/media\/16712"}],"wp:attachment":[{"href":"https:\/\/www.cinesouk.ma\/fr\/wp-json\/wp\/v2\/media?parent=16710"}],"wp:term":[{"taxonomy":"product_brand","embeddable":true,"href":"https:\/\/www.cinesouk.ma\/fr\/wp-json\/wp\/v2\/product_brand?post=16710"},{"taxonomy":"product_cat","embeddable":true,"href":"https:\/\/www.cinesouk.ma\/fr\/wp-json\/wp\/v2\/product_cat?post=16710"},{"taxonomy":"product_tag","embeddable":true,"href":"https:\/\/www.cinesouk.ma\/fr\/wp-json\/wp\/v2\/product_tag?post=16710"}],"curies":[{"name":"wp","href":"https:\/\/api.w.org\/{rel}","templated":true}]}}