{"id":16713,"date":"2026-02-10T15:32:38","date_gmt":"2026-02-10T15:32:38","guid":{"rendered":"https:\/\/www.cinesouk.ma\/?post_type=product&#038;p=16713"},"modified":"2026-02-10T15:42:23","modified_gmt":"2026-02-10T15:42:23","slug":"gaffer-tape-white-50-mm-x-25-m","status":"publish","type":"product","link":"https:\/\/www.cinesouk.ma\/fr\/produit\/gaffer-tape-white-50-mm-x-25-m\/","title":{"rendered":"Ruban gaffer blanc (50 mm \u00d7 50 m)"},"content":{"rendered":"<p data-start=\"314\" data-end=\"629\">Le ruban gaffer blanc est un adh\u00e9sif textile professionnel con\u00e7u pour la fixation, le marquage et la gestion des c\u00e2bles dans les environnements de cin\u00e9ma, t\u00e9l\u00e9vision, th\u00e9\u00e2tre et production live. D\u00e8s le d\u00e9part, il offre une forte adh\u00e9rence tout en restant facile \u00e0 manipuler, ce qui en fait un outil fiable et indispensable sur les plateaux.<\/p>\n<p data-start=\"631\" data-end=\"968\">Gr\u00e2ce \u00e0 son support en tissu enduit de PE, ce ruban s\u2019adapte facilement aux surfaces irr\u00e9guli\u00e8res et aux formes atypiques. Il est donc parfaitement adapt\u00e9 aux sols, structures, flight cases, c\u00e2bles et accessoires. De plus, sa surface blanche mate \u00e9vite les reflets ind\u00e9sirables sous les \u00e9clairages de sc\u00e8ne ou de tournage, garantissant des installations discr\u00e8tes et adapt\u00e9es \u00e0 la cam\u00e9ra.<\/p>\n<p data-start=\"970\" data-end=\"1329\">De plus, son adh\u00e9sif instantan\u00e9 puissant assure une fixation s\u00e9curis\u00e9e tout en se retirant facilement sans laisser de r\u00e9sidu. \u00c9tant non corrosif, il est s\u00fbr pour les surfaces d\u00e9licates et le mat\u00e9riel professionnel. Gr\u00e2ce \u00e0 sa bonne r\u00e9sistance \u00e0 l\u2019abrasion et \u00e0 son d\u00e9roulement facile, ce ruban permet des flux de travail rapides et efficaces lors de l\u2019installation et du d\u00e9montage.<\/p>\n<h3 data-start=\"1331\" data-end=\"1348\">Caract\u00e9ristiques principales :<\/h3>\n<ul data-start=\"1349\" data-end=\"1773\">\n<li data-start=\"1349\" data-end=\"1387\">\n<p data-start=\"1351\" data-end=\"1387\">Professional <strong data-start=\"1364\" data-end=\"1385\">fabric stage tape<\/strong><\/p>\n<\/li>\n<li data-start=\"1388\" data-end=\"1421\">\n<p data-start=\"1390\" data-end=\"1421\"><strong data-start=\"1390\" data-end=\"1419\">50 m Longueur  \u00d7  50 mm Largeur<\/strong><\/p>\n<\/li>\n<li data-start=\"1422\" data-end=\"1478\">\n<p data-start=\"1424\" data-end=\"1478\"><strong data-start=\"1424\" data-end=\"1445\">Support enduit de PE<\/strong> pour plus de flexibilit\u00e9 et de durabilit\u00e9<\/p>\n<\/li>\n<li data-start=\"1479\" data-end=\"1527\">\n<p data-start=\"1481\" data-end=\"1527\"><strong data-start=\"1481\" data-end=\"1504\">Surface blanche mate<\/strong> pour \u00e9viter les reflets<\/p>\n<\/li>\n<li data-start=\"1528\" data-end=\"1579\">\n<p data-start=\"1530\" data-end=\"1579\">S\u2019adapte bien \u00e0 <strong data-start=\"1545\" data-end=\"1577\">des formes irr\u00e9guli\u00e8res et complexes<\/strong><\/p>\n<\/li>\n<li data-start=\"1580\" data-end=\"1637\">\n<p data-start=\"1582\" data-end=\"1637\"><strong data-start=\"1582\" data-end=\"1609\">Adh\u00e9rence instantan\u00e9e \u00e9lev\u00e9e<\/strong> avec retrait sans r\u00e9sidu<\/p>\n<\/li>\n<li data-start=\"1638\" data-end=\"1687\">\n<p data-start=\"1640\" data-end=\"1687\"><strong data-start=\"1640\" data-end=\"1666\">Adh\u00e9sif non corrosif<\/strong> sans danger pour les \u00e9quipements<\/p>\n<\/li>\n<li data-start=\"1688\" data-end=\"1727\">\n<p data-start=\"1690\" data-end=\"1727\">D\u00e9roulement facile pour une application rapide<\/p>\n<\/li>\n<li data-start=\"1728\" data-end=\"1773\">\n<p data-start=\"1730\" data-end=\"1773\">Id\u00e9al pour <strong data-start=\"1740\" data-end=\"1773\">une utilisation sur sc\u00e8ne, en studio et sur les plateaux de tournage<\/strong><\/p>\n<\/li>\n<\/ul>\n<h3 data-start=\"1775\" data-end=\"1794\">Sp\u00e9cifications :<\/h3>\n<ul data-start=\"1795\" data-end=\"2002\">\n<li data-start=\"1795\" data-end=\"1822\">\n<p data-start=\"1797\" data-end=\"1822\">Type : Ruban textile de sc\u00e8ne<\/p>\n<\/li>\n<li data-start=\"1823\" data-end=\"1844\">\n<p data-start=\"1825\" data-end=\"1844\">Marque : Stairville<\/p>\n<\/li>\n<li data-start=\"1845\" data-end=\"1861\">\n<p data-start=\"1847\" data-end=\"1861\">Longueur : 50 m<\/p>\n<\/li>\n<li data-start=\"1862\" data-end=\"1878\">\n<p data-start=\"1864\" data-end=\"1878\">Largeur : 50 mm<\/p>\n<\/li>\n<li data-start=\"1879\" data-end=\"1909\">\n<p data-start=\"1881\" data-end=\"1909\">Mat\u00e9riau : tissu enduit de PE<\/p>\n<\/li>\n<li data-start=\"1910\" data-end=\"1935\">\n<p data-start=\"1912\" data-end=\"1935\">Finition de surface : mate<\/p>\n<\/li>\n<li data-start=\"1936\" data-end=\"1985\">\n<p data-start=\"1938\" data-end=\"1985\">Adhesive: Strong, non-corrosive, residue-free<\/p>\n<\/li>\n<li data-start=\"1986\" data-end=\"2002\">\n<p data-start=\"1988\" data-end=\"2002\">Couleur : blanc<\/p>\n<\/li>\n<\/ul>\n<p data-start=\"36\" data-end=\"433\">Disponible d\u00e8s maintenant chez <a href=\"https:\/\/www.cinesouk.ma\/fr\">CINESOUK<\/a> - une marque de <a href=\"https:\/\/www.broadway.ma\/\">BROADWAY PRODUCTIONS SARL.<\/a><\/p>","protected":false},"excerpt":{"rendered":"<h3 data-start=\"1775\" data-end=\"1794\">Sp\u00e9cifications :<\/h3>\n<ul data-start=\"1795\" data-end=\"2002\">\n<li data-start=\"1795\" data-end=\"1822\">\n<p data-start=\"1797\" data-end=\"1822\">Type : Ruban textile de sc\u00e8ne<\/p>\n<\/li>\n<li data-start=\"1845\" data-end=\"1861\">\n<p data-start=\"1847\" data-end=\"1861\">Longueur : 50 m<\/p>\n<\/li>\n<li data-start=\"1862\" data-end=\"1878\">\n<p data-start=\"1864\" data-end=\"1878\">Largeur : 50 mm<\/p>\n<\/li>\n<li data-start=\"1879\" data-end=\"1909\">\n<p data-start=\"1881\" data-end=\"1909\">Mat\u00e9riau : tissu enduit de PE<\/p>\n<\/li>\n<li data-start=\"1910\" data-end=\"1935\">\n<p data-start=\"1912\" data-end=\"1935\">Finition de surface : mate<\/p>\n<\/li>\n<li data-start=\"1936\" data-end=\"1985\">\n<p data-start=\"1938\" data-end=\"1985\">Adhesive: Strong, non-corrosive, residue-free<\/p>\n<\/li>\n<li data-start=\"1986\" data-end=\"2002\">\n<p data-start=\"1988\" data-end=\"2002\">Couleur : blanc<\/p>\n<\/li>\n<\/ul>","protected":false},"featured_media":16715,"template":"","meta":{"om_disable_all_campaigns":false,"_monsterinsights_skip_tracking":false,"_monsterinsights_sitenote_active":false,"_monsterinsights_sitenote_note":"","_monsterinsights_sitenote_category":0,"_uf_show_specific_survey":0,"_uf_disable_surveys":false},"product_brand":[],"product_cat":[140,60],"product_tag":[],"class_list":{"0":"post-16713","1":"product","2":"type-product","3":"status-publish","4":"has-post-thumbnail","6":"product_cat-gaffers","7":"product_cat-consumables-cinesouk","9":"entry","10":"has-media","12":"first","13":"instock","14":"taxable","15":"shipping-taxable","16":"purchasable","17":"product-type-variable","18":"has-default-attributes","19":"has-product-nav","20":"col","21":"span_1_of_3","22":"owp-content-center","23":"owp-thumbs-layout-horizontal","24":"owp-btn-normal","25":"owp-tabs-layout-horizontal","26":"has-no-thumbnails"},"yoast_head":"<!-- This site is optimized with the Yoast SEO Premium plugin v26.0 (Yoast SEO v26.0) - https:\/\/yoast.com\/wordpress\/plugins\/seo\/ -->\n<title>Gaffer Tape White (50 mm x 50 m) - CineSouk - For rent<\/title>\n<meta name=\"description\" content=\"Gaffer Tape White professional matte fabric tape (50 m \u00d7 50 mm) with strong adhesion, residue-free removal, and flexible PE-coated backing for stage and film production.\" \/>\n<meta name=\"robots\" content=\"index, follow, max-snippet:-1, max-image-preview:large, max-video-preview:-1\" \/>\n<link rel=\"canonical\" href=\"https:\/\/www.cinesouk.ma\/fr\/produit\/gaffer-tape-white-50-mm-x-25-m\/\" \/>\n<meta property=\"og:locale\" content=\"fr_FR\" \/>\n<meta property=\"og:type\" content=\"article\" \/>\n<meta property=\"og:title\" content=\"Gaffer Tape White (50 mm x 50 m)\" \/>\n<meta property=\"og:description\" content=\"Gaffer Tape White \u2013 professional matte fabric tape (50 m \u00d7 50 mm) with strong adhesion, residue-free removal, and flexible PE-coated backing for stage and film production.\" \/>\n<meta property=\"og:url\" content=\"https:\/\/www.cinesouk.ma\/fr\/produit\/gaffer-tape-white-50-mm-x-25-m\/\" \/>\n<meta property=\"og:site_name\" content=\"CineSouk\" \/>\n<meta property=\"article:modified_time\" content=\"2026-02-10T15:42:23+00:00\" \/>\n<meta property=\"og:image\" content=\"https:\/\/www.cinesouk.ma\/wp-content\/uploads\/2026\/02\/Stairville-Stage-Tape-400BK-white.jpg\" \/>\n\t<meta property=\"og:image:width\" content=\"300\" \/>\n\t<meta property=\"og:image:height\" content=\"238\" \/>\n\t<meta property=\"og:image:type\" content=\"image\/jpeg\" \/>\n<meta name=\"twitter:card\" content=\"summary_large_image\" \/>\n<meta name=\"twitter:description\" content=\"Gaffer Tape White \u2013 professional matte fabric tape (50 m \u00d7 50 mm) with strong adhesion, residue-free removal, and flexible PE-coated backing for stage and film production.\" \/>\n<meta name=\"twitter:label1\" content=\"Dur\u00e9e de lecture estim\u00e9e\" \/>\n\t<meta name=\"twitter:data1\" content=\"2 minutes\" \/>\n<script type=\"application\/ld+json\" class=\"yoast-schema-graph\">{\"@context\":\"https:\/\/schema.org\",\"@graph\":[{\"@type\":\"WebPage\",\"@id\":\"https:\/\/www.cinesouk.ma\/product\/gaffer-tape-white-50-mm-x-25-m\/\",\"url\":\"https:\/\/www.cinesouk.ma\/product\/gaffer-tape-white-50-mm-x-25-m\/\",\"name\":\"Gaffer Tape White (50 mm x 50 m) - CineSouk - For rent\",\"isPartOf\":{\"@id\":\"https:\/\/www.cinesouk.ma\/#website\"},\"primaryImageOfPage\":{\"@id\":\"https:\/\/www.cinesouk.ma\/product\/gaffer-tape-white-50-mm-x-25-m\/#primaryimage\"},\"image\":{\"@id\":\"https:\/\/www.cinesouk.ma\/product\/gaffer-tape-white-50-mm-x-25-m\/#primaryimage\"},\"thumbnailUrl\":\"https:\/\/www.cinesouk.ma\/wp-content\/uploads\/2026\/02\/Stairville-Stage-Tape-400BK-white.jpg\",\"datePublished\":\"2026-02-10T15:32:38+00:00\",\"dateModified\":\"2026-02-10T15:42:23+00:00\",\"description\":\"Gaffer Tape White professional matte fabric tape (50 m \u00d7 50 mm) with strong adhesion, residue-free removal, and flexible PE-coated backing for stage and film production.\",\"breadcrumb\":{\"@id\":\"https:\/\/www.cinesouk.ma\/product\/gaffer-tape-white-50-mm-x-25-m\/#breadcrumb\"},\"inLanguage\":\"fr-FR\",\"potentialAction\":[{\"@type\":\"ReadAction\",\"target\":[\"https:\/\/www.cinesouk.ma\/product\/gaffer-tape-white-50-mm-x-25-m\/\"]}]},{\"@type\":\"ImageObject\",\"inLanguage\":\"fr-FR\",\"@id\":\"https:\/\/www.cinesouk.ma\/product\/gaffer-tape-white-50-mm-x-25-m\/#primaryimage\",\"url\":\"https:\/\/www.cinesouk.ma\/wp-content\/uploads\/2026\/02\/Stairville-Stage-Tape-400BK-white.jpg\",\"contentUrl\":\"https:\/\/www.cinesouk.ma\/wp-content\/uploads\/2026\/02\/Stairville-Stage-Tape-400BK-white.jpg\",\"width\":300,\"height\":238,\"caption\":\"Stairville Stage Tape White\"},{\"@type\":\"BreadcrumbList\",\"@id\":\"https:\/\/www.cinesouk.ma\/product\/gaffer-tape-white-50-mm-x-25-m\/#breadcrumb\",\"itemListElement\":[{\"@type\":\"ListItem\",\"position\":1,\"name\":\"Home\",\"item\":\"https:\/\/www.cinesouk.ma\/\"},{\"@type\":\"ListItem\",\"position\":2,\"name\":\"Shop\",\"item\":\"https:\/\/www.cinesouk.ma\/shop\/\"},{\"@type\":\"ListItem\",\"position\":3,\"name\":\"Gaffer Tape White (50 mm x 50 m)\"}]},{\"@type\":\"WebSite\",\"@id\":\"https:\/\/www.cinesouk.ma\/#website\",\"url\":\"https:\/\/www.cinesouk.ma\/\",\"name\":\"CineSouk\",\"description\":\"\",\"publisher\":{\"@id\":\"https:\/\/www.cinesouk.ma\/#organization\"},\"potentialAction\":[{\"@type\":\"SearchAction\",\"target\":{\"@type\":\"EntryPoint\",\"urlTemplate\":\"https:\/\/www.cinesouk.ma\/?s={search_term_string}\"},\"query-input\":{\"@type\":\"PropertyValueSpecification\",\"valueRequired\":true,\"valueName\":\"search_term_string\"}}],\"inLanguage\":\"fr-FR\"},{\"@type\":\"Organization\",\"@id\":\"https:\/\/www.cinesouk.ma\/#organization\",\"name\":\"CineSouk\",\"url\":\"https:\/\/www.cinesouk.ma\/\",\"logo\":{\"@type\":\"ImageObject\",\"inLanguage\":\"fr-FR\",\"@id\":\"https:\/\/www.cinesouk.ma\/#\/schema\/logo\/image\/\",\"url\":\"https:\/\/www.cinesouk.ma\/wp-content\/uploads\/2024\/01\/CineSouk-logo-v01-alpha-alligned-left.png\",\"contentUrl\":\"https:\/\/www.cinesouk.ma\/wp-content\/uploads\/2024\/01\/CineSouk-logo-v01-alpha-alligned-left.png\",\"width\":3204,\"height\":889,\"caption\":\"CineSouk\"},\"image\":{\"@id\":\"https:\/\/www.cinesouk.ma\/#\/schema\/logo\/image\/\"}}]}<\/script>\n<!-- \/ Yoast SEO Premium plugin. -->","yoast_head_json":{"title":"Gaffer Tape White (50 mm x 50 m) - CineSouk - For rent","description":"Gaffer Tape White professional matte fabric tape (50 m \u00d7 50 mm) with strong adhesion, residue-free removal, and flexible PE-coated backing for stage and film production.","robots":{"index":"index","follow":"follow","max-snippet":"max-snippet:-1","max-image-preview":"max-image-preview:large","max-video-preview":"max-video-preview:-1"},"canonical":"https:\/\/www.cinesouk.ma\/fr\/produit\/gaffer-tape-white-50-mm-x-25-m\/","og_locale":"fr_FR","og_type":"article","og_title":"Gaffer Tape White (50 mm x 50 m)","og_description":"Gaffer Tape White \u2013 professional matte fabric tape (50 m \u00d7 50 mm) with strong adhesion, residue-free removal, and flexible PE-coated backing for stage and film production.","og_url":"https:\/\/www.cinesouk.ma\/fr\/produit\/gaffer-tape-white-50-mm-x-25-m\/","og_site_name":"CineSouk","article_modified_time":"2026-02-10T15:42:23+00:00","og_image":[{"width":300,"height":238,"url":"https:\/\/www.cinesouk.ma\/wp-content\/uploads\/2026\/02\/Stairville-Stage-Tape-400BK-white.jpg","type":"image\/jpeg"}],"twitter_card":"summary_large_image","twitter_description":"Gaffer Tape White \u2013 professional matte fabric tape (50 m \u00d7 50 mm) with strong adhesion, residue-free removal, and flexible PE-coated backing for stage and film production.","twitter_misc":{"Dur\u00e9e de lecture estim\u00e9e":"2 minutes"},"schema":{"@context":"https:\/\/schema.org","@graph":[{"@type":"WebPage","@id":"https:\/\/www.cinesouk.ma\/product\/gaffer-tape-white-50-mm-x-25-m\/","url":"https:\/\/www.cinesouk.ma\/product\/gaffer-tape-white-50-mm-x-25-m\/","name":"Gaffer Tape White (50 mm x 50 m) - CineSouk - For rent","isPartOf":{"@id":"https:\/\/www.cinesouk.ma\/#website"},"primaryImageOfPage":{"@id":"https:\/\/www.cinesouk.ma\/product\/gaffer-tape-white-50-mm-x-25-m\/#primaryimage"},"image":{"@id":"https:\/\/www.cinesouk.ma\/product\/gaffer-tape-white-50-mm-x-25-m\/#primaryimage"},"thumbnailUrl":"https:\/\/www.cinesouk.ma\/wp-content\/uploads\/2026\/02\/Stairville-Stage-Tape-400BK-white.jpg","datePublished":"2026-02-10T15:32:38+00:00","dateModified":"2026-02-10T15:42:23+00:00","description":"Gaffer Tape White professional matte fabric tape (50 m \u00d7 50 mm) with strong adhesion, residue-free removal, and flexible PE-coated backing for stage and film production.","breadcrumb":{"@id":"https:\/\/www.cinesouk.ma\/product\/gaffer-tape-white-50-mm-x-25-m\/#breadcrumb"},"inLanguage":"fr-FR","potentialAction":[{"@type":"ReadAction","target":["https:\/\/www.cinesouk.ma\/product\/gaffer-tape-white-50-mm-x-25-m\/"]}]},{"@type":"ImageObject","inLanguage":"fr-FR","@id":"https:\/\/www.cinesouk.ma\/product\/gaffer-tape-white-50-mm-x-25-m\/#primaryimage","url":"https:\/\/www.cinesouk.ma\/wp-content\/uploads\/2026\/02\/Stairville-Stage-Tape-400BK-white.jpg","contentUrl":"https:\/\/www.cinesouk.ma\/wp-content\/uploads\/2026\/02\/Stairville-Stage-Tape-400BK-white.jpg","width":300,"height":238,"caption":"Stairville Stage Tape White"},{"@type":"BreadcrumbList","@id":"https:\/\/www.cinesouk.ma\/product\/gaffer-tape-white-50-mm-x-25-m\/#breadcrumb","itemListElement":[{"@type":"ListItem","position":1,"name":"Home","item":"https:\/\/www.cinesouk.ma\/"},{"@type":"ListItem","position":2,"name":"Shop","item":"https:\/\/www.cinesouk.ma\/shop\/"},{"@type":"ListItem","position":3,"name":"Gaffer Tape White (50 mm x 50 m)"}]},{"@type":"WebSite","@id":"https:\/\/www.cinesouk.ma\/#website","url":"https:\/\/www.cinesouk.ma\/","name":"CineSouk","description":"","publisher":{"@id":"https:\/\/www.cinesouk.ma\/#organization"},"potentialAction":[{"@type":"SearchAction","target":{"@type":"EntryPoint","urlTemplate":"https:\/\/www.cinesouk.ma\/?s={search_term_string}"},"query-input":{"@type":"PropertyValueSpecification","valueRequired":true,"valueName":"search_term_string"}}],"inLanguage":"fr-FR"},{"@type":"Organization","@id":"https:\/\/www.cinesouk.ma\/#organization","name":"CineSouk","url":"https:\/\/www.cinesouk.ma\/","logo":{"@type":"ImageObject","inLanguage":"fr-FR","@id":"https:\/\/www.cinesouk.ma\/#\/schema\/logo\/image\/","url":"https:\/\/www.cinesouk.ma\/wp-content\/uploads\/2024\/01\/CineSouk-logo-v01-alpha-alligned-left.png","contentUrl":"https:\/\/www.cinesouk.ma\/wp-content\/uploads\/2024\/01\/CineSouk-logo-v01-alpha-alligned-left.png","width":3204,"height":889,"caption":"CineSouk"},"image":{"@id":"https:\/\/www.cinesouk.ma\/#\/schema\/logo\/image\/"}}]}},"_links":{"self":[{"href":"https:\/\/www.cinesouk.ma\/fr\/wp-json\/wp\/v2\/product\/16713","targetHints":{"allow":["GET"]}}],"collection":[{"href":"https:\/\/www.cinesouk.ma\/fr\/wp-json\/wp\/v2\/product"}],"about":[{"href":"https:\/\/www.cinesouk.ma\/fr\/wp-json\/wp\/v2\/types\/product"}],"wp:featuredmedia":[{"embeddable":true,"href":"https:\/\/www.cinesouk.ma\/fr\/wp-json\/wp\/v2\/media\/16715"}],"wp:attachment":[{"href":"https:\/\/www.cinesouk.ma\/fr\/wp-json\/wp\/v2\/media?parent=16713"}],"wp:term":[{"taxonomy":"product_brand","embeddable":true,"href":"https:\/\/www.cinesouk.ma\/fr\/wp-json\/wp\/v2\/product_brand?post=16713"},{"taxonomy":"product_cat","embeddable":true,"href":"https:\/\/www.cinesouk.ma\/fr\/wp-json\/wp\/v2\/product_cat?post=16713"},{"taxonomy":"product_tag","embeddable":true,"href":"https:\/\/www.cinesouk.ma\/fr\/wp-json\/wp\/v2\/product_tag?post=16713"}],"curies":[{"name":"wp","href":"https:\/\/api.w.org\/{rel}","templated":true}]}}