{"id":173,"date":"2024-01-09T10:22:28","date_gmt":"2024-01-09T10:22:28","guid":{"rendered":"https:\/\/www.cinesouk.ma\/?post_type=product&#038;p=173"},"modified":"2025-03-21T10:55:36","modified_gmt":"2025-03-21T10:55:36","slug":"blackmagic-design-converter-bidirectional-sdi-hdmi-3g","status":"publish","type":"product","link":"https:\/\/www.cinesouk.ma\/fr\/produit\/blackmagic-design-converter-bidirectional-sdi-hdmi-3g\/","title":{"rendered":"Convertisseur Blackmagic SDI\/HDMI 3G"},"content":{"rendered":"<p>Le Blackmagic Converter SDI\/HDMI 3G est un convertisseur multifonctionnel. Con\u00e7u pour convertir \u00e0 la fois SDI vers HDMI et HDMI vers SDI, il assure la compatibilit\u00e9 entre diff\u00e9rentes sources vid\u00e9o et diff\u00e9rents moniteurs. Le convertisseur prend en charge la technologie 3G-SDI, d\u00e9livrant des signaux vid\u00e9o de haute qualit\u00e9 pour des flux de travail cin\u00e9matographiques am\u00e9lior\u00e9s. Sa conception compacte et durable permet de l'int\u00e9grer facilement dans diverses configurations, offrant aux cin\u00e9astes une solution fiable pour g\u00e9rer les diverses exigences en mati\u00e8re de signaux vid\u00e9o sur leurs plateaux de cin\u00e9ma.<\/p>\n<h3>Caract\u00e9ristiques du Blackmagic Converter BiDirect SDI\/HDMI 3G<\/h3>\n<ul>\n<li>Conversion de SDI en HDMI et de HDMI en SDI<\/li>\n<li>Conversion crois\u00e9e simultan\u00e9e entre HDMI et SDI<\/li>\n<li>D\u00e9tection automatique du signal<\/li>\n<li>Le reclockage SDI am\u00e9liore les performances avec des c\u00e2bles plus longs<\/li>\n<li>Alimentation via le port micro-USB ou l'adaptateur CA<\/li>\n<li>Entr\u00e9e et sortie SD\/HD\/3G-SDI<\/li>\n<li>Entr\u00e9e et sortie HDMI<\/li>\n<li>Bo\u00eetier m\u00e9tallique compact<\/li>\n<\/ul>\n<p>Louez-le maintenant sur <a href=\"https:\/\/www.cinesouk.ma\/fr\">CINESOUK<\/a> - une marque de <a href=\"https:\/\/www.broadway.ma\/\">BROADWAY PRODUCTIONS SARL.<\/a><\/p>","protected":false},"excerpt":{"rendered":"<p>Sp\u00e9cifications :<\/p>\n<p>Marque : Blackmagic Design<br \/>\nMod\u00e8le : Convertisseur SDI vers HDMI 3G bi-directionnel<br \/>\nConversion : SDI vers HDMI, HDMI vers SDI<br \/>\nTechnologie : 3G-SDI<br \/>\nConception : Compact et durable<br \/>\nObjet : Conversion des signaux pour les salles de cin\u00e9ma<br \/>\nFabricant : Blackmagic Design<\/p>","protected":false},"featured_media":2347,"template":"","meta":{"om_disable_all_campaigns":false,"_monsterinsights_skip_tracking":false,"_monsterinsights_sitenote_active":false,"_monsterinsights_sitenote_note":"","_monsterinsights_sitenote_category":0,"_uf_show_specific_survey":0,"_uf_disable_surveys":false},"product_brand":[],"product_cat":[59,33,32],"product_tag":[],"class_list":{"0":"post-173","1":"product","2":"type-product","3":"status-publish","4":"has-post-thumbnail","6":"product_cat-post-production-cinesouk","7":"product_cat-processing-cinesouk","8":"product_cat-streaming-cinesouk","10":"entry","11":"has-media","13":"first","14":"instock","15":"taxable","16":"shipping-taxable","17":"purchasable","18":"product-type-variable","19":"has-product-nav","20":"col","21":"span_1_of_3","22":"owp-content-center","23":"owp-thumbs-layout-horizontal","24":"owp-btn-normal","25":"owp-tabs-layout-horizontal","26":"has-no-thumbnails"},"yoast_head":"<!-- This site is optimized with the Yoast SEO Premium plugin v26.0 (Yoast SEO v26.0) - https:\/\/yoast.com\/wordpress\/plugins\/seo\/ -->\n<title>Blackmagic Converter SDI\/HDMI 3G - CineSouk For rent<\/title>\n<meta name=\"description\" content=\"Streamline your cinema set signals with the Blackmagic BiDirectional SDI to HDMI Converter. Efficient for seamless video signal conversion.\" \/>\n<meta name=\"robots\" content=\"index, follow, max-snippet:-1, max-image-preview:large, max-video-preview:-1\" \/>\n<link rel=\"canonical\" href=\"https:\/\/www.cinesouk.ma\/fr\/produit\/blackmagic-design-converter-bidirectional-sdi-hdmi-3g\/\" \/>\n<meta property=\"og:locale\" content=\"fr_FR\" \/>\n<meta property=\"og:type\" content=\"article\" \/>\n<meta property=\"og:title\" content=\"Blackmagic Converter BiDirectional SDI to HDMI\" \/>\n<meta property=\"og:description\" content=\"Streamline your cinema set signals with the Blackmagic BiDirectional SDI to HDMI Converter. Efficient for seamless video signal conversion.\" \/>\n<meta property=\"og:url\" content=\"https:\/\/www.cinesouk.ma\/fr\/produit\/blackmagic-design-converter-bidirectional-sdi-hdmi-3g\/\" \/>\n<meta property=\"og:site_name\" content=\"CineSouk\" \/>\n<meta property=\"article:modified_time\" content=\"2025-03-21T10:55:36+00:00\" \/>\n<meta property=\"og:image\" content=\"https:\/\/www.cinesouk.ma\/wp-content\/uploads\/2024\/01\/sasd.jpg\" \/>\n\t<meta property=\"og:image:width\" content=\"300\" \/>\n\t<meta property=\"og:image:height\" content=\"238\" \/>\n\t<meta property=\"og:image:type\" content=\"image\/jpeg\" \/>\n<meta name=\"twitter:card\" content=\"summary_large_image\" \/>\n<meta name=\"twitter:title\" content=\"Blackmagic Converter BiDirectional SDI to HDMI\" \/>\n<meta name=\"twitter:description\" content=\"Streamline your cinema set signals with the Blackmagic BiDirectional SDI to HDMI Converter. Efficient for seamless video signal conversion.\" \/>\n<meta name=\"twitter:label1\" content=\"Dur\u00e9e de lecture estim\u00e9e\" \/>\n\t<meta name=\"twitter:data1\" content=\"1 minute\" \/>\n<script type=\"application\/ld+json\" class=\"yoast-schema-graph\">{\"@context\":\"https:\/\/schema.org\",\"@graph\":[{\"@type\":\"WebPage\",\"@id\":\"https:\/\/www.cinesouk.ma\/product\/blackmagic-design-converter-bidirectional-sdi-hdmi-3g\/\",\"url\":\"https:\/\/www.cinesouk.ma\/product\/blackmagic-design-converter-bidirectional-sdi-hdmi-3g\/\",\"name\":\"Blackmagic Converter SDI\/HDMI 3G - CineSouk For rent\",\"isPartOf\":{\"@id\":\"https:\/\/www.cinesouk.ma\/#website\"},\"primaryImageOfPage\":{\"@id\":\"https:\/\/www.cinesouk.ma\/product\/blackmagic-design-converter-bidirectional-sdi-hdmi-3g\/#primaryimage\"},\"image\":{\"@id\":\"https:\/\/www.cinesouk.ma\/product\/blackmagic-design-converter-bidirectional-sdi-hdmi-3g\/#primaryimage\"},\"thumbnailUrl\":\"https:\/\/www.cinesouk.ma\/wp-content\/uploads\/2024\/01\/sasd.jpg\",\"datePublished\":\"2024-01-09T10:22:28+00:00\",\"dateModified\":\"2025-03-21T10:55:36+00:00\",\"description\":\"Streamline your cinema set signals with the Blackmagic BiDirectional SDI to HDMI Converter. Efficient for seamless video signal conversion.\",\"breadcrumb\":{\"@id\":\"https:\/\/www.cinesouk.ma\/product\/blackmagic-design-converter-bidirectional-sdi-hdmi-3g\/#breadcrumb\"},\"inLanguage\":\"fr-FR\",\"potentialAction\":[{\"@type\":\"ReadAction\",\"target\":[\"https:\/\/www.cinesouk.ma\/product\/blackmagic-design-converter-bidirectional-sdi-hdmi-3g\/\"]}]},{\"@type\":\"ImageObject\",\"inLanguage\":\"fr-FR\",\"@id\":\"https:\/\/www.cinesouk.ma\/product\/blackmagic-design-converter-bidirectional-sdi-hdmi-3g\/#primaryimage\",\"url\":\"https:\/\/www.cinesouk.ma\/wp-content\/uploads\/2024\/01\/sasd.jpg\",\"contentUrl\":\"https:\/\/www.cinesouk.ma\/wp-content\/uploads\/2024\/01\/sasd.jpg\",\"width\":300,\"height\":238},{\"@type\":\"BreadcrumbList\",\"@id\":\"https:\/\/www.cinesouk.ma\/product\/blackmagic-design-converter-bidirectional-sdi-hdmi-3g\/#breadcrumb\",\"itemListElement\":[{\"@type\":\"ListItem\",\"position\":1,\"name\":\"Home\",\"item\":\"https:\/\/www.cinesouk.ma\/\"},{\"@type\":\"ListItem\",\"position\":2,\"name\":\"Shop\",\"item\":\"https:\/\/www.cinesouk.ma\/shop\/\"},{\"@type\":\"ListItem\",\"position\":3,\"name\":\"Blackmagic Converter SDI\/HDMI 3G\"}]},{\"@type\":\"WebSite\",\"@id\":\"https:\/\/www.cinesouk.ma\/#website\",\"url\":\"https:\/\/www.cinesouk.ma\/\",\"name\":\"CineSouk\",\"description\":\"\",\"publisher\":{\"@id\":\"https:\/\/www.cinesouk.ma\/#organization\"},\"potentialAction\":[{\"@type\":\"SearchAction\",\"target\":{\"@type\":\"EntryPoint\",\"urlTemplate\":\"https:\/\/www.cinesouk.ma\/?s={search_term_string}\"},\"query-input\":{\"@type\":\"PropertyValueSpecification\",\"valueRequired\":true,\"valueName\":\"search_term_string\"}}],\"inLanguage\":\"fr-FR\"},{\"@type\":\"Organization\",\"@id\":\"https:\/\/www.cinesouk.ma\/#organization\",\"name\":\"CineSouk\",\"url\":\"https:\/\/www.cinesouk.ma\/\",\"logo\":{\"@type\":\"ImageObject\",\"inLanguage\":\"fr-FR\",\"@id\":\"https:\/\/www.cinesouk.ma\/#\/schema\/logo\/image\/\",\"url\":\"https:\/\/www.cinesouk.ma\/wp-content\/uploads\/2024\/01\/CineSouk-logo-v01-alpha-alligned-left.png\",\"contentUrl\":\"https:\/\/www.cinesouk.ma\/wp-content\/uploads\/2024\/01\/CineSouk-logo-v01-alpha-alligned-left.png\",\"width\":3204,\"height\":889,\"caption\":\"CineSouk\"},\"image\":{\"@id\":\"https:\/\/www.cinesouk.ma\/#\/schema\/logo\/image\/\"}}]}<\/script>\n<!-- \/ Yoast SEO Premium plugin. -->","yoast_head_json":{"title":"Blackmagic Converter SDI\/HDMI 3G - CineSouk For rent","description":"Streamline your cinema set signals with the Blackmagic BiDirectional SDI to HDMI Converter. Efficient for seamless video signal conversion.","robots":{"index":"index","follow":"follow","max-snippet":"max-snippet:-1","max-image-preview":"max-image-preview:large","max-video-preview":"max-video-preview:-1"},"canonical":"https:\/\/www.cinesouk.ma\/fr\/produit\/blackmagic-design-converter-bidirectional-sdi-hdmi-3g\/","og_locale":"fr_FR","og_type":"article","og_title":"Blackmagic Converter BiDirectional SDI to HDMI","og_description":"Streamline your cinema set signals with the Blackmagic BiDirectional SDI to HDMI Converter. Efficient for seamless video signal conversion.","og_url":"https:\/\/www.cinesouk.ma\/fr\/produit\/blackmagic-design-converter-bidirectional-sdi-hdmi-3g\/","og_site_name":"CineSouk","article_modified_time":"2025-03-21T10:55:36+00:00","og_image":[{"width":300,"height":238,"url":"https:\/\/www.cinesouk.ma\/wp-content\/uploads\/2024\/01\/sasd.jpg","type":"image\/jpeg"}],"twitter_card":"summary_large_image","twitter_title":"Blackmagic Converter BiDirectional SDI to HDMI","twitter_description":"Streamline your cinema set signals with the Blackmagic BiDirectional SDI to HDMI Converter. Efficient for seamless video signal conversion.","twitter_misc":{"Dur\u00e9e de lecture estim\u00e9e":"1 minute"},"schema":{"@context":"https:\/\/schema.org","@graph":[{"@type":"WebPage","@id":"https:\/\/www.cinesouk.ma\/product\/blackmagic-design-converter-bidirectional-sdi-hdmi-3g\/","url":"https:\/\/www.cinesouk.ma\/product\/blackmagic-design-converter-bidirectional-sdi-hdmi-3g\/","name":"Blackmagic Converter SDI\/HDMI 3G - CineSouk For rent","isPartOf":{"@id":"https:\/\/www.cinesouk.ma\/#website"},"primaryImageOfPage":{"@id":"https:\/\/www.cinesouk.ma\/product\/blackmagic-design-converter-bidirectional-sdi-hdmi-3g\/#primaryimage"},"image":{"@id":"https:\/\/www.cinesouk.ma\/product\/blackmagic-design-converter-bidirectional-sdi-hdmi-3g\/#primaryimage"},"thumbnailUrl":"https:\/\/www.cinesouk.ma\/wp-content\/uploads\/2024\/01\/sasd.jpg","datePublished":"2024-01-09T10:22:28+00:00","dateModified":"2025-03-21T10:55:36+00:00","description":"Streamline your cinema set signals with the Blackmagic BiDirectional SDI to HDMI Converter. Efficient for seamless video signal conversion.","breadcrumb":{"@id":"https:\/\/www.cinesouk.ma\/product\/blackmagic-design-converter-bidirectional-sdi-hdmi-3g\/#breadcrumb"},"inLanguage":"fr-FR","potentialAction":[{"@type":"ReadAction","target":["https:\/\/www.cinesouk.ma\/product\/blackmagic-design-converter-bidirectional-sdi-hdmi-3g\/"]}]},{"@type":"ImageObject","inLanguage":"fr-FR","@id":"https:\/\/www.cinesouk.ma\/product\/blackmagic-design-converter-bidirectional-sdi-hdmi-3g\/#primaryimage","url":"https:\/\/www.cinesouk.ma\/wp-content\/uploads\/2024\/01\/sasd.jpg","contentUrl":"https:\/\/www.cinesouk.ma\/wp-content\/uploads\/2024\/01\/sasd.jpg","width":300,"height":238},{"@type":"BreadcrumbList","@id":"https:\/\/www.cinesouk.ma\/product\/blackmagic-design-converter-bidirectional-sdi-hdmi-3g\/#breadcrumb","itemListElement":[{"@type":"ListItem","position":1,"name":"Home","item":"https:\/\/www.cinesouk.ma\/"},{"@type":"ListItem","position":2,"name":"Shop","item":"https:\/\/www.cinesouk.ma\/shop\/"},{"@type":"ListItem","position":3,"name":"Blackmagic Converter SDI\/HDMI 3G"}]},{"@type":"WebSite","@id":"https:\/\/www.cinesouk.ma\/#website","url":"https:\/\/www.cinesouk.ma\/","name":"CineSouk","description":"","publisher":{"@id":"https:\/\/www.cinesouk.ma\/#organization"},"potentialAction":[{"@type":"SearchAction","target":{"@type":"EntryPoint","urlTemplate":"https:\/\/www.cinesouk.ma\/?s={search_term_string}"},"query-input":{"@type":"PropertyValueSpecification","valueRequired":true,"valueName":"search_term_string"}}],"inLanguage":"fr-FR"},{"@type":"Organization","@id":"https:\/\/www.cinesouk.ma\/#organization","name":"CineSouk","url":"https:\/\/www.cinesouk.ma\/","logo":{"@type":"ImageObject","inLanguage":"fr-FR","@id":"https:\/\/www.cinesouk.ma\/#\/schema\/logo\/image\/","url":"https:\/\/www.cinesouk.ma\/wp-content\/uploads\/2024\/01\/CineSouk-logo-v01-alpha-alligned-left.png","contentUrl":"https:\/\/www.cinesouk.ma\/wp-content\/uploads\/2024\/01\/CineSouk-logo-v01-alpha-alligned-left.png","width":3204,"height":889,"caption":"CineSouk"},"image":{"@id":"https:\/\/www.cinesouk.ma\/#\/schema\/logo\/image\/"}}]}},"_links":{"self":[{"href":"https:\/\/www.cinesouk.ma\/fr\/wp-json\/wp\/v2\/product\/173","targetHints":{"allow":["GET"]}}],"collection":[{"href":"https:\/\/www.cinesouk.ma\/fr\/wp-json\/wp\/v2\/product"}],"about":[{"href":"https:\/\/www.cinesouk.ma\/fr\/wp-json\/wp\/v2\/types\/product"}],"wp:featuredmedia":[{"embeddable":true,"href":"https:\/\/www.cinesouk.ma\/fr\/wp-json\/wp\/v2\/media\/2347"}],"wp:attachment":[{"href":"https:\/\/www.cinesouk.ma\/fr\/wp-json\/wp\/v2\/media?parent=173"}],"wp:term":[{"taxonomy":"product_brand","embeddable":true,"href":"https:\/\/www.cinesouk.ma\/fr\/wp-json\/wp\/v2\/product_brand?post=173"},{"taxonomy":"product_cat","embeddable":true,"href":"https:\/\/www.cinesouk.ma\/fr\/wp-json\/wp\/v2\/product_cat?post=173"},{"taxonomy":"product_tag","embeddable":true,"href":"https:\/\/www.cinesouk.ma\/fr\/wp-json\/wp\/v2\/product_tag?post=173"}],"curies":[{"name":"wp","href":"https:\/\/api.w.org\/{rel}","templated":true}]}}