{"id":17514,"date":"2026-03-09T13:20:09","date_gmt":"2026-03-09T13:20:09","guid":{"rendered":"https:\/\/www.cinesouk.ma\/?post_type=product&#038;p=17514"},"modified":"2026-03-09T13:28:50","modified_gmt":"2026-03-09T13:28:50","slug":"profoto-air-remote-ttl-c-for-canon","status":"publish","type":"product","link":"https:\/\/www.cinesouk.ma\/fr\/produit\/profoto-air-remote-ttl-c-for-canon\/","title":{"rendered":"Profoto Air Remote TTL-C for Canon"},"content":{"rendered":"<div class=\"flex max-w-full flex-col flex-grow\">\n<div class=\"min-h-8 text-message flex w-full flex-col items-end gap-2 whitespace-normal break-words [.text-message+&amp;]:mt-5\" dir=\"auto\" data-message-author-role=\"assistant\" data-message-id=\"f1154e84-2f7a-42d9-8d32-b455d85ea464\" data-client-thread-id=\"WEB:ba394381-18d7-455e-b7d1-d8500d4267dc\" data-message-model-slug=\"gpt-4o\">\n<div class=\"flex w-full flex-col gap-1 empty:hidden first:pt-[3px]\">\n<div class=\"markdown prose w-full break-words dark:prose-invert light\">\n<p data-start=\"66\" data-end=\"390\">Le Profoto Air Remote TTL-C pour Canon est un d\u00e9clencheur sans fil professionnel con\u00e7u pour contr\u00f4ler les flashs Profoto depuis les appareils Canon. Il permet aux photographes de d\u00e9clencher plusieurs unit\u00e9s, d\u2019ajuster la puissance des flashs \u00e0 distance et d\u2019utiliser la mesure TTL pour une exposition pr\u00e9cise, ce qui le rend id\u00e9al pour la photographie de studio, d\u2019\u00e9v\u00e9nement et en ext\u00e9rieur.<\/p>\n<p data-start=\"392\" data-end=\"691\">Gr\u00e2ce \u00e0 la fonction TTL, la t\u00e9l\u00e9commande calcule automatiquement la puissance du flash, permettant de gagner du temps et d\u2019assurer un \u00e9clairage constant sur toutes les prises de vue. De plus, elle prend en charge la synchronisation haute vitesse (HSS), offrant une utilisation cr\u00e9ative avec de grandes ouvertures ou des vitesses d\u2019obturation rapides sans compromettre l\u2019exposition.<\/p>\n<p data-start=\"693\" data-end=\"951\">Son design ergonomique et compact s\u2019ins\u00e8re solidement dans la griffe porte-flash des appareils Canon. De plus, le Profoto Air Remote TTL-C maintient une connexion sans fil fiable jusqu\u2019\u00e0 300 m\u00e8tres, permettant un contr\u00f4le fluide d\u2019un ou plusieurs flashs dans des configurations complexes.<\/p>\n<h3 data-section-id=\"1iz91iu\" data-start=\"953\" data-end=\"969\">Caract\u00e9ristiques principales<\/h3>\n<ul data-start=\"970\" data-end=\"1386\">\n<li data-section-id=\"zsxifv\" data-start=\"970\" data-end=\"1051\">\n<p data-start=\"972\" data-end=\"1051\"><strong data-start=\"972\" data-end=\"994\">Compatibilit\u00e9 TTL :<\/strong> Automatic flash exposure calculation for Canon cameras<\/p>\n<\/li>\n<li data-section-id=\"tuokgn\" data-start=\"1052\" data-end=\"1133\">\n<p data-start=\"1054\" data-end=\"1133\"><strong data-start=\"1054\" data-end=\"1080\">Synchronisation haute vitesse (HSS) :<\/strong> Prise en charge des vitesses d\u2019obturation rapides pour un \u00e9clairage cr\u00e9atif<\/p>\n<\/li>\n<li data-section-id=\"147ytdy\" data-start=\"1134\" data-end=\"1225\">\n<p data-start=\"1136\" data-end=\"1225\"><strong data-start=\"1136\" data-end=\"1163\">Contr\u00f4le sans fil des flashs :<\/strong> D\u00e9clenche un ou plusieurs flashs Profoto jusqu\u2019\u00e0 300 m\u00e8tres<\/p>\n<\/li>\n<li data-section-id=\"1rmge1b\" data-start=\"1226\" data-end=\"1298\">\n<p data-start=\"1228\" data-end=\"1298\"><strong data-start=\"1228\" data-end=\"1252\">Compact et ergonomique :<\/strong> Facile \u00e0 monter et \u00e0 utiliser sur la griffe porte-flash Canon<\/p>\n<\/li>\n<li data-section-id=\"171p6oo\" data-start=\"1299\" data-end=\"1386\">\n<p data-start=\"1301\" data-end=\"1386\"><strong data-start=\"1301\" data-end=\"1330\">Fiabilit\u00e9 professionnelle :<\/strong> Maintient une connexion stable en studio et en ext\u00e9rieur<\/p>\n<\/li>\n<\/ul>\n<h3 data-section-id=\"1yl5694\" data-start=\"1388\" data-end=\"1406\">Sp\u00e9cifications<\/h3>\n<ul data-start=\"1407\" data-end=\"1728\">\n<li data-section-id=\"1fqbe39\" data-start=\"1407\" data-end=\"1450\">\n<p data-start=\"1409\" data-end=\"1450\"><strong data-start=\"1409\" data-end=\"1426\">Type de produit :<\/strong> T\u00e9l\u00e9commande de flash sans fil<\/p>\n<\/li>\n<li data-section-id=\"1ylfdsm\" data-start=\"1451\" data-end=\"1473\">\n<p data-start=\"1453\" data-end=\"1473\"><strong data-start=\"1453\" data-end=\"1463\">Marque :<\/strong> Profoto<\/p>\n<\/li>\n<li data-section-id=\"uhbywx\" data-start=\"1474\" data-end=\"1505\">\n<p data-start=\"1476\" data-end=\"1505\"><strong data-start=\"1476\" data-end=\"1486\">Mod\u00e8le :<\/strong> Air Remote TTL-C<\/p>\n<\/li>\n<li data-section-id=\"14yt1uq\" data-start=\"1506\" data-end=\"1563\">\n<p data-start=\"1508\" data-end=\"1563\"><strong data-start=\"1508\" data-end=\"1533\">Compatibilit\u00e9 avec les appareils photo :<\/strong> Appareils photo Fujifilm avec griffe porte-flash<\/p>\n<\/li>\n<li data-section-id=\"2jctnk\" data-start=\"1564\" data-end=\"1624\">\n<p data-start=\"1566\" data-end=\"1624\"><strong data-start=\"1566\" data-end=\"1590\">Compatibilit\u00e9 flash :<\/strong> Tous les flashs Profoto compatibles AirTTL<\/p>\n<\/li>\n<li data-section-id=\"1ccp0t4\" data-start=\"1625\" data-end=\"1665\">\n<p data-start=\"1627\" data-end=\"1665\"><strong data-start=\"1627\" data-end=\"1646\">Port\u00e9e sans fil :<\/strong> Jusqu\u2019\u00e0 300 m\u00e8tres<\/p>\n<\/li>\n<li data-section-id=\"mledix\" data-start=\"1666\" data-end=\"1728\">\n<p data-start=\"1668\" data-end=\"1728\"><strong data-start=\"1668\" data-end=\"1676\">Utilisation :<\/strong> Photographie de studio, portrait, \u00e9v\u00e9nementielle et en ext\u00e9rieur<\/p>\n<\/li>\n<\/ul>\n<p data-start=\"1730\" data-end=\"1948\">En r\u00e9sum\u00e9, le Profoto Air Remote TTL-C pour Canon offre un contr\u00f4le sans fil pr\u00e9cis et fiable des flashs. Il permet ainsi aux photographes d\u2019obtenir un \u00e9clairage constant tout en se concentrant sur la cr\u00e9ativit\u00e9, sans avoir \u00e0 effectuer de r\u00e9glages manuels.<\/p>\n<p>Louez-le maintenant sur <a href=\"https:\/\/www.cinesouk.ma\/fr\">CINESOUK<\/a> - une marque de <a href=\"https:\/\/www.broadway.ma\/\">BROADWAY PRODUCTIONS SARL.<\/a><\/p>\n<\/div>\n<\/div>\n<\/div>\n<\/div>","protected":false},"excerpt":{"rendered":"<h3 data-section-id=\"1yl5694\" data-start=\"1388\" data-end=\"1406\">Sp\u00e9cifications<\/h3>\n<ul data-start=\"1407\" data-end=\"1728\">\n<li data-section-id=\"1fqbe39\" data-start=\"1407\" data-end=\"1450\">\n<p data-start=\"1409\" data-end=\"1450\"><strong data-start=\"1409\" data-end=\"1426\">Type de produit :<\/strong> T\u00e9l\u00e9commande de flash sans fil<\/p>\n<\/li>\n<li data-section-id=\"1ylfdsm\" data-start=\"1451\" data-end=\"1473\">\n<p data-start=\"1453\" data-end=\"1473\"><strong data-start=\"1453\" data-end=\"1463\">Marque :<\/strong> Profoto<\/p>\n<\/li>\n<li data-section-id=\"uhbywx\" data-start=\"1474\" data-end=\"1505\">\n<p data-start=\"1476\" data-end=\"1505\"><strong data-start=\"1476\" data-end=\"1486\">Mod\u00e8le :<\/strong> Air Remote TTL-C<\/p>\n<\/li>\n<li data-section-id=\"14yt1uq\" data-start=\"1506\" data-end=\"1563\">\n<p data-start=\"1508\" data-end=\"1563\"><strong data-start=\"1508\" data-end=\"1533\">Compatibilit\u00e9 avec les appareils photo :<\/strong> Appareils photo Fujifilm avec griffe porte-flash<\/p>\n<\/li>\n<li data-section-id=\"2jctnk\" data-start=\"1564\" data-end=\"1624\">\n<p data-start=\"1566\" data-end=\"1624\"><strong data-start=\"1566\" data-end=\"1590\">Compatibilit\u00e9 flash :<\/strong> Tous les flashs Profoto compatibles AirTTL<\/p>\n<\/li>\n<li data-section-id=\"1ccp0t4\" data-start=\"1625\" data-end=\"1665\">\n<p data-start=\"1627\" data-end=\"1665\"><strong data-start=\"1627\" data-end=\"1646\">Port\u00e9e sans fil :<\/strong> Jusqu\u2019\u00e0 300 m\u00e8tres<\/p>\n<\/li>\n<li data-section-id=\"mledix\" data-start=\"1666\" data-end=\"1728\">\n<p data-start=\"1668\" data-end=\"1728\"><strong data-start=\"1668\" data-end=\"1676\">Utilisation :<\/strong> Photographie de studio, portrait, \u00e9v\u00e9nementielle et en ext\u00e9rieur<\/p>\n<\/li>\n<\/ul>","protected":false},"featured_media":11296,"template":"","meta":{"om_disable_all_campaigns":false,"_monsterinsights_skip_tracking":false,"_monsterinsights_sitenote_active":false,"_monsterinsights_sitenote_note":"","_monsterinsights_sitenote_category":0,"_uf_show_specific_survey":0,"_uf_disable_surveys":false},"product_brand":[],"product_cat":[135,37,79],"product_tag":[],"class_list":{"0":"post-17514","1":"product","2":"type-product","3":"status-publish","4":"has-post-thumbnail","6":"product_cat-photography-eventsouk","7":"product_cat-accessories-cinesouk","8":"product_cat-photography-cinesouk","10":"entry","11":"has-media","13":"first","14":"instock","15":"taxable","16":"shipping-taxable","17":"purchasable","18":"product-type-variable","19":"has-product-nav","20":"col","21":"span_1_of_3","22":"owp-content-center","23":"owp-thumbs-layout-horizontal","24":"owp-btn-normal","25":"owp-tabs-layout-horizontal","26":"has-no-thumbnails"},"yoast_head":"<!-- This site is optimized with the Yoast SEO Premium plugin v26.0 (Yoast SEO v26.0) - https:\/\/yoast.com\/wordpress\/plugins\/seo\/ -->\n<title>Profoto Air Remote TTL-C for Canon - CineSouk - For rent<\/title>\n<meta name=\"description\" content=\"Profoto Air Remote TTL-C for Canon \u2013 wireless flash trigger for TTL and HSS control. Reliable Profoto flash operation for studio and location photography.\" \/>\n<meta name=\"robots\" content=\"index, follow, max-snippet:-1, max-image-preview:large, max-video-preview:-1\" \/>\n<link rel=\"canonical\" href=\"https:\/\/www.cinesouk.ma\/fr\/produit\/profoto-air-remote-ttl-c-for-canon\/\" \/>\n<meta property=\"og:locale\" content=\"fr_FR\" \/>\n<meta property=\"og:type\" content=\"article\" \/>\n<meta property=\"og:title\" content=\"Profoto Air Remote TTL-C for Canon\" \/>\n<meta property=\"og:description\" content=\"Profoto Air Remote TTL-C for Canon \u2013 wireless flash trigger for TTL and HSS control. Reliable Profoto flash operation for studio and location photography.\" \/>\n<meta property=\"og:url\" content=\"https:\/\/www.cinesouk.ma\/fr\/produit\/profoto-air-remote-ttl-c-for-canon\/\" \/>\n<meta property=\"og:site_name\" content=\"CineSouk\" \/>\n<meta property=\"article:modified_time\" content=\"2026-03-09T13:28:50+00:00\" \/>\n<meta property=\"og:image\" content=\"https:\/\/www.cinesouk.ma\/wp-content\/uploads\/2025\/03\/Profoto-Air-Remote-Nikon.jpg\" \/>\n\t<meta property=\"og:image:width\" content=\"300\" \/>\n\t<meta property=\"og:image:height\" content=\"238\" \/>\n\t<meta property=\"og:image:type\" content=\"image\/jpeg\" \/>\n<meta name=\"twitter:card\" content=\"summary_large_image\" \/>\n<meta name=\"twitter:description\" content=\"Profoto Air Remote TTL-C for Canon \u2013 wireless flash trigger for TTL and HSS control. Reliable Profoto flash operation for studio and location photography.\" \/>\n<meta name=\"twitter:label1\" content=\"Dur\u00e9e de lecture estim\u00e9e\" \/>\n\t<meta name=\"twitter:data1\" content=\"2 minutes\" \/>\n<script type=\"application\/ld+json\" class=\"yoast-schema-graph\">{\"@context\":\"https:\/\/schema.org\",\"@graph\":[{\"@type\":\"WebPage\",\"@id\":\"https:\/\/www.cinesouk.ma\/product\/profoto-air-remote-ttl-c-for-canon\/\",\"url\":\"https:\/\/www.cinesouk.ma\/product\/profoto-air-remote-ttl-c-for-canon\/\",\"name\":\"Profoto Air Remote TTL-C for Canon - CineSouk - For rent\",\"isPartOf\":{\"@id\":\"https:\/\/www.cinesouk.ma\/#website\"},\"primaryImageOfPage\":{\"@id\":\"https:\/\/www.cinesouk.ma\/product\/profoto-air-remote-ttl-c-for-canon\/#primaryimage\"},\"image\":{\"@id\":\"https:\/\/www.cinesouk.ma\/product\/profoto-air-remote-ttl-c-for-canon\/#primaryimage\"},\"thumbnailUrl\":\"https:\/\/www.cinesouk.ma\/wp-content\/uploads\/2025\/03\/Profoto-Air-Remote-Nikon.jpg\",\"datePublished\":\"2026-03-09T13:20:09+00:00\",\"dateModified\":\"2026-03-09T13:28:50+00:00\",\"description\":\"Profoto Air Remote TTL-C for Canon \u2013 wireless flash trigger for TTL and HSS control. Reliable Profoto flash operation for studio and location photography.\",\"breadcrumb\":{\"@id\":\"https:\/\/www.cinesouk.ma\/product\/profoto-air-remote-ttl-c-for-canon\/#breadcrumb\"},\"inLanguage\":\"fr-FR\",\"potentialAction\":[{\"@type\":\"ReadAction\",\"target\":[\"https:\/\/www.cinesouk.ma\/product\/profoto-air-remote-ttl-c-for-canon\/\"]}]},{\"@type\":\"ImageObject\",\"inLanguage\":\"fr-FR\",\"@id\":\"https:\/\/www.cinesouk.ma\/product\/profoto-air-remote-ttl-c-for-canon\/#primaryimage\",\"url\":\"https:\/\/www.cinesouk.ma\/wp-content\/uploads\/2025\/03\/Profoto-Air-Remote-Nikon.jpg\",\"contentUrl\":\"https:\/\/www.cinesouk.ma\/wp-content\/uploads\/2025\/03\/Profoto-Air-Remote-Nikon.jpg\",\"width\":300,\"height\":238,\"caption\":\"Profoto Air Remote Nikon\"},{\"@type\":\"BreadcrumbList\",\"@id\":\"https:\/\/www.cinesouk.ma\/product\/profoto-air-remote-ttl-c-for-canon\/#breadcrumb\",\"itemListElement\":[{\"@type\":\"ListItem\",\"position\":1,\"name\":\"Home\",\"item\":\"https:\/\/www.cinesouk.ma\/\"},{\"@type\":\"ListItem\",\"position\":2,\"name\":\"Shop\",\"item\":\"https:\/\/www.cinesouk.ma\/shop\/\"},{\"@type\":\"ListItem\",\"position\":3,\"name\":\"Profoto Air Remote TTL-C for Canon\"}]},{\"@type\":\"WebSite\",\"@id\":\"https:\/\/www.cinesouk.ma\/#website\",\"url\":\"https:\/\/www.cinesouk.ma\/\",\"name\":\"CineSouk\",\"description\":\"\",\"publisher\":{\"@id\":\"https:\/\/www.cinesouk.ma\/#organization\"},\"potentialAction\":[{\"@type\":\"SearchAction\",\"target\":{\"@type\":\"EntryPoint\",\"urlTemplate\":\"https:\/\/www.cinesouk.ma\/?s={search_term_string}\"},\"query-input\":{\"@type\":\"PropertyValueSpecification\",\"valueRequired\":true,\"valueName\":\"search_term_string\"}}],\"inLanguage\":\"fr-FR\"},{\"@type\":\"Organization\",\"@id\":\"https:\/\/www.cinesouk.ma\/#organization\",\"name\":\"CineSouk\",\"url\":\"https:\/\/www.cinesouk.ma\/\",\"logo\":{\"@type\":\"ImageObject\",\"inLanguage\":\"fr-FR\",\"@id\":\"https:\/\/www.cinesouk.ma\/#\/schema\/logo\/image\/\",\"url\":\"https:\/\/www.cinesouk.ma\/wp-content\/uploads\/2024\/01\/CineSouk-logo-v01-alpha-alligned-left.png\",\"contentUrl\":\"https:\/\/www.cinesouk.ma\/wp-content\/uploads\/2024\/01\/CineSouk-logo-v01-alpha-alligned-left.png\",\"width\":3204,\"height\":889,\"caption\":\"CineSouk\"},\"image\":{\"@id\":\"https:\/\/www.cinesouk.ma\/#\/schema\/logo\/image\/\"}}]}<\/script>\n<!-- \/ Yoast SEO Premium plugin. -->","yoast_head_json":{"title":"Profoto Air Remote TTL-C for Canon - CineSouk - For rent","description":"Profoto Air Remote TTL-C for Canon \u2013 wireless flash trigger for TTL and HSS control. Reliable Profoto flash operation for studio and location photography.","robots":{"index":"index","follow":"follow","max-snippet":"max-snippet:-1","max-image-preview":"max-image-preview:large","max-video-preview":"max-video-preview:-1"},"canonical":"https:\/\/www.cinesouk.ma\/fr\/produit\/profoto-air-remote-ttl-c-for-canon\/","og_locale":"fr_FR","og_type":"article","og_title":"Profoto Air Remote TTL-C for Canon","og_description":"Profoto Air Remote TTL-C for Canon \u2013 wireless flash trigger for TTL and HSS control. Reliable Profoto flash operation for studio and location photography.","og_url":"https:\/\/www.cinesouk.ma\/fr\/produit\/profoto-air-remote-ttl-c-for-canon\/","og_site_name":"CineSouk","article_modified_time":"2026-03-09T13:28:50+00:00","og_image":[{"width":300,"height":238,"url":"https:\/\/www.cinesouk.ma\/wp-content\/uploads\/2025\/03\/Profoto-Air-Remote-Nikon.jpg","type":"image\/jpeg"}],"twitter_card":"summary_large_image","twitter_description":"Profoto Air Remote TTL-C for Canon \u2013 wireless flash trigger for TTL and HSS control. Reliable Profoto flash operation for studio and location photography.","twitter_misc":{"Dur\u00e9e de lecture estim\u00e9e":"2 minutes"},"schema":{"@context":"https:\/\/schema.org","@graph":[{"@type":"WebPage","@id":"https:\/\/www.cinesouk.ma\/product\/profoto-air-remote-ttl-c-for-canon\/","url":"https:\/\/www.cinesouk.ma\/product\/profoto-air-remote-ttl-c-for-canon\/","name":"Profoto Air Remote TTL-C for Canon - CineSouk - For rent","isPartOf":{"@id":"https:\/\/www.cinesouk.ma\/#website"},"primaryImageOfPage":{"@id":"https:\/\/www.cinesouk.ma\/product\/profoto-air-remote-ttl-c-for-canon\/#primaryimage"},"image":{"@id":"https:\/\/www.cinesouk.ma\/product\/profoto-air-remote-ttl-c-for-canon\/#primaryimage"},"thumbnailUrl":"https:\/\/www.cinesouk.ma\/wp-content\/uploads\/2025\/03\/Profoto-Air-Remote-Nikon.jpg","datePublished":"2026-03-09T13:20:09+00:00","dateModified":"2026-03-09T13:28:50+00:00","description":"Profoto Air Remote TTL-C for Canon \u2013 wireless flash trigger for TTL and HSS control. Reliable Profoto flash operation for studio and location photography.","breadcrumb":{"@id":"https:\/\/www.cinesouk.ma\/product\/profoto-air-remote-ttl-c-for-canon\/#breadcrumb"},"inLanguage":"fr-FR","potentialAction":[{"@type":"ReadAction","target":["https:\/\/www.cinesouk.ma\/product\/profoto-air-remote-ttl-c-for-canon\/"]}]},{"@type":"ImageObject","inLanguage":"fr-FR","@id":"https:\/\/www.cinesouk.ma\/product\/profoto-air-remote-ttl-c-for-canon\/#primaryimage","url":"https:\/\/www.cinesouk.ma\/wp-content\/uploads\/2025\/03\/Profoto-Air-Remote-Nikon.jpg","contentUrl":"https:\/\/www.cinesouk.ma\/wp-content\/uploads\/2025\/03\/Profoto-Air-Remote-Nikon.jpg","width":300,"height":238,"caption":"Profoto Air Remote Nikon"},{"@type":"BreadcrumbList","@id":"https:\/\/www.cinesouk.ma\/product\/profoto-air-remote-ttl-c-for-canon\/#breadcrumb","itemListElement":[{"@type":"ListItem","position":1,"name":"Home","item":"https:\/\/www.cinesouk.ma\/"},{"@type":"ListItem","position":2,"name":"Shop","item":"https:\/\/www.cinesouk.ma\/shop\/"},{"@type":"ListItem","position":3,"name":"Profoto Air Remote TTL-C for Canon"}]},{"@type":"WebSite","@id":"https:\/\/www.cinesouk.ma\/#website","url":"https:\/\/www.cinesouk.ma\/","name":"CineSouk","description":"","publisher":{"@id":"https:\/\/www.cinesouk.ma\/#organization"},"potentialAction":[{"@type":"SearchAction","target":{"@type":"EntryPoint","urlTemplate":"https:\/\/www.cinesouk.ma\/?s={search_term_string}"},"query-input":{"@type":"PropertyValueSpecification","valueRequired":true,"valueName":"search_term_string"}}],"inLanguage":"fr-FR"},{"@type":"Organization","@id":"https:\/\/www.cinesouk.ma\/#organization","name":"CineSouk","url":"https:\/\/www.cinesouk.ma\/","logo":{"@type":"ImageObject","inLanguage":"fr-FR","@id":"https:\/\/www.cinesouk.ma\/#\/schema\/logo\/image\/","url":"https:\/\/www.cinesouk.ma\/wp-content\/uploads\/2024\/01\/CineSouk-logo-v01-alpha-alligned-left.png","contentUrl":"https:\/\/www.cinesouk.ma\/wp-content\/uploads\/2024\/01\/CineSouk-logo-v01-alpha-alligned-left.png","width":3204,"height":889,"caption":"CineSouk"},"image":{"@id":"https:\/\/www.cinesouk.ma\/#\/schema\/logo\/image\/"}}]}},"_links":{"self":[{"href":"https:\/\/www.cinesouk.ma\/fr\/wp-json\/wp\/v2\/product\/17514","targetHints":{"allow":["GET"]}}],"collection":[{"href":"https:\/\/www.cinesouk.ma\/fr\/wp-json\/wp\/v2\/product"}],"about":[{"href":"https:\/\/www.cinesouk.ma\/fr\/wp-json\/wp\/v2\/types\/product"}],"wp:featuredmedia":[{"embeddable":true,"href":"https:\/\/www.cinesouk.ma\/fr\/wp-json\/wp\/v2\/media\/11296"}],"wp:attachment":[{"href":"https:\/\/www.cinesouk.ma\/fr\/wp-json\/wp\/v2\/media?parent=17514"}],"wp:term":[{"taxonomy":"product_brand","embeddable":true,"href":"https:\/\/www.cinesouk.ma\/fr\/wp-json\/wp\/v2\/product_brand?post=17514"},{"taxonomy":"product_cat","embeddable":true,"href":"https:\/\/www.cinesouk.ma\/fr\/wp-json\/wp\/v2\/product_cat?post=17514"},{"taxonomy":"product_tag","embeddable":true,"href":"https:\/\/www.cinesouk.ma\/fr\/wp-json\/wp\/v2\/product_tag?post=17514"}],"curies":[{"name":"wp","href":"https:\/\/api.w.org\/{rel}","templated":true}]}}