{"id":17776,"date":"2026-04-03T12:33:45","date_gmt":"2026-04-03T12:33:45","guid":{"rendered":"https:\/\/www.cinesouk.ma\/?post_type=product&#038;p=17776"},"modified":"2026-04-03T12:52:08","modified_gmt":"2026-04-03T12:52:08","slug":"trash-can-50l-white","status":"publish","type":"product","link":"https:\/\/www.cinesouk.ma\/fr\/produit\/trash-can-50l-white\/","title":{"rendered":"Trash can \u2013 50L White"},"content":{"rendered":"<p data-start=\"28\" data-end=\"311\">The 50L White Trash Can is a practical and durable waste management solution designed for both home and professional environments. Its clean white finish blends easily into kitchens, offices, studios, and workspaces, while the sturdy construction ensures reliable everyday use.<\/p>\n<p data-start=\"313\" data-end=\"541\">With a 50-liter capacity, it provides ample space for daily waste without frequent emptying. Moreover, its compact yet efficient design allows it to fit comfortably in various spaces while maintaining a high load capacity.<\/p>\n<h3 data-section-id=\"1iz91iu\" data-start=\"543\" data-end=\"559\">Caract\u00e9ristiques principales<\/h3>\n<ul data-start=\"561\" data-end=\"857\">\n<li data-section-id=\"1qh2ipf\" data-start=\"561\" data-end=\"624\"><strong data-start=\"563\" data-end=\"580\">50L Capacity:<\/strong> Ideal for home, office, and workspace use<\/li>\n<li data-section-id=\"gmji0v\" data-start=\"625\" data-end=\"688\"><strong data-start=\"627\" data-end=\"652\">Construction durable :<\/strong> Designed for everyday reliability<\/li>\n<li data-section-id=\"bjoti3\" data-start=\"689\" data-end=\"752\"><strong data-start=\"691\" data-end=\"710\">Conception compacte :<\/strong> Fits easily into different environments<\/li>\n<li data-section-id=\"l4jjqf\" data-start=\"753\" data-end=\"809\"><strong data-start=\"755\" data-end=\"778\">Clean White Finish:<\/strong> Simple and modern appearance<\/li>\n<li data-section-id=\"19zpmrc\" data-start=\"810\" data-end=\"857\"><strong data-start=\"812\" data-end=\"835\">Capacit\u00e9 de charge \u00e9lev\u00e9e :<\/strong> Supports up to 8 kg<\/li>\n<\/ul>\n<h3 data-section-id=\"1yl5694\" data-start=\"859\" data-end=\"877\">Sp\u00e9cifications<\/h3>\n<ul data-start=\"879\" data-end=\"1137\">\n<li data-section-id=\"1qpnngx\" data-start=\"879\" data-end=\"910\"><strong data-start=\"881\" data-end=\"898\">Type de produit :<\/strong> Trash can<\/li>\n<li data-section-id=\"1k88m2w\" data-start=\"911\" data-end=\"931\"><strong data-start=\"913\" data-end=\"923\">Couleur :<\/strong> Blanc<\/li>\n<li data-section-id=\"xjxt9y\" data-start=\"932\" data-end=\"959\"><strong data-start=\"934\" data-end=\"947\">Capacit\u00e9 :<\/strong> 50 liters<\/li>\n<li data-section-id=\"1g7jqo8\" data-start=\"960\" data-end=\"986\"><strong data-start=\"962\" data-end=\"979\">Maximum Load:<\/strong> 8 kg<\/li>\n<li data-section-id=\"1w19u00\" data-start=\"987\" data-end=\"1077\"><strong data-start=\"989\" data-end=\"1004\">Dimensions :<\/strong>\n<ul data-start=\"1009\" data-end=\"1077\">\n<li data-section-id=\"piug92\" data-start=\"1009\" data-end=\"1030\"><strong data-start=\"1011\" data-end=\"1022\">Longueur :<\/strong> 42 cm<\/li>\n<li data-section-id=\"e5673x\" data-start=\"1033\" data-end=\"1053\"><strong data-start=\"1035\" data-end=\"1045\">Largeur :<\/strong> 43 cm<\/li>\n<li data-section-id=\"1v66qo5\" data-start=\"1056\" data-end=\"1077\"><strong data-start=\"1058\" data-end=\"1069\">Hauteur :<\/strong> 60 cm<\/li>\n<\/ul>\n<\/li>\n<li data-section-id=\"jzrvjt\" data-start=\"1078\" data-end=\"1137\"><strong data-start=\"1080\" data-end=\"1088\">Utilisation :<\/strong> Indoor waste management (home, office, studio)<\/li>\n<\/ul>\n<p data-start=\"1139\" data-end=\"1358\">In summary, the 50L White Trash Can offers a practical combination of capacity, durability, and clean design. Therefore, it is a reliable choice for maintaining organized and efficient waste disposal in any space.<\/p>\n<p data-start=\"2039\" data-end=\"2106\">Louez-le maintenant \u00e0 CINESOUK - une marque de BROADWAY PRODUCTIONS SARL.<\/p>","protected":false},"excerpt":{"rendered":"<h2 data-start=\"1617\" data-end=\"1638\"><strong data-start=\"1620\" data-end=\"1638\">S<\/strong>pecifications<\/h2>\n<ul data-start=\"879\" data-end=\"1137\">\n<li data-section-id=\"1qpnngx\" data-start=\"879\" data-end=\"910\"><strong data-start=\"881\" data-end=\"898\">Type de produit :<\/strong> Trash can<\/li>\n<li data-section-id=\"1k88m2w\" data-start=\"911\" data-end=\"931\"><strong data-start=\"913\" data-end=\"923\">Couleur :<\/strong> Blanc<\/li>\n<li data-section-id=\"xjxt9y\" data-start=\"932\" data-end=\"959\"><strong data-start=\"934\" data-end=\"947\">Capacit\u00e9 :<\/strong> 50 liters<\/li>\n<li data-section-id=\"1g7jqo8\" data-start=\"960\" data-end=\"986\"><strong data-start=\"962\" data-end=\"979\">Maximum Load:<\/strong> 8 kg<\/li>\n<li data-section-id=\"1w19u00\" data-start=\"987\" data-end=\"1077\"><strong data-start=\"989\" data-end=\"1004\">Dimensions :<\/strong>\n<ul data-start=\"1009\" data-end=\"1077\">\n<li data-section-id=\"piug92\" data-start=\"1009\" data-end=\"1030\"><strong data-start=\"1011\" data-end=\"1022\">Longueur :<\/strong> 42 cm<\/li>\n<li data-section-id=\"e5673x\" data-start=\"1033\" data-end=\"1053\"><strong data-start=\"1035\" data-end=\"1045\">Largeur :<\/strong> 43 cm<\/li>\n<li data-section-id=\"1v66qo5\" data-start=\"1056\" data-end=\"1077\"><strong data-start=\"1058\" data-end=\"1069\">Hauteur :<\/strong> 60 cm<\/li>\n<\/ul>\n<\/li>\n<li data-section-id=\"jzrvjt\" data-start=\"1078\" data-end=\"1137\"><strong data-start=\"1080\" data-end=\"1088\">Utilisation :<\/strong> Indoor waste management (home, office, studio)<\/li>\n<\/ul>","protected":false},"featured_media":17787,"template":"","meta":{"om_disable_all_campaigns":false,"_monsterinsights_skip_tracking":false,"_monsterinsights_sitenote_active":false,"_monsterinsights_sitenote_note":"","_monsterinsights_sitenote_category":0,"_uf_show_specific_survey":0,"_uf_disable_surveys":false},"product_brand":[],"product_cat":[43,122,85,80],"product_tag":[],"class_list":{"0":"post-17776","1":"product","2":"type-product","3":"status-publish","4":"has-post-thumbnail","6":"product_cat-hospitality-cinesouk","7":"product_cat-hospitality-eventsouk","8":"product_cat-office-cinesouk","9":"product_cat-presenting-cinesouk","11":"entry","12":"has-media","14":"first","15":"instock","16":"taxable","17":"shipping-taxable","18":"purchasable","19":"product-type-variable","20":"has-product-nav","21":"col","22":"span_1_of_3","23":"owp-content-center","24":"owp-thumbs-layout-horizontal","25":"owp-btn-normal","26":"owp-tabs-layout-horizontal","27":"has-no-thumbnails"},"yoast_head":"<!-- This site is optimized with the Yoast SEO Premium plugin v26.0 (Yoast SEO v26.0) - https:\/\/yoast.com\/wordpress\/plugins\/seo\/ -->\n<title>Trash can \u2013 50L White - CineSouk - For rent<\/title>\n<meta name=\"description\" content=\"50L white trash can with durable build, compact design, and 8 kg capacity. Ideal for home, office, and workspace waste management.\" \/>\n<meta name=\"robots\" content=\"index, follow, max-snippet:-1, max-image-preview:large, max-video-preview:-1\" \/>\n<link rel=\"canonical\" href=\"https:\/\/www.cinesouk.ma\/fr\/produit\/trash-can-50l-white\/\" \/>\n<meta property=\"og:locale\" content=\"fr_FR\" \/>\n<meta property=\"og:type\" content=\"article\" \/>\n<meta property=\"og:title\" content=\"Trash can \u2013 50L White\" \/>\n<meta property=\"og:description\" content=\"50L white trash can with durable build, compact design, and 8 kg capacity. Ideal for home, office, and workspace waste management.\" \/>\n<meta property=\"og:url\" content=\"https:\/\/www.cinesouk.ma\/fr\/produit\/trash-can-50l-white\/\" \/>\n<meta property=\"og:site_name\" content=\"CineSouk\" \/>\n<meta property=\"article:modified_time\" content=\"2026-04-03T12:52:08+00:00\" \/>\n<meta property=\"og:image\" content=\"https:\/\/www.cinesouk.ma\/wp-content\/uploads\/2026\/04\/Sac-poubelle-blanc-Ikea.jpg\" \/>\n\t<meta property=\"og:image:width\" content=\"300\" \/>\n\t<meta property=\"og:image:height\" content=\"238\" \/>\n\t<meta property=\"og:image:type\" content=\"image\/jpeg\" \/>\n<meta name=\"twitter:card\" content=\"summary_large_image\" \/>\n<meta name=\"twitter:description\" content=\"50L white trash can with durable build, compact design, and 8 kg capacity. Ideal for home, office, and workspace waste management.\" \/>\n<meta name=\"twitter:label1\" content=\"Dur\u00e9e de lecture estim\u00e9e\" \/>\n\t<meta name=\"twitter:data1\" content=\"2 minutes\" \/>\n<script type=\"application\/ld+json\" class=\"yoast-schema-graph\">{\"@context\":\"https:\/\/schema.org\",\"@graph\":[{\"@type\":\"WebPage\",\"@id\":\"https:\/\/www.cinesouk.ma\/product\/trash-can-50l-white\/\",\"url\":\"https:\/\/www.cinesouk.ma\/product\/trash-can-50l-white\/\",\"name\":\"Trash can \u2013 50L White - CineSouk - For rent\",\"isPartOf\":{\"@id\":\"https:\/\/www.cinesouk.ma\/#website\"},\"primaryImageOfPage\":{\"@id\":\"https:\/\/www.cinesouk.ma\/product\/trash-can-50l-white\/#primaryimage\"},\"image\":{\"@id\":\"https:\/\/www.cinesouk.ma\/product\/trash-can-50l-white\/#primaryimage\"},\"thumbnailUrl\":\"https:\/\/www.cinesouk.ma\/wp-content\/uploads\/2026\/04\/Sac-poubelle-blanc-Ikea.jpg\",\"datePublished\":\"2026-04-03T12:33:45+00:00\",\"dateModified\":\"2026-04-03T12:52:08+00:00\",\"description\":\"50L white trash can with durable build, compact design, and 8 kg capacity. Ideal for home, office, and workspace waste management.\",\"breadcrumb\":{\"@id\":\"https:\/\/www.cinesouk.ma\/product\/trash-can-50l-white\/#breadcrumb\"},\"inLanguage\":\"fr-FR\",\"potentialAction\":[{\"@type\":\"ReadAction\",\"target\":[\"https:\/\/www.cinesouk.ma\/product\/trash-can-50l-white\/\"]}]},{\"@type\":\"ImageObject\",\"inLanguage\":\"fr-FR\",\"@id\":\"https:\/\/www.cinesouk.ma\/product\/trash-can-50l-white\/#primaryimage\",\"url\":\"https:\/\/www.cinesouk.ma\/wp-content\/uploads\/2026\/04\/Sac-poubelle-blanc-Ikea.jpg\",\"contentUrl\":\"https:\/\/www.cinesouk.ma\/wp-content\/uploads\/2026\/04\/Sac-poubelle-blanc-Ikea.jpg\",\"width\":300,\"height\":238,\"caption\":\"White Trash Can\"},{\"@type\":\"BreadcrumbList\",\"@id\":\"https:\/\/www.cinesouk.ma\/product\/trash-can-50l-white\/#breadcrumb\",\"itemListElement\":[{\"@type\":\"ListItem\",\"position\":1,\"name\":\"Home\",\"item\":\"https:\/\/www.cinesouk.ma\/\"},{\"@type\":\"ListItem\",\"position\":2,\"name\":\"Shop\",\"item\":\"https:\/\/www.cinesouk.ma\/shop\/\"},{\"@type\":\"ListItem\",\"position\":3,\"name\":\"Trash can \u2013 50L White\"}]},{\"@type\":\"WebSite\",\"@id\":\"https:\/\/www.cinesouk.ma\/#website\",\"url\":\"https:\/\/www.cinesouk.ma\/\",\"name\":\"CineSouk\",\"description\":\"\",\"publisher\":{\"@id\":\"https:\/\/www.cinesouk.ma\/#organization\"},\"potentialAction\":[{\"@type\":\"SearchAction\",\"target\":{\"@type\":\"EntryPoint\",\"urlTemplate\":\"https:\/\/www.cinesouk.ma\/?s={search_term_string}\"},\"query-input\":{\"@type\":\"PropertyValueSpecification\",\"valueRequired\":true,\"valueName\":\"search_term_string\"}}],\"inLanguage\":\"fr-FR\"},{\"@type\":\"Organization\",\"@id\":\"https:\/\/www.cinesouk.ma\/#organization\",\"name\":\"CineSouk\",\"url\":\"https:\/\/www.cinesouk.ma\/\",\"logo\":{\"@type\":\"ImageObject\",\"inLanguage\":\"fr-FR\",\"@id\":\"https:\/\/www.cinesouk.ma\/#\/schema\/logo\/image\/\",\"url\":\"https:\/\/www.cinesouk.ma\/wp-content\/uploads\/2024\/01\/CineSouk-logo-v01-alpha-alligned-left.png\",\"contentUrl\":\"https:\/\/www.cinesouk.ma\/wp-content\/uploads\/2024\/01\/CineSouk-logo-v01-alpha-alligned-left.png\",\"width\":3204,\"height\":889,\"caption\":\"CineSouk\"},\"image\":{\"@id\":\"https:\/\/www.cinesouk.ma\/#\/schema\/logo\/image\/\"}}]}<\/script>\n<!-- \/ Yoast SEO Premium plugin. -->","yoast_head_json":{"title":"Trash can \u2013 50L White - CineSouk - For rent","description":"50L white trash can with durable build, compact design, and 8 kg capacity. Ideal for home, office, and workspace waste management.","robots":{"index":"index","follow":"follow","max-snippet":"max-snippet:-1","max-image-preview":"max-image-preview:large","max-video-preview":"max-video-preview:-1"},"canonical":"https:\/\/www.cinesouk.ma\/fr\/produit\/trash-can-50l-white\/","og_locale":"fr_FR","og_type":"article","og_title":"Trash can \u2013 50L White","og_description":"50L white trash can with durable build, compact design, and 8 kg capacity. Ideal for home, office, and workspace waste management.","og_url":"https:\/\/www.cinesouk.ma\/fr\/produit\/trash-can-50l-white\/","og_site_name":"CineSouk","article_modified_time":"2026-04-03T12:52:08+00:00","og_image":[{"width":300,"height":238,"url":"https:\/\/www.cinesouk.ma\/wp-content\/uploads\/2026\/04\/Sac-poubelle-blanc-Ikea.jpg","type":"image\/jpeg"}],"twitter_card":"summary_large_image","twitter_description":"50L white trash can with durable build, compact design, and 8 kg capacity. Ideal for home, office, and workspace waste management.","twitter_misc":{"Dur\u00e9e de lecture estim\u00e9e":"2 minutes"},"schema":{"@context":"https:\/\/schema.org","@graph":[{"@type":"WebPage","@id":"https:\/\/www.cinesouk.ma\/product\/trash-can-50l-white\/","url":"https:\/\/www.cinesouk.ma\/product\/trash-can-50l-white\/","name":"Trash can \u2013 50L White - CineSouk - For rent","isPartOf":{"@id":"https:\/\/www.cinesouk.ma\/#website"},"primaryImageOfPage":{"@id":"https:\/\/www.cinesouk.ma\/product\/trash-can-50l-white\/#primaryimage"},"image":{"@id":"https:\/\/www.cinesouk.ma\/product\/trash-can-50l-white\/#primaryimage"},"thumbnailUrl":"https:\/\/www.cinesouk.ma\/wp-content\/uploads\/2026\/04\/Sac-poubelle-blanc-Ikea.jpg","datePublished":"2026-04-03T12:33:45+00:00","dateModified":"2026-04-03T12:52:08+00:00","description":"50L white trash can with durable build, compact design, and 8 kg capacity. Ideal for home, office, and workspace waste management.","breadcrumb":{"@id":"https:\/\/www.cinesouk.ma\/product\/trash-can-50l-white\/#breadcrumb"},"inLanguage":"fr-FR","potentialAction":[{"@type":"ReadAction","target":["https:\/\/www.cinesouk.ma\/product\/trash-can-50l-white\/"]}]},{"@type":"ImageObject","inLanguage":"fr-FR","@id":"https:\/\/www.cinesouk.ma\/product\/trash-can-50l-white\/#primaryimage","url":"https:\/\/www.cinesouk.ma\/wp-content\/uploads\/2026\/04\/Sac-poubelle-blanc-Ikea.jpg","contentUrl":"https:\/\/www.cinesouk.ma\/wp-content\/uploads\/2026\/04\/Sac-poubelle-blanc-Ikea.jpg","width":300,"height":238,"caption":"White Trash Can"},{"@type":"BreadcrumbList","@id":"https:\/\/www.cinesouk.ma\/product\/trash-can-50l-white\/#breadcrumb","itemListElement":[{"@type":"ListItem","position":1,"name":"Home","item":"https:\/\/www.cinesouk.ma\/"},{"@type":"ListItem","position":2,"name":"Shop","item":"https:\/\/www.cinesouk.ma\/shop\/"},{"@type":"ListItem","position":3,"name":"Trash can \u2013 50L White"}]},{"@type":"WebSite","@id":"https:\/\/www.cinesouk.ma\/#website","url":"https:\/\/www.cinesouk.ma\/","name":"CineSouk","description":"","publisher":{"@id":"https:\/\/www.cinesouk.ma\/#organization"},"potentialAction":[{"@type":"SearchAction","target":{"@type":"EntryPoint","urlTemplate":"https:\/\/www.cinesouk.ma\/?s={search_term_string}"},"query-input":{"@type":"PropertyValueSpecification","valueRequired":true,"valueName":"search_term_string"}}],"inLanguage":"fr-FR"},{"@type":"Organization","@id":"https:\/\/www.cinesouk.ma\/#organization","name":"CineSouk","url":"https:\/\/www.cinesouk.ma\/","logo":{"@type":"ImageObject","inLanguage":"fr-FR","@id":"https:\/\/www.cinesouk.ma\/#\/schema\/logo\/image\/","url":"https:\/\/www.cinesouk.ma\/wp-content\/uploads\/2024\/01\/CineSouk-logo-v01-alpha-alligned-left.png","contentUrl":"https:\/\/www.cinesouk.ma\/wp-content\/uploads\/2024\/01\/CineSouk-logo-v01-alpha-alligned-left.png","width":3204,"height":889,"caption":"CineSouk"},"image":{"@id":"https:\/\/www.cinesouk.ma\/#\/schema\/logo\/image\/"}}]}},"_links":{"self":[{"href":"https:\/\/www.cinesouk.ma\/fr\/wp-json\/wp\/v2\/product\/17776","targetHints":{"allow":["GET"]}}],"collection":[{"href":"https:\/\/www.cinesouk.ma\/fr\/wp-json\/wp\/v2\/product"}],"about":[{"href":"https:\/\/www.cinesouk.ma\/fr\/wp-json\/wp\/v2\/types\/product"}],"wp:featuredmedia":[{"embeddable":true,"href":"https:\/\/www.cinesouk.ma\/fr\/wp-json\/wp\/v2\/media\/17787"}],"wp:attachment":[{"href":"https:\/\/www.cinesouk.ma\/fr\/wp-json\/wp\/v2\/media?parent=17776"}],"wp:term":[{"taxonomy":"product_brand","embeddable":true,"href":"https:\/\/www.cinesouk.ma\/fr\/wp-json\/wp\/v2\/product_brand?post=17776"},{"taxonomy":"product_cat","embeddable":true,"href":"https:\/\/www.cinesouk.ma\/fr\/wp-json\/wp\/v2\/product_cat?post=17776"},{"taxonomy":"product_tag","embeddable":true,"href":"https:\/\/www.cinesouk.ma\/fr\/wp-json\/wp\/v2\/product_tag?post=17776"}],"curies":[{"name":"wp","href":"https:\/\/api.w.org\/{rel}","templated":true}]}}