{"id":2017,"date":"2024-01-17T13:25:24","date_gmt":"2024-01-17T13:25:24","guid":{"rendered":"https:\/\/www.cinesouk.ma\/?post_type=product&#038;p=2017"},"modified":"2025-08-26T15:36:04","modified_gmt":"2025-08-26T15:36:04","slug":"mac-studio-m1-max-32gb-ram","status":"publish","type":"product","link":"https:\/\/www.cinesouk.ma\/fr\/produit\/mac-studio-m1-max-32gb-ram\/","title":{"rendered":"Apple Mac Studio M1 Max 32GB RAM"},"content":{"rendered":"<p>Le Mac Studio M1 Max 32GB RAM est un mini PC qui vous permet d'ex\u00e9cuter sans effort les programmes les plus exigeants. La puce M1 Max est ultra-rapide. Retouchez des photos, produisez de la musique ou faites des recherches dans la galaxie, vous pouvez tout faire avec ce Mac Studio d'Apple.<\/p>\n<p>Gr\u00e2ce au syst\u00e8me de refroidissement sp\u00e9cial, Apple Mac Studio est toujours silencieux. Les nombreuses connexions rendent les possibilit\u00e9s encore plus infinies. Vous pouvez connecter tous vos accessoires externes aux 4 ports Thunderbolt 4, aux 2 ports USB A et aux 2 ports USB C. Un port HDMI, une connexion Ethernet 10 gigabits et un lecteur de cartes m\u00e9moire compl\u00e8tent l'ensemble. Un port HDMI, une connexion Ethernet 10 gigabits et un lecteur de cartes m\u00e9moire compl\u00e8tent l'ensemble.<\/p>\n<h4>Sp\u00e9cifications de l'Apple Mac Studio M1 Max 32GB RAM :<\/h4>\n<ul>\n<li>Capacit\u00e9 de stockage totale : 512 Go<\/li>\n<li>Lecteur de carte m\u00e9moire int\u00e9gr\u00e9 : Oui<\/li>\n<li>Cartes m\u00e9moire compatibles : SDXC<\/li>\n<li>Type de lecteur optique : Non<\/li>\n<li>Nombre de disques SSD install\u00e9s : 1<\/li>\n<li>Capacit\u00e9 du SSD : 512 Go<\/li>\n<li>Supports de stockage : SSD<\/li>\n<li>Capacit\u00e9 totale des disques SSD : 512 GO<\/li>\n<\/ul>\n<h4>Processeur :<\/h4>\n<ul>\n<li>Fabricant du processeur : Apple<\/li>\n<li>Nombre de c\u0153urs de processeur : 10<\/li>\n<li>C\u0153urs de coprocesseurs : 16<\/li>\n<li>Mod\u00e8le de coprocesseur : Moteur neuronal<\/li>\n<li>C\u0153urs efficaces : 2<\/li>\n<li>C\u0153urs de performance : 8<\/li>\n<li>G\u00e9n\u00e9ration de processeur : Apple M Max de 1\u00e8re g\u00e9n\u00e9ration<\/li>\n<\/ul>\n<h4>Logiciel :<\/h4>\n<ul>\n<li>Syst\u00e8me d'exploitation inclus : macOS Monterey<\/li>\n<\/ul>\n<h4>Poids et dimensions :<\/h4>\n<ul>\n<li>Profondeur : 197 mm<\/li>\n<li>Largeur : 197 mm<\/li>\n<li>Poids : 2700 g<\/li>\n<li>Hauteur : 95 mm<\/li>\n<\/ul>\n<p>Louez le Mac Studio M1 Max 32GB maintenant sur <a href=\"https:\/\/www.cinesouk.ma\/fr\">CINESOUK<\/a> - une marque de <a href=\"https:\/\/www.broadway.ma\/\">BROADWAY PRODUCTIONS SARL.<\/a><\/p>","protected":false},"excerpt":{"rendered":"<p><strong>Sp\u00e9cifications<\/strong><\/p>\n<p>M\u00e9moire unifi\u00e9e de 32 Go<br \/>\n512GB SSD storage<br \/>\nAvant : Deux ports USB-C, un emplacement pour carte SDXC<br \/>\nArri\u00e8re : Quatre ports Thunderbolt 4, deux ports USB-A, un port HDMI, un port Ethernet 10Gb, une prise casque 3,5 mm<\/p>","protected":false},"featured_media":2355,"template":"","meta":{"om_disable_all_campaigns":false,"_monsterinsights_skip_tracking":false,"_monsterinsights_sitenote_active":false,"_monsterinsights_sitenote_note":"","_monsterinsights_sitenote_category":0,"_uf_show_specific_survey":0,"_uf_disable_surveys":false},"product_brand":[],"product_cat":[84,85,59],"product_tag":[],"class_list":{"0":"post-2017","1":"product","2":"type-product","3":"status-publish","4":"has-post-thumbnail","6":"product_cat-dit-cinesouk","7":"product_cat-office-cinesouk","8":"product_cat-post-production-cinesouk","10":"entry","11":"has-media","13":"first","14":"instock","15":"taxable","16":"shipping-taxable","17":"purchasable","18":"product-type-variable","19":"has-product-nav","20":"col","21":"span_1_of_3","22":"owp-content-center","23":"owp-thumbs-layout-horizontal","24":"owp-btn-normal","25":"owp-tabs-layout-horizontal","26":"has-no-thumbnails"},"yoast_head":"<!-- This site is optimized with the Yoast SEO Premium plugin v26.0 (Yoast SEO v26.0) - https:\/\/yoast.com\/wordpress\/plugins\/seo\/ -->\n<title>Apple Mac Studio M1 Max 32GB RAM - CineSouk - Marrakech - For rent<\/title>\n<meta name=\"description\" content=\"Effortlessly run demanding programs, edit photos, produce music, and explore the galaxy with the superfast Mac Studio M1 Max 32GB RAM.\" \/>\n<meta name=\"robots\" content=\"index, follow, max-snippet:-1, max-image-preview:large, max-video-preview:-1\" \/>\n<link rel=\"canonical\" href=\"https:\/\/www.cinesouk.ma\/fr\/produit\/mac-studio-m1-max-32gb-ram\/\" \/>\n<meta property=\"og:locale\" content=\"fr_FR\" \/>\n<meta property=\"og:type\" content=\"article\" \/>\n<meta property=\"og:title\" content=\"Apple Mac Studio M1 Max 32GB RAM\" \/>\n<meta property=\"og:description\" content=\"Effortlessly run demanding programs, edit photos, produce music, and explore the galaxy with the superfast Mac Studio M1 Max 32GB RAM.\" \/>\n<meta property=\"og:url\" content=\"https:\/\/www.cinesouk.ma\/fr\/produit\/mac-studio-m1-max-32gb-ram\/\" \/>\n<meta property=\"og:site_name\" content=\"CineSouk\" \/>\n<meta property=\"article:modified_time\" content=\"2025-08-26T15:36:04+00:00\" \/>\n<meta property=\"og:image\" content=\"https:\/\/www.cinesouk.ma\/wp-content\/uploads\/2024\/01\/macstudio.jpg\" \/>\n\t<meta property=\"og:image:width\" content=\"300\" \/>\n\t<meta property=\"og:image:height\" content=\"238\" \/>\n\t<meta property=\"og:image:type\" content=\"image\/jpeg\" \/>\n<meta name=\"twitter:card\" content=\"summary_large_image\" \/>\n<meta name=\"twitter:description\" content=\"Effortlessly run demanding programs, edit photos, produce music, and explore the galaxy with the superfast Mac Studio M1 Max 32GB RAM.\" \/>\n<meta name=\"twitter:label1\" content=\"Dur\u00e9e de lecture estim\u00e9e\" \/>\n\t<meta name=\"twitter:data1\" content=\"2 minutes\" \/>\n<script type=\"application\/ld+json\" class=\"yoast-schema-graph\">{\"@context\":\"https:\/\/schema.org\",\"@graph\":[{\"@type\":\"WebPage\",\"@id\":\"https:\/\/www.cinesouk.ma\/product\/mac-studio-m1-max-32gb-ram\/\",\"url\":\"https:\/\/www.cinesouk.ma\/product\/mac-studio-m1-max-32gb-ram\/\",\"name\":\"Apple Mac Studio M1 Max 32GB RAM - CineSouk - Marrakech - For rent\",\"isPartOf\":{\"@id\":\"https:\/\/www.cinesouk.ma\/#website\"},\"primaryImageOfPage\":{\"@id\":\"https:\/\/www.cinesouk.ma\/product\/mac-studio-m1-max-32gb-ram\/#primaryimage\"},\"image\":{\"@id\":\"https:\/\/www.cinesouk.ma\/product\/mac-studio-m1-max-32gb-ram\/#primaryimage\"},\"thumbnailUrl\":\"https:\/\/www.cinesouk.ma\/wp-content\/uploads\/2024\/01\/macstudio.jpg\",\"datePublished\":\"2024-01-17T13:25:24+00:00\",\"dateModified\":\"2025-08-26T15:36:04+00:00\",\"description\":\"Effortlessly run demanding programs, edit photos, produce music, and explore the galaxy with the superfast Mac Studio M1 Max 32GB RAM.\",\"breadcrumb\":{\"@id\":\"https:\/\/www.cinesouk.ma\/product\/mac-studio-m1-max-32gb-ram\/#breadcrumb\"},\"inLanguage\":\"fr-FR\",\"potentialAction\":[{\"@type\":\"ReadAction\",\"target\":[\"https:\/\/www.cinesouk.ma\/product\/mac-studio-m1-max-32gb-ram\/\"]}]},{\"@type\":\"ImageObject\",\"inLanguage\":\"fr-FR\",\"@id\":\"https:\/\/www.cinesouk.ma\/product\/mac-studio-m1-max-32gb-ram\/#primaryimage\",\"url\":\"https:\/\/www.cinesouk.ma\/wp-content\/uploads\/2024\/01\/macstudio.jpg\",\"contentUrl\":\"https:\/\/www.cinesouk.ma\/wp-content\/uploads\/2024\/01\/macstudio.jpg\",\"width\":300,\"height\":238},{\"@type\":\"BreadcrumbList\",\"@id\":\"https:\/\/www.cinesouk.ma\/product\/mac-studio-m1-max-32gb-ram\/#breadcrumb\",\"itemListElement\":[{\"@type\":\"ListItem\",\"position\":1,\"name\":\"Home\",\"item\":\"https:\/\/www.cinesouk.ma\/\"},{\"@type\":\"ListItem\",\"position\":2,\"name\":\"Shop\",\"item\":\"https:\/\/www.cinesouk.ma\/shop\/\"},{\"@type\":\"ListItem\",\"position\":3,\"name\":\"Apple Mac Studio M1 Max 32GB RAM\"}]},{\"@type\":\"WebSite\",\"@id\":\"https:\/\/www.cinesouk.ma\/#website\",\"url\":\"https:\/\/www.cinesouk.ma\/\",\"name\":\"CineSouk\",\"description\":\"\",\"publisher\":{\"@id\":\"https:\/\/www.cinesouk.ma\/#organization\"},\"potentialAction\":[{\"@type\":\"SearchAction\",\"target\":{\"@type\":\"EntryPoint\",\"urlTemplate\":\"https:\/\/www.cinesouk.ma\/?s={search_term_string}\"},\"query-input\":{\"@type\":\"PropertyValueSpecification\",\"valueRequired\":true,\"valueName\":\"search_term_string\"}}],\"inLanguage\":\"fr-FR\"},{\"@type\":\"Organization\",\"@id\":\"https:\/\/www.cinesouk.ma\/#organization\",\"name\":\"CineSouk\",\"url\":\"https:\/\/www.cinesouk.ma\/\",\"logo\":{\"@type\":\"ImageObject\",\"inLanguage\":\"fr-FR\",\"@id\":\"https:\/\/www.cinesouk.ma\/#\/schema\/logo\/image\/\",\"url\":\"https:\/\/www.cinesouk.ma\/wp-content\/uploads\/2024\/01\/CineSouk-logo-v01-alpha-alligned-left.png\",\"contentUrl\":\"https:\/\/www.cinesouk.ma\/wp-content\/uploads\/2024\/01\/CineSouk-logo-v01-alpha-alligned-left.png\",\"width\":3204,\"height\":889,\"caption\":\"CineSouk\"},\"image\":{\"@id\":\"https:\/\/www.cinesouk.ma\/#\/schema\/logo\/image\/\"}}]}<\/script>\n<!-- \/ Yoast SEO Premium plugin. -->","yoast_head_json":{"title":"Apple Mac Studio M1 Max 32GB RAM - CineSouk - Marrakech - For rent","description":"Effortlessly run demanding programs, edit photos, produce music, and explore the galaxy with the superfast Mac Studio M1 Max 32GB RAM.","robots":{"index":"index","follow":"follow","max-snippet":"max-snippet:-1","max-image-preview":"max-image-preview:large","max-video-preview":"max-video-preview:-1"},"canonical":"https:\/\/www.cinesouk.ma\/fr\/produit\/mac-studio-m1-max-32gb-ram\/","og_locale":"fr_FR","og_type":"article","og_title":"Apple Mac Studio M1 Max 32GB RAM","og_description":"Effortlessly run demanding programs, edit photos, produce music, and explore the galaxy with the superfast Mac Studio M1 Max 32GB RAM.","og_url":"https:\/\/www.cinesouk.ma\/fr\/produit\/mac-studio-m1-max-32gb-ram\/","og_site_name":"CineSouk","article_modified_time":"2025-08-26T15:36:04+00:00","og_image":[{"width":300,"height":238,"url":"https:\/\/www.cinesouk.ma\/wp-content\/uploads\/2024\/01\/macstudio.jpg","type":"image\/jpeg"}],"twitter_card":"summary_large_image","twitter_description":"Effortlessly run demanding programs, edit photos, produce music, and explore the galaxy with the superfast Mac Studio M1 Max 32GB RAM.","twitter_misc":{"Dur\u00e9e de lecture estim\u00e9e":"2 minutes"},"schema":{"@context":"https:\/\/schema.org","@graph":[{"@type":"WebPage","@id":"https:\/\/www.cinesouk.ma\/product\/mac-studio-m1-max-32gb-ram\/","url":"https:\/\/www.cinesouk.ma\/product\/mac-studio-m1-max-32gb-ram\/","name":"Apple Mac Studio M1 Max 32GB RAM - CineSouk - Marrakech - For rent","isPartOf":{"@id":"https:\/\/www.cinesouk.ma\/#website"},"primaryImageOfPage":{"@id":"https:\/\/www.cinesouk.ma\/product\/mac-studio-m1-max-32gb-ram\/#primaryimage"},"image":{"@id":"https:\/\/www.cinesouk.ma\/product\/mac-studio-m1-max-32gb-ram\/#primaryimage"},"thumbnailUrl":"https:\/\/www.cinesouk.ma\/wp-content\/uploads\/2024\/01\/macstudio.jpg","datePublished":"2024-01-17T13:25:24+00:00","dateModified":"2025-08-26T15:36:04+00:00","description":"Effortlessly run demanding programs, edit photos, produce music, and explore the galaxy with the superfast Mac Studio M1 Max 32GB RAM.","breadcrumb":{"@id":"https:\/\/www.cinesouk.ma\/product\/mac-studio-m1-max-32gb-ram\/#breadcrumb"},"inLanguage":"fr-FR","potentialAction":[{"@type":"ReadAction","target":["https:\/\/www.cinesouk.ma\/product\/mac-studio-m1-max-32gb-ram\/"]}]},{"@type":"ImageObject","inLanguage":"fr-FR","@id":"https:\/\/www.cinesouk.ma\/product\/mac-studio-m1-max-32gb-ram\/#primaryimage","url":"https:\/\/www.cinesouk.ma\/wp-content\/uploads\/2024\/01\/macstudio.jpg","contentUrl":"https:\/\/www.cinesouk.ma\/wp-content\/uploads\/2024\/01\/macstudio.jpg","width":300,"height":238},{"@type":"BreadcrumbList","@id":"https:\/\/www.cinesouk.ma\/product\/mac-studio-m1-max-32gb-ram\/#breadcrumb","itemListElement":[{"@type":"ListItem","position":1,"name":"Home","item":"https:\/\/www.cinesouk.ma\/"},{"@type":"ListItem","position":2,"name":"Shop","item":"https:\/\/www.cinesouk.ma\/shop\/"},{"@type":"ListItem","position":3,"name":"Apple Mac Studio M1 Max 32GB RAM"}]},{"@type":"WebSite","@id":"https:\/\/www.cinesouk.ma\/#website","url":"https:\/\/www.cinesouk.ma\/","name":"CineSouk","description":"","publisher":{"@id":"https:\/\/www.cinesouk.ma\/#organization"},"potentialAction":[{"@type":"SearchAction","target":{"@type":"EntryPoint","urlTemplate":"https:\/\/www.cinesouk.ma\/?s={search_term_string}"},"query-input":{"@type":"PropertyValueSpecification","valueRequired":true,"valueName":"search_term_string"}}],"inLanguage":"fr-FR"},{"@type":"Organization","@id":"https:\/\/www.cinesouk.ma\/#organization","name":"CineSouk","url":"https:\/\/www.cinesouk.ma\/","logo":{"@type":"ImageObject","inLanguage":"fr-FR","@id":"https:\/\/www.cinesouk.ma\/#\/schema\/logo\/image\/","url":"https:\/\/www.cinesouk.ma\/wp-content\/uploads\/2024\/01\/CineSouk-logo-v01-alpha-alligned-left.png","contentUrl":"https:\/\/www.cinesouk.ma\/wp-content\/uploads\/2024\/01\/CineSouk-logo-v01-alpha-alligned-left.png","width":3204,"height":889,"caption":"CineSouk"},"image":{"@id":"https:\/\/www.cinesouk.ma\/#\/schema\/logo\/image\/"}}]}},"_links":{"self":[{"href":"https:\/\/www.cinesouk.ma\/fr\/wp-json\/wp\/v2\/product\/2017","targetHints":{"allow":["GET"]}}],"collection":[{"href":"https:\/\/www.cinesouk.ma\/fr\/wp-json\/wp\/v2\/product"}],"about":[{"href":"https:\/\/www.cinesouk.ma\/fr\/wp-json\/wp\/v2\/types\/product"}],"wp:featuredmedia":[{"embeddable":true,"href":"https:\/\/www.cinesouk.ma\/fr\/wp-json\/wp\/v2\/media\/2355"}],"wp:attachment":[{"href":"https:\/\/www.cinesouk.ma\/fr\/wp-json\/wp\/v2\/media?parent=2017"}],"wp:term":[{"taxonomy":"product_brand","embeddable":true,"href":"https:\/\/www.cinesouk.ma\/fr\/wp-json\/wp\/v2\/product_brand?post=2017"},{"taxonomy":"product_cat","embeddable":true,"href":"https:\/\/www.cinesouk.ma\/fr\/wp-json\/wp\/v2\/product_cat?post=2017"},{"taxonomy":"product_tag","embeddable":true,"href":"https:\/\/www.cinesouk.ma\/fr\/wp-json\/wp\/v2\/product_tag?post=2017"}],"curies":[{"name":"wp","href":"https:\/\/api.w.org\/{rel}","templated":true}]}}