{"id":2076,"date":"2024-01-18T08:50:37","date_gmt":"2024-01-18T08:50:37","guid":{"rendered":"https:\/\/www.cinesouk.ma\/?post_type=product&#038;p=2076"},"modified":"2025-08-22T11:20:18","modified_gmt":"2025-08-22T11:20:18","slug":"blackmagic-ultrastudio-4k-mini","status":"publish","type":"product","link":"https:\/\/www.cinesouk.ma\/fr\/produit\/blackmagic-ultrastudio-4k-mini\/","title":{"rendered":"Blackmagic Design UltraStudio 4K Mini"},"content":{"rendered":"<p>Le Blackmagic Design UltraStudio 4K Mini est une solution compacte de capture et de lecture Thunderbolt 3 dot\u00e9e d'une technologie broadcast avanc\u00e9e, offrant des connexions 12G-SDI, HDMI 2.0 et analogiques. Elle permet une capture HDR 8 et 10 bits de haute qualit\u00e9 dans des formats allant jusqu'\u00e0 4K DCI \u00e0 60p et une capture HDR 12 bits dans des formats allant jusqu'\u00e0 4K DCI \u00e0 30p. Le panneau avant comprend des boutons de commande, un \u00e9cran LCD pour le contr\u00f4le, une entr\u00e9e microphone XLR et une prise casque \u00bc\". Dot\u00e9 d'une connectivit\u00e9 USB pour un clavier et une souris, il recharge \u00e9galement votre ordinateur portable via le port Thunderbolt 3. En outre, il est dot\u00e9 d'un lecteur de carte SD int\u00e9gr\u00e9 pour un acc\u00e8s instantan\u00e9 aux cartes multim\u00e9dias de l'appareil photo.<\/p>\n<h4>Compatibilit\u00e9 polyvalente du Blackmagic Design UltraStudio 4K Mini :<\/h4>\n<p>L'UltraStudio Mini 4K Thunderbolt 3 prend en charge la vid\u00e9o compress\u00e9e et non compress\u00e9e, est compatible avec Windows, macOS et Linux, et prend en charge les codecs les plus courants. L'UltraStudio 4K Mini prend \u00e9galement en charge la capture et la lecture 3D via HDMI, ainsi que la lecture 3D SDI \u00e0 des taux allant jusqu'\u00e0 DCI 4K30. La version gratuite de DaVinci Resolve et les logiciels suppl\u00e9mentaires sont inclus via un code QR \u00e0 t\u00e9l\u00e9charger. L'UltraStudio Mini 4K Thunderbolt 3 est aliment\u00e9 par son adaptateur interne 100-240 VAC.<\/p>\n<p>Louez-le maintenant sur <a href=\"https:\/\/www.cinesouk.ma\/fr\">CINESOUK<\/a> - une marque de <a href=\"https:\/\/www.broadway.ma\/\">BROADWAY PRODUCTIONS SARL.<\/a><\/p>","protected":false},"excerpt":{"rendered":"<p>Sp\u00e9cifications<\/p>\n<p>Solution portable de capture\/lecture Thunderbolt 3<br \/>\n12G-SDI, HDMI 2.0 et connexions analogiques<br \/>\nCapture HDR 8 et 10 bits de qualit\u00e9 broadcast<br \/>\nPrise en charge des formats jusqu'\u00e0 4K DCI \u00e0 60p<br \/>\nCapture HDR 12 bits dans des formats allant jusqu'\u00e0 4K DCI \u00e0 30p<br \/>\nPanneau frontal avec boutons-poussoirs<br \/>\n\u00c9cran LCD pour la surveillance et la configuration du signal<br \/>\nEntr\u00e9e microphone XLR et prise casque \u00bc\".<br \/>\nConnectivit\u00e9 USB pour clavier et souris<br \/>\nChargement \u00e0 la vol\u00e9e d'un ordinateur portable via le port Thunderbolt 3<br \/>\nLecteur de carte SD int\u00e9gr\u00e9 pour un acc\u00e8s instantan\u00e9 aux m\u00e9dias.<\/p>","protected":false},"featured_media":2215,"template":"","meta":{"om_disable_all_campaigns":false,"_monsterinsights_skip_tracking":false,"_monsterinsights_sitenote_active":false,"_monsterinsights_sitenote_note":"","_monsterinsights_sitenote_category":0,"_uf_show_specific_survey":0,"_uf_disable_surveys":false},"product_brand":[],"product_cat":[87,84,52,113,59,32],"product_tag":[],"class_list":{"0":"post-2076","1":"product","2":"type-product","3":"status-publish","4":"has-post-thumbnail","6":"product_cat-capture-and-recorders-cinesouk","7":"product_cat-dit-cinesouk","8":"product_cat-multicam-cinesouk","9":"product_cat-multicam-eventsouk","10":"product_cat-post-production-cinesouk","11":"product_cat-streaming-cinesouk","13":"entry","14":"has-media","16":"first","17":"instock","18":"taxable","19":"shipping-taxable","20":"purchasable","21":"product-type-variable","22":"has-product-nav","23":"col","24":"span_1_of_3","25":"owp-content-center","26":"owp-thumbs-layout-horizontal","27":"owp-btn-normal","28":"owp-tabs-layout-horizontal","29":"has-no-thumbnails"},"yoast_head":"<!-- This site is optimized with the Yoast SEO Premium plugin v26.0 (Yoast SEO v26.0) - https:\/\/yoast.com\/wordpress\/plugins\/seo\/ -->\n<title>Blackmagic Design UltraStudio 4K Mini - CineSouk - Marrakech - For rent<\/title>\n<meta name=\"description\" content=\"Blackmagic Design UltraStudio 4K Mini offers Thunderbolt 3 capture\/playback with 12G\u2011SDI, HDMI 2.0, and HDR capabilities for broadcast-quality 4K content.\" \/>\n<meta name=\"robots\" content=\"index, follow, max-snippet:-1, max-image-preview:large, max-video-preview:-1\" \/>\n<link rel=\"canonical\" href=\"https:\/\/www.cinesouk.ma\/fr\/produit\/blackmagic-ultrastudio-4k-mini\/\" \/>\n<meta property=\"og:locale\" content=\"fr_FR\" \/>\n<meta property=\"og:type\" content=\"article\" \/>\n<meta property=\"og:title\" content=\"Blackmagic Design UltraStudio 4K Mini\" \/>\n<meta property=\"og:description\" content=\"Blackmagic Design UltraStudio 4K Mini offers Thunderbolt 3 capture\/playback with 12G\u2011SDI, HDMI 2.0, and HDR capabilities for broadcast-quality 4K content.\" \/>\n<meta property=\"og:url\" content=\"https:\/\/www.cinesouk.ma\/fr\/produit\/blackmagic-ultrastudio-4k-mini\/\" \/>\n<meta property=\"og:site_name\" content=\"CineSouk\" \/>\n<meta property=\"article:modified_time\" content=\"2025-08-22T11:20:18+00:00\" \/>\n<meta property=\"og:image\" content=\"https:\/\/www.cinesouk.ma\/wp-content\/uploads\/2024\/01\/blackmagic.jpg\" \/>\n\t<meta property=\"og:image:width\" content=\"300\" \/>\n\t<meta property=\"og:image:height\" content=\"238\" \/>\n\t<meta property=\"og:image:type\" content=\"image\/jpeg\" \/>\n<meta name=\"twitter:card\" content=\"summary_large_image\" \/>\n<meta name=\"twitter:description\" content=\"Blackmagic Design UltraStudio 4K Mini offers Thunderbolt 3 capture\/playback with 12G\u2011SDI, HDMI 2.0, and HDR capabilities for broadcast-quality 4K content.\" \/>\n<meta name=\"twitter:label1\" content=\"Dur\u00e9e de lecture estim\u00e9e\" \/>\n\t<meta name=\"twitter:data1\" content=\"2 minutes\" \/>\n<script type=\"application\/ld+json\" class=\"yoast-schema-graph\">{\"@context\":\"https:\/\/schema.org\",\"@graph\":[{\"@type\":\"WebPage\",\"@id\":\"https:\/\/www.cinesouk.ma\/product\/blackmagic-ultrastudio-4k-mini\/\",\"url\":\"https:\/\/www.cinesouk.ma\/product\/blackmagic-ultrastudio-4k-mini\/\",\"name\":\"Blackmagic Design UltraStudio 4K Mini - CineSouk - Marrakech - For rent\",\"isPartOf\":{\"@id\":\"https:\/\/www.cinesouk.ma\/#website\"},\"primaryImageOfPage\":{\"@id\":\"https:\/\/www.cinesouk.ma\/product\/blackmagic-ultrastudio-4k-mini\/#primaryimage\"},\"image\":{\"@id\":\"https:\/\/www.cinesouk.ma\/product\/blackmagic-ultrastudio-4k-mini\/#primaryimage\"},\"thumbnailUrl\":\"https:\/\/www.cinesouk.ma\/wp-content\/uploads\/2024\/01\/blackmagic.jpg\",\"datePublished\":\"2024-01-18T08:50:37+00:00\",\"dateModified\":\"2025-08-22T11:20:18+00:00\",\"description\":\"Blackmagic Design UltraStudio 4K Mini offers Thunderbolt 3 capture\/playback with 12G\u2011SDI, HDMI 2.0, and HDR capabilities for broadcast-quality 4K content.\",\"breadcrumb\":{\"@id\":\"https:\/\/www.cinesouk.ma\/product\/blackmagic-ultrastudio-4k-mini\/#breadcrumb\"},\"inLanguage\":\"fr-FR\",\"potentialAction\":[{\"@type\":\"ReadAction\",\"target\":[\"https:\/\/www.cinesouk.ma\/product\/blackmagic-ultrastudio-4k-mini\/\"]}]},{\"@type\":\"ImageObject\",\"inLanguage\":\"fr-FR\",\"@id\":\"https:\/\/www.cinesouk.ma\/product\/blackmagic-ultrastudio-4k-mini\/#primaryimage\",\"url\":\"https:\/\/www.cinesouk.ma\/wp-content\/uploads\/2024\/01\/blackmagic.jpg\",\"contentUrl\":\"https:\/\/www.cinesouk.ma\/wp-content\/uploads\/2024\/01\/blackmagic.jpg\",\"width\":300,\"height\":238},{\"@type\":\"BreadcrumbList\",\"@id\":\"https:\/\/www.cinesouk.ma\/product\/blackmagic-ultrastudio-4k-mini\/#breadcrumb\",\"itemListElement\":[{\"@type\":\"ListItem\",\"position\":1,\"name\":\"Home\",\"item\":\"https:\/\/www.cinesouk.ma\/\"},{\"@type\":\"ListItem\",\"position\":2,\"name\":\"Shop\",\"item\":\"https:\/\/www.cinesouk.ma\/shop\/\"},{\"@type\":\"ListItem\",\"position\":3,\"name\":\"Blackmagic Design UltraStudio 4K Mini\"}]},{\"@type\":\"WebSite\",\"@id\":\"https:\/\/www.cinesouk.ma\/#website\",\"url\":\"https:\/\/www.cinesouk.ma\/\",\"name\":\"CineSouk\",\"description\":\"\",\"publisher\":{\"@id\":\"https:\/\/www.cinesouk.ma\/#organization\"},\"potentialAction\":[{\"@type\":\"SearchAction\",\"target\":{\"@type\":\"EntryPoint\",\"urlTemplate\":\"https:\/\/www.cinesouk.ma\/?s={search_term_string}\"},\"query-input\":{\"@type\":\"PropertyValueSpecification\",\"valueRequired\":true,\"valueName\":\"search_term_string\"}}],\"inLanguage\":\"fr-FR\"},{\"@type\":\"Organization\",\"@id\":\"https:\/\/www.cinesouk.ma\/#organization\",\"name\":\"CineSouk\",\"url\":\"https:\/\/www.cinesouk.ma\/\",\"logo\":{\"@type\":\"ImageObject\",\"inLanguage\":\"fr-FR\",\"@id\":\"https:\/\/www.cinesouk.ma\/#\/schema\/logo\/image\/\",\"url\":\"https:\/\/www.cinesouk.ma\/wp-content\/uploads\/2024\/01\/CineSouk-logo-v01-alpha-alligned-left.png\",\"contentUrl\":\"https:\/\/www.cinesouk.ma\/wp-content\/uploads\/2024\/01\/CineSouk-logo-v01-alpha-alligned-left.png\",\"width\":3204,\"height\":889,\"caption\":\"CineSouk\"},\"image\":{\"@id\":\"https:\/\/www.cinesouk.ma\/#\/schema\/logo\/image\/\"}}]}<\/script>\n<!-- \/ Yoast SEO Premium plugin. -->","yoast_head_json":{"title":"Blackmagic Design UltraStudio 4K Mini - CineSouk - Marrakech - For rent","description":"Blackmagic Design UltraStudio 4K Mini offers Thunderbolt 3 capture\/playback with 12G\u2011SDI, HDMI 2.0, and HDR capabilities for broadcast-quality 4K content.","robots":{"index":"index","follow":"follow","max-snippet":"max-snippet:-1","max-image-preview":"max-image-preview:large","max-video-preview":"max-video-preview:-1"},"canonical":"https:\/\/www.cinesouk.ma\/fr\/produit\/blackmagic-ultrastudio-4k-mini\/","og_locale":"fr_FR","og_type":"article","og_title":"Blackmagic Design UltraStudio 4K Mini","og_description":"Blackmagic Design UltraStudio 4K Mini offers Thunderbolt 3 capture\/playback with 12G\u2011SDI, HDMI 2.0, and HDR capabilities for broadcast-quality 4K content.","og_url":"https:\/\/www.cinesouk.ma\/fr\/produit\/blackmagic-ultrastudio-4k-mini\/","og_site_name":"CineSouk","article_modified_time":"2025-08-22T11:20:18+00:00","og_image":[{"width":300,"height":238,"url":"https:\/\/www.cinesouk.ma\/wp-content\/uploads\/2024\/01\/blackmagic.jpg","type":"image\/jpeg"}],"twitter_card":"summary_large_image","twitter_description":"Blackmagic Design UltraStudio 4K Mini offers Thunderbolt 3 capture\/playback with 12G\u2011SDI, HDMI 2.0, and HDR capabilities for broadcast-quality 4K content.","twitter_misc":{"Dur\u00e9e de lecture estim\u00e9e":"2 minutes"},"schema":{"@context":"https:\/\/schema.org","@graph":[{"@type":"WebPage","@id":"https:\/\/www.cinesouk.ma\/product\/blackmagic-ultrastudio-4k-mini\/","url":"https:\/\/www.cinesouk.ma\/product\/blackmagic-ultrastudio-4k-mini\/","name":"Blackmagic Design UltraStudio 4K Mini - CineSouk - Marrakech - For rent","isPartOf":{"@id":"https:\/\/www.cinesouk.ma\/#website"},"primaryImageOfPage":{"@id":"https:\/\/www.cinesouk.ma\/product\/blackmagic-ultrastudio-4k-mini\/#primaryimage"},"image":{"@id":"https:\/\/www.cinesouk.ma\/product\/blackmagic-ultrastudio-4k-mini\/#primaryimage"},"thumbnailUrl":"https:\/\/www.cinesouk.ma\/wp-content\/uploads\/2024\/01\/blackmagic.jpg","datePublished":"2024-01-18T08:50:37+00:00","dateModified":"2025-08-22T11:20:18+00:00","description":"Blackmagic Design UltraStudio 4K Mini offers Thunderbolt 3 capture\/playback with 12G\u2011SDI, HDMI 2.0, and HDR capabilities for broadcast-quality 4K content.","breadcrumb":{"@id":"https:\/\/www.cinesouk.ma\/product\/blackmagic-ultrastudio-4k-mini\/#breadcrumb"},"inLanguage":"fr-FR","potentialAction":[{"@type":"ReadAction","target":["https:\/\/www.cinesouk.ma\/product\/blackmagic-ultrastudio-4k-mini\/"]}]},{"@type":"ImageObject","inLanguage":"fr-FR","@id":"https:\/\/www.cinesouk.ma\/product\/blackmagic-ultrastudio-4k-mini\/#primaryimage","url":"https:\/\/www.cinesouk.ma\/wp-content\/uploads\/2024\/01\/blackmagic.jpg","contentUrl":"https:\/\/www.cinesouk.ma\/wp-content\/uploads\/2024\/01\/blackmagic.jpg","width":300,"height":238},{"@type":"BreadcrumbList","@id":"https:\/\/www.cinesouk.ma\/product\/blackmagic-ultrastudio-4k-mini\/#breadcrumb","itemListElement":[{"@type":"ListItem","position":1,"name":"Home","item":"https:\/\/www.cinesouk.ma\/"},{"@type":"ListItem","position":2,"name":"Shop","item":"https:\/\/www.cinesouk.ma\/shop\/"},{"@type":"ListItem","position":3,"name":"Blackmagic Design UltraStudio 4K Mini"}]},{"@type":"WebSite","@id":"https:\/\/www.cinesouk.ma\/#website","url":"https:\/\/www.cinesouk.ma\/","name":"CineSouk","description":"","publisher":{"@id":"https:\/\/www.cinesouk.ma\/#organization"},"potentialAction":[{"@type":"SearchAction","target":{"@type":"EntryPoint","urlTemplate":"https:\/\/www.cinesouk.ma\/?s={search_term_string}"},"query-input":{"@type":"PropertyValueSpecification","valueRequired":true,"valueName":"search_term_string"}}],"inLanguage":"fr-FR"},{"@type":"Organization","@id":"https:\/\/www.cinesouk.ma\/#organization","name":"CineSouk","url":"https:\/\/www.cinesouk.ma\/","logo":{"@type":"ImageObject","inLanguage":"fr-FR","@id":"https:\/\/www.cinesouk.ma\/#\/schema\/logo\/image\/","url":"https:\/\/www.cinesouk.ma\/wp-content\/uploads\/2024\/01\/CineSouk-logo-v01-alpha-alligned-left.png","contentUrl":"https:\/\/www.cinesouk.ma\/wp-content\/uploads\/2024\/01\/CineSouk-logo-v01-alpha-alligned-left.png","width":3204,"height":889,"caption":"CineSouk"},"image":{"@id":"https:\/\/www.cinesouk.ma\/#\/schema\/logo\/image\/"}}]}},"_links":{"self":[{"href":"https:\/\/www.cinesouk.ma\/fr\/wp-json\/wp\/v2\/product\/2076","targetHints":{"allow":["GET"]}}],"collection":[{"href":"https:\/\/www.cinesouk.ma\/fr\/wp-json\/wp\/v2\/product"}],"about":[{"href":"https:\/\/www.cinesouk.ma\/fr\/wp-json\/wp\/v2\/types\/product"}],"wp:featuredmedia":[{"embeddable":true,"href":"https:\/\/www.cinesouk.ma\/fr\/wp-json\/wp\/v2\/media\/2215"}],"wp:attachment":[{"href":"https:\/\/www.cinesouk.ma\/fr\/wp-json\/wp\/v2\/media?parent=2076"}],"wp:term":[{"taxonomy":"product_brand","embeddable":true,"href":"https:\/\/www.cinesouk.ma\/fr\/wp-json\/wp\/v2\/product_brand?post=2076"},{"taxonomy":"product_cat","embeddable":true,"href":"https:\/\/www.cinesouk.ma\/fr\/wp-json\/wp\/v2\/product_cat?post=2076"},{"taxonomy":"product_tag","embeddable":true,"href":"https:\/\/www.cinesouk.ma\/fr\/wp-json\/wp\/v2\/product_tag?post=2076"}],"curies":[{"name":"wp","href":"https:\/\/api.w.org\/{rel}","templated":true}]}}