{"id":21,"date":"2024-03-09T07:10:37","date_gmt":"2024-03-09T07:10:37","guid":{"rendered":"https:\/\/www.cinesouk.ma\/?post_type=product&#038;p=21"},"modified":"2025-08-26T14:48:36","modified_gmt":"2025-08-26T14:48:36","slug":"litepanel-soft-gemini-1x1","status":"publish","type":"product","link":"https:\/\/www.cinesouk.ma\/fr\/produit\/litepanel-soft-gemini-1x1\/","title":{"rendered":"Litepanels Soft Gemini 1\u00d71"},"content":{"rendered":"<p>Le panneau LED Litepanel Gemini 1\u00d71 Soft offre une pr\u00e9cision et un contr\u00f4le des couleurs exceptionnels. Ce panneau LED garantit que vos sc\u00e8nes sont baign\u00e9es d'une lumi\u00e8re \u00e9tonnante et r\u00e9aliste. Il est connu pour son adaptabilit\u00e9, offrant une large gamme d'options de temp\u00e9rature de couleur et d'effets d'\u00e9clairage personnalisables. Avec son design l\u00e9ger et compact, le Litepanel Gemini 1\u00d71 Soft LED Panel est facile \u00e0 transporter et \u00e0 installer, ce qui vous permet de vous concentrer sur votre processus cr\u00e9atif sans compromis. Il dispose d'une alimentation int\u00e9gr\u00e9e de 100 \u00e0 240 VAC, mais il peut \u00e9galement fonctionner sur piles en cas d'absence de courant, ce qui en fait un outil d'\u00e9clairage polyvalent et efficace.<\/p>\n<h4>Sp\u00e9cifications du Litepanel Gemini 1\u00d71 :<\/h4>\n<ul>\n<li>Tension d'entr\u00e9e : 100-240V AC, 50\/60 Hz 28V DC<\/li>\n<li>Consommation \u00e9lectrique : 200W nominal<\/li>\n<li>Temp\u00e9rature de couleur : 2700-6000K<\/li>\n<li>CRI\/TLCI :\n<ul>\n<li>Lumi\u00e8re du jour : 97<\/li>\n<li>Tungst\u00e8ne : 99<\/li>\n<\/ul>\n<\/li>\n<li>Angle du faisceau et du champ : 93\u00b0 \/ 157\u00b0<\/li>\n<li>Contr\u00f4leDMX int\u00e9gr\u00e9, DMX sans fil en option, Bluetooth, SmartLite App<\/li>\n<li>Contr\u00f4le des couleurs : Temp\u00e9rature Kelvin, plus\/moins de vert, teinte, saturation, intensit\u00e9, pr\u00e9r\u00e9glages de gel<\/li>\n<li>Gamme de gradation : 100-0%<\/li>\n<li>Refroidissement : Ventilateur<\/li>\n<li>C\u00e2ble d'alimentation : 9,8\u2032 (3,0 m), c\u00e2ble powerCON US<\/li>\n<li>Le montage :\n<ul>\n<li>Goupille 1-1\/8\u2033 (28mm)<\/li>\n<li>\u00c9trier standard<\/li>\n<\/ul>\n<\/li>\n<li>Dimensions : 320 x 320 x 119 mm : 320 x 320 x 119 mm<\/li>\n<li>Poids : 5,31 kg<\/li>\n<\/ul>\n<p>Louez-le maintenant sur <a href=\"https:\/\/www.cinesouk.ma\/fr\">CINESOUK<\/a> - une marque de <a href=\"https:\/\/www.broadway.ma\/\">BROADWAY PRODUCTIONS SARL.\u00a0<\/a><\/p>\n<p>&nbsp;<\/p>","protected":false},"excerpt":{"rendered":"<p>Sp\u00e9cifications<\/p>\n<p><strong>Angle du faisceau\u00b0 :<\/strong> 95\u00b0<br \/>\n<strong>Angle de champ :<\/strong> 157\u00b0<br \/>\n<strong>Lux \u00e0 3m :<\/strong> 614 (lumi\u00e8re du jour), 557 (tungst\u00e8ne)<br \/>\n<strong>Plage de temp\u00e9rature de couleur : <\/strong>2700-10000K<br \/>\n<strong>Pr\u00e9cision exceptionnelle des couleurs : IRC : <\/strong>97, TLCI : 94<br \/>\n<strong>A distance : <\/strong>Options de t\u00e9l\u00e9commande DMX filaire et Bluetooth<br \/>\n<strong>Multi-tension : <\/strong>100-240VAC ; entr\u00e9e DCI 13-28VDC<br \/>\n<strong>Poids : <\/strong>5,3 kg<\/p>","protected":false},"featured_media":51,"template":"","meta":{"om_disable_all_campaigns":false,"_monsterinsights_skip_tracking":false,"_monsterinsights_sitenote_active":false,"_monsterinsights_sitenote_note":"","_monsterinsights_sitenote_category":0,"_uf_show_specific_survey":0,"_uf_disable_surveys":false},"product_brand":[],"product_cat":[83,20,53,103,102],"product_tag":[],"class_list":{"0":"post-21","1":"product","2":"type-product","3":"status-publish","4":"has-post-thumbnail","6":"product_cat-efp-eng-cinesouk","7":"product_cat-light-cinesouk","8":"product_cat-popular-cinesouk","9":"product_cat-uplights-eventsouk","10":"product_cat-washed-and-heads-eventsouk","12":"entry","13":"has-media","15":"first","16":"instock","17":"taxable","18":"shipping-taxable","19":"purchasable","20":"product-type-variable","21":"has-product-nav","22":"col","23":"span_1_of_3","24":"owp-content-center","25":"owp-thumbs-layout-horizontal","26":"owp-btn-normal","27":"owp-tabs-layout-horizontal","28":"has-no-thumbnails"},"yoast_head":"<!-- This site is optimized with the Yoast SEO Premium plugin v26.0 (Yoast SEO v26.0) - https:\/\/yoast.com\/wordpress\/plugins\/seo\/ -->\n<title>Litepanels Soft Gemini 1x1 - Lighting Equipment - CineSouk - For rent<\/title>\n<meta name=\"description\" content=\"The Litepanel Gemini 1x1 Soft LED Panel EU is an LED soft panel known for its stability, rugged construction and its flexibility and control. - CineSouk\" \/>\n<meta name=\"robots\" content=\"index, follow, max-snippet:-1, max-image-preview:large, max-video-preview:-1\" \/>\n<link rel=\"canonical\" href=\"https:\/\/www.cinesouk.ma\/fr\/produit\/litepanel-soft-gemini-1x1\/\" \/>\n<meta property=\"og:locale\" content=\"fr_FR\" \/>\n<meta property=\"og:type\" content=\"article\" \/>\n<meta property=\"og:title\" content=\"Litepanels Soft Gemini 1x1 - CineSouk\" \/>\n<meta property=\"og:description\" content=\"The powerful Gemini 1x1 Soft produces over 700 lux of outstanding light at 3m, allowing you to shape and diffuse light to meet your vision.\" \/>\n<meta property=\"og:url\" content=\"https:\/\/www.cinesouk.ma\/fr\/produit\/litepanel-soft-gemini-1x1\/\" \/>\n<meta property=\"og:site_name\" content=\"CineSouk\" \/>\n<meta property=\"article:modified_time\" content=\"2025-08-26T14:48:36+00:00\" \/>\n<meta property=\"og:image\" content=\"https:\/\/www.cinesouk.ma\/wp-content\/uploads\/2024\/01\/Litepanels-Gemini-1x1-1.jpg\" \/>\n\t<meta property=\"og:image:width\" content=\"300\" \/>\n\t<meta property=\"og:image:height\" content=\"238\" \/>\n\t<meta property=\"og:image:type\" content=\"image\/jpeg\" \/>\n<meta name=\"twitter:card\" content=\"summary_large_image\" \/>\n<meta name=\"twitter:title\" content=\"Litepanels Soft Gemini 1x1 - CineSouk\" \/>\n<meta name=\"twitter:description\" content=\"The powerful Gemini 1x1 Soft produces over 700 lux of outstanding light at 3m, allowing you to shape and diffuse light to meet your vision.\" \/>\n<meta name=\"twitter:label1\" content=\"Dur\u00e9e de lecture estim\u00e9e\" \/>\n\t<meta name=\"twitter:data1\" content=\"2 minutes\" \/>\n<script type=\"application\/ld+json\" class=\"yoast-schema-graph\">{\"@context\":\"https:\/\/schema.org\",\"@graph\":[{\"@type\":\"WebPage\",\"@id\":\"https:\/\/www.cinesouk.ma\/product\/litepanel-soft-gemini-1x1\/\",\"url\":\"https:\/\/www.cinesouk.ma\/product\/litepanel-soft-gemini-1x1\/\",\"name\":\"Litepanels Soft Gemini 1x1 - Lighting Equipment - CineSouk - For rent\",\"isPartOf\":{\"@id\":\"https:\/\/www.cinesouk.ma\/#website\"},\"primaryImageOfPage\":{\"@id\":\"https:\/\/www.cinesouk.ma\/product\/litepanel-soft-gemini-1x1\/#primaryimage\"},\"image\":{\"@id\":\"https:\/\/www.cinesouk.ma\/product\/litepanel-soft-gemini-1x1\/#primaryimage\"},\"thumbnailUrl\":\"https:\/\/www.cinesouk.ma\/wp-content\/uploads\/2024\/01\/Litepanels-Gemini-1x1-1.jpg\",\"datePublished\":\"2024-03-09T07:10:37+00:00\",\"dateModified\":\"2025-08-26T14:48:36+00:00\",\"description\":\"The Litepanel Gemini 1x1 Soft LED Panel EU is an LED soft panel known for its stability, rugged construction and its flexibility and control. - CineSouk\",\"breadcrumb\":{\"@id\":\"https:\/\/www.cinesouk.ma\/product\/litepanel-soft-gemini-1x1\/#breadcrumb\"},\"inLanguage\":\"fr-FR\",\"potentialAction\":[{\"@type\":\"ReadAction\",\"target\":[\"https:\/\/www.cinesouk.ma\/product\/litepanel-soft-gemini-1x1\/\"]}]},{\"@type\":\"ImageObject\",\"inLanguage\":\"fr-FR\",\"@id\":\"https:\/\/www.cinesouk.ma\/product\/litepanel-soft-gemini-1x1\/#primaryimage\",\"url\":\"https:\/\/www.cinesouk.ma\/wp-content\/uploads\/2024\/01\/Litepanels-Gemini-1x1-1.jpg\",\"contentUrl\":\"https:\/\/www.cinesouk.ma\/wp-content\/uploads\/2024\/01\/Litepanels-Gemini-1x1-1.jpg\",\"width\":300,\"height\":238,\"caption\":\"Lighting equipment rental - Litepanels Gemini 1x1\"},{\"@type\":\"BreadcrumbList\",\"@id\":\"https:\/\/www.cinesouk.ma\/product\/litepanel-soft-gemini-1x1\/#breadcrumb\",\"itemListElement\":[{\"@type\":\"ListItem\",\"position\":1,\"name\":\"Home\",\"item\":\"https:\/\/www.cinesouk.ma\/\"},{\"@type\":\"ListItem\",\"position\":2,\"name\":\"Shop\",\"item\":\"https:\/\/www.cinesouk.ma\/shop\/\"},{\"@type\":\"ListItem\",\"position\":3,\"name\":\"Litepanels Soft Gemini 1&#215;1\"}]},{\"@type\":\"WebSite\",\"@id\":\"https:\/\/www.cinesouk.ma\/#website\",\"url\":\"https:\/\/www.cinesouk.ma\/\",\"name\":\"CineSouk\",\"description\":\"\",\"publisher\":{\"@id\":\"https:\/\/www.cinesouk.ma\/#organization\"},\"potentialAction\":[{\"@type\":\"SearchAction\",\"target\":{\"@type\":\"EntryPoint\",\"urlTemplate\":\"https:\/\/www.cinesouk.ma\/?s={search_term_string}\"},\"query-input\":{\"@type\":\"PropertyValueSpecification\",\"valueRequired\":true,\"valueName\":\"search_term_string\"}}],\"inLanguage\":\"fr-FR\"},{\"@type\":\"Organization\",\"@id\":\"https:\/\/www.cinesouk.ma\/#organization\",\"name\":\"CineSouk\",\"url\":\"https:\/\/www.cinesouk.ma\/\",\"logo\":{\"@type\":\"ImageObject\",\"inLanguage\":\"fr-FR\",\"@id\":\"https:\/\/www.cinesouk.ma\/#\/schema\/logo\/image\/\",\"url\":\"https:\/\/www.cinesouk.ma\/wp-content\/uploads\/2024\/01\/CineSouk-logo-v01-alpha-alligned-left.png\",\"contentUrl\":\"https:\/\/www.cinesouk.ma\/wp-content\/uploads\/2024\/01\/CineSouk-logo-v01-alpha-alligned-left.png\",\"width\":3204,\"height\":889,\"caption\":\"CineSouk\"},\"image\":{\"@id\":\"https:\/\/www.cinesouk.ma\/#\/schema\/logo\/image\/\"}}]}<\/script>\n<!-- \/ Yoast SEO Premium plugin. -->","yoast_head_json":{"title":"Litepanels Soft Gemini 1x1 - Lighting Equipment - CineSouk - For rent","description":"The Litepanel Gemini 1x1 Soft LED Panel EU is an LED soft panel known for its stability, rugged construction and its flexibility and control. - CineSouk","robots":{"index":"index","follow":"follow","max-snippet":"max-snippet:-1","max-image-preview":"max-image-preview:large","max-video-preview":"max-video-preview:-1"},"canonical":"https:\/\/www.cinesouk.ma\/fr\/produit\/litepanel-soft-gemini-1x1\/","og_locale":"fr_FR","og_type":"article","og_title":"Litepanels Soft Gemini 1x1 - CineSouk","og_description":"The powerful Gemini 1x1 Soft produces over 700 lux of outstanding light at 3m, allowing you to shape and diffuse light to meet your vision.","og_url":"https:\/\/www.cinesouk.ma\/fr\/produit\/litepanel-soft-gemini-1x1\/","og_site_name":"CineSouk","article_modified_time":"2025-08-26T14:48:36+00:00","og_image":[{"width":300,"height":238,"url":"https:\/\/www.cinesouk.ma\/wp-content\/uploads\/2024\/01\/Litepanels-Gemini-1x1-1.jpg","type":"image\/jpeg"}],"twitter_card":"summary_large_image","twitter_title":"Litepanels Soft Gemini 1x1 - CineSouk","twitter_description":"The powerful Gemini 1x1 Soft produces over 700 lux of outstanding light at 3m, allowing you to shape and diffuse light to meet your vision.","twitter_misc":{"Dur\u00e9e de lecture estim\u00e9e":"2 minutes"},"schema":{"@context":"https:\/\/schema.org","@graph":[{"@type":"WebPage","@id":"https:\/\/www.cinesouk.ma\/product\/litepanel-soft-gemini-1x1\/","url":"https:\/\/www.cinesouk.ma\/product\/litepanel-soft-gemini-1x1\/","name":"Litepanels Soft Gemini 1x1 - Lighting Equipment - CineSouk - For rent","isPartOf":{"@id":"https:\/\/www.cinesouk.ma\/#website"},"primaryImageOfPage":{"@id":"https:\/\/www.cinesouk.ma\/product\/litepanel-soft-gemini-1x1\/#primaryimage"},"image":{"@id":"https:\/\/www.cinesouk.ma\/product\/litepanel-soft-gemini-1x1\/#primaryimage"},"thumbnailUrl":"https:\/\/www.cinesouk.ma\/wp-content\/uploads\/2024\/01\/Litepanels-Gemini-1x1-1.jpg","datePublished":"2024-03-09T07:10:37+00:00","dateModified":"2025-08-26T14:48:36+00:00","description":"The Litepanel Gemini 1x1 Soft LED Panel EU is an LED soft panel known for its stability, rugged construction and its flexibility and control. - CineSouk","breadcrumb":{"@id":"https:\/\/www.cinesouk.ma\/product\/litepanel-soft-gemini-1x1\/#breadcrumb"},"inLanguage":"fr-FR","potentialAction":[{"@type":"ReadAction","target":["https:\/\/www.cinesouk.ma\/product\/litepanel-soft-gemini-1x1\/"]}]},{"@type":"ImageObject","inLanguage":"fr-FR","@id":"https:\/\/www.cinesouk.ma\/product\/litepanel-soft-gemini-1x1\/#primaryimage","url":"https:\/\/www.cinesouk.ma\/wp-content\/uploads\/2024\/01\/Litepanels-Gemini-1x1-1.jpg","contentUrl":"https:\/\/www.cinesouk.ma\/wp-content\/uploads\/2024\/01\/Litepanels-Gemini-1x1-1.jpg","width":300,"height":238,"caption":"Lighting equipment rental - Litepanels Gemini 1x1"},{"@type":"BreadcrumbList","@id":"https:\/\/www.cinesouk.ma\/product\/litepanel-soft-gemini-1x1\/#breadcrumb","itemListElement":[{"@type":"ListItem","position":1,"name":"Home","item":"https:\/\/www.cinesouk.ma\/"},{"@type":"ListItem","position":2,"name":"Shop","item":"https:\/\/www.cinesouk.ma\/shop\/"},{"@type":"ListItem","position":3,"name":"Litepanels Soft Gemini 1&#215;1"}]},{"@type":"WebSite","@id":"https:\/\/www.cinesouk.ma\/#website","url":"https:\/\/www.cinesouk.ma\/","name":"CineSouk","description":"","publisher":{"@id":"https:\/\/www.cinesouk.ma\/#organization"},"potentialAction":[{"@type":"SearchAction","target":{"@type":"EntryPoint","urlTemplate":"https:\/\/www.cinesouk.ma\/?s={search_term_string}"},"query-input":{"@type":"PropertyValueSpecification","valueRequired":true,"valueName":"search_term_string"}}],"inLanguage":"fr-FR"},{"@type":"Organization","@id":"https:\/\/www.cinesouk.ma\/#organization","name":"CineSouk","url":"https:\/\/www.cinesouk.ma\/","logo":{"@type":"ImageObject","inLanguage":"fr-FR","@id":"https:\/\/www.cinesouk.ma\/#\/schema\/logo\/image\/","url":"https:\/\/www.cinesouk.ma\/wp-content\/uploads\/2024\/01\/CineSouk-logo-v01-alpha-alligned-left.png","contentUrl":"https:\/\/www.cinesouk.ma\/wp-content\/uploads\/2024\/01\/CineSouk-logo-v01-alpha-alligned-left.png","width":3204,"height":889,"caption":"CineSouk"},"image":{"@id":"https:\/\/www.cinesouk.ma\/#\/schema\/logo\/image\/"}}]}},"_links":{"self":[{"href":"https:\/\/www.cinesouk.ma\/fr\/wp-json\/wp\/v2\/product\/21","targetHints":{"allow":["GET"]}}],"collection":[{"href":"https:\/\/www.cinesouk.ma\/fr\/wp-json\/wp\/v2\/product"}],"about":[{"href":"https:\/\/www.cinesouk.ma\/fr\/wp-json\/wp\/v2\/types\/product"}],"wp:featuredmedia":[{"embeddable":true,"href":"https:\/\/www.cinesouk.ma\/fr\/wp-json\/wp\/v2\/media\/51"}],"wp:attachment":[{"href":"https:\/\/www.cinesouk.ma\/fr\/wp-json\/wp\/v2\/media?parent=21"}],"wp:term":[{"taxonomy":"product_brand","embeddable":true,"href":"https:\/\/www.cinesouk.ma\/fr\/wp-json\/wp\/v2\/product_brand?post=21"},{"taxonomy":"product_cat","embeddable":true,"href":"https:\/\/www.cinesouk.ma\/fr\/wp-json\/wp\/v2\/product_cat?post=21"},{"taxonomy":"product_tag","embeddable":true,"href":"https:\/\/www.cinesouk.ma\/fr\/wp-json\/wp\/v2\/product_tag?post=21"}],"curies":[{"name":"wp","href":"https:\/\/api.w.org\/{rel}","templated":true}]}}